{"id":41221,"date":"2021-09-26T13:48:14","date_gmt":"2021-09-26T11:48:14","guid":{"rendered":"https:\/\/marktxxl.de\/markt\/produkt\/brennenstuhl-garant-ip44-kabeltrommel-40m-kabel-in-orange-spezialkunststoff-einsatz-im-aussenbereich-made-in-germany\/"},"modified":"2023-04-10T01:44:10","modified_gmt":"2023-04-09T23:44:10","slug":"brennenstuhl-garant-ip44-kabeltrommel-40m-kabel-in-orange-spezialkunststoff-einsatz-im-aussenbereich-made-in-germany","status":"publish","type":"product","link":"https:\/\/marktxxl.de\/markt\/produkt\/brennenstuhl-garant-ip44-kabeltrommel-40m-kabel-in-orange-spezialkunststoff-einsatz-im-aussenbereich-made-in-germany\/","title":{"rendered":"Brennenstuhl Garant IP44 Kabeltrommel (40m Kabel in orange, Spezialkunststoff, Einsatz im Au\u00dfenbereich, Made in Germany)"},"content":{"rendered":"<p>Produkt 1: 40m Kabell\u00e4nge (AT-N07V3V3-F 3G1,5) mit Bremaxx Kabel -extrem stabil, einsetzbar bis -35 \u00b0C, \u00f6l- und UV-best\u00e4ndig und zudem extrem abriebfest<br \/>\nProdukt 1: Trommelk\u00f6rper aus Spezialkunststoff auf verzinktem Tragegestell; Made in Germany<br \/>\nProdukt 1: 3 Schutzkontakt-Steckdosen, spritzwassergesch\u00fctzt, mit selbstschlie\u00dfenden Deckeln; \u00dcberhitzungsschutz, Kontroll-Leuchte bei \u00dcberhitzung und \u00dcberlastung<br \/>\nProdukt 1: Herstellergarantie: 3 Jahre bei Verkauf und Versand durch Amazon. Bei Verkauf und Versand durch einen Drittanbieter gelten die Angaben des jeweiligen Verk\u00e4ufers<br \/>\nProdukt 2: F\u00fcr mehr Sicherheit bei Kabelsteckverbindungen, auch im Freien, IP 44.<br \/>\nProdukt 2: Extra gro\u00dfe Safe-Box zur sicheren Verbindung von Stecker und Kupplung und zum Schutz vor N\u00e4sse.<br \/>\nProdukt 2: Ideal auch f\u00fcr besonders gro\u00dfe Steckverbindungen und gro\u00dfvolumige Exportversionen.<br \/>\nProdukt 2: Bestens geeignet f\u00fcr den Einsatz z.B. beim Camping, im Garten beim Rasenm\u00e4hen, f\u00fcr die Fest- oder Weihnachtsbeleuchtung oder bei Arbeiten mit elektrischen Ger\u00e4ten im Au\u00dfenbereich.<br \/>\n<div class=\"main-cross-sell\" data-asin=\"B08377HGW9\">\n\n\t<div class=\"WooZone-cross-sell-loader\">\n\t\t<div>\n\t\t\t<div id=\"floatingBarsG\">\n\t\t\t\t<div class=\"blockG\" id=\"rotateG_01\"><\/div>\n\t\t\t\t<div class=\"blockG\" id=\"rotateG_02\"><\/div>\n\t\t\t\t<div class=\"blockG\" id=\"rotateG_03\"><\/div>\n\t\t\t\t<div class=\"blockG\" id=\"rotateG_04\"><\/div>\n\t\t\t\t<div class=\"blockG\" id=\"rotateG_05\"><\/div>\n\t\t\t\t<div class=\"blockG\" id=\"rotateG_06\"><\/div>\n\t\t\t\t<div class=\"blockG\" id=\"rotateG_07\"><\/div>\n\t\t\t\t<div class=\"blockG\" id=\"rotateG_08\"><\/div>\n\t\t\t<\/div>\n\t\t\t<div class=\"WooZone-cross-sell-loader-text\"><\/div>\n\t\t<\/div>\n\t<\/div>\n\n\t\t\n<\/div>\n<div style=\"clear:both;\"><\/div><\/p>\n","protected":false},"excerpt":{"rendered":"<p>Produkt 1: 40m Kabell\u00e4nge (AT-N07V3V3-F 3G1,5) mit Bremaxx Kabel -extrem stabil, einsetzbar bis -35 \u00b0C, \u00f6l- und UV-best\u00e4ndig und zudem extrem abriebfest<br \/>\nProdukt 1: Trommelk\u00f6rper aus Spezialkunststoff auf verzinktem Tragegestell; Made in Germany<br \/>\nProdukt 1: 3 Schutzkontakt-Steckdosen, spritzwassergesch\u00fctzt, mit selbstschlie\u00dfenden Deckeln; \u00dcberhitzungsschutz, Kontroll-Leuchte bei \u00dcberhitzung und \u00dcberlastung<\/p>\n","protected":false},"featured_media":41226,"comment_status":"open","ping_status":"closed","template":"","meta":[],"product_brand":[],"product_cat":[504,8284],"product_tag":[],"class_list":{"0":"post-41221","1":"product","2":"type-product","3":"status-publish","4":"has-post-thumbnail","6":"product_cat-buerobedarf-schreibwaren","7":"product_cat-bueromaterial","8":"pa_binding-werkzeug","9":"pa_stil-bundle-mit-kabeltrommel","10":"pa_stil-bundle-mit-schutzkapsel","11":"pa_stil-bundle-mit-verlaengerungskabel","12":"pa_stilbezeichnung-single","14":"first","15":"instock","16":"shipping-taxable","17":"purchasable","18":"product-type-variable","19":"customify-col","20":"product-has-gallery"},"yoast_head":"<!-- This site is optimized with the Yoast SEO plugin v27.4 - https:\/\/yoast.com\/product\/yoast-seo-wordpress\/ -->\n<title>Brennenstuhl Garant IP44 Kabeltrommel (40m Kabel in orange, Spezialkunststoff, Einsatz im Au\u00dfenbereich, Made in Germany) - Markt-XXL<\/title>\n<meta name=\"description\" content=\"Markt-XXL Brennenstuhl Garant IP44 Kabeltrommel (40m Kabel in orange, Spezialkunststoff, Einsatz im Au\u00dfenbereich, Made in Germany)\" \/>\n<meta name=\"robots\" content=\"index, follow, max-snippet:-1, max-image-preview:large, max-video-preview:-1\" \/>\n<link rel=\"canonical\" href=\"https:\/\/marktxxl.de\/markt\/produkt\/brennenstuhl-garant-ip44-kabeltrommel-40m-kabel-in-orange-spezialkunststoff-einsatz-im-aussenbereich-made-in-germany\/\" \/>\n<meta property=\"og:locale\" content=\"de_DE\" \/>\n<meta property=\"og:type\" content=\"article\" \/>\n<meta property=\"og:title\" content=\"Brennenstuhl Garant IP44 Kabeltrommel (40m Kabel in orange, Spezialkunststoff, Einsatz im Au\u00dfenbereich, Made in Germany) - Markt-XXL\" \/>\n<meta property=\"og:description\" content=\"Markt-XXL Brennenstuhl Garant IP44 Kabeltrommel (40m Kabel in orange, Spezialkunststoff, Einsatz im Au\u00dfenbereich, Made in Germany)\" \/>\n<meta property=\"og:url\" content=\"https:\/\/marktxxl.de\/markt\/produkt\/brennenstuhl-garant-ip44-kabeltrommel-40m-kabel-in-orange-spezialkunststoff-einsatz-im-aussenbereich-made-in-germany\/\" \/>\n<meta property=\"og:site_name\" content=\"Markt-XXL\" \/>\n<meta property=\"article:modified_time\" content=\"2023-04-09T23:44:10+00:00\" \/>\n<meta property=\"og:image\" content=\"https:\/\/m.media-amazon.com\/images\/I\/51jCqyCZjPL._SL500_.jpg\" \/>\n\t<meta property=\"og:image:width\" content=\"500\" \/>\n\t<meta property=\"og:image:height\" content=\"500\" \/>\n\t<meta property=\"og:image:type\" content=\"image\/jpeg\" \/>\n<meta name=\"twitter:card\" content=\"summary_large_image\" \/>\n<meta name=\"twitter:label1\" content=\"Gesch\u00e4tzte Lesezeit\" \/>\n\t<meta name=\"twitter:data1\" content=\"1\u00a0Minute\" \/>\n<script type=\"application\/ld+json\" class=\"yoast-schema-graph\">{\"@context\":\"https:\\\/\\\/schema.org\",\"@graph\":[{\"@type\":\"WebPage\",\"@id\":\"https:\\\/\\\/marktxxl.de\\\/markt\\\/produkt\\\/brennenstuhl-garant-ip44-kabeltrommel-40m-kabel-in-orange-spezialkunststoff-einsatz-im-aussenbereich-made-in-germany\\\/\",\"url\":\"https:\\\/\\\/marktxxl.de\\\/markt\\\/produkt\\\/brennenstuhl-garant-ip44-kabeltrommel-40m-kabel-in-orange-spezialkunststoff-einsatz-im-aussenbereich-made-in-germany\\\/\",\"name\":\"Brennenstuhl Garant IP44 Kabeltrommel (40m Kabel in orange, Spezialkunststoff, Einsatz im Au\u00dfenbereich, Made in Germany) - Markt-XXL\",\"isPartOf\":{\"@id\":\"https:\\\/\\\/marktxxl.de\\\/markt\\\/#website\"},\"primaryImageOfPage\":{\"@id\":\"https:\\\/\\\/marktxxl.de\\\/markt\\\/produkt\\\/brennenstuhl-garant-ip44-kabeltrommel-40m-kabel-in-orange-spezialkunststoff-einsatz-im-aussenbereich-made-in-germany\\\/#primaryimage\"},\"image\":{\"@id\":\"https:\\\/\\\/marktxxl.de\\\/markt\\\/produkt\\\/brennenstuhl-garant-ip44-kabeltrommel-40m-kabel-in-orange-spezialkunststoff-einsatz-im-aussenbereich-made-in-germany\\\/#primaryimage\"},\"thumbnailUrl\":\"https:\\\/\\\/m.media-amazon.com\\\/images\\\/I\\\/51jCqyCZjPL._SL500_.jpg\",\"datePublished\":\"2021-09-26T11:48:14+00:00\",\"dateModified\":\"2023-04-09T23:44:10+00:00\",\"description\":\"Markt-XXL Brennenstuhl Garant IP44 Kabeltrommel (40m Kabel in orange, Spezialkunststoff, Einsatz im Au\u00dfenbereich, Made in Germany)\",\"breadcrumb\":{\"@id\":\"https:\\\/\\\/marktxxl.de\\\/markt\\\/produkt\\\/brennenstuhl-garant-ip44-kabeltrommel-40m-kabel-in-orange-spezialkunststoff-einsatz-im-aussenbereich-made-in-germany\\\/#breadcrumb\"},\"inLanguage\":\"de\",\"potentialAction\":[{\"@type\":\"ReadAction\",\"target\":[\"https:\\\/\\\/marktxxl.de\\\/markt\\\/produkt\\\/brennenstuhl-garant-ip44-kabeltrommel-40m-kabel-in-orange-spezialkunststoff-einsatz-im-aussenbereich-made-in-germany\\\/\"]}]},{\"@type\":\"ImageObject\",\"inLanguage\":\"de\",\"@id\":\"https:\\\/\\\/marktxxl.de\\\/markt\\\/produkt\\\/brennenstuhl-garant-ip44-kabeltrommel-40m-kabel-in-orange-spezialkunststoff-einsatz-im-aussenbereich-made-in-germany\\\/#primaryimage\",\"url\":\"https:\\\/\\\/m.media-amazon.com\\\/images\\\/I\\\/51jCqyCZjPL._SL500_.jpg\",\"contentUrl\":\"https:\\\/\\\/m.media-amazon.com\\\/images\\\/I\\\/51jCqyCZjPL._SL500_.jpg\",\"width\":500,\"height\":500},{\"@type\":\"BreadcrumbList\",\"@id\":\"https:\\\/\\\/marktxxl.de\\\/markt\\\/produkt\\\/brennenstuhl-garant-ip44-kabeltrommel-40m-kabel-in-orange-spezialkunststoff-einsatz-im-aussenbereich-made-in-germany\\\/#breadcrumb\",\"itemListElement\":[{\"@type\":\"ListItem\",\"position\":1,\"name\":\"Startseite\",\"item\":\"https:\\\/\\\/marktxxl.de\\\/markt\\\/\"},{\"@type\":\"ListItem\",\"position\":2,\"name\":\"Markt\",\"item\":\"https:\\\/\\\/marktxxl.de\\\/markt\\\/\"},{\"@type\":\"ListItem\",\"position\":3,\"name\":\"Brennenstuhl Garant IP44 Kabeltrommel (40m Kabel in orange, Spezialkunststoff, Einsatz im Au\u00dfenbereich, Made in Germany)\"}]},{\"@type\":\"WebSite\",\"@id\":\"https:\\\/\\\/marktxxl.de\\\/markt\\\/#website\",\"url\":\"https:\\\/\\\/marktxxl.de\\\/markt\\\/\",\"name\":\"Markt-XXL\",\"description\":\"Ihr Markt Online\",\"publisher\":{\"@id\":\"https:\\\/\\\/marktxxl.de\\\/markt\\\/#organization\"},\"potentialAction\":[{\"@type\":\"SearchAction\",\"target\":{\"@type\":\"EntryPoint\",\"urlTemplate\":\"https:\\\/\\\/marktxxl.de\\\/markt\\\/?s={search_term_string}\"},\"query-input\":{\"@type\":\"PropertyValueSpecification\",\"valueRequired\":true,\"valueName\":\"search_term_string\"}}],\"inLanguage\":\"de\"},{\"@type\":\"Organization\",\"@id\":\"https:\\\/\\\/marktxxl.de\\\/markt\\\/#organization\",\"name\":\"Markt-XXL\",\"url\":\"https:\\\/\\\/marktxxl.de\\\/markt\\\/\",\"logo\":{\"@type\":\"ImageObject\",\"inLanguage\":\"de\",\"@id\":\"https:\\\/\\\/marktxxl.de\\\/markt\\\/#\\\/schema\\\/logo\\\/image\\\/\",\"url\":\"https:\\\/\\\/marktxxl.de\\\/markt\\\/wp-content\\\/uploads\\\/sites\\\/3\\\/2020\\\/12\\\/logo.png\",\"contentUrl\":\"https:\\\/\\\/marktxxl.de\\\/markt\\\/wp-content\\\/uploads\\\/sites\\\/3\\\/2020\\\/12\\\/logo.png\",\"width\":200,\"height\":70,\"caption\":\"Markt-XXL\"},\"image\":{\"@id\":\"https:\\\/\\\/marktxxl.de\\\/markt\\\/#\\\/schema\\\/logo\\\/image\\\/\"}}]}<\/script>\n<!-- \/ Yoast SEO plugin. -->","yoast_head_json":{"title":"Brennenstuhl Garant IP44 Kabeltrommel (40m Kabel in orange, Spezialkunststoff, Einsatz im Au\u00dfenbereich, Made in Germany) - Markt-XXL","description":"Markt-XXL Brennenstuhl Garant IP44 Kabeltrommel (40m Kabel in orange, Spezialkunststoff, Einsatz im Au\u00dfenbereich, Made in Germany)","robots":{"index":"index","follow":"follow","max-snippet":"max-snippet:-1","max-image-preview":"max-image-preview:large","max-video-preview":"max-video-preview:-1"},"canonical":"https:\/\/marktxxl.de\/markt\/produkt\/brennenstuhl-garant-ip44-kabeltrommel-40m-kabel-in-orange-spezialkunststoff-einsatz-im-aussenbereich-made-in-germany\/","og_locale":"de_DE","og_type":"article","og_title":"Brennenstuhl Garant IP44 Kabeltrommel (40m Kabel in orange, Spezialkunststoff, Einsatz im Au\u00dfenbereich, Made in Germany) - Markt-XXL","og_description":"Markt-XXL Brennenstuhl Garant IP44 Kabeltrommel (40m Kabel in orange, Spezialkunststoff, Einsatz im Au\u00dfenbereich, Made in Germany)","og_url":"https:\/\/marktxxl.de\/markt\/produkt\/brennenstuhl-garant-ip44-kabeltrommel-40m-kabel-in-orange-spezialkunststoff-einsatz-im-aussenbereich-made-in-germany\/","og_site_name":"Markt-XXL","article_modified_time":"2023-04-09T23:44:10+00:00","og_image":[{"width":500,"height":500,"url":"https:\/\/m.media-amazon.com\/images\/I\/51jCqyCZjPL._SL500_.jpg","type":"image\/jpeg"}],"twitter_card":"summary_large_image","twitter_misc":{"Gesch\u00e4tzte Lesezeit":"1\u00a0Minute"},"schema":{"@context":"https:\/\/schema.org","@graph":[{"@type":"WebPage","@id":"https:\/\/marktxxl.de\/markt\/produkt\/brennenstuhl-garant-ip44-kabeltrommel-40m-kabel-in-orange-spezialkunststoff-einsatz-im-aussenbereich-made-in-germany\/","url":"https:\/\/marktxxl.de\/markt\/produkt\/brennenstuhl-garant-ip44-kabeltrommel-40m-kabel-in-orange-spezialkunststoff-einsatz-im-aussenbereich-made-in-germany\/","name":"Brennenstuhl Garant IP44 Kabeltrommel (40m Kabel in orange, Spezialkunststoff, Einsatz im Au\u00dfenbereich, Made in Germany) - Markt-XXL","isPartOf":{"@id":"https:\/\/marktxxl.de\/markt\/#website"},"primaryImageOfPage":{"@id":"https:\/\/marktxxl.de\/markt\/produkt\/brennenstuhl-garant-ip44-kabeltrommel-40m-kabel-in-orange-spezialkunststoff-einsatz-im-aussenbereich-made-in-germany\/#primaryimage"},"image":{"@id":"https:\/\/marktxxl.de\/markt\/produkt\/brennenstuhl-garant-ip44-kabeltrommel-40m-kabel-in-orange-spezialkunststoff-einsatz-im-aussenbereich-made-in-germany\/#primaryimage"},"thumbnailUrl":"https:\/\/m.media-amazon.com\/images\/I\/51jCqyCZjPL._SL500_.jpg","datePublished":"2021-09-26T11:48:14+00:00","dateModified":"2023-04-09T23:44:10+00:00","description":"Markt-XXL Brennenstuhl Garant IP44 Kabeltrommel (40m Kabel in orange, Spezialkunststoff, Einsatz im Au\u00dfenbereich, Made in Germany)","breadcrumb":{"@id":"https:\/\/marktxxl.de\/markt\/produkt\/brennenstuhl-garant-ip44-kabeltrommel-40m-kabel-in-orange-spezialkunststoff-einsatz-im-aussenbereich-made-in-germany\/#breadcrumb"},"inLanguage":"de","potentialAction":[{"@type":"ReadAction","target":["https:\/\/marktxxl.de\/markt\/produkt\/brennenstuhl-garant-ip44-kabeltrommel-40m-kabel-in-orange-spezialkunststoff-einsatz-im-aussenbereich-made-in-germany\/"]}]},{"@type":"ImageObject","inLanguage":"de","@id":"https:\/\/marktxxl.de\/markt\/produkt\/brennenstuhl-garant-ip44-kabeltrommel-40m-kabel-in-orange-spezialkunststoff-einsatz-im-aussenbereich-made-in-germany\/#primaryimage","url":"https:\/\/m.media-amazon.com\/images\/I\/51jCqyCZjPL._SL500_.jpg","contentUrl":"https:\/\/m.media-amazon.com\/images\/I\/51jCqyCZjPL._SL500_.jpg","width":500,"height":500},{"@type":"BreadcrumbList","@id":"https:\/\/marktxxl.de\/markt\/produkt\/brennenstuhl-garant-ip44-kabeltrommel-40m-kabel-in-orange-spezialkunststoff-einsatz-im-aussenbereich-made-in-germany\/#breadcrumb","itemListElement":[{"@type":"ListItem","position":1,"name":"Startseite","item":"https:\/\/marktxxl.de\/markt\/"},{"@type":"ListItem","position":2,"name":"Markt","item":"https:\/\/marktxxl.de\/markt\/"},{"@type":"ListItem","position":3,"name":"Brennenstuhl Garant IP44 Kabeltrommel (40m Kabel in orange, Spezialkunststoff, Einsatz im Au\u00dfenbereich, Made in Germany)"}]},{"@type":"WebSite","@id":"https:\/\/marktxxl.de\/markt\/#website","url":"https:\/\/marktxxl.de\/markt\/","name":"Markt-XXL","description":"Ihr Markt Online","publisher":{"@id":"https:\/\/marktxxl.de\/markt\/#organization"},"potentialAction":[{"@type":"SearchAction","target":{"@type":"EntryPoint","urlTemplate":"https:\/\/marktxxl.de\/markt\/?s={search_term_string}"},"query-input":{"@type":"PropertyValueSpecification","valueRequired":true,"valueName":"search_term_string"}}],"inLanguage":"de"},{"@type":"Organization","@id":"https:\/\/marktxxl.de\/markt\/#organization","name":"Markt-XXL","url":"https:\/\/marktxxl.de\/markt\/","logo":{"@type":"ImageObject","inLanguage":"de","@id":"https:\/\/marktxxl.de\/markt\/#\/schema\/logo\/image\/","url":"https:\/\/marktxxl.de\/markt\/wp-content\/uploads\/sites\/3\/2020\/12\/logo.png","contentUrl":"https:\/\/marktxxl.de\/markt\/wp-content\/uploads\/sites\/3\/2020\/12\/logo.png","width":200,"height":70,"caption":"Markt-XXL"},"image":{"@id":"https:\/\/marktxxl.de\/markt\/#\/schema\/logo\/image\/"}}]}},"_links":{"self":[{"href":"https:\/\/marktxxl.de\/markt\/wp-json\/wp\/v2\/product\/41221","targetHints":{"allow":["GET"]}}],"collection":[{"href":"https:\/\/marktxxl.de\/markt\/wp-json\/wp\/v2\/product"}],"about":[{"href":"https:\/\/marktxxl.de\/markt\/wp-json\/wp\/v2\/types\/product"}],"replies":[{"embeddable":true,"href":"https:\/\/marktxxl.de\/markt\/wp-json\/wp\/v2\/comments?post=41221"}],"wp:featuredmedia":[{"embeddable":true,"href":"https:\/\/marktxxl.de\/markt\/wp-json\/wp\/v2\/media\/41226"}],"wp:attachment":[{"href":"https:\/\/marktxxl.de\/markt\/wp-json\/wp\/v2\/media?parent=41221"}],"wp:term":[{"taxonomy":"product_brand","embeddable":true,"href":"https:\/\/marktxxl.de\/markt\/wp-json\/wp\/v2\/product_brand?post=41221"},{"taxonomy":"product_cat","embeddable":true,"href":"https:\/\/marktxxl.de\/markt\/wp-json\/wp\/v2\/product_cat?post=41221"},{"taxonomy":"product_tag","embeddable":true,"href":"https:\/\/marktxxl.de\/markt\/wp-json\/wp\/v2\/product_tag?post=41221"}],"curies":[{"name":"wp","href":"https:\/\/api.w.org\/{rel}","templated":true}]}}