{"id":41005,"date":"2021-09-26T13:45:59","date_gmt":"2021-09-26T11:45:59","guid":{"rendered":"https:\/\/marktxxl.de\/markt\/produkt\/b5-dotted-journal-von-scribbles-that-matter-bullet-dot-grid-notizbuch-kein-blutendes-dickes-160gsm-fuellfederhalter-freundliches-papier-hardcover-lavendel\/"},"modified":"2023-04-10T01:43:20","modified_gmt":"2023-04-09T23:43:20","slug":"b5-dotted-journal-von-scribbles-that-matter-bullet-dot-grid-notizbuch-kein-blutendes-dickes-160gsm-fuellfederhalter-freundliches-papier-hardcover-lavendel","status":"publish","type":"product","link":"https:\/\/marktxxl.de\/markt\/produkt\/b5-dotted-journal-von-scribbles-that-matter-bullet-dot-grid-notizbuch-kein-blutendes-dickes-160gsm-fuellfederhalter-freundliches-papier-hardcover-lavendel\/","title":{"rendered":"Scribbles That Matter Bullet journal buch | Notizbuch B5 Dotted | Notizbuch gepunktet, notizbuch punktiert | Notebook\u2026"},"content":{"rendered":"<p>? RUINIEREN SIE IHRE HARTARBEIT NICHT: Stifte und Markierungen gleiten \u00fcber das ultra-glatte, tintenfeste, 160 g \/ m\u00b2 s\u00e4urefreie Papier. Keine Blutungen, Geisterbilder und Federn f\u00fcr wundersch\u00f6n saubere doppelseitige \u00dcberlegungen. Unsere Zeitschriften haben eine Pen Test-Seite, damit Sie nicht all Ihre harte Arbeit ruinieren<br \/>\n\u2712\ufe0f BEGINNEN SIE, RICHTIG ZU ORGANISIEREN: Bullet-Journaling sollte Spa\u00df machen. Deshalb haben wir unser Journal zu einer \u00fcberw\u00e4ltigungsfreien Zone gemacht. Enth\u00e4lt wichtige Codepage, Indexseiten, gepunktete nummerierte Seiten und 2 farbcodierte Lesezeichen f\u00fcr eine optimale Organisation und stressfreie Einrichtung<br \/>\n? WONT FALL APART: Der seidige und dennoch robuste Bezug aus Kunstleder sch\u00fctzt Ihre Pl\u00e4ne und Ideen f\u00fcr die kommenden Jahre. Starke Bindung bedeutet, dass sich selbst eingefleischte Journalisten keine Sorgen machen m\u00fcssen, dass Seiten aus dem eifrigen Schreiben herausfallen. Flaches Design f\u00fcr fl\u00fcssigeres Schreiben<br \/>\n\u2615 Planen Sie Ihr Leben, wo immer Sie sind: Journaling ist kein Hobby, sondern ein Lebensstil. Dieses A5-Tagebuch ist perfekt f\u00fcr die Mobilit\u00e4t und am besten f\u00fcr Reisen geeignet, sodass Sie es jederzeit bei sich haben k\u00f6nnen. Stifthalter bedeutet, dass Sie nicht mehr in Ihrer Tasche st\u00f6bern m\u00fcssen, wenn Inspiration aufkommt<br \/>\n? Treten Sie der Gemeinschaft bei: Sie kaufen nicht nur ein s\u00fc\u00dfes Scribbles That Matters Journal-Notizbuch, sondern treten einer Community bei. Scribbler sind gleichgesinnte Journal-Junkies, die gerne Tipps teilen und andere inspirieren, um etwas Erstaunliches zu schaffen!<br \/>\n<div class=\"main-cross-sell\" data-asin=\"B0868TLS1H\">\n\n\t<div class=\"WooZone-cross-sell-loader\">\n\t\t<div>\n\t\t\t<div id=\"floatingBarsG\">\n\t\t\t\t<div class=\"blockG\" id=\"rotateG_01\"><\/div>\n\t\t\t\t<div class=\"blockG\" id=\"rotateG_02\"><\/div>\n\t\t\t\t<div class=\"blockG\" id=\"rotateG_03\"><\/div>\n\t\t\t\t<div class=\"blockG\" id=\"rotateG_04\"><\/div>\n\t\t\t\t<div class=\"blockG\" id=\"rotateG_05\"><\/div>\n\t\t\t\t<div class=\"blockG\" id=\"rotateG_06\"><\/div>\n\t\t\t\t<div class=\"blockG\" id=\"rotateG_07\"><\/div>\n\t\t\t\t<div class=\"blockG\" id=\"rotateG_08\"><\/div>\n\t\t\t<\/div>\n\t\t\t<div class=\"WooZone-cross-sell-loader-text\"><\/div>\n\t\t<\/div>\n\t<\/div>\n\n\t\t\n<\/div>\n<div style=\"clear:both;\"><\/div><\/p>\n","protected":false},"excerpt":{"rendered":"<p>? RUINIEREN SIE IHRE HARTARBEIT NICHT: Stifte und Markierungen gleiten \u00fcber das ultra-glatte, tintenfeste, 160 g \/ m\u00b2 s\u00e4urefreie Papier. Keine Blutungen, Geisterbilder und Federn f\u00fcr wundersch\u00f6n saubere doppelseitige \u00dcberlegungen. Unsere Zeitschriften haben eine Pen Test-Seite, damit Sie nicht all Ihre harte Arbeit ruinieren<br \/>\n\u2712\ufe0f BEGINNEN SIE, RICHTIG ZU ORGANISIEREN: Bullet-Journaling sollte Spa\u00df machen. Deshalb haben wir unser Journal zu einer \u00fcberw\u00e4ltigungsfreien Zone gemacht. Enth\u00e4lt wichtige Codepage, Indexseiten, gepunktete nummerierte Seiten und 2 farbcodierte Lesezeichen f\u00fcr eine optimale Organisation und stressfreie Einrichtung<br \/>\n? WONT FALL APART: Der seidige und dennoch robuste Bezug aus Kunstleder sch\u00fctzt Ihre Pl\u00e4ne und Ideen f\u00fcr die kommenden Jahre. Starke Bindung bedeutet, dass sich selbst eingefleischte Journalisten keine Sorgen machen m\u00fcssen, dass Seiten aus dem eifrigen Schreiben herausfallen. Flaches Design f\u00fcr fl\u00fcssigeres Schreiben<\/p>\n","protected":false},"featured_media":41006,"comment_status":"open","ping_status":"closed","template":"","meta":[],"product_brand":[],"product_cat":[504,8527],"product_tag":[],"class_list":{"0":"post-41005","1":"product","2":"type-product","3":"status-publish","4":"has-post-thumbnail","6":"product_cat-buerobedarf-schreibwaren","7":"product_cat-papierprodukte","8":"pa_binding-notebook","9":"pa_brand-scribbles-that-matter","10":"pa_color-lavendel","11":"pa_manufacturer-scribbles-that-matter","12":"pa_size-b5","14":"first","15":"instock","16":"shipping-taxable","17":"purchasable","18":"product-type-simple","19":"customify-col","20":"product-has-gallery"},"yoast_head":"<!-- This site is optimized with the Yoast SEO plugin v27.4 - https:\/\/yoast.com\/product\/yoast-seo-wordpress\/ -->\n<title>Scribbles That Matter Bullet journal buch | Notizbuch B5 Dotted | Notizbuch gepunktet, notizbuch punktiert | Notebook\u2026 - Markt-XXL<\/title>\n<meta name=\"description\" content=\"Markt-XXL Scribbles That Matter Bullet journal buch | Notizbuch B5 Dotted | Notizbuch gepunktet, notizbuch punktiert | Notebook\u2026\" \/>\n<meta name=\"robots\" content=\"index, follow, max-snippet:-1, max-image-preview:large, max-video-preview:-1\" \/>\n<link rel=\"canonical\" href=\"https:\/\/marktxxl.de\/markt\/produkt\/b5-dotted-journal-von-scribbles-that-matter-bullet-dot-grid-notizbuch-kein-blutendes-dickes-160gsm-fuellfederhalter-freundliches-papier-hardcover-lavendel\/\" \/>\n<meta property=\"og:locale\" content=\"de_DE\" \/>\n<meta property=\"og:type\" content=\"article\" \/>\n<meta property=\"og:title\" content=\"Scribbles That Matter Bullet journal buch | Notizbuch B5 Dotted | Notizbuch gepunktet, notizbuch punktiert | Notebook\u2026 - Markt-XXL\" \/>\n<meta property=\"og:description\" content=\"Markt-XXL Scribbles That Matter Bullet journal buch | Notizbuch B5 Dotted | Notizbuch gepunktet, notizbuch punktiert | Notebook\u2026\" \/>\n<meta property=\"og:url\" content=\"https:\/\/marktxxl.de\/markt\/produkt\/b5-dotted-journal-von-scribbles-that-matter-bullet-dot-grid-notizbuch-kein-blutendes-dickes-160gsm-fuellfederhalter-freundliches-papier-hardcover-lavendel\/\" \/>\n<meta property=\"og:site_name\" content=\"Markt-XXL\" \/>\n<meta property=\"article:modified_time\" content=\"2023-04-09T23:43:20+00:00\" \/>\n<meta property=\"og:image\" content=\"https:\/\/m.media-amazon.com\/images\/I\/41h4KyCYb7L._SL500_.jpg\" \/>\n\t<meta property=\"og:image:width\" content=\"500\" \/>\n\t<meta property=\"og:image:height\" content=\"500\" \/>\n\t<meta property=\"og:image:type\" content=\"image\/jpeg\" \/>\n<meta name=\"twitter:card\" content=\"summary_large_image\" \/>\n<meta name=\"twitter:label1\" content=\"Gesch\u00e4tzte Lesezeit\" \/>\n\t<meta name=\"twitter:data1\" content=\"1\u00a0Minute\" \/>\n<script type=\"application\/ld+json\" class=\"yoast-schema-graph\">{\"@context\":\"https:\\\/\\\/schema.org\",\"@graph\":[{\"@type\":\"WebPage\",\"@id\":\"https:\\\/\\\/marktxxl.de\\\/markt\\\/produkt\\\/b5-dotted-journal-von-scribbles-that-matter-bullet-dot-grid-notizbuch-kein-blutendes-dickes-160gsm-fuellfederhalter-freundliches-papier-hardcover-lavendel\\\/\",\"url\":\"https:\\\/\\\/marktxxl.de\\\/markt\\\/produkt\\\/b5-dotted-journal-von-scribbles-that-matter-bullet-dot-grid-notizbuch-kein-blutendes-dickes-160gsm-fuellfederhalter-freundliches-papier-hardcover-lavendel\\\/\",\"name\":\"Scribbles That Matter Bullet journal buch | Notizbuch B5 Dotted | Notizbuch gepunktet, notizbuch punktiert | Notebook\u2026 - Markt-XXL\",\"isPartOf\":{\"@id\":\"https:\\\/\\\/marktxxl.de\\\/markt\\\/#website\"},\"primaryImageOfPage\":{\"@id\":\"https:\\\/\\\/marktxxl.de\\\/markt\\\/produkt\\\/b5-dotted-journal-von-scribbles-that-matter-bullet-dot-grid-notizbuch-kein-blutendes-dickes-160gsm-fuellfederhalter-freundliches-papier-hardcover-lavendel\\\/#primaryimage\"},\"image\":{\"@id\":\"https:\\\/\\\/marktxxl.de\\\/markt\\\/produkt\\\/b5-dotted-journal-von-scribbles-that-matter-bullet-dot-grid-notizbuch-kein-blutendes-dickes-160gsm-fuellfederhalter-freundliches-papier-hardcover-lavendel\\\/#primaryimage\"},\"thumbnailUrl\":\"https:\\\/\\\/m.media-amazon.com\\\/images\\\/I\\\/41h4KyCYb7L._SL500_.jpg\",\"datePublished\":\"2021-09-26T11:45:59+00:00\",\"dateModified\":\"2023-04-09T23:43:20+00:00\",\"description\":\"Markt-XXL Scribbles That Matter Bullet journal buch | Notizbuch B5 Dotted | Notizbuch gepunktet, notizbuch punktiert | Notebook\u2026\",\"breadcrumb\":{\"@id\":\"https:\\\/\\\/marktxxl.de\\\/markt\\\/produkt\\\/b5-dotted-journal-von-scribbles-that-matter-bullet-dot-grid-notizbuch-kein-blutendes-dickes-160gsm-fuellfederhalter-freundliches-papier-hardcover-lavendel\\\/#breadcrumb\"},\"inLanguage\":\"de\",\"potentialAction\":[{\"@type\":\"ReadAction\",\"target\":[\"https:\\\/\\\/marktxxl.de\\\/markt\\\/produkt\\\/b5-dotted-journal-von-scribbles-that-matter-bullet-dot-grid-notizbuch-kein-blutendes-dickes-160gsm-fuellfederhalter-freundliches-papier-hardcover-lavendel\\\/\"]}]},{\"@type\":\"ImageObject\",\"inLanguage\":\"de\",\"@id\":\"https:\\\/\\\/marktxxl.de\\\/markt\\\/produkt\\\/b5-dotted-journal-von-scribbles-that-matter-bullet-dot-grid-notizbuch-kein-blutendes-dickes-160gsm-fuellfederhalter-freundliches-papier-hardcover-lavendel\\\/#primaryimage\",\"url\":\"https:\\\/\\\/m.media-amazon.com\\\/images\\\/I\\\/41h4KyCYb7L._SL500_.jpg\",\"contentUrl\":\"https:\\\/\\\/m.media-amazon.com\\\/images\\\/I\\\/41h4KyCYb7L._SL500_.jpg\",\"width\":500,\"height\":500},{\"@type\":\"BreadcrumbList\",\"@id\":\"https:\\\/\\\/marktxxl.de\\\/markt\\\/produkt\\\/b5-dotted-journal-von-scribbles-that-matter-bullet-dot-grid-notizbuch-kein-blutendes-dickes-160gsm-fuellfederhalter-freundliches-papier-hardcover-lavendel\\\/#breadcrumb\",\"itemListElement\":[{\"@type\":\"ListItem\",\"position\":1,\"name\":\"Startseite\",\"item\":\"https:\\\/\\\/marktxxl.de\\\/markt\\\/\"},{\"@type\":\"ListItem\",\"position\":2,\"name\":\"Markt\",\"item\":\"https:\\\/\\\/marktxxl.de\\\/markt\\\/\"},{\"@type\":\"ListItem\",\"position\":3,\"name\":\"Scribbles That Matter Bullet journal buch | Notizbuch B5 Dotted | Notizbuch gepunktet, notizbuch punktiert | Notebook\u2026\"}]},{\"@type\":\"WebSite\",\"@id\":\"https:\\\/\\\/marktxxl.de\\\/markt\\\/#website\",\"url\":\"https:\\\/\\\/marktxxl.de\\\/markt\\\/\",\"name\":\"Markt-XXL\",\"description\":\"Ihr Markt Online\",\"publisher\":{\"@id\":\"https:\\\/\\\/marktxxl.de\\\/markt\\\/#organization\"},\"potentialAction\":[{\"@type\":\"SearchAction\",\"target\":{\"@type\":\"EntryPoint\",\"urlTemplate\":\"https:\\\/\\\/marktxxl.de\\\/markt\\\/?s={search_term_string}\"},\"query-input\":{\"@type\":\"PropertyValueSpecification\",\"valueRequired\":true,\"valueName\":\"search_term_string\"}}],\"inLanguage\":\"de\"},{\"@type\":\"Organization\",\"@id\":\"https:\\\/\\\/marktxxl.de\\\/markt\\\/#organization\",\"name\":\"Markt-XXL\",\"url\":\"https:\\\/\\\/marktxxl.de\\\/markt\\\/\",\"logo\":{\"@type\":\"ImageObject\",\"inLanguage\":\"de\",\"@id\":\"https:\\\/\\\/marktxxl.de\\\/markt\\\/#\\\/schema\\\/logo\\\/image\\\/\",\"url\":\"https:\\\/\\\/marktxxl.de\\\/markt\\\/wp-content\\\/uploads\\\/sites\\\/3\\\/2020\\\/12\\\/logo.png\",\"contentUrl\":\"https:\\\/\\\/marktxxl.de\\\/markt\\\/wp-content\\\/uploads\\\/sites\\\/3\\\/2020\\\/12\\\/logo.png\",\"width\":200,\"height\":70,\"caption\":\"Markt-XXL\"},\"image\":{\"@id\":\"https:\\\/\\\/marktxxl.de\\\/markt\\\/#\\\/schema\\\/logo\\\/image\\\/\"}}]}<\/script>\n<!-- \/ Yoast SEO plugin. -->","yoast_head_json":{"title":"Scribbles That Matter Bullet journal buch | Notizbuch B5 Dotted | Notizbuch gepunktet, notizbuch punktiert | Notebook\u2026 - Markt-XXL","description":"Markt-XXL Scribbles That Matter Bullet journal buch | Notizbuch B5 Dotted | Notizbuch gepunktet, notizbuch punktiert | Notebook\u2026","robots":{"index":"index","follow":"follow","max-snippet":"max-snippet:-1","max-image-preview":"max-image-preview:large","max-video-preview":"max-video-preview:-1"},"canonical":"https:\/\/marktxxl.de\/markt\/produkt\/b5-dotted-journal-von-scribbles-that-matter-bullet-dot-grid-notizbuch-kein-blutendes-dickes-160gsm-fuellfederhalter-freundliches-papier-hardcover-lavendel\/","og_locale":"de_DE","og_type":"article","og_title":"Scribbles That Matter Bullet journal buch | Notizbuch B5 Dotted | Notizbuch gepunktet, notizbuch punktiert | Notebook\u2026 - Markt-XXL","og_description":"Markt-XXL Scribbles That Matter Bullet journal buch | Notizbuch B5 Dotted | Notizbuch gepunktet, notizbuch punktiert | Notebook\u2026","og_url":"https:\/\/marktxxl.de\/markt\/produkt\/b5-dotted-journal-von-scribbles-that-matter-bullet-dot-grid-notizbuch-kein-blutendes-dickes-160gsm-fuellfederhalter-freundliches-papier-hardcover-lavendel\/","og_site_name":"Markt-XXL","article_modified_time":"2023-04-09T23:43:20+00:00","og_image":[{"width":500,"height":500,"url":"https:\/\/m.media-amazon.com\/images\/I\/41h4KyCYb7L._SL500_.jpg","type":"image\/jpeg"}],"twitter_card":"summary_large_image","twitter_misc":{"Gesch\u00e4tzte Lesezeit":"1\u00a0Minute"},"schema":{"@context":"https:\/\/schema.org","@graph":[{"@type":"WebPage","@id":"https:\/\/marktxxl.de\/markt\/produkt\/b5-dotted-journal-von-scribbles-that-matter-bullet-dot-grid-notizbuch-kein-blutendes-dickes-160gsm-fuellfederhalter-freundliches-papier-hardcover-lavendel\/","url":"https:\/\/marktxxl.de\/markt\/produkt\/b5-dotted-journal-von-scribbles-that-matter-bullet-dot-grid-notizbuch-kein-blutendes-dickes-160gsm-fuellfederhalter-freundliches-papier-hardcover-lavendel\/","name":"Scribbles That Matter Bullet journal buch | Notizbuch B5 Dotted | Notizbuch gepunktet, notizbuch punktiert | Notebook\u2026 - Markt-XXL","isPartOf":{"@id":"https:\/\/marktxxl.de\/markt\/#website"},"primaryImageOfPage":{"@id":"https:\/\/marktxxl.de\/markt\/produkt\/b5-dotted-journal-von-scribbles-that-matter-bullet-dot-grid-notizbuch-kein-blutendes-dickes-160gsm-fuellfederhalter-freundliches-papier-hardcover-lavendel\/#primaryimage"},"image":{"@id":"https:\/\/marktxxl.de\/markt\/produkt\/b5-dotted-journal-von-scribbles-that-matter-bullet-dot-grid-notizbuch-kein-blutendes-dickes-160gsm-fuellfederhalter-freundliches-papier-hardcover-lavendel\/#primaryimage"},"thumbnailUrl":"https:\/\/m.media-amazon.com\/images\/I\/41h4KyCYb7L._SL500_.jpg","datePublished":"2021-09-26T11:45:59+00:00","dateModified":"2023-04-09T23:43:20+00:00","description":"Markt-XXL Scribbles That Matter Bullet journal buch | Notizbuch B5 Dotted | Notizbuch gepunktet, notizbuch punktiert | Notebook\u2026","breadcrumb":{"@id":"https:\/\/marktxxl.de\/markt\/produkt\/b5-dotted-journal-von-scribbles-that-matter-bullet-dot-grid-notizbuch-kein-blutendes-dickes-160gsm-fuellfederhalter-freundliches-papier-hardcover-lavendel\/#breadcrumb"},"inLanguage":"de","potentialAction":[{"@type":"ReadAction","target":["https:\/\/marktxxl.de\/markt\/produkt\/b5-dotted-journal-von-scribbles-that-matter-bullet-dot-grid-notizbuch-kein-blutendes-dickes-160gsm-fuellfederhalter-freundliches-papier-hardcover-lavendel\/"]}]},{"@type":"ImageObject","inLanguage":"de","@id":"https:\/\/marktxxl.de\/markt\/produkt\/b5-dotted-journal-von-scribbles-that-matter-bullet-dot-grid-notizbuch-kein-blutendes-dickes-160gsm-fuellfederhalter-freundliches-papier-hardcover-lavendel\/#primaryimage","url":"https:\/\/m.media-amazon.com\/images\/I\/41h4KyCYb7L._SL500_.jpg","contentUrl":"https:\/\/m.media-amazon.com\/images\/I\/41h4KyCYb7L._SL500_.jpg","width":500,"height":500},{"@type":"BreadcrumbList","@id":"https:\/\/marktxxl.de\/markt\/produkt\/b5-dotted-journal-von-scribbles-that-matter-bullet-dot-grid-notizbuch-kein-blutendes-dickes-160gsm-fuellfederhalter-freundliches-papier-hardcover-lavendel\/#breadcrumb","itemListElement":[{"@type":"ListItem","position":1,"name":"Startseite","item":"https:\/\/marktxxl.de\/markt\/"},{"@type":"ListItem","position":2,"name":"Markt","item":"https:\/\/marktxxl.de\/markt\/"},{"@type":"ListItem","position":3,"name":"Scribbles That Matter Bullet journal buch | Notizbuch B5 Dotted | Notizbuch gepunktet, notizbuch punktiert | Notebook\u2026"}]},{"@type":"WebSite","@id":"https:\/\/marktxxl.de\/markt\/#website","url":"https:\/\/marktxxl.de\/markt\/","name":"Markt-XXL","description":"Ihr Markt Online","publisher":{"@id":"https:\/\/marktxxl.de\/markt\/#organization"},"potentialAction":[{"@type":"SearchAction","target":{"@type":"EntryPoint","urlTemplate":"https:\/\/marktxxl.de\/markt\/?s={search_term_string}"},"query-input":{"@type":"PropertyValueSpecification","valueRequired":true,"valueName":"search_term_string"}}],"inLanguage":"de"},{"@type":"Organization","@id":"https:\/\/marktxxl.de\/markt\/#organization","name":"Markt-XXL","url":"https:\/\/marktxxl.de\/markt\/","logo":{"@type":"ImageObject","inLanguage":"de","@id":"https:\/\/marktxxl.de\/markt\/#\/schema\/logo\/image\/","url":"https:\/\/marktxxl.de\/markt\/wp-content\/uploads\/sites\/3\/2020\/12\/logo.png","contentUrl":"https:\/\/marktxxl.de\/markt\/wp-content\/uploads\/sites\/3\/2020\/12\/logo.png","width":200,"height":70,"caption":"Markt-XXL"},"image":{"@id":"https:\/\/marktxxl.de\/markt\/#\/schema\/logo\/image\/"}}]}},"_links":{"self":[{"href":"https:\/\/marktxxl.de\/markt\/wp-json\/wp\/v2\/product\/41005","targetHints":{"allow":["GET"]}}],"collection":[{"href":"https:\/\/marktxxl.de\/markt\/wp-json\/wp\/v2\/product"}],"about":[{"href":"https:\/\/marktxxl.de\/markt\/wp-json\/wp\/v2\/types\/product"}],"replies":[{"embeddable":true,"href":"https:\/\/marktxxl.de\/markt\/wp-json\/wp\/v2\/comments?post=41005"}],"wp:featuredmedia":[{"embeddable":true,"href":"https:\/\/marktxxl.de\/markt\/wp-json\/wp\/v2\/media\/41006"}],"wp:attachment":[{"href":"https:\/\/marktxxl.de\/markt\/wp-json\/wp\/v2\/media?parent=41005"}],"wp:term":[{"taxonomy":"product_brand","embeddable":true,"href":"https:\/\/marktxxl.de\/markt\/wp-json\/wp\/v2\/product_brand?post=41005"},{"taxonomy":"product_cat","embeddable":true,"href":"https:\/\/marktxxl.de\/markt\/wp-json\/wp\/v2\/product_cat?post=41005"},{"taxonomy":"product_tag","embeddable":true,"href":"https:\/\/marktxxl.de\/markt\/wp-json\/wp\/v2\/product_tag?post=41005"}],"curies":[{"name":"wp","href":"https:\/\/api.w.org\/{rel}","templated":true}]}}