{"id":40963,"date":"2021-09-26T13:45:44","date_gmt":"2021-09-26T11:45:44","guid":{"rendered":"https:\/\/marktxxl.de\/markt\/produkt\/gutschein-oder-perfekte-verpackung-fuer-heissluftballonfahrt-geschenk-als-3d-pop-up-modell-h12\/"},"modified":"2023-04-10T01:43:19","modified_gmt":"2023-04-09T23:43:19","slug":"gutschein-oder-perfekte-verpackung-fuer-heissluftballonfahrt-geschenk-als-3d-pop-up-modell-h12","status":"publish","type":"product","link":"https:\/\/marktxxl.de\/markt\/produkt\/gutschein-oder-perfekte-verpackung-fuer-heissluftballonfahrt-geschenk-als-3d-pop-up-modell-h12\/","title":{"rendered":"Gutschein oder perfekte Verpackung f\u00fcr Hei\u00dfluftballonfahrt, Geschenk als 3D-Pop-Up Modell, H12"},"content":{"rendered":"<p>BESONDERES GESCHENK &#8211; die perfekte Verpackung f\u00fcr einen Gutschein \u00fcber eine Ballonfahrt, einen Ballonflug, bzw. eine Hei\u00dfluftballonfahrt. Eine sch\u00f6ne Idee als Geschenk zum Geburtstag. Tolle Anbieter f\u00fcr eine Ballonfahrt gibt es unter anderem in Hamburg, Baden-W\u00fcrttemberg oder im Allg\u00e4u. Machen Sie jemanden eine ganz besondere Freude mit dieser Geschenkkarte.<br \/>\nVERSCHENKEN SIE EIN L\u00c4CHELN &#8211; Hei\u00dfluftballon als Pop-Up in der Gru\u00dfkarte. Ballonflugkarte, Gl\u00fcckwunschkarte, Geburtstagskarte. Immer eine besondere \u00dcberraschung. Diese kleinen Kunstwerke werden von uns mit Liebe gestaltet und mit sehr viel Geschick zu dieser tollen \u00dcberraschung zusammen gesetzt.<br \/>\nVIELSEITIG EINSETZBAR &#8211; Du kannst die Karte zu vielen Anl\u00e4ssen verwenden, da wir die Karten sehr elegant und hochwertig gestalten. Du bekommst die Karte direkt mit passendem Umschlag und sch\u00fctzender Cellophan-H\u00fclle.\u00a0Die Karte hat im geschlossenen Zustand die Ma\u00dfe von 15cm x21 cm. Innen ist die Karte blanko und du hast gen\u00fcgend Platz f\u00fcr deine Botschaft. Danach einfach die Karte in den Umschlag stecken und das Geschenk ist fertig.<br \/>\nFAIR TRADE &amp; QUALIT\u00c4T &#8211; Die Karten werden unter fairen Bedingungen in einem Familienbetrieb produziert. Mit deinem Kauf unterst\u00fctzt du dieses Projekt. Die Einzelteile werden mit einem Laser ausgeschnitten und dann von Hand zusammen gesetzt.<br \/>\nLIEFERUNG &amp; ZUFRIEDENHEIT: Wir liefern direkt aus dem Amazon Lager und k\u00f6nnen so den schnellsten Versand anbieten.\u00a0Wir haben bereits \u00fcber 20.000 zufriedene Kunden, \u00fcberzeugen Sie sich selbst von unseren liebevollen Produkten. Sie haben Fragen? Melden Sie sich gerne bei uns!<br \/>\n<div class=\"main-cross-sell\" data-asin=\"B01DKER6U4\">\n\n\t<div class=\"WooZone-cross-sell-loader\">\n\t\t<div>\n\t\t\t<div id=\"floatingBarsG\">\n\t\t\t\t<div class=\"blockG\" id=\"rotateG_01\"><\/div>\n\t\t\t\t<div class=\"blockG\" id=\"rotateG_02\"><\/div>\n\t\t\t\t<div class=\"blockG\" id=\"rotateG_03\"><\/div>\n\t\t\t\t<div class=\"blockG\" id=\"rotateG_04\"><\/div>\n\t\t\t\t<div class=\"blockG\" id=\"rotateG_05\"><\/div>\n\t\t\t\t<div class=\"blockG\" id=\"rotateG_06\"><\/div>\n\t\t\t\t<div class=\"blockG\" id=\"rotateG_07\"><\/div>\n\t\t\t\t<div class=\"blockG\" id=\"rotateG_08\"><\/div>\n\t\t\t<\/div>\n\t\t\t<div class=\"WooZone-cross-sell-loader-text\"><\/div>\n\t\t<\/div>\n\t<\/div>\n\n\t\t\n<\/div>\n<div style=\"clear:both;\"><\/div><\/p>\n","protected":false},"excerpt":{"rendered":"<p>BESONDERES GESCHENK &#8211; die perfekte Verpackung f\u00fcr einen Gutschein \u00fcber eine Ballonfahrt, einen Ballonflug, bzw. eine Hei\u00dfluftballonfahrt. Eine sch\u00f6ne Idee als Geschenk zum Geburtstag. Tolle Anbieter f\u00fcr eine Ballonfahrt gibt es unter anderem in Hamburg, Baden-W\u00fcrttemberg oder im Allg\u00e4u. Machen Sie jemanden eine ganz besondere Freude mit dieser Geschenkkarte.<br \/>\nVERSCHENKEN SIE EIN L\u00c4CHELN &#8211; Hei\u00dfluftballon als Pop-Up in der Gru\u00dfkarte. Ballonflugkarte, Gl\u00fcckwunschkarte, Geburtstagskarte. Immer eine besondere \u00dcberraschung. Diese kleinen Kunstwerke werden von uns mit Liebe gestaltet und mit sehr viel Geschick zu dieser tollen \u00dcberraschung zusammen gesetzt.<br \/>\nVIELSEITIG EINSETZBAR &#8211; Du kannst die Karte zu vielen Anl\u00e4ssen verwenden, da wir die Karten sehr elegant und hochwertig gestalten. Du bekommst die Karte direkt mit passendem Umschlag und sch\u00fctzender Cellophan-H\u00fclle.\u00a0Die Karte hat im geschlossenen Zustand die Ma\u00dfe von 15cm x21 cm. Innen ist die Karte blanko und du hast gen\u00fcgend Platz f\u00fcr deine Botschaft. Danach einfach die Karte in den Umschlag stecken und das Geschenk ist fertig.<\/p>\n","protected":false},"featured_media":40964,"comment_status":"open","ping_status":"closed","template":"","meta":[],"product_brand":[],"product_cat":[504,8527],"product_tag":[],"class_list":{"0":"post-40963","1":"product","2":"type-product","3":"status-publish","4":"has-post-thumbnail","6":"product_cat-buerobedarf-schreibwaren","7":"product_cat-papierprodukte","8":"pa_binding-buerobedarf-schreibwaren","9":"pa_brand-diese-klappkarten","10":"pa_height-8-267716527-zoll","11":"pa_length-5-905511805-zoll","12":"pa_manufacturer-diese-klappkarten","13":"pa_model-8570","14":"pa_weight-0-0881849048-pfund","15":"pa_width-0-393700787-zoll","17":"first","18":"instock","19":"shipping-taxable","20":"purchasable","21":"product-type-simple","22":"customify-col","23":"product-has-gallery"},"yoast_head":"<!-- This site is optimized with the Yoast SEO plugin v27.3 - https:\/\/yoast.com\/product\/yoast-seo-wordpress\/ -->\n<title>Gutschein oder perfekte Verpackung f\u00fcr Hei\u00dfluftballonfahrt, Geschenk als 3D-Pop-Up Modell, H12 - Markt-XXL<\/title>\n<meta name=\"description\" content=\"Markt-XXL Gutschein oder perfekte Verpackung f\u00fcr Hei\u00dfluftballonfahrt, Geschenk als 3D-Pop-Up Modell, H12\" \/>\n<meta name=\"robots\" content=\"index, follow, max-snippet:-1, max-image-preview:large, max-video-preview:-1\" \/>\n<link rel=\"canonical\" href=\"https:\/\/marktxxl.de\/markt\/produkt\/gutschein-oder-perfekte-verpackung-fuer-heissluftballonfahrt-geschenk-als-3d-pop-up-modell-h12\/\" \/>\n<meta property=\"og:locale\" content=\"de_DE\" \/>\n<meta property=\"og:type\" content=\"article\" \/>\n<meta property=\"og:title\" content=\"Gutschein oder perfekte Verpackung f\u00fcr Hei\u00dfluftballonfahrt, Geschenk als 3D-Pop-Up Modell, H12 - Markt-XXL\" \/>\n<meta property=\"og:description\" content=\"Markt-XXL Gutschein oder perfekte Verpackung f\u00fcr Hei\u00dfluftballonfahrt, Geschenk als 3D-Pop-Up Modell, H12\" \/>\n<meta property=\"og:url\" content=\"https:\/\/marktxxl.de\/markt\/produkt\/gutschein-oder-perfekte-verpackung-fuer-heissluftballonfahrt-geschenk-als-3d-pop-up-modell-h12\/\" \/>\n<meta property=\"og:site_name\" content=\"Markt-XXL\" \/>\n<meta property=\"article:modified_time\" content=\"2023-04-09T23:43:19+00:00\" \/>\n<meta property=\"og:image\" content=\"https:\/\/m.media-amazon.com\/images\/I\/51U3sBOCU-L._SL500_.jpg\" \/>\n\t<meta property=\"og:image:width\" content=\"500\" \/>\n\t<meta property=\"og:image:height\" content=\"500\" \/>\n\t<meta property=\"og:image:type\" content=\"image\/jpeg\" \/>\n<meta name=\"twitter:card\" content=\"summary_large_image\" \/>\n<meta name=\"twitter:label1\" content=\"Gesch\u00e4tzte Lesezeit\" \/>\n\t<meta name=\"twitter:data1\" content=\"1\u00a0Minute\" \/>\n<script type=\"application\/ld+json\" class=\"yoast-schema-graph\">{\"@context\":\"https:\\\/\\\/schema.org\",\"@graph\":[{\"@type\":\"WebPage\",\"@id\":\"https:\\\/\\\/marktxxl.de\\\/markt\\\/produkt\\\/gutschein-oder-perfekte-verpackung-fuer-heissluftballonfahrt-geschenk-als-3d-pop-up-modell-h12\\\/\",\"url\":\"https:\\\/\\\/marktxxl.de\\\/markt\\\/produkt\\\/gutschein-oder-perfekte-verpackung-fuer-heissluftballonfahrt-geschenk-als-3d-pop-up-modell-h12\\\/\",\"name\":\"Gutschein oder perfekte Verpackung f\u00fcr Hei\u00dfluftballonfahrt, Geschenk als 3D-Pop-Up Modell, H12 - Markt-XXL\",\"isPartOf\":{\"@id\":\"https:\\\/\\\/marktxxl.de\\\/markt\\\/#website\"},\"primaryImageOfPage\":{\"@id\":\"https:\\\/\\\/marktxxl.de\\\/markt\\\/produkt\\\/gutschein-oder-perfekte-verpackung-fuer-heissluftballonfahrt-geschenk-als-3d-pop-up-modell-h12\\\/#primaryimage\"},\"image\":{\"@id\":\"https:\\\/\\\/marktxxl.de\\\/markt\\\/produkt\\\/gutschein-oder-perfekte-verpackung-fuer-heissluftballonfahrt-geschenk-als-3d-pop-up-modell-h12\\\/#primaryimage\"},\"thumbnailUrl\":\"https:\\\/\\\/m.media-amazon.com\\\/images\\\/I\\\/51U3sBOCU-L._SL500_.jpg\",\"datePublished\":\"2021-09-26T11:45:44+00:00\",\"dateModified\":\"2023-04-09T23:43:19+00:00\",\"description\":\"Markt-XXL Gutschein oder perfekte Verpackung f\u00fcr Hei\u00dfluftballonfahrt, Geschenk als 3D-Pop-Up Modell, H12\",\"breadcrumb\":{\"@id\":\"https:\\\/\\\/marktxxl.de\\\/markt\\\/produkt\\\/gutschein-oder-perfekte-verpackung-fuer-heissluftballonfahrt-geschenk-als-3d-pop-up-modell-h12\\\/#breadcrumb\"},\"inLanguage\":\"de\",\"potentialAction\":[{\"@type\":\"ReadAction\",\"target\":[\"https:\\\/\\\/marktxxl.de\\\/markt\\\/produkt\\\/gutschein-oder-perfekte-verpackung-fuer-heissluftballonfahrt-geschenk-als-3d-pop-up-modell-h12\\\/\"]}]},{\"@type\":\"ImageObject\",\"inLanguage\":\"de\",\"@id\":\"https:\\\/\\\/marktxxl.de\\\/markt\\\/produkt\\\/gutschein-oder-perfekte-verpackung-fuer-heissluftballonfahrt-geschenk-als-3d-pop-up-modell-h12\\\/#primaryimage\",\"url\":\"https:\\\/\\\/m.media-amazon.com\\\/images\\\/I\\\/51U3sBOCU-L._SL500_.jpg\",\"contentUrl\":\"https:\\\/\\\/m.media-amazon.com\\\/images\\\/I\\\/51U3sBOCU-L._SL500_.jpg\",\"width\":500,\"height\":500},{\"@type\":\"BreadcrumbList\",\"@id\":\"https:\\\/\\\/marktxxl.de\\\/markt\\\/produkt\\\/gutschein-oder-perfekte-verpackung-fuer-heissluftballonfahrt-geschenk-als-3d-pop-up-modell-h12\\\/#breadcrumb\",\"itemListElement\":[{\"@type\":\"ListItem\",\"position\":1,\"name\":\"Startseite\",\"item\":\"https:\\\/\\\/marktxxl.de\\\/markt\\\/\"},{\"@type\":\"ListItem\",\"position\":2,\"name\":\"Markt\",\"item\":\"https:\\\/\\\/marktxxl.de\\\/markt\\\/\"},{\"@type\":\"ListItem\",\"position\":3,\"name\":\"Gutschein oder perfekte Verpackung f\u00fcr Hei\u00dfluftballonfahrt, Geschenk als 3D-Pop-Up Modell, H12\"}]},{\"@type\":\"WebSite\",\"@id\":\"https:\\\/\\\/marktxxl.de\\\/markt\\\/#website\",\"url\":\"https:\\\/\\\/marktxxl.de\\\/markt\\\/\",\"name\":\"Markt-XXL\",\"description\":\"Ihr Markt Online\",\"publisher\":{\"@id\":\"https:\\\/\\\/marktxxl.de\\\/markt\\\/#organization\"},\"potentialAction\":[{\"@type\":\"SearchAction\",\"target\":{\"@type\":\"EntryPoint\",\"urlTemplate\":\"https:\\\/\\\/marktxxl.de\\\/markt\\\/?s={search_term_string}\"},\"query-input\":{\"@type\":\"PropertyValueSpecification\",\"valueRequired\":true,\"valueName\":\"search_term_string\"}}],\"inLanguage\":\"de\"},{\"@type\":\"Organization\",\"@id\":\"https:\\\/\\\/marktxxl.de\\\/markt\\\/#organization\",\"name\":\"Markt-XXL\",\"url\":\"https:\\\/\\\/marktxxl.de\\\/markt\\\/\",\"logo\":{\"@type\":\"ImageObject\",\"inLanguage\":\"de\",\"@id\":\"https:\\\/\\\/marktxxl.de\\\/markt\\\/#\\\/schema\\\/logo\\\/image\\\/\",\"url\":\"https:\\\/\\\/marktxxl.de\\\/markt\\\/wp-content\\\/uploads\\\/sites\\\/3\\\/2020\\\/12\\\/logo.png\",\"contentUrl\":\"https:\\\/\\\/marktxxl.de\\\/markt\\\/wp-content\\\/uploads\\\/sites\\\/3\\\/2020\\\/12\\\/logo.png\",\"width\":200,\"height\":70,\"caption\":\"Markt-XXL\"},\"image\":{\"@id\":\"https:\\\/\\\/marktxxl.de\\\/markt\\\/#\\\/schema\\\/logo\\\/image\\\/\"}}]}<\/script>\n<!-- \/ Yoast SEO plugin. -->","yoast_head_json":{"title":"Gutschein oder perfekte Verpackung f\u00fcr Hei\u00dfluftballonfahrt, Geschenk als 3D-Pop-Up Modell, H12 - Markt-XXL","description":"Markt-XXL Gutschein oder perfekte Verpackung f\u00fcr Hei\u00dfluftballonfahrt, Geschenk als 3D-Pop-Up Modell, H12","robots":{"index":"index","follow":"follow","max-snippet":"max-snippet:-1","max-image-preview":"max-image-preview:large","max-video-preview":"max-video-preview:-1"},"canonical":"https:\/\/marktxxl.de\/markt\/produkt\/gutschein-oder-perfekte-verpackung-fuer-heissluftballonfahrt-geschenk-als-3d-pop-up-modell-h12\/","og_locale":"de_DE","og_type":"article","og_title":"Gutschein oder perfekte Verpackung f\u00fcr Hei\u00dfluftballonfahrt, Geschenk als 3D-Pop-Up Modell, H12 - Markt-XXL","og_description":"Markt-XXL Gutschein oder perfekte Verpackung f\u00fcr Hei\u00dfluftballonfahrt, Geschenk als 3D-Pop-Up Modell, H12","og_url":"https:\/\/marktxxl.de\/markt\/produkt\/gutschein-oder-perfekte-verpackung-fuer-heissluftballonfahrt-geschenk-als-3d-pop-up-modell-h12\/","og_site_name":"Markt-XXL","article_modified_time":"2023-04-09T23:43:19+00:00","og_image":[{"width":500,"height":500,"url":"https:\/\/m.media-amazon.com\/images\/I\/51U3sBOCU-L._SL500_.jpg","type":"image\/jpeg"}],"twitter_card":"summary_large_image","twitter_misc":{"Gesch\u00e4tzte Lesezeit":"1\u00a0Minute"},"schema":{"@context":"https:\/\/schema.org","@graph":[{"@type":"WebPage","@id":"https:\/\/marktxxl.de\/markt\/produkt\/gutschein-oder-perfekte-verpackung-fuer-heissluftballonfahrt-geschenk-als-3d-pop-up-modell-h12\/","url":"https:\/\/marktxxl.de\/markt\/produkt\/gutschein-oder-perfekte-verpackung-fuer-heissluftballonfahrt-geschenk-als-3d-pop-up-modell-h12\/","name":"Gutschein oder perfekte Verpackung f\u00fcr Hei\u00dfluftballonfahrt, Geschenk als 3D-Pop-Up Modell, H12 - Markt-XXL","isPartOf":{"@id":"https:\/\/marktxxl.de\/markt\/#website"},"primaryImageOfPage":{"@id":"https:\/\/marktxxl.de\/markt\/produkt\/gutschein-oder-perfekte-verpackung-fuer-heissluftballonfahrt-geschenk-als-3d-pop-up-modell-h12\/#primaryimage"},"image":{"@id":"https:\/\/marktxxl.de\/markt\/produkt\/gutschein-oder-perfekte-verpackung-fuer-heissluftballonfahrt-geschenk-als-3d-pop-up-modell-h12\/#primaryimage"},"thumbnailUrl":"https:\/\/m.media-amazon.com\/images\/I\/51U3sBOCU-L._SL500_.jpg","datePublished":"2021-09-26T11:45:44+00:00","dateModified":"2023-04-09T23:43:19+00:00","description":"Markt-XXL Gutschein oder perfekte Verpackung f\u00fcr Hei\u00dfluftballonfahrt, Geschenk als 3D-Pop-Up Modell, H12","breadcrumb":{"@id":"https:\/\/marktxxl.de\/markt\/produkt\/gutschein-oder-perfekte-verpackung-fuer-heissluftballonfahrt-geschenk-als-3d-pop-up-modell-h12\/#breadcrumb"},"inLanguage":"de","potentialAction":[{"@type":"ReadAction","target":["https:\/\/marktxxl.de\/markt\/produkt\/gutschein-oder-perfekte-verpackung-fuer-heissluftballonfahrt-geschenk-als-3d-pop-up-modell-h12\/"]}]},{"@type":"ImageObject","inLanguage":"de","@id":"https:\/\/marktxxl.de\/markt\/produkt\/gutschein-oder-perfekte-verpackung-fuer-heissluftballonfahrt-geschenk-als-3d-pop-up-modell-h12\/#primaryimage","url":"https:\/\/m.media-amazon.com\/images\/I\/51U3sBOCU-L._SL500_.jpg","contentUrl":"https:\/\/m.media-amazon.com\/images\/I\/51U3sBOCU-L._SL500_.jpg","width":500,"height":500},{"@type":"BreadcrumbList","@id":"https:\/\/marktxxl.de\/markt\/produkt\/gutschein-oder-perfekte-verpackung-fuer-heissluftballonfahrt-geschenk-als-3d-pop-up-modell-h12\/#breadcrumb","itemListElement":[{"@type":"ListItem","position":1,"name":"Startseite","item":"https:\/\/marktxxl.de\/markt\/"},{"@type":"ListItem","position":2,"name":"Markt","item":"https:\/\/marktxxl.de\/markt\/"},{"@type":"ListItem","position":3,"name":"Gutschein oder perfekte Verpackung f\u00fcr Hei\u00dfluftballonfahrt, Geschenk als 3D-Pop-Up Modell, H12"}]},{"@type":"WebSite","@id":"https:\/\/marktxxl.de\/markt\/#website","url":"https:\/\/marktxxl.de\/markt\/","name":"Markt-XXL","description":"Ihr Markt Online","publisher":{"@id":"https:\/\/marktxxl.de\/markt\/#organization"},"potentialAction":[{"@type":"SearchAction","target":{"@type":"EntryPoint","urlTemplate":"https:\/\/marktxxl.de\/markt\/?s={search_term_string}"},"query-input":{"@type":"PropertyValueSpecification","valueRequired":true,"valueName":"search_term_string"}}],"inLanguage":"de"},{"@type":"Organization","@id":"https:\/\/marktxxl.de\/markt\/#organization","name":"Markt-XXL","url":"https:\/\/marktxxl.de\/markt\/","logo":{"@type":"ImageObject","inLanguage":"de","@id":"https:\/\/marktxxl.de\/markt\/#\/schema\/logo\/image\/","url":"https:\/\/marktxxl.de\/markt\/wp-content\/uploads\/sites\/3\/2020\/12\/logo.png","contentUrl":"https:\/\/marktxxl.de\/markt\/wp-content\/uploads\/sites\/3\/2020\/12\/logo.png","width":200,"height":70,"caption":"Markt-XXL"},"image":{"@id":"https:\/\/marktxxl.de\/markt\/#\/schema\/logo\/image\/"}}]}},"_links":{"self":[{"href":"https:\/\/marktxxl.de\/markt\/wp-json\/wp\/v2\/product\/40963","targetHints":{"allow":["GET"]}}],"collection":[{"href":"https:\/\/marktxxl.de\/markt\/wp-json\/wp\/v2\/product"}],"about":[{"href":"https:\/\/marktxxl.de\/markt\/wp-json\/wp\/v2\/types\/product"}],"replies":[{"embeddable":true,"href":"https:\/\/marktxxl.de\/markt\/wp-json\/wp\/v2\/comments?post=40963"}],"wp:featuredmedia":[{"embeddable":true,"href":"https:\/\/marktxxl.de\/markt\/wp-json\/wp\/v2\/media\/40964"}],"wp:attachment":[{"href":"https:\/\/marktxxl.de\/markt\/wp-json\/wp\/v2\/media?parent=40963"}],"wp:term":[{"taxonomy":"product_brand","embeddable":true,"href":"https:\/\/marktxxl.de\/markt\/wp-json\/wp\/v2\/product_brand?post=40963"},{"taxonomy":"product_cat","embeddable":true,"href":"https:\/\/marktxxl.de\/markt\/wp-json\/wp\/v2\/product_cat?post=40963"},{"taxonomy":"product_tag","embeddable":true,"href":"https:\/\/marktxxl.de\/markt\/wp-json\/wp\/v2\/product_tag?post=40963"}],"curies":[{"name":"wp","href":"https:\/\/api.w.org\/{rel}","templated":true}]}}