{"id":40912,"date":"2021-09-26T13:45:32","date_gmt":"2021-09-26T11:45:32","guid":{"rendered":"https:\/\/marktxxl.de\/markt\/produkt\/dankeskarten-fuer-ihre-bestellung-100-stueck-atemberaubende-goldfolie-briefpresse-89-x-51-cm-verpackungseinlage\/"},"modified":"2023-04-10T01:43:18","modified_gmt":"2023-04-09T23:43:18","slug":"dankeskarten-fuer-ihre-bestellung-100-stueck-atemberaubende-goldfolie-briefpresse-89-x-51-cm-verpackungseinlage","status":"publish","type":"product","link":"https:\/\/marktxxl.de\/markt\/produkt\/dankeskarten-fuer-ihre-bestellung-100-stueck-atemberaubende-goldfolie-briefpresse-89-x-51-cm-verpackungseinlage\/","title":{"rendered":"Dankeskarten f\u00fcr Ihre Bestellung (100 St\u00fcck) atemberaubende Goldfolie Briefpresse 8,9 x 5,1 cm Verpackungseinlage."},"content":{"rendered":"<p>100 St\u00fcck \u2013 Dankeskarten f\u00fcr Ihre Bestellung, luxuri\u00f6se Goldfolien-Blattpr\u00e4gung \/ Buchdruck von Hand auf beiden Seiten. Abgerundete Ecken.<br \/>\nGr\u00f6\u00dfe: 8,9 x 5,1 cm, glatte Oberfl\u00e4che, robuster 14 PT dicker Karton, unbeschichtetes Papier. (Standard-Visitenkartengr\u00f6\u00dfe). Nachricht auf (Vorderseite) &#8211; Vielen Dank f\u00fcr Ihre Bestellung. Haben Sie einen sch\u00f6nen Tag &amp; (zur\u00fcck) Wenn Sie irgendwelche Probleme mit diesem Kauf haben, kontaktieren Sie uns bitte so schnell wie m\u00f6glich und geben Sie uns die Chance, es richtig zu machen.<br \/>\nBeeindrucken Sie den Empf\u00e4nger \u2013 Ihre Kunden werden diese einzigartig gestalteten Dankeskarten lieben und sie werden helfen, einen guten Eindruck von Ihrem Unternehmen in seinem Kopf zu hinterlassen. Kann auch als Produktreferenz-\/Feedback-Anfragekarten verwendet werden.<br \/>\nPerfekt f\u00fcr kleine Unternehmen, B\u00e4ckerei, Shopping, Verk\u00e4ufer, Restaurants, Online-Verk\u00e4ufer etc. wird eine einzigartige Note hinzuf\u00fcgen, wenn Sie Bestellungen an Ihre K\u00e4ufer versenden oder liefern. Ein tolles dekoratives Verpackungsmaterial f\u00fcr Ihr Gesch\u00e4ft.<br \/>\nPure Zufriedenheit: Wir sind sehr zuversichtlich auf unsere Dankesch\u00f6ne f\u00fcr Ihre Einkaufskarten, sicherlich werden Sie es lieben.<br \/>\n<div class=\"main-cross-sell\" data-asin=\"B07PNJCVTG\">\n\n\t<div class=\"WooZone-cross-sell-loader\">\n\t\t<div>\n\t\t\t<div id=\"floatingBarsG\">\n\t\t\t\t<div class=\"blockG\" id=\"rotateG_01\"><\/div>\n\t\t\t\t<div class=\"blockG\" id=\"rotateG_02\"><\/div>\n\t\t\t\t<div class=\"blockG\" id=\"rotateG_03\"><\/div>\n\t\t\t\t<div class=\"blockG\" id=\"rotateG_04\"><\/div>\n\t\t\t\t<div class=\"blockG\" id=\"rotateG_05\"><\/div>\n\t\t\t\t<div class=\"blockG\" id=\"rotateG_06\"><\/div>\n\t\t\t\t<div class=\"blockG\" id=\"rotateG_07\"><\/div>\n\t\t\t\t<div class=\"blockG\" id=\"rotateG_08\"><\/div>\n\t\t\t<\/div>\n\t\t\t<div class=\"WooZone-cross-sell-loader-text\"><\/div>\n\t\t<\/div>\n\t<\/div>\n\n\t\t\n<\/div>\n<div style=\"clear:both;\"><\/div><\/p>\n","protected":false},"excerpt":{"rendered":"<p>100 St\u00fcck \u2013 Dankeskarten f\u00fcr Ihre Bestellung, luxuri\u00f6se Goldfolien-Blattpr\u00e4gung \/ Buchdruck von Hand auf beiden Seiten. Abgerundete Ecken.<br \/>\nGr\u00f6\u00dfe: 8,9 x 5,1 cm, glatte Oberfl\u00e4che, robuster 14 PT dicker Karton, unbeschichtetes Papier. (Standard-Visitenkartengr\u00f6\u00dfe). Nachricht auf (Vorderseite) &#8211; Vielen Dank f\u00fcr Ihre Bestellung. Haben Sie einen sch\u00f6nen Tag &amp; (zur\u00fcck) Wenn Sie irgendwelche Probleme mit diesem Kauf haben, kontaktieren Sie uns bitte so schnell wie m\u00f6glich und geben Sie uns die Chance, es richtig zu machen.<br \/>\nBeeindrucken Sie den Empf\u00e4nger \u2013 Ihre Kunden werden diese einzigartig gestalteten Dankeskarten lieben und sie werden helfen, einen guten Eindruck von Ihrem Unternehmen in seinem Kopf zu hinterlassen. Kann auch als Produktreferenz-\/Feedback-Anfragekarten verwendet werden.<\/p>\n","protected":false},"featured_media":40913,"comment_status":"open","ping_status":"closed","template":"","meta":[],"product_brand":[],"product_cat":[504,8527],"product_tag":[],"class_list":{"0":"post-40912","1":"product","2":"type-product","3":"status-publish","4":"has-post-thumbnail","6":"product_cat-buerobedarf-schreibwaren","7":"product_cat-papierprodukte","8":"pa_binding-buerobedarf-schreibwaren","9":"pa_brand-parth-impex","10":"pa_color-goldfolienpraegung-auf-weissem-hintergrund","11":"pa_manufacturer-parth-impex","12":"pa_model-pimpex-0124","13":"pa_size-size-2x3-5-standard-business-card-size","15":"first","16":"instock","17":"shipping-taxable","18":"purchasable","19":"product-type-simple","20":"customify-col","21":"product-has-gallery"},"yoast_head":"<!-- This site is optimized with the Yoast SEO plugin v27.4 - https:\/\/yoast.com\/product\/yoast-seo-wordpress\/ -->\n<title>Dankeskarten f\u00fcr Ihre Bestellung (100 St\u00fcck) atemberaubende Goldfolie Briefpresse 8,9 x 5,1 cm Verpackungseinlage. - Markt-XXL<\/title>\n<meta name=\"description\" content=\"Markt-XXL Dankeskarten f\u00fcr Ihre Bestellung (100 St\u00fcck) atemberaubende Goldfolie Briefpresse 8,9 x 5,1 cm Verpackungseinlage.\" \/>\n<meta name=\"robots\" content=\"index, follow, max-snippet:-1, max-image-preview:large, max-video-preview:-1\" \/>\n<link rel=\"canonical\" href=\"https:\/\/marktxxl.de\/markt\/produkt\/dankeskarten-fuer-ihre-bestellung-100-stueck-atemberaubende-goldfolie-briefpresse-89-x-51-cm-verpackungseinlage\/\" \/>\n<meta property=\"og:locale\" content=\"de_DE\" \/>\n<meta property=\"og:type\" content=\"article\" \/>\n<meta property=\"og:title\" content=\"Dankeskarten f\u00fcr Ihre Bestellung (100 St\u00fcck) atemberaubende Goldfolie Briefpresse 8,9 x 5,1 cm Verpackungseinlage. - Markt-XXL\" \/>\n<meta property=\"og:description\" content=\"Markt-XXL Dankeskarten f\u00fcr Ihre Bestellung (100 St\u00fcck) atemberaubende Goldfolie Briefpresse 8,9 x 5,1 cm Verpackungseinlage.\" \/>\n<meta property=\"og:url\" content=\"https:\/\/marktxxl.de\/markt\/produkt\/dankeskarten-fuer-ihre-bestellung-100-stueck-atemberaubende-goldfolie-briefpresse-89-x-51-cm-verpackungseinlage\/\" \/>\n<meta property=\"og:site_name\" content=\"Markt-XXL\" \/>\n<meta property=\"article:modified_time\" content=\"2023-04-09T23:43:18+00:00\" \/>\n<meta property=\"og:image\" content=\"https:\/\/m.media-amazon.com\/images\/I\/51maFxd0IUL._SL500_.jpg\" \/>\n\t<meta property=\"og:image:width\" content=\"500\" \/>\n\t<meta property=\"og:image:height\" content=\"500\" \/>\n\t<meta property=\"og:image:type\" content=\"image\/jpeg\" \/>\n<meta name=\"twitter:card\" content=\"summary_large_image\" \/>\n<meta name=\"twitter:label1\" content=\"Gesch\u00e4tzte Lesezeit\" \/>\n\t<meta name=\"twitter:data1\" content=\"1\u00a0Minute\" \/>\n<script type=\"application\/ld+json\" class=\"yoast-schema-graph\">{\"@context\":\"https:\\\/\\\/schema.org\",\"@graph\":[{\"@type\":\"WebPage\",\"@id\":\"https:\\\/\\\/marktxxl.de\\\/markt\\\/produkt\\\/dankeskarten-fuer-ihre-bestellung-100-stueck-atemberaubende-goldfolie-briefpresse-89-x-51-cm-verpackungseinlage\\\/\",\"url\":\"https:\\\/\\\/marktxxl.de\\\/markt\\\/produkt\\\/dankeskarten-fuer-ihre-bestellung-100-stueck-atemberaubende-goldfolie-briefpresse-89-x-51-cm-verpackungseinlage\\\/\",\"name\":\"Dankeskarten f\u00fcr Ihre Bestellung (100 St\u00fcck) atemberaubende Goldfolie Briefpresse 8,9 x 5,1 cm Verpackungseinlage. - Markt-XXL\",\"isPartOf\":{\"@id\":\"https:\\\/\\\/marktxxl.de\\\/markt\\\/#website\"},\"primaryImageOfPage\":{\"@id\":\"https:\\\/\\\/marktxxl.de\\\/markt\\\/produkt\\\/dankeskarten-fuer-ihre-bestellung-100-stueck-atemberaubende-goldfolie-briefpresse-89-x-51-cm-verpackungseinlage\\\/#primaryimage\"},\"image\":{\"@id\":\"https:\\\/\\\/marktxxl.de\\\/markt\\\/produkt\\\/dankeskarten-fuer-ihre-bestellung-100-stueck-atemberaubende-goldfolie-briefpresse-89-x-51-cm-verpackungseinlage\\\/#primaryimage\"},\"thumbnailUrl\":\"https:\\\/\\\/m.media-amazon.com\\\/images\\\/I\\\/51maFxd0IUL._SL500_.jpg\",\"datePublished\":\"2021-09-26T11:45:32+00:00\",\"dateModified\":\"2023-04-09T23:43:18+00:00\",\"description\":\"Markt-XXL Dankeskarten f\u00fcr Ihre Bestellung (100 St\u00fcck) atemberaubende Goldfolie Briefpresse 8,9 x 5,1 cm Verpackungseinlage.\",\"breadcrumb\":{\"@id\":\"https:\\\/\\\/marktxxl.de\\\/markt\\\/produkt\\\/dankeskarten-fuer-ihre-bestellung-100-stueck-atemberaubende-goldfolie-briefpresse-89-x-51-cm-verpackungseinlage\\\/#breadcrumb\"},\"inLanguage\":\"de\",\"potentialAction\":[{\"@type\":\"ReadAction\",\"target\":[\"https:\\\/\\\/marktxxl.de\\\/markt\\\/produkt\\\/dankeskarten-fuer-ihre-bestellung-100-stueck-atemberaubende-goldfolie-briefpresse-89-x-51-cm-verpackungseinlage\\\/\"]}]},{\"@type\":\"ImageObject\",\"inLanguage\":\"de\",\"@id\":\"https:\\\/\\\/marktxxl.de\\\/markt\\\/produkt\\\/dankeskarten-fuer-ihre-bestellung-100-stueck-atemberaubende-goldfolie-briefpresse-89-x-51-cm-verpackungseinlage\\\/#primaryimage\",\"url\":\"https:\\\/\\\/m.media-amazon.com\\\/images\\\/I\\\/51maFxd0IUL._SL500_.jpg\",\"contentUrl\":\"https:\\\/\\\/m.media-amazon.com\\\/images\\\/I\\\/51maFxd0IUL._SL500_.jpg\",\"width\":500,\"height\":500},{\"@type\":\"BreadcrumbList\",\"@id\":\"https:\\\/\\\/marktxxl.de\\\/markt\\\/produkt\\\/dankeskarten-fuer-ihre-bestellung-100-stueck-atemberaubende-goldfolie-briefpresse-89-x-51-cm-verpackungseinlage\\\/#breadcrumb\",\"itemListElement\":[{\"@type\":\"ListItem\",\"position\":1,\"name\":\"Startseite\",\"item\":\"https:\\\/\\\/marktxxl.de\\\/markt\\\/\"},{\"@type\":\"ListItem\",\"position\":2,\"name\":\"Markt\",\"item\":\"https:\\\/\\\/marktxxl.de\\\/markt\\\/\"},{\"@type\":\"ListItem\",\"position\":3,\"name\":\"Dankeskarten f\u00fcr Ihre Bestellung (100 St\u00fcck) atemberaubende Goldfolie Briefpresse 8,9 x 5,1 cm Verpackungseinlage.\"}]},{\"@type\":\"WebSite\",\"@id\":\"https:\\\/\\\/marktxxl.de\\\/markt\\\/#website\",\"url\":\"https:\\\/\\\/marktxxl.de\\\/markt\\\/\",\"name\":\"Markt-XXL\",\"description\":\"Ihr Markt Online\",\"publisher\":{\"@id\":\"https:\\\/\\\/marktxxl.de\\\/markt\\\/#organization\"},\"potentialAction\":[{\"@type\":\"SearchAction\",\"target\":{\"@type\":\"EntryPoint\",\"urlTemplate\":\"https:\\\/\\\/marktxxl.de\\\/markt\\\/?s={search_term_string}\"},\"query-input\":{\"@type\":\"PropertyValueSpecification\",\"valueRequired\":true,\"valueName\":\"search_term_string\"}}],\"inLanguage\":\"de\"},{\"@type\":\"Organization\",\"@id\":\"https:\\\/\\\/marktxxl.de\\\/markt\\\/#organization\",\"name\":\"Markt-XXL\",\"url\":\"https:\\\/\\\/marktxxl.de\\\/markt\\\/\",\"logo\":{\"@type\":\"ImageObject\",\"inLanguage\":\"de\",\"@id\":\"https:\\\/\\\/marktxxl.de\\\/markt\\\/#\\\/schema\\\/logo\\\/image\\\/\",\"url\":\"https:\\\/\\\/marktxxl.de\\\/markt\\\/wp-content\\\/uploads\\\/sites\\\/3\\\/2020\\\/12\\\/logo.png\",\"contentUrl\":\"https:\\\/\\\/marktxxl.de\\\/markt\\\/wp-content\\\/uploads\\\/sites\\\/3\\\/2020\\\/12\\\/logo.png\",\"width\":200,\"height\":70,\"caption\":\"Markt-XXL\"},\"image\":{\"@id\":\"https:\\\/\\\/marktxxl.de\\\/markt\\\/#\\\/schema\\\/logo\\\/image\\\/\"}}]}<\/script>\n<!-- \/ Yoast SEO plugin. -->","yoast_head_json":{"title":"Dankeskarten f\u00fcr Ihre Bestellung (100 St\u00fcck) atemberaubende Goldfolie Briefpresse 8,9 x 5,1 cm Verpackungseinlage. - Markt-XXL","description":"Markt-XXL Dankeskarten f\u00fcr Ihre Bestellung (100 St\u00fcck) atemberaubende Goldfolie Briefpresse 8,9 x 5,1 cm Verpackungseinlage.","robots":{"index":"index","follow":"follow","max-snippet":"max-snippet:-1","max-image-preview":"max-image-preview:large","max-video-preview":"max-video-preview:-1"},"canonical":"https:\/\/marktxxl.de\/markt\/produkt\/dankeskarten-fuer-ihre-bestellung-100-stueck-atemberaubende-goldfolie-briefpresse-89-x-51-cm-verpackungseinlage\/","og_locale":"de_DE","og_type":"article","og_title":"Dankeskarten f\u00fcr Ihre Bestellung (100 St\u00fcck) atemberaubende Goldfolie Briefpresse 8,9 x 5,1 cm Verpackungseinlage. - Markt-XXL","og_description":"Markt-XXL Dankeskarten f\u00fcr Ihre Bestellung (100 St\u00fcck) atemberaubende Goldfolie Briefpresse 8,9 x 5,1 cm Verpackungseinlage.","og_url":"https:\/\/marktxxl.de\/markt\/produkt\/dankeskarten-fuer-ihre-bestellung-100-stueck-atemberaubende-goldfolie-briefpresse-89-x-51-cm-verpackungseinlage\/","og_site_name":"Markt-XXL","article_modified_time":"2023-04-09T23:43:18+00:00","og_image":[{"width":500,"height":500,"url":"https:\/\/m.media-amazon.com\/images\/I\/51maFxd0IUL._SL500_.jpg","type":"image\/jpeg"}],"twitter_card":"summary_large_image","twitter_misc":{"Gesch\u00e4tzte Lesezeit":"1\u00a0Minute"},"schema":{"@context":"https:\/\/schema.org","@graph":[{"@type":"WebPage","@id":"https:\/\/marktxxl.de\/markt\/produkt\/dankeskarten-fuer-ihre-bestellung-100-stueck-atemberaubende-goldfolie-briefpresse-89-x-51-cm-verpackungseinlage\/","url":"https:\/\/marktxxl.de\/markt\/produkt\/dankeskarten-fuer-ihre-bestellung-100-stueck-atemberaubende-goldfolie-briefpresse-89-x-51-cm-verpackungseinlage\/","name":"Dankeskarten f\u00fcr Ihre Bestellung (100 St\u00fcck) atemberaubende Goldfolie Briefpresse 8,9 x 5,1 cm Verpackungseinlage. - Markt-XXL","isPartOf":{"@id":"https:\/\/marktxxl.de\/markt\/#website"},"primaryImageOfPage":{"@id":"https:\/\/marktxxl.de\/markt\/produkt\/dankeskarten-fuer-ihre-bestellung-100-stueck-atemberaubende-goldfolie-briefpresse-89-x-51-cm-verpackungseinlage\/#primaryimage"},"image":{"@id":"https:\/\/marktxxl.de\/markt\/produkt\/dankeskarten-fuer-ihre-bestellung-100-stueck-atemberaubende-goldfolie-briefpresse-89-x-51-cm-verpackungseinlage\/#primaryimage"},"thumbnailUrl":"https:\/\/m.media-amazon.com\/images\/I\/51maFxd0IUL._SL500_.jpg","datePublished":"2021-09-26T11:45:32+00:00","dateModified":"2023-04-09T23:43:18+00:00","description":"Markt-XXL Dankeskarten f\u00fcr Ihre Bestellung (100 St\u00fcck) atemberaubende Goldfolie Briefpresse 8,9 x 5,1 cm Verpackungseinlage.","breadcrumb":{"@id":"https:\/\/marktxxl.de\/markt\/produkt\/dankeskarten-fuer-ihre-bestellung-100-stueck-atemberaubende-goldfolie-briefpresse-89-x-51-cm-verpackungseinlage\/#breadcrumb"},"inLanguage":"de","potentialAction":[{"@type":"ReadAction","target":["https:\/\/marktxxl.de\/markt\/produkt\/dankeskarten-fuer-ihre-bestellung-100-stueck-atemberaubende-goldfolie-briefpresse-89-x-51-cm-verpackungseinlage\/"]}]},{"@type":"ImageObject","inLanguage":"de","@id":"https:\/\/marktxxl.de\/markt\/produkt\/dankeskarten-fuer-ihre-bestellung-100-stueck-atemberaubende-goldfolie-briefpresse-89-x-51-cm-verpackungseinlage\/#primaryimage","url":"https:\/\/m.media-amazon.com\/images\/I\/51maFxd0IUL._SL500_.jpg","contentUrl":"https:\/\/m.media-amazon.com\/images\/I\/51maFxd0IUL._SL500_.jpg","width":500,"height":500},{"@type":"BreadcrumbList","@id":"https:\/\/marktxxl.de\/markt\/produkt\/dankeskarten-fuer-ihre-bestellung-100-stueck-atemberaubende-goldfolie-briefpresse-89-x-51-cm-verpackungseinlage\/#breadcrumb","itemListElement":[{"@type":"ListItem","position":1,"name":"Startseite","item":"https:\/\/marktxxl.de\/markt\/"},{"@type":"ListItem","position":2,"name":"Markt","item":"https:\/\/marktxxl.de\/markt\/"},{"@type":"ListItem","position":3,"name":"Dankeskarten f\u00fcr Ihre Bestellung (100 St\u00fcck) atemberaubende Goldfolie Briefpresse 8,9 x 5,1 cm Verpackungseinlage."}]},{"@type":"WebSite","@id":"https:\/\/marktxxl.de\/markt\/#website","url":"https:\/\/marktxxl.de\/markt\/","name":"Markt-XXL","description":"Ihr Markt Online","publisher":{"@id":"https:\/\/marktxxl.de\/markt\/#organization"},"potentialAction":[{"@type":"SearchAction","target":{"@type":"EntryPoint","urlTemplate":"https:\/\/marktxxl.de\/markt\/?s={search_term_string}"},"query-input":{"@type":"PropertyValueSpecification","valueRequired":true,"valueName":"search_term_string"}}],"inLanguage":"de"},{"@type":"Organization","@id":"https:\/\/marktxxl.de\/markt\/#organization","name":"Markt-XXL","url":"https:\/\/marktxxl.de\/markt\/","logo":{"@type":"ImageObject","inLanguage":"de","@id":"https:\/\/marktxxl.de\/markt\/#\/schema\/logo\/image\/","url":"https:\/\/marktxxl.de\/markt\/wp-content\/uploads\/sites\/3\/2020\/12\/logo.png","contentUrl":"https:\/\/marktxxl.de\/markt\/wp-content\/uploads\/sites\/3\/2020\/12\/logo.png","width":200,"height":70,"caption":"Markt-XXL"},"image":{"@id":"https:\/\/marktxxl.de\/markt\/#\/schema\/logo\/image\/"}}]}},"_links":{"self":[{"href":"https:\/\/marktxxl.de\/markt\/wp-json\/wp\/v2\/product\/40912","targetHints":{"allow":["GET"]}}],"collection":[{"href":"https:\/\/marktxxl.de\/markt\/wp-json\/wp\/v2\/product"}],"about":[{"href":"https:\/\/marktxxl.de\/markt\/wp-json\/wp\/v2\/types\/product"}],"replies":[{"embeddable":true,"href":"https:\/\/marktxxl.de\/markt\/wp-json\/wp\/v2\/comments?post=40912"}],"wp:featuredmedia":[{"embeddable":true,"href":"https:\/\/marktxxl.de\/markt\/wp-json\/wp\/v2\/media\/40913"}],"wp:attachment":[{"href":"https:\/\/marktxxl.de\/markt\/wp-json\/wp\/v2\/media?parent=40912"}],"wp:term":[{"taxonomy":"product_brand","embeddable":true,"href":"https:\/\/marktxxl.de\/markt\/wp-json\/wp\/v2\/product_brand?post=40912"},{"taxonomy":"product_cat","embeddable":true,"href":"https:\/\/marktxxl.de\/markt\/wp-json\/wp\/v2\/product_cat?post=40912"},{"taxonomy":"product_tag","embeddable":true,"href":"https:\/\/marktxxl.de\/markt\/wp-json\/wp\/v2\/product_tag?post=40912"}],"curies":[{"name":"wp","href":"https:\/\/api.w.org\/{rel}","templated":true}]}}