{"id":40819,"date":"2021-09-26T13:45:07","date_gmt":"2021-09-26T11:45:07","guid":{"rendered":"https:\/\/marktxxl.de\/markt\/produkt\/superletic-kinesiologie-tape-schere-elite-teflonbeschichtete-3d-klingen-aus-rostfreiem-edelstahl-17cm-rechts-und-linkshaender\/"},"modified":"2023-04-10T01:43:16","modified_gmt":"2023-04-09T23:43:16","slug":"superletic-kinesiologie-tape-schere-elite-teflonbeschichtete-3d-klingen-aus-rostfreiem-edelstahl-17cm-rechts-und-linkshaender","status":"publish","type":"product","link":"https:\/\/marktxxl.de\/markt\/produkt\/superletic-kinesiologie-tape-schere-elite-teflonbeschichtete-3d-klingen-aus-rostfreiem-edelstahl-17cm-rechts-und-linkshaender\/","title":{"rendered":"SUPERLETIC Verbandschere Tape -Kinesiologie Tape Schere,Krankenschwester Verbandskasten Medizinische Schere |3D\u2026"},"content":{"rendered":"<p>KEIN VERKLEBEN \u2013 Die hochwertige Teflonbeschichtung und die einzigartigen Klingen aus rostfreiem Edelstahl sorgen f\u00fcr ein m\u00fcheloses Schneiden ohne st\u00f6rendes Verkleben des Kinesiologie Tapes.<br \/>\nINNOVATIVE 3D KLINGEN \u2013 Der patentierte 3D Spezialschliff mit hohlgeschliffenen Innenklingen erm\u00f6glicht einen pr\u00e4zisen Schnitt bis in die Scherenspitze \u2013 ganz einfach ohne H\u00e4ngenbleiben und Rei\u00dfen.<br \/>\nBLEIBT SCHARF \u2013 Die teflonbeschichteten Klingen sind 3-mal sch\u00e4rfer als bei handels\u00fcblichen Scheren und beg\u00fcnstigen eine ausdauernde herausragende Sch\u00e4rfe mit langanhaltender Schneidleistung \u2013 auch nach \u00fcber 300.000 Schnitten.<br \/>\nM\u00dcHELOSER SCHNITT \u2013 Der ergonomische Soft-Komfortgriff mit einer wertigen Anti-Rutsch Beschichtung schneidet pr\u00e4zise und m\u00fchelos. Die Gesamtl\u00e4nge von 17cm ist optimal f\u00fcr den Praxiseinsatz.<br \/>\nVON PHYSIOTHERAPEUTEN EMPFOHLEN \u2013 Die Schere ist besonders f\u00fcr das Schneiden von elastischen Kinesiologie Tapes, Bandagen, Pflaster und Verb\u00e4nden aller Art geeignet. Tapeing ist aus dem Sport und der Physio nicht mehr wegzudenken.<br \/>\n<div class=\"main-cross-sell\" data-asin=\"B07XZ9S14D\">\n\n\t<div class=\"WooZone-cross-sell-loader\">\n\t\t<div>\n\t\t\t<div id=\"floatingBarsG\">\n\t\t\t\t<div class=\"blockG\" id=\"rotateG_01\"><\/div>\n\t\t\t\t<div class=\"blockG\" id=\"rotateG_02\"><\/div>\n\t\t\t\t<div class=\"blockG\" id=\"rotateG_03\"><\/div>\n\t\t\t\t<div class=\"blockG\" id=\"rotateG_04\"><\/div>\n\t\t\t\t<div class=\"blockG\" id=\"rotateG_05\"><\/div>\n\t\t\t\t<div class=\"blockG\" id=\"rotateG_06\"><\/div>\n\t\t\t\t<div class=\"blockG\" id=\"rotateG_07\"><\/div>\n\t\t\t\t<div class=\"blockG\" id=\"rotateG_08\"><\/div>\n\t\t\t<\/div>\n\t\t\t<div class=\"WooZone-cross-sell-loader-text\"><\/div>\n\t\t<\/div>\n\t<\/div>\n\n\t\t\n<\/div>\n<div style=\"clear:both;\"><\/div><\/p>\n","protected":false},"excerpt":{"rendered":"<p>KEIN VERKLEBEN \u2013 Die hochwertige Teflonbeschichtung und die einzigartigen Klingen aus rostfreiem Edelstahl sorgen f\u00fcr ein m\u00fcheloses Schneiden ohne st\u00f6rendes Verkleben des Kinesiologie Tapes.<br \/>\nINNOVATIVE 3D KLINGEN \u2013 Der patentierte 3D Spezialschliff mit hohlgeschliffenen Innenklingen erm\u00f6glicht einen pr\u00e4zisen Schnitt bis in die Scherenspitze \u2013 ganz einfach ohne H\u00e4ngenbleiben und Rei\u00dfen.<br \/>\nBLEIBT SCHARF \u2013 Die teflonbeschichteten Klingen sind 3-mal sch\u00e4rfer als bei handels\u00fcblichen Scheren und beg\u00fcnstigen eine ausdauernde herausragende Sch\u00e4rfe mit langanhaltender Schneidleistung \u2013 auch nach \u00fcber 300.000 Schnitten.<\/p>\n","protected":false},"featured_media":40820,"comment_status":"open","ping_status":"closed","template":"","meta":[],"product_brand":[],"product_cat":[504],"product_tag":[],"class_list":{"0":"post-40819","1":"product","2":"type-product","3":"status-publish","4":"has-post-thumbnail","6":"product_cat-buerobedarf-schreibwaren","7":"pa_binding-badartikel","8":"pa_brand-superletic","9":"pa_color-schwarz","10":"pa_height-0-3937-zoll","11":"pa_length-3-70078-zoll","12":"pa_manufacturer-superletic","13":"pa_size-1-stueck-1er-pack","14":"pa_weight-0-13448197982-pfund","15":"pa_width-8-6614-zoll","17":"first","18":"instock","19":"shipping-taxable","20":"purchasable","21":"product-type-simple","22":"customify-col","23":"product-has-gallery"},"yoast_head":"<!-- This site is optimized with the Yoast SEO plugin v27.4 - https:\/\/yoast.com\/product\/yoast-seo-wordpress\/ -->\n<title>SUPERLETIC Verbandschere Tape -Kinesiologie Tape Schere,Krankenschwester Verbandskasten Medizinische Schere |3D\u2026 - Markt-XXL<\/title>\n<meta name=\"description\" content=\"Markt-XXL SUPERLETIC Verbandschere Tape -Kinesiologie Tape Schere,Krankenschwester Verbandskasten Medizinische Schere |3D\u2026\" \/>\n<meta name=\"robots\" content=\"index, follow, max-snippet:-1, max-image-preview:large, max-video-preview:-1\" \/>\n<link rel=\"canonical\" href=\"https:\/\/marktxxl.de\/markt\/produkt\/superletic-kinesiologie-tape-schere-elite-teflonbeschichtete-3d-klingen-aus-rostfreiem-edelstahl-17cm-rechts-und-linkshaender\/\" \/>\n<meta property=\"og:locale\" content=\"de_DE\" \/>\n<meta property=\"og:type\" content=\"article\" \/>\n<meta property=\"og:title\" content=\"SUPERLETIC Verbandschere Tape -Kinesiologie Tape Schere,Krankenschwester Verbandskasten Medizinische Schere |3D\u2026 - Markt-XXL\" \/>\n<meta property=\"og:description\" content=\"Markt-XXL SUPERLETIC Verbandschere Tape -Kinesiologie Tape Schere,Krankenschwester Verbandskasten Medizinische Schere |3D\u2026\" \/>\n<meta property=\"og:url\" content=\"https:\/\/marktxxl.de\/markt\/produkt\/superletic-kinesiologie-tape-schere-elite-teflonbeschichtete-3d-klingen-aus-rostfreiem-edelstahl-17cm-rechts-und-linkshaender\/\" \/>\n<meta property=\"og:site_name\" content=\"Markt-XXL\" \/>\n<meta property=\"article:modified_time\" content=\"2023-04-09T23:43:16+00:00\" \/>\n<meta property=\"og:image\" content=\"https:\/\/m.media-amazon.com\/images\/I\/41gROgZlT4L._SL500_.jpg\" \/>\n\t<meta property=\"og:image:width\" content=\"500\" \/>\n\t<meta property=\"og:image:height\" content=\"500\" \/>\n\t<meta property=\"og:image:type\" content=\"image\/jpeg\" \/>\n<meta name=\"twitter:card\" content=\"summary_large_image\" \/>\n<meta name=\"twitter:label1\" content=\"Gesch\u00e4tzte Lesezeit\" \/>\n\t<meta name=\"twitter:data1\" content=\"1\u00a0Minute\" \/>\n<script type=\"application\/ld+json\" class=\"yoast-schema-graph\">{\"@context\":\"https:\\\/\\\/schema.org\",\"@graph\":[{\"@type\":\"WebPage\",\"@id\":\"https:\\\/\\\/marktxxl.de\\\/markt\\\/produkt\\\/superletic-kinesiologie-tape-schere-elite-teflonbeschichtete-3d-klingen-aus-rostfreiem-edelstahl-17cm-rechts-und-linkshaender\\\/\",\"url\":\"https:\\\/\\\/marktxxl.de\\\/markt\\\/produkt\\\/superletic-kinesiologie-tape-schere-elite-teflonbeschichtete-3d-klingen-aus-rostfreiem-edelstahl-17cm-rechts-und-linkshaender\\\/\",\"name\":\"SUPERLETIC Verbandschere Tape -Kinesiologie Tape Schere,Krankenschwester Verbandskasten Medizinische Schere |3D\u2026 - Markt-XXL\",\"isPartOf\":{\"@id\":\"https:\\\/\\\/marktxxl.de\\\/markt\\\/#website\"},\"primaryImageOfPage\":{\"@id\":\"https:\\\/\\\/marktxxl.de\\\/markt\\\/produkt\\\/superletic-kinesiologie-tape-schere-elite-teflonbeschichtete-3d-klingen-aus-rostfreiem-edelstahl-17cm-rechts-und-linkshaender\\\/#primaryimage\"},\"image\":{\"@id\":\"https:\\\/\\\/marktxxl.de\\\/markt\\\/produkt\\\/superletic-kinesiologie-tape-schere-elite-teflonbeschichtete-3d-klingen-aus-rostfreiem-edelstahl-17cm-rechts-und-linkshaender\\\/#primaryimage\"},\"thumbnailUrl\":\"https:\\\/\\\/m.media-amazon.com\\\/images\\\/I\\\/41gROgZlT4L._SL500_.jpg\",\"datePublished\":\"2021-09-26T11:45:07+00:00\",\"dateModified\":\"2023-04-09T23:43:16+00:00\",\"description\":\"Markt-XXL SUPERLETIC Verbandschere Tape -Kinesiologie Tape Schere,Krankenschwester Verbandskasten Medizinische Schere |3D\u2026\",\"breadcrumb\":{\"@id\":\"https:\\\/\\\/marktxxl.de\\\/markt\\\/produkt\\\/superletic-kinesiologie-tape-schere-elite-teflonbeschichtete-3d-klingen-aus-rostfreiem-edelstahl-17cm-rechts-und-linkshaender\\\/#breadcrumb\"},\"inLanguage\":\"de\",\"potentialAction\":[{\"@type\":\"ReadAction\",\"target\":[\"https:\\\/\\\/marktxxl.de\\\/markt\\\/produkt\\\/superletic-kinesiologie-tape-schere-elite-teflonbeschichtete-3d-klingen-aus-rostfreiem-edelstahl-17cm-rechts-und-linkshaender\\\/\"]}]},{\"@type\":\"ImageObject\",\"inLanguage\":\"de\",\"@id\":\"https:\\\/\\\/marktxxl.de\\\/markt\\\/produkt\\\/superletic-kinesiologie-tape-schere-elite-teflonbeschichtete-3d-klingen-aus-rostfreiem-edelstahl-17cm-rechts-und-linkshaender\\\/#primaryimage\",\"url\":\"https:\\\/\\\/m.media-amazon.com\\\/images\\\/I\\\/41gROgZlT4L._SL500_.jpg\",\"contentUrl\":\"https:\\\/\\\/m.media-amazon.com\\\/images\\\/I\\\/41gROgZlT4L._SL500_.jpg\",\"width\":500,\"height\":500},{\"@type\":\"BreadcrumbList\",\"@id\":\"https:\\\/\\\/marktxxl.de\\\/markt\\\/produkt\\\/superletic-kinesiologie-tape-schere-elite-teflonbeschichtete-3d-klingen-aus-rostfreiem-edelstahl-17cm-rechts-und-linkshaender\\\/#breadcrumb\",\"itemListElement\":[{\"@type\":\"ListItem\",\"position\":1,\"name\":\"Startseite\",\"item\":\"https:\\\/\\\/marktxxl.de\\\/markt\\\/\"},{\"@type\":\"ListItem\",\"position\":2,\"name\":\"Markt\",\"item\":\"https:\\\/\\\/marktxxl.de\\\/markt\\\/\"},{\"@type\":\"ListItem\",\"position\":3,\"name\":\"SUPERLETIC Verbandschere Tape -Kinesiologie Tape Schere,Krankenschwester Verbandskasten Medizinische Schere |3D\u2026\"}]},{\"@type\":\"WebSite\",\"@id\":\"https:\\\/\\\/marktxxl.de\\\/markt\\\/#website\",\"url\":\"https:\\\/\\\/marktxxl.de\\\/markt\\\/\",\"name\":\"Markt-XXL\",\"description\":\"Ihr Markt Online\",\"publisher\":{\"@id\":\"https:\\\/\\\/marktxxl.de\\\/markt\\\/#organization\"},\"potentialAction\":[{\"@type\":\"SearchAction\",\"target\":{\"@type\":\"EntryPoint\",\"urlTemplate\":\"https:\\\/\\\/marktxxl.de\\\/markt\\\/?s={search_term_string}\"},\"query-input\":{\"@type\":\"PropertyValueSpecification\",\"valueRequired\":true,\"valueName\":\"search_term_string\"}}],\"inLanguage\":\"de\"},{\"@type\":\"Organization\",\"@id\":\"https:\\\/\\\/marktxxl.de\\\/markt\\\/#organization\",\"name\":\"Markt-XXL\",\"url\":\"https:\\\/\\\/marktxxl.de\\\/markt\\\/\",\"logo\":{\"@type\":\"ImageObject\",\"inLanguage\":\"de\",\"@id\":\"https:\\\/\\\/marktxxl.de\\\/markt\\\/#\\\/schema\\\/logo\\\/image\\\/\",\"url\":\"https:\\\/\\\/marktxxl.de\\\/markt\\\/wp-content\\\/uploads\\\/sites\\\/3\\\/2020\\\/12\\\/logo.png\",\"contentUrl\":\"https:\\\/\\\/marktxxl.de\\\/markt\\\/wp-content\\\/uploads\\\/sites\\\/3\\\/2020\\\/12\\\/logo.png\",\"width\":200,\"height\":70,\"caption\":\"Markt-XXL\"},\"image\":{\"@id\":\"https:\\\/\\\/marktxxl.de\\\/markt\\\/#\\\/schema\\\/logo\\\/image\\\/\"}}]}<\/script>\n<!-- \/ Yoast SEO plugin. -->","yoast_head_json":{"title":"SUPERLETIC Verbandschere Tape -Kinesiologie Tape Schere,Krankenschwester Verbandskasten Medizinische Schere |3D\u2026 - Markt-XXL","description":"Markt-XXL SUPERLETIC Verbandschere Tape -Kinesiologie Tape Schere,Krankenschwester Verbandskasten Medizinische Schere |3D\u2026","robots":{"index":"index","follow":"follow","max-snippet":"max-snippet:-1","max-image-preview":"max-image-preview:large","max-video-preview":"max-video-preview:-1"},"canonical":"https:\/\/marktxxl.de\/markt\/produkt\/superletic-kinesiologie-tape-schere-elite-teflonbeschichtete-3d-klingen-aus-rostfreiem-edelstahl-17cm-rechts-und-linkshaender\/","og_locale":"de_DE","og_type":"article","og_title":"SUPERLETIC Verbandschere Tape -Kinesiologie Tape Schere,Krankenschwester Verbandskasten Medizinische Schere |3D\u2026 - Markt-XXL","og_description":"Markt-XXL SUPERLETIC Verbandschere Tape -Kinesiologie Tape Schere,Krankenschwester Verbandskasten Medizinische Schere |3D\u2026","og_url":"https:\/\/marktxxl.de\/markt\/produkt\/superletic-kinesiologie-tape-schere-elite-teflonbeschichtete-3d-klingen-aus-rostfreiem-edelstahl-17cm-rechts-und-linkshaender\/","og_site_name":"Markt-XXL","article_modified_time":"2023-04-09T23:43:16+00:00","og_image":[{"width":500,"height":500,"url":"https:\/\/m.media-amazon.com\/images\/I\/41gROgZlT4L._SL500_.jpg","type":"image\/jpeg"}],"twitter_card":"summary_large_image","twitter_misc":{"Gesch\u00e4tzte Lesezeit":"1\u00a0Minute"},"schema":{"@context":"https:\/\/schema.org","@graph":[{"@type":"WebPage","@id":"https:\/\/marktxxl.de\/markt\/produkt\/superletic-kinesiologie-tape-schere-elite-teflonbeschichtete-3d-klingen-aus-rostfreiem-edelstahl-17cm-rechts-und-linkshaender\/","url":"https:\/\/marktxxl.de\/markt\/produkt\/superletic-kinesiologie-tape-schere-elite-teflonbeschichtete-3d-klingen-aus-rostfreiem-edelstahl-17cm-rechts-und-linkshaender\/","name":"SUPERLETIC Verbandschere Tape -Kinesiologie Tape Schere,Krankenschwester Verbandskasten Medizinische Schere |3D\u2026 - Markt-XXL","isPartOf":{"@id":"https:\/\/marktxxl.de\/markt\/#website"},"primaryImageOfPage":{"@id":"https:\/\/marktxxl.de\/markt\/produkt\/superletic-kinesiologie-tape-schere-elite-teflonbeschichtete-3d-klingen-aus-rostfreiem-edelstahl-17cm-rechts-und-linkshaender\/#primaryimage"},"image":{"@id":"https:\/\/marktxxl.de\/markt\/produkt\/superletic-kinesiologie-tape-schere-elite-teflonbeschichtete-3d-klingen-aus-rostfreiem-edelstahl-17cm-rechts-und-linkshaender\/#primaryimage"},"thumbnailUrl":"https:\/\/m.media-amazon.com\/images\/I\/41gROgZlT4L._SL500_.jpg","datePublished":"2021-09-26T11:45:07+00:00","dateModified":"2023-04-09T23:43:16+00:00","description":"Markt-XXL SUPERLETIC Verbandschere Tape -Kinesiologie Tape Schere,Krankenschwester Verbandskasten Medizinische Schere |3D\u2026","breadcrumb":{"@id":"https:\/\/marktxxl.de\/markt\/produkt\/superletic-kinesiologie-tape-schere-elite-teflonbeschichtete-3d-klingen-aus-rostfreiem-edelstahl-17cm-rechts-und-linkshaender\/#breadcrumb"},"inLanguage":"de","potentialAction":[{"@type":"ReadAction","target":["https:\/\/marktxxl.de\/markt\/produkt\/superletic-kinesiologie-tape-schere-elite-teflonbeschichtete-3d-klingen-aus-rostfreiem-edelstahl-17cm-rechts-und-linkshaender\/"]}]},{"@type":"ImageObject","inLanguage":"de","@id":"https:\/\/marktxxl.de\/markt\/produkt\/superletic-kinesiologie-tape-schere-elite-teflonbeschichtete-3d-klingen-aus-rostfreiem-edelstahl-17cm-rechts-und-linkshaender\/#primaryimage","url":"https:\/\/m.media-amazon.com\/images\/I\/41gROgZlT4L._SL500_.jpg","contentUrl":"https:\/\/m.media-amazon.com\/images\/I\/41gROgZlT4L._SL500_.jpg","width":500,"height":500},{"@type":"BreadcrumbList","@id":"https:\/\/marktxxl.de\/markt\/produkt\/superletic-kinesiologie-tape-schere-elite-teflonbeschichtete-3d-klingen-aus-rostfreiem-edelstahl-17cm-rechts-und-linkshaender\/#breadcrumb","itemListElement":[{"@type":"ListItem","position":1,"name":"Startseite","item":"https:\/\/marktxxl.de\/markt\/"},{"@type":"ListItem","position":2,"name":"Markt","item":"https:\/\/marktxxl.de\/markt\/"},{"@type":"ListItem","position":3,"name":"SUPERLETIC Verbandschere Tape -Kinesiologie Tape Schere,Krankenschwester Verbandskasten Medizinische Schere |3D\u2026"}]},{"@type":"WebSite","@id":"https:\/\/marktxxl.de\/markt\/#website","url":"https:\/\/marktxxl.de\/markt\/","name":"Markt-XXL","description":"Ihr Markt Online","publisher":{"@id":"https:\/\/marktxxl.de\/markt\/#organization"},"potentialAction":[{"@type":"SearchAction","target":{"@type":"EntryPoint","urlTemplate":"https:\/\/marktxxl.de\/markt\/?s={search_term_string}"},"query-input":{"@type":"PropertyValueSpecification","valueRequired":true,"valueName":"search_term_string"}}],"inLanguage":"de"},{"@type":"Organization","@id":"https:\/\/marktxxl.de\/markt\/#organization","name":"Markt-XXL","url":"https:\/\/marktxxl.de\/markt\/","logo":{"@type":"ImageObject","inLanguage":"de","@id":"https:\/\/marktxxl.de\/markt\/#\/schema\/logo\/image\/","url":"https:\/\/marktxxl.de\/markt\/wp-content\/uploads\/sites\/3\/2020\/12\/logo.png","contentUrl":"https:\/\/marktxxl.de\/markt\/wp-content\/uploads\/sites\/3\/2020\/12\/logo.png","width":200,"height":70,"caption":"Markt-XXL"},"image":{"@id":"https:\/\/marktxxl.de\/markt\/#\/schema\/logo\/image\/"}}]}},"_links":{"self":[{"href":"https:\/\/marktxxl.de\/markt\/wp-json\/wp\/v2\/product\/40819","targetHints":{"allow":["GET"]}}],"collection":[{"href":"https:\/\/marktxxl.de\/markt\/wp-json\/wp\/v2\/product"}],"about":[{"href":"https:\/\/marktxxl.de\/markt\/wp-json\/wp\/v2\/types\/product"}],"replies":[{"embeddable":true,"href":"https:\/\/marktxxl.de\/markt\/wp-json\/wp\/v2\/comments?post=40819"}],"wp:featuredmedia":[{"embeddable":true,"href":"https:\/\/marktxxl.de\/markt\/wp-json\/wp\/v2\/media\/40820"}],"wp:attachment":[{"href":"https:\/\/marktxxl.de\/markt\/wp-json\/wp\/v2\/media?parent=40819"}],"wp:term":[{"taxonomy":"product_brand","embeddable":true,"href":"https:\/\/marktxxl.de\/markt\/wp-json\/wp\/v2\/product_brand?post=40819"},{"taxonomy":"product_cat","embeddable":true,"href":"https:\/\/marktxxl.de\/markt\/wp-json\/wp\/v2\/product_cat?post=40819"},{"taxonomy":"product_tag","embeddable":true,"href":"https:\/\/marktxxl.de\/markt\/wp-json\/wp\/v2\/product_tag?post=40819"}],"curies":[{"name":"wp","href":"https:\/\/api.w.org\/{rel}","templated":true}]}}