{"id":40668,"date":"2021-09-26T13:42:04","date_gmt":"2021-09-26T11:42:04","guid":{"rendered":"https:\/\/marktxxl.de\/markt\/produkt\/luckeecards-3d-katzen-grusskarte-pop-up-karte-einladungskarte-geschenkkarte-mit-motiv-katzen-auf-dem-sofa-fuer-katzenfreunde-gutscheinkarte\/"},"modified":"2023-04-10T01:43:12","modified_gmt":"2023-04-09T23:43:12","slug":"luckeecards-3d-katzen-grusskarte-pop-up-karte-einladungskarte-geschenkkarte-mit-motiv-katzen-auf-dem-sofa-fuer-katzenfreunde-gutscheinkarte","status":"publish","type":"product","link":"https:\/\/marktxxl.de\/markt\/produkt\/luckeecards-3d-katzen-grusskarte-pop-up-karte-einladungskarte-geschenkkarte-mit-motiv-katzen-auf-dem-sofa-fuer-katzenfreunde-gutscheinkarte\/","title":{"rendered":"LuckeeCards\u00ae 3D-Katzen Gru\u00dfkarte &#8211; Pop-up Karte &#8211; Einladungskarte &#8211; Geschenkkarte mit Motiv &#8211; Katzen auf dem Sofa &#8211; f\u00fcr\u2026"},"content":{"rendered":"<p>? VERSCHENKE FREUDE: Du m\u00f6chtest einem ganz besonderen Menschen einen unvergesslichen Moment schenken? Dann hast Du die perfekte Karte gefunden. Beim \u00d6ffnen dieser tollen 3D Pop Up Karte entfalten sich drei s\u00fc\u00dfe dreidimensionale Katzen auf einem Sofa, die mit einem Wollkn\u00e4uel spielen. Mit dieser Karte wirst Du jedem ein L\u00e4cheln ins Gesicht zaubern.<br \/>\n? EIN KLEINES KUNSTWERK: Wir lieben unsere Karten und fertigen sie f\u00fcr Dich mit modernster Technik und geschickter Handarbeit aus hochwertigem, festem Papier. Dank der hohen Qualit\u00e4t l\u00e4sst sich die Karte so oft \u00f6ffnen und schlie\u00dfen wie Du m\u00f6chtest.<br \/>\n? ECHTER ALLROUNDER: Diese Karte kennt keine Grenzen. Ob als Geburtstagskarte, Einladungskarte, als Gutschein oder f\u00fcr Geldgeschenke. Diese Gru\u00dfkarte wird Deine Lieben und jeden Katzenliebhaber begeistern.<br \/>\n? KOMPLETT PAKET: Ganze 17 x 12,5 cm misst diese Gru\u00dfkarte aufgeklappt. Genug Platz f\u00fcr Deine eigenen Gl\u00fcckwunschzeilen. Und damit Du Zeit sparst, schicken wir den perfekt passenden wei\u00dfen Umschlag gleich mit. Sicher verpackt in einer Schutzfolie. Und dann einfach die Karte zusammenklappen, in das Kuvert stecken und schon bist Du fertig.<br \/>\n? ZUFRIEDENHEITSGARANTIE: Strahlende Augen &#8211; das ist unser Ziel. Deshalb sind wir von LuckeeCards immer f\u00fcr Dich ansprechbar. Und ganz klar: Du sollst zu 100\u00a0% zufrieden sein &#8211; sonst gibt es Dein Geld zur\u00fcck. \u00dcberzeuge Dich von unserem Service und schenke Deinen liebsten einen wundersch\u00f6nen Moment.<br \/>\n<div class=\"main-cross-sell\" data-asin=\"B07DCPW1L7\">\n\n\t<div class=\"WooZone-cross-sell-loader\">\n\t\t<div>\n\t\t\t<div id=\"floatingBarsG\">\n\t\t\t\t<div class=\"blockG\" id=\"rotateG_01\"><\/div>\n\t\t\t\t<div class=\"blockG\" id=\"rotateG_02\"><\/div>\n\t\t\t\t<div class=\"blockG\" id=\"rotateG_03\"><\/div>\n\t\t\t\t<div class=\"blockG\" id=\"rotateG_04\"><\/div>\n\t\t\t\t<div class=\"blockG\" id=\"rotateG_05\"><\/div>\n\t\t\t\t<div class=\"blockG\" id=\"rotateG_06\"><\/div>\n\t\t\t\t<div class=\"blockG\" id=\"rotateG_07\"><\/div>\n\t\t\t\t<div class=\"blockG\" id=\"rotateG_08\"><\/div>\n\t\t\t<\/div>\n\t\t\t<div class=\"WooZone-cross-sell-loader-text\"><\/div>\n\t\t<\/div>\n\t<\/div>\n\n\t\t\n<\/div>\n<div style=\"clear:both;\"><\/div><\/p>\n","protected":false},"excerpt":{"rendered":"<p>? VERSCHENKE FREUDE: Du m\u00f6chtest einem ganz besonderen Menschen einen unvergesslichen Moment schenken? Dann hast Du die perfekte Karte gefunden. Beim \u00d6ffnen dieser tollen 3D Pop Up Karte entfalten sich drei s\u00fc\u00dfe dreidimensionale Katzen auf einem Sofa, die mit einem Wollkn\u00e4uel spielen. Mit dieser Karte wirst Du jedem ein L\u00e4cheln ins Gesicht zaubern.<br \/>\n? EIN KLEINES KUNSTWERK: Wir lieben unsere Karten und fertigen sie f\u00fcr Dich mit modernster Technik und geschickter Handarbeit aus hochwertigem, festem Papier. Dank der hohen Qualit\u00e4t l\u00e4sst sich die Karte so oft \u00f6ffnen und schlie\u00dfen wie Du m\u00f6chtest.<br \/>\n? ECHTER ALLROUNDER: Diese Karte kennt keine Grenzen. Ob als Geburtstagskarte, Einladungskarte, als Gutschein oder f\u00fcr Geldgeschenke. Diese Gru\u00dfkarte wird Deine Lieben und jeden Katzenliebhaber begeistern.<\/p>\n","protected":false},"featured_media":40669,"comment_status":"open","ping_status":"closed","template":"","meta":[],"product_brand":[],"product_cat":[504],"product_tag":[],"class_list":{"0":"post-40668","1":"product","2":"type-product","3":"status-publish","4":"has-post-thumbnail","6":"product_cat-buerobedarf-schreibwaren","7":"pa_binding-buerobedarf-schreibwaren","8":"pa_brand-luckeecards","9":"pa_height-0-0393700787-zoll","10":"pa_length-6-692913379-zoll","11":"pa_model-pt-cg-0169","12":"pa_width-4-9212598375-zoll","14":"first","15":"instock","16":"shipping-taxable","17":"purchasable","18":"product-type-simple","19":"customify-col","20":"product-has-gallery"},"yoast_head":"<!-- This site is optimized with the Yoast SEO plugin v27.3 - https:\/\/yoast.com\/product\/yoast-seo-wordpress\/ -->\n<title>LuckeeCards\u00ae 3D-Katzen Gru\u00dfkarte - Pop-up Karte - Einladungskarte - Geschenkkarte mit Motiv - Katzen auf dem Sofa - f\u00fcr\u2026 - Markt-XXL<\/title>\n<meta name=\"description\" content=\"Markt-XXL LuckeeCards\u00ae 3D-Katzen Gru\u00dfkarte - Pop-up Karte - Einladungskarte - Geschenkkarte mit Motiv - Katzen auf dem Sofa - f\u00fcr\u2026\" \/>\n<meta name=\"robots\" content=\"index, follow, max-snippet:-1, max-image-preview:large, max-video-preview:-1\" \/>\n<link rel=\"canonical\" href=\"https:\/\/marktxxl.de\/markt\/produkt\/luckeecards-3d-katzen-grusskarte-pop-up-karte-einladungskarte-geschenkkarte-mit-motiv-katzen-auf-dem-sofa-fuer-katzenfreunde-gutscheinkarte\/\" \/>\n<meta property=\"og:locale\" content=\"de_DE\" \/>\n<meta property=\"og:type\" content=\"article\" \/>\n<meta property=\"og:title\" content=\"LuckeeCards\u00ae 3D-Katzen Gru\u00dfkarte - Pop-up Karte - Einladungskarte - Geschenkkarte mit Motiv - Katzen auf dem Sofa - f\u00fcr\u2026 - Markt-XXL\" \/>\n<meta property=\"og:description\" content=\"Markt-XXL LuckeeCards\u00ae 3D-Katzen Gru\u00dfkarte - Pop-up Karte - Einladungskarte - Geschenkkarte mit Motiv - Katzen auf dem Sofa - f\u00fcr\u2026\" \/>\n<meta property=\"og:url\" content=\"https:\/\/marktxxl.de\/markt\/produkt\/luckeecards-3d-katzen-grusskarte-pop-up-karte-einladungskarte-geschenkkarte-mit-motiv-katzen-auf-dem-sofa-fuer-katzenfreunde-gutscheinkarte\/\" \/>\n<meta property=\"og:site_name\" content=\"Markt-XXL\" \/>\n<meta property=\"article:modified_time\" content=\"2023-04-09T23:43:12+00:00\" \/>\n<meta property=\"og:image\" content=\"https:\/\/m.media-amazon.com\/images\/I\/41v3y7TRRHS._SL500_.jpg\" \/>\n\t<meta property=\"og:image:width\" content=\"500\" \/>\n\t<meta property=\"og:image:height\" content=\"500\" \/>\n\t<meta property=\"og:image:type\" content=\"image\/jpeg\" \/>\n<meta name=\"twitter:card\" content=\"summary_large_image\" \/>\n<meta name=\"twitter:label1\" content=\"Gesch\u00e4tzte Lesezeit\" \/>\n\t<meta name=\"twitter:data1\" content=\"1\u00a0Minute\" \/>\n<script type=\"application\/ld+json\" class=\"yoast-schema-graph\">{\"@context\":\"https:\\\/\\\/schema.org\",\"@graph\":[{\"@type\":\"WebPage\",\"@id\":\"https:\\\/\\\/marktxxl.de\\\/markt\\\/produkt\\\/luckeecards-3d-katzen-grusskarte-pop-up-karte-einladungskarte-geschenkkarte-mit-motiv-katzen-auf-dem-sofa-fuer-katzenfreunde-gutscheinkarte\\\/\",\"url\":\"https:\\\/\\\/marktxxl.de\\\/markt\\\/produkt\\\/luckeecards-3d-katzen-grusskarte-pop-up-karte-einladungskarte-geschenkkarte-mit-motiv-katzen-auf-dem-sofa-fuer-katzenfreunde-gutscheinkarte\\\/\",\"name\":\"LuckeeCards\u00ae 3D-Katzen Gru\u00dfkarte - Pop-up Karte - Einladungskarte - Geschenkkarte mit Motiv - Katzen auf dem Sofa - f\u00fcr\u2026 - Markt-XXL\",\"isPartOf\":{\"@id\":\"https:\\\/\\\/marktxxl.de\\\/markt\\\/#website\"},\"primaryImageOfPage\":{\"@id\":\"https:\\\/\\\/marktxxl.de\\\/markt\\\/produkt\\\/luckeecards-3d-katzen-grusskarte-pop-up-karte-einladungskarte-geschenkkarte-mit-motiv-katzen-auf-dem-sofa-fuer-katzenfreunde-gutscheinkarte\\\/#primaryimage\"},\"image\":{\"@id\":\"https:\\\/\\\/marktxxl.de\\\/markt\\\/produkt\\\/luckeecards-3d-katzen-grusskarte-pop-up-karte-einladungskarte-geschenkkarte-mit-motiv-katzen-auf-dem-sofa-fuer-katzenfreunde-gutscheinkarte\\\/#primaryimage\"},\"thumbnailUrl\":\"https:\\\/\\\/m.media-amazon.com\\\/images\\\/I\\\/41v3y7TRRHS._SL500_.jpg\",\"datePublished\":\"2021-09-26T11:42:04+00:00\",\"dateModified\":\"2023-04-09T23:43:12+00:00\",\"description\":\"Markt-XXL LuckeeCards\u00ae 3D-Katzen Gru\u00dfkarte - Pop-up Karte - Einladungskarte - Geschenkkarte mit Motiv - Katzen auf dem Sofa - f\u00fcr\u2026\",\"breadcrumb\":{\"@id\":\"https:\\\/\\\/marktxxl.de\\\/markt\\\/produkt\\\/luckeecards-3d-katzen-grusskarte-pop-up-karte-einladungskarte-geschenkkarte-mit-motiv-katzen-auf-dem-sofa-fuer-katzenfreunde-gutscheinkarte\\\/#breadcrumb\"},\"inLanguage\":\"de\",\"potentialAction\":[{\"@type\":\"ReadAction\",\"target\":[\"https:\\\/\\\/marktxxl.de\\\/markt\\\/produkt\\\/luckeecards-3d-katzen-grusskarte-pop-up-karte-einladungskarte-geschenkkarte-mit-motiv-katzen-auf-dem-sofa-fuer-katzenfreunde-gutscheinkarte\\\/\"]}]},{\"@type\":\"ImageObject\",\"inLanguage\":\"de\",\"@id\":\"https:\\\/\\\/marktxxl.de\\\/markt\\\/produkt\\\/luckeecards-3d-katzen-grusskarte-pop-up-karte-einladungskarte-geschenkkarte-mit-motiv-katzen-auf-dem-sofa-fuer-katzenfreunde-gutscheinkarte\\\/#primaryimage\",\"url\":\"https:\\\/\\\/m.media-amazon.com\\\/images\\\/I\\\/41v3y7TRRHS._SL500_.jpg\",\"contentUrl\":\"https:\\\/\\\/m.media-amazon.com\\\/images\\\/I\\\/41v3y7TRRHS._SL500_.jpg\",\"width\":500,\"height\":500},{\"@type\":\"BreadcrumbList\",\"@id\":\"https:\\\/\\\/marktxxl.de\\\/markt\\\/produkt\\\/luckeecards-3d-katzen-grusskarte-pop-up-karte-einladungskarte-geschenkkarte-mit-motiv-katzen-auf-dem-sofa-fuer-katzenfreunde-gutscheinkarte\\\/#breadcrumb\",\"itemListElement\":[{\"@type\":\"ListItem\",\"position\":1,\"name\":\"Startseite\",\"item\":\"https:\\\/\\\/marktxxl.de\\\/markt\\\/\"},{\"@type\":\"ListItem\",\"position\":2,\"name\":\"Markt\",\"item\":\"https:\\\/\\\/marktxxl.de\\\/markt\\\/\"},{\"@type\":\"ListItem\",\"position\":3,\"name\":\"LuckeeCards\u00ae 3D-Katzen Gru\u00dfkarte &#8211; Pop-up Karte &#8211; Einladungskarte &#8211; Geschenkkarte mit Motiv &#8211; Katzen auf dem Sofa &#8211; f\u00fcr\u2026\"}]},{\"@type\":\"WebSite\",\"@id\":\"https:\\\/\\\/marktxxl.de\\\/markt\\\/#website\",\"url\":\"https:\\\/\\\/marktxxl.de\\\/markt\\\/\",\"name\":\"Markt-XXL\",\"description\":\"Ihr Markt Online\",\"publisher\":{\"@id\":\"https:\\\/\\\/marktxxl.de\\\/markt\\\/#organization\"},\"potentialAction\":[{\"@type\":\"SearchAction\",\"target\":{\"@type\":\"EntryPoint\",\"urlTemplate\":\"https:\\\/\\\/marktxxl.de\\\/markt\\\/?s={search_term_string}\"},\"query-input\":{\"@type\":\"PropertyValueSpecification\",\"valueRequired\":true,\"valueName\":\"search_term_string\"}}],\"inLanguage\":\"de\"},{\"@type\":\"Organization\",\"@id\":\"https:\\\/\\\/marktxxl.de\\\/markt\\\/#organization\",\"name\":\"Markt-XXL\",\"url\":\"https:\\\/\\\/marktxxl.de\\\/markt\\\/\",\"logo\":{\"@type\":\"ImageObject\",\"inLanguage\":\"de\",\"@id\":\"https:\\\/\\\/marktxxl.de\\\/markt\\\/#\\\/schema\\\/logo\\\/image\\\/\",\"url\":\"https:\\\/\\\/marktxxl.de\\\/markt\\\/wp-content\\\/uploads\\\/sites\\\/3\\\/2020\\\/12\\\/logo.png\",\"contentUrl\":\"https:\\\/\\\/marktxxl.de\\\/markt\\\/wp-content\\\/uploads\\\/sites\\\/3\\\/2020\\\/12\\\/logo.png\",\"width\":200,\"height\":70,\"caption\":\"Markt-XXL\"},\"image\":{\"@id\":\"https:\\\/\\\/marktxxl.de\\\/markt\\\/#\\\/schema\\\/logo\\\/image\\\/\"}}]}<\/script>\n<!-- \/ Yoast SEO plugin. -->","yoast_head_json":{"title":"LuckeeCards\u00ae 3D-Katzen Gru\u00dfkarte - Pop-up Karte - Einladungskarte - Geschenkkarte mit Motiv - Katzen auf dem Sofa - f\u00fcr\u2026 - Markt-XXL","description":"Markt-XXL LuckeeCards\u00ae 3D-Katzen Gru\u00dfkarte - Pop-up Karte - Einladungskarte - Geschenkkarte mit Motiv - Katzen auf dem Sofa - f\u00fcr\u2026","robots":{"index":"index","follow":"follow","max-snippet":"max-snippet:-1","max-image-preview":"max-image-preview:large","max-video-preview":"max-video-preview:-1"},"canonical":"https:\/\/marktxxl.de\/markt\/produkt\/luckeecards-3d-katzen-grusskarte-pop-up-karte-einladungskarte-geschenkkarte-mit-motiv-katzen-auf-dem-sofa-fuer-katzenfreunde-gutscheinkarte\/","og_locale":"de_DE","og_type":"article","og_title":"LuckeeCards\u00ae 3D-Katzen Gru\u00dfkarte - Pop-up Karte - Einladungskarte - Geschenkkarte mit Motiv - Katzen auf dem Sofa - f\u00fcr\u2026 - Markt-XXL","og_description":"Markt-XXL LuckeeCards\u00ae 3D-Katzen Gru\u00dfkarte - Pop-up Karte - Einladungskarte - Geschenkkarte mit Motiv - Katzen auf dem Sofa - f\u00fcr\u2026","og_url":"https:\/\/marktxxl.de\/markt\/produkt\/luckeecards-3d-katzen-grusskarte-pop-up-karte-einladungskarte-geschenkkarte-mit-motiv-katzen-auf-dem-sofa-fuer-katzenfreunde-gutscheinkarte\/","og_site_name":"Markt-XXL","article_modified_time":"2023-04-09T23:43:12+00:00","og_image":[{"width":500,"height":500,"url":"https:\/\/m.media-amazon.com\/images\/I\/41v3y7TRRHS._SL500_.jpg","type":"image\/jpeg"}],"twitter_card":"summary_large_image","twitter_misc":{"Gesch\u00e4tzte Lesezeit":"1\u00a0Minute"},"schema":{"@context":"https:\/\/schema.org","@graph":[{"@type":"WebPage","@id":"https:\/\/marktxxl.de\/markt\/produkt\/luckeecards-3d-katzen-grusskarte-pop-up-karte-einladungskarte-geschenkkarte-mit-motiv-katzen-auf-dem-sofa-fuer-katzenfreunde-gutscheinkarte\/","url":"https:\/\/marktxxl.de\/markt\/produkt\/luckeecards-3d-katzen-grusskarte-pop-up-karte-einladungskarte-geschenkkarte-mit-motiv-katzen-auf-dem-sofa-fuer-katzenfreunde-gutscheinkarte\/","name":"LuckeeCards\u00ae 3D-Katzen Gru\u00dfkarte - Pop-up Karte - Einladungskarte - Geschenkkarte mit Motiv - Katzen auf dem Sofa - f\u00fcr\u2026 - Markt-XXL","isPartOf":{"@id":"https:\/\/marktxxl.de\/markt\/#website"},"primaryImageOfPage":{"@id":"https:\/\/marktxxl.de\/markt\/produkt\/luckeecards-3d-katzen-grusskarte-pop-up-karte-einladungskarte-geschenkkarte-mit-motiv-katzen-auf-dem-sofa-fuer-katzenfreunde-gutscheinkarte\/#primaryimage"},"image":{"@id":"https:\/\/marktxxl.de\/markt\/produkt\/luckeecards-3d-katzen-grusskarte-pop-up-karte-einladungskarte-geschenkkarte-mit-motiv-katzen-auf-dem-sofa-fuer-katzenfreunde-gutscheinkarte\/#primaryimage"},"thumbnailUrl":"https:\/\/m.media-amazon.com\/images\/I\/41v3y7TRRHS._SL500_.jpg","datePublished":"2021-09-26T11:42:04+00:00","dateModified":"2023-04-09T23:43:12+00:00","description":"Markt-XXL LuckeeCards\u00ae 3D-Katzen Gru\u00dfkarte - Pop-up Karte - Einladungskarte - Geschenkkarte mit Motiv - Katzen auf dem Sofa - f\u00fcr\u2026","breadcrumb":{"@id":"https:\/\/marktxxl.de\/markt\/produkt\/luckeecards-3d-katzen-grusskarte-pop-up-karte-einladungskarte-geschenkkarte-mit-motiv-katzen-auf-dem-sofa-fuer-katzenfreunde-gutscheinkarte\/#breadcrumb"},"inLanguage":"de","potentialAction":[{"@type":"ReadAction","target":["https:\/\/marktxxl.de\/markt\/produkt\/luckeecards-3d-katzen-grusskarte-pop-up-karte-einladungskarte-geschenkkarte-mit-motiv-katzen-auf-dem-sofa-fuer-katzenfreunde-gutscheinkarte\/"]}]},{"@type":"ImageObject","inLanguage":"de","@id":"https:\/\/marktxxl.de\/markt\/produkt\/luckeecards-3d-katzen-grusskarte-pop-up-karte-einladungskarte-geschenkkarte-mit-motiv-katzen-auf-dem-sofa-fuer-katzenfreunde-gutscheinkarte\/#primaryimage","url":"https:\/\/m.media-amazon.com\/images\/I\/41v3y7TRRHS._SL500_.jpg","contentUrl":"https:\/\/m.media-amazon.com\/images\/I\/41v3y7TRRHS._SL500_.jpg","width":500,"height":500},{"@type":"BreadcrumbList","@id":"https:\/\/marktxxl.de\/markt\/produkt\/luckeecards-3d-katzen-grusskarte-pop-up-karte-einladungskarte-geschenkkarte-mit-motiv-katzen-auf-dem-sofa-fuer-katzenfreunde-gutscheinkarte\/#breadcrumb","itemListElement":[{"@type":"ListItem","position":1,"name":"Startseite","item":"https:\/\/marktxxl.de\/markt\/"},{"@type":"ListItem","position":2,"name":"Markt","item":"https:\/\/marktxxl.de\/markt\/"},{"@type":"ListItem","position":3,"name":"LuckeeCards\u00ae 3D-Katzen Gru\u00dfkarte &#8211; Pop-up Karte &#8211; Einladungskarte &#8211; Geschenkkarte mit Motiv &#8211; Katzen auf dem Sofa &#8211; f\u00fcr\u2026"}]},{"@type":"WebSite","@id":"https:\/\/marktxxl.de\/markt\/#website","url":"https:\/\/marktxxl.de\/markt\/","name":"Markt-XXL","description":"Ihr Markt Online","publisher":{"@id":"https:\/\/marktxxl.de\/markt\/#organization"},"potentialAction":[{"@type":"SearchAction","target":{"@type":"EntryPoint","urlTemplate":"https:\/\/marktxxl.de\/markt\/?s={search_term_string}"},"query-input":{"@type":"PropertyValueSpecification","valueRequired":true,"valueName":"search_term_string"}}],"inLanguage":"de"},{"@type":"Organization","@id":"https:\/\/marktxxl.de\/markt\/#organization","name":"Markt-XXL","url":"https:\/\/marktxxl.de\/markt\/","logo":{"@type":"ImageObject","inLanguage":"de","@id":"https:\/\/marktxxl.de\/markt\/#\/schema\/logo\/image\/","url":"https:\/\/marktxxl.de\/markt\/wp-content\/uploads\/sites\/3\/2020\/12\/logo.png","contentUrl":"https:\/\/marktxxl.de\/markt\/wp-content\/uploads\/sites\/3\/2020\/12\/logo.png","width":200,"height":70,"caption":"Markt-XXL"},"image":{"@id":"https:\/\/marktxxl.de\/markt\/#\/schema\/logo\/image\/"}}]}},"_links":{"self":[{"href":"https:\/\/marktxxl.de\/markt\/wp-json\/wp\/v2\/product\/40668","targetHints":{"allow":["GET"]}}],"collection":[{"href":"https:\/\/marktxxl.de\/markt\/wp-json\/wp\/v2\/product"}],"about":[{"href":"https:\/\/marktxxl.de\/markt\/wp-json\/wp\/v2\/types\/product"}],"replies":[{"embeddable":true,"href":"https:\/\/marktxxl.de\/markt\/wp-json\/wp\/v2\/comments?post=40668"}],"wp:featuredmedia":[{"embeddable":true,"href":"https:\/\/marktxxl.de\/markt\/wp-json\/wp\/v2\/media\/40669"}],"wp:attachment":[{"href":"https:\/\/marktxxl.de\/markt\/wp-json\/wp\/v2\/media?parent=40668"}],"wp:term":[{"taxonomy":"product_brand","embeddable":true,"href":"https:\/\/marktxxl.de\/markt\/wp-json\/wp\/v2\/product_brand?post=40668"},{"taxonomy":"product_cat","embeddable":true,"href":"https:\/\/marktxxl.de\/markt\/wp-json\/wp\/v2\/product_cat?post=40668"},{"taxonomy":"product_tag","embeddable":true,"href":"https:\/\/marktxxl.de\/markt\/wp-json\/wp\/v2\/product_tag?post=40668"}],"curies":[{"name":"wp","href":"https:\/\/api.w.org\/{rel}","templated":true}]}}