{"id":40631,"date":"2021-09-26T13:41:35","date_gmt":"2021-09-26T11:41:35","guid":{"rendered":"https:\/\/marktxxl.de\/markt\/produkt\/office-owl-buerostuhlrollen-smarte-home-office-5er-set-robuster-3-zoll-ersatzrollen-aus-gummi-fuer-buerostuehle-coole-laufrollen-im-rollerblade-style-fuer-hartholz-boeden-keine-schutzmatten-erforde\/"},"modified":"2023-04-10T01:43:11","modified_gmt":"2023-04-09T23:43:11","slug":"office-owl-buerostuhlrollen-smarte-home-office-5er-set-robuster-3-zoll-ersatzrollen-aus-gummi-fuer-buerostuehle-coole-laufrollen-im-rollerblade-style-fuer-hartholz-boeden-keine-schutzmatten-erforde","status":"publish","type":"product","link":"https:\/\/marktxxl.de\/markt\/produkt\/office-owl-buerostuhlrollen-smarte-home-office-5er-set-robuster-3-zoll-ersatzrollen-aus-gummi-fuer-buerostuehle-coole-laufrollen-im-rollerblade-style-fuer-hartholz-boeden-keine-schutzmatten-erforde\/","title":{"rendered":"Office Owl B\u00fcrostuhlrollen smarte Home Office, 5er-Set ROBUSTER 3-Zoll Ersatzrollen aus Gummi f\u00fcr B\u00fcrost\u00fchle, Coole\u2026"},"content":{"rendered":"<p>UNIVERSELLE PASSFORM F\u00dcR EINFACHES AUSWECHSELN! : Im Gegensatz zu allen anderen erh\u00e4ltlichen B\u00fcrostuhlrollen bieten dir unsere hochwertigen Rollen ein neues Stieldesign, das den Austausch alter Laufrollen kinderleicht macht. Tausch deine alten Rollen mit nur einem einzigen, einfachen Handgriff aus und mach dich bereit loszurollen! Das Design unseres 5er-Sets passt auf alle Standard-B\u00fcrost\u00fchle und wird dir dein Leben ein wenig leichter machen.( Nicht passend f\u00fcr IKEA B\u00fcrost\u00fchle)<br \/>\nDEINE B\u00d6DEN BLEIBEN MAKELLOS: Du kannst deine alten Schutzmatten aus Plastik jetzt in den M\u00fcll werfen und dich bereit dazu machen, geschmeidig und ruhig \u00fcber deine B\u00f6den zu gleiten. Unsere Rollen bieten dir ein fast schon samtartiges Gef\u00fchl und lassen dich mit noch nie dagewesener Leichtigkeit und sicher \u00fcber deine teuren Hartholzb\u00f6den, Fliesen, Vinylb\u00f6den, Teppiche oder s\u00e4mtlich anderen Untergr\u00fcnde fahren &#8211; ohne dass auch nur die geringsten Kratzer oder Ger\u00e4usche auftreten. (Nicht empfohlen f\u00fcr<br \/>\nHOL DIR B\u00dcROROLLEN MIT STIL!: Unsere Ersatzlaufrollen sind keineswegs gew\u00f6hnlich. Sie sind einzigartige und wundersch\u00f6ne St\u00fccke, die den Stil eines jeden Raumes aufwerten k\u00f6nnen. Verleihe deinem Zuhause und deinen B\u00fcrost\u00fchlen also ein wenig mehr Stil und f\u00fcge deinem Dekor einen Touch coolen Luxus hinzu.<br \/>\nDIE ROBUSTESTEN ROLLEN AUF AMAZON: Wenn du es leid bist, deine B\u00fcrostuhlrollen alle Nase lang auswechseln zu m\u00fcssen, ist es allerh\u00f6chste Zeit, dass du dir unsere mal ansiehst: Da der komplette St\u00fctzb\u00fcgel und alle innen verbauten Teile aus Qualit\u00e4tsstahl bestehen, k\u00f6nnen unsere Rollen bis zu 295kg sicher tragen. Zusammen mit dem hochwertigen Polyurethan, dem Rollerblade-Stil und den Schwenkrollen, die mit deinen B\u00f6den super-sanft umgehen, werden diese effizienten Laufrollen ein Leben lang halten.<br \/>\nENTWEDER SIE HALTEN ODER DU BEKOMMST DEIN GELD ZUR\u00dcCK! SCHNELL, BEVOR DIESER AMAZON-EXKLUSIVE BONUS ABL\u00c4UFT! (KOSTENLOSE LEBENSLANGE GARANTIE IM WERT VON 33,71$): Billige Nachahmer bieten dir keine Garantie an (weil ihre Produkte kaputt gehen &#8211; sieh dir einfach mal die Bilder in den Rezensionen unserer Wettbewerber an). Wir bieten dir hingegen \u00fcber die gesamte Lebensdauer unserer Laufrollen Ersatzrollen an. Nur f\u00fcr begrenzte Zeit: KAUFE 4 SETS UND ERHALTE 15% RABATT (der Code steht unten)! Hast<br \/>\n<div class=\"main-cross-sell\" data-asin=\"B01KET1PUA\">\n\n\t<div class=\"WooZone-cross-sell-loader\">\n\t\t<div>\n\t\t\t<div id=\"floatingBarsG\">\n\t\t\t\t<div class=\"blockG\" id=\"rotateG_01\"><\/div>\n\t\t\t\t<div class=\"blockG\" id=\"rotateG_02\"><\/div>\n\t\t\t\t<div class=\"blockG\" id=\"rotateG_03\"><\/div>\n\t\t\t\t<div class=\"blockG\" id=\"rotateG_04\"><\/div>\n\t\t\t\t<div class=\"blockG\" id=\"rotateG_05\"><\/div>\n\t\t\t\t<div class=\"blockG\" id=\"rotateG_06\"><\/div>\n\t\t\t\t<div class=\"blockG\" id=\"rotateG_07\"><\/div>\n\t\t\t\t<div class=\"blockG\" id=\"rotateG_08\"><\/div>\n\t\t\t<\/div>\n\t\t\t<div class=\"WooZone-cross-sell-loader-text\"><\/div>\n\t\t<\/div>\n\t<\/div>\n\n\t\t\n<\/div>\n<div style=\"clear:both;\"><\/div><\/p>\n","protected":false},"excerpt":{"rendered":"<p>UNIVERSELLE PASSFORM F\u00dcR EINFACHES AUSWECHSELN! : Im Gegensatz zu allen anderen erh\u00e4ltlichen B\u00fcrostuhlrollen bieten dir unsere hochwertigen Rollen ein neues Stieldesign, das den Austausch alter Laufrollen kinderleicht macht. Tausch deine alten Rollen mit nur einem einzigen, einfachen Handgriff aus und mach dich bereit loszurollen! Das Design unseres 5er-Sets passt auf alle Standard-B\u00fcrost\u00fchle und wird dir dein Leben ein wenig leichter machen.( Nicht passend f\u00fcr IKEA B\u00fcrost\u00fchle)<br \/>\nDEINE B\u00d6DEN BLEIBEN MAKELLOS: Du kannst deine alten Schutzmatten aus Plastik jetzt in den M\u00fcll werfen und dich bereit dazu machen, geschmeidig und ruhig \u00fcber deine B\u00f6den zu gleiten. Unsere Rollen bieten dir ein fast schon samtartiges Gef\u00fchl und lassen dich mit noch nie dagewesener Leichtigkeit und sicher \u00fcber deine teuren Hartholzb\u00f6den, Fliesen, Vinylb\u00f6den, Teppiche oder s\u00e4mtlich anderen Untergr\u00fcnde fahren &#8211; ohne dass auch nur die geringsten Kratzer oder Ger\u00e4usche auftreten. (Nicht empfohlen f\u00fcr<br \/>\nHOL DIR B\u00dcROROLLEN MIT STIL!: Unsere Ersatzlaufrollen sind keineswegs gew\u00f6hnlich. Sie sind einzigartige und wundersch\u00f6ne St\u00fccke, die den Stil eines jeden Raumes aufwerten k\u00f6nnen. Verleihe deinem Zuhause und deinen B\u00fcrost\u00fchlen also ein wenig mehr Stil und f\u00fcge deinem Dekor einen Touch coolen Luxus hinzu.<\/p>\n","protected":false},"featured_media":40632,"comment_status":"open","ping_status":"closed","template":"","meta":[],"product_brand":[],"product_cat":[504,8312],"product_tag":[],"class_list":{"0":"post-40631","1":"product","2":"type-product","3":"status-publish","4":"has-post-thumbnail","6":"product_cat-buerobedarf-schreibwaren","7":"product_cat-bueromoebel-beleuchtung","8":"pa_binding-home","9":"pa_brand-office-owl","10":"pa_color-schwarz","11":"pa_height-6-zoll","12":"pa_length-3-zoll","13":"pa_manufacturer-office-owl","14":"pa_weight-2-6-pfund","15":"pa_width-4-5-zoll","17":"first","18":"instock","19":"shipping-taxable","20":"purchasable","21":"product-type-simple","22":"customify-col","23":"product-has-gallery"},"yoast_head":"<!-- This site is optimized with the Yoast SEO plugin v27.4 - https:\/\/yoast.com\/product\/yoast-seo-wordpress\/ -->\n<title>Office Owl B\u00fcrostuhlrollen smarte Home Office, 5er-Set ROBUSTER 3-Zoll Ersatzrollen aus Gummi f\u00fcr B\u00fcrost\u00fchle, Coole\u2026 - Markt-XXL<\/title>\n<meta name=\"description\" content=\"Markt-XXL Office Owl B\u00fcrostuhlrollen smarte Home Office, 5er-Set ROBUSTER 3-Zoll Ersatzrollen aus Gummi f\u00fcr B\u00fcrost\u00fchle, Coole\u2026\" \/>\n<meta name=\"robots\" content=\"index, follow, max-snippet:-1, max-image-preview:large, max-video-preview:-1\" \/>\n<link rel=\"canonical\" href=\"https:\/\/marktxxl.de\/markt\/produkt\/office-owl-buerostuhlrollen-smarte-home-office-5er-set-robuster-3-zoll-ersatzrollen-aus-gummi-fuer-buerostuehle-coole-laufrollen-im-rollerblade-style-fuer-hartholz-boeden-keine-schutzmatten-erforde\/\" \/>\n<meta property=\"og:locale\" content=\"de_DE\" \/>\n<meta property=\"og:type\" content=\"article\" \/>\n<meta property=\"og:title\" content=\"Office Owl B\u00fcrostuhlrollen smarte Home Office, 5er-Set ROBUSTER 3-Zoll Ersatzrollen aus Gummi f\u00fcr B\u00fcrost\u00fchle, Coole\u2026 - Markt-XXL\" \/>\n<meta property=\"og:description\" content=\"Markt-XXL Office Owl B\u00fcrostuhlrollen smarte Home Office, 5er-Set ROBUSTER 3-Zoll Ersatzrollen aus Gummi f\u00fcr B\u00fcrost\u00fchle, Coole\u2026\" \/>\n<meta property=\"og:url\" content=\"https:\/\/marktxxl.de\/markt\/produkt\/office-owl-buerostuhlrollen-smarte-home-office-5er-set-robuster-3-zoll-ersatzrollen-aus-gummi-fuer-buerostuehle-coole-laufrollen-im-rollerblade-style-fuer-hartholz-boeden-keine-schutzmatten-erforde\/\" \/>\n<meta property=\"og:site_name\" content=\"Markt-XXL\" \/>\n<meta property=\"article:modified_time\" content=\"2023-04-09T23:43:11+00:00\" \/>\n<meta property=\"og:image\" content=\"https:\/\/m.media-amazon.com\/images\/I\/41aqiaszUyL._SL500_.jpg\" \/>\n\t<meta property=\"og:image:width\" content=\"500\" \/>\n\t<meta property=\"og:image:height\" content=\"485\" \/>\n\t<meta property=\"og:image:type\" content=\"image\/jpeg\" \/>\n<meta name=\"twitter:card\" content=\"summary_large_image\" \/>\n<meta name=\"twitter:label1\" content=\"Gesch\u00e4tzte Lesezeit\" \/>\n\t<meta name=\"twitter:data1\" content=\"2\u00a0Minuten\" \/>\n<script type=\"application\/ld+json\" class=\"yoast-schema-graph\">{\"@context\":\"https:\\\/\\\/schema.org\",\"@graph\":[{\"@type\":\"WebPage\",\"@id\":\"https:\\\/\\\/marktxxl.de\\\/markt\\\/produkt\\\/office-owl-buerostuhlrollen-smarte-home-office-5er-set-robuster-3-zoll-ersatzrollen-aus-gummi-fuer-buerostuehle-coole-laufrollen-im-rollerblade-style-fuer-hartholz-boeden-keine-schutzmatten-erforde\\\/\",\"url\":\"https:\\\/\\\/marktxxl.de\\\/markt\\\/produkt\\\/office-owl-buerostuhlrollen-smarte-home-office-5er-set-robuster-3-zoll-ersatzrollen-aus-gummi-fuer-buerostuehle-coole-laufrollen-im-rollerblade-style-fuer-hartholz-boeden-keine-schutzmatten-erforde\\\/\",\"name\":\"Office Owl B\u00fcrostuhlrollen smarte Home Office, 5er-Set ROBUSTER 3-Zoll Ersatzrollen aus Gummi f\u00fcr B\u00fcrost\u00fchle, Coole\u2026 - Markt-XXL\",\"isPartOf\":{\"@id\":\"https:\\\/\\\/marktxxl.de\\\/markt\\\/#website\"},\"primaryImageOfPage\":{\"@id\":\"https:\\\/\\\/marktxxl.de\\\/markt\\\/produkt\\\/office-owl-buerostuhlrollen-smarte-home-office-5er-set-robuster-3-zoll-ersatzrollen-aus-gummi-fuer-buerostuehle-coole-laufrollen-im-rollerblade-style-fuer-hartholz-boeden-keine-schutzmatten-erforde\\\/#primaryimage\"},\"image\":{\"@id\":\"https:\\\/\\\/marktxxl.de\\\/markt\\\/produkt\\\/office-owl-buerostuhlrollen-smarte-home-office-5er-set-robuster-3-zoll-ersatzrollen-aus-gummi-fuer-buerostuehle-coole-laufrollen-im-rollerblade-style-fuer-hartholz-boeden-keine-schutzmatten-erforde\\\/#primaryimage\"},\"thumbnailUrl\":\"https:\\\/\\\/m.media-amazon.com\\\/images\\\/I\\\/41aqiaszUyL._SL500_.jpg\",\"datePublished\":\"2021-09-26T11:41:35+00:00\",\"dateModified\":\"2023-04-09T23:43:11+00:00\",\"description\":\"Markt-XXL Office Owl B\u00fcrostuhlrollen smarte Home Office, 5er-Set ROBUSTER 3-Zoll Ersatzrollen aus Gummi f\u00fcr B\u00fcrost\u00fchle, Coole\u2026\",\"breadcrumb\":{\"@id\":\"https:\\\/\\\/marktxxl.de\\\/markt\\\/produkt\\\/office-owl-buerostuhlrollen-smarte-home-office-5er-set-robuster-3-zoll-ersatzrollen-aus-gummi-fuer-buerostuehle-coole-laufrollen-im-rollerblade-style-fuer-hartholz-boeden-keine-schutzmatten-erforde\\\/#breadcrumb\"},\"inLanguage\":\"de\",\"potentialAction\":[{\"@type\":\"ReadAction\",\"target\":[\"https:\\\/\\\/marktxxl.de\\\/markt\\\/produkt\\\/office-owl-buerostuhlrollen-smarte-home-office-5er-set-robuster-3-zoll-ersatzrollen-aus-gummi-fuer-buerostuehle-coole-laufrollen-im-rollerblade-style-fuer-hartholz-boeden-keine-schutzmatten-erforde\\\/\"]}]},{\"@type\":\"ImageObject\",\"inLanguage\":\"de\",\"@id\":\"https:\\\/\\\/marktxxl.de\\\/markt\\\/produkt\\\/office-owl-buerostuhlrollen-smarte-home-office-5er-set-robuster-3-zoll-ersatzrollen-aus-gummi-fuer-buerostuehle-coole-laufrollen-im-rollerblade-style-fuer-hartholz-boeden-keine-schutzmatten-erforde\\\/#primaryimage\",\"url\":\"https:\\\/\\\/m.media-amazon.com\\\/images\\\/I\\\/41aqiaszUyL._SL500_.jpg\",\"contentUrl\":\"https:\\\/\\\/m.media-amazon.com\\\/images\\\/I\\\/41aqiaszUyL._SL500_.jpg\",\"width\":500,\"height\":485},{\"@type\":\"BreadcrumbList\",\"@id\":\"https:\\\/\\\/marktxxl.de\\\/markt\\\/produkt\\\/office-owl-buerostuhlrollen-smarte-home-office-5er-set-robuster-3-zoll-ersatzrollen-aus-gummi-fuer-buerostuehle-coole-laufrollen-im-rollerblade-style-fuer-hartholz-boeden-keine-schutzmatten-erforde\\\/#breadcrumb\",\"itemListElement\":[{\"@type\":\"ListItem\",\"position\":1,\"name\":\"Startseite\",\"item\":\"https:\\\/\\\/marktxxl.de\\\/markt\\\/\"},{\"@type\":\"ListItem\",\"position\":2,\"name\":\"Markt\",\"item\":\"https:\\\/\\\/marktxxl.de\\\/markt\\\/\"},{\"@type\":\"ListItem\",\"position\":3,\"name\":\"Office Owl B\u00fcrostuhlrollen smarte Home Office, 5er-Set ROBUSTER 3-Zoll Ersatzrollen aus Gummi f\u00fcr B\u00fcrost\u00fchle, Coole\u2026\"}]},{\"@type\":\"WebSite\",\"@id\":\"https:\\\/\\\/marktxxl.de\\\/markt\\\/#website\",\"url\":\"https:\\\/\\\/marktxxl.de\\\/markt\\\/\",\"name\":\"Markt-XXL\",\"description\":\"Ihr Markt Online\",\"publisher\":{\"@id\":\"https:\\\/\\\/marktxxl.de\\\/markt\\\/#organization\"},\"potentialAction\":[{\"@type\":\"SearchAction\",\"target\":{\"@type\":\"EntryPoint\",\"urlTemplate\":\"https:\\\/\\\/marktxxl.de\\\/markt\\\/?s={search_term_string}\"},\"query-input\":{\"@type\":\"PropertyValueSpecification\",\"valueRequired\":true,\"valueName\":\"search_term_string\"}}],\"inLanguage\":\"de\"},{\"@type\":\"Organization\",\"@id\":\"https:\\\/\\\/marktxxl.de\\\/markt\\\/#organization\",\"name\":\"Markt-XXL\",\"url\":\"https:\\\/\\\/marktxxl.de\\\/markt\\\/\",\"logo\":{\"@type\":\"ImageObject\",\"inLanguage\":\"de\",\"@id\":\"https:\\\/\\\/marktxxl.de\\\/markt\\\/#\\\/schema\\\/logo\\\/image\\\/\",\"url\":\"https:\\\/\\\/marktxxl.de\\\/markt\\\/wp-content\\\/uploads\\\/sites\\\/3\\\/2020\\\/12\\\/logo.png\",\"contentUrl\":\"https:\\\/\\\/marktxxl.de\\\/markt\\\/wp-content\\\/uploads\\\/sites\\\/3\\\/2020\\\/12\\\/logo.png\",\"width\":200,\"height\":70,\"caption\":\"Markt-XXL\"},\"image\":{\"@id\":\"https:\\\/\\\/marktxxl.de\\\/markt\\\/#\\\/schema\\\/logo\\\/image\\\/\"}}]}<\/script>\n<!-- \/ Yoast SEO plugin. -->","yoast_head_json":{"title":"Office Owl B\u00fcrostuhlrollen smarte Home Office, 5er-Set ROBUSTER 3-Zoll Ersatzrollen aus Gummi f\u00fcr B\u00fcrost\u00fchle, Coole\u2026 - Markt-XXL","description":"Markt-XXL Office Owl B\u00fcrostuhlrollen smarte Home Office, 5er-Set ROBUSTER 3-Zoll Ersatzrollen aus Gummi f\u00fcr B\u00fcrost\u00fchle, Coole\u2026","robots":{"index":"index","follow":"follow","max-snippet":"max-snippet:-1","max-image-preview":"max-image-preview:large","max-video-preview":"max-video-preview:-1"},"canonical":"https:\/\/marktxxl.de\/markt\/produkt\/office-owl-buerostuhlrollen-smarte-home-office-5er-set-robuster-3-zoll-ersatzrollen-aus-gummi-fuer-buerostuehle-coole-laufrollen-im-rollerblade-style-fuer-hartholz-boeden-keine-schutzmatten-erforde\/","og_locale":"de_DE","og_type":"article","og_title":"Office Owl B\u00fcrostuhlrollen smarte Home Office, 5er-Set ROBUSTER 3-Zoll Ersatzrollen aus Gummi f\u00fcr B\u00fcrost\u00fchle, Coole\u2026 - Markt-XXL","og_description":"Markt-XXL Office Owl B\u00fcrostuhlrollen smarte Home Office, 5er-Set ROBUSTER 3-Zoll Ersatzrollen aus Gummi f\u00fcr B\u00fcrost\u00fchle, Coole\u2026","og_url":"https:\/\/marktxxl.de\/markt\/produkt\/office-owl-buerostuhlrollen-smarte-home-office-5er-set-robuster-3-zoll-ersatzrollen-aus-gummi-fuer-buerostuehle-coole-laufrollen-im-rollerblade-style-fuer-hartholz-boeden-keine-schutzmatten-erforde\/","og_site_name":"Markt-XXL","article_modified_time":"2023-04-09T23:43:11+00:00","og_image":[{"width":500,"height":485,"url":"https:\/\/m.media-amazon.com\/images\/I\/41aqiaszUyL._SL500_.jpg","type":"image\/jpeg"}],"twitter_card":"summary_large_image","twitter_misc":{"Gesch\u00e4tzte Lesezeit":"2\u00a0Minuten"},"schema":{"@context":"https:\/\/schema.org","@graph":[{"@type":"WebPage","@id":"https:\/\/marktxxl.de\/markt\/produkt\/office-owl-buerostuhlrollen-smarte-home-office-5er-set-robuster-3-zoll-ersatzrollen-aus-gummi-fuer-buerostuehle-coole-laufrollen-im-rollerblade-style-fuer-hartholz-boeden-keine-schutzmatten-erforde\/","url":"https:\/\/marktxxl.de\/markt\/produkt\/office-owl-buerostuhlrollen-smarte-home-office-5er-set-robuster-3-zoll-ersatzrollen-aus-gummi-fuer-buerostuehle-coole-laufrollen-im-rollerblade-style-fuer-hartholz-boeden-keine-schutzmatten-erforde\/","name":"Office Owl B\u00fcrostuhlrollen smarte Home Office, 5er-Set ROBUSTER 3-Zoll Ersatzrollen aus Gummi f\u00fcr B\u00fcrost\u00fchle, Coole\u2026 - Markt-XXL","isPartOf":{"@id":"https:\/\/marktxxl.de\/markt\/#website"},"primaryImageOfPage":{"@id":"https:\/\/marktxxl.de\/markt\/produkt\/office-owl-buerostuhlrollen-smarte-home-office-5er-set-robuster-3-zoll-ersatzrollen-aus-gummi-fuer-buerostuehle-coole-laufrollen-im-rollerblade-style-fuer-hartholz-boeden-keine-schutzmatten-erforde\/#primaryimage"},"image":{"@id":"https:\/\/marktxxl.de\/markt\/produkt\/office-owl-buerostuhlrollen-smarte-home-office-5er-set-robuster-3-zoll-ersatzrollen-aus-gummi-fuer-buerostuehle-coole-laufrollen-im-rollerblade-style-fuer-hartholz-boeden-keine-schutzmatten-erforde\/#primaryimage"},"thumbnailUrl":"https:\/\/m.media-amazon.com\/images\/I\/41aqiaszUyL._SL500_.jpg","datePublished":"2021-09-26T11:41:35+00:00","dateModified":"2023-04-09T23:43:11+00:00","description":"Markt-XXL Office Owl B\u00fcrostuhlrollen smarte Home Office, 5er-Set ROBUSTER 3-Zoll Ersatzrollen aus Gummi f\u00fcr B\u00fcrost\u00fchle, Coole\u2026","breadcrumb":{"@id":"https:\/\/marktxxl.de\/markt\/produkt\/office-owl-buerostuhlrollen-smarte-home-office-5er-set-robuster-3-zoll-ersatzrollen-aus-gummi-fuer-buerostuehle-coole-laufrollen-im-rollerblade-style-fuer-hartholz-boeden-keine-schutzmatten-erforde\/#breadcrumb"},"inLanguage":"de","potentialAction":[{"@type":"ReadAction","target":["https:\/\/marktxxl.de\/markt\/produkt\/office-owl-buerostuhlrollen-smarte-home-office-5er-set-robuster-3-zoll-ersatzrollen-aus-gummi-fuer-buerostuehle-coole-laufrollen-im-rollerblade-style-fuer-hartholz-boeden-keine-schutzmatten-erforde\/"]}]},{"@type":"ImageObject","inLanguage":"de","@id":"https:\/\/marktxxl.de\/markt\/produkt\/office-owl-buerostuhlrollen-smarte-home-office-5er-set-robuster-3-zoll-ersatzrollen-aus-gummi-fuer-buerostuehle-coole-laufrollen-im-rollerblade-style-fuer-hartholz-boeden-keine-schutzmatten-erforde\/#primaryimage","url":"https:\/\/m.media-amazon.com\/images\/I\/41aqiaszUyL._SL500_.jpg","contentUrl":"https:\/\/m.media-amazon.com\/images\/I\/41aqiaszUyL._SL500_.jpg","width":500,"height":485},{"@type":"BreadcrumbList","@id":"https:\/\/marktxxl.de\/markt\/produkt\/office-owl-buerostuhlrollen-smarte-home-office-5er-set-robuster-3-zoll-ersatzrollen-aus-gummi-fuer-buerostuehle-coole-laufrollen-im-rollerblade-style-fuer-hartholz-boeden-keine-schutzmatten-erforde\/#breadcrumb","itemListElement":[{"@type":"ListItem","position":1,"name":"Startseite","item":"https:\/\/marktxxl.de\/markt\/"},{"@type":"ListItem","position":2,"name":"Markt","item":"https:\/\/marktxxl.de\/markt\/"},{"@type":"ListItem","position":3,"name":"Office Owl B\u00fcrostuhlrollen smarte Home Office, 5er-Set ROBUSTER 3-Zoll Ersatzrollen aus Gummi f\u00fcr B\u00fcrost\u00fchle, Coole\u2026"}]},{"@type":"WebSite","@id":"https:\/\/marktxxl.de\/markt\/#website","url":"https:\/\/marktxxl.de\/markt\/","name":"Markt-XXL","description":"Ihr Markt Online","publisher":{"@id":"https:\/\/marktxxl.de\/markt\/#organization"},"potentialAction":[{"@type":"SearchAction","target":{"@type":"EntryPoint","urlTemplate":"https:\/\/marktxxl.de\/markt\/?s={search_term_string}"},"query-input":{"@type":"PropertyValueSpecification","valueRequired":true,"valueName":"search_term_string"}}],"inLanguage":"de"},{"@type":"Organization","@id":"https:\/\/marktxxl.de\/markt\/#organization","name":"Markt-XXL","url":"https:\/\/marktxxl.de\/markt\/","logo":{"@type":"ImageObject","inLanguage":"de","@id":"https:\/\/marktxxl.de\/markt\/#\/schema\/logo\/image\/","url":"https:\/\/marktxxl.de\/markt\/wp-content\/uploads\/sites\/3\/2020\/12\/logo.png","contentUrl":"https:\/\/marktxxl.de\/markt\/wp-content\/uploads\/sites\/3\/2020\/12\/logo.png","width":200,"height":70,"caption":"Markt-XXL"},"image":{"@id":"https:\/\/marktxxl.de\/markt\/#\/schema\/logo\/image\/"}}]}},"_links":{"self":[{"href":"https:\/\/marktxxl.de\/markt\/wp-json\/wp\/v2\/product\/40631","targetHints":{"allow":["GET"]}}],"collection":[{"href":"https:\/\/marktxxl.de\/markt\/wp-json\/wp\/v2\/product"}],"about":[{"href":"https:\/\/marktxxl.de\/markt\/wp-json\/wp\/v2\/types\/product"}],"replies":[{"embeddable":true,"href":"https:\/\/marktxxl.de\/markt\/wp-json\/wp\/v2\/comments?post=40631"}],"wp:featuredmedia":[{"embeddable":true,"href":"https:\/\/marktxxl.de\/markt\/wp-json\/wp\/v2\/media\/40632"}],"wp:attachment":[{"href":"https:\/\/marktxxl.de\/markt\/wp-json\/wp\/v2\/media?parent=40631"}],"wp:term":[{"taxonomy":"product_brand","embeddable":true,"href":"https:\/\/marktxxl.de\/markt\/wp-json\/wp\/v2\/product_brand?post=40631"},{"taxonomy":"product_cat","embeddable":true,"href":"https:\/\/marktxxl.de\/markt\/wp-json\/wp\/v2\/product_cat?post=40631"},{"taxonomy":"product_tag","embeddable":true,"href":"https:\/\/marktxxl.de\/markt\/wp-json\/wp\/v2\/product_tag?post=40631"}],"curies":[{"name":"wp","href":"https:\/\/api.w.org\/{rel}","templated":true}]}}