{"id":40613,"date":"2021-09-26T13:41:31","date_gmt":"2021-09-26T11:41:31","guid":{"rendered":"https:\/\/marktxxl.de\/markt\/produkt\/quntis-faltbarer-laptop-staender-mit-abnehmbarer-handy-halterung-hoehenverstellbare-notebook-staender-fuer-schreibtisch-homeoffice-laptophalter-fuer-10-bis-17-zoll-macbook-air-pro-hp-dell-lenovo-mat\/"},"modified":"2023-04-10T01:43:11","modified_gmt":"2023-04-09T23:43:11","slug":"quntis-faltbarer-laptop-staender-mit-abnehmbarer-handy-halterung-hoehenverstellbare-notebook-staender-fuer-schreibtisch-homeoffice-laptophalter-fuer-10-bis-17-zoll-macbook-air-pro-hp-dell-lenovo-mat","status":"publish","type":"product","link":"https:\/\/marktxxl.de\/markt\/produkt\/quntis-faltbarer-laptop-staender-mit-abnehmbarer-handy-halterung-hoehenverstellbare-notebook-staender-fuer-schreibtisch-homeoffice-laptophalter-fuer-10-bis-17-zoll-macbook-air-pro-hp-dell-lenovo-mat\/","title":{"rendered":"Quntis faltbarer Laptop St\u00e4nder mit abnehmbarer Handy Halterung, h\u00f6henverstellbare Notebook St\u00e4nder f\u00fcr Schreibtisch\u2026"},"content":{"rendered":"<p>?\u3010Praktischer Laptopst\u00e4nder\u3011Wenn Sie viel Zeit mit dem Laptop im B\u00fcro\/ Homeoffice oder in Ton-Studio verbringen, ist Quntis Laptop Stander f\u00fcr Sie eine ideale L\u00f6sung, um Ihren Laptop k\u00fchler zu halten und ihn auf Augenh\u00f6he zu haben. Zus\u00e4tzlich kann der St\u00e4nder nicht nur viel Platz f\u00fcr Ihre zus\u00e4tzliche Tastatur auf dem Schreibtisch schaffen, sondern auch die Kamera auf die richtige H\u00f6he f\u00fcr Videokonferenzen bringen. Als Tablet-Halter eignet es sich auch ideal zum Lesen von Rezepten in der K\u00fcche<br \/>\n?\u3010Faltbarer Laptopst\u00e4nder mit hochwertigem Material &amp; guter W\u00e4rmeableitung\u3011Der Notebookst\u00e4nder besteht aus einer hochwertigen Aluminiumlegierung, die nicht nur gut aussieht, sondern auch eine gute W\u00e4rme- und W\u00e4rmeableitungsleistung aufweist. Auf der Oberfl\u00e4che des Laptopst\u00e4nders gibt es noch ein Loch, das die Luftzirkulation und die K\u00fchlung des Laptops beschleunigen kann. Nach dem Gebrauch k\u00f6nnen Sie den faltbaren Laptophalter zusammenklappen und in der Schublade einfach aufbewahren.<br \/>\n?\u3010Perfekte Kompatibilit\u00e4t von verstellbaren Notebook-St\u00e4nder und abnehbaren Handyhalter\u3011Die Gr\u00f6\u00dfe der oberen Platte des Laptophalters betr\u00e4gt 26,5 cm x 25,4 cm und das maximale Gewicht, das der Laptopst\u00e4nder tragen kann, betr\u00e4gt 10 kg, sodass er gut mit 10 bis 17 zoll Notebooks, Tablets, B\u00fcchern und anderen Ger\u00e4ten kompatibel ist. z.B. MacBook Air\/Pro, Microsoft Surface, Lenovo ThinkPad, Dell, HP, ASUS, Acer, Chromebook, Matebook usw.Zus\u00e4tzlich gibt es ein abnehmbarer verstellbarer Handyhalter<br \/>\n?\u3010Laptop-Halterung mit individuell einstellbarer H\u00f6he und Neigung\u3011Die Scharniere der oberen und unteren Platte des Laptopst\u00e4nders k\u00f6nnen jeweils um 180 Grad gedreht werden, sodass Sie die H\u00f6he und den Winkel des Laptops an Ihre Bed\u00fcrfnisse anpassen. Die Einstellung ist auch sehr einfach und Sie ben\u00f6tigen keine zus\u00e4tzlichen Werkzeuge. Mit dem Laptophalter wird Ihre Wirbels\u00e4ule bei t\u00e4glicher Arbeit gesch\u00fctzt, die Handgelenk-, Nacken- und R\u00fcckenschmerzen k\u00f6nnen auch gelindert werden.<br \/>\n?\u3010Stabiler &amp; Rutschfester &amp; Sicherer Laptop-Stander\u3011Obwohl die gelenke des Notebookst\u00e4nders sehr schwerg\u00e4ngig sind und Sie f\u00fcr eine optimale Einstellung etwas Aufwand brauchen, ist der Laptophalter nach dem Verstellen aus diesem Grund sehr stabil und h\u00e4lt den Laptop sicher an seinem gew\u00fcnschten Platz. Zus\u00e4tzlich befinden sich an der Unterseite des Laptopst\u00e4nders und oberen Platte Gummi-Antirutschpads, um die Stabilit\u00e4t zu gew\u00e4hrleisten und Kratzer auf dem Desktop und dem Laptop zu vermeiden.<br \/>\n<div class=\"main-cross-sell\" data-asin=\"B08RRPS82N\">\n\n\t<div class=\"WooZone-cross-sell-loader\">\n\t\t<div>\n\t\t\t<div id=\"floatingBarsG\">\n\t\t\t\t<div class=\"blockG\" id=\"rotateG_01\"><\/div>\n\t\t\t\t<div class=\"blockG\" id=\"rotateG_02\"><\/div>\n\t\t\t\t<div class=\"blockG\" id=\"rotateG_03\"><\/div>\n\t\t\t\t<div class=\"blockG\" id=\"rotateG_04\"><\/div>\n\t\t\t\t<div class=\"blockG\" id=\"rotateG_05\"><\/div>\n\t\t\t\t<div class=\"blockG\" id=\"rotateG_06\"><\/div>\n\t\t\t\t<div class=\"blockG\" id=\"rotateG_07\"><\/div>\n\t\t\t\t<div class=\"blockG\" id=\"rotateG_08\"><\/div>\n\t\t\t<\/div>\n\t\t\t<div class=\"WooZone-cross-sell-loader-text\"><\/div>\n\t\t<\/div>\n\t<\/div>\n\n\t\t\n<\/div>\n<div style=\"clear:both;\"><\/div><\/p>\n","protected":false},"excerpt":{"rendered":"<p>?\u3010Praktischer Laptopst\u00e4nder\u3011Wenn Sie viel Zeit mit dem Laptop im B\u00fcro\/ Homeoffice oder in Ton-Studio verbringen, ist Quntis Laptop Stander f\u00fcr Sie eine ideale L\u00f6sung, um Ihren Laptop k\u00fchler zu halten und ihn auf Augenh\u00f6he zu haben. Zus\u00e4tzlich kann der St\u00e4nder nicht nur viel Platz f\u00fcr Ihre zus\u00e4tzliche Tastatur auf dem Schreibtisch schaffen, sondern auch die Kamera auf die richtige H\u00f6he f\u00fcr Videokonferenzen bringen. Als Tablet-Halter eignet es sich auch ideal zum Lesen von Rezepten in der K\u00fcche<br \/>\n?\u3010Faltbarer Laptopst\u00e4nder mit hochwertigem Material &amp; guter W\u00e4rmeableitung\u3011Der Notebookst\u00e4nder besteht aus einer hochwertigen Aluminiumlegierung, die nicht nur gut aussieht, sondern auch eine gute W\u00e4rme- und W\u00e4rmeableitungsleistung aufweist. Auf der Oberfl\u00e4che des Laptopst\u00e4nders gibt es noch ein Loch, das die Luftzirkulation und die K\u00fchlung des Laptops beschleunigen kann. Nach dem Gebrauch k\u00f6nnen Sie den faltbaren Laptophalter zusammenklappen und in der Schublade einfach aufbewahren.<br \/>\n?\u3010Perfekte Kompatibilit\u00e4t von verstellbaren Notebook-St\u00e4nder und abnehbaren Handyhalter\u3011Die Gr\u00f6\u00dfe der oberen Platte des Laptophalters betr\u00e4gt 26,5 cm x 25,4 cm und das maximale Gewicht, das der Laptopst\u00e4nder tragen kann, betr\u00e4gt 10 kg, sodass er gut mit 10 bis 17 zoll Notebooks, Tablets, B\u00fcchern und anderen Ger\u00e4ten kompatibel ist. z.B. MacBook Air\/Pro, Microsoft Surface, Lenovo ThinkPad, Dell, HP, ASUS, Acer, Chromebook, Matebook usw.Zus\u00e4tzlich gibt es ein abnehmbarer verstellbarer Handyhalter<\/p>\n","protected":false},"featured_media":40614,"comment_status":"open","ping_status":"closed","template":"","meta":[],"product_brand":[],"product_cat":[504,8312],"product_tag":[],"class_list":{"0":"post-40613","1":"product","2":"type-product","3":"status-publish","4":"has-post-thumbnail","6":"product_cat-buerobedarf-schreibwaren","7":"product_cat-bueromoebel-beleuchtung","8":"pa_brand-quntis","9":"pa_manufacturer-quntis","11":"first","12":"instock","13":"shipping-taxable","14":"purchasable","15":"product-type-simple","16":"customify-col","17":"product-has-gallery"},"yoast_head":"<!-- This site is optimized with the Yoast SEO plugin v27.4 - https:\/\/yoast.com\/product\/yoast-seo-wordpress\/ -->\n<title>Quntis faltbarer Laptop St\u00e4nder mit abnehmbarer Handy Halterung, h\u00f6henverstellbare Notebook St\u00e4nder f\u00fcr Schreibtisch\u2026 - Markt-XXL<\/title>\n<meta name=\"description\" content=\"Markt-XXL Quntis faltbarer Laptop St\u00e4nder mit abnehmbarer Handy Halterung, h\u00f6henverstellbare Notebook St\u00e4nder f\u00fcr Schreibtisch\u2026\" \/>\n<meta name=\"robots\" content=\"index, follow, max-snippet:-1, max-image-preview:large, max-video-preview:-1\" \/>\n<link rel=\"canonical\" href=\"https:\/\/marktxxl.de\/markt\/produkt\/quntis-faltbarer-laptop-staender-mit-abnehmbarer-handy-halterung-hoehenverstellbare-notebook-staender-fuer-schreibtisch-homeoffice-laptophalter-fuer-10-bis-17-zoll-macbook-air-pro-hp-dell-lenovo-mat\/\" \/>\n<meta property=\"og:locale\" content=\"de_DE\" \/>\n<meta property=\"og:type\" content=\"article\" \/>\n<meta property=\"og:title\" content=\"Quntis faltbarer Laptop St\u00e4nder mit abnehmbarer Handy Halterung, h\u00f6henverstellbare Notebook St\u00e4nder f\u00fcr Schreibtisch\u2026 - Markt-XXL\" \/>\n<meta property=\"og:description\" content=\"Markt-XXL Quntis faltbarer Laptop St\u00e4nder mit abnehmbarer Handy Halterung, h\u00f6henverstellbare Notebook St\u00e4nder f\u00fcr Schreibtisch\u2026\" \/>\n<meta property=\"og:url\" content=\"https:\/\/marktxxl.de\/markt\/produkt\/quntis-faltbarer-laptop-staender-mit-abnehmbarer-handy-halterung-hoehenverstellbare-notebook-staender-fuer-schreibtisch-homeoffice-laptophalter-fuer-10-bis-17-zoll-macbook-air-pro-hp-dell-lenovo-mat\/\" \/>\n<meta property=\"og:site_name\" content=\"Markt-XXL\" \/>\n<meta property=\"article:modified_time\" content=\"2023-04-09T23:43:11+00:00\" \/>\n<meta property=\"og:image\" content=\"https:\/\/m.media-amazon.com\/images\/I\/41Jv+g73ORS._SL500_.jpg\" \/>\n\t<meta property=\"og:image:width\" content=\"500\" \/>\n\t<meta property=\"og:image:height\" content=\"500\" \/>\n\t<meta property=\"og:image:type\" content=\"image\/jpeg\" \/>\n<meta name=\"twitter:card\" content=\"summary_large_image\" \/>\n<meta name=\"twitter:label1\" content=\"Gesch\u00e4tzte Lesezeit\" \/>\n\t<meta name=\"twitter:data1\" content=\"2\u00a0Minuten\" \/>\n<script type=\"application\/ld+json\" class=\"yoast-schema-graph\">{\"@context\":\"https:\\\/\\\/schema.org\",\"@graph\":[{\"@type\":\"WebPage\",\"@id\":\"https:\\\/\\\/marktxxl.de\\\/markt\\\/produkt\\\/quntis-faltbarer-laptop-staender-mit-abnehmbarer-handy-halterung-hoehenverstellbare-notebook-staender-fuer-schreibtisch-homeoffice-laptophalter-fuer-10-bis-17-zoll-macbook-air-pro-hp-dell-lenovo-mat\\\/\",\"url\":\"https:\\\/\\\/marktxxl.de\\\/markt\\\/produkt\\\/quntis-faltbarer-laptop-staender-mit-abnehmbarer-handy-halterung-hoehenverstellbare-notebook-staender-fuer-schreibtisch-homeoffice-laptophalter-fuer-10-bis-17-zoll-macbook-air-pro-hp-dell-lenovo-mat\\\/\",\"name\":\"Quntis faltbarer Laptop St\u00e4nder mit abnehmbarer Handy Halterung, h\u00f6henverstellbare Notebook St\u00e4nder f\u00fcr Schreibtisch\u2026 - Markt-XXL\",\"isPartOf\":{\"@id\":\"https:\\\/\\\/marktxxl.de\\\/markt\\\/#website\"},\"primaryImageOfPage\":{\"@id\":\"https:\\\/\\\/marktxxl.de\\\/markt\\\/produkt\\\/quntis-faltbarer-laptop-staender-mit-abnehmbarer-handy-halterung-hoehenverstellbare-notebook-staender-fuer-schreibtisch-homeoffice-laptophalter-fuer-10-bis-17-zoll-macbook-air-pro-hp-dell-lenovo-mat\\\/#primaryimage\"},\"image\":{\"@id\":\"https:\\\/\\\/marktxxl.de\\\/markt\\\/produkt\\\/quntis-faltbarer-laptop-staender-mit-abnehmbarer-handy-halterung-hoehenverstellbare-notebook-staender-fuer-schreibtisch-homeoffice-laptophalter-fuer-10-bis-17-zoll-macbook-air-pro-hp-dell-lenovo-mat\\\/#primaryimage\"},\"thumbnailUrl\":\"https:\\\/\\\/m.media-amazon.com\\\/images\\\/I\\\/41Jv+g73ORS._SL500_.jpg\",\"datePublished\":\"2021-09-26T11:41:31+00:00\",\"dateModified\":\"2023-04-09T23:43:11+00:00\",\"description\":\"Markt-XXL Quntis faltbarer Laptop St\u00e4nder mit abnehmbarer Handy Halterung, h\u00f6henverstellbare Notebook St\u00e4nder f\u00fcr Schreibtisch\u2026\",\"breadcrumb\":{\"@id\":\"https:\\\/\\\/marktxxl.de\\\/markt\\\/produkt\\\/quntis-faltbarer-laptop-staender-mit-abnehmbarer-handy-halterung-hoehenverstellbare-notebook-staender-fuer-schreibtisch-homeoffice-laptophalter-fuer-10-bis-17-zoll-macbook-air-pro-hp-dell-lenovo-mat\\\/#breadcrumb\"},\"inLanguage\":\"de\",\"potentialAction\":[{\"@type\":\"ReadAction\",\"target\":[\"https:\\\/\\\/marktxxl.de\\\/markt\\\/produkt\\\/quntis-faltbarer-laptop-staender-mit-abnehmbarer-handy-halterung-hoehenverstellbare-notebook-staender-fuer-schreibtisch-homeoffice-laptophalter-fuer-10-bis-17-zoll-macbook-air-pro-hp-dell-lenovo-mat\\\/\"]}]},{\"@type\":\"ImageObject\",\"inLanguage\":\"de\",\"@id\":\"https:\\\/\\\/marktxxl.de\\\/markt\\\/produkt\\\/quntis-faltbarer-laptop-staender-mit-abnehmbarer-handy-halterung-hoehenverstellbare-notebook-staender-fuer-schreibtisch-homeoffice-laptophalter-fuer-10-bis-17-zoll-macbook-air-pro-hp-dell-lenovo-mat\\\/#primaryimage\",\"url\":\"https:\\\/\\\/m.media-amazon.com\\\/images\\\/I\\\/41Jv+g73ORS._SL500_.jpg\",\"contentUrl\":\"https:\\\/\\\/m.media-amazon.com\\\/images\\\/I\\\/41Jv+g73ORS._SL500_.jpg\",\"width\":500,\"height\":500},{\"@type\":\"BreadcrumbList\",\"@id\":\"https:\\\/\\\/marktxxl.de\\\/markt\\\/produkt\\\/quntis-faltbarer-laptop-staender-mit-abnehmbarer-handy-halterung-hoehenverstellbare-notebook-staender-fuer-schreibtisch-homeoffice-laptophalter-fuer-10-bis-17-zoll-macbook-air-pro-hp-dell-lenovo-mat\\\/#breadcrumb\",\"itemListElement\":[{\"@type\":\"ListItem\",\"position\":1,\"name\":\"Startseite\",\"item\":\"https:\\\/\\\/marktxxl.de\\\/markt\\\/\"},{\"@type\":\"ListItem\",\"position\":2,\"name\":\"Markt\",\"item\":\"https:\\\/\\\/marktxxl.de\\\/markt\\\/\"},{\"@type\":\"ListItem\",\"position\":3,\"name\":\"Quntis faltbarer Laptop St\u00e4nder mit abnehmbarer Handy Halterung, h\u00f6henverstellbare Notebook St\u00e4nder f\u00fcr Schreibtisch\u2026\"}]},{\"@type\":\"WebSite\",\"@id\":\"https:\\\/\\\/marktxxl.de\\\/markt\\\/#website\",\"url\":\"https:\\\/\\\/marktxxl.de\\\/markt\\\/\",\"name\":\"Markt-XXL\",\"description\":\"Ihr Markt Online\",\"publisher\":{\"@id\":\"https:\\\/\\\/marktxxl.de\\\/markt\\\/#organization\"},\"potentialAction\":[{\"@type\":\"SearchAction\",\"target\":{\"@type\":\"EntryPoint\",\"urlTemplate\":\"https:\\\/\\\/marktxxl.de\\\/markt\\\/?s={search_term_string}\"},\"query-input\":{\"@type\":\"PropertyValueSpecification\",\"valueRequired\":true,\"valueName\":\"search_term_string\"}}],\"inLanguage\":\"de\"},{\"@type\":\"Organization\",\"@id\":\"https:\\\/\\\/marktxxl.de\\\/markt\\\/#organization\",\"name\":\"Markt-XXL\",\"url\":\"https:\\\/\\\/marktxxl.de\\\/markt\\\/\",\"logo\":{\"@type\":\"ImageObject\",\"inLanguage\":\"de\",\"@id\":\"https:\\\/\\\/marktxxl.de\\\/markt\\\/#\\\/schema\\\/logo\\\/image\\\/\",\"url\":\"https:\\\/\\\/marktxxl.de\\\/markt\\\/wp-content\\\/uploads\\\/sites\\\/3\\\/2020\\\/12\\\/logo.png\",\"contentUrl\":\"https:\\\/\\\/marktxxl.de\\\/markt\\\/wp-content\\\/uploads\\\/sites\\\/3\\\/2020\\\/12\\\/logo.png\",\"width\":200,\"height\":70,\"caption\":\"Markt-XXL\"},\"image\":{\"@id\":\"https:\\\/\\\/marktxxl.de\\\/markt\\\/#\\\/schema\\\/logo\\\/image\\\/\"}}]}<\/script>\n<!-- \/ Yoast SEO plugin. -->","yoast_head_json":{"title":"Quntis faltbarer Laptop St\u00e4nder mit abnehmbarer Handy Halterung, h\u00f6henverstellbare Notebook St\u00e4nder f\u00fcr Schreibtisch\u2026 - Markt-XXL","description":"Markt-XXL Quntis faltbarer Laptop St\u00e4nder mit abnehmbarer Handy Halterung, h\u00f6henverstellbare Notebook St\u00e4nder f\u00fcr Schreibtisch\u2026","robots":{"index":"index","follow":"follow","max-snippet":"max-snippet:-1","max-image-preview":"max-image-preview:large","max-video-preview":"max-video-preview:-1"},"canonical":"https:\/\/marktxxl.de\/markt\/produkt\/quntis-faltbarer-laptop-staender-mit-abnehmbarer-handy-halterung-hoehenverstellbare-notebook-staender-fuer-schreibtisch-homeoffice-laptophalter-fuer-10-bis-17-zoll-macbook-air-pro-hp-dell-lenovo-mat\/","og_locale":"de_DE","og_type":"article","og_title":"Quntis faltbarer Laptop St\u00e4nder mit abnehmbarer Handy Halterung, h\u00f6henverstellbare Notebook St\u00e4nder f\u00fcr Schreibtisch\u2026 - Markt-XXL","og_description":"Markt-XXL Quntis faltbarer Laptop St\u00e4nder mit abnehmbarer Handy Halterung, h\u00f6henverstellbare Notebook St\u00e4nder f\u00fcr Schreibtisch\u2026","og_url":"https:\/\/marktxxl.de\/markt\/produkt\/quntis-faltbarer-laptop-staender-mit-abnehmbarer-handy-halterung-hoehenverstellbare-notebook-staender-fuer-schreibtisch-homeoffice-laptophalter-fuer-10-bis-17-zoll-macbook-air-pro-hp-dell-lenovo-mat\/","og_site_name":"Markt-XXL","article_modified_time":"2023-04-09T23:43:11+00:00","og_image":[{"width":500,"height":500,"url":"https:\/\/m.media-amazon.com\/images\/I\/41Jv+g73ORS._SL500_.jpg","type":"image\/jpeg"}],"twitter_card":"summary_large_image","twitter_misc":{"Gesch\u00e4tzte Lesezeit":"2\u00a0Minuten"},"schema":{"@context":"https:\/\/schema.org","@graph":[{"@type":"WebPage","@id":"https:\/\/marktxxl.de\/markt\/produkt\/quntis-faltbarer-laptop-staender-mit-abnehmbarer-handy-halterung-hoehenverstellbare-notebook-staender-fuer-schreibtisch-homeoffice-laptophalter-fuer-10-bis-17-zoll-macbook-air-pro-hp-dell-lenovo-mat\/","url":"https:\/\/marktxxl.de\/markt\/produkt\/quntis-faltbarer-laptop-staender-mit-abnehmbarer-handy-halterung-hoehenverstellbare-notebook-staender-fuer-schreibtisch-homeoffice-laptophalter-fuer-10-bis-17-zoll-macbook-air-pro-hp-dell-lenovo-mat\/","name":"Quntis faltbarer Laptop St\u00e4nder mit abnehmbarer Handy Halterung, h\u00f6henverstellbare Notebook St\u00e4nder f\u00fcr Schreibtisch\u2026 - Markt-XXL","isPartOf":{"@id":"https:\/\/marktxxl.de\/markt\/#website"},"primaryImageOfPage":{"@id":"https:\/\/marktxxl.de\/markt\/produkt\/quntis-faltbarer-laptop-staender-mit-abnehmbarer-handy-halterung-hoehenverstellbare-notebook-staender-fuer-schreibtisch-homeoffice-laptophalter-fuer-10-bis-17-zoll-macbook-air-pro-hp-dell-lenovo-mat\/#primaryimage"},"image":{"@id":"https:\/\/marktxxl.de\/markt\/produkt\/quntis-faltbarer-laptop-staender-mit-abnehmbarer-handy-halterung-hoehenverstellbare-notebook-staender-fuer-schreibtisch-homeoffice-laptophalter-fuer-10-bis-17-zoll-macbook-air-pro-hp-dell-lenovo-mat\/#primaryimage"},"thumbnailUrl":"https:\/\/m.media-amazon.com\/images\/I\/41Jv+g73ORS._SL500_.jpg","datePublished":"2021-09-26T11:41:31+00:00","dateModified":"2023-04-09T23:43:11+00:00","description":"Markt-XXL Quntis faltbarer Laptop St\u00e4nder mit abnehmbarer Handy Halterung, h\u00f6henverstellbare Notebook St\u00e4nder f\u00fcr Schreibtisch\u2026","breadcrumb":{"@id":"https:\/\/marktxxl.de\/markt\/produkt\/quntis-faltbarer-laptop-staender-mit-abnehmbarer-handy-halterung-hoehenverstellbare-notebook-staender-fuer-schreibtisch-homeoffice-laptophalter-fuer-10-bis-17-zoll-macbook-air-pro-hp-dell-lenovo-mat\/#breadcrumb"},"inLanguage":"de","potentialAction":[{"@type":"ReadAction","target":["https:\/\/marktxxl.de\/markt\/produkt\/quntis-faltbarer-laptop-staender-mit-abnehmbarer-handy-halterung-hoehenverstellbare-notebook-staender-fuer-schreibtisch-homeoffice-laptophalter-fuer-10-bis-17-zoll-macbook-air-pro-hp-dell-lenovo-mat\/"]}]},{"@type":"ImageObject","inLanguage":"de","@id":"https:\/\/marktxxl.de\/markt\/produkt\/quntis-faltbarer-laptop-staender-mit-abnehmbarer-handy-halterung-hoehenverstellbare-notebook-staender-fuer-schreibtisch-homeoffice-laptophalter-fuer-10-bis-17-zoll-macbook-air-pro-hp-dell-lenovo-mat\/#primaryimage","url":"https:\/\/m.media-amazon.com\/images\/I\/41Jv+g73ORS._SL500_.jpg","contentUrl":"https:\/\/m.media-amazon.com\/images\/I\/41Jv+g73ORS._SL500_.jpg","width":500,"height":500},{"@type":"BreadcrumbList","@id":"https:\/\/marktxxl.de\/markt\/produkt\/quntis-faltbarer-laptop-staender-mit-abnehmbarer-handy-halterung-hoehenverstellbare-notebook-staender-fuer-schreibtisch-homeoffice-laptophalter-fuer-10-bis-17-zoll-macbook-air-pro-hp-dell-lenovo-mat\/#breadcrumb","itemListElement":[{"@type":"ListItem","position":1,"name":"Startseite","item":"https:\/\/marktxxl.de\/markt\/"},{"@type":"ListItem","position":2,"name":"Markt","item":"https:\/\/marktxxl.de\/markt\/"},{"@type":"ListItem","position":3,"name":"Quntis faltbarer Laptop St\u00e4nder mit abnehmbarer Handy Halterung, h\u00f6henverstellbare Notebook St\u00e4nder f\u00fcr Schreibtisch\u2026"}]},{"@type":"WebSite","@id":"https:\/\/marktxxl.de\/markt\/#website","url":"https:\/\/marktxxl.de\/markt\/","name":"Markt-XXL","description":"Ihr Markt Online","publisher":{"@id":"https:\/\/marktxxl.de\/markt\/#organization"},"potentialAction":[{"@type":"SearchAction","target":{"@type":"EntryPoint","urlTemplate":"https:\/\/marktxxl.de\/markt\/?s={search_term_string}"},"query-input":{"@type":"PropertyValueSpecification","valueRequired":true,"valueName":"search_term_string"}}],"inLanguage":"de"},{"@type":"Organization","@id":"https:\/\/marktxxl.de\/markt\/#organization","name":"Markt-XXL","url":"https:\/\/marktxxl.de\/markt\/","logo":{"@type":"ImageObject","inLanguage":"de","@id":"https:\/\/marktxxl.de\/markt\/#\/schema\/logo\/image\/","url":"https:\/\/marktxxl.de\/markt\/wp-content\/uploads\/sites\/3\/2020\/12\/logo.png","contentUrl":"https:\/\/marktxxl.de\/markt\/wp-content\/uploads\/sites\/3\/2020\/12\/logo.png","width":200,"height":70,"caption":"Markt-XXL"},"image":{"@id":"https:\/\/marktxxl.de\/markt\/#\/schema\/logo\/image\/"}}]}},"_links":{"self":[{"href":"https:\/\/marktxxl.de\/markt\/wp-json\/wp\/v2\/product\/40613","targetHints":{"allow":["GET"]}}],"collection":[{"href":"https:\/\/marktxxl.de\/markt\/wp-json\/wp\/v2\/product"}],"about":[{"href":"https:\/\/marktxxl.de\/markt\/wp-json\/wp\/v2\/types\/product"}],"replies":[{"embeddable":true,"href":"https:\/\/marktxxl.de\/markt\/wp-json\/wp\/v2\/comments?post=40613"}],"wp:featuredmedia":[{"embeddable":true,"href":"https:\/\/marktxxl.de\/markt\/wp-json\/wp\/v2\/media\/40614"}],"wp:attachment":[{"href":"https:\/\/marktxxl.de\/markt\/wp-json\/wp\/v2\/media?parent=40613"}],"wp:term":[{"taxonomy":"product_brand","embeddable":true,"href":"https:\/\/marktxxl.de\/markt\/wp-json\/wp\/v2\/product_brand?post=40613"},{"taxonomy":"product_cat","embeddable":true,"href":"https:\/\/marktxxl.de\/markt\/wp-json\/wp\/v2\/product_cat?post=40613"},{"taxonomy":"product_tag","embeddable":true,"href":"https:\/\/marktxxl.de\/markt\/wp-json\/wp\/v2\/product_tag?post=40613"}],"curies":[{"name":"wp","href":"https:\/\/api.w.org\/{rel}","templated":true}]}}