{"id":40543,"date":"2021-09-26T13:40:07","date_gmt":"2021-09-26T11:40:07","guid":{"rendered":"https:\/\/marktxxl.de\/markt\/produkt\/erik-eckspannmappe-mappe-a4-marvel-comics-cm1450\/"},"modified":"2023-04-10T01:43:10","modified_gmt":"2023-04-09T23:43:10","slug":"erik-eckspannmappe-mappe-a4-marvel-comics-cm1450","status":"publish","type":"product","link":"https:\/\/marktxxl.de\/markt\/produkt\/erik-eckspannmappe-mappe-a4-marvel-comics-cm1450\/","title":{"rendered":"ERIK Eckspannmappe &#8211; Mappe A4 marvel Comics, CM1450"},"content":{"rendered":"<p>Perfekt f\u00fcr das Schuljahr. Mit dieser Sammelmappe gehen keine Papiere mehr verloren, ob in der Schule oder im B\u00fcro, jedes Blatt hat seinen Platz. Das Design ist ein Muss f\u00fcr jeden Marvel Fan<br \/>\nMehrzweck-Ordnungsmappe \u2013 Einschlagmappe mit 3 Klappen mit Gummizug. Diese Einschlagmappe passt sich Ihren Bed\u00fcrfnisse perfekt an, dank ihrer Funktionalit\u00e4t und ihres einzigartigen und modischen Designs ist sie Ideal sowohl f\u00fcr die Schule als auch f\u00fcr das B\u00fcro<br \/>\nUnsere Premium Qualit\u00e4t zeichnet sich durch den 2 mm starken Karton und den elastischen \u00d6ffnungsmechanismus aus &#8211; ein ideales Produkt f\u00fcr den intensiven Einsatz. Format: 24 x 34 cm (A4)<br \/>\nWir achten sorgf\u00e4ltig darauf, dass die Produkte gut verpackt und gesch\u00fctzt sind, um eine reibungslose Lieferung zu gew\u00e4hrleisten<br \/>\nErik &#8211; Unsere Produkte sind nur aus den besten Materialien gefertigt, die sich durch ihre hochwertige und langhaltige Qualit\u00e4t unterscheiden. Immer mit 100 % offiziellen Lizenzen<br \/>\n<div class=\"main-cross-sell\" data-asin=\"B00TDZMMC2\">\n\n\t<div class=\"WooZone-cross-sell-loader\">\n\t\t<div>\n\t\t\t<div id=\"floatingBarsG\">\n\t\t\t\t<div class=\"blockG\" id=\"rotateG_01\"><\/div>\n\t\t\t\t<div class=\"blockG\" id=\"rotateG_02\"><\/div>\n\t\t\t\t<div class=\"blockG\" id=\"rotateG_03\"><\/div>\n\t\t\t\t<div class=\"blockG\" id=\"rotateG_04\"><\/div>\n\t\t\t\t<div class=\"blockG\" id=\"rotateG_05\"><\/div>\n\t\t\t\t<div class=\"blockG\" id=\"rotateG_06\"><\/div>\n\t\t\t\t<div class=\"blockG\" id=\"rotateG_07\"><\/div>\n\t\t\t\t<div class=\"blockG\" id=\"rotateG_08\"><\/div>\n\t\t\t<\/div>\n\t\t\t<div class=\"WooZone-cross-sell-loader-text\"><\/div>\n\t\t<\/div>\n\t<\/div>\n\n\t\t\n<\/div>\n<div style=\"clear:both;\"><\/div><\/p>\n","protected":false},"excerpt":{"rendered":"<p>Perfekt f\u00fcr das Schuljahr. Mit dieser Sammelmappe gehen keine Papiere mehr verloren, ob in der Schule oder im B\u00fcro, jedes Blatt hat seinen Platz. Das Design ist ein Muss f\u00fcr jeden Marvel Fan<br \/>\nMehrzweck-Ordnungsmappe \u2013 Einschlagmappe mit 3 Klappen mit Gummizug. Diese Einschlagmappe passt sich Ihren Bed\u00fcrfnisse perfekt an, dank ihrer Funktionalit\u00e4t und ihres einzigartigen und modischen Designs ist sie Ideal sowohl f\u00fcr die Schule als auch f\u00fcr das B\u00fcro<br \/>\nUnsere Premium Qualit\u00e4t zeichnet sich durch den 2 mm starken Karton und den elastischen \u00d6ffnungsmechanismus aus &#8211; ein ideales Produkt f\u00fcr den intensiven Einsatz. Format: 24 x 34 cm (A4)<\/p>\n","protected":false},"featured_media":40544,"comment_status":"open","ping_status":"closed","template":"","meta":[],"product_brand":[],"product_cat":[504,8284],"product_tag":[],"class_list":{"0":"post-40543","1":"product","2":"type-product","3":"status-publish","4":"has-post-thumbnail","6":"product_cat-buerobedarf-schreibwaren","7":"product_cat-bueromaterial","8":"pa_binding-buerobedarf-schreibwaren","9":"pa_brand-grupo-erik","10":"pa_height-9-2519684945-zoll","11":"pa_length-13-385826758-zoll","12":"pa_manufacturer-erik","13":"pa_model-cm1450","14":"pa_warranty-herstellergarantie","15":"pa_weight-0-5070632026-pfund","16":"pa_width-1-181102361-zoll","18":"first","19":"instock","20":"shipping-taxable","21":"purchasable","22":"product-type-simple","23":"customify-col","24":"product-has-gallery"},"yoast_head":"<!-- This site is optimized with the Yoast SEO plugin v27.3 - https:\/\/yoast.com\/product\/yoast-seo-wordpress\/ -->\n<title>ERIK Eckspannmappe - Mappe A4 marvel Comics, CM1450 - Markt-XXL<\/title>\n<meta name=\"description\" content=\"Markt-XXL ERIK Eckspannmappe - Mappe A4 marvel Comics, CM1450\" \/>\n<meta name=\"robots\" content=\"index, follow, max-snippet:-1, max-image-preview:large, max-video-preview:-1\" \/>\n<link rel=\"canonical\" href=\"https:\/\/marktxxl.de\/markt\/produkt\/erik-eckspannmappe-mappe-a4-marvel-comics-cm1450\/\" \/>\n<meta property=\"og:locale\" content=\"de_DE\" \/>\n<meta property=\"og:type\" content=\"article\" \/>\n<meta property=\"og:title\" content=\"ERIK Eckspannmappe - Mappe A4 marvel Comics, CM1450 - Markt-XXL\" \/>\n<meta property=\"og:description\" content=\"Markt-XXL ERIK Eckspannmappe - Mappe A4 marvel Comics, CM1450\" \/>\n<meta property=\"og:url\" content=\"https:\/\/marktxxl.de\/markt\/produkt\/erik-eckspannmappe-mappe-a4-marvel-comics-cm1450\/\" \/>\n<meta property=\"og:site_name\" content=\"Markt-XXL\" \/>\n<meta property=\"article:modified_time\" content=\"2023-04-09T23:43:10+00:00\" \/>\n<meta property=\"og:image\" content=\"https:\/\/m.media-amazon.com\/images\/I\/613yRp11KnL._SL500_.jpg\" \/>\n\t<meta property=\"og:image:width\" content=\"366\" \/>\n\t<meta property=\"og:image:height\" content=\"500\" \/>\n\t<meta property=\"og:image:type\" content=\"image\/jpeg\" \/>\n<meta name=\"twitter:card\" content=\"summary_large_image\" \/>\n<meta name=\"twitter:label1\" content=\"Gesch\u00e4tzte Lesezeit\" \/>\n\t<meta name=\"twitter:data1\" content=\"1\u00a0Minute\" \/>\n<script type=\"application\/ld+json\" class=\"yoast-schema-graph\">{\"@context\":\"https:\\\/\\\/schema.org\",\"@graph\":[{\"@type\":\"WebPage\",\"@id\":\"https:\\\/\\\/marktxxl.de\\\/markt\\\/produkt\\\/erik-eckspannmappe-mappe-a4-marvel-comics-cm1450\\\/\",\"url\":\"https:\\\/\\\/marktxxl.de\\\/markt\\\/produkt\\\/erik-eckspannmappe-mappe-a4-marvel-comics-cm1450\\\/\",\"name\":\"ERIK Eckspannmappe - Mappe A4 marvel Comics, CM1450 - Markt-XXL\",\"isPartOf\":{\"@id\":\"https:\\\/\\\/marktxxl.de\\\/markt\\\/#website\"},\"primaryImageOfPage\":{\"@id\":\"https:\\\/\\\/marktxxl.de\\\/markt\\\/produkt\\\/erik-eckspannmappe-mappe-a4-marvel-comics-cm1450\\\/#primaryimage\"},\"image\":{\"@id\":\"https:\\\/\\\/marktxxl.de\\\/markt\\\/produkt\\\/erik-eckspannmappe-mappe-a4-marvel-comics-cm1450\\\/#primaryimage\"},\"thumbnailUrl\":\"https:\\\/\\\/m.media-amazon.com\\\/images\\\/I\\\/613yRp11KnL._SL500_.jpg\",\"datePublished\":\"2021-09-26T11:40:07+00:00\",\"dateModified\":\"2023-04-09T23:43:10+00:00\",\"description\":\"Markt-XXL ERIK Eckspannmappe - Mappe A4 marvel Comics, CM1450\",\"breadcrumb\":{\"@id\":\"https:\\\/\\\/marktxxl.de\\\/markt\\\/produkt\\\/erik-eckspannmappe-mappe-a4-marvel-comics-cm1450\\\/#breadcrumb\"},\"inLanguage\":\"de\",\"potentialAction\":[{\"@type\":\"ReadAction\",\"target\":[\"https:\\\/\\\/marktxxl.de\\\/markt\\\/produkt\\\/erik-eckspannmappe-mappe-a4-marvel-comics-cm1450\\\/\"]}]},{\"@type\":\"ImageObject\",\"inLanguage\":\"de\",\"@id\":\"https:\\\/\\\/marktxxl.de\\\/markt\\\/produkt\\\/erik-eckspannmappe-mappe-a4-marvel-comics-cm1450\\\/#primaryimage\",\"url\":\"https:\\\/\\\/m.media-amazon.com\\\/images\\\/I\\\/613yRp11KnL._SL500_.jpg\",\"contentUrl\":\"https:\\\/\\\/m.media-amazon.com\\\/images\\\/I\\\/613yRp11KnL._SL500_.jpg\",\"width\":366,\"height\":500},{\"@type\":\"BreadcrumbList\",\"@id\":\"https:\\\/\\\/marktxxl.de\\\/markt\\\/produkt\\\/erik-eckspannmappe-mappe-a4-marvel-comics-cm1450\\\/#breadcrumb\",\"itemListElement\":[{\"@type\":\"ListItem\",\"position\":1,\"name\":\"Startseite\",\"item\":\"https:\\\/\\\/marktxxl.de\\\/markt\\\/\"},{\"@type\":\"ListItem\",\"position\":2,\"name\":\"Markt\",\"item\":\"https:\\\/\\\/marktxxl.de\\\/markt\\\/\"},{\"@type\":\"ListItem\",\"position\":3,\"name\":\"ERIK Eckspannmappe &#8211; Mappe A4 marvel Comics, CM1450\"}]},{\"@type\":\"WebSite\",\"@id\":\"https:\\\/\\\/marktxxl.de\\\/markt\\\/#website\",\"url\":\"https:\\\/\\\/marktxxl.de\\\/markt\\\/\",\"name\":\"Markt-XXL\",\"description\":\"Ihr Markt Online\",\"publisher\":{\"@id\":\"https:\\\/\\\/marktxxl.de\\\/markt\\\/#organization\"},\"potentialAction\":[{\"@type\":\"SearchAction\",\"target\":{\"@type\":\"EntryPoint\",\"urlTemplate\":\"https:\\\/\\\/marktxxl.de\\\/markt\\\/?s={search_term_string}\"},\"query-input\":{\"@type\":\"PropertyValueSpecification\",\"valueRequired\":true,\"valueName\":\"search_term_string\"}}],\"inLanguage\":\"de\"},{\"@type\":\"Organization\",\"@id\":\"https:\\\/\\\/marktxxl.de\\\/markt\\\/#organization\",\"name\":\"Markt-XXL\",\"url\":\"https:\\\/\\\/marktxxl.de\\\/markt\\\/\",\"logo\":{\"@type\":\"ImageObject\",\"inLanguage\":\"de\",\"@id\":\"https:\\\/\\\/marktxxl.de\\\/markt\\\/#\\\/schema\\\/logo\\\/image\\\/\",\"url\":\"https:\\\/\\\/marktxxl.de\\\/markt\\\/wp-content\\\/uploads\\\/sites\\\/3\\\/2020\\\/12\\\/logo.png\",\"contentUrl\":\"https:\\\/\\\/marktxxl.de\\\/markt\\\/wp-content\\\/uploads\\\/sites\\\/3\\\/2020\\\/12\\\/logo.png\",\"width\":200,\"height\":70,\"caption\":\"Markt-XXL\"},\"image\":{\"@id\":\"https:\\\/\\\/marktxxl.de\\\/markt\\\/#\\\/schema\\\/logo\\\/image\\\/\"}}]}<\/script>\n<!-- \/ Yoast SEO plugin. -->","yoast_head_json":{"title":"ERIK Eckspannmappe - Mappe A4 marvel Comics, CM1450 - Markt-XXL","description":"Markt-XXL ERIK Eckspannmappe - Mappe A4 marvel Comics, CM1450","robots":{"index":"index","follow":"follow","max-snippet":"max-snippet:-1","max-image-preview":"max-image-preview:large","max-video-preview":"max-video-preview:-1"},"canonical":"https:\/\/marktxxl.de\/markt\/produkt\/erik-eckspannmappe-mappe-a4-marvel-comics-cm1450\/","og_locale":"de_DE","og_type":"article","og_title":"ERIK Eckspannmappe - Mappe A4 marvel Comics, CM1450 - Markt-XXL","og_description":"Markt-XXL ERIK Eckspannmappe - Mappe A4 marvel Comics, CM1450","og_url":"https:\/\/marktxxl.de\/markt\/produkt\/erik-eckspannmappe-mappe-a4-marvel-comics-cm1450\/","og_site_name":"Markt-XXL","article_modified_time":"2023-04-09T23:43:10+00:00","og_image":[{"width":366,"height":500,"url":"https:\/\/m.media-amazon.com\/images\/I\/613yRp11KnL._SL500_.jpg","type":"image\/jpeg"}],"twitter_card":"summary_large_image","twitter_misc":{"Gesch\u00e4tzte Lesezeit":"1\u00a0Minute"},"schema":{"@context":"https:\/\/schema.org","@graph":[{"@type":"WebPage","@id":"https:\/\/marktxxl.de\/markt\/produkt\/erik-eckspannmappe-mappe-a4-marvel-comics-cm1450\/","url":"https:\/\/marktxxl.de\/markt\/produkt\/erik-eckspannmappe-mappe-a4-marvel-comics-cm1450\/","name":"ERIK Eckspannmappe - Mappe A4 marvel Comics, CM1450 - Markt-XXL","isPartOf":{"@id":"https:\/\/marktxxl.de\/markt\/#website"},"primaryImageOfPage":{"@id":"https:\/\/marktxxl.de\/markt\/produkt\/erik-eckspannmappe-mappe-a4-marvel-comics-cm1450\/#primaryimage"},"image":{"@id":"https:\/\/marktxxl.de\/markt\/produkt\/erik-eckspannmappe-mappe-a4-marvel-comics-cm1450\/#primaryimage"},"thumbnailUrl":"https:\/\/m.media-amazon.com\/images\/I\/613yRp11KnL._SL500_.jpg","datePublished":"2021-09-26T11:40:07+00:00","dateModified":"2023-04-09T23:43:10+00:00","description":"Markt-XXL ERIK Eckspannmappe - Mappe A4 marvel Comics, CM1450","breadcrumb":{"@id":"https:\/\/marktxxl.de\/markt\/produkt\/erik-eckspannmappe-mappe-a4-marvel-comics-cm1450\/#breadcrumb"},"inLanguage":"de","potentialAction":[{"@type":"ReadAction","target":["https:\/\/marktxxl.de\/markt\/produkt\/erik-eckspannmappe-mappe-a4-marvel-comics-cm1450\/"]}]},{"@type":"ImageObject","inLanguage":"de","@id":"https:\/\/marktxxl.de\/markt\/produkt\/erik-eckspannmappe-mappe-a4-marvel-comics-cm1450\/#primaryimage","url":"https:\/\/m.media-amazon.com\/images\/I\/613yRp11KnL._SL500_.jpg","contentUrl":"https:\/\/m.media-amazon.com\/images\/I\/613yRp11KnL._SL500_.jpg","width":366,"height":500},{"@type":"BreadcrumbList","@id":"https:\/\/marktxxl.de\/markt\/produkt\/erik-eckspannmappe-mappe-a4-marvel-comics-cm1450\/#breadcrumb","itemListElement":[{"@type":"ListItem","position":1,"name":"Startseite","item":"https:\/\/marktxxl.de\/markt\/"},{"@type":"ListItem","position":2,"name":"Markt","item":"https:\/\/marktxxl.de\/markt\/"},{"@type":"ListItem","position":3,"name":"ERIK Eckspannmappe &#8211; Mappe A4 marvel Comics, CM1450"}]},{"@type":"WebSite","@id":"https:\/\/marktxxl.de\/markt\/#website","url":"https:\/\/marktxxl.de\/markt\/","name":"Markt-XXL","description":"Ihr Markt Online","publisher":{"@id":"https:\/\/marktxxl.de\/markt\/#organization"},"potentialAction":[{"@type":"SearchAction","target":{"@type":"EntryPoint","urlTemplate":"https:\/\/marktxxl.de\/markt\/?s={search_term_string}"},"query-input":{"@type":"PropertyValueSpecification","valueRequired":true,"valueName":"search_term_string"}}],"inLanguage":"de"},{"@type":"Organization","@id":"https:\/\/marktxxl.de\/markt\/#organization","name":"Markt-XXL","url":"https:\/\/marktxxl.de\/markt\/","logo":{"@type":"ImageObject","inLanguage":"de","@id":"https:\/\/marktxxl.de\/markt\/#\/schema\/logo\/image\/","url":"https:\/\/marktxxl.de\/markt\/wp-content\/uploads\/sites\/3\/2020\/12\/logo.png","contentUrl":"https:\/\/marktxxl.de\/markt\/wp-content\/uploads\/sites\/3\/2020\/12\/logo.png","width":200,"height":70,"caption":"Markt-XXL"},"image":{"@id":"https:\/\/marktxxl.de\/markt\/#\/schema\/logo\/image\/"}}]}},"_links":{"self":[{"href":"https:\/\/marktxxl.de\/markt\/wp-json\/wp\/v2\/product\/40543","targetHints":{"allow":["GET"]}}],"collection":[{"href":"https:\/\/marktxxl.de\/markt\/wp-json\/wp\/v2\/product"}],"about":[{"href":"https:\/\/marktxxl.de\/markt\/wp-json\/wp\/v2\/types\/product"}],"replies":[{"embeddable":true,"href":"https:\/\/marktxxl.de\/markt\/wp-json\/wp\/v2\/comments?post=40543"}],"wp:featuredmedia":[{"embeddable":true,"href":"https:\/\/marktxxl.de\/markt\/wp-json\/wp\/v2\/media\/40544"}],"wp:attachment":[{"href":"https:\/\/marktxxl.de\/markt\/wp-json\/wp\/v2\/media?parent=40543"}],"wp:term":[{"taxonomy":"product_brand","embeddable":true,"href":"https:\/\/marktxxl.de\/markt\/wp-json\/wp\/v2\/product_brand?post=40543"},{"taxonomy":"product_cat","embeddable":true,"href":"https:\/\/marktxxl.de\/markt\/wp-json\/wp\/v2\/product_cat?post=40543"},{"taxonomy":"product_tag","embeddable":true,"href":"https:\/\/marktxxl.de\/markt\/wp-json\/wp\/v2\/product_tag?post=40543"}],"curies":[{"name":"wp","href":"https:\/\/api.w.org\/{rel}","templated":true}]}}