{"id":40534,"date":"2021-09-26T13:40:04","date_gmt":"2021-09-26T11:40:04","guid":{"rendered":"https:\/\/marktxxl.de\/markt\/produkt\/soskakiist-design-alu-kabelkanal-big-mouth-fuer-tv-beamer-etc-schwarz-glaenzend-klavierlackoptik-laenge-50cm-platz-fuer-viele-kabel-50-x-5-x-26cm-komplett-aus-aluminiumsoskakii\/"},"modified":"2023-04-10T01:43:09","modified_gmt":"2023-04-09T23:43:09","slug":"soskakiist-design-alu-kabelkanal-big-mouth-fuer-tv-beamer-etc-schwarz-glaenzend-klavierlackoptik-laenge-50cm-platz-fuer-viele-kabel-50-x-5-x-26cm-komplett-aus-aluminiumsoskakii","status":"publish","type":"product","link":"https:\/\/marktxxl.de\/markt\/produkt\/soskakiist-design-alu-kabelkanal-big-mouth-fuer-tv-beamer-etc-schwarz-glaenzend-klavierlackoptik-laenge-50cm-platz-fuer-viele-kabel-50-x-5-x-26cm-komplett-aus-aluminiumsoskakii\/","title":{"rendered":"Design Alu Kabelkanal&#8221;BIG MOUTH&#8221; f\u00fcr TV, Beamer etc. &#8211; schwarz gl\u00e4nzend (Klavierlackoptik) &#8211; L\u00e4nge 50cm &#8211; Platz f\u00fcr viele Kabel &#8211; 50 x 5 x 2,6cm &#8211; komplett aus Aluminium"},"content":{"rendered":"<p>Der Design Aluminium Kabelkanal BIG MOUTH bietet besonders viel Platz f\u00fcr Kabel und Leitungen aller Art. Je nach Durchmesser der Kabel sind 10 St\u00fcck oder mehr kein Problem (siehe Abbildung 3).<br \/>\nMontage: Die Schiene wird an die Wand geschraubt (Montagematerial beiliegend), danach einfach Kabel dar\u00fcberlegen und die Verkleidung von vorne drauf klicken &#8211; fertig!<br \/>\nDas gl\u00e4nzend schwarz beschichtete Aluminium wertet ihr hochwertiges Equipment zus\u00e4tzlich auf. Egal ob es sich um Fernseher, Beamer oder andere Highend-Ger\u00e4te handelt: Eine Investition die sich lohnt!<br \/>\nMaterial Aluminium &#8211; Farbe schwarz gl\u00e4nzend (Klavierlackoptik) &#8211; Der Kabelkanal l\u00e4sst sich problemlos mit jeder handels\u00fcblichen Metalls\u00e4ge auf Wunschma\u00df k\u00fcrzen!<br \/>\nLieferumfang: 1 x Alu-Kabelkanal bestehend aus Schienenprofil und Verkleidung, inkl. Montagematerial (Edelstahlschrauben + Fischer SX-D\u00fcbel) &amp; Montageanleitung (deutsch)<br \/>\n<div class=\"main-cross-sell\" data-asin=\"B00133CB5U\">\n\n\t<div class=\"WooZone-cross-sell-loader\">\n\t\t<div>\n\t\t\t<div id=\"floatingBarsG\">\n\t\t\t\t<div class=\"blockG\" id=\"rotateG_01\"><\/div>\n\t\t\t\t<div class=\"blockG\" id=\"rotateG_02\"><\/div>\n\t\t\t\t<div class=\"blockG\" id=\"rotateG_03\"><\/div>\n\t\t\t\t<div class=\"blockG\" id=\"rotateG_04\"><\/div>\n\t\t\t\t<div class=\"blockG\" id=\"rotateG_05\"><\/div>\n\t\t\t\t<div class=\"blockG\" id=\"rotateG_06\"><\/div>\n\t\t\t\t<div class=\"blockG\" id=\"rotateG_07\"><\/div>\n\t\t\t\t<div class=\"blockG\" id=\"rotateG_08\"><\/div>\n\t\t\t<\/div>\n\t\t\t<div class=\"WooZone-cross-sell-loader-text\"><\/div>\n\t\t<\/div>\n\t<\/div>\n\n\t\t\n<\/div>\n<div style=\"clear:both;\"><\/div><\/p>\n","protected":false},"excerpt":{"rendered":"<p>Der Design Aluminium Kabelkanal BIG MOUTH bietet besonders viel Platz f\u00fcr Kabel und Leitungen aller Art. Je nach Durchmesser der Kabel sind 10 St\u00fcck oder mehr kein Problem (siehe Abbildung 3).<br \/>\nMontage: Die Schiene wird an die Wand geschraubt (Montagematerial beiliegend), danach einfach Kabel dar\u00fcberlegen und die Verkleidung von vorne drauf klicken &#8211; fertig!<br \/>\nDas gl\u00e4nzend schwarz beschichtete Aluminium wertet ihr hochwertiges Equipment zus\u00e4tzlich auf. Egal ob es sich um Fernseher, Beamer oder andere Highend-Ger\u00e4te handelt: Eine Investition die sich lohnt!<\/p>\n","protected":false},"featured_media":40535,"comment_status":"open","ping_status":"closed","template":"","meta":[],"product_brand":[],"product_cat":[504,8284],"product_tag":[],"class_list":{"0":"post-40534","1":"product","2":"type-product","3":"status-publish","4":"has-post-thumbnail","6":"product_cat-buerobedarf-schreibwaren","7":"product_cat-bueromaterial","8":"pa_brand-soskakiist","9":"pa_color-zz-degm-0566","10":"pa_height-1-02-zoll","11":"pa_length-19-69-zoll","12":"pa_manufacturer-ac-metall","13":"pa_model-17263","14":"pa_size-zz-degm-0566","15":"pa_weight-0-9479877266-pfund","16":"pa_width-1-97-zoll","18":"first","19":"instock","20":"shipping-taxable","21":"purchasable","22":"product-type-simple","23":"customify-col","24":"product-has-gallery"},"yoast_head":"<!-- This site is optimized with the Yoast SEO plugin v27.4 - https:\/\/yoast.com\/product\/yoast-seo-wordpress\/ -->\n<title>Design Alu Kabelkanal&quot;BIG MOUTH&quot; f\u00fcr TV, Beamer etc. - schwarz gl\u00e4nzend (Klavierlackoptik) - L\u00e4nge 50cm - Platz f\u00fcr viele Kabel - 50 x 5 x 2,6cm - komplett aus Aluminium - Markt-XXL<\/title>\n<meta name=\"description\" content=\"Markt-XXL Design Alu Kabelkanal&quot;BIG MOUTH&quot; f\u00fcr TV, Beamer etc. - schwarz gl\u00e4nzend (Klavierlackoptik) - L\u00e4nge 50cm - Platz f\u00fcr viele Kabel - 50 x 5 x 2,6cm - komplett aus Aluminium\" \/>\n<meta name=\"robots\" content=\"index, follow, max-snippet:-1, max-image-preview:large, max-video-preview:-1\" \/>\n<link rel=\"canonical\" href=\"https:\/\/marktxxl.de\/markt\/produkt\/soskakiist-design-alu-kabelkanal-big-mouth-fuer-tv-beamer-etc-schwarz-glaenzend-klavierlackoptik-laenge-50cm-platz-fuer-viele-kabel-50-x-5-x-26cm-komplett-aus-aluminiumsoskakii\/\" \/>\n<meta property=\"og:locale\" content=\"de_DE\" \/>\n<meta property=\"og:type\" content=\"article\" \/>\n<meta property=\"og:title\" content=\"Design Alu Kabelkanal&quot;BIG MOUTH&quot; f\u00fcr TV, Beamer etc. - schwarz gl\u00e4nzend (Klavierlackoptik) - L\u00e4nge 50cm - Platz f\u00fcr viele Kabel - 50 x 5 x 2,6cm - komplett aus Aluminium - Markt-XXL\" \/>\n<meta property=\"og:description\" content=\"Markt-XXL Design Alu Kabelkanal&quot;BIG MOUTH&quot; f\u00fcr TV, Beamer etc. - schwarz gl\u00e4nzend (Klavierlackoptik) - L\u00e4nge 50cm - Platz f\u00fcr viele Kabel - 50 x 5 x 2,6cm - komplett aus Aluminium\" \/>\n<meta property=\"og:url\" content=\"https:\/\/marktxxl.de\/markt\/produkt\/soskakiist-design-alu-kabelkanal-big-mouth-fuer-tv-beamer-etc-schwarz-glaenzend-klavierlackoptik-laenge-50cm-platz-fuer-viele-kabel-50-x-5-x-26cm-komplett-aus-aluminiumsoskakii\/\" \/>\n<meta property=\"og:site_name\" content=\"Markt-XXL\" \/>\n<meta property=\"article:modified_time\" content=\"2023-04-09T23:43:09+00:00\" \/>\n<meta property=\"og:image\" content=\"https:\/\/m.media-amazon.com\/images\/I\/315RB59xsXL._SL500_.jpg\" \/>\n\t<meta property=\"og:image:width\" content=\"500\" \/>\n\t<meta property=\"og:image:height\" content=\"500\" \/>\n\t<meta property=\"og:image:type\" content=\"image\/jpeg\" \/>\n<meta name=\"twitter:card\" content=\"summary_large_image\" \/>\n<meta name=\"twitter:label1\" content=\"Gesch\u00e4tzte Lesezeit\" \/>\n\t<meta name=\"twitter:data1\" content=\"1\u00a0Minute\" \/>\n<script type=\"application\/ld+json\" class=\"yoast-schema-graph\">{\"@context\":\"https:\\\/\\\/schema.org\",\"@graph\":[{\"@type\":\"WebPage\",\"@id\":\"https:\\\/\\\/marktxxl.de\\\/markt\\\/produkt\\\/soskakiist-design-alu-kabelkanal-big-mouth-fuer-tv-beamer-etc-schwarz-glaenzend-klavierlackoptik-laenge-50cm-platz-fuer-viele-kabel-50-x-5-x-26cm-komplett-aus-aluminiumsoskakii\\\/\",\"url\":\"https:\\\/\\\/marktxxl.de\\\/markt\\\/produkt\\\/soskakiist-design-alu-kabelkanal-big-mouth-fuer-tv-beamer-etc-schwarz-glaenzend-klavierlackoptik-laenge-50cm-platz-fuer-viele-kabel-50-x-5-x-26cm-komplett-aus-aluminiumsoskakii\\\/\",\"name\":\"Design Alu Kabelkanal\\\"BIG MOUTH\\\" f\u00fcr TV, Beamer etc. - schwarz gl\u00e4nzend (Klavierlackoptik) - L\u00e4nge 50cm - Platz f\u00fcr viele Kabel - 50 x 5 x 2,6cm - komplett aus Aluminium - Markt-XXL\",\"isPartOf\":{\"@id\":\"https:\\\/\\\/marktxxl.de\\\/markt\\\/#website\"},\"primaryImageOfPage\":{\"@id\":\"https:\\\/\\\/marktxxl.de\\\/markt\\\/produkt\\\/soskakiist-design-alu-kabelkanal-big-mouth-fuer-tv-beamer-etc-schwarz-glaenzend-klavierlackoptik-laenge-50cm-platz-fuer-viele-kabel-50-x-5-x-26cm-komplett-aus-aluminiumsoskakii\\\/#primaryimage\"},\"image\":{\"@id\":\"https:\\\/\\\/marktxxl.de\\\/markt\\\/produkt\\\/soskakiist-design-alu-kabelkanal-big-mouth-fuer-tv-beamer-etc-schwarz-glaenzend-klavierlackoptik-laenge-50cm-platz-fuer-viele-kabel-50-x-5-x-26cm-komplett-aus-aluminiumsoskakii\\\/#primaryimage\"},\"thumbnailUrl\":\"https:\\\/\\\/m.media-amazon.com\\\/images\\\/I\\\/315RB59xsXL._SL500_.jpg\",\"datePublished\":\"2021-09-26T11:40:04+00:00\",\"dateModified\":\"2023-04-09T23:43:09+00:00\",\"description\":\"Markt-XXL Design Alu Kabelkanal\\\"BIG MOUTH\\\" f\u00fcr TV, Beamer etc. - schwarz gl\u00e4nzend (Klavierlackoptik) - L\u00e4nge 50cm - Platz f\u00fcr viele Kabel - 50 x 5 x 2,6cm - komplett aus Aluminium\",\"breadcrumb\":{\"@id\":\"https:\\\/\\\/marktxxl.de\\\/markt\\\/produkt\\\/soskakiist-design-alu-kabelkanal-big-mouth-fuer-tv-beamer-etc-schwarz-glaenzend-klavierlackoptik-laenge-50cm-platz-fuer-viele-kabel-50-x-5-x-26cm-komplett-aus-aluminiumsoskakii\\\/#breadcrumb\"},\"inLanguage\":\"de\",\"potentialAction\":[{\"@type\":\"ReadAction\",\"target\":[\"https:\\\/\\\/marktxxl.de\\\/markt\\\/produkt\\\/soskakiist-design-alu-kabelkanal-big-mouth-fuer-tv-beamer-etc-schwarz-glaenzend-klavierlackoptik-laenge-50cm-platz-fuer-viele-kabel-50-x-5-x-26cm-komplett-aus-aluminiumsoskakii\\\/\"]}]},{\"@type\":\"ImageObject\",\"inLanguage\":\"de\",\"@id\":\"https:\\\/\\\/marktxxl.de\\\/markt\\\/produkt\\\/soskakiist-design-alu-kabelkanal-big-mouth-fuer-tv-beamer-etc-schwarz-glaenzend-klavierlackoptik-laenge-50cm-platz-fuer-viele-kabel-50-x-5-x-26cm-komplett-aus-aluminiumsoskakii\\\/#primaryimage\",\"url\":\"https:\\\/\\\/m.media-amazon.com\\\/images\\\/I\\\/315RB59xsXL._SL500_.jpg\",\"contentUrl\":\"https:\\\/\\\/m.media-amazon.com\\\/images\\\/I\\\/315RB59xsXL._SL500_.jpg\",\"width\":500,\"height\":500},{\"@type\":\"BreadcrumbList\",\"@id\":\"https:\\\/\\\/marktxxl.de\\\/markt\\\/produkt\\\/soskakiist-design-alu-kabelkanal-big-mouth-fuer-tv-beamer-etc-schwarz-glaenzend-klavierlackoptik-laenge-50cm-platz-fuer-viele-kabel-50-x-5-x-26cm-komplett-aus-aluminiumsoskakii\\\/#breadcrumb\",\"itemListElement\":[{\"@type\":\"ListItem\",\"position\":1,\"name\":\"Startseite\",\"item\":\"https:\\\/\\\/marktxxl.de\\\/markt\\\/\"},{\"@type\":\"ListItem\",\"position\":2,\"name\":\"Markt\",\"item\":\"https:\\\/\\\/marktxxl.de\\\/markt\\\/\"},{\"@type\":\"ListItem\",\"position\":3,\"name\":\"Design Alu Kabelkanal&#8221;BIG MOUTH&#8221; f\u00fcr TV, Beamer etc. &#8211; schwarz gl\u00e4nzend (Klavierlackoptik) &#8211; L\u00e4nge 50cm &#8211; Platz f\u00fcr viele Kabel &#8211; 50 x 5 x 2,6cm &#8211; komplett aus Aluminium\"}]},{\"@type\":\"WebSite\",\"@id\":\"https:\\\/\\\/marktxxl.de\\\/markt\\\/#website\",\"url\":\"https:\\\/\\\/marktxxl.de\\\/markt\\\/\",\"name\":\"Markt-XXL\",\"description\":\"Ihr Markt Online\",\"publisher\":{\"@id\":\"https:\\\/\\\/marktxxl.de\\\/markt\\\/#organization\"},\"potentialAction\":[{\"@type\":\"SearchAction\",\"target\":{\"@type\":\"EntryPoint\",\"urlTemplate\":\"https:\\\/\\\/marktxxl.de\\\/markt\\\/?s={search_term_string}\"},\"query-input\":{\"@type\":\"PropertyValueSpecification\",\"valueRequired\":true,\"valueName\":\"search_term_string\"}}],\"inLanguage\":\"de\"},{\"@type\":\"Organization\",\"@id\":\"https:\\\/\\\/marktxxl.de\\\/markt\\\/#organization\",\"name\":\"Markt-XXL\",\"url\":\"https:\\\/\\\/marktxxl.de\\\/markt\\\/\",\"logo\":{\"@type\":\"ImageObject\",\"inLanguage\":\"de\",\"@id\":\"https:\\\/\\\/marktxxl.de\\\/markt\\\/#\\\/schema\\\/logo\\\/image\\\/\",\"url\":\"https:\\\/\\\/marktxxl.de\\\/markt\\\/wp-content\\\/uploads\\\/sites\\\/3\\\/2020\\\/12\\\/logo.png\",\"contentUrl\":\"https:\\\/\\\/marktxxl.de\\\/markt\\\/wp-content\\\/uploads\\\/sites\\\/3\\\/2020\\\/12\\\/logo.png\",\"width\":200,\"height\":70,\"caption\":\"Markt-XXL\"},\"image\":{\"@id\":\"https:\\\/\\\/marktxxl.de\\\/markt\\\/#\\\/schema\\\/logo\\\/image\\\/\"}}]}<\/script>\n<!-- \/ Yoast SEO plugin. -->","yoast_head_json":{"title":"Design Alu Kabelkanal\"BIG MOUTH\" f\u00fcr TV, Beamer etc. - schwarz gl\u00e4nzend (Klavierlackoptik) - L\u00e4nge 50cm - Platz f\u00fcr viele Kabel - 50 x 5 x 2,6cm - komplett aus Aluminium - Markt-XXL","description":"Markt-XXL Design Alu Kabelkanal\"BIG MOUTH\" f\u00fcr TV, Beamer etc. - schwarz gl\u00e4nzend (Klavierlackoptik) - L\u00e4nge 50cm - Platz f\u00fcr viele Kabel - 50 x 5 x 2,6cm - komplett aus Aluminium","robots":{"index":"index","follow":"follow","max-snippet":"max-snippet:-1","max-image-preview":"max-image-preview:large","max-video-preview":"max-video-preview:-1"},"canonical":"https:\/\/marktxxl.de\/markt\/produkt\/soskakiist-design-alu-kabelkanal-big-mouth-fuer-tv-beamer-etc-schwarz-glaenzend-klavierlackoptik-laenge-50cm-platz-fuer-viele-kabel-50-x-5-x-26cm-komplett-aus-aluminiumsoskakii\/","og_locale":"de_DE","og_type":"article","og_title":"Design Alu Kabelkanal\"BIG MOUTH\" f\u00fcr TV, Beamer etc. - schwarz gl\u00e4nzend (Klavierlackoptik) - L\u00e4nge 50cm - Platz f\u00fcr viele Kabel - 50 x 5 x 2,6cm - komplett aus Aluminium - Markt-XXL","og_description":"Markt-XXL Design Alu Kabelkanal\"BIG MOUTH\" f\u00fcr TV, Beamer etc. - schwarz gl\u00e4nzend (Klavierlackoptik) - L\u00e4nge 50cm - Platz f\u00fcr viele Kabel - 50 x 5 x 2,6cm - komplett aus Aluminium","og_url":"https:\/\/marktxxl.de\/markt\/produkt\/soskakiist-design-alu-kabelkanal-big-mouth-fuer-tv-beamer-etc-schwarz-glaenzend-klavierlackoptik-laenge-50cm-platz-fuer-viele-kabel-50-x-5-x-26cm-komplett-aus-aluminiumsoskakii\/","og_site_name":"Markt-XXL","article_modified_time":"2023-04-09T23:43:09+00:00","og_image":[{"width":500,"height":500,"url":"https:\/\/m.media-amazon.com\/images\/I\/315RB59xsXL._SL500_.jpg","type":"image\/jpeg"}],"twitter_card":"summary_large_image","twitter_misc":{"Gesch\u00e4tzte Lesezeit":"1\u00a0Minute"},"schema":{"@context":"https:\/\/schema.org","@graph":[{"@type":"WebPage","@id":"https:\/\/marktxxl.de\/markt\/produkt\/soskakiist-design-alu-kabelkanal-big-mouth-fuer-tv-beamer-etc-schwarz-glaenzend-klavierlackoptik-laenge-50cm-platz-fuer-viele-kabel-50-x-5-x-26cm-komplett-aus-aluminiumsoskakii\/","url":"https:\/\/marktxxl.de\/markt\/produkt\/soskakiist-design-alu-kabelkanal-big-mouth-fuer-tv-beamer-etc-schwarz-glaenzend-klavierlackoptik-laenge-50cm-platz-fuer-viele-kabel-50-x-5-x-26cm-komplett-aus-aluminiumsoskakii\/","name":"Design Alu Kabelkanal\"BIG MOUTH\" f\u00fcr TV, Beamer etc. - schwarz gl\u00e4nzend (Klavierlackoptik) - L\u00e4nge 50cm - Platz f\u00fcr viele Kabel - 50 x 5 x 2,6cm - komplett aus Aluminium - Markt-XXL","isPartOf":{"@id":"https:\/\/marktxxl.de\/markt\/#website"},"primaryImageOfPage":{"@id":"https:\/\/marktxxl.de\/markt\/produkt\/soskakiist-design-alu-kabelkanal-big-mouth-fuer-tv-beamer-etc-schwarz-glaenzend-klavierlackoptik-laenge-50cm-platz-fuer-viele-kabel-50-x-5-x-26cm-komplett-aus-aluminiumsoskakii\/#primaryimage"},"image":{"@id":"https:\/\/marktxxl.de\/markt\/produkt\/soskakiist-design-alu-kabelkanal-big-mouth-fuer-tv-beamer-etc-schwarz-glaenzend-klavierlackoptik-laenge-50cm-platz-fuer-viele-kabel-50-x-5-x-26cm-komplett-aus-aluminiumsoskakii\/#primaryimage"},"thumbnailUrl":"https:\/\/m.media-amazon.com\/images\/I\/315RB59xsXL._SL500_.jpg","datePublished":"2021-09-26T11:40:04+00:00","dateModified":"2023-04-09T23:43:09+00:00","description":"Markt-XXL Design Alu Kabelkanal\"BIG MOUTH\" f\u00fcr TV, Beamer etc. - schwarz gl\u00e4nzend (Klavierlackoptik) - L\u00e4nge 50cm - Platz f\u00fcr viele Kabel - 50 x 5 x 2,6cm - komplett aus Aluminium","breadcrumb":{"@id":"https:\/\/marktxxl.de\/markt\/produkt\/soskakiist-design-alu-kabelkanal-big-mouth-fuer-tv-beamer-etc-schwarz-glaenzend-klavierlackoptik-laenge-50cm-platz-fuer-viele-kabel-50-x-5-x-26cm-komplett-aus-aluminiumsoskakii\/#breadcrumb"},"inLanguage":"de","potentialAction":[{"@type":"ReadAction","target":["https:\/\/marktxxl.de\/markt\/produkt\/soskakiist-design-alu-kabelkanal-big-mouth-fuer-tv-beamer-etc-schwarz-glaenzend-klavierlackoptik-laenge-50cm-platz-fuer-viele-kabel-50-x-5-x-26cm-komplett-aus-aluminiumsoskakii\/"]}]},{"@type":"ImageObject","inLanguage":"de","@id":"https:\/\/marktxxl.de\/markt\/produkt\/soskakiist-design-alu-kabelkanal-big-mouth-fuer-tv-beamer-etc-schwarz-glaenzend-klavierlackoptik-laenge-50cm-platz-fuer-viele-kabel-50-x-5-x-26cm-komplett-aus-aluminiumsoskakii\/#primaryimage","url":"https:\/\/m.media-amazon.com\/images\/I\/315RB59xsXL._SL500_.jpg","contentUrl":"https:\/\/m.media-amazon.com\/images\/I\/315RB59xsXL._SL500_.jpg","width":500,"height":500},{"@type":"BreadcrumbList","@id":"https:\/\/marktxxl.de\/markt\/produkt\/soskakiist-design-alu-kabelkanal-big-mouth-fuer-tv-beamer-etc-schwarz-glaenzend-klavierlackoptik-laenge-50cm-platz-fuer-viele-kabel-50-x-5-x-26cm-komplett-aus-aluminiumsoskakii\/#breadcrumb","itemListElement":[{"@type":"ListItem","position":1,"name":"Startseite","item":"https:\/\/marktxxl.de\/markt\/"},{"@type":"ListItem","position":2,"name":"Markt","item":"https:\/\/marktxxl.de\/markt\/"},{"@type":"ListItem","position":3,"name":"Design Alu Kabelkanal&#8221;BIG MOUTH&#8221; f\u00fcr TV, Beamer etc. &#8211; schwarz gl\u00e4nzend (Klavierlackoptik) &#8211; L\u00e4nge 50cm &#8211; Platz f\u00fcr viele Kabel &#8211; 50 x 5 x 2,6cm &#8211; komplett aus Aluminium"}]},{"@type":"WebSite","@id":"https:\/\/marktxxl.de\/markt\/#website","url":"https:\/\/marktxxl.de\/markt\/","name":"Markt-XXL","description":"Ihr Markt Online","publisher":{"@id":"https:\/\/marktxxl.de\/markt\/#organization"},"potentialAction":[{"@type":"SearchAction","target":{"@type":"EntryPoint","urlTemplate":"https:\/\/marktxxl.de\/markt\/?s={search_term_string}"},"query-input":{"@type":"PropertyValueSpecification","valueRequired":true,"valueName":"search_term_string"}}],"inLanguage":"de"},{"@type":"Organization","@id":"https:\/\/marktxxl.de\/markt\/#organization","name":"Markt-XXL","url":"https:\/\/marktxxl.de\/markt\/","logo":{"@type":"ImageObject","inLanguage":"de","@id":"https:\/\/marktxxl.de\/markt\/#\/schema\/logo\/image\/","url":"https:\/\/marktxxl.de\/markt\/wp-content\/uploads\/sites\/3\/2020\/12\/logo.png","contentUrl":"https:\/\/marktxxl.de\/markt\/wp-content\/uploads\/sites\/3\/2020\/12\/logo.png","width":200,"height":70,"caption":"Markt-XXL"},"image":{"@id":"https:\/\/marktxxl.de\/markt\/#\/schema\/logo\/image\/"}}]}},"_links":{"self":[{"href":"https:\/\/marktxxl.de\/markt\/wp-json\/wp\/v2\/product\/40534","targetHints":{"allow":["GET"]}}],"collection":[{"href":"https:\/\/marktxxl.de\/markt\/wp-json\/wp\/v2\/product"}],"about":[{"href":"https:\/\/marktxxl.de\/markt\/wp-json\/wp\/v2\/types\/product"}],"replies":[{"embeddable":true,"href":"https:\/\/marktxxl.de\/markt\/wp-json\/wp\/v2\/comments?post=40534"}],"wp:featuredmedia":[{"embeddable":true,"href":"https:\/\/marktxxl.de\/markt\/wp-json\/wp\/v2\/media\/40535"}],"wp:attachment":[{"href":"https:\/\/marktxxl.de\/markt\/wp-json\/wp\/v2\/media?parent=40534"}],"wp:term":[{"taxonomy":"product_brand","embeddable":true,"href":"https:\/\/marktxxl.de\/markt\/wp-json\/wp\/v2\/product_brand?post=40534"},{"taxonomy":"product_cat","embeddable":true,"href":"https:\/\/marktxxl.de\/markt\/wp-json\/wp\/v2\/product_cat?post=40534"},{"taxonomy":"product_tag","embeddable":true,"href":"https:\/\/marktxxl.de\/markt\/wp-json\/wp\/v2\/product_tag?post=40534"}],"curies":[{"name":"wp","href":"https:\/\/api.w.org\/{rel}","templated":true}]}}