{"id":40527,"date":"2021-09-26T13:40:02","date_gmt":"2021-09-26T11:40:02","guid":{"rendered":"https:\/\/marktxxl.de\/markt\/produkt\/105-stueck-mehrfarbig-bueroklammern-buero-klammern-aus-metall-fuer-schule-buero-vorraete-groesse-a\/"},"modified":"2023-04-11T01:57:23","modified_gmt":"2023-04-10T23:57:23","slug":"105-stueck-mehrfarbig-bueroklammern-buero-klammern-aus-metall-fuer-schule-buero-vorraete-groesse-a","status":"publish","type":"product","link":"https:\/\/marktxxl.de\/markt\/produkt\/105-stueck-mehrfarbig-bueroklammern-buero-klammern-aus-metall-fuer-schule-buero-vorraete-groesse-a\/","title":{"rendered":"105 St\u00fcck Mehrfarbig B\u00fcroklammern B\u00fcro Klammern aus Metall f\u00fcr Schule B\u00fcro Vorr\u00e4te (Gr\u00f6\u00dfe A)"},"content":{"rendered":"<p>Gutes Material: Hergestellt aus robustem Edelstahl, s\u00fc\u00df und zart, nicht leicht zu rosten und zu brechen, k\u00f6nnen Sie sie f\u00fcr eine lange Zeit verwenden<br \/>\n2 Gr\u00f6\u00dfe (LW): Die kleinen B\u00fcroklammern Gr\u00f6\u00dfe ca. 25 x 15 mm\/ 1 x 0,6 Zoll; Gro\u00dfe Gr\u00f6\u00dfe ca. 33 x 20 mm\/ 1,3 x 0,78 Zoll, geeignet zum Markieren und Anordnen verschiedener Dateien<br \/>\n7 Farben: Beinhaltet schwarz, gold, silber, orange, lila, gr\u00fcn und blau; Kleine Gr\u00f6\u00dfe: total 70 St\u00fcck; Gro\u00dfe Gr\u00f6\u00dfe: total 35 St\u00fcck, erf\u00fcllen Ihre diversifizierten und pers\u00f6nlichen Bed\u00fcrfnisse<br \/>\nGutaussehend und Mode: Die s\u00fc\u00dfe Tropfenform sieht einfach aus, aber Kreativit\u00e4t und Mode, wird viel Freude in Ihrem Studium und Arbeit bringen; Dekoriere dein t\u00e4gliches Leben<br \/>\nMultifunktional: Sie k\u00f6nnen verschiedene Farben verwenden, um Ihre Dokumente und Papierarbeiten zu identifizieren; Kann auch als Lesezeichen und dekorative Memo-Clips, Geldklammer, Papierhalter oder Briefhalter verwendet werden; Geeignet f\u00fcr Studenten, Schriftsteller, Leser und so weiter<br \/>\n<div class=\"main-cross-sell\" data-asin=\"B078YRGHF1\">\n\n\t<div class=\"WooZone-cross-sell-loader\">\n\t\t<div>\n\t\t\t<div id=\"floatingBarsG\">\n\t\t\t\t<div class=\"blockG\" id=\"rotateG_01\"><\/div>\n\t\t\t\t<div class=\"blockG\" id=\"rotateG_02\"><\/div>\n\t\t\t\t<div class=\"blockG\" id=\"rotateG_03\"><\/div>\n\t\t\t\t<div class=\"blockG\" id=\"rotateG_04\"><\/div>\n\t\t\t\t<div class=\"blockG\" id=\"rotateG_05\"><\/div>\n\t\t\t\t<div class=\"blockG\" id=\"rotateG_06\"><\/div>\n\t\t\t\t<div class=\"blockG\" id=\"rotateG_07\"><\/div>\n\t\t\t\t<div class=\"blockG\" id=\"rotateG_08\"><\/div>\n\t\t\t<\/div>\n\t\t\t<div class=\"WooZone-cross-sell-loader-text\"><\/div>\n\t\t<\/div>\n\t<\/div>\n\n\t\t\n<\/div>\n<div style=\"clear:both;\"><\/div><\/p>\n","protected":false},"excerpt":{"rendered":"<p>Gutes Material: Hergestellt aus robustem Edelstahl, s\u00fc\u00df und zart, nicht leicht zu rosten und zu brechen, k\u00f6nnen Sie sie f\u00fcr eine lange Zeit verwenden<br \/>\n2 Gr\u00f6\u00dfe (LW): Die kleinen B\u00fcroklammern Gr\u00f6\u00dfe ca. 25 x 15 mm\/ 1 x 0,6 Zoll; Gro\u00dfe Gr\u00f6\u00dfe ca. 33 x 20 mm\/ 1,3 x 0,78 Zoll, geeignet zum Markieren und Anordnen verschiedener Dateien<br \/>\n7 Farben: Beinhaltet schwarz, gold, silber, orange, lila, gr\u00fcn und blau; Kleine Gr\u00f6\u00dfe: total 70 St\u00fcck; Gro\u00dfe Gr\u00f6\u00dfe: total 35 St\u00fcck, erf\u00fcllen Ihre diversifizierten und pers\u00f6nlichen Bed\u00fcrfnisse<\/p>\n","protected":false},"featured_media":40528,"comment_status":"open","ping_status":"closed","template":"","meta":[],"product_brand":[],"product_cat":[504,8284],"product_tag":[],"class_list":{"0":"post-40527","1":"product","2":"type-product","3":"status-publish","4":"has-post-thumbnail","6":"product_cat-buerobedarf-schreibwaren","7":"product_cat-bueromaterial","8":"pa_binding-buerobedarf-schreibwaren","9":"pa_brand-frienda","10":"pa_height-0-0393700787-zoll","11":"pa_length-0-9055118101-zoll","12":"pa_manufacturer-frienda","13":"pa_model-frienda-paperclips-01","14":"pa_size-groesse-a","15":"pa_weight-0-1543235834-pfund","16":"pa_width-0-787401574-zoll","18":"first","19":"instock","20":"shipping-taxable","21":"purchasable","22":"product-type-simple","23":"customify-col","24":"product-has-gallery"},"yoast_head":"<!-- This site is optimized with the Yoast SEO plugin v27.3 - https:\/\/yoast.com\/product\/yoast-seo-wordpress\/ -->\n<title>105 St\u00fcck Mehrfarbig B\u00fcroklammern B\u00fcro Klammern aus Metall f\u00fcr Schule B\u00fcro Vorr\u00e4te (Gr\u00f6\u00dfe A) - Markt-XXL<\/title>\n<meta name=\"description\" content=\"Markt-XXL 105 St\u00fcck Mehrfarbig B\u00fcroklammern B\u00fcro Klammern aus Metall f\u00fcr Schule B\u00fcro Vorr\u00e4te (Gr\u00f6\u00dfe A)\" \/>\n<meta name=\"robots\" content=\"index, follow, max-snippet:-1, max-image-preview:large, max-video-preview:-1\" \/>\n<link rel=\"canonical\" href=\"https:\/\/marktxxl.de\/markt\/produkt\/105-stueck-mehrfarbig-bueroklammern-buero-klammern-aus-metall-fuer-schule-buero-vorraete-groesse-a\/\" \/>\n<meta property=\"og:locale\" content=\"de_DE\" \/>\n<meta property=\"og:type\" content=\"article\" \/>\n<meta property=\"og:title\" content=\"105 St\u00fcck Mehrfarbig B\u00fcroklammern B\u00fcro Klammern aus Metall f\u00fcr Schule B\u00fcro Vorr\u00e4te (Gr\u00f6\u00dfe A) - Markt-XXL\" \/>\n<meta property=\"og:description\" content=\"Markt-XXL 105 St\u00fcck Mehrfarbig B\u00fcroklammern B\u00fcro Klammern aus Metall f\u00fcr Schule B\u00fcro Vorr\u00e4te (Gr\u00f6\u00dfe A)\" \/>\n<meta property=\"og:url\" content=\"https:\/\/marktxxl.de\/markt\/produkt\/105-stueck-mehrfarbig-bueroklammern-buero-klammern-aus-metall-fuer-schule-buero-vorraete-groesse-a\/\" \/>\n<meta property=\"og:site_name\" content=\"Markt-XXL\" \/>\n<meta property=\"article:modified_time\" content=\"2023-04-10T23:57:23+00:00\" \/>\n<meta property=\"og:image\" content=\"https:\/\/m.media-amazon.com\/images\/I\/61btBO3pOqL._SL500_.jpg\" \/>\n\t<meta property=\"og:image:width\" content=\"500\" \/>\n\t<meta property=\"og:image:height\" content=\"500\" \/>\n\t<meta property=\"og:image:type\" content=\"image\/jpeg\" \/>\n<meta name=\"twitter:card\" content=\"summary_large_image\" \/>\n<meta name=\"twitter:label1\" content=\"Gesch\u00e4tzte Lesezeit\" \/>\n\t<meta name=\"twitter:data1\" content=\"1\u00a0Minute\" \/>\n<script type=\"application\/ld+json\" class=\"yoast-schema-graph\">{\"@context\":\"https:\\\/\\\/schema.org\",\"@graph\":[{\"@type\":\"WebPage\",\"@id\":\"https:\\\/\\\/marktxxl.de\\\/markt\\\/produkt\\\/105-stueck-mehrfarbig-bueroklammern-buero-klammern-aus-metall-fuer-schule-buero-vorraete-groesse-a\\\/\",\"url\":\"https:\\\/\\\/marktxxl.de\\\/markt\\\/produkt\\\/105-stueck-mehrfarbig-bueroklammern-buero-klammern-aus-metall-fuer-schule-buero-vorraete-groesse-a\\\/\",\"name\":\"105 St\u00fcck Mehrfarbig B\u00fcroklammern B\u00fcro Klammern aus Metall f\u00fcr Schule B\u00fcro Vorr\u00e4te (Gr\u00f6\u00dfe A) - Markt-XXL\",\"isPartOf\":{\"@id\":\"https:\\\/\\\/marktxxl.de\\\/markt\\\/#website\"},\"primaryImageOfPage\":{\"@id\":\"https:\\\/\\\/marktxxl.de\\\/markt\\\/produkt\\\/105-stueck-mehrfarbig-bueroklammern-buero-klammern-aus-metall-fuer-schule-buero-vorraete-groesse-a\\\/#primaryimage\"},\"image\":{\"@id\":\"https:\\\/\\\/marktxxl.de\\\/markt\\\/produkt\\\/105-stueck-mehrfarbig-bueroklammern-buero-klammern-aus-metall-fuer-schule-buero-vorraete-groesse-a\\\/#primaryimage\"},\"thumbnailUrl\":\"https:\\\/\\\/m.media-amazon.com\\\/images\\\/I\\\/61btBO3pOqL._SL500_.jpg\",\"datePublished\":\"2021-09-26T11:40:02+00:00\",\"dateModified\":\"2023-04-10T23:57:23+00:00\",\"description\":\"Markt-XXL 105 St\u00fcck Mehrfarbig B\u00fcroklammern B\u00fcro Klammern aus Metall f\u00fcr Schule B\u00fcro Vorr\u00e4te (Gr\u00f6\u00dfe A)\",\"breadcrumb\":{\"@id\":\"https:\\\/\\\/marktxxl.de\\\/markt\\\/produkt\\\/105-stueck-mehrfarbig-bueroklammern-buero-klammern-aus-metall-fuer-schule-buero-vorraete-groesse-a\\\/#breadcrumb\"},\"inLanguage\":\"de\",\"potentialAction\":[{\"@type\":\"ReadAction\",\"target\":[\"https:\\\/\\\/marktxxl.de\\\/markt\\\/produkt\\\/105-stueck-mehrfarbig-bueroklammern-buero-klammern-aus-metall-fuer-schule-buero-vorraete-groesse-a\\\/\"]}]},{\"@type\":\"ImageObject\",\"inLanguage\":\"de\",\"@id\":\"https:\\\/\\\/marktxxl.de\\\/markt\\\/produkt\\\/105-stueck-mehrfarbig-bueroklammern-buero-klammern-aus-metall-fuer-schule-buero-vorraete-groesse-a\\\/#primaryimage\",\"url\":\"https:\\\/\\\/m.media-amazon.com\\\/images\\\/I\\\/61btBO3pOqL._SL500_.jpg\",\"contentUrl\":\"https:\\\/\\\/m.media-amazon.com\\\/images\\\/I\\\/61btBO3pOqL._SL500_.jpg\",\"width\":500,\"height\":500},{\"@type\":\"BreadcrumbList\",\"@id\":\"https:\\\/\\\/marktxxl.de\\\/markt\\\/produkt\\\/105-stueck-mehrfarbig-bueroklammern-buero-klammern-aus-metall-fuer-schule-buero-vorraete-groesse-a\\\/#breadcrumb\",\"itemListElement\":[{\"@type\":\"ListItem\",\"position\":1,\"name\":\"Startseite\",\"item\":\"https:\\\/\\\/marktxxl.de\\\/markt\\\/\"},{\"@type\":\"ListItem\",\"position\":2,\"name\":\"Markt\",\"item\":\"https:\\\/\\\/marktxxl.de\\\/markt\\\/\"},{\"@type\":\"ListItem\",\"position\":3,\"name\":\"105 St\u00fcck Mehrfarbig B\u00fcroklammern B\u00fcro Klammern aus Metall f\u00fcr Schule B\u00fcro Vorr\u00e4te (Gr\u00f6\u00dfe A)\"}]},{\"@type\":\"WebSite\",\"@id\":\"https:\\\/\\\/marktxxl.de\\\/markt\\\/#website\",\"url\":\"https:\\\/\\\/marktxxl.de\\\/markt\\\/\",\"name\":\"Markt-XXL\",\"description\":\"Ihr Markt Online\",\"publisher\":{\"@id\":\"https:\\\/\\\/marktxxl.de\\\/markt\\\/#organization\"},\"potentialAction\":[{\"@type\":\"SearchAction\",\"target\":{\"@type\":\"EntryPoint\",\"urlTemplate\":\"https:\\\/\\\/marktxxl.de\\\/markt\\\/?s={search_term_string}\"},\"query-input\":{\"@type\":\"PropertyValueSpecification\",\"valueRequired\":true,\"valueName\":\"search_term_string\"}}],\"inLanguage\":\"de\"},{\"@type\":\"Organization\",\"@id\":\"https:\\\/\\\/marktxxl.de\\\/markt\\\/#organization\",\"name\":\"Markt-XXL\",\"url\":\"https:\\\/\\\/marktxxl.de\\\/markt\\\/\",\"logo\":{\"@type\":\"ImageObject\",\"inLanguage\":\"de\",\"@id\":\"https:\\\/\\\/marktxxl.de\\\/markt\\\/#\\\/schema\\\/logo\\\/image\\\/\",\"url\":\"https:\\\/\\\/marktxxl.de\\\/markt\\\/wp-content\\\/uploads\\\/sites\\\/3\\\/2020\\\/12\\\/logo.png\",\"contentUrl\":\"https:\\\/\\\/marktxxl.de\\\/markt\\\/wp-content\\\/uploads\\\/sites\\\/3\\\/2020\\\/12\\\/logo.png\",\"width\":200,\"height\":70,\"caption\":\"Markt-XXL\"},\"image\":{\"@id\":\"https:\\\/\\\/marktxxl.de\\\/markt\\\/#\\\/schema\\\/logo\\\/image\\\/\"}}]}<\/script>\n<!-- \/ Yoast SEO plugin. -->","yoast_head_json":{"title":"105 St\u00fcck Mehrfarbig B\u00fcroklammern B\u00fcro Klammern aus Metall f\u00fcr Schule B\u00fcro Vorr\u00e4te (Gr\u00f6\u00dfe A) - Markt-XXL","description":"Markt-XXL 105 St\u00fcck Mehrfarbig B\u00fcroklammern B\u00fcro Klammern aus Metall f\u00fcr Schule B\u00fcro Vorr\u00e4te (Gr\u00f6\u00dfe A)","robots":{"index":"index","follow":"follow","max-snippet":"max-snippet:-1","max-image-preview":"max-image-preview:large","max-video-preview":"max-video-preview:-1"},"canonical":"https:\/\/marktxxl.de\/markt\/produkt\/105-stueck-mehrfarbig-bueroklammern-buero-klammern-aus-metall-fuer-schule-buero-vorraete-groesse-a\/","og_locale":"de_DE","og_type":"article","og_title":"105 St\u00fcck Mehrfarbig B\u00fcroklammern B\u00fcro Klammern aus Metall f\u00fcr Schule B\u00fcro Vorr\u00e4te (Gr\u00f6\u00dfe A) - Markt-XXL","og_description":"Markt-XXL 105 St\u00fcck Mehrfarbig B\u00fcroklammern B\u00fcro Klammern aus Metall f\u00fcr Schule B\u00fcro Vorr\u00e4te (Gr\u00f6\u00dfe A)","og_url":"https:\/\/marktxxl.de\/markt\/produkt\/105-stueck-mehrfarbig-bueroklammern-buero-klammern-aus-metall-fuer-schule-buero-vorraete-groesse-a\/","og_site_name":"Markt-XXL","article_modified_time":"2023-04-10T23:57:23+00:00","og_image":[{"width":500,"height":500,"url":"https:\/\/m.media-amazon.com\/images\/I\/61btBO3pOqL._SL500_.jpg","type":"image\/jpeg"}],"twitter_card":"summary_large_image","twitter_misc":{"Gesch\u00e4tzte Lesezeit":"1\u00a0Minute"},"schema":{"@context":"https:\/\/schema.org","@graph":[{"@type":"WebPage","@id":"https:\/\/marktxxl.de\/markt\/produkt\/105-stueck-mehrfarbig-bueroklammern-buero-klammern-aus-metall-fuer-schule-buero-vorraete-groesse-a\/","url":"https:\/\/marktxxl.de\/markt\/produkt\/105-stueck-mehrfarbig-bueroklammern-buero-klammern-aus-metall-fuer-schule-buero-vorraete-groesse-a\/","name":"105 St\u00fcck Mehrfarbig B\u00fcroklammern B\u00fcro Klammern aus Metall f\u00fcr Schule B\u00fcro Vorr\u00e4te (Gr\u00f6\u00dfe A) - Markt-XXL","isPartOf":{"@id":"https:\/\/marktxxl.de\/markt\/#website"},"primaryImageOfPage":{"@id":"https:\/\/marktxxl.de\/markt\/produkt\/105-stueck-mehrfarbig-bueroklammern-buero-klammern-aus-metall-fuer-schule-buero-vorraete-groesse-a\/#primaryimage"},"image":{"@id":"https:\/\/marktxxl.de\/markt\/produkt\/105-stueck-mehrfarbig-bueroklammern-buero-klammern-aus-metall-fuer-schule-buero-vorraete-groesse-a\/#primaryimage"},"thumbnailUrl":"https:\/\/m.media-amazon.com\/images\/I\/61btBO3pOqL._SL500_.jpg","datePublished":"2021-09-26T11:40:02+00:00","dateModified":"2023-04-10T23:57:23+00:00","description":"Markt-XXL 105 St\u00fcck Mehrfarbig B\u00fcroklammern B\u00fcro Klammern aus Metall f\u00fcr Schule B\u00fcro Vorr\u00e4te (Gr\u00f6\u00dfe A)","breadcrumb":{"@id":"https:\/\/marktxxl.de\/markt\/produkt\/105-stueck-mehrfarbig-bueroklammern-buero-klammern-aus-metall-fuer-schule-buero-vorraete-groesse-a\/#breadcrumb"},"inLanguage":"de","potentialAction":[{"@type":"ReadAction","target":["https:\/\/marktxxl.de\/markt\/produkt\/105-stueck-mehrfarbig-bueroklammern-buero-klammern-aus-metall-fuer-schule-buero-vorraete-groesse-a\/"]}]},{"@type":"ImageObject","inLanguage":"de","@id":"https:\/\/marktxxl.de\/markt\/produkt\/105-stueck-mehrfarbig-bueroklammern-buero-klammern-aus-metall-fuer-schule-buero-vorraete-groesse-a\/#primaryimage","url":"https:\/\/m.media-amazon.com\/images\/I\/61btBO3pOqL._SL500_.jpg","contentUrl":"https:\/\/m.media-amazon.com\/images\/I\/61btBO3pOqL._SL500_.jpg","width":500,"height":500},{"@type":"BreadcrumbList","@id":"https:\/\/marktxxl.de\/markt\/produkt\/105-stueck-mehrfarbig-bueroklammern-buero-klammern-aus-metall-fuer-schule-buero-vorraete-groesse-a\/#breadcrumb","itemListElement":[{"@type":"ListItem","position":1,"name":"Startseite","item":"https:\/\/marktxxl.de\/markt\/"},{"@type":"ListItem","position":2,"name":"Markt","item":"https:\/\/marktxxl.de\/markt\/"},{"@type":"ListItem","position":3,"name":"105 St\u00fcck Mehrfarbig B\u00fcroklammern B\u00fcro Klammern aus Metall f\u00fcr Schule B\u00fcro Vorr\u00e4te (Gr\u00f6\u00dfe A)"}]},{"@type":"WebSite","@id":"https:\/\/marktxxl.de\/markt\/#website","url":"https:\/\/marktxxl.de\/markt\/","name":"Markt-XXL","description":"Ihr Markt Online","publisher":{"@id":"https:\/\/marktxxl.de\/markt\/#organization"},"potentialAction":[{"@type":"SearchAction","target":{"@type":"EntryPoint","urlTemplate":"https:\/\/marktxxl.de\/markt\/?s={search_term_string}"},"query-input":{"@type":"PropertyValueSpecification","valueRequired":true,"valueName":"search_term_string"}}],"inLanguage":"de"},{"@type":"Organization","@id":"https:\/\/marktxxl.de\/markt\/#organization","name":"Markt-XXL","url":"https:\/\/marktxxl.de\/markt\/","logo":{"@type":"ImageObject","inLanguage":"de","@id":"https:\/\/marktxxl.de\/markt\/#\/schema\/logo\/image\/","url":"https:\/\/marktxxl.de\/markt\/wp-content\/uploads\/sites\/3\/2020\/12\/logo.png","contentUrl":"https:\/\/marktxxl.de\/markt\/wp-content\/uploads\/sites\/3\/2020\/12\/logo.png","width":200,"height":70,"caption":"Markt-XXL"},"image":{"@id":"https:\/\/marktxxl.de\/markt\/#\/schema\/logo\/image\/"}}]}},"_links":{"self":[{"href":"https:\/\/marktxxl.de\/markt\/wp-json\/wp\/v2\/product\/40527","targetHints":{"allow":["GET"]}}],"collection":[{"href":"https:\/\/marktxxl.de\/markt\/wp-json\/wp\/v2\/product"}],"about":[{"href":"https:\/\/marktxxl.de\/markt\/wp-json\/wp\/v2\/types\/product"}],"replies":[{"embeddable":true,"href":"https:\/\/marktxxl.de\/markt\/wp-json\/wp\/v2\/comments?post=40527"}],"wp:featuredmedia":[{"embeddable":true,"href":"https:\/\/marktxxl.de\/markt\/wp-json\/wp\/v2\/media\/40528"}],"wp:attachment":[{"href":"https:\/\/marktxxl.de\/markt\/wp-json\/wp\/v2\/media?parent=40527"}],"wp:term":[{"taxonomy":"product_brand","embeddable":true,"href":"https:\/\/marktxxl.de\/markt\/wp-json\/wp\/v2\/product_brand?post=40527"},{"taxonomy":"product_cat","embeddable":true,"href":"https:\/\/marktxxl.de\/markt\/wp-json\/wp\/v2\/product_cat?post=40527"},{"taxonomy":"product_tag","embeddable":true,"href":"https:\/\/marktxxl.de\/markt\/wp-json\/wp\/v2\/product_tag?post=40527"}],"curies":[{"name":"wp","href":"https:\/\/api.w.org\/{rel}","templated":true}]}}