{"id":40461,"date":"2021-09-26T13:39:01","date_gmt":"2021-09-26T11:39:01","guid":{"rendered":"https:\/\/marktxxl.de\/markt\/produkt\/lin17530-pop-up-3d-karte-glueckwunsch-grusskarten-bestandene-pruefung-abitur-bachelor-diplom-doktor-examen-gutschein-eule-mit-urkunde-n284\/"},"modified":"2023-04-11T01:57:22","modified_gmt":"2023-04-10T23:57:22","slug":"lin17530-pop-up-3d-karte-glueckwunsch-grusskarten-bestandene-pruefung-abitur-bachelor-diplom-doktor-examen-gutschein-eule-mit-urkunde-n284","status":"publish","type":"product","link":"https:\/\/marktxxl.de\/markt\/produkt\/lin17530-pop-up-3d-karte-glueckwunsch-grusskarten-bestandene-pruefung-abitur-bachelor-diplom-doktor-examen-gutschein-eule-mit-urkunde-n284\/","title":{"rendered":"LIN17530, Pop Up 3D Karte Gl\u00fcckwunsch Gru\u00dfkarten bestandene Pr\u00fcfung, Abitur, Bachelor, Diplom, Doktor, Examen, Gutschein\u2026"},"content":{"rendered":"<p>POP UP 3D Gru\u00dfkarte Gl\u00fcckwunsch Pr\u00fcfung Uhu Eule mit Urkunde<br \/>\nBeim \u00d6ffnen der Karte entfaltet sich die Eule mit Urkunde in 3D in Form einer Klappkarte. Handarbeit und anspruchsvolles Graphikdesign.<br \/>\nBesonderheit: Die Karte ist neutral (kein Text) und hat einen separaten Zettel f\u00fcr die Beschriftung, Gl\u00fcckwunschtexte.(s.h.Bilder). Mit WOW Effekt und als eine kreative Gl\u00fcckwunschkarte zum Geburtstag, Einschulung, bestandene Pr\u00fcfung oder als ein Geschenkgutschein f\u00fcr alle Anl\u00e4sse, f\u00fcr Eule Fans.<br \/>\nFormat Karte: 11,5 x 17 cm, Format Umschlag: 11,9 x 17,5 cm; Farbe Au\u00dfenseite: Dunkelblau, Farbe Innenseite: Eierschalenfarbe. Lieferung: LIN 3D Karte, Einleger, Umschlag und Schutzh\u00fclle. Bestellt ab 29 Euro Portofrei. ! Alle LIN-Pop Up Karten werden mit Papier aus gut verwalteten W\u00e4ldern (Kishu, Fedrigoni) hergestellt. Wir garantieren eine h\u00f6chste Qualit\u00e4t!<br \/>\nLIN Pop Up Karte ist eine Serie der hochwertigen 3D Gru\u00dfkarten &#8220;Greeting from Heart&#8221; von LIN ArtDesign. Die Firma wurde 2009 in Deutschland gegr\u00fcndet. LIN POP Up Gru\u00dfkarten sind handgefertigt (90%) und mit deutschem Qualit\u00e4tsstandard unter fairem Handel hergestellt.<br \/>\n<div class=\"main-cross-sell\" data-asin=\"B07CNR3M2Y\">\n\n\t<div class=\"WooZone-cross-sell-loader\">\n\t\t<div>\n\t\t\t<div id=\"floatingBarsG\">\n\t\t\t\t<div class=\"blockG\" id=\"rotateG_01\"><\/div>\n\t\t\t\t<div class=\"blockG\" id=\"rotateG_02\"><\/div>\n\t\t\t\t<div class=\"blockG\" id=\"rotateG_03\"><\/div>\n\t\t\t\t<div class=\"blockG\" id=\"rotateG_04\"><\/div>\n\t\t\t\t<div class=\"blockG\" id=\"rotateG_05\"><\/div>\n\t\t\t\t<div class=\"blockG\" id=\"rotateG_06\"><\/div>\n\t\t\t\t<div class=\"blockG\" id=\"rotateG_07\"><\/div>\n\t\t\t\t<div class=\"blockG\" id=\"rotateG_08\"><\/div>\n\t\t\t<\/div>\n\t\t\t<div class=\"WooZone-cross-sell-loader-text\"><\/div>\n\t\t<\/div>\n\t<\/div>\n\n\t\t\n<\/div>\n<div style=\"clear:both;\"><\/div><\/p>\n","protected":false},"excerpt":{"rendered":"<p>POP UP 3D Gru\u00dfkarte Gl\u00fcckwunsch Pr\u00fcfung Uhu Eule mit Urkunde<br \/>\nBeim \u00d6ffnen der Karte entfaltet sich die Eule mit Urkunde in 3D in Form einer Klappkarte. Handarbeit und anspruchsvolles Graphikdesign.<br \/>\nBesonderheit: Die Karte ist neutral (kein Text) und hat einen separaten Zettel f\u00fcr die Beschriftung, Gl\u00fcckwunschtexte.(s.h.Bilder). Mit WOW Effekt und als eine kreative Gl\u00fcckwunschkarte zum Geburtstag, Einschulung, bestandene Pr\u00fcfung oder als ein Geschenkgutschein f\u00fcr alle Anl\u00e4sse, f\u00fcr Eule Fans.<\/p>\n","protected":false},"featured_media":40462,"comment_status":"open","ping_status":"closed","template":"","meta":[],"product_brand":[],"product_cat":[504],"product_tag":[],"class_list":{"0":"post-40461","1":"product","2":"type-product","3":"status-publish","4":"has-post-thumbnail","6":"product_cat-buerobedarf-schreibwaren","7":"pa_brand-lin","8":"pa_color-blau","9":"pa_height-5-905511805-zoll","10":"pa_length-0-zoll","11":"pa_manufacturer-lin-artdesign-lin-pop-up-karten","12":"pa_width-3-93700787-zoll","14":"first","15":"instock","16":"shipping-taxable","17":"purchasable","18":"product-type-simple","19":"customify-col","20":"product-has-gallery"},"yoast_head":"<!-- This site is optimized with the Yoast SEO plugin v27.3 - https:\/\/yoast.com\/product\/yoast-seo-wordpress\/ -->\n<title>LIN17530, Pop Up 3D Karte Gl\u00fcckwunsch Gru\u00dfkarten bestandene Pr\u00fcfung, Abitur, Bachelor, Diplom, Doktor, Examen, Gutschein\u2026 - Markt-XXL<\/title>\n<meta name=\"description\" content=\"Markt-XXL LIN17530, Pop Up 3D Karte Gl\u00fcckwunsch Gru\u00dfkarten bestandene Pr\u00fcfung, Abitur, Bachelor, Diplom, Doktor, Examen, Gutschein\u2026\" \/>\n<meta name=\"robots\" content=\"index, follow, max-snippet:-1, max-image-preview:large, max-video-preview:-1\" \/>\n<link rel=\"canonical\" href=\"https:\/\/marktxxl.de\/markt\/produkt\/lin17530-pop-up-3d-karte-glueckwunsch-grusskarten-bestandene-pruefung-abitur-bachelor-diplom-doktor-examen-gutschein-eule-mit-urkunde-n284\/\" \/>\n<meta property=\"og:locale\" content=\"de_DE\" \/>\n<meta property=\"og:type\" content=\"article\" \/>\n<meta property=\"og:title\" content=\"LIN17530, Pop Up 3D Karte Gl\u00fcckwunsch Gru\u00dfkarten bestandene Pr\u00fcfung, Abitur, Bachelor, Diplom, Doktor, Examen, Gutschein\u2026 - Markt-XXL\" \/>\n<meta property=\"og:description\" content=\"Markt-XXL LIN17530, Pop Up 3D Karte Gl\u00fcckwunsch Gru\u00dfkarten bestandene Pr\u00fcfung, Abitur, Bachelor, Diplom, Doktor, Examen, Gutschein\u2026\" \/>\n<meta property=\"og:url\" content=\"https:\/\/marktxxl.de\/markt\/produkt\/lin17530-pop-up-3d-karte-glueckwunsch-grusskarten-bestandene-pruefung-abitur-bachelor-diplom-doktor-examen-gutschein-eule-mit-urkunde-n284\/\" \/>\n<meta property=\"og:site_name\" content=\"Markt-XXL\" \/>\n<meta property=\"article:modified_time\" content=\"2023-04-10T23:57:22+00:00\" \/>\n<meta property=\"og:image\" content=\"https:\/\/m.media-amazon.com\/images\/I\/41jmg1p-yyL._SL500_.jpg\" \/>\n\t<meta property=\"og:image:width\" content=\"500\" \/>\n\t<meta property=\"og:image:height\" content=\"332\" \/>\n\t<meta property=\"og:image:type\" content=\"image\/jpeg\" \/>\n<meta name=\"twitter:card\" content=\"summary_large_image\" \/>\n<meta name=\"twitter:label1\" content=\"Gesch\u00e4tzte Lesezeit\" \/>\n\t<meta name=\"twitter:data1\" content=\"1\u00a0Minute\" \/>\n<script type=\"application\/ld+json\" class=\"yoast-schema-graph\">{\"@context\":\"https:\\\/\\\/schema.org\",\"@graph\":[{\"@type\":\"WebPage\",\"@id\":\"https:\\\/\\\/marktxxl.de\\\/markt\\\/produkt\\\/lin17530-pop-up-3d-karte-glueckwunsch-grusskarten-bestandene-pruefung-abitur-bachelor-diplom-doktor-examen-gutschein-eule-mit-urkunde-n284\\\/\",\"url\":\"https:\\\/\\\/marktxxl.de\\\/markt\\\/produkt\\\/lin17530-pop-up-3d-karte-glueckwunsch-grusskarten-bestandene-pruefung-abitur-bachelor-diplom-doktor-examen-gutschein-eule-mit-urkunde-n284\\\/\",\"name\":\"LIN17530, Pop Up 3D Karte Gl\u00fcckwunsch Gru\u00dfkarten bestandene Pr\u00fcfung, Abitur, Bachelor, Diplom, Doktor, Examen, Gutschein\u2026 - Markt-XXL\",\"isPartOf\":{\"@id\":\"https:\\\/\\\/marktxxl.de\\\/markt\\\/#website\"},\"primaryImageOfPage\":{\"@id\":\"https:\\\/\\\/marktxxl.de\\\/markt\\\/produkt\\\/lin17530-pop-up-3d-karte-glueckwunsch-grusskarten-bestandene-pruefung-abitur-bachelor-diplom-doktor-examen-gutschein-eule-mit-urkunde-n284\\\/#primaryimage\"},\"image\":{\"@id\":\"https:\\\/\\\/marktxxl.de\\\/markt\\\/produkt\\\/lin17530-pop-up-3d-karte-glueckwunsch-grusskarten-bestandene-pruefung-abitur-bachelor-diplom-doktor-examen-gutschein-eule-mit-urkunde-n284\\\/#primaryimage\"},\"thumbnailUrl\":\"https:\\\/\\\/m.media-amazon.com\\\/images\\\/I\\\/41jmg1p-yyL._SL500_.jpg\",\"datePublished\":\"2021-09-26T11:39:01+00:00\",\"dateModified\":\"2023-04-10T23:57:22+00:00\",\"description\":\"Markt-XXL LIN17530, Pop Up 3D Karte Gl\u00fcckwunsch Gru\u00dfkarten bestandene Pr\u00fcfung, Abitur, Bachelor, Diplom, Doktor, Examen, Gutschein\u2026\",\"breadcrumb\":{\"@id\":\"https:\\\/\\\/marktxxl.de\\\/markt\\\/produkt\\\/lin17530-pop-up-3d-karte-glueckwunsch-grusskarten-bestandene-pruefung-abitur-bachelor-diplom-doktor-examen-gutschein-eule-mit-urkunde-n284\\\/#breadcrumb\"},\"inLanguage\":\"de\",\"potentialAction\":[{\"@type\":\"ReadAction\",\"target\":[\"https:\\\/\\\/marktxxl.de\\\/markt\\\/produkt\\\/lin17530-pop-up-3d-karte-glueckwunsch-grusskarten-bestandene-pruefung-abitur-bachelor-diplom-doktor-examen-gutschein-eule-mit-urkunde-n284\\\/\"]}]},{\"@type\":\"ImageObject\",\"inLanguage\":\"de\",\"@id\":\"https:\\\/\\\/marktxxl.de\\\/markt\\\/produkt\\\/lin17530-pop-up-3d-karte-glueckwunsch-grusskarten-bestandene-pruefung-abitur-bachelor-diplom-doktor-examen-gutschein-eule-mit-urkunde-n284\\\/#primaryimage\",\"url\":\"https:\\\/\\\/m.media-amazon.com\\\/images\\\/I\\\/41jmg1p-yyL._SL500_.jpg\",\"contentUrl\":\"https:\\\/\\\/m.media-amazon.com\\\/images\\\/I\\\/41jmg1p-yyL._SL500_.jpg\",\"width\":500,\"height\":332},{\"@type\":\"BreadcrumbList\",\"@id\":\"https:\\\/\\\/marktxxl.de\\\/markt\\\/produkt\\\/lin17530-pop-up-3d-karte-glueckwunsch-grusskarten-bestandene-pruefung-abitur-bachelor-diplom-doktor-examen-gutschein-eule-mit-urkunde-n284\\\/#breadcrumb\",\"itemListElement\":[{\"@type\":\"ListItem\",\"position\":1,\"name\":\"Startseite\",\"item\":\"https:\\\/\\\/marktxxl.de\\\/markt\\\/\"},{\"@type\":\"ListItem\",\"position\":2,\"name\":\"Markt\",\"item\":\"https:\\\/\\\/marktxxl.de\\\/markt\\\/\"},{\"@type\":\"ListItem\",\"position\":3,\"name\":\"LIN17530, Pop Up 3D Karte Gl\u00fcckwunsch Gru\u00dfkarten bestandene Pr\u00fcfung, Abitur, Bachelor, Diplom, Doktor, Examen, Gutschein\u2026\"}]},{\"@type\":\"WebSite\",\"@id\":\"https:\\\/\\\/marktxxl.de\\\/markt\\\/#website\",\"url\":\"https:\\\/\\\/marktxxl.de\\\/markt\\\/\",\"name\":\"Markt-XXL\",\"description\":\"Ihr Markt Online\",\"publisher\":{\"@id\":\"https:\\\/\\\/marktxxl.de\\\/markt\\\/#organization\"},\"potentialAction\":[{\"@type\":\"SearchAction\",\"target\":{\"@type\":\"EntryPoint\",\"urlTemplate\":\"https:\\\/\\\/marktxxl.de\\\/markt\\\/?s={search_term_string}\"},\"query-input\":{\"@type\":\"PropertyValueSpecification\",\"valueRequired\":true,\"valueName\":\"search_term_string\"}}],\"inLanguage\":\"de\"},{\"@type\":\"Organization\",\"@id\":\"https:\\\/\\\/marktxxl.de\\\/markt\\\/#organization\",\"name\":\"Markt-XXL\",\"url\":\"https:\\\/\\\/marktxxl.de\\\/markt\\\/\",\"logo\":{\"@type\":\"ImageObject\",\"inLanguage\":\"de\",\"@id\":\"https:\\\/\\\/marktxxl.de\\\/markt\\\/#\\\/schema\\\/logo\\\/image\\\/\",\"url\":\"https:\\\/\\\/marktxxl.de\\\/markt\\\/wp-content\\\/uploads\\\/sites\\\/3\\\/2020\\\/12\\\/logo.png\",\"contentUrl\":\"https:\\\/\\\/marktxxl.de\\\/markt\\\/wp-content\\\/uploads\\\/sites\\\/3\\\/2020\\\/12\\\/logo.png\",\"width\":200,\"height\":70,\"caption\":\"Markt-XXL\"},\"image\":{\"@id\":\"https:\\\/\\\/marktxxl.de\\\/markt\\\/#\\\/schema\\\/logo\\\/image\\\/\"}}]}<\/script>\n<!-- \/ Yoast SEO plugin. -->","yoast_head_json":{"title":"LIN17530, Pop Up 3D Karte Gl\u00fcckwunsch Gru\u00dfkarten bestandene Pr\u00fcfung, Abitur, Bachelor, Diplom, Doktor, Examen, Gutschein\u2026 - Markt-XXL","description":"Markt-XXL LIN17530, Pop Up 3D Karte Gl\u00fcckwunsch Gru\u00dfkarten bestandene Pr\u00fcfung, Abitur, Bachelor, Diplom, Doktor, Examen, Gutschein\u2026","robots":{"index":"index","follow":"follow","max-snippet":"max-snippet:-1","max-image-preview":"max-image-preview:large","max-video-preview":"max-video-preview:-1"},"canonical":"https:\/\/marktxxl.de\/markt\/produkt\/lin17530-pop-up-3d-karte-glueckwunsch-grusskarten-bestandene-pruefung-abitur-bachelor-diplom-doktor-examen-gutschein-eule-mit-urkunde-n284\/","og_locale":"de_DE","og_type":"article","og_title":"LIN17530, Pop Up 3D Karte Gl\u00fcckwunsch Gru\u00dfkarten bestandene Pr\u00fcfung, Abitur, Bachelor, Diplom, Doktor, Examen, Gutschein\u2026 - Markt-XXL","og_description":"Markt-XXL LIN17530, Pop Up 3D Karte Gl\u00fcckwunsch Gru\u00dfkarten bestandene Pr\u00fcfung, Abitur, Bachelor, Diplom, Doktor, Examen, Gutschein\u2026","og_url":"https:\/\/marktxxl.de\/markt\/produkt\/lin17530-pop-up-3d-karte-glueckwunsch-grusskarten-bestandene-pruefung-abitur-bachelor-diplom-doktor-examen-gutschein-eule-mit-urkunde-n284\/","og_site_name":"Markt-XXL","article_modified_time":"2023-04-10T23:57:22+00:00","og_image":[{"width":500,"height":332,"url":"https:\/\/m.media-amazon.com\/images\/I\/41jmg1p-yyL._SL500_.jpg","type":"image\/jpeg"}],"twitter_card":"summary_large_image","twitter_misc":{"Gesch\u00e4tzte Lesezeit":"1\u00a0Minute"},"schema":{"@context":"https:\/\/schema.org","@graph":[{"@type":"WebPage","@id":"https:\/\/marktxxl.de\/markt\/produkt\/lin17530-pop-up-3d-karte-glueckwunsch-grusskarten-bestandene-pruefung-abitur-bachelor-diplom-doktor-examen-gutschein-eule-mit-urkunde-n284\/","url":"https:\/\/marktxxl.de\/markt\/produkt\/lin17530-pop-up-3d-karte-glueckwunsch-grusskarten-bestandene-pruefung-abitur-bachelor-diplom-doktor-examen-gutschein-eule-mit-urkunde-n284\/","name":"LIN17530, Pop Up 3D Karte Gl\u00fcckwunsch Gru\u00dfkarten bestandene Pr\u00fcfung, Abitur, Bachelor, Diplom, Doktor, Examen, Gutschein\u2026 - Markt-XXL","isPartOf":{"@id":"https:\/\/marktxxl.de\/markt\/#website"},"primaryImageOfPage":{"@id":"https:\/\/marktxxl.de\/markt\/produkt\/lin17530-pop-up-3d-karte-glueckwunsch-grusskarten-bestandene-pruefung-abitur-bachelor-diplom-doktor-examen-gutschein-eule-mit-urkunde-n284\/#primaryimage"},"image":{"@id":"https:\/\/marktxxl.de\/markt\/produkt\/lin17530-pop-up-3d-karte-glueckwunsch-grusskarten-bestandene-pruefung-abitur-bachelor-diplom-doktor-examen-gutschein-eule-mit-urkunde-n284\/#primaryimage"},"thumbnailUrl":"https:\/\/m.media-amazon.com\/images\/I\/41jmg1p-yyL._SL500_.jpg","datePublished":"2021-09-26T11:39:01+00:00","dateModified":"2023-04-10T23:57:22+00:00","description":"Markt-XXL LIN17530, Pop Up 3D Karte Gl\u00fcckwunsch Gru\u00dfkarten bestandene Pr\u00fcfung, Abitur, Bachelor, Diplom, Doktor, Examen, Gutschein\u2026","breadcrumb":{"@id":"https:\/\/marktxxl.de\/markt\/produkt\/lin17530-pop-up-3d-karte-glueckwunsch-grusskarten-bestandene-pruefung-abitur-bachelor-diplom-doktor-examen-gutschein-eule-mit-urkunde-n284\/#breadcrumb"},"inLanguage":"de","potentialAction":[{"@type":"ReadAction","target":["https:\/\/marktxxl.de\/markt\/produkt\/lin17530-pop-up-3d-karte-glueckwunsch-grusskarten-bestandene-pruefung-abitur-bachelor-diplom-doktor-examen-gutschein-eule-mit-urkunde-n284\/"]}]},{"@type":"ImageObject","inLanguage":"de","@id":"https:\/\/marktxxl.de\/markt\/produkt\/lin17530-pop-up-3d-karte-glueckwunsch-grusskarten-bestandene-pruefung-abitur-bachelor-diplom-doktor-examen-gutschein-eule-mit-urkunde-n284\/#primaryimage","url":"https:\/\/m.media-amazon.com\/images\/I\/41jmg1p-yyL._SL500_.jpg","contentUrl":"https:\/\/m.media-amazon.com\/images\/I\/41jmg1p-yyL._SL500_.jpg","width":500,"height":332},{"@type":"BreadcrumbList","@id":"https:\/\/marktxxl.de\/markt\/produkt\/lin17530-pop-up-3d-karte-glueckwunsch-grusskarten-bestandene-pruefung-abitur-bachelor-diplom-doktor-examen-gutschein-eule-mit-urkunde-n284\/#breadcrumb","itemListElement":[{"@type":"ListItem","position":1,"name":"Startseite","item":"https:\/\/marktxxl.de\/markt\/"},{"@type":"ListItem","position":2,"name":"Markt","item":"https:\/\/marktxxl.de\/markt\/"},{"@type":"ListItem","position":3,"name":"LIN17530, Pop Up 3D Karte Gl\u00fcckwunsch Gru\u00dfkarten bestandene Pr\u00fcfung, Abitur, Bachelor, Diplom, Doktor, Examen, Gutschein\u2026"}]},{"@type":"WebSite","@id":"https:\/\/marktxxl.de\/markt\/#website","url":"https:\/\/marktxxl.de\/markt\/","name":"Markt-XXL","description":"Ihr Markt Online","publisher":{"@id":"https:\/\/marktxxl.de\/markt\/#organization"},"potentialAction":[{"@type":"SearchAction","target":{"@type":"EntryPoint","urlTemplate":"https:\/\/marktxxl.de\/markt\/?s={search_term_string}"},"query-input":{"@type":"PropertyValueSpecification","valueRequired":true,"valueName":"search_term_string"}}],"inLanguage":"de"},{"@type":"Organization","@id":"https:\/\/marktxxl.de\/markt\/#organization","name":"Markt-XXL","url":"https:\/\/marktxxl.de\/markt\/","logo":{"@type":"ImageObject","inLanguage":"de","@id":"https:\/\/marktxxl.de\/markt\/#\/schema\/logo\/image\/","url":"https:\/\/marktxxl.de\/markt\/wp-content\/uploads\/sites\/3\/2020\/12\/logo.png","contentUrl":"https:\/\/marktxxl.de\/markt\/wp-content\/uploads\/sites\/3\/2020\/12\/logo.png","width":200,"height":70,"caption":"Markt-XXL"},"image":{"@id":"https:\/\/marktxxl.de\/markt\/#\/schema\/logo\/image\/"}}]}},"_links":{"self":[{"href":"https:\/\/marktxxl.de\/markt\/wp-json\/wp\/v2\/product\/40461","targetHints":{"allow":["GET"]}}],"collection":[{"href":"https:\/\/marktxxl.de\/markt\/wp-json\/wp\/v2\/product"}],"about":[{"href":"https:\/\/marktxxl.de\/markt\/wp-json\/wp\/v2\/types\/product"}],"replies":[{"embeddable":true,"href":"https:\/\/marktxxl.de\/markt\/wp-json\/wp\/v2\/comments?post=40461"}],"wp:featuredmedia":[{"embeddable":true,"href":"https:\/\/marktxxl.de\/markt\/wp-json\/wp\/v2\/media\/40462"}],"wp:attachment":[{"href":"https:\/\/marktxxl.de\/markt\/wp-json\/wp\/v2\/media?parent=40461"}],"wp:term":[{"taxonomy":"product_brand","embeddable":true,"href":"https:\/\/marktxxl.de\/markt\/wp-json\/wp\/v2\/product_brand?post=40461"},{"taxonomy":"product_cat","embeddable":true,"href":"https:\/\/marktxxl.de\/markt\/wp-json\/wp\/v2\/product_cat?post=40461"},{"taxonomy":"product_tag","embeddable":true,"href":"https:\/\/marktxxl.de\/markt\/wp-json\/wp\/v2\/product_tag?post=40461"}],"curies":[{"name":"wp","href":"https:\/\/api.w.org\/{rel}","templated":true}]}}