{"id":40410,"date":"2021-09-26T13:35:38","date_gmt":"2021-09-26T11:35:38","guid":{"rendered":"https:\/\/marktxxl.de\/markt\/produkt\/iubest-104-tinte-kompatibel-fuer-epson-104-ecotank-tintenflasche-fuer-epson-ecotank-et-2710-et-2711-et-2712-et-2714-et-2715-et-2720-et-2726-et-4700-multipack-schwarz-cyan-magenta-gelb\/"},"modified":"2023-04-11T01:57:21","modified_gmt":"2023-04-10T23:57:21","slug":"iubest-104-tinte-kompatibel-fuer-epson-104-ecotank-tintenflasche-fuer-epson-ecotank-et-2710-et-2711-et-2712-et-2714-et-2715-et-2720-et-2726-et-4700-multipack-schwarz-cyan-magenta-gelb","status":"publish","type":"product","link":"https:\/\/marktxxl.de\/markt\/produkt\/iubest-104-tinte-kompatibel-fuer-epson-104-ecotank-tintenflasche-fuer-epson-ecotank-et-2710-et-2711-et-2712-et-2714-et-2715-et-2720-et-2726-et-4700-multipack-schwarz-cyan-magenta-gelb\/","title":{"rendered":"IUBEST 104 Tinte Kompatibel f\u00fcr Epson 104 oder 102 EcoTank Tintenflasche f\u00fcr Epson EcoTank ET-2710 ET-2711 ET-2712 ET\u2026"},"content":{"rendered":"<p>\u2605 Kompatibel mit: Epson EcoTank ET-2710 ET-2711 ET-2712 ET-2714 ET-2715 ET-2720 ET-2721 ET-2726 ET-4700<br \/>\n\u2605 Verpackungsinhalt: 1 x 104 schwarze Tintenflasche, 1 x 104 Cyan-Tintenflasche, 1 x 104 Magenta-Tintenflasche, 1 x 104 gelbe Tintenflasche<br \/>\n\u2605 Tintenvolumen und Seitenertrag: 140 ml f\u00fcr Schwarz, 4500 Seiten pro Schwarz. 70 ml f\u00fcr Farbe, 7500 Seiten pro Farbe (bei 5% Deckung auf A4-Papier)<br \/>\n\u2605 Vorteil: 1. Die gut gestaltete Spezialf\u00fclld\u00fcse erleichtert das Nachf\u00fcllen. 2. Um ein Verstopfen des Druckkopfs zu vermeiden und einen reibungslosen Druck durch Filtration mit drei Mikrometern zu erzielen. 3. Die schnell trocknende Formel beim Hochgeschwindigkeitsdruck<br \/>\n\u2605 Beste Wahl: Im Vergleich zu OEM-Tinte hat sie einen h\u00f6heren Kosteneffekt und ist die beste Wahl f\u00fcr den Druck zu Hause, Druckereien und kleine Unternehmen. Mit dem ISO-9001 und MSDS Zertifikat genehmigt<br \/>\n<div class=\"main-cross-sell\" data-asin=\"B08B7TW53Z\">\n\n\t<div class=\"WooZone-cross-sell-loader\">\n\t\t<div>\n\t\t\t<div id=\"floatingBarsG\">\n\t\t\t\t<div class=\"blockG\" id=\"rotateG_01\"><\/div>\n\t\t\t\t<div class=\"blockG\" id=\"rotateG_02\"><\/div>\n\t\t\t\t<div class=\"blockG\" id=\"rotateG_03\"><\/div>\n\t\t\t\t<div class=\"blockG\" id=\"rotateG_04\"><\/div>\n\t\t\t\t<div class=\"blockG\" id=\"rotateG_05\"><\/div>\n\t\t\t\t<div class=\"blockG\" id=\"rotateG_06\"><\/div>\n\t\t\t\t<div class=\"blockG\" id=\"rotateG_07\"><\/div>\n\t\t\t\t<div class=\"blockG\" id=\"rotateG_08\"><\/div>\n\t\t\t<\/div>\n\t\t\t<div class=\"WooZone-cross-sell-loader-text\"><\/div>\n\t\t<\/div>\n\t<\/div>\n\n\t\t\n<\/div>\n<div style=\"clear:both;\"><\/div><\/p>\n","protected":false},"excerpt":{"rendered":"<p>\u2605 Kompatibel mit: Epson EcoTank ET-2710 ET-2711 ET-2712 ET-2714 ET-2715 ET-2720 ET-2721 ET-2726 ET-4700<br \/>\n\u2605 Verpackungsinhalt: 1 x 104 schwarze Tintenflasche, 1 x 104 Cyan-Tintenflasche, 1 x 104 Magenta-Tintenflasche, 1 x 104 gelbe Tintenflasche<br \/>\n\u2605 Tintenvolumen und Seitenertrag: 140 ml f\u00fcr Schwarz, 4500 Seiten pro Schwarz. 70 ml f\u00fcr Farbe, 7500 Seiten pro Farbe (bei 5% Deckung auf A4-Papier)<\/p>\n","protected":false},"featured_media":40411,"comment_status":"open","ping_status":"closed","template":"","meta":[],"product_brand":[],"product_cat":[504,8208],"product_tag":[],"class_list":{"0":"post-40410","1":"product","2":"type-product","3":"status-publish","4":"has-post-thumbnail","6":"product_cat-buerobedarf-schreibwaren","7":"product_cat-bueroelektronik","8":"pa_brand-iubest","9":"pa_color-1-schwarz-1-cyan-1-magenta-1-gelb","10":"pa_manufacturer-iubest","11":"pa_model-104-encre-bouteille","13":"first","14":"instock","15":"shipping-taxable","16":"purchasable","17":"product-type-simple","18":"customify-col","19":"product-has-gallery"},"yoast_head":"<!-- This site is optimized with the Yoast SEO plugin v27.4 - https:\/\/yoast.com\/product\/yoast-seo-wordpress\/ -->\n<title>IUBEST 104 Tinte Kompatibel f\u00fcr Epson 104 oder 102 EcoTank Tintenflasche f\u00fcr Epson EcoTank ET-2710 ET-2711 ET-2712 ET\u2026 - Markt-XXL<\/title>\n<meta name=\"description\" content=\"Markt-XXL IUBEST 104 Tinte Kompatibel f\u00fcr Epson 104 oder 102 EcoTank Tintenflasche f\u00fcr Epson EcoTank ET-2710 ET-2711 ET-2712 ET\u2026\" \/>\n<meta name=\"robots\" content=\"index, follow, max-snippet:-1, max-image-preview:large, max-video-preview:-1\" \/>\n<link rel=\"canonical\" href=\"https:\/\/marktxxl.de\/markt\/produkt\/iubest-104-tinte-kompatibel-fuer-epson-104-ecotank-tintenflasche-fuer-epson-ecotank-et-2710-et-2711-et-2712-et-2714-et-2715-et-2720-et-2726-et-4700-multipack-schwarz-cyan-magenta-gelb\/\" \/>\n<meta property=\"og:locale\" content=\"de_DE\" \/>\n<meta property=\"og:type\" content=\"article\" \/>\n<meta property=\"og:title\" content=\"IUBEST 104 Tinte Kompatibel f\u00fcr Epson 104 oder 102 EcoTank Tintenflasche f\u00fcr Epson EcoTank ET-2710 ET-2711 ET-2712 ET\u2026 - Markt-XXL\" \/>\n<meta property=\"og:description\" content=\"Markt-XXL IUBEST 104 Tinte Kompatibel f\u00fcr Epson 104 oder 102 EcoTank Tintenflasche f\u00fcr Epson EcoTank ET-2710 ET-2711 ET-2712 ET\u2026\" \/>\n<meta property=\"og:url\" content=\"https:\/\/marktxxl.de\/markt\/produkt\/iubest-104-tinte-kompatibel-fuer-epson-104-ecotank-tintenflasche-fuer-epson-ecotank-et-2710-et-2711-et-2712-et-2714-et-2715-et-2720-et-2726-et-4700-multipack-schwarz-cyan-magenta-gelb\/\" \/>\n<meta property=\"og:site_name\" content=\"Markt-XXL\" \/>\n<meta property=\"article:modified_time\" content=\"2023-04-10T23:57:21+00:00\" \/>\n<meta property=\"og:image\" content=\"https:\/\/m.media-amazon.com\/images\/I\/51+xqFdNF5L._SL500_.jpg\" \/>\n\t<meta property=\"og:image:width\" content=\"482\" \/>\n\t<meta property=\"og:image:height\" content=\"500\" \/>\n\t<meta property=\"og:image:type\" content=\"image\/jpeg\" \/>\n<meta name=\"twitter:card\" content=\"summary_large_image\" \/>\n<meta name=\"twitter:label1\" content=\"Gesch\u00e4tzte Lesezeit\" \/>\n\t<meta name=\"twitter:data1\" content=\"1\u00a0Minute\" \/>\n<script type=\"application\/ld+json\" class=\"yoast-schema-graph\">{\"@context\":\"https:\\\/\\\/schema.org\",\"@graph\":[{\"@type\":\"WebPage\",\"@id\":\"https:\\\/\\\/marktxxl.de\\\/markt\\\/produkt\\\/iubest-104-tinte-kompatibel-fuer-epson-104-ecotank-tintenflasche-fuer-epson-ecotank-et-2710-et-2711-et-2712-et-2714-et-2715-et-2720-et-2726-et-4700-multipack-schwarz-cyan-magenta-gelb\\\/\",\"url\":\"https:\\\/\\\/marktxxl.de\\\/markt\\\/produkt\\\/iubest-104-tinte-kompatibel-fuer-epson-104-ecotank-tintenflasche-fuer-epson-ecotank-et-2710-et-2711-et-2712-et-2714-et-2715-et-2720-et-2726-et-4700-multipack-schwarz-cyan-magenta-gelb\\\/\",\"name\":\"IUBEST 104 Tinte Kompatibel f\u00fcr Epson 104 oder 102 EcoTank Tintenflasche f\u00fcr Epson EcoTank ET-2710 ET-2711 ET-2712 ET\u2026 - Markt-XXL\",\"isPartOf\":{\"@id\":\"https:\\\/\\\/marktxxl.de\\\/markt\\\/#website\"},\"primaryImageOfPage\":{\"@id\":\"https:\\\/\\\/marktxxl.de\\\/markt\\\/produkt\\\/iubest-104-tinte-kompatibel-fuer-epson-104-ecotank-tintenflasche-fuer-epson-ecotank-et-2710-et-2711-et-2712-et-2714-et-2715-et-2720-et-2726-et-4700-multipack-schwarz-cyan-magenta-gelb\\\/#primaryimage\"},\"image\":{\"@id\":\"https:\\\/\\\/marktxxl.de\\\/markt\\\/produkt\\\/iubest-104-tinte-kompatibel-fuer-epson-104-ecotank-tintenflasche-fuer-epson-ecotank-et-2710-et-2711-et-2712-et-2714-et-2715-et-2720-et-2726-et-4700-multipack-schwarz-cyan-magenta-gelb\\\/#primaryimage\"},\"thumbnailUrl\":\"https:\\\/\\\/m.media-amazon.com\\\/images\\\/I\\\/51+xqFdNF5L._SL500_.jpg\",\"datePublished\":\"2021-09-26T11:35:38+00:00\",\"dateModified\":\"2023-04-10T23:57:21+00:00\",\"description\":\"Markt-XXL IUBEST 104 Tinte Kompatibel f\u00fcr Epson 104 oder 102 EcoTank Tintenflasche f\u00fcr Epson EcoTank ET-2710 ET-2711 ET-2712 ET\u2026\",\"breadcrumb\":{\"@id\":\"https:\\\/\\\/marktxxl.de\\\/markt\\\/produkt\\\/iubest-104-tinte-kompatibel-fuer-epson-104-ecotank-tintenflasche-fuer-epson-ecotank-et-2710-et-2711-et-2712-et-2714-et-2715-et-2720-et-2726-et-4700-multipack-schwarz-cyan-magenta-gelb\\\/#breadcrumb\"},\"inLanguage\":\"de\",\"potentialAction\":[{\"@type\":\"ReadAction\",\"target\":[\"https:\\\/\\\/marktxxl.de\\\/markt\\\/produkt\\\/iubest-104-tinte-kompatibel-fuer-epson-104-ecotank-tintenflasche-fuer-epson-ecotank-et-2710-et-2711-et-2712-et-2714-et-2715-et-2720-et-2726-et-4700-multipack-schwarz-cyan-magenta-gelb\\\/\"]}]},{\"@type\":\"ImageObject\",\"inLanguage\":\"de\",\"@id\":\"https:\\\/\\\/marktxxl.de\\\/markt\\\/produkt\\\/iubest-104-tinte-kompatibel-fuer-epson-104-ecotank-tintenflasche-fuer-epson-ecotank-et-2710-et-2711-et-2712-et-2714-et-2715-et-2720-et-2726-et-4700-multipack-schwarz-cyan-magenta-gelb\\\/#primaryimage\",\"url\":\"https:\\\/\\\/m.media-amazon.com\\\/images\\\/I\\\/51+xqFdNF5L._SL500_.jpg\",\"contentUrl\":\"https:\\\/\\\/m.media-amazon.com\\\/images\\\/I\\\/51+xqFdNF5L._SL500_.jpg\",\"width\":482,\"height\":500},{\"@type\":\"BreadcrumbList\",\"@id\":\"https:\\\/\\\/marktxxl.de\\\/markt\\\/produkt\\\/iubest-104-tinte-kompatibel-fuer-epson-104-ecotank-tintenflasche-fuer-epson-ecotank-et-2710-et-2711-et-2712-et-2714-et-2715-et-2720-et-2726-et-4700-multipack-schwarz-cyan-magenta-gelb\\\/#breadcrumb\",\"itemListElement\":[{\"@type\":\"ListItem\",\"position\":1,\"name\":\"Startseite\",\"item\":\"https:\\\/\\\/marktxxl.de\\\/markt\\\/\"},{\"@type\":\"ListItem\",\"position\":2,\"name\":\"Markt\",\"item\":\"https:\\\/\\\/marktxxl.de\\\/markt\\\/\"},{\"@type\":\"ListItem\",\"position\":3,\"name\":\"IUBEST 104 Tinte Kompatibel f\u00fcr Epson 104 oder 102 EcoTank Tintenflasche f\u00fcr Epson EcoTank ET-2710 ET-2711 ET-2712 ET\u2026\"}]},{\"@type\":\"WebSite\",\"@id\":\"https:\\\/\\\/marktxxl.de\\\/markt\\\/#website\",\"url\":\"https:\\\/\\\/marktxxl.de\\\/markt\\\/\",\"name\":\"Markt-XXL\",\"description\":\"Ihr Markt Online\",\"publisher\":{\"@id\":\"https:\\\/\\\/marktxxl.de\\\/markt\\\/#organization\"},\"potentialAction\":[{\"@type\":\"SearchAction\",\"target\":{\"@type\":\"EntryPoint\",\"urlTemplate\":\"https:\\\/\\\/marktxxl.de\\\/markt\\\/?s={search_term_string}\"},\"query-input\":{\"@type\":\"PropertyValueSpecification\",\"valueRequired\":true,\"valueName\":\"search_term_string\"}}],\"inLanguage\":\"de\"},{\"@type\":\"Organization\",\"@id\":\"https:\\\/\\\/marktxxl.de\\\/markt\\\/#organization\",\"name\":\"Markt-XXL\",\"url\":\"https:\\\/\\\/marktxxl.de\\\/markt\\\/\",\"logo\":{\"@type\":\"ImageObject\",\"inLanguage\":\"de\",\"@id\":\"https:\\\/\\\/marktxxl.de\\\/markt\\\/#\\\/schema\\\/logo\\\/image\\\/\",\"url\":\"https:\\\/\\\/marktxxl.de\\\/markt\\\/wp-content\\\/uploads\\\/sites\\\/3\\\/2020\\\/12\\\/logo.png\",\"contentUrl\":\"https:\\\/\\\/marktxxl.de\\\/markt\\\/wp-content\\\/uploads\\\/sites\\\/3\\\/2020\\\/12\\\/logo.png\",\"width\":200,\"height\":70,\"caption\":\"Markt-XXL\"},\"image\":{\"@id\":\"https:\\\/\\\/marktxxl.de\\\/markt\\\/#\\\/schema\\\/logo\\\/image\\\/\"}}]}<\/script>\n<!-- \/ Yoast SEO plugin. -->","yoast_head_json":{"title":"IUBEST 104 Tinte Kompatibel f\u00fcr Epson 104 oder 102 EcoTank Tintenflasche f\u00fcr Epson EcoTank ET-2710 ET-2711 ET-2712 ET\u2026 - Markt-XXL","description":"Markt-XXL IUBEST 104 Tinte Kompatibel f\u00fcr Epson 104 oder 102 EcoTank Tintenflasche f\u00fcr Epson EcoTank ET-2710 ET-2711 ET-2712 ET\u2026","robots":{"index":"index","follow":"follow","max-snippet":"max-snippet:-1","max-image-preview":"max-image-preview:large","max-video-preview":"max-video-preview:-1"},"canonical":"https:\/\/marktxxl.de\/markt\/produkt\/iubest-104-tinte-kompatibel-fuer-epson-104-ecotank-tintenflasche-fuer-epson-ecotank-et-2710-et-2711-et-2712-et-2714-et-2715-et-2720-et-2726-et-4700-multipack-schwarz-cyan-magenta-gelb\/","og_locale":"de_DE","og_type":"article","og_title":"IUBEST 104 Tinte Kompatibel f\u00fcr Epson 104 oder 102 EcoTank Tintenflasche f\u00fcr Epson EcoTank ET-2710 ET-2711 ET-2712 ET\u2026 - Markt-XXL","og_description":"Markt-XXL IUBEST 104 Tinte Kompatibel f\u00fcr Epson 104 oder 102 EcoTank Tintenflasche f\u00fcr Epson EcoTank ET-2710 ET-2711 ET-2712 ET\u2026","og_url":"https:\/\/marktxxl.de\/markt\/produkt\/iubest-104-tinte-kompatibel-fuer-epson-104-ecotank-tintenflasche-fuer-epson-ecotank-et-2710-et-2711-et-2712-et-2714-et-2715-et-2720-et-2726-et-4700-multipack-schwarz-cyan-magenta-gelb\/","og_site_name":"Markt-XXL","article_modified_time":"2023-04-10T23:57:21+00:00","og_image":[{"width":482,"height":500,"url":"https:\/\/m.media-amazon.com\/images\/I\/51+xqFdNF5L._SL500_.jpg","type":"image\/jpeg"}],"twitter_card":"summary_large_image","twitter_misc":{"Gesch\u00e4tzte Lesezeit":"1\u00a0Minute"},"schema":{"@context":"https:\/\/schema.org","@graph":[{"@type":"WebPage","@id":"https:\/\/marktxxl.de\/markt\/produkt\/iubest-104-tinte-kompatibel-fuer-epson-104-ecotank-tintenflasche-fuer-epson-ecotank-et-2710-et-2711-et-2712-et-2714-et-2715-et-2720-et-2726-et-4700-multipack-schwarz-cyan-magenta-gelb\/","url":"https:\/\/marktxxl.de\/markt\/produkt\/iubest-104-tinte-kompatibel-fuer-epson-104-ecotank-tintenflasche-fuer-epson-ecotank-et-2710-et-2711-et-2712-et-2714-et-2715-et-2720-et-2726-et-4700-multipack-schwarz-cyan-magenta-gelb\/","name":"IUBEST 104 Tinte Kompatibel f\u00fcr Epson 104 oder 102 EcoTank Tintenflasche f\u00fcr Epson EcoTank ET-2710 ET-2711 ET-2712 ET\u2026 - Markt-XXL","isPartOf":{"@id":"https:\/\/marktxxl.de\/markt\/#website"},"primaryImageOfPage":{"@id":"https:\/\/marktxxl.de\/markt\/produkt\/iubest-104-tinte-kompatibel-fuer-epson-104-ecotank-tintenflasche-fuer-epson-ecotank-et-2710-et-2711-et-2712-et-2714-et-2715-et-2720-et-2726-et-4700-multipack-schwarz-cyan-magenta-gelb\/#primaryimage"},"image":{"@id":"https:\/\/marktxxl.de\/markt\/produkt\/iubest-104-tinte-kompatibel-fuer-epson-104-ecotank-tintenflasche-fuer-epson-ecotank-et-2710-et-2711-et-2712-et-2714-et-2715-et-2720-et-2726-et-4700-multipack-schwarz-cyan-magenta-gelb\/#primaryimage"},"thumbnailUrl":"https:\/\/m.media-amazon.com\/images\/I\/51+xqFdNF5L._SL500_.jpg","datePublished":"2021-09-26T11:35:38+00:00","dateModified":"2023-04-10T23:57:21+00:00","description":"Markt-XXL IUBEST 104 Tinte Kompatibel f\u00fcr Epson 104 oder 102 EcoTank Tintenflasche f\u00fcr Epson EcoTank ET-2710 ET-2711 ET-2712 ET\u2026","breadcrumb":{"@id":"https:\/\/marktxxl.de\/markt\/produkt\/iubest-104-tinte-kompatibel-fuer-epson-104-ecotank-tintenflasche-fuer-epson-ecotank-et-2710-et-2711-et-2712-et-2714-et-2715-et-2720-et-2726-et-4700-multipack-schwarz-cyan-magenta-gelb\/#breadcrumb"},"inLanguage":"de","potentialAction":[{"@type":"ReadAction","target":["https:\/\/marktxxl.de\/markt\/produkt\/iubest-104-tinte-kompatibel-fuer-epson-104-ecotank-tintenflasche-fuer-epson-ecotank-et-2710-et-2711-et-2712-et-2714-et-2715-et-2720-et-2726-et-4700-multipack-schwarz-cyan-magenta-gelb\/"]}]},{"@type":"ImageObject","inLanguage":"de","@id":"https:\/\/marktxxl.de\/markt\/produkt\/iubest-104-tinte-kompatibel-fuer-epson-104-ecotank-tintenflasche-fuer-epson-ecotank-et-2710-et-2711-et-2712-et-2714-et-2715-et-2720-et-2726-et-4700-multipack-schwarz-cyan-magenta-gelb\/#primaryimage","url":"https:\/\/m.media-amazon.com\/images\/I\/51+xqFdNF5L._SL500_.jpg","contentUrl":"https:\/\/m.media-amazon.com\/images\/I\/51+xqFdNF5L._SL500_.jpg","width":482,"height":500},{"@type":"BreadcrumbList","@id":"https:\/\/marktxxl.de\/markt\/produkt\/iubest-104-tinte-kompatibel-fuer-epson-104-ecotank-tintenflasche-fuer-epson-ecotank-et-2710-et-2711-et-2712-et-2714-et-2715-et-2720-et-2726-et-4700-multipack-schwarz-cyan-magenta-gelb\/#breadcrumb","itemListElement":[{"@type":"ListItem","position":1,"name":"Startseite","item":"https:\/\/marktxxl.de\/markt\/"},{"@type":"ListItem","position":2,"name":"Markt","item":"https:\/\/marktxxl.de\/markt\/"},{"@type":"ListItem","position":3,"name":"IUBEST 104 Tinte Kompatibel f\u00fcr Epson 104 oder 102 EcoTank Tintenflasche f\u00fcr Epson EcoTank ET-2710 ET-2711 ET-2712 ET\u2026"}]},{"@type":"WebSite","@id":"https:\/\/marktxxl.de\/markt\/#website","url":"https:\/\/marktxxl.de\/markt\/","name":"Markt-XXL","description":"Ihr Markt Online","publisher":{"@id":"https:\/\/marktxxl.de\/markt\/#organization"},"potentialAction":[{"@type":"SearchAction","target":{"@type":"EntryPoint","urlTemplate":"https:\/\/marktxxl.de\/markt\/?s={search_term_string}"},"query-input":{"@type":"PropertyValueSpecification","valueRequired":true,"valueName":"search_term_string"}}],"inLanguage":"de"},{"@type":"Organization","@id":"https:\/\/marktxxl.de\/markt\/#organization","name":"Markt-XXL","url":"https:\/\/marktxxl.de\/markt\/","logo":{"@type":"ImageObject","inLanguage":"de","@id":"https:\/\/marktxxl.de\/markt\/#\/schema\/logo\/image\/","url":"https:\/\/marktxxl.de\/markt\/wp-content\/uploads\/sites\/3\/2020\/12\/logo.png","contentUrl":"https:\/\/marktxxl.de\/markt\/wp-content\/uploads\/sites\/3\/2020\/12\/logo.png","width":200,"height":70,"caption":"Markt-XXL"},"image":{"@id":"https:\/\/marktxxl.de\/markt\/#\/schema\/logo\/image\/"}}]}},"_links":{"self":[{"href":"https:\/\/marktxxl.de\/markt\/wp-json\/wp\/v2\/product\/40410","targetHints":{"allow":["GET"]}}],"collection":[{"href":"https:\/\/marktxxl.de\/markt\/wp-json\/wp\/v2\/product"}],"about":[{"href":"https:\/\/marktxxl.de\/markt\/wp-json\/wp\/v2\/types\/product"}],"replies":[{"embeddable":true,"href":"https:\/\/marktxxl.de\/markt\/wp-json\/wp\/v2\/comments?post=40410"}],"wp:featuredmedia":[{"embeddable":true,"href":"https:\/\/marktxxl.de\/markt\/wp-json\/wp\/v2\/media\/40411"}],"wp:attachment":[{"href":"https:\/\/marktxxl.de\/markt\/wp-json\/wp\/v2\/media?parent=40410"}],"wp:term":[{"taxonomy":"product_brand","embeddable":true,"href":"https:\/\/marktxxl.de\/markt\/wp-json\/wp\/v2\/product_brand?post=40410"},{"taxonomy":"product_cat","embeddable":true,"href":"https:\/\/marktxxl.de\/markt\/wp-json\/wp\/v2\/product_cat?post=40410"},{"taxonomy":"product_tag","embeddable":true,"href":"https:\/\/marktxxl.de\/markt\/wp-json\/wp\/v2\/product_tag?post=40410"}],"curies":[{"name":"wp","href":"https:\/\/api.w.org\/{rel}","templated":true}]}}