{"id":40293,"date":"2021-09-26T13:35:13","date_gmt":"2021-09-26T11:35:13","guid":{"rendered":"https:\/\/marktxxl.de\/markt\/produkt\/leitz-35032-plastikbinderuecken-a4-kunststoff-10-mm-65-blatt-100-stueck-weiss\/"},"modified":"2023-04-11T01:57:19","modified_gmt":"2023-04-10T23:57:19","slug":"leitz-35032-plastikbinderuecken-a4-kunststoff-10-mm-65-blatt-100-stueck-weiss","status":"publish","type":"product","link":"https:\/\/marktxxl.de\/markt\/produkt\/leitz-35032-plastikbinderuecken-a4-kunststoff-10-mm-65-blatt-100-stueck-weiss\/","title":{"rendered":"Leitz 35032 Plastikbinder\u00fccken, A4, Kunststoff, 10 mm, 65 Blatt, 100 St\u00fcck, weiss"},"content":{"rendered":"<p>Verwendung f\u00fcr Papierformate: DIN A4<br \/>\nWerkstoff: Kunststoff<br \/>\nTyp des Binder\u00fcckens: 21 Ringe, US-Teilung<br \/>\nmax. Durchmesser des Binder\u00fcckens: 10 mm<br \/>\nmax. Anzahl der Bl\u00e4tter je Bindearbeitsgang: 65 St\u00fcck<br \/>\nFarbe: wei\u00df<br \/>\nAusf\u00fchrung des Inhalts der Packung: 100 St\u00fcck<br \/>\nComBIND Plastikbinder\u00fccken f\u00fcr 21-Ring System, geeignet f\u00fcr alle Spiralbindeger\u00e4te<br \/>\nEinfaches Bl\u00e4ttern der Seiten (180\u00b0)<br \/>\nComBIND Plastikbinder\u00fccken k\u00f6nnen f\u00fcr den Austausch von Seiten wieder ge\u00f6ffnet werden<br \/>\nDurchmesser 10 mm; 1x Pack \u00e1\u00a0 100 St\u00fcck<br \/>\nLieferumfang: Leitz 35032 Plastikbinder\u00fccken wei\u00df<br \/>\n<div class=\"main-cross-sell\" data-asin=\"B000NDLTNQ\">\n\n\t<div class=\"WooZone-cross-sell-loader\">\n\t\t<div>\n\t\t\t<div id=\"floatingBarsG\">\n\t\t\t\t<div class=\"blockG\" id=\"rotateG_01\"><\/div>\n\t\t\t\t<div class=\"blockG\" id=\"rotateG_02\"><\/div>\n\t\t\t\t<div class=\"blockG\" id=\"rotateG_03\"><\/div>\n\t\t\t\t<div class=\"blockG\" id=\"rotateG_04\"><\/div>\n\t\t\t\t<div class=\"blockG\" id=\"rotateG_05\"><\/div>\n\t\t\t\t<div class=\"blockG\" id=\"rotateG_06\"><\/div>\n\t\t\t\t<div class=\"blockG\" id=\"rotateG_07\"><\/div>\n\t\t\t\t<div class=\"blockG\" id=\"rotateG_08\"><\/div>\n\t\t\t<\/div>\n\t\t\t<div class=\"WooZone-cross-sell-loader-text\"><\/div>\n\t\t<\/div>\n\t<\/div>\n\n\t\t\n<\/div>\n<div style=\"clear:both;\"><\/div><\/p>\n","protected":false},"excerpt":{"rendered":"<p>Verwendung f\u00fcr Papierformate: DIN A4<br \/>\nWerkstoff: Kunststoff<br \/>\nTyp des Binder\u00fcckens: 21 Ringe, US-Teilung<\/p>\n","protected":false},"featured_media":40294,"comment_status":"open","ping_status":"closed","template":"","meta":[],"product_brand":[],"product_cat":[504,8208],"product_tag":[],"class_list":{"0":"post-40293","1":"product","2":"type-product","3":"status-publish","4":"has-post-thumbnail","6":"product_cat-buerobedarf-schreibwaren","7":"product_cat-bueroelektronik","8":"pa_binding-buerobedarf-schreibwaren","9":"pa_brand-leitz","10":"pa_color-weiss","11":"pa_height-0-3937-zoll","12":"pa_languages-handbuch-italienisch-handbuch-deutsch-handbuch-franzoesisch-handbuch-englisch-handbuch-spanisch","13":"pa_length-12-5984-zoll","14":"pa_manufacturer-esselte-leitz","15":"pa_model-17194","16":"pa_weight-0-0440924524-pfund","17":"pa_width-0-3937-zoll","19":"first","20":"instock","21":"shipping-taxable","22":"purchasable","23":"product-type-simple","24":"customify-col","25":"product-has-gallery"},"yoast_head":"<!-- This site is optimized with the Yoast SEO plugin v27.3 - https:\/\/yoast.com\/product\/yoast-seo-wordpress\/ -->\n<title>Leitz 35032 Plastikbinder\u00fccken, A4, Kunststoff, 10 mm, 65 Blatt, 100 St\u00fcck, weiss - Markt-XXL<\/title>\n<meta name=\"description\" content=\"Markt-XXL Leitz 35032 Plastikbinder\u00fccken, A4, Kunststoff, 10 mm, 65 Blatt, 100 St\u00fcck, weiss\" \/>\n<meta name=\"robots\" content=\"index, follow, max-snippet:-1, max-image-preview:large, max-video-preview:-1\" \/>\n<link rel=\"canonical\" href=\"https:\/\/marktxxl.de\/markt\/produkt\/leitz-35032-plastikbinderuecken-a4-kunststoff-10-mm-65-blatt-100-stueck-weiss\/\" \/>\n<meta property=\"og:locale\" content=\"de_DE\" \/>\n<meta property=\"og:type\" content=\"article\" \/>\n<meta property=\"og:title\" content=\"Leitz 35032 Plastikbinder\u00fccken, A4, Kunststoff, 10 mm, 65 Blatt, 100 St\u00fcck, weiss - Markt-XXL\" \/>\n<meta property=\"og:description\" content=\"Markt-XXL Leitz 35032 Plastikbinder\u00fccken, A4, Kunststoff, 10 mm, 65 Blatt, 100 St\u00fcck, weiss\" \/>\n<meta property=\"og:url\" content=\"https:\/\/marktxxl.de\/markt\/produkt\/leitz-35032-plastikbinderuecken-a4-kunststoff-10-mm-65-blatt-100-stueck-weiss\/\" \/>\n<meta property=\"og:site_name\" content=\"Markt-XXL\" \/>\n<meta property=\"article:modified_time\" content=\"2023-04-10T23:57:19+00:00\" \/>\n<meta property=\"og:image\" content=\"https:\/\/m.media-amazon.com\/images\/I\/21pCOLNfdUL._SL500_.jpg\" \/>\n\t<meta property=\"og:image:width\" content=\"500\" \/>\n\t<meta property=\"og:image:height\" content=\"500\" \/>\n\t<meta property=\"og:image:type\" content=\"image\/jpeg\" \/>\n<meta name=\"twitter:card\" content=\"summary_large_image\" \/>\n<script type=\"application\/ld+json\" class=\"yoast-schema-graph\">{\"@context\":\"https:\\\/\\\/schema.org\",\"@graph\":[{\"@type\":\"WebPage\",\"@id\":\"https:\\\/\\\/marktxxl.de\\\/markt\\\/produkt\\\/leitz-35032-plastikbinderuecken-a4-kunststoff-10-mm-65-blatt-100-stueck-weiss\\\/\",\"url\":\"https:\\\/\\\/marktxxl.de\\\/markt\\\/produkt\\\/leitz-35032-plastikbinderuecken-a4-kunststoff-10-mm-65-blatt-100-stueck-weiss\\\/\",\"name\":\"Leitz 35032 Plastikbinder\u00fccken, A4, Kunststoff, 10 mm, 65 Blatt, 100 St\u00fcck, weiss - Markt-XXL\",\"isPartOf\":{\"@id\":\"https:\\\/\\\/marktxxl.de\\\/markt\\\/#website\"},\"primaryImageOfPage\":{\"@id\":\"https:\\\/\\\/marktxxl.de\\\/markt\\\/produkt\\\/leitz-35032-plastikbinderuecken-a4-kunststoff-10-mm-65-blatt-100-stueck-weiss\\\/#primaryimage\"},\"image\":{\"@id\":\"https:\\\/\\\/marktxxl.de\\\/markt\\\/produkt\\\/leitz-35032-plastikbinderuecken-a4-kunststoff-10-mm-65-blatt-100-stueck-weiss\\\/#primaryimage\"},\"thumbnailUrl\":\"https:\\\/\\\/m.media-amazon.com\\\/images\\\/I\\\/21pCOLNfdUL._SL500_.jpg\",\"datePublished\":\"2021-09-26T11:35:13+00:00\",\"dateModified\":\"2023-04-10T23:57:19+00:00\",\"description\":\"Markt-XXL Leitz 35032 Plastikbinder\u00fccken, A4, Kunststoff, 10 mm, 65 Blatt, 100 St\u00fcck, weiss\",\"breadcrumb\":{\"@id\":\"https:\\\/\\\/marktxxl.de\\\/markt\\\/produkt\\\/leitz-35032-plastikbinderuecken-a4-kunststoff-10-mm-65-blatt-100-stueck-weiss\\\/#breadcrumb\"},\"inLanguage\":\"de\",\"potentialAction\":[{\"@type\":\"ReadAction\",\"target\":[\"https:\\\/\\\/marktxxl.de\\\/markt\\\/produkt\\\/leitz-35032-plastikbinderuecken-a4-kunststoff-10-mm-65-blatt-100-stueck-weiss\\\/\"]}]},{\"@type\":\"ImageObject\",\"inLanguage\":\"de\",\"@id\":\"https:\\\/\\\/marktxxl.de\\\/markt\\\/produkt\\\/leitz-35032-plastikbinderuecken-a4-kunststoff-10-mm-65-blatt-100-stueck-weiss\\\/#primaryimage\",\"url\":\"https:\\\/\\\/m.media-amazon.com\\\/images\\\/I\\\/21pCOLNfdUL._SL500_.jpg\",\"contentUrl\":\"https:\\\/\\\/m.media-amazon.com\\\/images\\\/I\\\/21pCOLNfdUL._SL500_.jpg\",\"width\":500,\"height\":500},{\"@type\":\"BreadcrumbList\",\"@id\":\"https:\\\/\\\/marktxxl.de\\\/markt\\\/produkt\\\/leitz-35032-plastikbinderuecken-a4-kunststoff-10-mm-65-blatt-100-stueck-weiss\\\/#breadcrumb\",\"itemListElement\":[{\"@type\":\"ListItem\",\"position\":1,\"name\":\"Startseite\",\"item\":\"https:\\\/\\\/marktxxl.de\\\/markt\\\/\"},{\"@type\":\"ListItem\",\"position\":2,\"name\":\"Markt\",\"item\":\"https:\\\/\\\/marktxxl.de\\\/markt\\\/\"},{\"@type\":\"ListItem\",\"position\":3,\"name\":\"Leitz 35032 Plastikbinder\u00fccken, A4, Kunststoff, 10 mm, 65 Blatt, 100 St\u00fcck, weiss\"}]},{\"@type\":\"WebSite\",\"@id\":\"https:\\\/\\\/marktxxl.de\\\/markt\\\/#website\",\"url\":\"https:\\\/\\\/marktxxl.de\\\/markt\\\/\",\"name\":\"Markt-XXL\",\"description\":\"Ihr Markt Online\",\"publisher\":{\"@id\":\"https:\\\/\\\/marktxxl.de\\\/markt\\\/#organization\"},\"potentialAction\":[{\"@type\":\"SearchAction\",\"target\":{\"@type\":\"EntryPoint\",\"urlTemplate\":\"https:\\\/\\\/marktxxl.de\\\/markt\\\/?s={search_term_string}\"},\"query-input\":{\"@type\":\"PropertyValueSpecification\",\"valueRequired\":true,\"valueName\":\"search_term_string\"}}],\"inLanguage\":\"de\"},{\"@type\":\"Organization\",\"@id\":\"https:\\\/\\\/marktxxl.de\\\/markt\\\/#organization\",\"name\":\"Markt-XXL\",\"url\":\"https:\\\/\\\/marktxxl.de\\\/markt\\\/\",\"logo\":{\"@type\":\"ImageObject\",\"inLanguage\":\"de\",\"@id\":\"https:\\\/\\\/marktxxl.de\\\/markt\\\/#\\\/schema\\\/logo\\\/image\\\/\",\"url\":\"https:\\\/\\\/marktxxl.de\\\/markt\\\/wp-content\\\/uploads\\\/sites\\\/3\\\/2020\\\/12\\\/logo.png\",\"contentUrl\":\"https:\\\/\\\/marktxxl.de\\\/markt\\\/wp-content\\\/uploads\\\/sites\\\/3\\\/2020\\\/12\\\/logo.png\",\"width\":200,\"height\":70,\"caption\":\"Markt-XXL\"},\"image\":{\"@id\":\"https:\\\/\\\/marktxxl.de\\\/markt\\\/#\\\/schema\\\/logo\\\/image\\\/\"}}]}<\/script>\n<!-- \/ Yoast SEO plugin. -->","yoast_head_json":{"title":"Leitz 35032 Plastikbinder\u00fccken, A4, Kunststoff, 10 mm, 65 Blatt, 100 St\u00fcck, weiss - Markt-XXL","description":"Markt-XXL Leitz 35032 Plastikbinder\u00fccken, A4, Kunststoff, 10 mm, 65 Blatt, 100 St\u00fcck, weiss","robots":{"index":"index","follow":"follow","max-snippet":"max-snippet:-1","max-image-preview":"max-image-preview:large","max-video-preview":"max-video-preview:-1"},"canonical":"https:\/\/marktxxl.de\/markt\/produkt\/leitz-35032-plastikbinderuecken-a4-kunststoff-10-mm-65-blatt-100-stueck-weiss\/","og_locale":"de_DE","og_type":"article","og_title":"Leitz 35032 Plastikbinder\u00fccken, A4, Kunststoff, 10 mm, 65 Blatt, 100 St\u00fcck, weiss - Markt-XXL","og_description":"Markt-XXL Leitz 35032 Plastikbinder\u00fccken, A4, Kunststoff, 10 mm, 65 Blatt, 100 St\u00fcck, weiss","og_url":"https:\/\/marktxxl.de\/markt\/produkt\/leitz-35032-plastikbinderuecken-a4-kunststoff-10-mm-65-blatt-100-stueck-weiss\/","og_site_name":"Markt-XXL","article_modified_time":"2023-04-10T23:57:19+00:00","og_image":[{"width":500,"height":500,"url":"https:\/\/m.media-amazon.com\/images\/I\/21pCOLNfdUL._SL500_.jpg","type":"image\/jpeg"}],"twitter_card":"summary_large_image","schema":{"@context":"https:\/\/schema.org","@graph":[{"@type":"WebPage","@id":"https:\/\/marktxxl.de\/markt\/produkt\/leitz-35032-plastikbinderuecken-a4-kunststoff-10-mm-65-blatt-100-stueck-weiss\/","url":"https:\/\/marktxxl.de\/markt\/produkt\/leitz-35032-plastikbinderuecken-a4-kunststoff-10-mm-65-blatt-100-stueck-weiss\/","name":"Leitz 35032 Plastikbinder\u00fccken, A4, Kunststoff, 10 mm, 65 Blatt, 100 St\u00fcck, weiss - Markt-XXL","isPartOf":{"@id":"https:\/\/marktxxl.de\/markt\/#website"},"primaryImageOfPage":{"@id":"https:\/\/marktxxl.de\/markt\/produkt\/leitz-35032-plastikbinderuecken-a4-kunststoff-10-mm-65-blatt-100-stueck-weiss\/#primaryimage"},"image":{"@id":"https:\/\/marktxxl.de\/markt\/produkt\/leitz-35032-plastikbinderuecken-a4-kunststoff-10-mm-65-blatt-100-stueck-weiss\/#primaryimage"},"thumbnailUrl":"https:\/\/m.media-amazon.com\/images\/I\/21pCOLNfdUL._SL500_.jpg","datePublished":"2021-09-26T11:35:13+00:00","dateModified":"2023-04-10T23:57:19+00:00","description":"Markt-XXL Leitz 35032 Plastikbinder\u00fccken, A4, Kunststoff, 10 mm, 65 Blatt, 100 St\u00fcck, weiss","breadcrumb":{"@id":"https:\/\/marktxxl.de\/markt\/produkt\/leitz-35032-plastikbinderuecken-a4-kunststoff-10-mm-65-blatt-100-stueck-weiss\/#breadcrumb"},"inLanguage":"de","potentialAction":[{"@type":"ReadAction","target":["https:\/\/marktxxl.de\/markt\/produkt\/leitz-35032-plastikbinderuecken-a4-kunststoff-10-mm-65-blatt-100-stueck-weiss\/"]}]},{"@type":"ImageObject","inLanguage":"de","@id":"https:\/\/marktxxl.de\/markt\/produkt\/leitz-35032-plastikbinderuecken-a4-kunststoff-10-mm-65-blatt-100-stueck-weiss\/#primaryimage","url":"https:\/\/m.media-amazon.com\/images\/I\/21pCOLNfdUL._SL500_.jpg","contentUrl":"https:\/\/m.media-amazon.com\/images\/I\/21pCOLNfdUL._SL500_.jpg","width":500,"height":500},{"@type":"BreadcrumbList","@id":"https:\/\/marktxxl.de\/markt\/produkt\/leitz-35032-plastikbinderuecken-a4-kunststoff-10-mm-65-blatt-100-stueck-weiss\/#breadcrumb","itemListElement":[{"@type":"ListItem","position":1,"name":"Startseite","item":"https:\/\/marktxxl.de\/markt\/"},{"@type":"ListItem","position":2,"name":"Markt","item":"https:\/\/marktxxl.de\/markt\/"},{"@type":"ListItem","position":3,"name":"Leitz 35032 Plastikbinder\u00fccken, A4, Kunststoff, 10 mm, 65 Blatt, 100 St\u00fcck, weiss"}]},{"@type":"WebSite","@id":"https:\/\/marktxxl.de\/markt\/#website","url":"https:\/\/marktxxl.de\/markt\/","name":"Markt-XXL","description":"Ihr Markt Online","publisher":{"@id":"https:\/\/marktxxl.de\/markt\/#organization"},"potentialAction":[{"@type":"SearchAction","target":{"@type":"EntryPoint","urlTemplate":"https:\/\/marktxxl.de\/markt\/?s={search_term_string}"},"query-input":{"@type":"PropertyValueSpecification","valueRequired":true,"valueName":"search_term_string"}}],"inLanguage":"de"},{"@type":"Organization","@id":"https:\/\/marktxxl.de\/markt\/#organization","name":"Markt-XXL","url":"https:\/\/marktxxl.de\/markt\/","logo":{"@type":"ImageObject","inLanguage":"de","@id":"https:\/\/marktxxl.de\/markt\/#\/schema\/logo\/image\/","url":"https:\/\/marktxxl.de\/markt\/wp-content\/uploads\/sites\/3\/2020\/12\/logo.png","contentUrl":"https:\/\/marktxxl.de\/markt\/wp-content\/uploads\/sites\/3\/2020\/12\/logo.png","width":200,"height":70,"caption":"Markt-XXL"},"image":{"@id":"https:\/\/marktxxl.de\/markt\/#\/schema\/logo\/image\/"}}]}},"_links":{"self":[{"href":"https:\/\/marktxxl.de\/markt\/wp-json\/wp\/v2\/product\/40293","targetHints":{"allow":["GET"]}}],"collection":[{"href":"https:\/\/marktxxl.de\/markt\/wp-json\/wp\/v2\/product"}],"about":[{"href":"https:\/\/marktxxl.de\/markt\/wp-json\/wp\/v2\/types\/product"}],"replies":[{"embeddable":true,"href":"https:\/\/marktxxl.de\/markt\/wp-json\/wp\/v2\/comments?post=40293"}],"wp:featuredmedia":[{"embeddable":true,"href":"https:\/\/marktxxl.de\/markt\/wp-json\/wp\/v2\/media\/40294"}],"wp:attachment":[{"href":"https:\/\/marktxxl.de\/markt\/wp-json\/wp\/v2\/media?parent=40293"}],"wp:term":[{"taxonomy":"product_brand","embeddable":true,"href":"https:\/\/marktxxl.de\/markt\/wp-json\/wp\/v2\/product_brand?post=40293"},{"taxonomy":"product_cat","embeddable":true,"href":"https:\/\/marktxxl.de\/markt\/wp-json\/wp\/v2\/product_cat?post=40293"},{"taxonomy":"product_tag","embeddable":true,"href":"https:\/\/marktxxl.de\/markt\/wp-json\/wp\/v2\/product_tag?post=40293"}],"curies":[{"name":"wp","href":"https:\/\/api.w.org\/{rel}","templated":true}]}}