{"id":40062,"date":"2021-09-26T13:33:07","date_gmt":"2021-09-26T11:33:07","guid":{"rendered":"https:\/\/marktxxl.de\/markt\/produkt\/faber-castell-kuenstlerfarbstift-polychromos\/"},"modified":"2023-04-11T01:57:15","modified_gmt":"2023-04-10T23:57:15","slug":"faber-castell-kuenstlerfarbstift-polychromos","status":"publish","type":"product","link":"https:\/\/marktxxl.de\/markt\/produkt\/faber-castell-kuenstlerfarbstift-polychromos\/","title":{"rendered":"Faber-Castell 110012 &#8211; K\u00fcnstlerfarbstift Polychromos, 12er Metalletui"},"content":{"rendered":"<p>Set mit wisch- und wasserfesten K\u00fcnstlerfarbstiften und Zubeh\u00f6r<br \/>\nInhalt: 20 Polychromos Farbstifte, 4 K\u00fcnstlerbleistifte Castell 9000, ein Radierer und ein Metalldoppelspitzer<br \/>\nWeicher, farbsatter Abstrich<br \/>\nHochwertige Pigmente von un\u00fcbertroffener Lichtbest\u00e4ndigkeit und Farbbrillanz<br \/>\nHohe Bruchfestigkeit durch Sekuralverleimung, 3,8 mm Mine<br \/>\n<div class=\"main-cross-sell\" data-asin=\"B088VSJ5RV\">\n\n\t<div class=\"WooZone-cross-sell-loader\">\n\t\t<div>\n\t\t\t<div id=\"floatingBarsG\">\n\t\t\t\t<div class=\"blockG\" id=\"rotateG_01\"><\/div>\n\t\t\t\t<div class=\"blockG\" id=\"rotateG_02\"><\/div>\n\t\t\t\t<div class=\"blockG\" id=\"rotateG_03\"><\/div>\n\t\t\t\t<div class=\"blockG\" id=\"rotateG_04\"><\/div>\n\t\t\t\t<div class=\"blockG\" id=\"rotateG_05\"><\/div>\n\t\t\t\t<div class=\"blockG\" id=\"rotateG_06\"><\/div>\n\t\t\t\t<div class=\"blockG\" id=\"rotateG_07\"><\/div>\n\t\t\t\t<div class=\"blockG\" id=\"rotateG_08\"><\/div>\n\t\t\t<\/div>\n\t\t\t<div class=\"WooZone-cross-sell-loader-text\"><\/div>\n\t\t<\/div>\n\t<\/div>\n\n\t\t\n<\/div>\n<div style=\"clear:both;\"><\/div><\/p>\n","protected":false},"excerpt":{"rendered":"<p>Set mit wisch- und wasserfesten K\u00fcnstlerfarbstiften und Zubeh\u00f6r<br \/>\nInhalt: 20 Polychromos Farbstifte, 4 K\u00fcnstlerbleistifte Castell 9000, ein Radierer und ein Metalldoppelspitzer<br \/>\nWeicher, farbsatter Abstrich<\/p>\n","protected":false},"featured_media":40073,"comment_status":"open","ping_status":"closed","template":"","meta":[],"product_brand":[],"product_cat":[504],"product_tag":[],"class_list":{"0":"post-40062","1":"product","2":"type-product","3":"status-publish","4":"has-post-thumbnail","6":"product_cat-buerobedarf-schreibwaren","7":"pa_binding-spielzeug","8":"pa_brand-faber-castell","9":"pa_groesse-atelierbox","10":"pa_groesse-geschenkset","11":"pa_groesse-holzkoffer","12":"pa_groesse-metalletui","13":"pa_manufacturer-faber-castell","14":"pa_pattern-name-bundle-mit-bleistift-12er-art-set","15":"pa_pattern-name-bundle-mit-spitzmaschine","16":"pa_stil-120er","17":"pa_stil-12er","18":"pa_stil-24er","19":"pa_stil-36er","20":"pa_stil-60er","21":"pa_stil-72er","22":"pa_stilbezeichnung-single","24":"first","25":"instock","26":"shipping-taxable","27":"purchasable","28":"product-type-variable","29":"customify-col","30":"product-has-gallery"},"yoast_head":"<!-- This site is optimized with the Yoast SEO plugin v27.3 - https:\/\/yoast.com\/product\/yoast-seo-wordpress\/ -->\n<title>Faber-Castell 110012 - K\u00fcnstlerfarbstift Polychromos, 12er Metalletui - Markt-XXL<\/title>\n<meta name=\"description\" content=\"Markt-XXL Faber-Castell 110012 - K\u00fcnstlerfarbstift Polychromos, 12er Metalletui\" \/>\n<meta name=\"robots\" content=\"index, follow, max-snippet:-1, max-image-preview:large, max-video-preview:-1\" \/>\n<link rel=\"canonical\" href=\"https:\/\/marktxxl.de\/markt\/produkt\/faber-castell-kuenstlerfarbstift-polychromos\/\" \/>\n<meta property=\"og:locale\" content=\"de_DE\" \/>\n<meta property=\"og:type\" content=\"article\" \/>\n<meta property=\"og:title\" content=\"Faber-Castell 110012 - K\u00fcnstlerfarbstift Polychromos, 12er Metalletui - Markt-XXL\" \/>\n<meta property=\"og:description\" content=\"Markt-XXL Faber-Castell 110012 - K\u00fcnstlerfarbstift Polychromos, 12er Metalletui\" \/>\n<meta property=\"og:url\" content=\"https:\/\/marktxxl.de\/markt\/produkt\/faber-castell-kuenstlerfarbstift-polychromos\/\" \/>\n<meta property=\"og:site_name\" content=\"Markt-XXL\" \/>\n<meta property=\"article:modified_time\" content=\"2023-04-10T23:57:15+00:00\" \/>\n<meta property=\"og:image\" content=\"https:\/\/m.media-amazon.com\/images\/I\/41x5NC1tz5L._SL500_.jpg\" \/>\n\t<meta property=\"og:image:width\" content=\"490\" \/>\n\t<meta property=\"og:image:height\" content=\"500\" \/>\n\t<meta property=\"og:image:type\" content=\"image\/jpeg\" \/>\n<meta name=\"twitter:card\" content=\"summary_large_image\" \/>\n<script type=\"application\/ld+json\" class=\"yoast-schema-graph\">{\"@context\":\"https:\\\/\\\/schema.org\",\"@graph\":[{\"@type\":\"WebPage\",\"@id\":\"https:\\\/\\\/marktxxl.de\\\/markt\\\/produkt\\\/faber-castell-kuenstlerfarbstift-polychromos\\\/\",\"url\":\"https:\\\/\\\/marktxxl.de\\\/markt\\\/produkt\\\/faber-castell-kuenstlerfarbstift-polychromos\\\/\",\"name\":\"Faber-Castell 110012 - K\u00fcnstlerfarbstift Polychromos, 12er Metalletui - Markt-XXL\",\"isPartOf\":{\"@id\":\"https:\\\/\\\/marktxxl.de\\\/markt\\\/#website\"},\"primaryImageOfPage\":{\"@id\":\"https:\\\/\\\/marktxxl.de\\\/markt\\\/produkt\\\/faber-castell-kuenstlerfarbstift-polychromos\\\/#primaryimage\"},\"image\":{\"@id\":\"https:\\\/\\\/marktxxl.de\\\/markt\\\/produkt\\\/faber-castell-kuenstlerfarbstift-polychromos\\\/#primaryimage\"},\"thumbnailUrl\":\"https:\\\/\\\/m.media-amazon.com\\\/images\\\/I\\\/41x5NC1tz5L._SL500_.jpg\",\"datePublished\":\"2021-09-26T11:33:07+00:00\",\"dateModified\":\"2023-04-10T23:57:15+00:00\",\"description\":\"Markt-XXL Faber-Castell 110012 - K\u00fcnstlerfarbstift Polychromos, 12er Metalletui\",\"breadcrumb\":{\"@id\":\"https:\\\/\\\/marktxxl.de\\\/markt\\\/produkt\\\/faber-castell-kuenstlerfarbstift-polychromos\\\/#breadcrumb\"},\"inLanguage\":\"de\",\"potentialAction\":[{\"@type\":\"ReadAction\",\"target\":[\"https:\\\/\\\/marktxxl.de\\\/markt\\\/produkt\\\/faber-castell-kuenstlerfarbstift-polychromos\\\/\"]}]},{\"@type\":\"ImageObject\",\"inLanguage\":\"de\",\"@id\":\"https:\\\/\\\/marktxxl.de\\\/markt\\\/produkt\\\/faber-castell-kuenstlerfarbstift-polychromos\\\/#primaryimage\",\"url\":\"https:\\\/\\\/m.media-amazon.com\\\/images\\\/I\\\/41x5NC1tz5L._SL500_.jpg\",\"contentUrl\":\"https:\\\/\\\/m.media-amazon.com\\\/images\\\/I\\\/41x5NC1tz5L._SL500_.jpg\",\"width\":490,\"height\":500},{\"@type\":\"BreadcrumbList\",\"@id\":\"https:\\\/\\\/marktxxl.de\\\/markt\\\/produkt\\\/faber-castell-kuenstlerfarbstift-polychromos\\\/#breadcrumb\",\"itemListElement\":[{\"@type\":\"ListItem\",\"position\":1,\"name\":\"Startseite\",\"item\":\"https:\\\/\\\/marktxxl.de\\\/markt\\\/\"},{\"@type\":\"ListItem\",\"position\":2,\"name\":\"Markt\",\"item\":\"https:\\\/\\\/marktxxl.de\\\/markt\\\/\"},{\"@type\":\"ListItem\",\"position\":3,\"name\":\"Faber-Castell 110012 &#8211; K\u00fcnstlerfarbstift Polychromos, 12er Metalletui\"}]},{\"@type\":\"WebSite\",\"@id\":\"https:\\\/\\\/marktxxl.de\\\/markt\\\/#website\",\"url\":\"https:\\\/\\\/marktxxl.de\\\/markt\\\/\",\"name\":\"Markt-XXL\",\"description\":\"Ihr Markt Online\",\"publisher\":{\"@id\":\"https:\\\/\\\/marktxxl.de\\\/markt\\\/#organization\"},\"potentialAction\":[{\"@type\":\"SearchAction\",\"target\":{\"@type\":\"EntryPoint\",\"urlTemplate\":\"https:\\\/\\\/marktxxl.de\\\/markt\\\/?s={search_term_string}\"},\"query-input\":{\"@type\":\"PropertyValueSpecification\",\"valueRequired\":true,\"valueName\":\"search_term_string\"}}],\"inLanguage\":\"de\"},{\"@type\":\"Organization\",\"@id\":\"https:\\\/\\\/marktxxl.de\\\/markt\\\/#organization\",\"name\":\"Markt-XXL\",\"url\":\"https:\\\/\\\/marktxxl.de\\\/markt\\\/\",\"logo\":{\"@type\":\"ImageObject\",\"inLanguage\":\"de\",\"@id\":\"https:\\\/\\\/marktxxl.de\\\/markt\\\/#\\\/schema\\\/logo\\\/image\\\/\",\"url\":\"https:\\\/\\\/marktxxl.de\\\/markt\\\/wp-content\\\/uploads\\\/sites\\\/3\\\/2020\\\/12\\\/logo.png\",\"contentUrl\":\"https:\\\/\\\/marktxxl.de\\\/markt\\\/wp-content\\\/uploads\\\/sites\\\/3\\\/2020\\\/12\\\/logo.png\",\"width\":200,\"height\":70,\"caption\":\"Markt-XXL\"},\"image\":{\"@id\":\"https:\\\/\\\/marktxxl.de\\\/markt\\\/#\\\/schema\\\/logo\\\/image\\\/\"}}]}<\/script>\n<!-- \/ Yoast SEO plugin. -->","yoast_head_json":{"title":"Faber-Castell 110012 - K\u00fcnstlerfarbstift Polychromos, 12er Metalletui - Markt-XXL","description":"Markt-XXL Faber-Castell 110012 - K\u00fcnstlerfarbstift Polychromos, 12er Metalletui","robots":{"index":"index","follow":"follow","max-snippet":"max-snippet:-1","max-image-preview":"max-image-preview:large","max-video-preview":"max-video-preview:-1"},"canonical":"https:\/\/marktxxl.de\/markt\/produkt\/faber-castell-kuenstlerfarbstift-polychromos\/","og_locale":"de_DE","og_type":"article","og_title":"Faber-Castell 110012 - K\u00fcnstlerfarbstift Polychromos, 12er Metalletui - Markt-XXL","og_description":"Markt-XXL Faber-Castell 110012 - K\u00fcnstlerfarbstift Polychromos, 12er Metalletui","og_url":"https:\/\/marktxxl.de\/markt\/produkt\/faber-castell-kuenstlerfarbstift-polychromos\/","og_site_name":"Markt-XXL","article_modified_time":"2023-04-10T23:57:15+00:00","og_image":[{"width":490,"height":500,"url":"https:\/\/m.media-amazon.com\/images\/I\/41x5NC1tz5L._SL500_.jpg","type":"image\/jpeg"}],"twitter_card":"summary_large_image","schema":{"@context":"https:\/\/schema.org","@graph":[{"@type":"WebPage","@id":"https:\/\/marktxxl.de\/markt\/produkt\/faber-castell-kuenstlerfarbstift-polychromos\/","url":"https:\/\/marktxxl.de\/markt\/produkt\/faber-castell-kuenstlerfarbstift-polychromos\/","name":"Faber-Castell 110012 - K\u00fcnstlerfarbstift Polychromos, 12er Metalletui - Markt-XXL","isPartOf":{"@id":"https:\/\/marktxxl.de\/markt\/#website"},"primaryImageOfPage":{"@id":"https:\/\/marktxxl.de\/markt\/produkt\/faber-castell-kuenstlerfarbstift-polychromos\/#primaryimage"},"image":{"@id":"https:\/\/marktxxl.de\/markt\/produkt\/faber-castell-kuenstlerfarbstift-polychromos\/#primaryimage"},"thumbnailUrl":"https:\/\/m.media-amazon.com\/images\/I\/41x5NC1tz5L._SL500_.jpg","datePublished":"2021-09-26T11:33:07+00:00","dateModified":"2023-04-10T23:57:15+00:00","description":"Markt-XXL Faber-Castell 110012 - K\u00fcnstlerfarbstift Polychromos, 12er Metalletui","breadcrumb":{"@id":"https:\/\/marktxxl.de\/markt\/produkt\/faber-castell-kuenstlerfarbstift-polychromos\/#breadcrumb"},"inLanguage":"de","potentialAction":[{"@type":"ReadAction","target":["https:\/\/marktxxl.de\/markt\/produkt\/faber-castell-kuenstlerfarbstift-polychromos\/"]}]},{"@type":"ImageObject","inLanguage":"de","@id":"https:\/\/marktxxl.de\/markt\/produkt\/faber-castell-kuenstlerfarbstift-polychromos\/#primaryimage","url":"https:\/\/m.media-amazon.com\/images\/I\/41x5NC1tz5L._SL500_.jpg","contentUrl":"https:\/\/m.media-amazon.com\/images\/I\/41x5NC1tz5L._SL500_.jpg","width":490,"height":500},{"@type":"BreadcrumbList","@id":"https:\/\/marktxxl.de\/markt\/produkt\/faber-castell-kuenstlerfarbstift-polychromos\/#breadcrumb","itemListElement":[{"@type":"ListItem","position":1,"name":"Startseite","item":"https:\/\/marktxxl.de\/markt\/"},{"@type":"ListItem","position":2,"name":"Markt","item":"https:\/\/marktxxl.de\/markt\/"},{"@type":"ListItem","position":3,"name":"Faber-Castell 110012 &#8211; K\u00fcnstlerfarbstift Polychromos, 12er Metalletui"}]},{"@type":"WebSite","@id":"https:\/\/marktxxl.de\/markt\/#website","url":"https:\/\/marktxxl.de\/markt\/","name":"Markt-XXL","description":"Ihr Markt Online","publisher":{"@id":"https:\/\/marktxxl.de\/markt\/#organization"},"potentialAction":[{"@type":"SearchAction","target":{"@type":"EntryPoint","urlTemplate":"https:\/\/marktxxl.de\/markt\/?s={search_term_string}"},"query-input":{"@type":"PropertyValueSpecification","valueRequired":true,"valueName":"search_term_string"}}],"inLanguage":"de"},{"@type":"Organization","@id":"https:\/\/marktxxl.de\/markt\/#organization","name":"Markt-XXL","url":"https:\/\/marktxxl.de\/markt\/","logo":{"@type":"ImageObject","inLanguage":"de","@id":"https:\/\/marktxxl.de\/markt\/#\/schema\/logo\/image\/","url":"https:\/\/marktxxl.de\/markt\/wp-content\/uploads\/sites\/3\/2020\/12\/logo.png","contentUrl":"https:\/\/marktxxl.de\/markt\/wp-content\/uploads\/sites\/3\/2020\/12\/logo.png","width":200,"height":70,"caption":"Markt-XXL"},"image":{"@id":"https:\/\/marktxxl.de\/markt\/#\/schema\/logo\/image\/"}}]}},"_links":{"self":[{"href":"https:\/\/marktxxl.de\/markt\/wp-json\/wp\/v2\/product\/40062","targetHints":{"allow":["GET"]}}],"collection":[{"href":"https:\/\/marktxxl.de\/markt\/wp-json\/wp\/v2\/product"}],"about":[{"href":"https:\/\/marktxxl.de\/markt\/wp-json\/wp\/v2\/types\/product"}],"replies":[{"embeddable":true,"href":"https:\/\/marktxxl.de\/markt\/wp-json\/wp\/v2\/comments?post=40062"}],"wp:featuredmedia":[{"embeddable":true,"href":"https:\/\/marktxxl.de\/markt\/wp-json\/wp\/v2\/media\/40073"}],"wp:attachment":[{"href":"https:\/\/marktxxl.de\/markt\/wp-json\/wp\/v2\/media?parent=40062"}],"wp:term":[{"taxonomy":"product_brand","embeddable":true,"href":"https:\/\/marktxxl.de\/markt\/wp-json\/wp\/v2\/product_brand?post=40062"},{"taxonomy":"product_cat","embeddable":true,"href":"https:\/\/marktxxl.de\/markt\/wp-json\/wp\/v2\/product_cat?post=40062"},{"taxonomy":"product_tag","embeddable":true,"href":"https:\/\/marktxxl.de\/markt\/wp-json\/wp\/v2\/product_tag?post=40062"}],"curies":[{"name":"wp","href":"https:\/\/api.w.org\/{rel}","templated":true}]}}