{"id":39153,"date":"2021-09-14T00:19:11","date_gmt":"2021-09-13T22:19:11","guid":{"rendered":"https:\/\/marktxxl.de\/markt\/produkt\/dearfoams-unisex-kinder-family-collection-kids-toddler-bear-plaid-clog-slipper\/"},"modified":"2023-04-11T01:55:20","modified_gmt":"2023-04-10T23:55:20","slug":"dearfoams-unisex-kinder-family-collection-kids-toddler-bear-plaid-clog-slipper","status":"publish","type":"product","link":"https:\/\/marktxxl.de\/markt\/produkt\/dearfoams-unisex-kinder-family-collection-kids-toddler-bear-plaid-clog-slipper\/","title":{"rendered":"Dearfoams Unisex Kinder Family Collection Kids &amp; Toddler Bear Plaid Clog Slipper"},"content":{"rendered":"<p>Rutschbares Design: Die Clogs von Dearfoams f\u00fcr Kinder und Kleinkinder sind niedlich, gem\u00fctlich, bequem und zaubern sicher ein L\u00e4cheln auf die Gesichter Ihrer Kinder. Diese allt\u00e4glichen Hausschuhe sind perfekt, um auf besch\u00e4ftigten kleinen F\u00fc\u00dfen f\u00fcr endlose Abenteuer zu rutschen.<br \/>\nKlassische Muster: erh\u00e4ltlich in B\u00fcffelkaro, rot kariert und blau kariert, mit superweichem Sherpa-Futter, lustigen B\u00e4renohren und Filz-Applikationen. Diese Hausschuhe haben die Gr\u00f6\u00dfen von Kleinkindern und kleinen Kindern 7-8 T, 9-10 T, 11-12 T, 13-1, 2-3 und 4-5.<br \/>\nMemory-Schaumstoff-Einlegesohle: Jeder Pantoffel ist mit einer gepolsterten Innensohle mit hoher Dichte ausgestattet und mit Memory-Schaum f\u00fcr ein wolken\u00e4hnliches Gef\u00fchl auf den F\u00fc\u00dfen Ihrer kleinen B\u00e4ren.<br \/>\nGummi-Au\u00dfensohle: Mit einer Au\u00dfen-\/Au\u00dfensohle, die Unterseite dieser Clog-Hausschuhe verf\u00fcgt \u00fcber geformtes thermoplastisches Gummi f\u00fcr zus\u00e4tzliche Haltbarkeit und konstante Unterst\u00fctzung, egal wohin der Tag f\u00fchrt.<br \/>\nFamilienkollektion: Teil der Dearfoam-Familien-Kollektion mit passenden Hausschuhen, Lil Bear, Big Bro Bear und Big Sis Bear Clogs sind ein Muss f\u00fcr gem\u00fctliche Tage und N\u00e4chte zu Hause, um Erinnerungen mit der ganzen Familie zu machen.<br \/>\n<div class=\"main-cross-sell\" data-asin=\"B084XQTBM4\">\n\n\t<div class=\"WooZone-cross-sell-loader\">\n\t\t<div>\n\t\t\t<div id=\"floatingBarsG\">\n\t\t\t\t<div class=\"blockG\" id=\"rotateG_01\"><\/div>\n\t\t\t\t<div class=\"blockG\" id=\"rotateG_02\"><\/div>\n\t\t\t\t<div class=\"blockG\" id=\"rotateG_03\"><\/div>\n\t\t\t\t<div class=\"blockG\" id=\"rotateG_04\"><\/div>\n\t\t\t\t<div class=\"blockG\" id=\"rotateG_05\"><\/div>\n\t\t\t\t<div class=\"blockG\" id=\"rotateG_06\"><\/div>\n\t\t\t\t<div class=\"blockG\" id=\"rotateG_07\"><\/div>\n\t\t\t\t<div class=\"blockG\" id=\"rotateG_08\"><\/div>\n\t\t\t<\/div>\n\t\t\t<div class=\"WooZone-cross-sell-loader-text\"><\/div>\n\t\t<\/div>\n\t<\/div>\n\n\t\t\n<\/div>\n<div style=\"clear:both;\"><\/div><\/p>\n","protected":false},"excerpt":{"rendered":"<p>Rutschbares Design: Die Clogs von Dearfoams f\u00fcr Kinder und Kleinkinder sind niedlich, gem\u00fctlich, bequem und zaubern sicher ein L\u00e4cheln auf die Gesichter Ihrer Kinder. Diese allt\u00e4glichen Hausschuhe sind perfekt, um auf besch\u00e4ftigten kleinen F\u00fc\u00dfen f\u00fcr endlose Abenteuer zu rutschen.<br \/>\nKlassische Muster: erh\u00e4ltlich in B\u00fcffelkaro, rot kariert und blau kariert, mit superweichem Sherpa-Futter, lustigen B\u00e4renohren und Filz-Applikationen. Diese Hausschuhe haben die Gr\u00f6\u00dfen von Kleinkindern und kleinen Kindern 7-8 T, 9-10 T, 11-12 T, 13-1, 2-3 und 4-5.<br \/>\nMemory-Schaumstoff-Einlegesohle: Jeder Pantoffel ist mit einer gepolsterten Innensohle mit hoher Dichte ausgestattet und mit Memory-Schaum f\u00fcr ein wolken\u00e4hnliches Gef\u00fchl auf den F\u00fc\u00dfen Ihrer kleinen B\u00e4ren.<\/p>\n","protected":false},"featured_media":39160,"comment_status":"open","ping_status":"closed","template":"","meta":[],"product_brand":[],"product_cat":[21,9036],"product_tag":[],"class_list":{"0":"post-39153","1":"product","2":"type-product","3":"status-publish","4":"has-post-thumbnail","6":"product_cat-baby","7":"product_cat-babyschuhe-baby","8":"pa_binding-textilien","9":"pa_brand-dearfoams","10":"pa_farbe-big-bro-kariert","11":"pa_farbe-big-sis-red-plaid","12":"pa_farbe-lil-bear-karo-rot","13":"pa_groesse-17-18-eu","14":"pa_groesse-19-20-eu","15":"pa_groesse-20-22-eu","16":"pa_groesse-28-30-eu","17":"pa_groesse-32-33-eu","18":"pa_groesse-35-5-37-eu","19":"pa_manufacturer-dearfoams","21":"first","22":"instock","23":"shipping-taxable","24":"purchasable","25":"product-type-variable","26":"customify-col","27":"product-has-gallery"},"yoast_head":"<!-- This site is optimized with the Yoast SEO plugin v27.4 - https:\/\/yoast.com\/product\/yoast-seo-wordpress\/ -->\n<title>Dearfoams Unisex Kinder Family Collection Kids &amp; Toddler Bear Plaid Clog Slipper - Markt-XXL<\/title>\n<meta name=\"description\" content=\"Markt-XXL Dearfoams Unisex Kinder Family Collection Kids &amp; Toddler Bear Plaid Clog Slipper\" \/>\n<meta name=\"robots\" content=\"index, follow, max-snippet:-1, max-image-preview:large, max-video-preview:-1\" \/>\n<link rel=\"canonical\" href=\"https:\/\/marktxxl.de\/markt\/produkt\/dearfoams-unisex-kinder-family-collection-kids-toddler-bear-plaid-clog-slipper\/\" \/>\n<meta property=\"og:locale\" content=\"de_DE\" \/>\n<meta property=\"og:type\" content=\"article\" \/>\n<meta property=\"og:title\" content=\"Dearfoams Unisex Kinder Family Collection Kids &amp; Toddler Bear Plaid Clog Slipper - Markt-XXL\" \/>\n<meta property=\"og:description\" content=\"Markt-XXL Dearfoams Unisex Kinder Family Collection Kids &amp; Toddler Bear Plaid Clog Slipper\" \/>\n<meta property=\"og:url\" content=\"https:\/\/marktxxl.de\/markt\/produkt\/dearfoams-unisex-kinder-family-collection-kids-toddler-bear-plaid-clog-slipper\/\" \/>\n<meta property=\"og:site_name\" content=\"Markt-XXL\" \/>\n<meta property=\"article:modified_time\" content=\"2023-04-10T23:55:20+00:00\" \/>\n<meta property=\"og:image\" content=\"https:\/\/m.media-amazon.com\/images\/I\/51xqp9aECxL._SL500_.jpg\" \/>\n\t<meta property=\"og:image:width\" content=\"500\" \/>\n\t<meta property=\"og:image:height\" content=\"500\" \/>\n\t<meta property=\"og:image:type\" content=\"image\/jpeg\" \/>\n<meta name=\"twitter:card\" content=\"summary_large_image\" \/>\n<meta name=\"twitter:label1\" content=\"Gesch\u00e4tzte Lesezeit\" \/>\n\t<meta name=\"twitter:data1\" content=\"1\u00a0Minute\" \/>\n<script type=\"application\/ld+json\" class=\"yoast-schema-graph\">{\"@context\":\"https:\\\/\\\/schema.org\",\"@graph\":[{\"@type\":\"WebPage\",\"@id\":\"https:\\\/\\\/marktxxl.de\\\/markt\\\/produkt\\\/dearfoams-unisex-kinder-family-collection-kids-toddler-bear-plaid-clog-slipper\\\/\",\"url\":\"https:\\\/\\\/marktxxl.de\\\/markt\\\/produkt\\\/dearfoams-unisex-kinder-family-collection-kids-toddler-bear-plaid-clog-slipper\\\/\",\"name\":\"Dearfoams Unisex Kinder Family Collection Kids &amp; Toddler Bear Plaid Clog Slipper - Markt-XXL\",\"isPartOf\":{\"@id\":\"https:\\\/\\\/marktxxl.de\\\/markt\\\/#website\"},\"primaryImageOfPage\":{\"@id\":\"https:\\\/\\\/marktxxl.de\\\/markt\\\/produkt\\\/dearfoams-unisex-kinder-family-collection-kids-toddler-bear-plaid-clog-slipper\\\/#primaryimage\"},\"image\":{\"@id\":\"https:\\\/\\\/marktxxl.de\\\/markt\\\/produkt\\\/dearfoams-unisex-kinder-family-collection-kids-toddler-bear-plaid-clog-slipper\\\/#primaryimage\"},\"thumbnailUrl\":\"https:\\\/\\\/m.media-amazon.com\\\/images\\\/I\\\/51xqp9aECxL._SL500_.jpg\",\"datePublished\":\"2021-09-13T22:19:11+00:00\",\"dateModified\":\"2023-04-10T23:55:20+00:00\",\"description\":\"Markt-XXL Dearfoams Unisex Kinder Family Collection Kids &amp; Toddler Bear Plaid Clog Slipper\",\"breadcrumb\":{\"@id\":\"https:\\\/\\\/marktxxl.de\\\/markt\\\/produkt\\\/dearfoams-unisex-kinder-family-collection-kids-toddler-bear-plaid-clog-slipper\\\/#breadcrumb\"},\"inLanguage\":\"de\",\"potentialAction\":[{\"@type\":\"ReadAction\",\"target\":[\"https:\\\/\\\/marktxxl.de\\\/markt\\\/produkt\\\/dearfoams-unisex-kinder-family-collection-kids-toddler-bear-plaid-clog-slipper\\\/\"]}]},{\"@type\":\"ImageObject\",\"inLanguage\":\"de\",\"@id\":\"https:\\\/\\\/marktxxl.de\\\/markt\\\/produkt\\\/dearfoams-unisex-kinder-family-collection-kids-toddler-bear-plaid-clog-slipper\\\/#primaryimage\",\"url\":\"https:\\\/\\\/m.media-amazon.com\\\/images\\\/I\\\/51xqp9aECxL._SL500_.jpg\",\"contentUrl\":\"https:\\\/\\\/m.media-amazon.com\\\/images\\\/I\\\/51xqp9aECxL._SL500_.jpg\",\"width\":500,\"height\":500},{\"@type\":\"BreadcrumbList\",\"@id\":\"https:\\\/\\\/marktxxl.de\\\/markt\\\/produkt\\\/dearfoams-unisex-kinder-family-collection-kids-toddler-bear-plaid-clog-slipper\\\/#breadcrumb\",\"itemListElement\":[{\"@type\":\"ListItem\",\"position\":1,\"name\":\"Startseite\",\"item\":\"https:\\\/\\\/marktxxl.de\\\/markt\\\/\"},{\"@type\":\"ListItem\",\"position\":2,\"name\":\"Markt\",\"item\":\"https:\\\/\\\/marktxxl.de\\\/markt\\\/\"},{\"@type\":\"ListItem\",\"position\":3,\"name\":\"Dearfoams Unisex Kinder Family Collection Kids &amp; Toddler Bear Plaid Clog Slipper\"}]},{\"@type\":\"WebSite\",\"@id\":\"https:\\\/\\\/marktxxl.de\\\/markt\\\/#website\",\"url\":\"https:\\\/\\\/marktxxl.de\\\/markt\\\/\",\"name\":\"Markt-XXL\",\"description\":\"Ihr Markt Online\",\"publisher\":{\"@id\":\"https:\\\/\\\/marktxxl.de\\\/markt\\\/#organization\"},\"potentialAction\":[{\"@type\":\"SearchAction\",\"target\":{\"@type\":\"EntryPoint\",\"urlTemplate\":\"https:\\\/\\\/marktxxl.de\\\/markt\\\/?s={search_term_string}\"},\"query-input\":{\"@type\":\"PropertyValueSpecification\",\"valueRequired\":true,\"valueName\":\"search_term_string\"}}],\"inLanguage\":\"de\"},{\"@type\":\"Organization\",\"@id\":\"https:\\\/\\\/marktxxl.de\\\/markt\\\/#organization\",\"name\":\"Markt-XXL\",\"url\":\"https:\\\/\\\/marktxxl.de\\\/markt\\\/\",\"logo\":{\"@type\":\"ImageObject\",\"inLanguage\":\"de\",\"@id\":\"https:\\\/\\\/marktxxl.de\\\/markt\\\/#\\\/schema\\\/logo\\\/image\\\/\",\"url\":\"https:\\\/\\\/marktxxl.de\\\/markt\\\/wp-content\\\/uploads\\\/sites\\\/3\\\/2020\\\/12\\\/logo.png\",\"contentUrl\":\"https:\\\/\\\/marktxxl.de\\\/markt\\\/wp-content\\\/uploads\\\/sites\\\/3\\\/2020\\\/12\\\/logo.png\",\"width\":200,\"height\":70,\"caption\":\"Markt-XXL\"},\"image\":{\"@id\":\"https:\\\/\\\/marktxxl.de\\\/markt\\\/#\\\/schema\\\/logo\\\/image\\\/\"}}]}<\/script>\n<!-- \/ Yoast SEO plugin. -->","yoast_head_json":{"title":"Dearfoams Unisex Kinder Family Collection Kids &amp; Toddler Bear Plaid Clog Slipper - Markt-XXL","description":"Markt-XXL Dearfoams Unisex Kinder Family Collection Kids &amp; Toddler Bear Plaid Clog Slipper","robots":{"index":"index","follow":"follow","max-snippet":"max-snippet:-1","max-image-preview":"max-image-preview:large","max-video-preview":"max-video-preview:-1"},"canonical":"https:\/\/marktxxl.de\/markt\/produkt\/dearfoams-unisex-kinder-family-collection-kids-toddler-bear-plaid-clog-slipper\/","og_locale":"de_DE","og_type":"article","og_title":"Dearfoams Unisex Kinder Family Collection Kids &amp; Toddler Bear Plaid Clog Slipper - Markt-XXL","og_description":"Markt-XXL Dearfoams Unisex Kinder Family Collection Kids &amp; Toddler Bear Plaid Clog Slipper","og_url":"https:\/\/marktxxl.de\/markt\/produkt\/dearfoams-unisex-kinder-family-collection-kids-toddler-bear-plaid-clog-slipper\/","og_site_name":"Markt-XXL","article_modified_time":"2023-04-10T23:55:20+00:00","og_image":[{"width":500,"height":500,"url":"https:\/\/m.media-amazon.com\/images\/I\/51xqp9aECxL._SL500_.jpg","type":"image\/jpeg"}],"twitter_card":"summary_large_image","twitter_misc":{"Gesch\u00e4tzte Lesezeit":"1\u00a0Minute"},"schema":{"@context":"https:\/\/schema.org","@graph":[{"@type":"WebPage","@id":"https:\/\/marktxxl.de\/markt\/produkt\/dearfoams-unisex-kinder-family-collection-kids-toddler-bear-plaid-clog-slipper\/","url":"https:\/\/marktxxl.de\/markt\/produkt\/dearfoams-unisex-kinder-family-collection-kids-toddler-bear-plaid-clog-slipper\/","name":"Dearfoams Unisex Kinder Family Collection Kids &amp; Toddler Bear Plaid Clog Slipper - Markt-XXL","isPartOf":{"@id":"https:\/\/marktxxl.de\/markt\/#website"},"primaryImageOfPage":{"@id":"https:\/\/marktxxl.de\/markt\/produkt\/dearfoams-unisex-kinder-family-collection-kids-toddler-bear-plaid-clog-slipper\/#primaryimage"},"image":{"@id":"https:\/\/marktxxl.de\/markt\/produkt\/dearfoams-unisex-kinder-family-collection-kids-toddler-bear-plaid-clog-slipper\/#primaryimage"},"thumbnailUrl":"https:\/\/m.media-amazon.com\/images\/I\/51xqp9aECxL._SL500_.jpg","datePublished":"2021-09-13T22:19:11+00:00","dateModified":"2023-04-10T23:55:20+00:00","description":"Markt-XXL Dearfoams Unisex Kinder Family Collection Kids &amp; Toddler Bear Plaid Clog Slipper","breadcrumb":{"@id":"https:\/\/marktxxl.de\/markt\/produkt\/dearfoams-unisex-kinder-family-collection-kids-toddler-bear-plaid-clog-slipper\/#breadcrumb"},"inLanguage":"de","potentialAction":[{"@type":"ReadAction","target":["https:\/\/marktxxl.de\/markt\/produkt\/dearfoams-unisex-kinder-family-collection-kids-toddler-bear-plaid-clog-slipper\/"]}]},{"@type":"ImageObject","inLanguage":"de","@id":"https:\/\/marktxxl.de\/markt\/produkt\/dearfoams-unisex-kinder-family-collection-kids-toddler-bear-plaid-clog-slipper\/#primaryimage","url":"https:\/\/m.media-amazon.com\/images\/I\/51xqp9aECxL._SL500_.jpg","contentUrl":"https:\/\/m.media-amazon.com\/images\/I\/51xqp9aECxL._SL500_.jpg","width":500,"height":500},{"@type":"BreadcrumbList","@id":"https:\/\/marktxxl.de\/markt\/produkt\/dearfoams-unisex-kinder-family-collection-kids-toddler-bear-plaid-clog-slipper\/#breadcrumb","itemListElement":[{"@type":"ListItem","position":1,"name":"Startseite","item":"https:\/\/marktxxl.de\/markt\/"},{"@type":"ListItem","position":2,"name":"Markt","item":"https:\/\/marktxxl.de\/markt\/"},{"@type":"ListItem","position":3,"name":"Dearfoams Unisex Kinder Family Collection Kids &amp; Toddler Bear Plaid Clog Slipper"}]},{"@type":"WebSite","@id":"https:\/\/marktxxl.de\/markt\/#website","url":"https:\/\/marktxxl.de\/markt\/","name":"Markt-XXL","description":"Ihr Markt Online","publisher":{"@id":"https:\/\/marktxxl.de\/markt\/#organization"},"potentialAction":[{"@type":"SearchAction","target":{"@type":"EntryPoint","urlTemplate":"https:\/\/marktxxl.de\/markt\/?s={search_term_string}"},"query-input":{"@type":"PropertyValueSpecification","valueRequired":true,"valueName":"search_term_string"}}],"inLanguage":"de"},{"@type":"Organization","@id":"https:\/\/marktxxl.de\/markt\/#organization","name":"Markt-XXL","url":"https:\/\/marktxxl.de\/markt\/","logo":{"@type":"ImageObject","inLanguage":"de","@id":"https:\/\/marktxxl.de\/markt\/#\/schema\/logo\/image\/","url":"https:\/\/marktxxl.de\/markt\/wp-content\/uploads\/sites\/3\/2020\/12\/logo.png","contentUrl":"https:\/\/marktxxl.de\/markt\/wp-content\/uploads\/sites\/3\/2020\/12\/logo.png","width":200,"height":70,"caption":"Markt-XXL"},"image":{"@id":"https:\/\/marktxxl.de\/markt\/#\/schema\/logo\/image\/"}}]}},"_links":{"self":[{"href":"https:\/\/marktxxl.de\/markt\/wp-json\/wp\/v2\/product\/39153","targetHints":{"allow":["GET"]}}],"collection":[{"href":"https:\/\/marktxxl.de\/markt\/wp-json\/wp\/v2\/product"}],"about":[{"href":"https:\/\/marktxxl.de\/markt\/wp-json\/wp\/v2\/types\/product"}],"replies":[{"embeddable":true,"href":"https:\/\/marktxxl.de\/markt\/wp-json\/wp\/v2\/comments?post=39153"}],"wp:featuredmedia":[{"embeddable":true,"href":"https:\/\/marktxxl.de\/markt\/wp-json\/wp\/v2\/media\/39160"}],"wp:attachment":[{"href":"https:\/\/marktxxl.de\/markt\/wp-json\/wp\/v2\/media?parent=39153"}],"wp:term":[{"taxonomy":"product_brand","embeddable":true,"href":"https:\/\/marktxxl.de\/markt\/wp-json\/wp\/v2\/product_brand?post=39153"},{"taxonomy":"product_cat","embeddable":true,"href":"https:\/\/marktxxl.de\/markt\/wp-json\/wp\/v2\/product_cat?post=39153"},{"taxonomy":"product_tag","embeddable":true,"href":"https:\/\/marktxxl.de\/markt\/wp-json\/wp\/v2\/product_tag?post=39153"}],"curies":[{"name":"wp","href":"https:\/\/api.w.org\/{rel}","templated":true}]}}