{"id":38886,"date":"2021-09-13T23:03:45","date_gmt":"2021-09-13T21:03:45","guid":{"rendered":"https:\/\/marktxxl.de\/markt\/produkt\/le-deckenlampe-24w-led-deckenleuchte-ip54-wasserfest-6000k-2200lm-badezimmer-lampe-rund-badlampe-decke-ideal-fuer-bad-schlafzimmer-flur-kueche-wohnzimmer-balkon-kaltweiss-o26-5cm\/"},"modified":"2023-04-11T01:55:17","modified_gmt":"2023-04-10T23:55:17","slug":"le-deckenlampe-24w-led-deckenleuchte-ip54-wasserfest-6000k-2200lm-badezimmer-lampe-rund-badlampe-decke-ideal-fuer-bad-schlafzimmer-flur-kueche-wohnzimmer-balkon-kaltweiss-o26-5cm","status":"publish","type":"product","link":"https:\/\/marktxxl.de\/markt\/produkt\/le-deckenlampe-24w-led-deckenleuchte-ip54-wasserfest-6000k-2200lm-badezimmer-lampe-rund-badlampe-decke-ideal-fuer-bad-schlafzimmer-flur-kueche-wohnzimmer-balkon-kaltweiss-o26-5cm\/","title":{"rendered":"LE Deckenlampe 24W, LED Deckenleuchte IP54 Wasserfest, 6000K 2200LM Badezimmer Lampe, Rund Badlampe Decke, ideal f\u00fcr Bad\u2026"},"content":{"rendered":"<p>Super hell &amp; Energie Sparen: 2200lm Super hell und gleichm\u00e4\u00dfiges Licht, und der milchige Lampenschirm aus Kunststoff sch\u00fctzt Ihre Augen vor grelles Licht und Blendlicht. Sie k\u00f6nnen die Lampe in einem Raum von etwa 12 bis 20m\u00b2 befestigen. Ersetzt Sie zwei 100W Gl\u00fchlampe mit dieser 24W LED Deckenleuchte und spart mehr als 88% an Stromkosten.<br \/>\nEnergie Sparen: Ersetzt Sie zwei 100W Gl\u00fchlampe mit dieser 24W LED Deckenleuchte und spart mehr als 88% an Stromkosten. Sie k\u00f6nnen die Lampe in einem Raum von etwa 12 bis 20m\u00b2 befestigen.<br \/>\nEinfache Installation: Mit dem Zierring, Schnallen Design und mitgelieferte Schrauben, einfach zu installieren. Den Zierring von der Lampe (2 Schnallen an den Seiten) entfernen, Eine Schnalle von beiden Seiten (Nicht 2 Schnallen gleichzeitig ziehen) w\u00e4hlen, Zierring nach au\u00dfen ziehen. Dann den Zierring nach unten ziehen, nachdem eine L\u00fccke entstanden ist. Der Zierring l\u00e4sst sich leicht von der Lampe entfernen.<br \/>\nWasserdichten &amp; Breite Anwendung: Mit dem Wasserdichten Index IP54 Zertifikat ist, fachgerecht installiert, eine bedenkenlose Nutzung im Badezimmer m\u00f6glich. Es kann drinnen oder drau\u00dfen verwendet werden, beispielsweise im Badezimmer, WC, K\u00fcche, Garderobe, Nasszelle, Hauswirtschaftsraum, Garage, Keller, Flur, Wohnzimmer, Terrasse, Balkon und so weiter.<br \/>\nhaltbarer &amp; sicherere Schale: Das Kunststoffgeh\u00e4use aus hochwertigem Klasse A PC hat eine bessere Lichtdurchl\u00e4ssigkeit und Intensit\u00e4t als andere Deckenlampen, es ist sto\u00df, vibrationsfest und isoliertund.<br \/>\n<div class=\"main-cross-sell\" data-asin=\"B07NMJ24FS\">\n\n\t<div class=\"WooZone-cross-sell-loader\">\n\t\t<div>\n\t\t\t<div id=\"floatingBarsG\">\n\t\t\t\t<div class=\"blockG\" id=\"rotateG_01\"><\/div>\n\t\t\t\t<div class=\"blockG\" id=\"rotateG_02\"><\/div>\n\t\t\t\t<div class=\"blockG\" id=\"rotateG_03\"><\/div>\n\t\t\t\t<div class=\"blockG\" id=\"rotateG_04\"><\/div>\n\t\t\t\t<div class=\"blockG\" id=\"rotateG_05\"><\/div>\n\t\t\t\t<div class=\"blockG\" id=\"rotateG_06\"><\/div>\n\t\t\t\t<div class=\"blockG\" id=\"rotateG_07\"><\/div>\n\t\t\t\t<div class=\"blockG\" id=\"rotateG_08\"><\/div>\n\t\t\t<\/div>\n\t\t\t<div class=\"WooZone-cross-sell-loader-text\"><\/div>\n\t\t<\/div>\n\t<\/div>\n\n\t\t\n<\/div>\n<div style=\"clear:both;\"><\/div><\/p>\n","protected":false},"excerpt":{"rendered":"<p>Super hell &amp; Energie Sparen: 2200lm Super hell und gleichm\u00e4\u00dfiges Licht, und der milchige Lampenschirm aus Kunststoff sch\u00fctzt Ihre Augen vor grelles Licht und Blendlicht. Sie k\u00f6nnen die Lampe in einem Raum von etwa 12 bis 20m\u00b2 befestigen. Ersetzt Sie zwei 100W Gl\u00fchlampe mit dieser 24W LED Deckenleuchte und spart mehr als 88% an Stromkosten.<br \/>\nEnergie Sparen: Ersetzt Sie zwei 100W Gl\u00fchlampe mit dieser 24W LED Deckenleuchte und spart mehr als 88% an Stromkosten. Sie k\u00f6nnen die Lampe in einem Raum von etwa 12 bis 20m\u00b2 befestigen.<br \/>\nEinfache Installation: Mit dem Zierring, Schnallen Design und mitgelieferte Schrauben, einfach zu installieren. Den Zierring von der Lampe (2 Schnallen an den Seiten) entfernen, Eine Schnalle von beiden Seiten (Nicht 2 Schnallen gleichzeitig ziehen) w\u00e4hlen, Zierring nach au\u00dfen ziehen. Dann den Zierring nach unten ziehen, nachdem eine L\u00fccke entstanden ist. Der Zierring l\u00e4sst sich leicht von der Lampe entfernen.<\/p>\n","protected":false},"featured_media":38887,"comment_status":"open","ping_status":"closed","template":"","meta":[],"product_brand":[],"product_cat":[11474,2108],"product_tag":[],"class_list":{"0":"post-38886","1":"product","2":"type-product","3":"status-publish","4":"has-post-thumbnail","6":"product_cat-bad-beleuchtung","7":"product_cat-beleuchtung","8":"pa_binding-haushaltswaren","9":"pa_brand-le","10":"pa_color-kaltweiss","11":"pa_height-1-9685-zoll","12":"pa_length-10-43305-zoll","13":"pa_manufacturer-le","14":"pa_model-1500048-dw","15":"pa_warranty-2-jahre-garantie","16":"pa_weight-1-322773572-pfund","17":"pa_width-10-43305-zoll","19":"first","20":"instock","21":"shipping-taxable","22":"purchasable","23":"product-type-simple","24":"customify-col","25":"product-has-gallery"},"yoast_head":"<!-- This site is optimized with the Yoast SEO plugin v27.4 - https:\/\/yoast.com\/product\/yoast-seo-wordpress\/ -->\n<title>LE Deckenlampe 24W, LED Deckenleuchte IP54 Wasserfest, 6000K 2200LM Badezimmer Lampe, Rund Badlampe Decke, ideal f\u00fcr Bad\u2026 - Markt-XXL<\/title>\n<meta name=\"description\" content=\"Markt-XXL LE Deckenlampe 24W, LED Deckenleuchte IP54 Wasserfest, 6000K 2200LM Badezimmer Lampe, Rund Badlampe Decke, ideal f\u00fcr Bad\u2026\" \/>\n<meta name=\"robots\" content=\"index, follow, max-snippet:-1, max-image-preview:large, max-video-preview:-1\" \/>\n<link rel=\"canonical\" href=\"https:\/\/marktxxl.de\/markt\/produkt\/le-deckenlampe-24w-led-deckenleuchte-ip54-wasserfest-6000k-2200lm-badezimmer-lampe-rund-badlampe-decke-ideal-fuer-bad-schlafzimmer-flur-kueche-wohnzimmer-balkon-kaltweiss-o26-5cm\/\" \/>\n<meta property=\"og:locale\" content=\"de_DE\" \/>\n<meta property=\"og:type\" content=\"article\" \/>\n<meta property=\"og:title\" content=\"LE Deckenlampe 24W, LED Deckenleuchte IP54 Wasserfest, 6000K 2200LM Badezimmer Lampe, Rund Badlampe Decke, ideal f\u00fcr Bad\u2026 - Markt-XXL\" \/>\n<meta property=\"og:description\" content=\"Markt-XXL LE Deckenlampe 24W, LED Deckenleuchte IP54 Wasserfest, 6000K 2200LM Badezimmer Lampe, Rund Badlampe Decke, ideal f\u00fcr Bad\u2026\" \/>\n<meta property=\"og:url\" content=\"https:\/\/marktxxl.de\/markt\/produkt\/le-deckenlampe-24w-led-deckenleuchte-ip54-wasserfest-6000k-2200lm-badezimmer-lampe-rund-badlampe-decke-ideal-fuer-bad-schlafzimmer-flur-kueche-wohnzimmer-balkon-kaltweiss-o26-5cm\/\" \/>\n<meta property=\"og:site_name\" content=\"Markt-XXL\" \/>\n<meta property=\"article:modified_time\" content=\"2023-04-10T23:55:17+00:00\" \/>\n<meta property=\"og:image\" content=\"https:\/\/m.media-amazon.com\/images\/I\/21NMz5mDlVS._SL500_.jpg\" \/>\n\t<meta property=\"og:image:width\" content=\"500\" \/>\n\t<meta property=\"og:image:height\" content=\"500\" \/>\n\t<meta property=\"og:image:type\" content=\"image\/jpeg\" \/>\n<meta name=\"twitter:card\" content=\"summary_large_image\" \/>\n<meta name=\"twitter:label1\" content=\"Gesch\u00e4tzte Lesezeit\" \/>\n\t<meta name=\"twitter:data1\" content=\"1\u00a0Minute\" \/>\n<script type=\"application\/ld+json\" class=\"yoast-schema-graph\">{\"@context\":\"https:\\\/\\\/schema.org\",\"@graph\":[{\"@type\":\"WebPage\",\"@id\":\"https:\\\/\\\/marktxxl.de\\\/markt\\\/produkt\\\/le-deckenlampe-24w-led-deckenleuchte-ip54-wasserfest-6000k-2200lm-badezimmer-lampe-rund-badlampe-decke-ideal-fuer-bad-schlafzimmer-flur-kueche-wohnzimmer-balkon-kaltweiss-o26-5cm\\\/\",\"url\":\"https:\\\/\\\/marktxxl.de\\\/markt\\\/produkt\\\/le-deckenlampe-24w-led-deckenleuchte-ip54-wasserfest-6000k-2200lm-badezimmer-lampe-rund-badlampe-decke-ideal-fuer-bad-schlafzimmer-flur-kueche-wohnzimmer-balkon-kaltweiss-o26-5cm\\\/\",\"name\":\"LE Deckenlampe 24W, LED Deckenleuchte IP54 Wasserfest, 6000K 2200LM Badezimmer Lampe, Rund Badlampe Decke, ideal f\u00fcr Bad\u2026 - Markt-XXL\",\"isPartOf\":{\"@id\":\"https:\\\/\\\/marktxxl.de\\\/markt\\\/#website\"},\"primaryImageOfPage\":{\"@id\":\"https:\\\/\\\/marktxxl.de\\\/markt\\\/produkt\\\/le-deckenlampe-24w-led-deckenleuchte-ip54-wasserfest-6000k-2200lm-badezimmer-lampe-rund-badlampe-decke-ideal-fuer-bad-schlafzimmer-flur-kueche-wohnzimmer-balkon-kaltweiss-o26-5cm\\\/#primaryimage\"},\"image\":{\"@id\":\"https:\\\/\\\/marktxxl.de\\\/markt\\\/produkt\\\/le-deckenlampe-24w-led-deckenleuchte-ip54-wasserfest-6000k-2200lm-badezimmer-lampe-rund-badlampe-decke-ideal-fuer-bad-schlafzimmer-flur-kueche-wohnzimmer-balkon-kaltweiss-o26-5cm\\\/#primaryimage\"},\"thumbnailUrl\":\"https:\\\/\\\/m.media-amazon.com\\\/images\\\/I\\\/21NMz5mDlVS._SL500_.jpg\",\"datePublished\":\"2021-09-13T21:03:45+00:00\",\"dateModified\":\"2023-04-10T23:55:17+00:00\",\"description\":\"Markt-XXL LE Deckenlampe 24W, LED Deckenleuchte IP54 Wasserfest, 6000K 2200LM Badezimmer Lampe, Rund Badlampe Decke, ideal f\u00fcr Bad\u2026\",\"breadcrumb\":{\"@id\":\"https:\\\/\\\/marktxxl.de\\\/markt\\\/produkt\\\/le-deckenlampe-24w-led-deckenleuchte-ip54-wasserfest-6000k-2200lm-badezimmer-lampe-rund-badlampe-decke-ideal-fuer-bad-schlafzimmer-flur-kueche-wohnzimmer-balkon-kaltweiss-o26-5cm\\\/#breadcrumb\"},\"inLanguage\":\"de\",\"potentialAction\":[{\"@type\":\"ReadAction\",\"target\":[\"https:\\\/\\\/marktxxl.de\\\/markt\\\/produkt\\\/le-deckenlampe-24w-led-deckenleuchte-ip54-wasserfest-6000k-2200lm-badezimmer-lampe-rund-badlampe-decke-ideal-fuer-bad-schlafzimmer-flur-kueche-wohnzimmer-balkon-kaltweiss-o26-5cm\\\/\"]}]},{\"@type\":\"ImageObject\",\"inLanguage\":\"de\",\"@id\":\"https:\\\/\\\/marktxxl.de\\\/markt\\\/produkt\\\/le-deckenlampe-24w-led-deckenleuchte-ip54-wasserfest-6000k-2200lm-badezimmer-lampe-rund-badlampe-decke-ideal-fuer-bad-schlafzimmer-flur-kueche-wohnzimmer-balkon-kaltweiss-o26-5cm\\\/#primaryimage\",\"url\":\"https:\\\/\\\/m.media-amazon.com\\\/images\\\/I\\\/21NMz5mDlVS._SL500_.jpg\",\"contentUrl\":\"https:\\\/\\\/m.media-amazon.com\\\/images\\\/I\\\/21NMz5mDlVS._SL500_.jpg\",\"width\":500,\"height\":500},{\"@type\":\"BreadcrumbList\",\"@id\":\"https:\\\/\\\/marktxxl.de\\\/markt\\\/produkt\\\/le-deckenlampe-24w-led-deckenleuchte-ip54-wasserfest-6000k-2200lm-badezimmer-lampe-rund-badlampe-decke-ideal-fuer-bad-schlafzimmer-flur-kueche-wohnzimmer-balkon-kaltweiss-o26-5cm\\\/#breadcrumb\",\"itemListElement\":[{\"@type\":\"ListItem\",\"position\":1,\"name\":\"Startseite\",\"item\":\"https:\\\/\\\/marktxxl.de\\\/markt\\\/\"},{\"@type\":\"ListItem\",\"position\":2,\"name\":\"Markt\",\"item\":\"https:\\\/\\\/marktxxl.de\\\/markt\\\/\"},{\"@type\":\"ListItem\",\"position\":3,\"name\":\"LE Deckenlampe 24W, LED Deckenleuchte IP54 Wasserfest, 6000K 2200LM Badezimmer Lampe, Rund Badlampe Decke, ideal f\u00fcr Bad\u2026\"}]},{\"@type\":\"WebSite\",\"@id\":\"https:\\\/\\\/marktxxl.de\\\/markt\\\/#website\",\"url\":\"https:\\\/\\\/marktxxl.de\\\/markt\\\/\",\"name\":\"Markt-XXL\",\"description\":\"Ihr Markt Online\",\"publisher\":{\"@id\":\"https:\\\/\\\/marktxxl.de\\\/markt\\\/#organization\"},\"potentialAction\":[{\"@type\":\"SearchAction\",\"target\":{\"@type\":\"EntryPoint\",\"urlTemplate\":\"https:\\\/\\\/marktxxl.de\\\/markt\\\/?s={search_term_string}\"},\"query-input\":{\"@type\":\"PropertyValueSpecification\",\"valueRequired\":true,\"valueName\":\"search_term_string\"}}],\"inLanguage\":\"de\"},{\"@type\":\"Organization\",\"@id\":\"https:\\\/\\\/marktxxl.de\\\/markt\\\/#organization\",\"name\":\"Markt-XXL\",\"url\":\"https:\\\/\\\/marktxxl.de\\\/markt\\\/\",\"logo\":{\"@type\":\"ImageObject\",\"inLanguage\":\"de\",\"@id\":\"https:\\\/\\\/marktxxl.de\\\/markt\\\/#\\\/schema\\\/logo\\\/image\\\/\",\"url\":\"https:\\\/\\\/marktxxl.de\\\/markt\\\/wp-content\\\/uploads\\\/sites\\\/3\\\/2020\\\/12\\\/logo.png\",\"contentUrl\":\"https:\\\/\\\/marktxxl.de\\\/markt\\\/wp-content\\\/uploads\\\/sites\\\/3\\\/2020\\\/12\\\/logo.png\",\"width\":200,\"height\":70,\"caption\":\"Markt-XXL\"},\"image\":{\"@id\":\"https:\\\/\\\/marktxxl.de\\\/markt\\\/#\\\/schema\\\/logo\\\/image\\\/\"}}]}<\/script>\n<!-- \/ Yoast SEO plugin. -->","yoast_head_json":{"title":"LE Deckenlampe 24W, LED Deckenleuchte IP54 Wasserfest, 6000K 2200LM Badezimmer Lampe, Rund Badlampe Decke, ideal f\u00fcr Bad\u2026 - Markt-XXL","description":"Markt-XXL LE Deckenlampe 24W, LED Deckenleuchte IP54 Wasserfest, 6000K 2200LM Badezimmer Lampe, Rund Badlampe Decke, ideal f\u00fcr Bad\u2026","robots":{"index":"index","follow":"follow","max-snippet":"max-snippet:-1","max-image-preview":"max-image-preview:large","max-video-preview":"max-video-preview:-1"},"canonical":"https:\/\/marktxxl.de\/markt\/produkt\/le-deckenlampe-24w-led-deckenleuchte-ip54-wasserfest-6000k-2200lm-badezimmer-lampe-rund-badlampe-decke-ideal-fuer-bad-schlafzimmer-flur-kueche-wohnzimmer-balkon-kaltweiss-o26-5cm\/","og_locale":"de_DE","og_type":"article","og_title":"LE Deckenlampe 24W, LED Deckenleuchte IP54 Wasserfest, 6000K 2200LM Badezimmer Lampe, Rund Badlampe Decke, ideal f\u00fcr Bad\u2026 - Markt-XXL","og_description":"Markt-XXL LE Deckenlampe 24W, LED Deckenleuchte IP54 Wasserfest, 6000K 2200LM Badezimmer Lampe, Rund Badlampe Decke, ideal f\u00fcr Bad\u2026","og_url":"https:\/\/marktxxl.de\/markt\/produkt\/le-deckenlampe-24w-led-deckenleuchte-ip54-wasserfest-6000k-2200lm-badezimmer-lampe-rund-badlampe-decke-ideal-fuer-bad-schlafzimmer-flur-kueche-wohnzimmer-balkon-kaltweiss-o26-5cm\/","og_site_name":"Markt-XXL","article_modified_time":"2023-04-10T23:55:17+00:00","og_image":[{"width":500,"height":500,"url":"https:\/\/m.media-amazon.com\/images\/I\/21NMz5mDlVS._SL500_.jpg","type":"image\/jpeg"}],"twitter_card":"summary_large_image","twitter_misc":{"Gesch\u00e4tzte Lesezeit":"1\u00a0Minute"},"schema":{"@context":"https:\/\/schema.org","@graph":[{"@type":"WebPage","@id":"https:\/\/marktxxl.de\/markt\/produkt\/le-deckenlampe-24w-led-deckenleuchte-ip54-wasserfest-6000k-2200lm-badezimmer-lampe-rund-badlampe-decke-ideal-fuer-bad-schlafzimmer-flur-kueche-wohnzimmer-balkon-kaltweiss-o26-5cm\/","url":"https:\/\/marktxxl.de\/markt\/produkt\/le-deckenlampe-24w-led-deckenleuchte-ip54-wasserfest-6000k-2200lm-badezimmer-lampe-rund-badlampe-decke-ideal-fuer-bad-schlafzimmer-flur-kueche-wohnzimmer-balkon-kaltweiss-o26-5cm\/","name":"LE Deckenlampe 24W, LED Deckenleuchte IP54 Wasserfest, 6000K 2200LM Badezimmer Lampe, Rund Badlampe Decke, ideal f\u00fcr Bad\u2026 - Markt-XXL","isPartOf":{"@id":"https:\/\/marktxxl.de\/markt\/#website"},"primaryImageOfPage":{"@id":"https:\/\/marktxxl.de\/markt\/produkt\/le-deckenlampe-24w-led-deckenleuchte-ip54-wasserfest-6000k-2200lm-badezimmer-lampe-rund-badlampe-decke-ideal-fuer-bad-schlafzimmer-flur-kueche-wohnzimmer-balkon-kaltweiss-o26-5cm\/#primaryimage"},"image":{"@id":"https:\/\/marktxxl.de\/markt\/produkt\/le-deckenlampe-24w-led-deckenleuchte-ip54-wasserfest-6000k-2200lm-badezimmer-lampe-rund-badlampe-decke-ideal-fuer-bad-schlafzimmer-flur-kueche-wohnzimmer-balkon-kaltweiss-o26-5cm\/#primaryimage"},"thumbnailUrl":"https:\/\/m.media-amazon.com\/images\/I\/21NMz5mDlVS._SL500_.jpg","datePublished":"2021-09-13T21:03:45+00:00","dateModified":"2023-04-10T23:55:17+00:00","description":"Markt-XXL LE Deckenlampe 24W, LED Deckenleuchte IP54 Wasserfest, 6000K 2200LM Badezimmer Lampe, Rund Badlampe Decke, ideal f\u00fcr Bad\u2026","breadcrumb":{"@id":"https:\/\/marktxxl.de\/markt\/produkt\/le-deckenlampe-24w-led-deckenleuchte-ip54-wasserfest-6000k-2200lm-badezimmer-lampe-rund-badlampe-decke-ideal-fuer-bad-schlafzimmer-flur-kueche-wohnzimmer-balkon-kaltweiss-o26-5cm\/#breadcrumb"},"inLanguage":"de","potentialAction":[{"@type":"ReadAction","target":["https:\/\/marktxxl.de\/markt\/produkt\/le-deckenlampe-24w-led-deckenleuchte-ip54-wasserfest-6000k-2200lm-badezimmer-lampe-rund-badlampe-decke-ideal-fuer-bad-schlafzimmer-flur-kueche-wohnzimmer-balkon-kaltweiss-o26-5cm\/"]}]},{"@type":"ImageObject","inLanguage":"de","@id":"https:\/\/marktxxl.de\/markt\/produkt\/le-deckenlampe-24w-led-deckenleuchte-ip54-wasserfest-6000k-2200lm-badezimmer-lampe-rund-badlampe-decke-ideal-fuer-bad-schlafzimmer-flur-kueche-wohnzimmer-balkon-kaltweiss-o26-5cm\/#primaryimage","url":"https:\/\/m.media-amazon.com\/images\/I\/21NMz5mDlVS._SL500_.jpg","contentUrl":"https:\/\/m.media-amazon.com\/images\/I\/21NMz5mDlVS._SL500_.jpg","width":500,"height":500},{"@type":"BreadcrumbList","@id":"https:\/\/marktxxl.de\/markt\/produkt\/le-deckenlampe-24w-led-deckenleuchte-ip54-wasserfest-6000k-2200lm-badezimmer-lampe-rund-badlampe-decke-ideal-fuer-bad-schlafzimmer-flur-kueche-wohnzimmer-balkon-kaltweiss-o26-5cm\/#breadcrumb","itemListElement":[{"@type":"ListItem","position":1,"name":"Startseite","item":"https:\/\/marktxxl.de\/markt\/"},{"@type":"ListItem","position":2,"name":"Markt","item":"https:\/\/marktxxl.de\/markt\/"},{"@type":"ListItem","position":3,"name":"LE Deckenlampe 24W, LED Deckenleuchte IP54 Wasserfest, 6000K 2200LM Badezimmer Lampe, Rund Badlampe Decke, ideal f\u00fcr Bad\u2026"}]},{"@type":"WebSite","@id":"https:\/\/marktxxl.de\/markt\/#website","url":"https:\/\/marktxxl.de\/markt\/","name":"Markt-XXL","description":"Ihr Markt Online","publisher":{"@id":"https:\/\/marktxxl.de\/markt\/#organization"},"potentialAction":[{"@type":"SearchAction","target":{"@type":"EntryPoint","urlTemplate":"https:\/\/marktxxl.de\/markt\/?s={search_term_string}"},"query-input":{"@type":"PropertyValueSpecification","valueRequired":true,"valueName":"search_term_string"}}],"inLanguage":"de"},{"@type":"Organization","@id":"https:\/\/marktxxl.de\/markt\/#organization","name":"Markt-XXL","url":"https:\/\/marktxxl.de\/markt\/","logo":{"@type":"ImageObject","inLanguage":"de","@id":"https:\/\/marktxxl.de\/markt\/#\/schema\/logo\/image\/","url":"https:\/\/marktxxl.de\/markt\/wp-content\/uploads\/sites\/3\/2020\/12\/logo.png","contentUrl":"https:\/\/marktxxl.de\/markt\/wp-content\/uploads\/sites\/3\/2020\/12\/logo.png","width":200,"height":70,"caption":"Markt-XXL"},"image":{"@id":"https:\/\/marktxxl.de\/markt\/#\/schema\/logo\/image\/"}}]}},"_links":{"self":[{"href":"https:\/\/marktxxl.de\/markt\/wp-json\/wp\/v2\/product\/38886","targetHints":{"allow":["GET"]}}],"collection":[{"href":"https:\/\/marktxxl.de\/markt\/wp-json\/wp\/v2\/product"}],"about":[{"href":"https:\/\/marktxxl.de\/markt\/wp-json\/wp\/v2\/types\/product"}],"replies":[{"embeddable":true,"href":"https:\/\/marktxxl.de\/markt\/wp-json\/wp\/v2\/comments?post=38886"}],"wp:featuredmedia":[{"embeddable":true,"href":"https:\/\/marktxxl.de\/markt\/wp-json\/wp\/v2\/media\/38887"}],"wp:attachment":[{"href":"https:\/\/marktxxl.de\/markt\/wp-json\/wp\/v2\/media?parent=38886"}],"wp:term":[{"taxonomy":"product_brand","embeddable":true,"href":"https:\/\/marktxxl.de\/markt\/wp-json\/wp\/v2\/product_brand?post=38886"},{"taxonomy":"product_cat","embeddable":true,"href":"https:\/\/marktxxl.de\/markt\/wp-json\/wp\/v2\/product_cat?post=38886"},{"taxonomy":"product_tag","embeddable":true,"href":"https:\/\/marktxxl.de\/markt\/wp-json\/wp\/v2\/product_tag?post=38886"}],"curies":[{"name":"wp","href":"https:\/\/api.w.org\/{rel}","templated":true}]}}