{"id":38867,"date":"2021-09-13T23:03:42","date_gmt":"2021-09-13T21:03:42","guid":{"rendered":"https:\/\/marktxxl.de\/markt\/produkt\/kimjo-led-spiegelleuchte-9w-40cm-bad-spiegellampe-ip44-fuer-badzimmer-neutralweiss-4000k-900lm-230v-badleuchte-schminklicht-badspiegel-lampe-fuer-badzimmer-und-wandbeleuchtung-spritzwassergeschuetzt\/"},"modified":"2023-04-11T01:55:17","modified_gmt":"2023-04-10T23:55:17","slug":"kimjo-led-spiegelleuchte-9w-40cm-bad-spiegellampe-ip44-fuer-badzimmer-neutralweiss-4000k-900lm-230v-badleuchte-schminklicht-badspiegel-lampe-fuer-badzimmer-und-wandbeleuchtung-spritzwassergeschuetzt","status":"publish","type":"product","link":"https:\/\/marktxxl.de\/markt\/produkt\/kimjo-led-spiegelleuchte-9w-40cm-bad-spiegellampe-ip44-fuer-badzimmer-neutralweiss-4000k-900lm-230v-badleuchte-schminklicht-badspiegel-lampe-fuer-badzimmer-und-wandbeleuchtung-spritzwassergeschuetzt\/","title":{"rendered":"Kimjo LED Spiegelleuchte 9W 40CM, Bad Spiegellampe IP44 f\u00fcr Badzimmer Neutralwei\u00df 4000K 900LM, 230V Badleuchte\u2026"},"content":{"rendered":"<p>\u3010Spiegellampe spritzwassergesch\u00fctzt\u3011Spiegellampe IP44 kann Spritzwasser verhindern, nicht durch Wasserdampf beeintr\u00e4chtigt, aber nicht in Wasser getaucht werden. Kann als Spiegellampen, Wandlampen, Schrankleuchte, Schminklicht, in Badezimmern, Waschbecken, Schr\u00e4nken, Schlafzimmern usw. verwendet werden<br \/>\n\u3010Edelstahlsockel\u3011Der Sockel der spiegellampe Badezimmer besteht aus starkem und haltbarem Edelstahl. Es ist keine externe Stromversorgung erforderlich. Das Licht wird direkt f\u00fcr einen 100-240-V-Stromanschluss verwendet und kann \u00fcber den Hausschalter direkt an die Hausstromversorgung angeschlossen werden.<br \/>\n\u3010Einfach zu installieren\u30111. Bohren Sie mit einer elektrischen Bohrmaschine zwei L\u00f6cher in die Wand und bringen Sie dann die h\u00e4ngende Diele an der Wand an. 2. Schlie\u00dfen Sie das dedizierte Kabel an das Netzkabel an. 3. Befestigen Sie die Lampe mit Schrauben an der Aufh\u00e4ngerplatte. kann vertikal und horizontal montiert werden<br \/>\n\u3010Hochwertige und sichere Materialien\u3011Die LED Spiegelleuchte Badezimmer besteht aus Edelstahl und Acryl. Die \u00e4u\u00dfere Schicht besteht aus Chrom, das die Funktionen Rostschutz und Korrosionsschutz hat. Die L\u00e4nge betr\u00e4gt 40 cm, der Lampenk\u00f6rper ist d\u00fcnn und die W\u00e4rmeableitung ist gut<br \/>\n\u30102 Jahre Garantie\u301130.000 Stunden Lebensdauer, sorgen Sie sich nicht um bedingungslosen Kundendienst, R\u00fcckgabe und Umtausch. Bei Fragen wenden Sie sich bitte an uns. Mit Handb\u00fcchern in Englisch, Deutsch, Italienisch, Franz\u00f6sisch und Spanisch<br \/>\n<div class=\"main-cross-sell\" data-asin=\"B08BLJF5RC\">\n\n\t<div class=\"WooZone-cross-sell-loader\">\n\t\t<div>\n\t\t\t<div id=\"floatingBarsG\">\n\t\t\t\t<div class=\"blockG\" id=\"rotateG_01\"><\/div>\n\t\t\t\t<div class=\"blockG\" id=\"rotateG_02\"><\/div>\n\t\t\t\t<div class=\"blockG\" id=\"rotateG_03\"><\/div>\n\t\t\t\t<div class=\"blockG\" id=\"rotateG_04\"><\/div>\n\t\t\t\t<div class=\"blockG\" id=\"rotateG_05\"><\/div>\n\t\t\t\t<div class=\"blockG\" id=\"rotateG_06\"><\/div>\n\t\t\t\t<div class=\"blockG\" id=\"rotateG_07\"><\/div>\n\t\t\t\t<div class=\"blockG\" id=\"rotateG_08\"><\/div>\n\t\t\t<\/div>\n\t\t\t<div class=\"WooZone-cross-sell-loader-text\"><\/div>\n\t\t<\/div>\n\t<\/div>\n\n\t\t\n<\/div>\n<div style=\"clear:both;\"><\/div><\/p>\n","protected":false},"excerpt":{"rendered":"<p>\u3010Spiegellampe spritzwassergesch\u00fctzt\u3011Spiegellampe IP44 kann Spritzwasser verhindern, nicht durch Wasserdampf beeintr\u00e4chtigt, aber nicht in Wasser getaucht werden. Kann als Spiegellampen, Wandlampen, Schrankleuchte, Schminklicht, in Badezimmern, Waschbecken, Schr\u00e4nken, Schlafzimmern usw. verwendet werden<br \/>\n\u3010Edelstahlsockel\u3011Der Sockel der spiegellampe Badezimmer besteht aus starkem und haltbarem Edelstahl. Es ist keine externe Stromversorgung erforderlich. Das Licht wird direkt f\u00fcr einen 100-240-V-Stromanschluss verwendet und kann \u00fcber den Hausschalter direkt an die Hausstromversorgung angeschlossen werden.<br \/>\n\u3010Einfach zu installieren\u30111. Bohren Sie mit einer elektrischen Bohrmaschine zwei L\u00f6cher in die Wand und bringen Sie dann die h\u00e4ngende Diele an der Wand an. 2. Schlie\u00dfen Sie das dedizierte Kabel an das Netzkabel an. 3. Befestigen Sie die Lampe mit Schrauben an der Aufh\u00e4ngerplatte. kann vertikal und horizontal montiert werden<\/p>\n","protected":false},"featured_media":38868,"comment_status":"open","ping_status":"closed","template":"","meta":[],"product_brand":[],"product_cat":[11474,2108],"product_tag":[],"class_list":{"0":"post-38867","1":"product","2":"type-product","3":"status-publish","4":"has-post-thumbnail","6":"product_cat-bad-beleuchtung","7":"product_cat-beleuchtung","8":"pa_brand-kimjo","9":"pa_color-neutralweiss","10":"pa_height-2-755905509-zoll","11":"pa_length-15-74803148-zoll","12":"pa_manufacturer-kimjo","13":"pa_model-ml002-500p","14":"pa_width-3-149606296-zoll","16":"first","17":"instock","18":"shipping-taxable","19":"purchasable","20":"product-type-simple","21":"customify-col","22":"product-has-gallery"},"yoast_head":"<!-- This site is optimized with the Yoast SEO plugin v27.4 - https:\/\/yoast.com\/product\/yoast-seo-wordpress\/ -->\n<title>Kimjo LED Spiegelleuchte 9W 40CM, Bad Spiegellampe IP44 f\u00fcr Badzimmer Neutralwei\u00df 4000K 900LM, 230V Badleuchte\u2026 - Markt-XXL<\/title>\n<meta name=\"description\" content=\"Markt-XXL Kimjo LED Spiegelleuchte 9W 40CM, Bad Spiegellampe IP44 f\u00fcr Badzimmer Neutralwei\u00df 4000K 900LM, 230V Badleuchte\u2026\" \/>\n<meta name=\"robots\" content=\"index, follow, max-snippet:-1, max-image-preview:large, max-video-preview:-1\" \/>\n<link rel=\"canonical\" href=\"https:\/\/marktxxl.de\/markt\/produkt\/kimjo-led-spiegelleuchte-9w-40cm-bad-spiegellampe-ip44-fuer-badzimmer-neutralweiss-4000k-900lm-230v-badleuchte-schminklicht-badspiegel-lampe-fuer-badzimmer-und-wandbeleuchtung-spritzwassergeschuetzt\/\" \/>\n<meta property=\"og:locale\" content=\"de_DE\" \/>\n<meta property=\"og:type\" content=\"article\" \/>\n<meta property=\"og:title\" content=\"Kimjo LED Spiegelleuchte 9W 40CM, Bad Spiegellampe IP44 f\u00fcr Badzimmer Neutralwei\u00df 4000K 900LM, 230V Badleuchte\u2026 - Markt-XXL\" \/>\n<meta property=\"og:description\" content=\"Markt-XXL Kimjo LED Spiegelleuchte 9W 40CM, Bad Spiegellampe IP44 f\u00fcr Badzimmer Neutralwei\u00df 4000K 900LM, 230V Badleuchte\u2026\" \/>\n<meta property=\"og:url\" content=\"https:\/\/marktxxl.de\/markt\/produkt\/kimjo-led-spiegelleuchte-9w-40cm-bad-spiegellampe-ip44-fuer-badzimmer-neutralweiss-4000k-900lm-230v-badleuchte-schminklicht-badspiegel-lampe-fuer-badzimmer-und-wandbeleuchtung-spritzwassergeschuetzt\/\" \/>\n<meta property=\"og:site_name\" content=\"Markt-XXL\" \/>\n<meta property=\"article:modified_time\" content=\"2023-04-10T23:55:17+00:00\" \/>\n<meta property=\"og:image\" content=\"https:\/\/m.media-amazon.com\/images\/I\/41pCiOmzmyL._SL500_.jpg\" \/>\n\t<meta property=\"og:image:width\" content=\"500\" \/>\n\t<meta property=\"og:image:height\" content=\"500\" \/>\n\t<meta property=\"og:image:type\" content=\"image\/jpeg\" \/>\n<meta name=\"twitter:card\" content=\"summary_large_image\" \/>\n<meta name=\"twitter:label1\" content=\"Gesch\u00e4tzte Lesezeit\" \/>\n\t<meta name=\"twitter:data1\" content=\"1\u00a0Minute\" \/>\n<script type=\"application\/ld+json\" class=\"yoast-schema-graph\">{\"@context\":\"https:\\\/\\\/schema.org\",\"@graph\":[{\"@type\":\"WebPage\",\"@id\":\"https:\\\/\\\/marktxxl.de\\\/markt\\\/produkt\\\/kimjo-led-spiegelleuchte-9w-40cm-bad-spiegellampe-ip44-fuer-badzimmer-neutralweiss-4000k-900lm-230v-badleuchte-schminklicht-badspiegel-lampe-fuer-badzimmer-und-wandbeleuchtung-spritzwassergeschuetzt\\\/\",\"url\":\"https:\\\/\\\/marktxxl.de\\\/markt\\\/produkt\\\/kimjo-led-spiegelleuchte-9w-40cm-bad-spiegellampe-ip44-fuer-badzimmer-neutralweiss-4000k-900lm-230v-badleuchte-schminklicht-badspiegel-lampe-fuer-badzimmer-und-wandbeleuchtung-spritzwassergeschuetzt\\\/\",\"name\":\"Kimjo LED Spiegelleuchte 9W 40CM, Bad Spiegellampe IP44 f\u00fcr Badzimmer Neutralwei\u00df 4000K 900LM, 230V Badleuchte\u2026 - Markt-XXL\",\"isPartOf\":{\"@id\":\"https:\\\/\\\/marktxxl.de\\\/markt\\\/#website\"},\"primaryImageOfPage\":{\"@id\":\"https:\\\/\\\/marktxxl.de\\\/markt\\\/produkt\\\/kimjo-led-spiegelleuchte-9w-40cm-bad-spiegellampe-ip44-fuer-badzimmer-neutralweiss-4000k-900lm-230v-badleuchte-schminklicht-badspiegel-lampe-fuer-badzimmer-und-wandbeleuchtung-spritzwassergeschuetzt\\\/#primaryimage\"},\"image\":{\"@id\":\"https:\\\/\\\/marktxxl.de\\\/markt\\\/produkt\\\/kimjo-led-spiegelleuchte-9w-40cm-bad-spiegellampe-ip44-fuer-badzimmer-neutralweiss-4000k-900lm-230v-badleuchte-schminklicht-badspiegel-lampe-fuer-badzimmer-und-wandbeleuchtung-spritzwassergeschuetzt\\\/#primaryimage\"},\"thumbnailUrl\":\"https:\\\/\\\/m.media-amazon.com\\\/images\\\/I\\\/41pCiOmzmyL._SL500_.jpg\",\"datePublished\":\"2021-09-13T21:03:42+00:00\",\"dateModified\":\"2023-04-10T23:55:17+00:00\",\"description\":\"Markt-XXL Kimjo LED Spiegelleuchte 9W 40CM, Bad Spiegellampe IP44 f\u00fcr Badzimmer Neutralwei\u00df 4000K 900LM, 230V Badleuchte\u2026\",\"breadcrumb\":{\"@id\":\"https:\\\/\\\/marktxxl.de\\\/markt\\\/produkt\\\/kimjo-led-spiegelleuchte-9w-40cm-bad-spiegellampe-ip44-fuer-badzimmer-neutralweiss-4000k-900lm-230v-badleuchte-schminklicht-badspiegel-lampe-fuer-badzimmer-und-wandbeleuchtung-spritzwassergeschuetzt\\\/#breadcrumb\"},\"inLanguage\":\"de\",\"potentialAction\":[{\"@type\":\"ReadAction\",\"target\":[\"https:\\\/\\\/marktxxl.de\\\/markt\\\/produkt\\\/kimjo-led-spiegelleuchte-9w-40cm-bad-spiegellampe-ip44-fuer-badzimmer-neutralweiss-4000k-900lm-230v-badleuchte-schminklicht-badspiegel-lampe-fuer-badzimmer-und-wandbeleuchtung-spritzwassergeschuetzt\\\/\"]}]},{\"@type\":\"ImageObject\",\"inLanguage\":\"de\",\"@id\":\"https:\\\/\\\/marktxxl.de\\\/markt\\\/produkt\\\/kimjo-led-spiegelleuchte-9w-40cm-bad-spiegellampe-ip44-fuer-badzimmer-neutralweiss-4000k-900lm-230v-badleuchte-schminklicht-badspiegel-lampe-fuer-badzimmer-und-wandbeleuchtung-spritzwassergeschuetzt\\\/#primaryimage\",\"url\":\"https:\\\/\\\/m.media-amazon.com\\\/images\\\/I\\\/41pCiOmzmyL._SL500_.jpg\",\"contentUrl\":\"https:\\\/\\\/m.media-amazon.com\\\/images\\\/I\\\/41pCiOmzmyL._SL500_.jpg\",\"width\":500,\"height\":500},{\"@type\":\"BreadcrumbList\",\"@id\":\"https:\\\/\\\/marktxxl.de\\\/markt\\\/produkt\\\/kimjo-led-spiegelleuchte-9w-40cm-bad-spiegellampe-ip44-fuer-badzimmer-neutralweiss-4000k-900lm-230v-badleuchte-schminklicht-badspiegel-lampe-fuer-badzimmer-und-wandbeleuchtung-spritzwassergeschuetzt\\\/#breadcrumb\",\"itemListElement\":[{\"@type\":\"ListItem\",\"position\":1,\"name\":\"Startseite\",\"item\":\"https:\\\/\\\/marktxxl.de\\\/markt\\\/\"},{\"@type\":\"ListItem\",\"position\":2,\"name\":\"Markt\",\"item\":\"https:\\\/\\\/marktxxl.de\\\/markt\\\/\"},{\"@type\":\"ListItem\",\"position\":3,\"name\":\"Kimjo LED Spiegelleuchte 9W 40CM, Bad Spiegellampe IP44 f\u00fcr Badzimmer Neutralwei\u00df 4000K 900LM, 230V Badleuchte\u2026\"}]},{\"@type\":\"WebSite\",\"@id\":\"https:\\\/\\\/marktxxl.de\\\/markt\\\/#website\",\"url\":\"https:\\\/\\\/marktxxl.de\\\/markt\\\/\",\"name\":\"Markt-XXL\",\"description\":\"Ihr Markt Online\",\"publisher\":{\"@id\":\"https:\\\/\\\/marktxxl.de\\\/markt\\\/#organization\"},\"potentialAction\":[{\"@type\":\"SearchAction\",\"target\":{\"@type\":\"EntryPoint\",\"urlTemplate\":\"https:\\\/\\\/marktxxl.de\\\/markt\\\/?s={search_term_string}\"},\"query-input\":{\"@type\":\"PropertyValueSpecification\",\"valueRequired\":true,\"valueName\":\"search_term_string\"}}],\"inLanguage\":\"de\"},{\"@type\":\"Organization\",\"@id\":\"https:\\\/\\\/marktxxl.de\\\/markt\\\/#organization\",\"name\":\"Markt-XXL\",\"url\":\"https:\\\/\\\/marktxxl.de\\\/markt\\\/\",\"logo\":{\"@type\":\"ImageObject\",\"inLanguage\":\"de\",\"@id\":\"https:\\\/\\\/marktxxl.de\\\/markt\\\/#\\\/schema\\\/logo\\\/image\\\/\",\"url\":\"https:\\\/\\\/marktxxl.de\\\/markt\\\/wp-content\\\/uploads\\\/sites\\\/3\\\/2020\\\/12\\\/logo.png\",\"contentUrl\":\"https:\\\/\\\/marktxxl.de\\\/markt\\\/wp-content\\\/uploads\\\/sites\\\/3\\\/2020\\\/12\\\/logo.png\",\"width\":200,\"height\":70,\"caption\":\"Markt-XXL\"},\"image\":{\"@id\":\"https:\\\/\\\/marktxxl.de\\\/markt\\\/#\\\/schema\\\/logo\\\/image\\\/\"}}]}<\/script>\n<!-- \/ Yoast SEO plugin. -->","yoast_head_json":{"title":"Kimjo LED Spiegelleuchte 9W 40CM, Bad Spiegellampe IP44 f\u00fcr Badzimmer Neutralwei\u00df 4000K 900LM, 230V Badleuchte\u2026 - Markt-XXL","description":"Markt-XXL Kimjo LED Spiegelleuchte 9W 40CM, Bad Spiegellampe IP44 f\u00fcr Badzimmer Neutralwei\u00df 4000K 900LM, 230V Badleuchte\u2026","robots":{"index":"index","follow":"follow","max-snippet":"max-snippet:-1","max-image-preview":"max-image-preview:large","max-video-preview":"max-video-preview:-1"},"canonical":"https:\/\/marktxxl.de\/markt\/produkt\/kimjo-led-spiegelleuchte-9w-40cm-bad-spiegellampe-ip44-fuer-badzimmer-neutralweiss-4000k-900lm-230v-badleuchte-schminklicht-badspiegel-lampe-fuer-badzimmer-und-wandbeleuchtung-spritzwassergeschuetzt\/","og_locale":"de_DE","og_type":"article","og_title":"Kimjo LED Spiegelleuchte 9W 40CM, Bad Spiegellampe IP44 f\u00fcr Badzimmer Neutralwei\u00df 4000K 900LM, 230V Badleuchte\u2026 - Markt-XXL","og_description":"Markt-XXL Kimjo LED Spiegelleuchte 9W 40CM, Bad Spiegellampe IP44 f\u00fcr Badzimmer Neutralwei\u00df 4000K 900LM, 230V Badleuchte\u2026","og_url":"https:\/\/marktxxl.de\/markt\/produkt\/kimjo-led-spiegelleuchte-9w-40cm-bad-spiegellampe-ip44-fuer-badzimmer-neutralweiss-4000k-900lm-230v-badleuchte-schminklicht-badspiegel-lampe-fuer-badzimmer-und-wandbeleuchtung-spritzwassergeschuetzt\/","og_site_name":"Markt-XXL","article_modified_time":"2023-04-10T23:55:17+00:00","og_image":[{"width":500,"height":500,"url":"https:\/\/m.media-amazon.com\/images\/I\/41pCiOmzmyL._SL500_.jpg","type":"image\/jpeg"}],"twitter_card":"summary_large_image","twitter_misc":{"Gesch\u00e4tzte Lesezeit":"1\u00a0Minute"},"schema":{"@context":"https:\/\/schema.org","@graph":[{"@type":"WebPage","@id":"https:\/\/marktxxl.de\/markt\/produkt\/kimjo-led-spiegelleuchte-9w-40cm-bad-spiegellampe-ip44-fuer-badzimmer-neutralweiss-4000k-900lm-230v-badleuchte-schminklicht-badspiegel-lampe-fuer-badzimmer-und-wandbeleuchtung-spritzwassergeschuetzt\/","url":"https:\/\/marktxxl.de\/markt\/produkt\/kimjo-led-spiegelleuchte-9w-40cm-bad-spiegellampe-ip44-fuer-badzimmer-neutralweiss-4000k-900lm-230v-badleuchte-schminklicht-badspiegel-lampe-fuer-badzimmer-und-wandbeleuchtung-spritzwassergeschuetzt\/","name":"Kimjo LED Spiegelleuchte 9W 40CM, Bad Spiegellampe IP44 f\u00fcr Badzimmer Neutralwei\u00df 4000K 900LM, 230V Badleuchte\u2026 - Markt-XXL","isPartOf":{"@id":"https:\/\/marktxxl.de\/markt\/#website"},"primaryImageOfPage":{"@id":"https:\/\/marktxxl.de\/markt\/produkt\/kimjo-led-spiegelleuchte-9w-40cm-bad-spiegellampe-ip44-fuer-badzimmer-neutralweiss-4000k-900lm-230v-badleuchte-schminklicht-badspiegel-lampe-fuer-badzimmer-und-wandbeleuchtung-spritzwassergeschuetzt\/#primaryimage"},"image":{"@id":"https:\/\/marktxxl.de\/markt\/produkt\/kimjo-led-spiegelleuchte-9w-40cm-bad-spiegellampe-ip44-fuer-badzimmer-neutralweiss-4000k-900lm-230v-badleuchte-schminklicht-badspiegel-lampe-fuer-badzimmer-und-wandbeleuchtung-spritzwassergeschuetzt\/#primaryimage"},"thumbnailUrl":"https:\/\/m.media-amazon.com\/images\/I\/41pCiOmzmyL._SL500_.jpg","datePublished":"2021-09-13T21:03:42+00:00","dateModified":"2023-04-10T23:55:17+00:00","description":"Markt-XXL Kimjo LED Spiegelleuchte 9W 40CM, Bad Spiegellampe IP44 f\u00fcr Badzimmer Neutralwei\u00df 4000K 900LM, 230V Badleuchte\u2026","breadcrumb":{"@id":"https:\/\/marktxxl.de\/markt\/produkt\/kimjo-led-spiegelleuchte-9w-40cm-bad-spiegellampe-ip44-fuer-badzimmer-neutralweiss-4000k-900lm-230v-badleuchte-schminklicht-badspiegel-lampe-fuer-badzimmer-und-wandbeleuchtung-spritzwassergeschuetzt\/#breadcrumb"},"inLanguage":"de","potentialAction":[{"@type":"ReadAction","target":["https:\/\/marktxxl.de\/markt\/produkt\/kimjo-led-spiegelleuchte-9w-40cm-bad-spiegellampe-ip44-fuer-badzimmer-neutralweiss-4000k-900lm-230v-badleuchte-schminklicht-badspiegel-lampe-fuer-badzimmer-und-wandbeleuchtung-spritzwassergeschuetzt\/"]}]},{"@type":"ImageObject","inLanguage":"de","@id":"https:\/\/marktxxl.de\/markt\/produkt\/kimjo-led-spiegelleuchte-9w-40cm-bad-spiegellampe-ip44-fuer-badzimmer-neutralweiss-4000k-900lm-230v-badleuchte-schminklicht-badspiegel-lampe-fuer-badzimmer-und-wandbeleuchtung-spritzwassergeschuetzt\/#primaryimage","url":"https:\/\/m.media-amazon.com\/images\/I\/41pCiOmzmyL._SL500_.jpg","contentUrl":"https:\/\/m.media-amazon.com\/images\/I\/41pCiOmzmyL._SL500_.jpg","width":500,"height":500},{"@type":"BreadcrumbList","@id":"https:\/\/marktxxl.de\/markt\/produkt\/kimjo-led-spiegelleuchte-9w-40cm-bad-spiegellampe-ip44-fuer-badzimmer-neutralweiss-4000k-900lm-230v-badleuchte-schminklicht-badspiegel-lampe-fuer-badzimmer-und-wandbeleuchtung-spritzwassergeschuetzt\/#breadcrumb","itemListElement":[{"@type":"ListItem","position":1,"name":"Startseite","item":"https:\/\/marktxxl.de\/markt\/"},{"@type":"ListItem","position":2,"name":"Markt","item":"https:\/\/marktxxl.de\/markt\/"},{"@type":"ListItem","position":3,"name":"Kimjo LED Spiegelleuchte 9W 40CM, Bad Spiegellampe IP44 f\u00fcr Badzimmer Neutralwei\u00df 4000K 900LM, 230V Badleuchte\u2026"}]},{"@type":"WebSite","@id":"https:\/\/marktxxl.de\/markt\/#website","url":"https:\/\/marktxxl.de\/markt\/","name":"Markt-XXL","description":"Ihr Markt Online","publisher":{"@id":"https:\/\/marktxxl.de\/markt\/#organization"},"potentialAction":[{"@type":"SearchAction","target":{"@type":"EntryPoint","urlTemplate":"https:\/\/marktxxl.de\/markt\/?s={search_term_string}"},"query-input":{"@type":"PropertyValueSpecification","valueRequired":true,"valueName":"search_term_string"}}],"inLanguage":"de"},{"@type":"Organization","@id":"https:\/\/marktxxl.de\/markt\/#organization","name":"Markt-XXL","url":"https:\/\/marktxxl.de\/markt\/","logo":{"@type":"ImageObject","inLanguage":"de","@id":"https:\/\/marktxxl.de\/markt\/#\/schema\/logo\/image\/","url":"https:\/\/marktxxl.de\/markt\/wp-content\/uploads\/sites\/3\/2020\/12\/logo.png","contentUrl":"https:\/\/marktxxl.de\/markt\/wp-content\/uploads\/sites\/3\/2020\/12\/logo.png","width":200,"height":70,"caption":"Markt-XXL"},"image":{"@id":"https:\/\/marktxxl.de\/markt\/#\/schema\/logo\/image\/"}}]}},"_links":{"self":[{"href":"https:\/\/marktxxl.de\/markt\/wp-json\/wp\/v2\/product\/38867","targetHints":{"allow":["GET"]}}],"collection":[{"href":"https:\/\/marktxxl.de\/markt\/wp-json\/wp\/v2\/product"}],"about":[{"href":"https:\/\/marktxxl.de\/markt\/wp-json\/wp\/v2\/types\/product"}],"replies":[{"embeddable":true,"href":"https:\/\/marktxxl.de\/markt\/wp-json\/wp\/v2\/comments?post=38867"}],"wp:featuredmedia":[{"embeddable":true,"href":"https:\/\/marktxxl.de\/markt\/wp-json\/wp\/v2\/media\/38868"}],"wp:attachment":[{"href":"https:\/\/marktxxl.de\/markt\/wp-json\/wp\/v2\/media?parent=38867"}],"wp:term":[{"taxonomy":"product_brand","embeddable":true,"href":"https:\/\/marktxxl.de\/markt\/wp-json\/wp\/v2\/product_brand?post=38867"},{"taxonomy":"product_cat","embeddable":true,"href":"https:\/\/marktxxl.de\/markt\/wp-json\/wp\/v2\/product_cat?post=38867"},{"taxonomy":"product_tag","embeddable":true,"href":"https:\/\/marktxxl.de\/markt\/wp-json\/wp\/v2\/product_tag?post=38867"}],"curies":[{"name":"wp","href":"https:\/\/api.w.org\/{rel}","templated":true}]}}