{"id":38844,"date":"2021-09-13T23:03:38","date_gmt":"2021-09-13T21:03:38","guid":{"rendered":"https:\/\/marktxxl.de\/markt\/produkt\/10er-set-einbaustrahler-ip65-edelstahl-gebuerstet-bad-dusche-gu10-5watt-led-leuchtmittel-2700kelvin-warm-weiss-450lumen-leuchtmittel-austauschbar-einbauleuchten-rostfrei\/"},"modified":"2023-04-11T01:55:16","modified_gmt":"2023-04-10T23:55:16","slug":"10er-set-einbaustrahler-ip65-edelstahl-gebuerstet-bad-dusche-gu10-5watt-led-leuchtmittel-2700kelvin-warm-weiss-450lumen-leuchtmittel-austauschbar-einbauleuchten-rostfrei","status":"publish","type":"product","link":"https:\/\/marktxxl.de\/markt\/produkt\/10er-set-einbaustrahler-ip65-edelstahl-gebuerstet-bad-dusche-gu10-5watt-led-leuchtmittel-2700kelvin-warm-weiss-450lumen-leuchtmittel-austauschbar-einbauleuchten-rostfrei\/","title":{"rendered":"10er Set Einbaustrahler IP65 Edelstahl geb\u00fcrstet Bad Dusche GU10 5Watt LED Leuchtmittel 2700Kelvin warm-wei\u00df 450Lumen\u2026"},"content":{"rendered":"<p>Produktma\u00dfe Einbauspot: Au\u00dfendurchmesser: 83mm | Einbautiefe: 70mm | Lochausschnitt (rund): 55mm &#8211; 68mm | Max. St\u00e4rke der Decke: 20mm<br \/>\nLED Leuchtmittel: Leistung: 5Watt | vergleichbar mit einer 50Watt Halogenlampe | Gewichteter Energieverbrauch 5kWh\/1000h | Abstrahlwinkel: 120 Grad | Sockel: GU10 | Spannung: 230Volt<br \/>\nNennlebensdauer: 20.000h | Schaltzyklen: 25.000 | Dimmbar: Nein | Anlaufzeit bis zur Erreichung von 60% des vollen Lichtstroms: Keine | Energieeffiziensklasse: A+ Lichtfarbe LED: Warm-Wei\u00df 2700 Kelvin &#8211; 450 Lumen<br \/>\nAnwendungsbereich: Dusche, Bad, Keller, Vordach, Garage, Sauna, Feuchtr\u00e4ume, Nassr\u00e4ume und vieles mehr&#8230;.<br \/>\nLieferumfang: 10x Einbaustrahler IP65 Edelstahl geb\u00fcrstet | 10x GU10 230Volt Fassung | 10x GU10 230Volt 5Watt LED Leuchtmittel warmwei\u00df<br \/>\n<div class=\"main-cross-sell\" data-asin=\"B01L9E9L3C\">\n\n\t<div class=\"WooZone-cross-sell-loader\">\n\t\t<div>\n\t\t\t<div id=\"floatingBarsG\">\n\t\t\t\t<div class=\"blockG\" id=\"rotateG_01\"><\/div>\n\t\t\t\t<div class=\"blockG\" id=\"rotateG_02\"><\/div>\n\t\t\t\t<div class=\"blockG\" id=\"rotateG_03\"><\/div>\n\t\t\t\t<div class=\"blockG\" id=\"rotateG_04\"><\/div>\n\t\t\t\t<div class=\"blockG\" id=\"rotateG_05\"><\/div>\n\t\t\t\t<div class=\"blockG\" id=\"rotateG_06\"><\/div>\n\t\t\t\t<div class=\"blockG\" id=\"rotateG_07\"><\/div>\n\t\t\t\t<div class=\"blockG\" id=\"rotateG_08\"><\/div>\n\t\t\t<\/div>\n\t\t\t<div class=\"WooZone-cross-sell-loader-text\"><\/div>\n\t\t<\/div>\n\t<\/div>\n\n\t\t\n<\/div>\n<div style=\"clear:both;\"><\/div><\/p>\n","protected":false},"excerpt":{"rendered":"<p>Produktma\u00dfe Einbauspot: Au\u00dfendurchmesser: 83mm | Einbautiefe: 70mm | Lochausschnitt (rund): 55mm &#8211; 68mm | Max. St\u00e4rke der Decke: 20mm<br \/>\nLED Leuchtmittel: Leistung: 5Watt | vergleichbar mit einer 50Watt Halogenlampe | Gewichteter Energieverbrauch 5kWh\/1000h | Abstrahlwinkel: 120 Grad | Sockel: GU10 | Spannung: 230Volt<br \/>\nNennlebensdauer: 20.000h | Schaltzyklen: 25.000 | Dimmbar: Nein | Anlaufzeit bis zur Erreichung von 60% des vollen Lichtstroms: Keine | Energieeffiziensklasse: A+ Lichtfarbe LED: Warm-Wei\u00df 2700 Kelvin &#8211; 450 Lumen<\/p>\n","protected":false},"featured_media":38845,"comment_status":"open","ping_status":"closed","template":"","meta":[],"product_brand":[],"product_cat":[11474,2108],"product_tag":[],"class_list":{"0":"post-38844","1":"product","2":"type-product","3":"status-publish","4":"has-post-thumbnail","6":"product_cat-bad-beleuchtung","7":"product_cat-beleuchtung","8":"pa_binding-ausruestung","9":"pa_brand-busch-jaeger-3","10":"pa_brand-jungeslicht","11":"pa_height-2-55905-zoll","12":"pa_length-3-34645-zoll","13":"pa_manufacturer-jungeslicht","14":"pa_model-jl-ip65-e-5580","15":"pa_warranty-2-jahre","16":"pa_width-3-34645-zoll","18":"first","19":"instock","20":"shipping-taxable","21":"purchasable","22":"product-type-simple","23":"customify-col","24":"product-has-gallery"},"yoast_head":"<!-- This site is optimized with the Yoast SEO plugin v27.4 - https:\/\/yoast.com\/product\/yoast-seo-wordpress\/ -->\n<title>10er Set Einbaustrahler IP65 Edelstahl geb\u00fcrstet Bad Dusche GU10 5Watt LED Leuchtmittel 2700Kelvin warm-wei\u00df 450Lumen\u2026 - Markt-XXL<\/title>\n<meta name=\"description\" content=\"Markt-XXL 10er Set Einbaustrahler IP65 Edelstahl geb\u00fcrstet Bad Dusche GU10 5Watt LED Leuchtmittel 2700Kelvin warm-wei\u00df 450Lumen\u2026\" \/>\n<meta name=\"robots\" content=\"index, follow, max-snippet:-1, max-image-preview:large, max-video-preview:-1\" \/>\n<link rel=\"canonical\" href=\"https:\/\/marktxxl.de\/markt\/produkt\/10er-set-einbaustrahler-ip65-edelstahl-gebuerstet-bad-dusche-gu10-5watt-led-leuchtmittel-2700kelvin-warm-weiss-450lumen-leuchtmittel-austauschbar-einbauleuchten-rostfrei\/\" \/>\n<meta property=\"og:locale\" content=\"de_DE\" \/>\n<meta property=\"og:type\" content=\"article\" \/>\n<meta property=\"og:title\" content=\"10er Set Einbaustrahler IP65 Edelstahl geb\u00fcrstet Bad Dusche GU10 5Watt LED Leuchtmittel 2700Kelvin warm-wei\u00df 450Lumen\u2026 - Markt-XXL\" \/>\n<meta property=\"og:description\" content=\"Markt-XXL 10er Set Einbaustrahler IP65 Edelstahl geb\u00fcrstet Bad Dusche GU10 5Watt LED Leuchtmittel 2700Kelvin warm-wei\u00df 450Lumen\u2026\" \/>\n<meta property=\"og:url\" content=\"https:\/\/marktxxl.de\/markt\/produkt\/10er-set-einbaustrahler-ip65-edelstahl-gebuerstet-bad-dusche-gu10-5watt-led-leuchtmittel-2700kelvin-warm-weiss-450lumen-leuchtmittel-austauschbar-einbauleuchten-rostfrei\/\" \/>\n<meta property=\"og:site_name\" content=\"Markt-XXL\" \/>\n<meta property=\"article:modified_time\" content=\"2023-04-10T23:55:16+00:00\" \/>\n<meta property=\"og:image\" content=\"https:\/\/m.media-amazon.com\/images\/I\/41XNH9g+OqL._SL500_.jpg\" \/>\n\t<meta property=\"og:image:width\" content=\"406\" \/>\n\t<meta property=\"og:image:height\" content=\"500\" \/>\n\t<meta property=\"og:image:type\" content=\"image\/jpeg\" \/>\n<meta name=\"twitter:card\" content=\"summary_large_image\" \/>\n<meta name=\"twitter:label1\" content=\"Gesch\u00e4tzte Lesezeit\" \/>\n\t<meta name=\"twitter:data1\" content=\"1\u00a0Minute\" \/>\n<script type=\"application\/ld+json\" class=\"yoast-schema-graph\">{\"@context\":\"https:\\\/\\\/schema.org\",\"@graph\":[{\"@type\":\"WebPage\",\"@id\":\"https:\\\/\\\/marktxxl.de\\\/markt\\\/produkt\\\/10er-set-einbaustrahler-ip65-edelstahl-gebuerstet-bad-dusche-gu10-5watt-led-leuchtmittel-2700kelvin-warm-weiss-450lumen-leuchtmittel-austauschbar-einbauleuchten-rostfrei\\\/\",\"url\":\"https:\\\/\\\/marktxxl.de\\\/markt\\\/produkt\\\/10er-set-einbaustrahler-ip65-edelstahl-gebuerstet-bad-dusche-gu10-5watt-led-leuchtmittel-2700kelvin-warm-weiss-450lumen-leuchtmittel-austauschbar-einbauleuchten-rostfrei\\\/\",\"name\":\"10er Set Einbaustrahler IP65 Edelstahl geb\u00fcrstet Bad Dusche GU10 5Watt LED Leuchtmittel 2700Kelvin warm-wei\u00df 450Lumen\u2026 - Markt-XXL\",\"isPartOf\":{\"@id\":\"https:\\\/\\\/marktxxl.de\\\/markt\\\/#website\"},\"primaryImageOfPage\":{\"@id\":\"https:\\\/\\\/marktxxl.de\\\/markt\\\/produkt\\\/10er-set-einbaustrahler-ip65-edelstahl-gebuerstet-bad-dusche-gu10-5watt-led-leuchtmittel-2700kelvin-warm-weiss-450lumen-leuchtmittel-austauschbar-einbauleuchten-rostfrei\\\/#primaryimage\"},\"image\":{\"@id\":\"https:\\\/\\\/marktxxl.de\\\/markt\\\/produkt\\\/10er-set-einbaustrahler-ip65-edelstahl-gebuerstet-bad-dusche-gu10-5watt-led-leuchtmittel-2700kelvin-warm-weiss-450lumen-leuchtmittel-austauschbar-einbauleuchten-rostfrei\\\/#primaryimage\"},\"thumbnailUrl\":\"https:\\\/\\\/m.media-amazon.com\\\/images\\\/I\\\/41XNH9g+OqL._SL500_.jpg\",\"datePublished\":\"2021-09-13T21:03:38+00:00\",\"dateModified\":\"2023-04-10T23:55:16+00:00\",\"description\":\"Markt-XXL 10er Set Einbaustrahler IP65 Edelstahl geb\u00fcrstet Bad Dusche GU10 5Watt LED Leuchtmittel 2700Kelvin warm-wei\u00df 450Lumen\u2026\",\"breadcrumb\":{\"@id\":\"https:\\\/\\\/marktxxl.de\\\/markt\\\/produkt\\\/10er-set-einbaustrahler-ip65-edelstahl-gebuerstet-bad-dusche-gu10-5watt-led-leuchtmittel-2700kelvin-warm-weiss-450lumen-leuchtmittel-austauschbar-einbauleuchten-rostfrei\\\/#breadcrumb\"},\"inLanguage\":\"de\",\"potentialAction\":[{\"@type\":\"ReadAction\",\"target\":[\"https:\\\/\\\/marktxxl.de\\\/markt\\\/produkt\\\/10er-set-einbaustrahler-ip65-edelstahl-gebuerstet-bad-dusche-gu10-5watt-led-leuchtmittel-2700kelvin-warm-weiss-450lumen-leuchtmittel-austauschbar-einbauleuchten-rostfrei\\\/\"]}]},{\"@type\":\"ImageObject\",\"inLanguage\":\"de\",\"@id\":\"https:\\\/\\\/marktxxl.de\\\/markt\\\/produkt\\\/10er-set-einbaustrahler-ip65-edelstahl-gebuerstet-bad-dusche-gu10-5watt-led-leuchtmittel-2700kelvin-warm-weiss-450lumen-leuchtmittel-austauschbar-einbauleuchten-rostfrei\\\/#primaryimage\",\"url\":\"https:\\\/\\\/m.media-amazon.com\\\/images\\\/I\\\/41XNH9g+OqL._SL500_.jpg\",\"contentUrl\":\"https:\\\/\\\/m.media-amazon.com\\\/images\\\/I\\\/41XNH9g+OqL._SL500_.jpg\",\"width\":406,\"height\":500},{\"@type\":\"BreadcrumbList\",\"@id\":\"https:\\\/\\\/marktxxl.de\\\/markt\\\/produkt\\\/10er-set-einbaustrahler-ip65-edelstahl-gebuerstet-bad-dusche-gu10-5watt-led-leuchtmittel-2700kelvin-warm-weiss-450lumen-leuchtmittel-austauschbar-einbauleuchten-rostfrei\\\/#breadcrumb\",\"itemListElement\":[{\"@type\":\"ListItem\",\"position\":1,\"name\":\"Startseite\",\"item\":\"https:\\\/\\\/marktxxl.de\\\/markt\\\/\"},{\"@type\":\"ListItem\",\"position\":2,\"name\":\"Markt\",\"item\":\"https:\\\/\\\/marktxxl.de\\\/markt\\\/\"},{\"@type\":\"ListItem\",\"position\":3,\"name\":\"10er Set Einbaustrahler IP65 Edelstahl geb\u00fcrstet Bad Dusche GU10 5Watt LED Leuchtmittel 2700Kelvin warm-wei\u00df 450Lumen\u2026\"}]},{\"@type\":\"WebSite\",\"@id\":\"https:\\\/\\\/marktxxl.de\\\/markt\\\/#website\",\"url\":\"https:\\\/\\\/marktxxl.de\\\/markt\\\/\",\"name\":\"Markt-XXL\",\"description\":\"Ihr Markt Online\",\"publisher\":{\"@id\":\"https:\\\/\\\/marktxxl.de\\\/markt\\\/#organization\"},\"potentialAction\":[{\"@type\":\"SearchAction\",\"target\":{\"@type\":\"EntryPoint\",\"urlTemplate\":\"https:\\\/\\\/marktxxl.de\\\/markt\\\/?s={search_term_string}\"},\"query-input\":{\"@type\":\"PropertyValueSpecification\",\"valueRequired\":true,\"valueName\":\"search_term_string\"}}],\"inLanguage\":\"de\"},{\"@type\":\"Organization\",\"@id\":\"https:\\\/\\\/marktxxl.de\\\/markt\\\/#organization\",\"name\":\"Markt-XXL\",\"url\":\"https:\\\/\\\/marktxxl.de\\\/markt\\\/\",\"logo\":{\"@type\":\"ImageObject\",\"inLanguage\":\"de\",\"@id\":\"https:\\\/\\\/marktxxl.de\\\/markt\\\/#\\\/schema\\\/logo\\\/image\\\/\",\"url\":\"https:\\\/\\\/marktxxl.de\\\/markt\\\/wp-content\\\/uploads\\\/sites\\\/3\\\/2020\\\/12\\\/logo.png\",\"contentUrl\":\"https:\\\/\\\/marktxxl.de\\\/markt\\\/wp-content\\\/uploads\\\/sites\\\/3\\\/2020\\\/12\\\/logo.png\",\"width\":200,\"height\":70,\"caption\":\"Markt-XXL\"},\"image\":{\"@id\":\"https:\\\/\\\/marktxxl.de\\\/markt\\\/#\\\/schema\\\/logo\\\/image\\\/\"}}]}<\/script>\n<!-- \/ Yoast SEO plugin. -->","yoast_head_json":{"title":"10er Set Einbaustrahler IP65 Edelstahl geb\u00fcrstet Bad Dusche GU10 5Watt LED Leuchtmittel 2700Kelvin warm-wei\u00df 450Lumen\u2026 - Markt-XXL","description":"Markt-XXL 10er Set Einbaustrahler IP65 Edelstahl geb\u00fcrstet Bad Dusche GU10 5Watt LED Leuchtmittel 2700Kelvin warm-wei\u00df 450Lumen\u2026","robots":{"index":"index","follow":"follow","max-snippet":"max-snippet:-1","max-image-preview":"max-image-preview:large","max-video-preview":"max-video-preview:-1"},"canonical":"https:\/\/marktxxl.de\/markt\/produkt\/10er-set-einbaustrahler-ip65-edelstahl-gebuerstet-bad-dusche-gu10-5watt-led-leuchtmittel-2700kelvin-warm-weiss-450lumen-leuchtmittel-austauschbar-einbauleuchten-rostfrei\/","og_locale":"de_DE","og_type":"article","og_title":"10er Set Einbaustrahler IP65 Edelstahl geb\u00fcrstet Bad Dusche GU10 5Watt LED Leuchtmittel 2700Kelvin warm-wei\u00df 450Lumen\u2026 - Markt-XXL","og_description":"Markt-XXL 10er Set Einbaustrahler IP65 Edelstahl geb\u00fcrstet Bad Dusche GU10 5Watt LED Leuchtmittel 2700Kelvin warm-wei\u00df 450Lumen\u2026","og_url":"https:\/\/marktxxl.de\/markt\/produkt\/10er-set-einbaustrahler-ip65-edelstahl-gebuerstet-bad-dusche-gu10-5watt-led-leuchtmittel-2700kelvin-warm-weiss-450lumen-leuchtmittel-austauschbar-einbauleuchten-rostfrei\/","og_site_name":"Markt-XXL","article_modified_time":"2023-04-10T23:55:16+00:00","og_image":[{"width":406,"height":500,"url":"https:\/\/m.media-amazon.com\/images\/I\/41XNH9g+OqL._SL500_.jpg","type":"image\/jpeg"}],"twitter_card":"summary_large_image","twitter_misc":{"Gesch\u00e4tzte Lesezeit":"1\u00a0Minute"},"schema":{"@context":"https:\/\/schema.org","@graph":[{"@type":"WebPage","@id":"https:\/\/marktxxl.de\/markt\/produkt\/10er-set-einbaustrahler-ip65-edelstahl-gebuerstet-bad-dusche-gu10-5watt-led-leuchtmittel-2700kelvin-warm-weiss-450lumen-leuchtmittel-austauschbar-einbauleuchten-rostfrei\/","url":"https:\/\/marktxxl.de\/markt\/produkt\/10er-set-einbaustrahler-ip65-edelstahl-gebuerstet-bad-dusche-gu10-5watt-led-leuchtmittel-2700kelvin-warm-weiss-450lumen-leuchtmittel-austauschbar-einbauleuchten-rostfrei\/","name":"10er Set Einbaustrahler IP65 Edelstahl geb\u00fcrstet Bad Dusche GU10 5Watt LED Leuchtmittel 2700Kelvin warm-wei\u00df 450Lumen\u2026 - Markt-XXL","isPartOf":{"@id":"https:\/\/marktxxl.de\/markt\/#website"},"primaryImageOfPage":{"@id":"https:\/\/marktxxl.de\/markt\/produkt\/10er-set-einbaustrahler-ip65-edelstahl-gebuerstet-bad-dusche-gu10-5watt-led-leuchtmittel-2700kelvin-warm-weiss-450lumen-leuchtmittel-austauschbar-einbauleuchten-rostfrei\/#primaryimage"},"image":{"@id":"https:\/\/marktxxl.de\/markt\/produkt\/10er-set-einbaustrahler-ip65-edelstahl-gebuerstet-bad-dusche-gu10-5watt-led-leuchtmittel-2700kelvin-warm-weiss-450lumen-leuchtmittel-austauschbar-einbauleuchten-rostfrei\/#primaryimage"},"thumbnailUrl":"https:\/\/m.media-amazon.com\/images\/I\/41XNH9g+OqL._SL500_.jpg","datePublished":"2021-09-13T21:03:38+00:00","dateModified":"2023-04-10T23:55:16+00:00","description":"Markt-XXL 10er Set Einbaustrahler IP65 Edelstahl geb\u00fcrstet Bad Dusche GU10 5Watt LED Leuchtmittel 2700Kelvin warm-wei\u00df 450Lumen\u2026","breadcrumb":{"@id":"https:\/\/marktxxl.de\/markt\/produkt\/10er-set-einbaustrahler-ip65-edelstahl-gebuerstet-bad-dusche-gu10-5watt-led-leuchtmittel-2700kelvin-warm-weiss-450lumen-leuchtmittel-austauschbar-einbauleuchten-rostfrei\/#breadcrumb"},"inLanguage":"de","potentialAction":[{"@type":"ReadAction","target":["https:\/\/marktxxl.de\/markt\/produkt\/10er-set-einbaustrahler-ip65-edelstahl-gebuerstet-bad-dusche-gu10-5watt-led-leuchtmittel-2700kelvin-warm-weiss-450lumen-leuchtmittel-austauschbar-einbauleuchten-rostfrei\/"]}]},{"@type":"ImageObject","inLanguage":"de","@id":"https:\/\/marktxxl.de\/markt\/produkt\/10er-set-einbaustrahler-ip65-edelstahl-gebuerstet-bad-dusche-gu10-5watt-led-leuchtmittel-2700kelvin-warm-weiss-450lumen-leuchtmittel-austauschbar-einbauleuchten-rostfrei\/#primaryimage","url":"https:\/\/m.media-amazon.com\/images\/I\/41XNH9g+OqL._SL500_.jpg","contentUrl":"https:\/\/m.media-amazon.com\/images\/I\/41XNH9g+OqL._SL500_.jpg","width":406,"height":500},{"@type":"BreadcrumbList","@id":"https:\/\/marktxxl.de\/markt\/produkt\/10er-set-einbaustrahler-ip65-edelstahl-gebuerstet-bad-dusche-gu10-5watt-led-leuchtmittel-2700kelvin-warm-weiss-450lumen-leuchtmittel-austauschbar-einbauleuchten-rostfrei\/#breadcrumb","itemListElement":[{"@type":"ListItem","position":1,"name":"Startseite","item":"https:\/\/marktxxl.de\/markt\/"},{"@type":"ListItem","position":2,"name":"Markt","item":"https:\/\/marktxxl.de\/markt\/"},{"@type":"ListItem","position":3,"name":"10er Set Einbaustrahler IP65 Edelstahl geb\u00fcrstet Bad Dusche GU10 5Watt LED Leuchtmittel 2700Kelvin warm-wei\u00df 450Lumen\u2026"}]},{"@type":"WebSite","@id":"https:\/\/marktxxl.de\/markt\/#website","url":"https:\/\/marktxxl.de\/markt\/","name":"Markt-XXL","description":"Ihr Markt Online","publisher":{"@id":"https:\/\/marktxxl.de\/markt\/#organization"},"potentialAction":[{"@type":"SearchAction","target":{"@type":"EntryPoint","urlTemplate":"https:\/\/marktxxl.de\/markt\/?s={search_term_string}"},"query-input":{"@type":"PropertyValueSpecification","valueRequired":true,"valueName":"search_term_string"}}],"inLanguage":"de"},{"@type":"Organization","@id":"https:\/\/marktxxl.de\/markt\/#organization","name":"Markt-XXL","url":"https:\/\/marktxxl.de\/markt\/","logo":{"@type":"ImageObject","inLanguage":"de","@id":"https:\/\/marktxxl.de\/markt\/#\/schema\/logo\/image\/","url":"https:\/\/marktxxl.de\/markt\/wp-content\/uploads\/sites\/3\/2020\/12\/logo.png","contentUrl":"https:\/\/marktxxl.de\/markt\/wp-content\/uploads\/sites\/3\/2020\/12\/logo.png","width":200,"height":70,"caption":"Markt-XXL"},"image":{"@id":"https:\/\/marktxxl.de\/markt\/#\/schema\/logo\/image\/"}}]}},"_links":{"self":[{"href":"https:\/\/marktxxl.de\/markt\/wp-json\/wp\/v2\/product\/38844","targetHints":{"allow":["GET"]}}],"collection":[{"href":"https:\/\/marktxxl.de\/markt\/wp-json\/wp\/v2\/product"}],"about":[{"href":"https:\/\/marktxxl.de\/markt\/wp-json\/wp\/v2\/types\/product"}],"replies":[{"embeddable":true,"href":"https:\/\/marktxxl.de\/markt\/wp-json\/wp\/v2\/comments?post=38844"}],"wp:featuredmedia":[{"embeddable":true,"href":"https:\/\/marktxxl.de\/markt\/wp-json\/wp\/v2\/media\/38845"}],"wp:attachment":[{"href":"https:\/\/marktxxl.de\/markt\/wp-json\/wp\/v2\/media?parent=38844"}],"wp:term":[{"taxonomy":"product_brand","embeddable":true,"href":"https:\/\/marktxxl.de\/markt\/wp-json\/wp\/v2\/product_brand?post=38844"},{"taxonomy":"product_cat","embeddable":true,"href":"https:\/\/marktxxl.de\/markt\/wp-json\/wp\/v2\/product_cat?post=38844"},{"taxonomy":"product_tag","embeddable":true,"href":"https:\/\/marktxxl.de\/markt\/wp-json\/wp\/v2\/product_tag?post=38844"}],"curies":[{"name":"wp","href":"https:\/\/api.w.org\/{rel}","templated":true}]}}