{"id":38573,"date":"2021-09-13T22:48:59","date_gmt":"2021-09-13T20:48:59","guid":{"rendered":"https:\/\/marktxxl.de\/markt\/produkt\/amazon-marke-spotted-zebra-maedchen-long-sleeve-sparkle-tutu-dresses\/"},"modified":"2023-04-11T01:55:12","modified_gmt":"2023-04-10T23:55:12","slug":"amazon-marke-spotted-zebra-maedchen-long-sleeve-sparkle-tutu-dresses","status":"publish","type":"product","link":"https:\/\/marktxxl.de\/markt\/produkt\/amazon-marke-spotted-zebra-maedchen-long-sleeve-sparkle-tutu-dresses\/","title":{"rendered":"Spotted Zebra M\u00e4dchen Glitzerndes Tutu-Str\u00edckkleid mit Langen \u00c4rmeln"},"content":{"rendered":"<p>Dieses lustige Tutu-Kleid ist die perfekte Mischung aus Spiel und Stil mit viel Drehfaktor<br \/>\nLang\u00e4rmeliges Kleid mit Strick-Jersey-Top mit T\u00fcllrock und weichem Jersey-Futter<br \/>\n<div class=\"main-cross-sell\" data-asin=\"B07NJSPVCY\">\n\n\t<div class=\"WooZone-cross-sell-loader\">\n\t\t<div>\n\t\t\t<div id=\"floatingBarsG\">\n\t\t\t\t<div class=\"blockG\" id=\"rotateG_01\"><\/div>\n\t\t\t\t<div class=\"blockG\" id=\"rotateG_02\"><\/div>\n\t\t\t\t<div class=\"blockG\" id=\"rotateG_03\"><\/div>\n\t\t\t\t<div class=\"blockG\" id=\"rotateG_04\"><\/div>\n\t\t\t\t<div class=\"blockG\" id=\"rotateG_05\"><\/div>\n\t\t\t\t<div class=\"blockG\" id=\"rotateG_06\"><\/div>\n\t\t\t\t<div class=\"blockG\" id=\"rotateG_07\"><\/div>\n\t\t\t\t<div class=\"blockG\" id=\"rotateG_08\"><\/div>\n\t\t\t<\/div>\n\t\t\t<div class=\"WooZone-cross-sell-loader-text\"><\/div>\n\t\t<\/div>\n\t<\/div>\n\n\t\t\n<\/div>\n<div style=\"clear:both;\"><\/div><\/p>\n","protected":false},"excerpt":{"rendered":"<p>Dieses lustige Tutu-Kleid ist die perfekte Mischung aus Spiel und Stil mit viel Drehfaktor<br \/>\nLang\u00e4rmeliges Kleid mit Strick-Jersey-Top mit T\u00fcllrock und weichem Jersey-Futter<\/p>\n","protected":false},"featured_media":38576,"comment_status":"open","ping_status":"closed","template":"","meta":[],"product_brand":[],"product_cat":[1186,3990],"product_tag":[],"class_list":{"0":"post-38573","1":"product","2":"type-product","3":"status-publish","4":"has-post-thumbnail","6":"product_cat-bekleidung","7":"product_cat-maedchen","8":"pa_binding-textilien","9":"pa_brand-spotted-zebra","10":"pa_color-weiss","11":"pa_edition-acd","12":"pa_farbe-meow-squad","13":"pa_farbe-rainbow-heart","14":"pa_groesse-2-jahre","15":"pa_groesse-3-jahre","16":"pa_manufacturer-spotted-zebra","17":"pa_model-sz1936996","19":"first","20":"instock","21":"shipping-taxable","22":"purchasable","23":"product-type-variable","24":"customify-col","25":"product-has-gallery"},"yoast_head":"<!-- This site is optimized with the Yoast SEO plugin v27.3 - https:\/\/yoast.com\/product\/yoast-seo-wordpress\/ -->\n<title>Spotted Zebra M\u00e4dchen Glitzerndes Tutu-Str\u00edckkleid mit Langen \u00c4rmeln - Markt-XXL<\/title>\n<meta name=\"description\" content=\"Markt-XXL Spotted Zebra M\u00e4dchen Glitzerndes Tutu-Str\u00edckkleid mit Langen \u00c4rmeln\" \/>\n<meta name=\"robots\" content=\"index, follow, max-snippet:-1, max-image-preview:large, max-video-preview:-1\" \/>\n<link rel=\"canonical\" href=\"https:\/\/marktxxl.de\/markt\/produkt\/amazon-marke-spotted-zebra-maedchen-long-sleeve-sparkle-tutu-dresses\/\" \/>\n<meta property=\"og:locale\" content=\"de_DE\" \/>\n<meta property=\"og:type\" content=\"article\" \/>\n<meta property=\"og:title\" content=\"Spotted Zebra M\u00e4dchen Glitzerndes Tutu-Str\u00edckkleid mit Langen \u00c4rmeln - Markt-XXL\" \/>\n<meta property=\"og:description\" content=\"Markt-XXL Spotted Zebra M\u00e4dchen Glitzerndes Tutu-Str\u00edckkleid mit Langen \u00c4rmeln\" \/>\n<meta property=\"og:url\" content=\"https:\/\/marktxxl.de\/markt\/produkt\/amazon-marke-spotted-zebra-maedchen-long-sleeve-sparkle-tutu-dresses\/\" \/>\n<meta property=\"og:site_name\" content=\"Markt-XXL\" \/>\n<meta property=\"article:modified_time\" content=\"2023-04-10T23:55:12+00:00\" \/>\n<meta property=\"og:image\" content=\"https:\/\/m.media-amazon.com\/images\/I\/51oYnbK6FRL._SL500_.jpg\" \/>\n\t<meta property=\"og:image:width\" content=\"374\" \/>\n\t<meta property=\"og:image:height\" content=\"500\" \/>\n\t<meta property=\"og:image:type\" content=\"image\/jpeg\" \/>\n<meta name=\"twitter:card\" content=\"summary_large_image\" \/>\n<script type=\"application\/ld+json\" class=\"yoast-schema-graph\">{\"@context\":\"https:\\\/\\\/schema.org\",\"@graph\":[{\"@type\":\"WebPage\",\"@id\":\"https:\\\/\\\/marktxxl.de\\\/markt\\\/produkt\\\/amazon-marke-spotted-zebra-maedchen-long-sleeve-sparkle-tutu-dresses\\\/\",\"url\":\"https:\\\/\\\/marktxxl.de\\\/markt\\\/produkt\\\/amazon-marke-spotted-zebra-maedchen-long-sleeve-sparkle-tutu-dresses\\\/\",\"name\":\"Spotted Zebra M\u00e4dchen Glitzerndes Tutu-Str\u00edckkleid mit Langen \u00c4rmeln - Markt-XXL\",\"isPartOf\":{\"@id\":\"https:\\\/\\\/marktxxl.de\\\/markt\\\/#website\"},\"primaryImageOfPage\":{\"@id\":\"https:\\\/\\\/marktxxl.de\\\/markt\\\/produkt\\\/amazon-marke-spotted-zebra-maedchen-long-sleeve-sparkle-tutu-dresses\\\/#primaryimage\"},\"image\":{\"@id\":\"https:\\\/\\\/marktxxl.de\\\/markt\\\/produkt\\\/amazon-marke-spotted-zebra-maedchen-long-sleeve-sparkle-tutu-dresses\\\/#primaryimage\"},\"thumbnailUrl\":\"https:\\\/\\\/m.media-amazon.com\\\/images\\\/I\\\/51oYnbK6FRL._SL500_.jpg\",\"datePublished\":\"2021-09-13T20:48:59+00:00\",\"dateModified\":\"2023-04-10T23:55:12+00:00\",\"description\":\"Markt-XXL Spotted Zebra M\u00e4dchen Glitzerndes Tutu-Str\u00edckkleid mit Langen \u00c4rmeln\",\"breadcrumb\":{\"@id\":\"https:\\\/\\\/marktxxl.de\\\/markt\\\/produkt\\\/amazon-marke-spotted-zebra-maedchen-long-sleeve-sparkle-tutu-dresses\\\/#breadcrumb\"},\"inLanguage\":\"de\",\"potentialAction\":[{\"@type\":\"ReadAction\",\"target\":[\"https:\\\/\\\/marktxxl.de\\\/markt\\\/produkt\\\/amazon-marke-spotted-zebra-maedchen-long-sleeve-sparkle-tutu-dresses\\\/\"]}]},{\"@type\":\"ImageObject\",\"inLanguage\":\"de\",\"@id\":\"https:\\\/\\\/marktxxl.de\\\/markt\\\/produkt\\\/amazon-marke-spotted-zebra-maedchen-long-sleeve-sparkle-tutu-dresses\\\/#primaryimage\",\"url\":\"https:\\\/\\\/m.media-amazon.com\\\/images\\\/I\\\/51oYnbK6FRL._SL500_.jpg\",\"contentUrl\":\"https:\\\/\\\/m.media-amazon.com\\\/images\\\/I\\\/51oYnbK6FRL._SL500_.jpg\",\"width\":374,\"height\":500},{\"@type\":\"BreadcrumbList\",\"@id\":\"https:\\\/\\\/marktxxl.de\\\/markt\\\/produkt\\\/amazon-marke-spotted-zebra-maedchen-long-sleeve-sparkle-tutu-dresses\\\/#breadcrumb\",\"itemListElement\":[{\"@type\":\"ListItem\",\"position\":1,\"name\":\"Startseite\",\"item\":\"https:\\\/\\\/marktxxl.de\\\/markt\\\/\"},{\"@type\":\"ListItem\",\"position\":2,\"name\":\"Markt\",\"item\":\"https:\\\/\\\/marktxxl.de\\\/markt\\\/\"},{\"@type\":\"ListItem\",\"position\":3,\"name\":\"Spotted Zebra M\u00e4dchen Glitzerndes Tutu-Str\u00edckkleid mit Langen \u00c4rmeln\"}]},{\"@type\":\"WebSite\",\"@id\":\"https:\\\/\\\/marktxxl.de\\\/markt\\\/#website\",\"url\":\"https:\\\/\\\/marktxxl.de\\\/markt\\\/\",\"name\":\"Markt-XXL\",\"description\":\"Ihr Markt Online\",\"publisher\":{\"@id\":\"https:\\\/\\\/marktxxl.de\\\/markt\\\/#organization\"},\"potentialAction\":[{\"@type\":\"SearchAction\",\"target\":{\"@type\":\"EntryPoint\",\"urlTemplate\":\"https:\\\/\\\/marktxxl.de\\\/markt\\\/?s={search_term_string}\"},\"query-input\":{\"@type\":\"PropertyValueSpecification\",\"valueRequired\":true,\"valueName\":\"search_term_string\"}}],\"inLanguage\":\"de\"},{\"@type\":\"Organization\",\"@id\":\"https:\\\/\\\/marktxxl.de\\\/markt\\\/#organization\",\"name\":\"Markt-XXL\",\"url\":\"https:\\\/\\\/marktxxl.de\\\/markt\\\/\",\"logo\":{\"@type\":\"ImageObject\",\"inLanguage\":\"de\",\"@id\":\"https:\\\/\\\/marktxxl.de\\\/markt\\\/#\\\/schema\\\/logo\\\/image\\\/\",\"url\":\"https:\\\/\\\/marktxxl.de\\\/markt\\\/wp-content\\\/uploads\\\/sites\\\/3\\\/2020\\\/12\\\/logo.png\",\"contentUrl\":\"https:\\\/\\\/marktxxl.de\\\/markt\\\/wp-content\\\/uploads\\\/sites\\\/3\\\/2020\\\/12\\\/logo.png\",\"width\":200,\"height\":70,\"caption\":\"Markt-XXL\"},\"image\":{\"@id\":\"https:\\\/\\\/marktxxl.de\\\/markt\\\/#\\\/schema\\\/logo\\\/image\\\/\"}}]}<\/script>\n<!-- \/ Yoast SEO plugin. -->","yoast_head_json":{"title":"Spotted Zebra M\u00e4dchen Glitzerndes Tutu-Str\u00edckkleid mit Langen \u00c4rmeln - Markt-XXL","description":"Markt-XXL Spotted Zebra M\u00e4dchen Glitzerndes Tutu-Str\u00edckkleid mit Langen \u00c4rmeln","robots":{"index":"index","follow":"follow","max-snippet":"max-snippet:-1","max-image-preview":"max-image-preview:large","max-video-preview":"max-video-preview:-1"},"canonical":"https:\/\/marktxxl.de\/markt\/produkt\/amazon-marke-spotted-zebra-maedchen-long-sleeve-sparkle-tutu-dresses\/","og_locale":"de_DE","og_type":"article","og_title":"Spotted Zebra M\u00e4dchen Glitzerndes Tutu-Str\u00edckkleid mit Langen \u00c4rmeln - Markt-XXL","og_description":"Markt-XXL Spotted Zebra M\u00e4dchen Glitzerndes Tutu-Str\u00edckkleid mit Langen \u00c4rmeln","og_url":"https:\/\/marktxxl.de\/markt\/produkt\/amazon-marke-spotted-zebra-maedchen-long-sleeve-sparkle-tutu-dresses\/","og_site_name":"Markt-XXL","article_modified_time":"2023-04-10T23:55:12+00:00","og_image":[{"width":374,"height":500,"url":"https:\/\/m.media-amazon.com\/images\/I\/51oYnbK6FRL._SL500_.jpg","type":"image\/jpeg"}],"twitter_card":"summary_large_image","schema":{"@context":"https:\/\/schema.org","@graph":[{"@type":"WebPage","@id":"https:\/\/marktxxl.de\/markt\/produkt\/amazon-marke-spotted-zebra-maedchen-long-sleeve-sparkle-tutu-dresses\/","url":"https:\/\/marktxxl.de\/markt\/produkt\/amazon-marke-spotted-zebra-maedchen-long-sleeve-sparkle-tutu-dresses\/","name":"Spotted Zebra M\u00e4dchen Glitzerndes Tutu-Str\u00edckkleid mit Langen \u00c4rmeln - Markt-XXL","isPartOf":{"@id":"https:\/\/marktxxl.de\/markt\/#website"},"primaryImageOfPage":{"@id":"https:\/\/marktxxl.de\/markt\/produkt\/amazon-marke-spotted-zebra-maedchen-long-sleeve-sparkle-tutu-dresses\/#primaryimage"},"image":{"@id":"https:\/\/marktxxl.de\/markt\/produkt\/amazon-marke-spotted-zebra-maedchen-long-sleeve-sparkle-tutu-dresses\/#primaryimage"},"thumbnailUrl":"https:\/\/m.media-amazon.com\/images\/I\/51oYnbK6FRL._SL500_.jpg","datePublished":"2021-09-13T20:48:59+00:00","dateModified":"2023-04-10T23:55:12+00:00","description":"Markt-XXL Spotted Zebra M\u00e4dchen Glitzerndes Tutu-Str\u00edckkleid mit Langen \u00c4rmeln","breadcrumb":{"@id":"https:\/\/marktxxl.de\/markt\/produkt\/amazon-marke-spotted-zebra-maedchen-long-sleeve-sparkle-tutu-dresses\/#breadcrumb"},"inLanguage":"de","potentialAction":[{"@type":"ReadAction","target":["https:\/\/marktxxl.de\/markt\/produkt\/amazon-marke-spotted-zebra-maedchen-long-sleeve-sparkle-tutu-dresses\/"]}]},{"@type":"ImageObject","inLanguage":"de","@id":"https:\/\/marktxxl.de\/markt\/produkt\/amazon-marke-spotted-zebra-maedchen-long-sleeve-sparkle-tutu-dresses\/#primaryimage","url":"https:\/\/m.media-amazon.com\/images\/I\/51oYnbK6FRL._SL500_.jpg","contentUrl":"https:\/\/m.media-amazon.com\/images\/I\/51oYnbK6FRL._SL500_.jpg","width":374,"height":500},{"@type":"BreadcrumbList","@id":"https:\/\/marktxxl.de\/markt\/produkt\/amazon-marke-spotted-zebra-maedchen-long-sleeve-sparkle-tutu-dresses\/#breadcrumb","itemListElement":[{"@type":"ListItem","position":1,"name":"Startseite","item":"https:\/\/marktxxl.de\/markt\/"},{"@type":"ListItem","position":2,"name":"Markt","item":"https:\/\/marktxxl.de\/markt\/"},{"@type":"ListItem","position":3,"name":"Spotted Zebra M\u00e4dchen Glitzerndes Tutu-Str\u00edckkleid mit Langen \u00c4rmeln"}]},{"@type":"WebSite","@id":"https:\/\/marktxxl.de\/markt\/#website","url":"https:\/\/marktxxl.de\/markt\/","name":"Markt-XXL","description":"Ihr Markt Online","publisher":{"@id":"https:\/\/marktxxl.de\/markt\/#organization"},"potentialAction":[{"@type":"SearchAction","target":{"@type":"EntryPoint","urlTemplate":"https:\/\/marktxxl.de\/markt\/?s={search_term_string}"},"query-input":{"@type":"PropertyValueSpecification","valueRequired":true,"valueName":"search_term_string"}}],"inLanguage":"de"},{"@type":"Organization","@id":"https:\/\/marktxxl.de\/markt\/#organization","name":"Markt-XXL","url":"https:\/\/marktxxl.de\/markt\/","logo":{"@type":"ImageObject","inLanguage":"de","@id":"https:\/\/marktxxl.de\/markt\/#\/schema\/logo\/image\/","url":"https:\/\/marktxxl.de\/markt\/wp-content\/uploads\/sites\/3\/2020\/12\/logo.png","contentUrl":"https:\/\/marktxxl.de\/markt\/wp-content\/uploads\/sites\/3\/2020\/12\/logo.png","width":200,"height":70,"caption":"Markt-XXL"},"image":{"@id":"https:\/\/marktxxl.de\/markt\/#\/schema\/logo\/image\/"}}]}},"_links":{"self":[{"href":"https:\/\/marktxxl.de\/markt\/wp-json\/wp\/v2\/product\/38573","targetHints":{"allow":["GET"]}}],"collection":[{"href":"https:\/\/marktxxl.de\/markt\/wp-json\/wp\/v2\/product"}],"about":[{"href":"https:\/\/marktxxl.de\/markt\/wp-json\/wp\/v2\/types\/product"}],"replies":[{"embeddable":true,"href":"https:\/\/marktxxl.de\/markt\/wp-json\/wp\/v2\/comments?post=38573"}],"wp:featuredmedia":[{"embeddable":true,"href":"https:\/\/marktxxl.de\/markt\/wp-json\/wp\/v2\/media\/38576"}],"wp:attachment":[{"href":"https:\/\/marktxxl.de\/markt\/wp-json\/wp\/v2\/media?parent=38573"}],"wp:term":[{"taxonomy":"product_brand","embeddable":true,"href":"https:\/\/marktxxl.de\/markt\/wp-json\/wp\/v2\/product_brand?post=38573"},{"taxonomy":"product_cat","embeddable":true,"href":"https:\/\/marktxxl.de\/markt\/wp-json\/wp\/v2\/product_cat?post=38573"},{"taxonomy":"product_tag","embeddable":true,"href":"https:\/\/marktxxl.de\/markt\/wp-json\/wp\/v2\/product_tag?post=38573"}],"curies":[{"name":"wp","href":"https:\/\/api.w.org\/{rel}","templated":true}]}}