{"id":38359,"date":"2021-09-13T22:30:41","date_gmt":"2021-09-13T20:30:41","guid":{"rendered":"https:\/\/marktxxl.de\/markt\/produkt\/lichterketten-indoor-aircontrol\/"},"modified":"2023-04-09T01:24:35","modified_gmt":"2023-04-08T23:24:35","slug":"lichterketten-indoor-aircontrol","status":"publish","type":"product","link":"https:\/\/marktxxl.de\/markt\/produkt\/lichterketten-indoor-aircontrol\/","title":{"rendered":"GuirLED &#8211; LED Baumwollkugeln Lichterkette USB &#8211; Drahtlose Fernbedienung &#8211; Baby Nachtlicht 2h &#8211; Dual USB 2A Netzteil\u2026"},"content":{"rendered":"<p>\u27a4 \u3010? 24 ULTRA-BEST\u00c4NDIGE Kugeln\u3011Fein geflochtene Baumwolle &#8211; Best\u00e4ndiger transparenter Kunststoff &#8211; Innenanwendung IP44 &#8211; \u22056 cm &#8211; 4 Farben (Rot, Pink, Perlmutt, Wei\u00df) &#8211; Dekoration f\u00fcr Kinderzimmer, Kind, im Wohnzimmer , der Eingang, auf der Terrasse &#8211; Bringt eine wirklich gem\u00fctliche und warme Atmosph\u00e4re f\u00fcr eine erfolgreiche Dekoration<br \/>\n\u27a4 \u3010? RF-FERNBEDIENUNG\u3011Entfernung bis zu 50 Meter &#8211; Funktioniert durch W\u00e4nde &#8211; Magnetische und \/ oder klebrige Unterst\u00fctzung &#8211; USB-Anschluss &#8211; Duales USB 2A-Netzteil im Lieferumfang enthalten &#8211; Sicher f\u00fcr Kinder &#8211; Hochleistungs-LEDs &#8211; M\u00f6glichkeit von Schlie\u00dfen Sie Ihre Girlande an die externe Batterie von Guirled an (separat erh\u00e4ltlich), um sie \u00fcberall hin mitzunehmen, keine Einwegbatterien mehr &#8211; Verbrauch &lt;3 W \u2013 A +++<br \/>\n\u27a4 \u3010? VARIABLE INTENSIT\u00c4T\u3011 4 Intensit\u00e4tsstufen (100% 75% 50% 25% &#8211; AUS) &#8211; Nachtlicht 2 Stunden auf die gew\u00fcnschte Intensit\u00e4t &#8211; Intensit\u00e4tssicherung &#8211; Gesamtl\u00e4nge: 4 Meter (2,4 Meter Kugeln) &#8211; Intensive Beleuchtung und originelle Lichtprojektionen<br \/>\n\u27a4 \u3010? STECKER- UND SPIELSYSTEM\u3011 Einfache Montage in Sekunden &#8211; Recyclingpapierbox &#8211; Anweisungen auf der Box gedruckt &#8211; Hochwertige Materialien und sch\u00f6ne Oberfl\u00e4chen &#8211; Vorsynchronisierte Fernbedienung (Im Falle einer Desynchronisierung siehe Anweisungen auf der Guirled-Website)<br \/>\n\u27a4 \u3010? 3 JAHRE GARANTIE IN EUROPA\u3011 Entworfen und montiert in Frankreich &#8211; Das Beste aus der franz\u00f6sischen Girlande! www.guirled.com<br \/>\n<div class=\"main-cross-sell\" data-asin=\"&quot;B07FKPLDXF&quot;\">\n\n\t<div class=\"WooZone-cross-sell-loader\">\n\t\t<div>\n\t\t\t<div id=\"floatingBarsG\">\n\t\t\t\t<div class=\"blockG\" id=\"rotateG_01\"><\/div>\n\t\t\t\t<div class=\"blockG\" id=\"rotateG_02\"><\/div>\n\t\t\t\t<div class=\"blockG\" id=\"rotateG_03\"><\/div>\n\t\t\t\t<div class=\"blockG\" id=\"rotateG_04\"><\/div>\n\t\t\t\t<div class=\"blockG\" id=\"rotateG_05\"><\/div>\n\t\t\t\t<div class=\"blockG\" id=\"rotateG_06\"><\/div>\n\t\t\t\t<div class=\"blockG\" id=\"rotateG_07\"><\/div>\n\t\t\t\t<div class=\"blockG\" id=\"rotateG_08\"><\/div>\n\t\t\t<\/div>\n\t\t\t<div class=\"WooZone-cross-sell-loader-text\"><\/div>\n\t\t<\/div>\n\t<\/div>\n\n\t\t\n<\/div>\n<div style=\"clear:both;\"><\/div><\/p>\n","protected":false},"excerpt":{"rendered":"<p>\u27a4 \u3010? 24 ULTRA-BEST\u00c4NDIGE Kugeln\u3011Fein geflochtene Baumwolle &#8211; Best\u00e4ndiger transparenter Kunststoff &#8211; Innenanwendung IP44 &#8211; \u22056 cm &#8211; 4 Farben (Rot, Pink, Perlmutt, Wei\u00df) &#8211; Dekoration f\u00fcr Kinderzimmer, Kind, im Wohnzimmer , der Eingang, auf der Terrasse &#8211; Bringt eine wirklich gem\u00fctliche und warme Atmosph\u00e4re f\u00fcr eine erfolgreiche Dekoration<br \/>\n\u27a4 \u3010? RF-FERNBEDIENUNG\u3011Entfernung bis zu 50 Meter &#8211; Funktioniert durch W\u00e4nde &#8211; Magnetische und \/ oder klebrige Unterst\u00fctzung &#8211; USB-Anschluss &#8211; Duales USB 2A-Netzteil im Lieferumfang enthalten &#8211; Sicher f\u00fcr Kinder &#8211; Hochleistungs-LEDs &#8211; M\u00f6glichkeit von Schlie\u00dfen Sie Ihre Girlande an die externe Batterie von Guirled an (separat erh\u00e4ltlich), um sie \u00fcberall hin mitzunehmen, keine Einwegbatterien mehr &#8211; Verbrauch <\/p>\n","protected":false},"featured_media":38370,"comment_status":"open","ping_status":"closed","template":"","meta":[],"product_brand":[],"product_cat":[2108,15624],"product_tag":[],"class_list":{"0":"post-38359","1":"product","2":"type-product","3":"status-publish","4":"has-post-thumbnail","6":"product_cat-beleuchtung","7":"product_cat-weihnachtsbeleuchtung","8":"pa_brand-guirled","9":"pa_farbe-avatar","10":"pa_farbe-cocktail","11":"pa_farbe-flocon","12":"pa_farbe-purple","13":"pa_farbe-tagada","14":"pa_groesse-16-kugeln","15":"pa_groesse-24-kugeln","16":"pa_manufacturer-guirled","18":"first","19":"instock","20":"shipping-taxable","21":"purchasable","22":"product-type-variable","23":"customify-col","24":"product-has-gallery"},"yoast_head":"<!-- This site is optimized with the Yoast SEO plugin v27.3 - https:\/\/yoast.com\/product\/yoast-seo-wordpress\/ -->\n<title>GuirLED - LED Baumwollkugeln Lichterkette USB - Drahtlose Fernbedienung - Baby Nachtlicht 2h - Dual USB 2A Netzteil\u2026 - Markt-XXL<\/title>\n<meta name=\"description\" content=\"Markt-XXL GuirLED - LED Baumwollkugeln Lichterkette USB - Drahtlose Fernbedienung - Baby Nachtlicht 2h - Dual USB 2A Netzteil\u2026\" \/>\n<meta name=\"robots\" content=\"index, follow, max-snippet:-1, max-image-preview:large, max-video-preview:-1\" \/>\n<link rel=\"canonical\" href=\"https:\/\/marktxxl.de\/markt\/produkt\/lichterketten-indoor-aircontrol\/\" \/>\n<meta property=\"og:locale\" content=\"de_DE\" \/>\n<meta property=\"og:type\" content=\"article\" \/>\n<meta property=\"og:title\" content=\"GuirLED - LED Baumwollkugeln Lichterkette USB - Drahtlose Fernbedienung - Baby Nachtlicht 2h - Dual USB 2A Netzteil\u2026 - Markt-XXL\" \/>\n<meta property=\"og:description\" content=\"Markt-XXL GuirLED - LED Baumwollkugeln Lichterkette USB - Drahtlose Fernbedienung - Baby Nachtlicht 2h - Dual USB 2A Netzteil\u2026\" \/>\n<meta property=\"og:url\" content=\"https:\/\/marktxxl.de\/markt\/produkt\/lichterketten-indoor-aircontrol\/\" \/>\n<meta property=\"og:site_name\" content=\"Markt-XXL\" \/>\n<meta property=\"article:modified_time\" content=\"2023-04-08T23:24:35+00:00\" \/>\n<meta property=\"og:image\" content=\"https:\/\/m.media-amazon.com\/images\/I\/51PzXJiBU4L._SL500_.jpg\" \/>\n\t<meta property=\"og:image:width\" content=\"500\" \/>\n\t<meta property=\"og:image:height\" content=\"500\" \/>\n\t<meta property=\"og:image:type\" content=\"image\/jpeg\" \/>\n<meta name=\"twitter:card\" content=\"summary_large_image\" \/>\n<meta name=\"twitter:label1\" content=\"Gesch\u00e4tzte Lesezeit\" \/>\n\t<meta name=\"twitter:data1\" content=\"1\u00a0Minute\" \/>\n<script type=\"application\/ld+json\" class=\"yoast-schema-graph\">{\"@context\":\"https:\\\/\\\/schema.org\",\"@graph\":[{\"@type\":\"WebPage\",\"@id\":\"https:\\\/\\\/marktxxl.de\\\/markt\\\/produkt\\\/lichterketten-indoor-aircontrol\\\/\",\"url\":\"https:\\\/\\\/marktxxl.de\\\/markt\\\/produkt\\\/lichterketten-indoor-aircontrol\\\/\",\"name\":\"GuirLED - LED Baumwollkugeln Lichterkette USB - Drahtlose Fernbedienung - Baby Nachtlicht 2h - Dual USB 2A Netzteil\u2026 - Markt-XXL\",\"isPartOf\":{\"@id\":\"https:\\\/\\\/marktxxl.de\\\/markt\\\/#website\"},\"primaryImageOfPage\":{\"@id\":\"https:\\\/\\\/marktxxl.de\\\/markt\\\/produkt\\\/lichterketten-indoor-aircontrol\\\/#primaryimage\"},\"image\":{\"@id\":\"https:\\\/\\\/marktxxl.de\\\/markt\\\/produkt\\\/lichterketten-indoor-aircontrol\\\/#primaryimage\"},\"thumbnailUrl\":\"https:\\\/\\\/m.media-amazon.com\\\/images\\\/I\\\/51PzXJiBU4L._SL500_.jpg\",\"datePublished\":\"2021-09-13T20:30:41+00:00\",\"dateModified\":\"2023-04-08T23:24:35+00:00\",\"description\":\"Markt-XXL GuirLED - LED Baumwollkugeln Lichterkette USB - Drahtlose Fernbedienung - Baby Nachtlicht 2h - Dual USB 2A Netzteil\u2026\",\"breadcrumb\":{\"@id\":\"https:\\\/\\\/marktxxl.de\\\/markt\\\/produkt\\\/lichterketten-indoor-aircontrol\\\/#breadcrumb\"},\"inLanguage\":\"de\",\"potentialAction\":[{\"@type\":\"ReadAction\",\"target\":[\"https:\\\/\\\/marktxxl.de\\\/markt\\\/produkt\\\/lichterketten-indoor-aircontrol\\\/\"]}]},{\"@type\":\"ImageObject\",\"inLanguage\":\"de\",\"@id\":\"https:\\\/\\\/marktxxl.de\\\/markt\\\/produkt\\\/lichterketten-indoor-aircontrol\\\/#primaryimage\",\"url\":\"https:\\\/\\\/m.media-amazon.com\\\/images\\\/I\\\/51PzXJiBU4L._SL500_.jpg\",\"contentUrl\":\"https:\\\/\\\/m.media-amazon.com\\\/images\\\/I\\\/51PzXJiBU4L._SL500_.jpg\",\"width\":500,\"height\":500},{\"@type\":\"BreadcrumbList\",\"@id\":\"https:\\\/\\\/marktxxl.de\\\/markt\\\/produkt\\\/lichterketten-indoor-aircontrol\\\/#breadcrumb\",\"itemListElement\":[{\"@type\":\"ListItem\",\"position\":1,\"name\":\"Startseite\",\"item\":\"https:\\\/\\\/marktxxl.de\\\/markt\\\/\"},{\"@type\":\"ListItem\",\"position\":2,\"name\":\"Markt\",\"item\":\"https:\\\/\\\/marktxxl.de\\\/markt\\\/\"},{\"@type\":\"ListItem\",\"position\":3,\"name\":\"GuirLED &#8211; LED Baumwollkugeln Lichterkette USB &#8211; Drahtlose Fernbedienung &#8211; Baby Nachtlicht 2h &#8211; Dual USB 2A Netzteil\u2026\"}]},{\"@type\":\"WebSite\",\"@id\":\"https:\\\/\\\/marktxxl.de\\\/markt\\\/#website\",\"url\":\"https:\\\/\\\/marktxxl.de\\\/markt\\\/\",\"name\":\"Markt-XXL\",\"description\":\"Ihr Markt Online\",\"publisher\":{\"@id\":\"https:\\\/\\\/marktxxl.de\\\/markt\\\/#organization\"},\"potentialAction\":[{\"@type\":\"SearchAction\",\"target\":{\"@type\":\"EntryPoint\",\"urlTemplate\":\"https:\\\/\\\/marktxxl.de\\\/markt\\\/?s={search_term_string}\"},\"query-input\":{\"@type\":\"PropertyValueSpecification\",\"valueRequired\":true,\"valueName\":\"search_term_string\"}}],\"inLanguage\":\"de\"},{\"@type\":\"Organization\",\"@id\":\"https:\\\/\\\/marktxxl.de\\\/markt\\\/#organization\",\"name\":\"Markt-XXL\",\"url\":\"https:\\\/\\\/marktxxl.de\\\/markt\\\/\",\"logo\":{\"@type\":\"ImageObject\",\"inLanguage\":\"de\",\"@id\":\"https:\\\/\\\/marktxxl.de\\\/markt\\\/#\\\/schema\\\/logo\\\/image\\\/\",\"url\":\"https:\\\/\\\/marktxxl.de\\\/markt\\\/wp-content\\\/uploads\\\/sites\\\/3\\\/2020\\\/12\\\/logo.png\",\"contentUrl\":\"https:\\\/\\\/marktxxl.de\\\/markt\\\/wp-content\\\/uploads\\\/sites\\\/3\\\/2020\\\/12\\\/logo.png\",\"width\":200,\"height\":70,\"caption\":\"Markt-XXL\"},\"image\":{\"@id\":\"https:\\\/\\\/marktxxl.de\\\/markt\\\/#\\\/schema\\\/logo\\\/image\\\/\"}}]}<\/script>\n<!-- \/ Yoast SEO plugin. -->","yoast_head_json":{"title":"GuirLED - LED Baumwollkugeln Lichterkette USB - Drahtlose Fernbedienung - Baby Nachtlicht 2h - Dual USB 2A Netzteil\u2026 - Markt-XXL","description":"Markt-XXL GuirLED - LED Baumwollkugeln Lichterkette USB - Drahtlose Fernbedienung - Baby Nachtlicht 2h - Dual USB 2A Netzteil\u2026","robots":{"index":"index","follow":"follow","max-snippet":"max-snippet:-1","max-image-preview":"max-image-preview:large","max-video-preview":"max-video-preview:-1"},"canonical":"https:\/\/marktxxl.de\/markt\/produkt\/lichterketten-indoor-aircontrol\/","og_locale":"de_DE","og_type":"article","og_title":"GuirLED - LED Baumwollkugeln Lichterkette USB - Drahtlose Fernbedienung - Baby Nachtlicht 2h - Dual USB 2A Netzteil\u2026 - Markt-XXL","og_description":"Markt-XXL GuirLED - LED Baumwollkugeln Lichterkette USB - Drahtlose Fernbedienung - Baby Nachtlicht 2h - Dual USB 2A Netzteil\u2026","og_url":"https:\/\/marktxxl.de\/markt\/produkt\/lichterketten-indoor-aircontrol\/","og_site_name":"Markt-XXL","article_modified_time":"2023-04-08T23:24:35+00:00","og_image":[{"width":500,"height":500,"url":"https:\/\/m.media-amazon.com\/images\/I\/51PzXJiBU4L._SL500_.jpg","type":"image\/jpeg"}],"twitter_card":"summary_large_image","twitter_misc":{"Gesch\u00e4tzte Lesezeit":"1\u00a0Minute"},"schema":{"@context":"https:\/\/schema.org","@graph":[{"@type":"WebPage","@id":"https:\/\/marktxxl.de\/markt\/produkt\/lichterketten-indoor-aircontrol\/","url":"https:\/\/marktxxl.de\/markt\/produkt\/lichterketten-indoor-aircontrol\/","name":"GuirLED - LED Baumwollkugeln Lichterkette USB - Drahtlose Fernbedienung - Baby Nachtlicht 2h - Dual USB 2A Netzteil\u2026 - Markt-XXL","isPartOf":{"@id":"https:\/\/marktxxl.de\/markt\/#website"},"primaryImageOfPage":{"@id":"https:\/\/marktxxl.de\/markt\/produkt\/lichterketten-indoor-aircontrol\/#primaryimage"},"image":{"@id":"https:\/\/marktxxl.de\/markt\/produkt\/lichterketten-indoor-aircontrol\/#primaryimage"},"thumbnailUrl":"https:\/\/m.media-amazon.com\/images\/I\/51PzXJiBU4L._SL500_.jpg","datePublished":"2021-09-13T20:30:41+00:00","dateModified":"2023-04-08T23:24:35+00:00","description":"Markt-XXL GuirLED - LED Baumwollkugeln Lichterkette USB - Drahtlose Fernbedienung - Baby Nachtlicht 2h - Dual USB 2A Netzteil\u2026","breadcrumb":{"@id":"https:\/\/marktxxl.de\/markt\/produkt\/lichterketten-indoor-aircontrol\/#breadcrumb"},"inLanguage":"de","potentialAction":[{"@type":"ReadAction","target":["https:\/\/marktxxl.de\/markt\/produkt\/lichterketten-indoor-aircontrol\/"]}]},{"@type":"ImageObject","inLanguage":"de","@id":"https:\/\/marktxxl.de\/markt\/produkt\/lichterketten-indoor-aircontrol\/#primaryimage","url":"https:\/\/m.media-amazon.com\/images\/I\/51PzXJiBU4L._SL500_.jpg","contentUrl":"https:\/\/m.media-amazon.com\/images\/I\/51PzXJiBU4L._SL500_.jpg","width":500,"height":500},{"@type":"BreadcrumbList","@id":"https:\/\/marktxxl.de\/markt\/produkt\/lichterketten-indoor-aircontrol\/#breadcrumb","itemListElement":[{"@type":"ListItem","position":1,"name":"Startseite","item":"https:\/\/marktxxl.de\/markt\/"},{"@type":"ListItem","position":2,"name":"Markt","item":"https:\/\/marktxxl.de\/markt\/"},{"@type":"ListItem","position":3,"name":"GuirLED &#8211; LED Baumwollkugeln Lichterkette USB &#8211; Drahtlose Fernbedienung &#8211; Baby Nachtlicht 2h &#8211; Dual USB 2A Netzteil\u2026"}]},{"@type":"WebSite","@id":"https:\/\/marktxxl.de\/markt\/#website","url":"https:\/\/marktxxl.de\/markt\/","name":"Markt-XXL","description":"Ihr Markt Online","publisher":{"@id":"https:\/\/marktxxl.de\/markt\/#organization"},"potentialAction":[{"@type":"SearchAction","target":{"@type":"EntryPoint","urlTemplate":"https:\/\/marktxxl.de\/markt\/?s={search_term_string}"},"query-input":{"@type":"PropertyValueSpecification","valueRequired":true,"valueName":"search_term_string"}}],"inLanguage":"de"},{"@type":"Organization","@id":"https:\/\/marktxxl.de\/markt\/#organization","name":"Markt-XXL","url":"https:\/\/marktxxl.de\/markt\/","logo":{"@type":"ImageObject","inLanguage":"de","@id":"https:\/\/marktxxl.de\/markt\/#\/schema\/logo\/image\/","url":"https:\/\/marktxxl.de\/markt\/wp-content\/uploads\/sites\/3\/2020\/12\/logo.png","contentUrl":"https:\/\/marktxxl.de\/markt\/wp-content\/uploads\/sites\/3\/2020\/12\/logo.png","width":200,"height":70,"caption":"Markt-XXL"},"image":{"@id":"https:\/\/marktxxl.de\/markt\/#\/schema\/logo\/image\/"}}]}},"_links":{"self":[{"href":"https:\/\/marktxxl.de\/markt\/wp-json\/wp\/v2\/product\/38359","targetHints":{"allow":["GET"]}}],"collection":[{"href":"https:\/\/marktxxl.de\/markt\/wp-json\/wp\/v2\/product"}],"about":[{"href":"https:\/\/marktxxl.de\/markt\/wp-json\/wp\/v2\/types\/product"}],"replies":[{"embeddable":true,"href":"https:\/\/marktxxl.de\/markt\/wp-json\/wp\/v2\/comments?post=38359"}],"wp:featuredmedia":[{"embeddable":true,"href":"https:\/\/marktxxl.de\/markt\/wp-json\/wp\/v2\/media\/38370"}],"wp:attachment":[{"href":"https:\/\/marktxxl.de\/markt\/wp-json\/wp\/v2\/media?parent=38359"}],"wp:term":[{"taxonomy":"product_brand","embeddable":true,"href":"https:\/\/marktxxl.de\/markt\/wp-json\/wp\/v2\/product_brand?post=38359"},{"taxonomy":"product_cat","embeddable":true,"href":"https:\/\/marktxxl.de\/markt\/wp-json\/wp\/v2\/product_cat?post=38359"},{"taxonomy":"product_tag","embeddable":true,"href":"https:\/\/marktxxl.de\/markt\/wp-json\/wp\/v2\/product_tag?post=38359"}],"curies":[{"name":"wp","href":"https:\/\/api.w.org\/{rel}","templated":true}]}}