{"id":38162,"date":"2021-09-13T22:24:38","date_gmt":"2021-09-13T20:24:38","guid":{"rendered":"https:\/\/marktxxl.de\/markt\/produkt\/mars-hydro-led-grow-lampe-sp3000-led-grow-lampen\/"},"modified":"2023-04-09T01:24:32","modified_gmt":"2023-04-08T23:24:32","slug":"mars-hydro-led-grow-lampe-sp3000-led-grow-lampen","status":"publish","type":"product","link":"https:\/\/marktxxl.de\/markt\/produkt\/mars-hydro-led-grow-lampe-sp3000-led-grow-lampen\/","title":{"rendered":"MARS HYDRO LED Grow Lampe SP3000 LED Grow LAMPEN"},"content":{"rendered":"<p>Volles Spektrum: MARSHYDRO SP 200 LED Wachstumsleuchte bietet volles Spektrum mit IR f\u00fcr maximale Photosynthese. Spektrum: 650 ~ 665 nm 3000 ~ 3200 K 6000 ~ 6500 K.<br \/>\nGeeignet f\u00fcr Zimmerpflanzen: Die gro\u00dfe Innovation dieser neuen MARSHYDRO LED ist mehr rote Lichter hinzugef\u00fcgt, um gr\u00f6\u00dfere Blumen, gr\u00f6\u00dfere Fr\u00fcchte und Kr\u00e4uter zu erreichen und h\u00f6here Ertr\u00e4ge zu erzielen. Maximale Ergiebigkeit: 2,5 g\/Watt.<br \/>\nIm Vergleich zu herk\u00f6mmlichen 400 Watt HPS\/MH bei einem Verbrauch von nur 260 Watt. Perfekt f\u00fcr eine 6,4 x 11,4 m vegetative Abdeckung bei 61 cm, w\u00e4hrend 5,1 x 10,2 cm Bl\u00fctenabdeckung bei 45,7 cm ist.<br \/>\nZero Decibel SP 200 hat das neueste K\u00fchlsystem. MARSHYDRO verwendet die Aluminiumlegierung Abdeckung, um den urspr\u00fcnglichen lauten L\u00fcfter zu ersetzen, um den K\u00fchlk\u00f6rper und Reflektor zu ersetzen. Sie k\u00f6nnen einige L\u00fcfter je nach Situation und Umgebung hinzuf\u00fcgen. Es wird Ihr Wachstum leicht und leise machen.<br \/>\nZufriedenheitsgarantie: 1 Jahr authentische Garantie mit Unterst\u00fctzung des Service-Centers in Kalifornien im M\u00e4rz 2019. 30 Tage Geld zur\u00fcck oder Ersatz wenn das Licht Probleme hatte. Innerhalb von 6 Monaten ist die Versandgeb\u00fchr und Ersatzteilgeb\u00fchr kostenlos. Von 6 bis 12 Monaten sind Sie f\u00fcr Versandkosten verantwortlich und ersetzte Teile sind kostenlos.<br \/>\n<div class=\"main-cross-sell\" data-asin=\"B08FQRR9RB\">\n\n\t<div class=\"WooZone-cross-sell-loader\">\n\t\t<div>\n\t\t\t<div id=\"floatingBarsG\">\n\t\t\t\t<div class=\"blockG\" id=\"rotateG_01\"><\/div>\n\t\t\t\t<div class=\"blockG\" id=\"rotateG_02\"><\/div>\n\t\t\t\t<div class=\"blockG\" id=\"rotateG_03\"><\/div>\n\t\t\t\t<div class=\"blockG\" id=\"rotateG_04\"><\/div>\n\t\t\t\t<div class=\"blockG\" id=\"rotateG_05\"><\/div>\n\t\t\t\t<div class=\"blockG\" id=\"rotateG_06\"><\/div>\n\t\t\t\t<div class=\"blockG\" id=\"rotateG_07\"><\/div>\n\t\t\t\t<div class=\"blockG\" id=\"rotateG_08\"><\/div>\n\t\t\t<\/div>\n\t\t\t<div class=\"WooZone-cross-sell-loader-text\"><\/div>\n\t\t<\/div>\n\t<\/div>\n\n\t\t\n<\/div>\n<div style=\"clear:both;\"><\/div><\/p>\n","protected":false},"excerpt":{"rendered":"<p>Volles Spektrum: MARSHYDRO SP 200 LED Wachstumsleuchte bietet volles Spektrum mit IR f\u00fcr maximale Photosynthese. Spektrum: 650 ~ 665 nm 3000 ~ 3200 K 6000 ~ 6500 K.<br \/>\nGeeignet f\u00fcr Zimmerpflanzen: Die gro\u00dfe Innovation dieser neuen MARSHYDRO LED ist mehr rote Lichter hinzugef\u00fcgt, um gr\u00f6\u00dfere Blumen, gr\u00f6\u00dfere Fr\u00fcchte und Kr\u00e4uter zu erreichen und h\u00f6here Ertr\u00e4ge zu erzielen. Maximale Ergiebigkeit: 2,5 g\/Watt.<br \/>\nIm Vergleich zu herk\u00f6mmlichen 400 Watt HPS\/MH bei einem Verbrauch von nur 260 Watt. Perfekt f\u00fcr eine 6,4 x 11,4 m vegetative Abdeckung bei 61 cm, w\u00e4hrend 5,1 x 10,2 cm Bl\u00fctenabdeckung bei 45,7 cm ist.<\/p>\n","protected":false},"featured_media":38163,"comment_status":"open","ping_status":"closed","template":"","meta":[],"product_brand":[],"product_cat":[2108,11521],"product_tag":[],"class_list":{"0":"post-38162","1":"product","2":"type-product","3":"status-publish","4":"has-post-thumbnail","6":"product_cat-beleuchtung","7":"product_cat-leuchtmittel","8":"pa_brand-mars-hydro","9":"pa_height-3-15-zoll","10":"pa_length-42-51-zoll","11":"pa_manufacturer-lg-led-solutions-limited","12":"pa_size-sp3000fbm-new","13":"pa_weight-8-82-pfund","14":"pa_width-3-54-zoll","16":"first","17":"instock","18":"shipping-taxable","19":"purchasable","20":"product-type-simple","21":"customify-col","22":"product-has-gallery"},"yoast_head":"<!-- This site is optimized with the Yoast SEO plugin v27.3 - https:\/\/yoast.com\/product\/yoast-seo-wordpress\/ -->\n<title>MARS HYDRO LED Grow Lampe SP3000 LED Grow LAMPEN - Markt-XXL<\/title>\n<meta name=\"description\" content=\"Markt-XXL MARS HYDRO LED Grow Lampe SP3000 LED Grow LAMPEN\" \/>\n<meta name=\"robots\" content=\"index, follow, max-snippet:-1, max-image-preview:large, max-video-preview:-1\" \/>\n<link rel=\"canonical\" href=\"https:\/\/marktxxl.de\/markt\/produkt\/mars-hydro-led-grow-lampe-sp3000-led-grow-lampen\/\" \/>\n<meta property=\"og:locale\" content=\"de_DE\" \/>\n<meta property=\"og:type\" content=\"article\" \/>\n<meta property=\"og:title\" content=\"MARS HYDRO LED Grow Lampe SP3000 LED Grow LAMPEN - Markt-XXL\" \/>\n<meta property=\"og:description\" content=\"Markt-XXL MARS HYDRO LED Grow Lampe SP3000 LED Grow LAMPEN\" \/>\n<meta property=\"og:url\" content=\"https:\/\/marktxxl.de\/markt\/produkt\/mars-hydro-led-grow-lampe-sp3000-led-grow-lampen\/\" \/>\n<meta property=\"og:site_name\" content=\"Markt-XXL\" \/>\n<meta property=\"article:modified_time\" content=\"2023-04-08T23:24:32+00:00\" \/>\n<meta property=\"og:image\" content=\"https:\/\/m.media-amazon.com\/images\/I\/41GgQWKKewL._SL500_.jpg\" \/>\n\t<meta property=\"og:image:width\" content=\"500\" \/>\n\t<meta property=\"og:image:height\" content=\"500\" \/>\n\t<meta property=\"og:image:type\" content=\"image\/jpeg\" \/>\n<meta name=\"twitter:card\" content=\"summary_large_image\" \/>\n<meta name=\"twitter:label1\" content=\"Gesch\u00e4tzte Lesezeit\" \/>\n\t<meta name=\"twitter:data1\" content=\"1\u00a0Minute\" \/>\n<script type=\"application\/ld+json\" class=\"yoast-schema-graph\">{\"@context\":\"https:\\\/\\\/schema.org\",\"@graph\":[{\"@type\":\"WebPage\",\"@id\":\"https:\\\/\\\/marktxxl.de\\\/markt\\\/produkt\\\/mars-hydro-led-grow-lampe-sp3000-led-grow-lampen\\\/\",\"url\":\"https:\\\/\\\/marktxxl.de\\\/markt\\\/produkt\\\/mars-hydro-led-grow-lampe-sp3000-led-grow-lampen\\\/\",\"name\":\"MARS HYDRO LED Grow Lampe SP3000 LED Grow LAMPEN - Markt-XXL\",\"isPartOf\":{\"@id\":\"https:\\\/\\\/marktxxl.de\\\/markt\\\/#website\"},\"primaryImageOfPage\":{\"@id\":\"https:\\\/\\\/marktxxl.de\\\/markt\\\/produkt\\\/mars-hydro-led-grow-lampe-sp3000-led-grow-lampen\\\/#primaryimage\"},\"image\":{\"@id\":\"https:\\\/\\\/marktxxl.de\\\/markt\\\/produkt\\\/mars-hydro-led-grow-lampe-sp3000-led-grow-lampen\\\/#primaryimage\"},\"thumbnailUrl\":\"https:\\\/\\\/m.media-amazon.com\\\/images\\\/I\\\/41GgQWKKewL._SL500_.jpg\",\"datePublished\":\"2021-09-13T20:24:38+00:00\",\"dateModified\":\"2023-04-08T23:24:32+00:00\",\"description\":\"Markt-XXL MARS HYDRO LED Grow Lampe SP3000 LED Grow LAMPEN\",\"breadcrumb\":{\"@id\":\"https:\\\/\\\/marktxxl.de\\\/markt\\\/produkt\\\/mars-hydro-led-grow-lampe-sp3000-led-grow-lampen\\\/#breadcrumb\"},\"inLanguage\":\"de\",\"potentialAction\":[{\"@type\":\"ReadAction\",\"target\":[\"https:\\\/\\\/marktxxl.de\\\/markt\\\/produkt\\\/mars-hydro-led-grow-lampe-sp3000-led-grow-lampen\\\/\"]}]},{\"@type\":\"ImageObject\",\"inLanguage\":\"de\",\"@id\":\"https:\\\/\\\/marktxxl.de\\\/markt\\\/produkt\\\/mars-hydro-led-grow-lampe-sp3000-led-grow-lampen\\\/#primaryimage\",\"url\":\"https:\\\/\\\/m.media-amazon.com\\\/images\\\/I\\\/41GgQWKKewL._SL500_.jpg\",\"contentUrl\":\"https:\\\/\\\/m.media-amazon.com\\\/images\\\/I\\\/41GgQWKKewL._SL500_.jpg\",\"width\":500,\"height\":500},{\"@type\":\"BreadcrumbList\",\"@id\":\"https:\\\/\\\/marktxxl.de\\\/markt\\\/produkt\\\/mars-hydro-led-grow-lampe-sp3000-led-grow-lampen\\\/#breadcrumb\",\"itemListElement\":[{\"@type\":\"ListItem\",\"position\":1,\"name\":\"Startseite\",\"item\":\"https:\\\/\\\/marktxxl.de\\\/markt\\\/\"},{\"@type\":\"ListItem\",\"position\":2,\"name\":\"Markt\",\"item\":\"https:\\\/\\\/marktxxl.de\\\/markt\\\/\"},{\"@type\":\"ListItem\",\"position\":3,\"name\":\"MARS HYDRO LED Grow Lampe SP3000 LED Grow LAMPEN\"}]},{\"@type\":\"WebSite\",\"@id\":\"https:\\\/\\\/marktxxl.de\\\/markt\\\/#website\",\"url\":\"https:\\\/\\\/marktxxl.de\\\/markt\\\/\",\"name\":\"Markt-XXL\",\"description\":\"Ihr Markt Online\",\"publisher\":{\"@id\":\"https:\\\/\\\/marktxxl.de\\\/markt\\\/#organization\"},\"potentialAction\":[{\"@type\":\"SearchAction\",\"target\":{\"@type\":\"EntryPoint\",\"urlTemplate\":\"https:\\\/\\\/marktxxl.de\\\/markt\\\/?s={search_term_string}\"},\"query-input\":{\"@type\":\"PropertyValueSpecification\",\"valueRequired\":true,\"valueName\":\"search_term_string\"}}],\"inLanguage\":\"de\"},{\"@type\":\"Organization\",\"@id\":\"https:\\\/\\\/marktxxl.de\\\/markt\\\/#organization\",\"name\":\"Markt-XXL\",\"url\":\"https:\\\/\\\/marktxxl.de\\\/markt\\\/\",\"logo\":{\"@type\":\"ImageObject\",\"inLanguage\":\"de\",\"@id\":\"https:\\\/\\\/marktxxl.de\\\/markt\\\/#\\\/schema\\\/logo\\\/image\\\/\",\"url\":\"https:\\\/\\\/marktxxl.de\\\/markt\\\/wp-content\\\/uploads\\\/sites\\\/3\\\/2020\\\/12\\\/logo.png\",\"contentUrl\":\"https:\\\/\\\/marktxxl.de\\\/markt\\\/wp-content\\\/uploads\\\/sites\\\/3\\\/2020\\\/12\\\/logo.png\",\"width\":200,\"height\":70,\"caption\":\"Markt-XXL\"},\"image\":{\"@id\":\"https:\\\/\\\/marktxxl.de\\\/markt\\\/#\\\/schema\\\/logo\\\/image\\\/\"}}]}<\/script>\n<!-- \/ Yoast SEO plugin. -->","yoast_head_json":{"title":"MARS HYDRO LED Grow Lampe SP3000 LED Grow LAMPEN - Markt-XXL","description":"Markt-XXL MARS HYDRO LED Grow Lampe SP3000 LED Grow LAMPEN","robots":{"index":"index","follow":"follow","max-snippet":"max-snippet:-1","max-image-preview":"max-image-preview:large","max-video-preview":"max-video-preview:-1"},"canonical":"https:\/\/marktxxl.de\/markt\/produkt\/mars-hydro-led-grow-lampe-sp3000-led-grow-lampen\/","og_locale":"de_DE","og_type":"article","og_title":"MARS HYDRO LED Grow Lampe SP3000 LED Grow LAMPEN - Markt-XXL","og_description":"Markt-XXL MARS HYDRO LED Grow Lampe SP3000 LED Grow LAMPEN","og_url":"https:\/\/marktxxl.de\/markt\/produkt\/mars-hydro-led-grow-lampe-sp3000-led-grow-lampen\/","og_site_name":"Markt-XXL","article_modified_time":"2023-04-08T23:24:32+00:00","og_image":[{"width":500,"height":500,"url":"https:\/\/m.media-amazon.com\/images\/I\/41GgQWKKewL._SL500_.jpg","type":"image\/jpeg"}],"twitter_card":"summary_large_image","twitter_misc":{"Gesch\u00e4tzte Lesezeit":"1\u00a0Minute"},"schema":{"@context":"https:\/\/schema.org","@graph":[{"@type":"WebPage","@id":"https:\/\/marktxxl.de\/markt\/produkt\/mars-hydro-led-grow-lampe-sp3000-led-grow-lampen\/","url":"https:\/\/marktxxl.de\/markt\/produkt\/mars-hydro-led-grow-lampe-sp3000-led-grow-lampen\/","name":"MARS HYDRO LED Grow Lampe SP3000 LED Grow LAMPEN - Markt-XXL","isPartOf":{"@id":"https:\/\/marktxxl.de\/markt\/#website"},"primaryImageOfPage":{"@id":"https:\/\/marktxxl.de\/markt\/produkt\/mars-hydro-led-grow-lampe-sp3000-led-grow-lampen\/#primaryimage"},"image":{"@id":"https:\/\/marktxxl.de\/markt\/produkt\/mars-hydro-led-grow-lampe-sp3000-led-grow-lampen\/#primaryimage"},"thumbnailUrl":"https:\/\/m.media-amazon.com\/images\/I\/41GgQWKKewL._SL500_.jpg","datePublished":"2021-09-13T20:24:38+00:00","dateModified":"2023-04-08T23:24:32+00:00","description":"Markt-XXL MARS HYDRO LED Grow Lampe SP3000 LED Grow LAMPEN","breadcrumb":{"@id":"https:\/\/marktxxl.de\/markt\/produkt\/mars-hydro-led-grow-lampe-sp3000-led-grow-lampen\/#breadcrumb"},"inLanguage":"de","potentialAction":[{"@type":"ReadAction","target":["https:\/\/marktxxl.de\/markt\/produkt\/mars-hydro-led-grow-lampe-sp3000-led-grow-lampen\/"]}]},{"@type":"ImageObject","inLanguage":"de","@id":"https:\/\/marktxxl.de\/markt\/produkt\/mars-hydro-led-grow-lampe-sp3000-led-grow-lampen\/#primaryimage","url":"https:\/\/m.media-amazon.com\/images\/I\/41GgQWKKewL._SL500_.jpg","contentUrl":"https:\/\/m.media-amazon.com\/images\/I\/41GgQWKKewL._SL500_.jpg","width":500,"height":500},{"@type":"BreadcrumbList","@id":"https:\/\/marktxxl.de\/markt\/produkt\/mars-hydro-led-grow-lampe-sp3000-led-grow-lampen\/#breadcrumb","itemListElement":[{"@type":"ListItem","position":1,"name":"Startseite","item":"https:\/\/marktxxl.de\/markt\/"},{"@type":"ListItem","position":2,"name":"Markt","item":"https:\/\/marktxxl.de\/markt\/"},{"@type":"ListItem","position":3,"name":"MARS HYDRO LED Grow Lampe SP3000 LED Grow LAMPEN"}]},{"@type":"WebSite","@id":"https:\/\/marktxxl.de\/markt\/#website","url":"https:\/\/marktxxl.de\/markt\/","name":"Markt-XXL","description":"Ihr Markt Online","publisher":{"@id":"https:\/\/marktxxl.de\/markt\/#organization"},"potentialAction":[{"@type":"SearchAction","target":{"@type":"EntryPoint","urlTemplate":"https:\/\/marktxxl.de\/markt\/?s={search_term_string}"},"query-input":{"@type":"PropertyValueSpecification","valueRequired":true,"valueName":"search_term_string"}}],"inLanguage":"de"},{"@type":"Organization","@id":"https:\/\/marktxxl.de\/markt\/#organization","name":"Markt-XXL","url":"https:\/\/marktxxl.de\/markt\/","logo":{"@type":"ImageObject","inLanguage":"de","@id":"https:\/\/marktxxl.de\/markt\/#\/schema\/logo\/image\/","url":"https:\/\/marktxxl.de\/markt\/wp-content\/uploads\/sites\/3\/2020\/12\/logo.png","contentUrl":"https:\/\/marktxxl.de\/markt\/wp-content\/uploads\/sites\/3\/2020\/12\/logo.png","width":200,"height":70,"caption":"Markt-XXL"},"image":{"@id":"https:\/\/marktxxl.de\/markt\/#\/schema\/logo\/image\/"}}]}},"_links":{"self":[{"href":"https:\/\/marktxxl.de\/markt\/wp-json\/wp\/v2\/product\/38162","targetHints":{"allow":["GET"]}}],"collection":[{"href":"https:\/\/marktxxl.de\/markt\/wp-json\/wp\/v2\/product"}],"about":[{"href":"https:\/\/marktxxl.de\/markt\/wp-json\/wp\/v2\/types\/product"}],"replies":[{"embeddable":true,"href":"https:\/\/marktxxl.de\/markt\/wp-json\/wp\/v2\/comments?post=38162"}],"wp:featuredmedia":[{"embeddable":true,"href":"https:\/\/marktxxl.de\/markt\/wp-json\/wp\/v2\/media\/38163"}],"wp:attachment":[{"href":"https:\/\/marktxxl.de\/markt\/wp-json\/wp\/v2\/media?parent=38162"}],"wp:term":[{"taxonomy":"product_brand","embeddable":true,"href":"https:\/\/marktxxl.de\/markt\/wp-json\/wp\/v2\/product_brand?post=38162"},{"taxonomy":"product_cat","embeddable":true,"href":"https:\/\/marktxxl.de\/markt\/wp-json\/wp\/v2\/product_cat?post=38162"},{"taxonomy":"product_tag","embeddable":true,"href":"https:\/\/marktxxl.de\/markt\/wp-json\/wp\/v2\/product_tag?post=38162"}],"curies":[{"name":"wp","href":"https:\/\/api.w.org\/{rel}","templated":true}]}}