{"id":38024,"date":"2021-09-13T22:18:57","date_gmt":"2021-09-13T20:18:57","guid":{"rendered":"https:\/\/marktxxl.de\/markt\/produkt\/solar-fackeln-lampe-infray-solar-flammenlicht-solarlampen-fuer-aussen-33-led-solarleuchten-garten-aussen-solar-gartenleuchte-mit-flammeneffekt-ip65-wasserdicht-gartenfackeln-solar-lampe-4-stue\/"},"modified":"2023-04-09T01:24:31","modified_gmt":"2023-04-08T23:24:31","slug":"solar-fackeln-lampe-infray-solar-flammenlicht-solarlampen-fuer-aussen-33-led-solarleuchten-garten-aussen-solar-gartenleuchte-mit-flammeneffekt-ip65-wasserdicht-gartenfackeln-solar-lampe-4-stue","status":"publish","type":"product","link":"https:\/\/marktxxl.de\/markt\/produkt\/solar-fackeln-lampe-infray-solar-flammenlicht-solarlampen-fuer-aussen-33-led-solarleuchten-garten-aussen-solar-gartenleuchte-mit-flammeneffekt-ip65-wasserdicht-gartenfackeln-solar-lampe-4-stue\/","title":{"rendered":"infray Solar Fackeln Lampe, Solar Flammenlicht, Solarlampen f\u00fcr Au\u00dfen, 33 LED Solarleuchten Garten Au\u00dfen, Solar\u2026"},"content":{"rendered":"<p>\u3010Solar Fackeln mit Tanzflammeneffekt \u3011infray Solar Flammenlicht verf\u00fcgt \u00fcber einen sch\u00f6nen tanzenden Flammeneffekt, der eine warme, romanische Atmosph\u00e4re schafft. Mit der hellen Beleuchtung ist die Solarlampe f\u00fcr Au\u00dfen eine beste Dekoration f\u00fcr den Garten, Wege und die Veranstaltungen im Freien wie die Familienfeiern, Party und Campings.<br \/>\n\u3010600mAh Batterie &amp; lange Beleuchtungszeit\u3011Die Solarleuchten f\u00fcr Au\u00dfen ist mit einer 600 mAh Solarbatterie eingebaut, die 600mAh Baterrie kann 6-8 Stunden Beleuchtungszeit in den Sommer und 4-5 Stunden in den Winter gew\u00e4hrleisten ( nach voller Aufladung ).<br \/>\n\u3010Automatischer D\u00e4mmerungssensor &amp; Umweltschutz\u3011Die Solarleuchten Garten verf\u00fcgen \u00fcber einen EIN\/AUS-Schalter und einen D\u00e4mmerungssensor. Das Solarlicht wird tages\u00fcber automatisch aufladen und in der Nacht automatisch leuchten. Sir brauchen keine zus\u00e4tzliche Energiekosten bezahlen und es ist auch umweltfreundlich.<br \/>\n\u3010Aus ABS Matrial &amp; IP65 Wasserdicht\u3011 Die Solarlampen f\u00fcr Au\u00dfen sind aus hochwertigem ABS Kunststof hergestellt und die kompakten Gartenfackeln sind wasserdicht und wetterungsbest\u00e4ndig. Durch das IP 65 Wasserdichte Design kann die Solarlampe unter verschiedenen Wetter ( sonniger Tag \/ Regen \/ Schnee) verwendet werden. So sind die Leuchten besonders geeignet f\u00fcr die Au\u00dfenbreiche wie Garten, Balkon Zaun, Deck und Terrasse.<br \/>\n\u3010Einfache Installation &amp; Packageinhalt\u3011 Vor der Einsetzung in den Boden dr\u00fccken Sie bitte die Taste &#8220;ON&#8221; , einfach installieren Solar Fackeln \u00fcberall, mit dem Erdspie\u00df lassen sich die Solarleuchten an der gew\u00fcnschten Stelle fest im Erdreich verankern. Packageinhalt: 4*infray Solar Fackeln Lampen, 4*Plastik Erdspie\u00df, 4*verl\u00e4ngerter Erdspie\u00df, 4*Wandmontagekomponenten, 1*Benutzerhandbuch.<br \/>\n<div class=\"main-cross-sell\" data-asin=\"B097DRDM63\">\n\n\t<div class=\"WooZone-cross-sell-loader\">\n\t\t<div>\n\t\t\t<div id=\"floatingBarsG\">\n\t\t\t\t<div class=\"blockG\" id=\"rotateG_01\"><\/div>\n\t\t\t\t<div class=\"blockG\" id=\"rotateG_02\"><\/div>\n\t\t\t\t<div class=\"blockG\" id=\"rotateG_03\"><\/div>\n\t\t\t\t<div class=\"blockG\" id=\"rotateG_04\"><\/div>\n\t\t\t\t<div class=\"blockG\" id=\"rotateG_05\"><\/div>\n\t\t\t\t<div class=\"blockG\" id=\"rotateG_06\"><\/div>\n\t\t\t\t<div class=\"blockG\" id=\"rotateG_07\"><\/div>\n\t\t\t\t<div class=\"blockG\" id=\"rotateG_08\"><\/div>\n\t\t\t<\/div>\n\t\t\t<div class=\"WooZone-cross-sell-loader-text\"><\/div>\n\t\t<\/div>\n\t<\/div>\n\n\t\t\n<\/div>\n<div style=\"clear:both;\"><\/div><\/p>\n","protected":false},"excerpt":{"rendered":"<p>\u3010Solar Fackeln mit Tanzflammeneffekt \u3011infray Solar Flammenlicht verf\u00fcgt \u00fcber einen sch\u00f6nen tanzenden Flammeneffekt, der eine warme, romanische Atmosph\u00e4re schafft. Mit der hellen Beleuchtung ist die Solarlampe f\u00fcr Au\u00dfen eine beste Dekoration f\u00fcr den Garten, Wege und die Veranstaltungen im Freien wie die Familienfeiern, Party und Campings.<br \/>\n\u3010600mAh Batterie &amp; lange Beleuchtungszeit\u3011Die Solarleuchten f\u00fcr Au\u00dfen ist mit einer 600 mAh Solarbatterie eingebaut, die 600mAh Baterrie kann 6-8 Stunden Beleuchtungszeit in den Sommer und 4-5 Stunden in den Winter gew\u00e4hrleisten ( nach voller Aufladung ).<br \/>\n\u3010Automatischer D\u00e4mmerungssensor &amp; Umweltschutz\u3011Die Solarleuchten Garten verf\u00fcgen \u00fcber einen EIN\/AUS-Schalter und einen D\u00e4mmerungssensor. Das Solarlicht wird tages\u00fcber automatisch aufladen und in der Nacht automatisch leuchten. Sir brauchen keine zus\u00e4tzliche Energiekosten bezahlen und es ist auch umweltfreundlich.<\/p>\n","protected":false},"featured_media":38025,"comment_status":"open","ping_status":"closed","template":"","meta":[],"product_brand":[],"product_cat":[11446,2108],"product_tag":[],"class_list":{"0":"post-38024","1":"product","2":"type-product","3":"status-publish","4":"has-post-thumbnail","6":"product_cat-aussenbeleuchtung","7":"product_cat-beleuchtung","8":"pa_brand-infray","9":"pa_height-23-0314960395-zoll","10":"pa_length-3-7401574765-zoll","11":"pa_manufacturer-ninghai-bayhong-electric-appliance-factory","12":"pa_width-3-7401574765-zoll","14":"first","15":"instock","16":"shipping-taxable","17":"purchasable","18":"product-type-simple","19":"customify-col","20":"product-has-gallery"},"yoast_head":"<!-- This site is optimized with the Yoast SEO plugin v27.3 - https:\/\/yoast.com\/product\/yoast-seo-wordpress\/ -->\n<title>infray Solar Fackeln Lampe, Solar Flammenlicht, Solarlampen f\u00fcr Au\u00dfen, 33 LED Solarleuchten Garten Au\u00dfen, Solar\u2026 - Markt-XXL<\/title>\n<meta name=\"description\" content=\"Markt-XXL infray Solar Fackeln Lampe, Solar Flammenlicht, Solarlampen f\u00fcr Au\u00dfen, 33 LED Solarleuchten Garten Au\u00dfen, Solar\u2026\" \/>\n<meta name=\"robots\" content=\"index, follow, max-snippet:-1, max-image-preview:large, max-video-preview:-1\" \/>\n<link rel=\"canonical\" href=\"https:\/\/marktxxl.de\/markt\/produkt\/solar-fackeln-lampe-infray-solar-flammenlicht-solarlampen-fuer-aussen-33-led-solarleuchten-garten-aussen-solar-gartenleuchte-mit-flammeneffekt-ip65-wasserdicht-gartenfackeln-solar-lampe-4-stue\/\" \/>\n<meta property=\"og:locale\" content=\"de_DE\" \/>\n<meta property=\"og:type\" content=\"article\" \/>\n<meta property=\"og:title\" content=\"infray Solar Fackeln Lampe, Solar Flammenlicht, Solarlampen f\u00fcr Au\u00dfen, 33 LED Solarleuchten Garten Au\u00dfen, Solar\u2026 - Markt-XXL\" \/>\n<meta property=\"og:description\" content=\"Markt-XXL infray Solar Fackeln Lampe, Solar Flammenlicht, Solarlampen f\u00fcr Au\u00dfen, 33 LED Solarleuchten Garten Au\u00dfen, Solar\u2026\" \/>\n<meta property=\"og:url\" content=\"https:\/\/marktxxl.de\/markt\/produkt\/solar-fackeln-lampe-infray-solar-flammenlicht-solarlampen-fuer-aussen-33-led-solarleuchten-garten-aussen-solar-gartenleuchte-mit-flammeneffekt-ip65-wasserdicht-gartenfackeln-solar-lampe-4-stue\/\" \/>\n<meta property=\"og:site_name\" content=\"Markt-XXL\" \/>\n<meta property=\"article:modified_time\" content=\"2023-04-08T23:24:31+00:00\" \/>\n<meta property=\"og:image\" content=\"https:\/\/m.media-amazon.com\/images\/I\/51jixU9kOeL._SL500_.jpg\" \/>\n\t<meta property=\"og:image:width\" content=\"500\" \/>\n\t<meta property=\"og:image:height\" content=\"500\" \/>\n\t<meta property=\"og:image:type\" content=\"image\/jpeg\" \/>\n<meta name=\"twitter:card\" content=\"summary_large_image\" \/>\n<meta name=\"twitter:label1\" content=\"Gesch\u00e4tzte Lesezeit\" \/>\n\t<meta name=\"twitter:data1\" content=\"1\u00a0Minute\" \/>\n<script type=\"application\/ld+json\" class=\"yoast-schema-graph\">{\"@context\":\"https:\\\/\\\/schema.org\",\"@graph\":[{\"@type\":\"WebPage\",\"@id\":\"https:\\\/\\\/marktxxl.de\\\/markt\\\/produkt\\\/solar-fackeln-lampe-infray-solar-flammenlicht-solarlampen-fuer-aussen-33-led-solarleuchten-garten-aussen-solar-gartenleuchte-mit-flammeneffekt-ip65-wasserdicht-gartenfackeln-solar-lampe-4-stue\\\/\",\"url\":\"https:\\\/\\\/marktxxl.de\\\/markt\\\/produkt\\\/solar-fackeln-lampe-infray-solar-flammenlicht-solarlampen-fuer-aussen-33-led-solarleuchten-garten-aussen-solar-gartenleuchte-mit-flammeneffekt-ip65-wasserdicht-gartenfackeln-solar-lampe-4-stue\\\/\",\"name\":\"infray Solar Fackeln Lampe, Solar Flammenlicht, Solarlampen f\u00fcr Au\u00dfen, 33 LED Solarleuchten Garten Au\u00dfen, Solar\u2026 - Markt-XXL\",\"isPartOf\":{\"@id\":\"https:\\\/\\\/marktxxl.de\\\/markt\\\/#website\"},\"primaryImageOfPage\":{\"@id\":\"https:\\\/\\\/marktxxl.de\\\/markt\\\/produkt\\\/solar-fackeln-lampe-infray-solar-flammenlicht-solarlampen-fuer-aussen-33-led-solarleuchten-garten-aussen-solar-gartenleuchte-mit-flammeneffekt-ip65-wasserdicht-gartenfackeln-solar-lampe-4-stue\\\/#primaryimage\"},\"image\":{\"@id\":\"https:\\\/\\\/marktxxl.de\\\/markt\\\/produkt\\\/solar-fackeln-lampe-infray-solar-flammenlicht-solarlampen-fuer-aussen-33-led-solarleuchten-garten-aussen-solar-gartenleuchte-mit-flammeneffekt-ip65-wasserdicht-gartenfackeln-solar-lampe-4-stue\\\/#primaryimage\"},\"thumbnailUrl\":\"https:\\\/\\\/m.media-amazon.com\\\/images\\\/I\\\/51jixU9kOeL._SL500_.jpg\",\"datePublished\":\"2021-09-13T20:18:57+00:00\",\"dateModified\":\"2023-04-08T23:24:31+00:00\",\"description\":\"Markt-XXL infray Solar Fackeln Lampe, Solar Flammenlicht, Solarlampen f\u00fcr Au\u00dfen, 33 LED Solarleuchten Garten Au\u00dfen, Solar\u2026\",\"breadcrumb\":{\"@id\":\"https:\\\/\\\/marktxxl.de\\\/markt\\\/produkt\\\/solar-fackeln-lampe-infray-solar-flammenlicht-solarlampen-fuer-aussen-33-led-solarleuchten-garten-aussen-solar-gartenleuchte-mit-flammeneffekt-ip65-wasserdicht-gartenfackeln-solar-lampe-4-stue\\\/#breadcrumb\"},\"inLanguage\":\"de\",\"potentialAction\":[{\"@type\":\"ReadAction\",\"target\":[\"https:\\\/\\\/marktxxl.de\\\/markt\\\/produkt\\\/solar-fackeln-lampe-infray-solar-flammenlicht-solarlampen-fuer-aussen-33-led-solarleuchten-garten-aussen-solar-gartenleuchte-mit-flammeneffekt-ip65-wasserdicht-gartenfackeln-solar-lampe-4-stue\\\/\"]}]},{\"@type\":\"ImageObject\",\"inLanguage\":\"de\",\"@id\":\"https:\\\/\\\/marktxxl.de\\\/markt\\\/produkt\\\/solar-fackeln-lampe-infray-solar-flammenlicht-solarlampen-fuer-aussen-33-led-solarleuchten-garten-aussen-solar-gartenleuchte-mit-flammeneffekt-ip65-wasserdicht-gartenfackeln-solar-lampe-4-stue\\\/#primaryimage\",\"url\":\"https:\\\/\\\/m.media-amazon.com\\\/images\\\/I\\\/51jixU9kOeL._SL500_.jpg\",\"contentUrl\":\"https:\\\/\\\/m.media-amazon.com\\\/images\\\/I\\\/51jixU9kOeL._SL500_.jpg\",\"width\":500,\"height\":500},{\"@type\":\"BreadcrumbList\",\"@id\":\"https:\\\/\\\/marktxxl.de\\\/markt\\\/produkt\\\/solar-fackeln-lampe-infray-solar-flammenlicht-solarlampen-fuer-aussen-33-led-solarleuchten-garten-aussen-solar-gartenleuchte-mit-flammeneffekt-ip65-wasserdicht-gartenfackeln-solar-lampe-4-stue\\\/#breadcrumb\",\"itemListElement\":[{\"@type\":\"ListItem\",\"position\":1,\"name\":\"Startseite\",\"item\":\"https:\\\/\\\/marktxxl.de\\\/markt\\\/\"},{\"@type\":\"ListItem\",\"position\":2,\"name\":\"Markt\",\"item\":\"https:\\\/\\\/marktxxl.de\\\/markt\\\/\"},{\"@type\":\"ListItem\",\"position\":3,\"name\":\"infray Solar Fackeln Lampe, Solar Flammenlicht, Solarlampen f\u00fcr Au\u00dfen, 33 LED Solarleuchten Garten Au\u00dfen, Solar\u2026\"}]},{\"@type\":\"WebSite\",\"@id\":\"https:\\\/\\\/marktxxl.de\\\/markt\\\/#website\",\"url\":\"https:\\\/\\\/marktxxl.de\\\/markt\\\/\",\"name\":\"Markt-XXL\",\"description\":\"Ihr Markt Online\",\"publisher\":{\"@id\":\"https:\\\/\\\/marktxxl.de\\\/markt\\\/#organization\"},\"potentialAction\":[{\"@type\":\"SearchAction\",\"target\":{\"@type\":\"EntryPoint\",\"urlTemplate\":\"https:\\\/\\\/marktxxl.de\\\/markt\\\/?s={search_term_string}\"},\"query-input\":{\"@type\":\"PropertyValueSpecification\",\"valueRequired\":true,\"valueName\":\"search_term_string\"}}],\"inLanguage\":\"de\"},{\"@type\":\"Organization\",\"@id\":\"https:\\\/\\\/marktxxl.de\\\/markt\\\/#organization\",\"name\":\"Markt-XXL\",\"url\":\"https:\\\/\\\/marktxxl.de\\\/markt\\\/\",\"logo\":{\"@type\":\"ImageObject\",\"inLanguage\":\"de\",\"@id\":\"https:\\\/\\\/marktxxl.de\\\/markt\\\/#\\\/schema\\\/logo\\\/image\\\/\",\"url\":\"https:\\\/\\\/marktxxl.de\\\/markt\\\/wp-content\\\/uploads\\\/sites\\\/3\\\/2020\\\/12\\\/logo.png\",\"contentUrl\":\"https:\\\/\\\/marktxxl.de\\\/markt\\\/wp-content\\\/uploads\\\/sites\\\/3\\\/2020\\\/12\\\/logo.png\",\"width\":200,\"height\":70,\"caption\":\"Markt-XXL\"},\"image\":{\"@id\":\"https:\\\/\\\/marktxxl.de\\\/markt\\\/#\\\/schema\\\/logo\\\/image\\\/\"}}]}<\/script>\n<!-- \/ Yoast SEO plugin. -->","yoast_head_json":{"title":"infray Solar Fackeln Lampe, Solar Flammenlicht, Solarlampen f\u00fcr Au\u00dfen, 33 LED Solarleuchten Garten Au\u00dfen, Solar\u2026 - Markt-XXL","description":"Markt-XXL infray Solar Fackeln Lampe, Solar Flammenlicht, Solarlampen f\u00fcr Au\u00dfen, 33 LED Solarleuchten Garten Au\u00dfen, Solar\u2026","robots":{"index":"index","follow":"follow","max-snippet":"max-snippet:-1","max-image-preview":"max-image-preview:large","max-video-preview":"max-video-preview:-1"},"canonical":"https:\/\/marktxxl.de\/markt\/produkt\/solar-fackeln-lampe-infray-solar-flammenlicht-solarlampen-fuer-aussen-33-led-solarleuchten-garten-aussen-solar-gartenleuchte-mit-flammeneffekt-ip65-wasserdicht-gartenfackeln-solar-lampe-4-stue\/","og_locale":"de_DE","og_type":"article","og_title":"infray Solar Fackeln Lampe, Solar Flammenlicht, Solarlampen f\u00fcr Au\u00dfen, 33 LED Solarleuchten Garten Au\u00dfen, Solar\u2026 - Markt-XXL","og_description":"Markt-XXL infray Solar Fackeln Lampe, Solar Flammenlicht, Solarlampen f\u00fcr Au\u00dfen, 33 LED Solarleuchten Garten Au\u00dfen, Solar\u2026","og_url":"https:\/\/marktxxl.de\/markt\/produkt\/solar-fackeln-lampe-infray-solar-flammenlicht-solarlampen-fuer-aussen-33-led-solarleuchten-garten-aussen-solar-gartenleuchte-mit-flammeneffekt-ip65-wasserdicht-gartenfackeln-solar-lampe-4-stue\/","og_site_name":"Markt-XXL","article_modified_time":"2023-04-08T23:24:31+00:00","og_image":[{"width":500,"height":500,"url":"https:\/\/m.media-amazon.com\/images\/I\/51jixU9kOeL._SL500_.jpg","type":"image\/jpeg"}],"twitter_card":"summary_large_image","twitter_misc":{"Gesch\u00e4tzte Lesezeit":"1\u00a0Minute"},"schema":{"@context":"https:\/\/schema.org","@graph":[{"@type":"WebPage","@id":"https:\/\/marktxxl.de\/markt\/produkt\/solar-fackeln-lampe-infray-solar-flammenlicht-solarlampen-fuer-aussen-33-led-solarleuchten-garten-aussen-solar-gartenleuchte-mit-flammeneffekt-ip65-wasserdicht-gartenfackeln-solar-lampe-4-stue\/","url":"https:\/\/marktxxl.de\/markt\/produkt\/solar-fackeln-lampe-infray-solar-flammenlicht-solarlampen-fuer-aussen-33-led-solarleuchten-garten-aussen-solar-gartenleuchte-mit-flammeneffekt-ip65-wasserdicht-gartenfackeln-solar-lampe-4-stue\/","name":"infray Solar Fackeln Lampe, Solar Flammenlicht, Solarlampen f\u00fcr Au\u00dfen, 33 LED Solarleuchten Garten Au\u00dfen, Solar\u2026 - Markt-XXL","isPartOf":{"@id":"https:\/\/marktxxl.de\/markt\/#website"},"primaryImageOfPage":{"@id":"https:\/\/marktxxl.de\/markt\/produkt\/solar-fackeln-lampe-infray-solar-flammenlicht-solarlampen-fuer-aussen-33-led-solarleuchten-garten-aussen-solar-gartenleuchte-mit-flammeneffekt-ip65-wasserdicht-gartenfackeln-solar-lampe-4-stue\/#primaryimage"},"image":{"@id":"https:\/\/marktxxl.de\/markt\/produkt\/solar-fackeln-lampe-infray-solar-flammenlicht-solarlampen-fuer-aussen-33-led-solarleuchten-garten-aussen-solar-gartenleuchte-mit-flammeneffekt-ip65-wasserdicht-gartenfackeln-solar-lampe-4-stue\/#primaryimage"},"thumbnailUrl":"https:\/\/m.media-amazon.com\/images\/I\/51jixU9kOeL._SL500_.jpg","datePublished":"2021-09-13T20:18:57+00:00","dateModified":"2023-04-08T23:24:31+00:00","description":"Markt-XXL infray Solar Fackeln Lampe, Solar Flammenlicht, Solarlampen f\u00fcr Au\u00dfen, 33 LED Solarleuchten Garten Au\u00dfen, Solar\u2026","breadcrumb":{"@id":"https:\/\/marktxxl.de\/markt\/produkt\/solar-fackeln-lampe-infray-solar-flammenlicht-solarlampen-fuer-aussen-33-led-solarleuchten-garten-aussen-solar-gartenleuchte-mit-flammeneffekt-ip65-wasserdicht-gartenfackeln-solar-lampe-4-stue\/#breadcrumb"},"inLanguage":"de","potentialAction":[{"@type":"ReadAction","target":["https:\/\/marktxxl.de\/markt\/produkt\/solar-fackeln-lampe-infray-solar-flammenlicht-solarlampen-fuer-aussen-33-led-solarleuchten-garten-aussen-solar-gartenleuchte-mit-flammeneffekt-ip65-wasserdicht-gartenfackeln-solar-lampe-4-stue\/"]}]},{"@type":"ImageObject","inLanguage":"de","@id":"https:\/\/marktxxl.de\/markt\/produkt\/solar-fackeln-lampe-infray-solar-flammenlicht-solarlampen-fuer-aussen-33-led-solarleuchten-garten-aussen-solar-gartenleuchte-mit-flammeneffekt-ip65-wasserdicht-gartenfackeln-solar-lampe-4-stue\/#primaryimage","url":"https:\/\/m.media-amazon.com\/images\/I\/51jixU9kOeL._SL500_.jpg","contentUrl":"https:\/\/m.media-amazon.com\/images\/I\/51jixU9kOeL._SL500_.jpg","width":500,"height":500},{"@type":"BreadcrumbList","@id":"https:\/\/marktxxl.de\/markt\/produkt\/solar-fackeln-lampe-infray-solar-flammenlicht-solarlampen-fuer-aussen-33-led-solarleuchten-garten-aussen-solar-gartenleuchte-mit-flammeneffekt-ip65-wasserdicht-gartenfackeln-solar-lampe-4-stue\/#breadcrumb","itemListElement":[{"@type":"ListItem","position":1,"name":"Startseite","item":"https:\/\/marktxxl.de\/markt\/"},{"@type":"ListItem","position":2,"name":"Markt","item":"https:\/\/marktxxl.de\/markt\/"},{"@type":"ListItem","position":3,"name":"infray Solar Fackeln Lampe, Solar Flammenlicht, Solarlampen f\u00fcr Au\u00dfen, 33 LED Solarleuchten Garten Au\u00dfen, Solar\u2026"}]},{"@type":"WebSite","@id":"https:\/\/marktxxl.de\/markt\/#website","url":"https:\/\/marktxxl.de\/markt\/","name":"Markt-XXL","description":"Ihr Markt Online","publisher":{"@id":"https:\/\/marktxxl.de\/markt\/#organization"},"potentialAction":[{"@type":"SearchAction","target":{"@type":"EntryPoint","urlTemplate":"https:\/\/marktxxl.de\/markt\/?s={search_term_string}"},"query-input":{"@type":"PropertyValueSpecification","valueRequired":true,"valueName":"search_term_string"}}],"inLanguage":"de"},{"@type":"Organization","@id":"https:\/\/marktxxl.de\/markt\/#organization","name":"Markt-XXL","url":"https:\/\/marktxxl.de\/markt\/","logo":{"@type":"ImageObject","inLanguage":"de","@id":"https:\/\/marktxxl.de\/markt\/#\/schema\/logo\/image\/","url":"https:\/\/marktxxl.de\/markt\/wp-content\/uploads\/sites\/3\/2020\/12\/logo.png","contentUrl":"https:\/\/marktxxl.de\/markt\/wp-content\/uploads\/sites\/3\/2020\/12\/logo.png","width":200,"height":70,"caption":"Markt-XXL"},"image":{"@id":"https:\/\/marktxxl.de\/markt\/#\/schema\/logo\/image\/"}}]}},"_links":{"self":[{"href":"https:\/\/marktxxl.de\/markt\/wp-json\/wp\/v2\/product\/38024","targetHints":{"allow":["GET"]}}],"collection":[{"href":"https:\/\/marktxxl.de\/markt\/wp-json\/wp\/v2\/product"}],"about":[{"href":"https:\/\/marktxxl.de\/markt\/wp-json\/wp\/v2\/types\/product"}],"replies":[{"embeddable":true,"href":"https:\/\/marktxxl.de\/markt\/wp-json\/wp\/v2\/comments?post=38024"}],"wp:featuredmedia":[{"embeddable":true,"href":"https:\/\/marktxxl.de\/markt\/wp-json\/wp\/v2\/media\/38025"}],"wp:attachment":[{"href":"https:\/\/marktxxl.de\/markt\/wp-json\/wp\/v2\/media?parent=38024"}],"wp:term":[{"taxonomy":"product_brand","embeddable":true,"href":"https:\/\/marktxxl.de\/markt\/wp-json\/wp\/v2\/product_brand?post=38024"},{"taxonomy":"product_cat","embeddable":true,"href":"https:\/\/marktxxl.de\/markt\/wp-json\/wp\/v2\/product_cat?post=38024"},{"taxonomy":"product_tag","embeddable":true,"href":"https:\/\/marktxxl.de\/markt\/wp-json\/wp\/v2\/product_tag?post=38024"}],"curies":[{"name":"wp","href":"https:\/\/api.w.org\/{rel}","templated":true}]}}