{"id":37860,"date":"2021-09-13T22:12:47","date_gmt":"2021-09-13T20:12:47","guid":{"rendered":"https:\/\/marktxxl.de\/markt\/produkt\/modelones-poly-nagel-gel-set-30ml-2-farben-clean-nude-gelnagel-set-mit-top-und-base-coat-nagel-verlaengerung-nagelgel-fuer-nail-art-starter-diy-manikuere-kit-geschenkbox\/"},"modified":"2023-04-11T01:53:43","modified_gmt":"2023-04-10T23:53:43","slug":"modelones-poly-nagel-gel-set-30ml-2-farben-clean-nude-gelnagel-set-mit-top-und-base-coat-nagel-verlaengerung-nagelgel-fuer-nail-art-starter-diy-manikuere-kit-geschenkbox","status":"publish","type":"product","link":"https:\/\/marktxxl.de\/markt\/produkt\/modelones-poly-nagel-gel-set-30ml-2-farben-clean-nude-gelnagel-set-mit-top-und-base-coat-nagel-verlaengerung-nagelgel-fuer-nail-art-starter-diy-manikuere-kit-geschenkbox\/","title":{"rendered":"Modelones Poly Nagel Gel Set 30ml 2 Farben Clean Nude Gelnagel set mit Top und Base Coat Nagel verl\u00e4ngerung nagelgel f\u00fcr\u2026"},"content":{"rendered":"<p>\u2764 NEUE VERSION All IN ONE KIT: Gro\u00dfe Kapazit\u00e4t mit 30 ml Poly-Nagelgel, 1 * klare Farbe + 1 * helle Aprikosenfarbe, 1 * 10 ml Grundlack, 1 * 10 ml Decklack, 1 * 15 ml Slip-L\u00f6sung, 36 PCS Dual Forms (12 Gr\u00f6\u00dfen) * Jeweils 3 St\u00fcck), 1 * Minib\u00fcrste zum Schieben des Poly-Nagelgels, 1 * Minifeile, 1 * Packung mit manueller Anleitung (Hinweis: Zum Aush\u00e4rten ist eine LED-Lampe erforderlich, die nicht im Kit enthalten ist).<br \/>\n\u2764 GESUND UND NAT\u00dcRLICH: Unser Kit ist ungiftig, geruchsarm, enth\u00e4lt keine aggressiven Inhaltsstoffe oder Klebstoffe, die zu besch\u00e4digten N\u00e4geln f\u00fchren. Es enth\u00e4lt alles, was Sie brauchen, spart Zeit und Geld im Nagelstudio und l\u00e4sst Ihre N\u00e4gel nat\u00fcrlich und h\u00fcbsch aussehen L\u00e4nge und Ordentlichkeit. Willkommen, um verschiedene und sch\u00f6ne Verl\u00e4ngerungsn\u00e4gel zu erstellen.<br \/>\n\u2764 EINFACH ZU VERWENDEN UND LANGLEBIG: MODELONES Nagelverl\u00e4ngerungsgel trocknet sehr schnell, die Aush\u00e4rtezeit der Nagellampe betr\u00e4gt nur 45-60 Sekunden und der Nagellampe 2 Minuten. Bei sachgem\u00e4\u00dfer Anwendung kann es bis zu einem Monat oder l\u00e4nger dauern. Mit den detaillierten Anweisungen in der Box sowohl auf der Listingseite als auch im Paket f\u00e4llt es auch Anf\u00e4ngern leicht, ihre sch\u00f6nen und dauerhaften Nagelverl\u00e4ngerungen zu erstellen.<br \/>\n\u2764 ENTFERNEN TIPPS: Wenn Sie den Nagelkunststil \u00e4ndern und das Nagelverl\u00e4ngerungsgel entfernen m\u00f6chten, k\u00f6nnen Sie das Nagelverl\u00e4ngerungsgel nach unten feilen und dann puffern. Eine Nagelbohrmaschine spart Zeit und hilft, schneller und sauberer zu entfernen.<br \/>\n\u2764 KUNDENSERVICE: Vor der Verwendung ist ein Hauttest erforderlich. Stellen Sie die Verwendung sofort ein, wenn Sie sich unwohl f\u00fchlen! Wir bieten 100% Zufriedenheitsunterst\u00fctzung. Wenn Sie es nicht lieben, kontaktieren Sie uns und erhalten Sie innerhalb von 30 Tagen eine bedingungslose R\u00fcckerstattung.<br \/>\n<div class=\"main-cross-sell\" data-asin=\"B08SW8QC7Q\">\n\n\t<div class=\"WooZone-cross-sell-loader\">\n\t\t<div>\n\t\t\t<div id=\"floatingBarsG\">\n\t\t\t\t<div class=\"blockG\" id=\"rotateG_01\"><\/div>\n\t\t\t\t<div class=\"blockG\" id=\"rotateG_02\"><\/div>\n\t\t\t\t<div class=\"blockG\" id=\"rotateG_03\"><\/div>\n\t\t\t\t<div class=\"blockG\" id=\"rotateG_04\"><\/div>\n\t\t\t\t<div class=\"blockG\" id=\"rotateG_05\"><\/div>\n\t\t\t\t<div class=\"blockG\" id=\"rotateG_06\"><\/div>\n\t\t\t\t<div class=\"blockG\" id=\"rotateG_07\"><\/div>\n\t\t\t\t<div class=\"blockG\" id=\"rotateG_08\"><\/div>\n\t\t\t<\/div>\n\t\t\t<div class=\"WooZone-cross-sell-loader-text\"><\/div>\n\t\t<\/div>\n\t<\/div>\n\n\t\t\n<\/div>\n<div style=\"clear:both;\"><\/div><\/p>\n","protected":false},"excerpt":{"rendered":"<p>\u2764 NEUE VERSION All IN ONE KIT: Gro\u00dfe Kapazit\u00e4t mit 30 ml Poly-Nagelgel, 1 * klare Farbe + 1 * helle Aprikosenfarbe, 1 * 10 ml Grundlack, 1 * 10 ml Decklack, 1 * 15 ml Slip-L\u00f6sung, 36 PCS Dual Forms (12 Gr\u00f6\u00dfen) * Jeweils 3 St\u00fcck), 1 * Minib\u00fcrste zum Schieben des Poly-Nagelgels, 1 * Minifeile, 1 * Packung mit manueller Anleitung (Hinweis: Zum Aush\u00e4rten ist eine LED-Lampe erforderlich, die nicht im Kit enthalten ist).<br \/>\n\u2764 GESUND UND NAT\u00dcRLICH: Unser Kit ist ungiftig, geruchsarm, enth\u00e4lt keine aggressiven Inhaltsstoffe oder Klebstoffe, die zu besch\u00e4digten N\u00e4geln f\u00fchren. Es enth\u00e4lt alles, was Sie brauchen, spart Zeit und Geld im Nagelstudio und l\u00e4sst Ihre N\u00e4gel nat\u00fcrlich und h\u00fcbsch aussehen L\u00e4nge und Ordentlichkeit. Willkommen, um verschiedene und sch\u00f6ne Verl\u00e4ngerungsn\u00e4gel zu erstellen.<br \/>\n\u2764 EINFACH ZU VERWENDEN UND LANGLEBIG: MODELONES Nagelverl\u00e4ngerungsgel trocknet sehr schnell, die Aush\u00e4rtezeit der Nagellampe betr\u00e4gt nur 45-60 Sekunden und der Nagellampe 2 Minuten. Bei sachgem\u00e4\u00dfer Anwendung kann es bis zu einem Monat oder l\u00e4nger dauern. Mit den detaillierten Anweisungen in der Box sowohl auf der Listingseite als auch im Paket f\u00e4llt es auch Anf\u00e4ngern leicht, ihre sch\u00f6nen und dauerhaften Nagelverl\u00e4ngerungen zu erstellen.<\/p>\n","protected":false},"featured_media":37861,"comment_status":"open","ping_status":"closed","template":"","meta":[],"product_brand":[],"product_cat":[2858,7659],"product_tag":[],"class_list":{"0":"post-37860","1":"product","2":"type-product","3":"status-publish","4":"has-post-thumbnail","6":"product_cat-beauty","7":"product_cat-manikuere-pedikuere","8":"pa_brand-modelones","9":"pa_color-transparent","10":"pa_height-2-1653543285-zoll","11":"pa_length-4-4881889718-zoll","12":"pa_manufacturer-modelones","13":"pa_size-1-stueck-1er-pack","14":"pa_width-3-93700787-zoll","16":"first","17":"instock","18":"shipping-taxable","19":"purchasable","20":"product-type-simple","21":"customify-col","22":"product-has-gallery"},"yoast_head":"<!-- This site is optimized with the Yoast SEO plugin v27.4 - https:\/\/yoast.com\/product\/yoast-seo-wordpress\/ -->\n<title>Modelones Poly Nagel Gel Set 30ml 2 Farben Clean Nude Gelnagel set mit Top und Base Coat Nagel verl\u00e4ngerung nagelgel f\u00fcr\u2026 - Markt-XXL<\/title>\n<meta name=\"description\" content=\"Markt-XXL Modelones Poly Nagel Gel Set 30ml 2 Farben Clean Nude Gelnagel set mit Top und Base Coat Nagel verl\u00e4ngerung nagelgel f\u00fcr\u2026\" \/>\n<meta name=\"robots\" content=\"index, follow, max-snippet:-1, max-image-preview:large, max-video-preview:-1\" \/>\n<link rel=\"canonical\" href=\"https:\/\/marktxxl.de\/markt\/produkt\/modelones-poly-nagel-gel-set-30ml-2-farben-clean-nude-gelnagel-set-mit-top-und-base-coat-nagel-verlaengerung-nagelgel-fuer-nail-art-starter-diy-manikuere-kit-geschenkbox\/\" \/>\n<meta property=\"og:locale\" content=\"de_DE\" \/>\n<meta property=\"og:type\" content=\"article\" \/>\n<meta property=\"og:title\" content=\"Modelones Poly Nagel Gel Set 30ml 2 Farben Clean Nude Gelnagel set mit Top und Base Coat Nagel verl\u00e4ngerung nagelgel f\u00fcr\u2026 - Markt-XXL\" \/>\n<meta property=\"og:description\" content=\"Markt-XXL Modelones Poly Nagel Gel Set 30ml 2 Farben Clean Nude Gelnagel set mit Top und Base Coat Nagel verl\u00e4ngerung nagelgel f\u00fcr\u2026\" \/>\n<meta property=\"og:url\" content=\"https:\/\/marktxxl.de\/markt\/produkt\/modelones-poly-nagel-gel-set-30ml-2-farben-clean-nude-gelnagel-set-mit-top-und-base-coat-nagel-verlaengerung-nagelgel-fuer-nail-art-starter-diy-manikuere-kit-geschenkbox\/\" \/>\n<meta property=\"og:site_name\" content=\"Markt-XXL\" \/>\n<meta property=\"article:modified_time\" content=\"2023-04-10T23:53:43+00:00\" \/>\n<meta property=\"og:image\" content=\"https:\/\/m.media-amazon.com\/images\/I\/41l2d2UNFdL._SL500_.jpg\" \/>\n\t<meta property=\"og:image:width\" content=\"500\" \/>\n\t<meta property=\"og:image:height\" content=\"500\" \/>\n\t<meta property=\"og:image:type\" content=\"image\/jpeg\" \/>\n<meta name=\"twitter:card\" content=\"summary_large_image\" \/>\n<meta name=\"twitter:label1\" content=\"Gesch\u00e4tzte Lesezeit\" \/>\n\t<meta name=\"twitter:data1\" content=\"1\u00a0Minute\" \/>\n<script type=\"application\/ld+json\" class=\"yoast-schema-graph\">{\"@context\":\"https:\\\/\\\/schema.org\",\"@graph\":[{\"@type\":\"WebPage\",\"@id\":\"https:\\\/\\\/marktxxl.de\\\/markt\\\/produkt\\\/modelones-poly-nagel-gel-set-30ml-2-farben-clean-nude-gelnagel-set-mit-top-und-base-coat-nagel-verlaengerung-nagelgel-fuer-nail-art-starter-diy-manikuere-kit-geschenkbox\\\/\",\"url\":\"https:\\\/\\\/marktxxl.de\\\/markt\\\/produkt\\\/modelones-poly-nagel-gel-set-30ml-2-farben-clean-nude-gelnagel-set-mit-top-und-base-coat-nagel-verlaengerung-nagelgel-fuer-nail-art-starter-diy-manikuere-kit-geschenkbox\\\/\",\"name\":\"Modelones Poly Nagel Gel Set 30ml 2 Farben Clean Nude Gelnagel set mit Top und Base Coat Nagel verl\u00e4ngerung nagelgel f\u00fcr\u2026 - Markt-XXL\",\"isPartOf\":{\"@id\":\"https:\\\/\\\/marktxxl.de\\\/markt\\\/#website\"},\"primaryImageOfPage\":{\"@id\":\"https:\\\/\\\/marktxxl.de\\\/markt\\\/produkt\\\/modelones-poly-nagel-gel-set-30ml-2-farben-clean-nude-gelnagel-set-mit-top-und-base-coat-nagel-verlaengerung-nagelgel-fuer-nail-art-starter-diy-manikuere-kit-geschenkbox\\\/#primaryimage\"},\"image\":{\"@id\":\"https:\\\/\\\/marktxxl.de\\\/markt\\\/produkt\\\/modelones-poly-nagel-gel-set-30ml-2-farben-clean-nude-gelnagel-set-mit-top-und-base-coat-nagel-verlaengerung-nagelgel-fuer-nail-art-starter-diy-manikuere-kit-geschenkbox\\\/#primaryimage\"},\"thumbnailUrl\":\"https:\\\/\\\/m.media-amazon.com\\\/images\\\/I\\\/41l2d2UNFdL._SL500_.jpg\",\"datePublished\":\"2021-09-13T20:12:47+00:00\",\"dateModified\":\"2023-04-10T23:53:43+00:00\",\"description\":\"Markt-XXL Modelones Poly Nagel Gel Set 30ml 2 Farben Clean Nude Gelnagel set mit Top und Base Coat Nagel verl\u00e4ngerung nagelgel f\u00fcr\u2026\",\"breadcrumb\":{\"@id\":\"https:\\\/\\\/marktxxl.de\\\/markt\\\/produkt\\\/modelones-poly-nagel-gel-set-30ml-2-farben-clean-nude-gelnagel-set-mit-top-und-base-coat-nagel-verlaengerung-nagelgel-fuer-nail-art-starter-diy-manikuere-kit-geschenkbox\\\/#breadcrumb\"},\"inLanguage\":\"de\",\"potentialAction\":[{\"@type\":\"ReadAction\",\"target\":[\"https:\\\/\\\/marktxxl.de\\\/markt\\\/produkt\\\/modelones-poly-nagel-gel-set-30ml-2-farben-clean-nude-gelnagel-set-mit-top-und-base-coat-nagel-verlaengerung-nagelgel-fuer-nail-art-starter-diy-manikuere-kit-geschenkbox\\\/\"]}]},{\"@type\":\"ImageObject\",\"inLanguage\":\"de\",\"@id\":\"https:\\\/\\\/marktxxl.de\\\/markt\\\/produkt\\\/modelones-poly-nagel-gel-set-30ml-2-farben-clean-nude-gelnagel-set-mit-top-und-base-coat-nagel-verlaengerung-nagelgel-fuer-nail-art-starter-diy-manikuere-kit-geschenkbox\\\/#primaryimage\",\"url\":\"https:\\\/\\\/m.media-amazon.com\\\/images\\\/I\\\/41l2d2UNFdL._SL500_.jpg\",\"contentUrl\":\"https:\\\/\\\/m.media-amazon.com\\\/images\\\/I\\\/41l2d2UNFdL._SL500_.jpg\",\"width\":500,\"height\":500},{\"@type\":\"BreadcrumbList\",\"@id\":\"https:\\\/\\\/marktxxl.de\\\/markt\\\/produkt\\\/modelones-poly-nagel-gel-set-30ml-2-farben-clean-nude-gelnagel-set-mit-top-und-base-coat-nagel-verlaengerung-nagelgel-fuer-nail-art-starter-diy-manikuere-kit-geschenkbox\\\/#breadcrumb\",\"itemListElement\":[{\"@type\":\"ListItem\",\"position\":1,\"name\":\"Startseite\",\"item\":\"https:\\\/\\\/marktxxl.de\\\/markt\\\/\"},{\"@type\":\"ListItem\",\"position\":2,\"name\":\"Markt\",\"item\":\"https:\\\/\\\/marktxxl.de\\\/markt\\\/\"},{\"@type\":\"ListItem\",\"position\":3,\"name\":\"Modelones Poly Nagel Gel Set 30ml 2 Farben Clean Nude Gelnagel set mit Top und Base Coat Nagel verl\u00e4ngerung nagelgel f\u00fcr\u2026\"}]},{\"@type\":\"WebSite\",\"@id\":\"https:\\\/\\\/marktxxl.de\\\/markt\\\/#website\",\"url\":\"https:\\\/\\\/marktxxl.de\\\/markt\\\/\",\"name\":\"Markt-XXL\",\"description\":\"Ihr Markt Online\",\"publisher\":{\"@id\":\"https:\\\/\\\/marktxxl.de\\\/markt\\\/#organization\"},\"potentialAction\":[{\"@type\":\"SearchAction\",\"target\":{\"@type\":\"EntryPoint\",\"urlTemplate\":\"https:\\\/\\\/marktxxl.de\\\/markt\\\/?s={search_term_string}\"},\"query-input\":{\"@type\":\"PropertyValueSpecification\",\"valueRequired\":true,\"valueName\":\"search_term_string\"}}],\"inLanguage\":\"de\"},{\"@type\":\"Organization\",\"@id\":\"https:\\\/\\\/marktxxl.de\\\/markt\\\/#organization\",\"name\":\"Markt-XXL\",\"url\":\"https:\\\/\\\/marktxxl.de\\\/markt\\\/\",\"logo\":{\"@type\":\"ImageObject\",\"inLanguage\":\"de\",\"@id\":\"https:\\\/\\\/marktxxl.de\\\/markt\\\/#\\\/schema\\\/logo\\\/image\\\/\",\"url\":\"https:\\\/\\\/marktxxl.de\\\/markt\\\/wp-content\\\/uploads\\\/sites\\\/3\\\/2020\\\/12\\\/logo.png\",\"contentUrl\":\"https:\\\/\\\/marktxxl.de\\\/markt\\\/wp-content\\\/uploads\\\/sites\\\/3\\\/2020\\\/12\\\/logo.png\",\"width\":200,\"height\":70,\"caption\":\"Markt-XXL\"},\"image\":{\"@id\":\"https:\\\/\\\/marktxxl.de\\\/markt\\\/#\\\/schema\\\/logo\\\/image\\\/\"}}]}<\/script>\n<!-- \/ Yoast SEO plugin. -->","yoast_head_json":{"title":"Modelones Poly Nagel Gel Set 30ml 2 Farben Clean Nude Gelnagel set mit Top und Base Coat Nagel verl\u00e4ngerung nagelgel f\u00fcr\u2026 - Markt-XXL","description":"Markt-XXL Modelones Poly Nagel Gel Set 30ml 2 Farben Clean Nude Gelnagel set mit Top und Base Coat Nagel verl\u00e4ngerung nagelgel f\u00fcr\u2026","robots":{"index":"index","follow":"follow","max-snippet":"max-snippet:-1","max-image-preview":"max-image-preview:large","max-video-preview":"max-video-preview:-1"},"canonical":"https:\/\/marktxxl.de\/markt\/produkt\/modelones-poly-nagel-gel-set-30ml-2-farben-clean-nude-gelnagel-set-mit-top-und-base-coat-nagel-verlaengerung-nagelgel-fuer-nail-art-starter-diy-manikuere-kit-geschenkbox\/","og_locale":"de_DE","og_type":"article","og_title":"Modelones Poly Nagel Gel Set 30ml 2 Farben Clean Nude Gelnagel set mit Top und Base Coat Nagel verl\u00e4ngerung nagelgel f\u00fcr\u2026 - Markt-XXL","og_description":"Markt-XXL Modelones Poly Nagel Gel Set 30ml 2 Farben Clean Nude Gelnagel set mit Top und Base Coat Nagel verl\u00e4ngerung nagelgel f\u00fcr\u2026","og_url":"https:\/\/marktxxl.de\/markt\/produkt\/modelones-poly-nagel-gel-set-30ml-2-farben-clean-nude-gelnagel-set-mit-top-und-base-coat-nagel-verlaengerung-nagelgel-fuer-nail-art-starter-diy-manikuere-kit-geschenkbox\/","og_site_name":"Markt-XXL","article_modified_time":"2023-04-10T23:53:43+00:00","og_image":[{"width":500,"height":500,"url":"https:\/\/m.media-amazon.com\/images\/I\/41l2d2UNFdL._SL500_.jpg","type":"image\/jpeg"}],"twitter_card":"summary_large_image","twitter_misc":{"Gesch\u00e4tzte Lesezeit":"1\u00a0Minute"},"schema":{"@context":"https:\/\/schema.org","@graph":[{"@type":"WebPage","@id":"https:\/\/marktxxl.de\/markt\/produkt\/modelones-poly-nagel-gel-set-30ml-2-farben-clean-nude-gelnagel-set-mit-top-und-base-coat-nagel-verlaengerung-nagelgel-fuer-nail-art-starter-diy-manikuere-kit-geschenkbox\/","url":"https:\/\/marktxxl.de\/markt\/produkt\/modelones-poly-nagel-gel-set-30ml-2-farben-clean-nude-gelnagel-set-mit-top-und-base-coat-nagel-verlaengerung-nagelgel-fuer-nail-art-starter-diy-manikuere-kit-geschenkbox\/","name":"Modelones Poly Nagel Gel Set 30ml 2 Farben Clean Nude Gelnagel set mit Top und Base Coat Nagel verl\u00e4ngerung nagelgel f\u00fcr\u2026 - Markt-XXL","isPartOf":{"@id":"https:\/\/marktxxl.de\/markt\/#website"},"primaryImageOfPage":{"@id":"https:\/\/marktxxl.de\/markt\/produkt\/modelones-poly-nagel-gel-set-30ml-2-farben-clean-nude-gelnagel-set-mit-top-und-base-coat-nagel-verlaengerung-nagelgel-fuer-nail-art-starter-diy-manikuere-kit-geschenkbox\/#primaryimage"},"image":{"@id":"https:\/\/marktxxl.de\/markt\/produkt\/modelones-poly-nagel-gel-set-30ml-2-farben-clean-nude-gelnagel-set-mit-top-und-base-coat-nagel-verlaengerung-nagelgel-fuer-nail-art-starter-diy-manikuere-kit-geschenkbox\/#primaryimage"},"thumbnailUrl":"https:\/\/m.media-amazon.com\/images\/I\/41l2d2UNFdL._SL500_.jpg","datePublished":"2021-09-13T20:12:47+00:00","dateModified":"2023-04-10T23:53:43+00:00","description":"Markt-XXL Modelones Poly Nagel Gel Set 30ml 2 Farben Clean Nude Gelnagel set mit Top und Base Coat Nagel verl\u00e4ngerung nagelgel f\u00fcr\u2026","breadcrumb":{"@id":"https:\/\/marktxxl.de\/markt\/produkt\/modelones-poly-nagel-gel-set-30ml-2-farben-clean-nude-gelnagel-set-mit-top-und-base-coat-nagel-verlaengerung-nagelgel-fuer-nail-art-starter-diy-manikuere-kit-geschenkbox\/#breadcrumb"},"inLanguage":"de","potentialAction":[{"@type":"ReadAction","target":["https:\/\/marktxxl.de\/markt\/produkt\/modelones-poly-nagel-gel-set-30ml-2-farben-clean-nude-gelnagel-set-mit-top-und-base-coat-nagel-verlaengerung-nagelgel-fuer-nail-art-starter-diy-manikuere-kit-geschenkbox\/"]}]},{"@type":"ImageObject","inLanguage":"de","@id":"https:\/\/marktxxl.de\/markt\/produkt\/modelones-poly-nagel-gel-set-30ml-2-farben-clean-nude-gelnagel-set-mit-top-und-base-coat-nagel-verlaengerung-nagelgel-fuer-nail-art-starter-diy-manikuere-kit-geschenkbox\/#primaryimage","url":"https:\/\/m.media-amazon.com\/images\/I\/41l2d2UNFdL._SL500_.jpg","contentUrl":"https:\/\/m.media-amazon.com\/images\/I\/41l2d2UNFdL._SL500_.jpg","width":500,"height":500},{"@type":"BreadcrumbList","@id":"https:\/\/marktxxl.de\/markt\/produkt\/modelones-poly-nagel-gel-set-30ml-2-farben-clean-nude-gelnagel-set-mit-top-und-base-coat-nagel-verlaengerung-nagelgel-fuer-nail-art-starter-diy-manikuere-kit-geschenkbox\/#breadcrumb","itemListElement":[{"@type":"ListItem","position":1,"name":"Startseite","item":"https:\/\/marktxxl.de\/markt\/"},{"@type":"ListItem","position":2,"name":"Markt","item":"https:\/\/marktxxl.de\/markt\/"},{"@type":"ListItem","position":3,"name":"Modelones Poly Nagel Gel Set 30ml 2 Farben Clean Nude Gelnagel set mit Top und Base Coat Nagel verl\u00e4ngerung nagelgel f\u00fcr\u2026"}]},{"@type":"WebSite","@id":"https:\/\/marktxxl.de\/markt\/#website","url":"https:\/\/marktxxl.de\/markt\/","name":"Markt-XXL","description":"Ihr Markt Online","publisher":{"@id":"https:\/\/marktxxl.de\/markt\/#organization"},"potentialAction":[{"@type":"SearchAction","target":{"@type":"EntryPoint","urlTemplate":"https:\/\/marktxxl.de\/markt\/?s={search_term_string}"},"query-input":{"@type":"PropertyValueSpecification","valueRequired":true,"valueName":"search_term_string"}}],"inLanguage":"de"},{"@type":"Organization","@id":"https:\/\/marktxxl.de\/markt\/#organization","name":"Markt-XXL","url":"https:\/\/marktxxl.de\/markt\/","logo":{"@type":"ImageObject","inLanguage":"de","@id":"https:\/\/marktxxl.de\/markt\/#\/schema\/logo\/image\/","url":"https:\/\/marktxxl.de\/markt\/wp-content\/uploads\/sites\/3\/2020\/12\/logo.png","contentUrl":"https:\/\/marktxxl.de\/markt\/wp-content\/uploads\/sites\/3\/2020\/12\/logo.png","width":200,"height":70,"caption":"Markt-XXL"},"image":{"@id":"https:\/\/marktxxl.de\/markt\/#\/schema\/logo\/image\/"}}]}},"_links":{"self":[{"href":"https:\/\/marktxxl.de\/markt\/wp-json\/wp\/v2\/product\/37860","targetHints":{"allow":["GET"]}}],"collection":[{"href":"https:\/\/marktxxl.de\/markt\/wp-json\/wp\/v2\/product"}],"about":[{"href":"https:\/\/marktxxl.de\/markt\/wp-json\/wp\/v2\/types\/product"}],"replies":[{"embeddable":true,"href":"https:\/\/marktxxl.de\/markt\/wp-json\/wp\/v2\/comments?post=37860"}],"wp:featuredmedia":[{"embeddable":true,"href":"https:\/\/marktxxl.de\/markt\/wp-json\/wp\/v2\/media\/37861"}],"wp:attachment":[{"href":"https:\/\/marktxxl.de\/markt\/wp-json\/wp\/v2\/media?parent=37860"}],"wp:term":[{"taxonomy":"product_brand","embeddable":true,"href":"https:\/\/marktxxl.de\/markt\/wp-json\/wp\/v2\/product_brand?post=37860"},{"taxonomy":"product_cat","embeddable":true,"href":"https:\/\/marktxxl.de\/markt\/wp-json\/wp\/v2\/product_cat?post=37860"},{"taxonomy":"product_tag","embeddable":true,"href":"https:\/\/marktxxl.de\/markt\/wp-json\/wp\/v2\/product_tag?post=37860"}],"curies":[{"name":"wp","href":"https:\/\/api.w.org\/{rel}","templated":true}]}}