{"id":37843,"date":"2021-09-13T22:12:42","date_gmt":"2021-09-13T20:12:42","guid":{"rendered":"https:\/\/marktxxl.de\/markt\/produkt\/nail-art-pinsel-set-fandamei-15-stuecke-nagel-pinsel-rosa%ef%bd%9c5-stuecke-dotting-pen-punktierung-stift%ef%bd%9c10-rolle-streifenband-naegel%ef%bd%9cstrasssteine-naegel%ef%bd%9cultra-duenn-nagel-pa\/"},"modified":"2023-04-11T01:53:43","modified_gmt":"2023-04-10T23:53:43","slug":"nail-art-pinsel-set-fandamei-15-stuecke-nagel-pinsel-rosa%ef%bd%9c5-stuecke-dotting-pen-punktierung-stift%ef%bd%9c10-rolle-streifenband-naegel%ef%bd%9cstrasssteine-naegel%ef%bd%9cultra-duenn-nagel-pa","status":"publish","type":"product","link":"https:\/\/marktxxl.de\/markt\/produkt\/nail-art-pinsel-set-fandamei-15-stuecke-nagel-pinsel-rosa%ef%bd%9c5-stuecke-dotting-pen-punktierung-stift%ef%bd%9c10-rolle-streifenband-naegel%ef%bd%9cstrasssteine-naegel%ef%bd%9cultra-duenn-nagel-pa\/","title":{"rendered":"Nail Art Pinsel Set, FANDAMEI 15 St\u00fccke Nagel Pinsel Rosa, 5 St\u00fccke Dotted Pen, 10 Rolle Streifenband N\u00e4gel\u2026"},"content":{"rendered":"<p>\u3010Geiles Set F\u00fcr Ihre Fantastische Manik\u00fcre\u3011-Lieferumfang: 15 x Nagel Pinsel\uff5c5 x Dotting Pen\uff5c10 x Streifenband f\u00fcr Nagelkunst\uff5c1 x 12 Farben Strasssteine\uff5c1 x Ultra D\u00fcnn Nagel Pailletten in 12 verschiedenen Formen\uff5cWir bieten eine sehr gro\u00dfe Auswahl an wundersch\u00f6nen, abwechslungsreichen, gl\u00e4nzenden und funkelnden Nailart Set an, um Ihre tolle Erschaffung zu erf\u00fcllen!<br \/>\n\u3010Vollst\u00e4ndiges Nail Art Pinsel Set\u3011-Unsere Nagel-Pinselset beinhaltet 15 St\u00fccke Pinsel in unterschiedlichen Gr\u00f6\u00dfen, damit du f\u00fcr jede Situation den richtigen Pinsel zur Hand hast. Nail-Art Pinsel von FANDAMEI mit feiner, leicht und umfassende Pinselspitze f\u00fcr verschiedene Verzierungen und Malereien auf dem Nagel. Hergestellt aus hochwertigem Acryl und Faser. Mit der silbernen Zwinge wird eine einfache Handhabung erm\u00f6glicht.<br \/>\n\u3010Doppelseitige Punktierung Stift\u3011-Hergestellt aus Metalllegierung und Acryl Material. Mit 5 verschiedenen Gr\u00f6\u00dfen der Spitze f\u00fcr unterschiedliche Anforderungen an die Nagelkunst. Es wird verwendet, um Punkte mit den gleichm\u00e4\u00dfiger oder abnehmender Gr\u00f6\u00dfe zu erstellen order um Punkte bei feiner Detaillierung in Bl\u00fctenblattformen zu pillen.<br \/>\n\u3010Gl\u00e4nzende Zubeh\u00f6re f\u00fcr Nageldesign\u3011-Kommt mit 12 Farben Strasssteine, 12 Formen Nagel Pailletten und 10 Rollen Streifenband f\u00fcr Nagelkunst in der Lieferung. Als die auffallende Dekorationen bieten diese 3 Typen von Zubeh\u00f6re Ihnen einen fantastischen Effekt beim Design von bunten Streifen, funklenden N\u00e4gel an.<br \/>\n\u3010Ein echter Hingucker f\u00fcr Sie\u3011-Dieses Nail Art DIY Set hilft Ihnen dabei, dass Ihre eigenen personalisierten N\u00e4gel zu erschaffen. Gleichzeitig ist es auch ein exquisites Geschenk f\u00fcr Ihre Frau, Freundin, Mutter oder Schwestern f\u00fcr Geburtstag, Jubil\u00e4um, Weihnachten usw.<br \/>\n<div class=\"main-cross-sell\" data-asin=\"B08JSNBKGG\">\n\n\t<div class=\"WooZone-cross-sell-loader\">\n\t\t<div>\n\t\t\t<div id=\"floatingBarsG\">\n\t\t\t\t<div class=\"blockG\" id=\"rotateG_01\"><\/div>\n\t\t\t\t<div class=\"blockG\" id=\"rotateG_02\"><\/div>\n\t\t\t\t<div class=\"blockG\" id=\"rotateG_03\"><\/div>\n\t\t\t\t<div class=\"blockG\" id=\"rotateG_04\"><\/div>\n\t\t\t\t<div class=\"blockG\" id=\"rotateG_05\"><\/div>\n\t\t\t\t<div class=\"blockG\" id=\"rotateG_06\"><\/div>\n\t\t\t\t<div class=\"blockG\" id=\"rotateG_07\"><\/div>\n\t\t\t\t<div class=\"blockG\" id=\"rotateG_08\"><\/div>\n\t\t\t<\/div>\n\t\t\t<div class=\"WooZone-cross-sell-loader-text\"><\/div>\n\t\t<\/div>\n\t<\/div>\n\n\t\t\n<\/div>\n<div style=\"clear:both;\"><\/div><\/p>\n","protected":false},"excerpt":{"rendered":"<p>\u3010Geiles Set F\u00fcr Ihre Fantastische Manik\u00fcre\u3011-Lieferumfang: 15 x Nagel Pinsel\uff5c5 x Dotting Pen\uff5c10 x Streifenband f\u00fcr Nagelkunst\uff5c1 x 12 Farben Strasssteine\uff5c1 x Ultra D\u00fcnn Nagel Pailletten in 12 verschiedenen Formen\uff5cWir bieten eine sehr gro\u00dfe Auswahl an wundersch\u00f6nen, abwechslungsreichen, gl\u00e4nzenden und funkelnden Nailart Set an, um Ihre tolle Erschaffung zu erf\u00fcllen!<br \/>\n\u3010Vollst\u00e4ndiges Nail Art Pinsel Set\u3011-Unsere Nagel-Pinselset beinhaltet 15 St\u00fccke Pinsel in unterschiedlichen Gr\u00f6\u00dfen, damit du f\u00fcr jede Situation den richtigen Pinsel zur Hand hast. Nail-Art Pinsel von FANDAMEI mit feiner, leicht und umfassende Pinselspitze f\u00fcr verschiedene Verzierungen und Malereien auf dem Nagel. Hergestellt aus hochwertigem Acryl und Faser. Mit der silbernen Zwinge wird eine einfache Handhabung erm\u00f6glicht.<br \/>\n\u3010Doppelseitige Punktierung Stift\u3011-Hergestellt aus Metalllegierung und Acryl Material. Mit 5 verschiedenen Gr\u00f6\u00dfen der Spitze f\u00fcr unterschiedliche Anforderungen an die Nagelkunst. Es wird verwendet, um Punkte mit den gleichm\u00e4\u00dfiger oder abnehmender Gr\u00f6\u00dfe zu erstellen order um Punkte bei feiner Detaillierung in Bl\u00fctenblattformen zu pillen.<\/p>\n","protected":false},"featured_media":37845,"comment_status":"open","ping_status":"closed","template":"","meta":[],"product_brand":[],"product_cat":[2858,7659],"product_tag":[],"class_list":{"0":"post-37843","1":"product","2":"type-product","3":"status-publish","4":"has-post-thumbnail","6":"product_cat-beauty","7":"product_cat-manikuere-pedikuere","8":"pa_binding-misc","9":"pa_brand-fandamei","10":"pa_farbe-rosa","11":"pa_manufacturer-fandamei","13":"first","14":"instock","15":"shipping-taxable","16":"purchasable","17":"product-type-variable","18":"customify-col","19":"product-has-gallery"},"yoast_head":"<!-- This site is optimized with the Yoast SEO plugin v27.4 - https:\/\/yoast.com\/product\/yoast-seo-wordpress\/ -->\n<title>Nail Art Pinsel Set, FANDAMEI 15 St\u00fccke Nagel Pinsel Rosa, 5 St\u00fccke Dotted Pen, 10 Rolle Streifenband N\u00e4gel\u2026 - Markt-XXL<\/title>\n<meta name=\"description\" content=\"Markt-XXL Nail Art Pinsel Set, FANDAMEI 15 St\u00fccke Nagel Pinsel Rosa, 5 St\u00fccke Dotted Pen, 10 Rolle Streifenband N\u00e4gel\u2026\" \/>\n<meta name=\"robots\" content=\"index, follow, max-snippet:-1, max-image-preview:large, max-video-preview:-1\" \/>\n<link rel=\"canonical\" href=\"https:\/\/marktxxl.de\/markt\/produkt\/nail-art-pinsel-set-fandamei-15-stuecke-nagel-pinsel-rosa\uff5c5-stuecke-dotting-pen-punktierung-stift\uff5c10-rolle-streifenband-naegel\uff5cstrasssteine-naegel\uff5cultra-duenn-nagel-pa\/\" \/>\n<meta property=\"og:locale\" content=\"de_DE\" \/>\n<meta property=\"og:type\" content=\"article\" \/>\n<meta property=\"og:title\" content=\"Nail Art Pinsel Set, FANDAMEI 15 St\u00fccke Nagel Pinsel Rosa, 5 St\u00fccke Dotted Pen, 10 Rolle Streifenband N\u00e4gel\u2026 - Markt-XXL\" \/>\n<meta property=\"og:description\" content=\"Markt-XXL Nail Art Pinsel Set, FANDAMEI 15 St\u00fccke Nagel Pinsel Rosa, 5 St\u00fccke Dotted Pen, 10 Rolle Streifenband N\u00e4gel\u2026\" \/>\n<meta property=\"og:url\" content=\"https:\/\/marktxxl.de\/markt\/produkt\/nail-art-pinsel-set-fandamei-15-stuecke-nagel-pinsel-rosa\uff5c5-stuecke-dotting-pen-punktierung-stift\uff5c10-rolle-streifenband-naegel\uff5cstrasssteine-naegel\uff5cultra-duenn-nagel-pa\/\" \/>\n<meta property=\"og:site_name\" content=\"Markt-XXL\" \/>\n<meta property=\"article:modified_time\" content=\"2023-04-10T23:53:43+00:00\" \/>\n<meta property=\"og:image\" content=\"https:\/\/m.media-amazon.com\/images\/I\/61G8Ovg6gKL._SL500_.jpg\" \/>\n\t<meta property=\"og:image:width\" content=\"500\" \/>\n\t<meta property=\"og:image:height\" content=\"500\" \/>\n\t<meta property=\"og:image:type\" content=\"image\/jpeg\" \/>\n<meta name=\"twitter:card\" content=\"summary_large_image\" \/>\n<meta name=\"twitter:label1\" content=\"Gesch\u00e4tzte Lesezeit\" \/>\n\t<meta name=\"twitter:data1\" content=\"1\u00a0Minute\" \/>\n<script type=\"application\/ld+json\" class=\"yoast-schema-graph\">{\"@context\":\"https:\\\/\\\/schema.org\",\"@graph\":[{\"@type\":\"WebPage\",\"@id\":\"https:\\\/\\\/marktxxl.de\\\/markt\\\/produkt\\\/nail-art-pinsel-set-fandamei-15-stuecke-nagel-pinsel-rosa%ef%bd%9c5-stuecke-dotting-pen-punktierung-stift%ef%bd%9c10-rolle-streifenband-naegel%ef%bd%9cstrasssteine-naegel%ef%bd%9cultra-duenn-nagel-pa\\\/\",\"url\":\"https:\\\/\\\/marktxxl.de\\\/markt\\\/produkt\\\/nail-art-pinsel-set-fandamei-15-stuecke-nagel-pinsel-rosa%ef%bd%9c5-stuecke-dotting-pen-punktierung-stift%ef%bd%9c10-rolle-streifenband-naegel%ef%bd%9cstrasssteine-naegel%ef%bd%9cultra-duenn-nagel-pa\\\/\",\"name\":\"Nail Art Pinsel Set, FANDAMEI 15 St\u00fccke Nagel Pinsel Rosa, 5 St\u00fccke Dotted Pen, 10 Rolle Streifenband N\u00e4gel\u2026 - Markt-XXL\",\"isPartOf\":{\"@id\":\"https:\\\/\\\/marktxxl.de\\\/markt\\\/#website\"},\"primaryImageOfPage\":{\"@id\":\"https:\\\/\\\/marktxxl.de\\\/markt\\\/produkt\\\/nail-art-pinsel-set-fandamei-15-stuecke-nagel-pinsel-rosa%ef%bd%9c5-stuecke-dotting-pen-punktierung-stift%ef%bd%9c10-rolle-streifenband-naegel%ef%bd%9cstrasssteine-naegel%ef%bd%9cultra-duenn-nagel-pa\\\/#primaryimage\"},\"image\":{\"@id\":\"https:\\\/\\\/marktxxl.de\\\/markt\\\/produkt\\\/nail-art-pinsel-set-fandamei-15-stuecke-nagel-pinsel-rosa%ef%bd%9c5-stuecke-dotting-pen-punktierung-stift%ef%bd%9c10-rolle-streifenband-naegel%ef%bd%9cstrasssteine-naegel%ef%bd%9cultra-duenn-nagel-pa\\\/#primaryimage\"},\"thumbnailUrl\":\"https:\\\/\\\/m.media-amazon.com\\\/images\\\/I\\\/61G8Ovg6gKL._SL500_.jpg\",\"datePublished\":\"2021-09-13T20:12:42+00:00\",\"dateModified\":\"2023-04-10T23:53:43+00:00\",\"description\":\"Markt-XXL Nail Art Pinsel Set, FANDAMEI 15 St\u00fccke Nagel Pinsel Rosa, 5 St\u00fccke Dotted Pen, 10 Rolle Streifenband N\u00e4gel\u2026\",\"breadcrumb\":{\"@id\":\"https:\\\/\\\/marktxxl.de\\\/markt\\\/produkt\\\/nail-art-pinsel-set-fandamei-15-stuecke-nagel-pinsel-rosa%ef%bd%9c5-stuecke-dotting-pen-punktierung-stift%ef%bd%9c10-rolle-streifenband-naegel%ef%bd%9cstrasssteine-naegel%ef%bd%9cultra-duenn-nagel-pa\\\/#breadcrumb\"},\"inLanguage\":\"de\",\"potentialAction\":[{\"@type\":\"ReadAction\",\"target\":[\"https:\\\/\\\/marktxxl.de\\\/markt\\\/produkt\\\/nail-art-pinsel-set-fandamei-15-stuecke-nagel-pinsel-rosa%ef%bd%9c5-stuecke-dotting-pen-punktierung-stift%ef%bd%9c10-rolle-streifenband-naegel%ef%bd%9cstrasssteine-naegel%ef%bd%9cultra-duenn-nagel-pa\\\/\"]}]},{\"@type\":\"ImageObject\",\"inLanguage\":\"de\",\"@id\":\"https:\\\/\\\/marktxxl.de\\\/markt\\\/produkt\\\/nail-art-pinsel-set-fandamei-15-stuecke-nagel-pinsel-rosa%ef%bd%9c5-stuecke-dotting-pen-punktierung-stift%ef%bd%9c10-rolle-streifenband-naegel%ef%bd%9cstrasssteine-naegel%ef%bd%9cultra-duenn-nagel-pa\\\/#primaryimage\",\"url\":\"https:\\\/\\\/m.media-amazon.com\\\/images\\\/I\\\/61G8Ovg6gKL._SL500_.jpg\",\"contentUrl\":\"https:\\\/\\\/m.media-amazon.com\\\/images\\\/I\\\/61G8Ovg6gKL._SL500_.jpg\",\"width\":500,\"height\":500},{\"@type\":\"BreadcrumbList\",\"@id\":\"https:\\\/\\\/marktxxl.de\\\/markt\\\/produkt\\\/nail-art-pinsel-set-fandamei-15-stuecke-nagel-pinsel-rosa%ef%bd%9c5-stuecke-dotting-pen-punktierung-stift%ef%bd%9c10-rolle-streifenband-naegel%ef%bd%9cstrasssteine-naegel%ef%bd%9cultra-duenn-nagel-pa\\\/#breadcrumb\",\"itemListElement\":[{\"@type\":\"ListItem\",\"position\":1,\"name\":\"Startseite\",\"item\":\"https:\\\/\\\/marktxxl.de\\\/markt\\\/\"},{\"@type\":\"ListItem\",\"position\":2,\"name\":\"Markt\",\"item\":\"https:\\\/\\\/marktxxl.de\\\/markt\\\/\"},{\"@type\":\"ListItem\",\"position\":3,\"name\":\"Nail Art Pinsel Set, FANDAMEI 15 St\u00fccke Nagel Pinsel Rosa, 5 St\u00fccke Dotted Pen, 10 Rolle Streifenband N\u00e4gel\u2026\"}]},{\"@type\":\"WebSite\",\"@id\":\"https:\\\/\\\/marktxxl.de\\\/markt\\\/#website\",\"url\":\"https:\\\/\\\/marktxxl.de\\\/markt\\\/\",\"name\":\"Markt-XXL\",\"description\":\"Ihr Markt Online\",\"publisher\":{\"@id\":\"https:\\\/\\\/marktxxl.de\\\/markt\\\/#organization\"},\"potentialAction\":[{\"@type\":\"SearchAction\",\"target\":{\"@type\":\"EntryPoint\",\"urlTemplate\":\"https:\\\/\\\/marktxxl.de\\\/markt\\\/?s={search_term_string}\"},\"query-input\":{\"@type\":\"PropertyValueSpecification\",\"valueRequired\":true,\"valueName\":\"search_term_string\"}}],\"inLanguage\":\"de\"},{\"@type\":\"Organization\",\"@id\":\"https:\\\/\\\/marktxxl.de\\\/markt\\\/#organization\",\"name\":\"Markt-XXL\",\"url\":\"https:\\\/\\\/marktxxl.de\\\/markt\\\/\",\"logo\":{\"@type\":\"ImageObject\",\"inLanguage\":\"de\",\"@id\":\"https:\\\/\\\/marktxxl.de\\\/markt\\\/#\\\/schema\\\/logo\\\/image\\\/\",\"url\":\"https:\\\/\\\/marktxxl.de\\\/markt\\\/wp-content\\\/uploads\\\/sites\\\/3\\\/2020\\\/12\\\/logo.png\",\"contentUrl\":\"https:\\\/\\\/marktxxl.de\\\/markt\\\/wp-content\\\/uploads\\\/sites\\\/3\\\/2020\\\/12\\\/logo.png\",\"width\":200,\"height\":70,\"caption\":\"Markt-XXL\"},\"image\":{\"@id\":\"https:\\\/\\\/marktxxl.de\\\/markt\\\/#\\\/schema\\\/logo\\\/image\\\/\"}}]}<\/script>\n<!-- \/ Yoast SEO plugin. -->","yoast_head_json":{"title":"Nail Art Pinsel Set, FANDAMEI 15 St\u00fccke Nagel Pinsel Rosa, 5 St\u00fccke Dotted Pen, 10 Rolle Streifenband N\u00e4gel\u2026 - Markt-XXL","description":"Markt-XXL Nail Art Pinsel Set, FANDAMEI 15 St\u00fccke Nagel Pinsel Rosa, 5 St\u00fccke Dotted Pen, 10 Rolle Streifenband N\u00e4gel\u2026","robots":{"index":"index","follow":"follow","max-snippet":"max-snippet:-1","max-image-preview":"max-image-preview:large","max-video-preview":"max-video-preview:-1"},"canonical":"https:\/\/marktxxl.de\/markt\/produkt\/nail-art-pinsel-set-fandamei-15-stuecke-nagel-pinsel-rosa\uff5c5-stuecke-dotting-pen-punktierung-stift\uff5c10-rolle-streifenband-naegel\uff5cstrasssteine-naegel\uff5cultra-duenn-nagel-pa\/","og_locale":"de_DE","og_type":"article","og_title":"Nail Art Pinsel Set, FANDAMEI 15 St\u00fccke Nagel Pinsel Rosa, 5 St\u00fccke Dotted Pen, 10 Rolle Streifenband N\u00e4gel\u2026 - Markt-XXL","og_description":"Markt-XXL Nail Art Pinsel Set, FANDAMEI 15 St\u00fccke Nagel Pinsel Rosa, 5 St\u00fccke Dotted Pen, 10 Rolle Streifenband N\u00e4gel\u2026","og_url":"https:\/\/marktxxl.de\/markt\/produkt\/nail-art-pinsel-set-fandamei-15-stuecke-nagel-pinsel-rosa\uff5c5-stuecke-dotting-pen-punktierung-stift\uff5c10-rolle-streifenband-naegel\uff5cstrasssteine-naegel\uff5cultra-duenn-nagel-pa\/","og_site_name":"Markt-XXL","article_modified_time":"2023-04-10T23:53:43+00:00","og_image":[{"width":500,"height":500,"url":"https:\/\/m.media-amazon.com\/images\/I\/61G8Ovg6gKL._SL500_.jpg","type":"image\/jpeg"}],"twitter_card":"summary_large_image","twitter_misc":{"Gesch\u00e4tzte Lesezeit":"1\u00a0Minute"},"schema":{"@context":"https:\/\/schema.org","@graph":[{"@type":"WebPage","@id":"https:\/\/marktxxl.de\/markt\/produkt\/nail-art-pinsel-set-fandamei-15-stuecke-nagel-pinsel-rosa%ef%bd%9c5-stuecke-dotting-pen-punktierung-stift%ef%bd%9c10-rolle-streifenband-naegel%ef%bd%9cstrasssteine-naegel%ef%bd%9cultra-duenn-nagel-pa\/","url":"https:\/\/marktxxl.de\/markt\/produkt\/nail-art-pinsel-set-fandamei-15-stuecke-nagel-pinsel-rosa%ef%bd%9c5-stuecke-dotting-pen-punktierung-stift%ef%bd%9c10-rolle-streifenband-naegel%ef%bd%9cstrasssteine-naegel%ef%bd%9cultra-duenn-nagel-pa\/","name":"Nail Art Pinsel Set, FANDAMEI 15 St\u00fccke Nagel Pinsel Rosa, 5 St\u00fccke Dotted Pen, 10 Rolle Streifenband N\u00e4gel\u2026 - Markt-XXL","isPartOf":{"@id":"https:\/\/marktxxl.de\/markt\/#website"},"primaryImageOfPage":{"@id":"https:\/\/marktxxl.de\/markt\/produkt\/nail-art-pinsel-set-fandamei-15-stuecke-nagel-pinsel-rosa%ef%bd%9c5-stuecke-dotting-pen-punktierung-stift%ef%bd%9c10-rolle-streifenband-naegel%ef%bd%9cstrasssteine-naegel%ef%bd%9cultra-duenn-nagel-pa\/#primaryimage"},"image":{"@id":"https:\/\/marktxxl.de\/markt\/produkt\/nail-art-pinsel-set-fandamei-15-stuecke-nagel-pinsel-rosa%ef%bd%9c5-stuecke-dotting-pen-punktierung-stift%ef%bd%9c10-rolle-streifenband-naegel%ef%bd%9cstrasssteine-naegel%ef%bd%9cultra-duenn-nagel-pa\/#primaryimage"},"thumbnailUrl":"https:\/\/m.media-amazon.com\/images\/I\/61G8Ovg6gKL._SL500_.jpg","datePublished":"2021-09-13T20:12:42+00:00","dateModified":"2023-04-10T23:53:43+00:00","description":"Markt-XXL Nail Art Pinsel Set, FANDAMEI 15 St\u00fccke Nagel Pinsel Rosa, 5 St\u00fccke Dotted Pen, 10 Rolle Streifenband N\u00e4gel\u2026","breadcrumb":{"@id":"https:\/\/marktxxl.de\/markt\/produkt\/nail-art-pinsel-set-fandamei-15-stuecke-nagel-pinsel-rosa%ef%bd%9c5-stuecke-dotting-pen-punktierung-stift%ef%bd%9c10-rolle-streifenband-naegel%ef%bd%9cstrasssteine-naegel%ef%bd%9cultra-duenn-nagel-pa\/#breadcrumb"},"inLanguage":"de","potentialAction":[{"@type":"ReadAction","target":["https:\/\/marktxxl.de\/markt\/produkt\/nail-art-pinsel-set-fandamei-15-stuecke-nagel-pinsel-rosa%ef%bd%9c5-stuecke-dotting-pen-punktierung-stift%ef%bd%9c10-rolle-streifenband-naegel%ef%bd%9cstrasssteine-naegel%ef%bd%9cultra-duenn-nagel-pa\/"]}]},{"@type":"ImageObject","inLanguage":"de","@id":"https:\/\/marktxxl.de\/markt\/produkt\/nail-art-pinsel-set-fandamei-15-stuecke-nagel-pinsel-rosa%ef%bd%9c5-stuecke-dotting-pen-punktierung-stift%ef%bd%9c10-rolle-streifenband-naegel%ef%bd%9cstrasssteine-naegel%ef%bd%9cultra-duenn-nagel-pa\/#primaryimage","url":"https:\/\/m.media-amazon.com\/images\/I\/61G8Ovg6gKL._SL500_.jpg","contentUrl":"https:\/\/m.media-amazon.com\/images\/I\/61G8Ovg6gKL._SL500_.jpg","width":500,"height":500},{"@type":"BreadcrumbList","@id":"https:\/\/marktxxl.de\/markt\/produkt\/nail-art-pinsel-set-fandamei-15-stuecke-nagel-pinsel-rosa%ef%bd%9c5-stuecke-dotting-pen-punktierung-stift%ef%bd%9c10-rolle-streifenband-naegel%ef%bd%9cstrasssteine-naegel%ef%bd%9cultra-duenn-nagel-pa\/#breadcrumb","itemListElement":[{"@type":"ListItem","position":1,"name":"Startseite","item":"https:\/\/marktxxl.de\/markt\/"},{"@type":"ListItem","position":2,"name":"Markt","item":"https:\/\/marktxxl.de\/markt\/"},{"@type":"ListItem","position":3,"name":"Nail Art Pinsel Set, FANDAMEI 15 St\u00fccke Nagel Pinsel Rosa, 5 St\u00fccke Dotted Pen, 10 Rolle Streifenband N\u00e4gel\u2026"}]},{"@type":"WebSite","@id":"https:\/\/marktxxl.de\/markt\/#website","url":"https:\/\/marktxxl.de\/markt\/","name":"Markt-XXL","description":"Ihr Markt Online","publisher":{"@id":"https:\/\/marktxxl.de\/markt\/#organization"},"potentialAction":[{"@type":"SearchAction","target":{"@type":"EntryPoint","urlTemplate":"https:\/\/marktxxl.de\/markt\/?s={search_term_string}"},"query-input":{"@type":"PropertyValueSpecification","valueRequired":true,"valueName":"search_term_string"}}],"inLanguage":"de"},{"@type":"Organization","@id":"https:\/\/marktxxl.de\/markt\/#organization","name":"Markt-XXL","url":"https:\/\/marktxxl.de\/markt\/","logo":{"@type":"ImageObject","inLanguage":"de","@id":"https:\/\/marktxxl.de\/markt\/#\/schema\/logo\/image\/","url":"https:\/\/marktxxl.de\/markt\/wp-content\/uploads\/sites\/3\/2020\/12\/logo.png","contentUrl":"https:\/\/marktxxl.de\/markt\/wp-content\/uploads\/sites\/3\/2020\/12\/logo.png","width":200,"height":70,"caption":"Markt-XXL"},"image":{"@id":"https:\/\/marktxxl.de\/markt\/#\/schema\/logo\/image\/"}}]}},"_links":{"self":[{"href":"https:\/\/marktxxl.de\/markt\/wp-json\/wp\/v2\/product\/37843","targetHints":{"allow":["GET"]}}],"collection":[{"href":"https:\/\/marktxxl.de\/markt\/wp-json\/wp\/v2\/product"}],"about":[{"href":"https:\/\/marktxxl.de\/markt\/wp-json\/wp\/v2\/types\/product"}],"replies":[{"embeddable":true,"href":"https:\/\/marktxxl.de\/markt\/wp-json\/wp\/v2\/comments?post=37843"}],"wp:featuredmedia":[{"embeddable":true,"href":"https:\/\/marktxxl.de\/markt\/wp-json\/wp\/v2\/media\/37845"}],"wp:attachment":[{"href":"https:\/\/marktxxl.de\/markt\/wp-json\/wp\/v2\/media?parent=37843"}],"wp:term":[{"taxonomy":"product_brand","embeddable":true,"href":"https:\/\/marktxxl.de\/markt\/wp-json\/wp\/v2\/product_brand?post=37843"},{"taxonomy":"product_cat","embeddable":true,"href":"https:\/\/marktxxl.de\/markt\/wp-json\/wp\/v2\/product_cat?post=37843"},{"taxonomy":"product_tag","embeddable":true,"href":"https:\/\/marktxxl.de\/markt\/wp-json\/wp\/v2\/product_tag?post=37843"}],"curies":[{"name":"wp","href":"https:\/\/api.w.org\/{rel}","templated":true}]}}