{"id":37699,"date":"2021-09-13T22:06:38","date_gmt":"2021-09-13T20:06:38","guid":{"rendered":"https:\/\/marktxxl.de\/markt\/produkt\/3x-mini-hustle-butter-deluxe-30ml-1oz-tattoopflege-tattoocreme\/"},"modified":"2023-04-11T01:53:41","modified_gmt":"2023-04-10T23:53:41","slug":"3x-mini-hustle-butter-deluxe-30ml-1oz-tattoopflege-tattoocreme","status":"publish","type":"product","link":"https:\/\/marktxxl.de\/markt\/produkt\/3x-mini-hustle-butter-deluxe-30ml-1oz-tattoopflege-tattoocreme\/","title":{"rendered":"3x Mini Hustle Butter Deluxe 30ml 1oz Tattoopflege, Tattoocreme"},"content":{"rendered":"<p>100 % Bio, ohne \u00d6l, Vegan ohne Gefahr. Hustle Salbe Butter Deluxe ist ein veganisches Tattoo, das als Ersatz f\u00fcr alte \u00d6lprodukte verwendet werden kann.<br \/>\nKann Farben enthalten. Aufgrund der biologischen Eigenschaften von Hustle Butter und aus Sheabutter, Mango-Butter und Aloe Vera bleibt die Haut mit Feuchtigkeit versorgt und n\u00e4hrt, sodass die Gelb- und Wei\u00dft\u00f6ne in den ersten Durchgang gelangen.<br \/>\nVerwendung vorn, h\u00e4ngen, und danach Die Bull-Butter Deluxe wurde speziell f\u00fcr die Verwendung w\u00e4hrend der gesamten Phase des Tattooos entwickelt.<br \/>\nTresor mit Schablonen Machen Sie sich keine Sorgen mehr um die Entfernung Ihrer Schablonen aus dem Butter. Es wurde entwickelt, um die Haut glatt zu halten und bereit f\u00fcr das Tattoo, ohne Ihre Schablone zu beeintr\u00e4chtigen.<br \/>\n3 T\u00f6pfe mit je 30 g Hustle Deluxe Butter<br \/>\n<div class=\"main-cross-sell\" data-asin=\"B07N64KKVC\">\n\n\t<div class=\"WooZone-cross-sell-loader\">\n\t\t<div>\n\t\t\t<div id=\"floatingBarsG\">\n\t\t\t\t<div class=\"blockG\" id=\"rotateG_01\"><\/div>\n\t\t\t\t<div class=\"blockG\" id=\"rotateG_02\"><\/div>\n\t\t\t\t<div class=\"blockG\" id=\"rotateG_03\"><\/div>\n\t\t\t\t<div class=\"blockG\" id=\"rotateG_04\"><\/div>\n\t\t\t\t<div class=\"blockG\" id=\"rotateG_05\"><\/div>\n\t\t\t\t<div class=\"blockG\" id=\"rotateG_06\"><\/div>\n\t\t\t\t<div class=\"blockG\" id=\"rotateG_07\"><\/div>\n\t\t\t\t<div class=\"blockG\" id=\"rotateG_08\"><\/div>\n\t\t\t<\/div>\n\t\t\t<div class=\"WooZone-cross-sell-loader-text\"><\/div>\n\t\t<\/div>\n\t<\/div>\n\n\t\t\n<\/div>\n<div style=\"clear:both;\"><\/div><\/p>\n","protected":false},"excerpt":{"rendered":"<p>100 % Bio, ohne \u00d6l, Vegan ohne Gefahr. Hustle Salbe Butter Deluxe ist ein veganisches Tattoo, das als Ersatz f\u00fcr alte \u00d6lprodukte verwendet werden kann.<br \/>\nKann Farben enthalten. Aufgrund der biologischen Eigenschaften von Hustle Butter und aus Sheabutter, Mango-Butter und Aloe Vera bleibt die Haut mit Feuchtigkeit versorgt und n\u00e4hrt, sodass die Gelb- und Wei\u00dft\u00f6ne in den ersten Durchgang gelangen.<br \/>\nVerwendung vorn, h\u00e4ngen, und danach Die Bull-Butter Deluxe wurde speziell f\u00fcr die Verwendung w\u00e4hrend der gesamten Phase des Tattooos entwickelt.<\/p>\n","protected":false},"featured_media":37700,"comment_status":"open","ping_status":"closed","template":"","meta":[],"product_brand":[],"product_cat":[2858,7575],"product_tag":[],"class_list":{"0":"post-37699","1":"product","2":"type-product","3":"status-publish","4":"has-post-thumbnail","6":"product_cat-beauty","7":"product_cat-make-up","8":"pa_binding-misc","9":"pa_brand-hustle-butter-deluxe","10":"pa_languages-unbekannt-deutsch-unbekannt-franzoesisch-unbekannt-englisch","11":"pa_manufacturer-hustle-butter-deluxe","12":"pa_size-30-g-3er-pack","13":"pa_weight-0-0625-pfund","15":"first","16":"instock","17":"shipping-taxable","18":"purchasable","19":"product-type-simple","20":"customify-col","21":"product-has-gallery"},"yoast_head":"<!-- This site is optimized with the Yoast SEO plugin v27.3 - https:\/\/yoast.com\/product\/yoast-seo-wordpress\/ -->\n<title>3x Mini Hustle Butter Deluxe 30ml 1oz Tattoopflege, Tattoocreme - Markt-XXL<\/title>\n<meta name=\"description\" content=\"Markt-XXL 3x Mini Hustle Butter Deluxe 30ml 1oz Tattoopflege, Tattoocreme\" \/>\n<meta name=\"robots\" content=\"index, follow, max-snippet:-1, max-image-preview:large, max-video-preview:-1\" \/>\n<link rel=\"canonical\" href=\"https:\/\/marktxxl.de\/markt\/produkt\/3x-mini-hustle-butter-deluxe-30ml-1oz-tattoopflege-tattoocreme\/\" \/>\n<meta property=\"og:locale\" content=\"de_DE\" \/>\n<meta property=\"og:type\" content=\"article\" \/>\n<meta property=\"og:title\" content=\"3x Mini Hustle Butter Deluxe 30ml 1oz Tattoopflege, Tattoocreme - Markt-XXL\" \/>\n<meta property=\"og:description\" content=\"Markt-XXL 3x Mini Hustle Butter Deluxe 30ml 1oz Tattoopflege, Tattoocreme\" \/>\n<meta property=\"og:url\" content=\"https:\/\/marktxxl.de\/markt\/produkt\/3x-mini-hustle-butter-deluxe-30ml-1oz-tattoopflege-tattoocreme\/\" \/>\n<meta property=\"og:site_name\" content=\"Markt-XXL\" \/>\n<meta property=\"article:modified_time\" content=\"2023-04-10T23:53:41+00:00\" \/>\n<meta property=\"og:image\" content=\"https:\/\/m.media-amazon.com\/images\/I\/31WociAwoXL._SL500_.jpg\" \/>\n\t<meta property=\"og:image:width\" content=\"500\" \/>\n\t<meta property=\"og:image:height\" content=\"187\" \/>\n\t<meta property=\"og:image:type\" content=\"image\/jpeg\" \/>\n<meta name=\"twitter:card\" content=\"summary_large_image\" \/>\n<meta name=\"twitter:label1\" content=\"Gesch\u00e4tzte Lesezeit\" \/>\n\t<meta name=\"twitter:data1\" content=\"1\u00a0Minute\" \/>\n<script type=\"application\/ld+json\" class=\"yoast-schema-graph\">{\"@context\":\"https:\\\/\\\/schema.org\",\"@graph\":[{\"@type\":\"WebPage\",\"@id\":\"https:\\\/\\\/marktxxl.de\\\/markt\\\/produkt\\\/3x-mini-hustle-butter-deluxe-30ml-1oz-tattoopflege-tattoocreme\\\/\",\"url\":\"https:\\\/\\\/marktxxl.de\\\/markt\\\/produkt\\\/3x-mini-hustle-butter-deluxe-30ml-1oz-tattoopflege-tattoocreme\\\/\",\"name\":\"3x Mini Hustle Butter Deluxe 30ml 1oz Tattoopflege, Tattoocreme - Markt-XXL\",\"isPartOf\":{\"@id\":\"https:\\\/\\\/marktxxl.de\\\/markt\\\/#website\"},\"primaryImageOfPage\":{\"@id\":\"https:\\\/\\\/marktxxl.de\\\/markt\\\/produkt\\\/3x-mini-hustle-butter-deluxe-30ml-1oz-tattoopflege-tattoocreme\\\/#primaryimage\"},\"image\":{\"@id\":\"https:\\\/\\\/marktxxl.de\\\/markt\\\/produkt\\\/3x-mini-hustle-butter-deluxe-30ml-1oz-tattoopflege-tattoocreme\\\/#primaryimage\"},\"thumbnailUrl\":\"https:\\\/\\\/m.media-amazon.com\\\/images\\\/I\\\/31WociAwoXL._SL500_.jpg\",\"datePublished\":\"2021-09-13T20:06:38+00:00\",\"dateModified\":\"2023-04-10T23:53:41+00:00\",\"description\":\"Markt-XXL 3x Mini Hustle Butter Deluxe 30ml 1oz Tattoopflege, Tattoocreme\",\"breadcrumb\":{\"@id\":\"https:\\\/\\\/marktxxl.de\\\/markt\\\/produkt\\\/3x-mini-hustle-butter-deluxe-30ml-1oz-tattoopflege-tattoocreme\\\/#breadcrumb\"},\"inLanguage\":\"de\",\"potentialAction\":[{\"@type\":\"ReadAction\",\"target\":[\"https:\\\/\\\/marktxxl.de\\\/markt\\\/produkt\\\/3x-mini-hustle-butter-deluxe-30ml-1oz-tattoopflege-tattoocreme\\\/\"]}]},{\"@type\":\"ImageObject\",\"inLanguage\":\"de\",\"@id\":\"https:\\\/\\\/marktxxl.de\\\/markt\\\/produkt\\\/3x-mini-hustle-butter-deluxe-30ml-1oz-tattoopflege-tattoocreme\\\/#primaryimage\",\"url\":\"https:\\\/\\\/m.media-amazon.com\\\/images\\\/I\\\/31WociAwoXL._SL500_.jpg\",\"contentUrl\":\"https:\\\/\\\/m.media-amazon.com\\\/images\\\/I\\\/31WociAwoXL._SL500_.jpg\",\"width\":500,\"height\":187},{\"@type\":\"BreadcrumbList\",\"@id\":\"https:\\\/\\\/marktxxl.de\\\/markt\\\/produkt\\\/3x-mini-hustle-butter-deluxe-30ml-1oz-tattoopflege-tattoocreme\\\/#breadcrumb\",\"itemListElement\":[{\"@type\":\"ListItem\",\"position\":1,\"name\":\"Startseite\",\"item\":\"https:\\\/\\\/marktxxl.de\\\/markt\\\/\"},{\"@type\":\"ListItem\",\"position\":2,\"name\":\"Markt\",\"item\":\"https:\\\/\\\/marktxxl.de\\\/markt\\\/\"},{\"@type\":\"ListItem\",\"position\":3,\"name\":\"3x Mini Hustle Butter Deluxe 30ml 1oz Tattoopflege, Tattoocreme\"}]},{\"@type\":\"WebSite\",\"@id\":\"https:\\\/\\\/marktxxl.de\\\/markt\\\/#website\",\"url\":\"https:\\\/\\\/marktxxl.de\\\/markt\\\/\",\"name\":\"Markt-XXL\",\"description\":\"Ihr Markt Online\",\"publisher\":{\"@id\":\"https:\\\/\\\/marktxxl.de\\\/markt\\\/#organization\"},\"potentialAction\":[{\"@type\":\"SearchAction\",\"target\":{\"@type\":\"EntryPoint\",\"urlTemplate\":\"https:\\\/\\\/marktxxl.de\\\/markt\\\/?s={search_term_string}\"},\"query-input\":{\"@type\":\"PropertyValueSpecification\",\"valueRequired\":true,\"valueName\":\"search_term_string\"}}],\"inLanguage\":\"de\"},{\"@type\":\"Organization\",\"@id\":\"https:\\\/\\\/marktxxl.de\\\/markt\\\/#organization\",\"name\":\"Markt-XXL\",\"url\":\"https:\\\/\\\/marktxxl.de\\\/markt\\\/\",\"logo\":{\"@type\":\"ImageObject\",\"inLanguage\":\"de\",\"@id\":\"https:\\\/\\\/marktxxl.de\\\/markt\\\/#\\\/schema\\\/logo\\\/image\\\/\",\"url\":\"https:\\\/\\\/marktxxl.de\\\/markt\\\/wp-content\\\/uploads\\\/sites\\\/3\\\/2020\\\/12\\\/logo.png\",\"contentUrl\":\"https:\\\/\\\/marktxxl.de\\\/markt\\\/wp-content\\\/uploads\\\/sites\\\/3\\\/2020\\\/12\\\/logo.png\",\"width\":200,\"height\":70,\"caption\":\"Markt-XXL\"},\"image\":{\"@id\":\"https:\\\/\\\/marktxxl.de\\\/markt\\\/#\\\/schema\\\/logo\\\/image\\\/\"}}]}<\/script>\n<!-- \/ Yoast SEO plugin. -->","yoast_head_json":{"title":"3x Mini Hustle Butter Deluxe 30ml 1oz Tattoopflege, Tattoocreme - Markt-XXL","description":"Markt-XXL 3x Mini Hustle Butter Deluxe 30ml 1oz Tattoopflege, Tattoocreme","robots":{"index":"index","follow":"follow","max-snippet":"max-snippet:-1","max-image-preview":"max-image-preview:large","max-video-preview":"max-video-preview:-1"},"canonical":"https:\/\/marktxxl.de\/markt\/produkt\/3x-mini-hustle-butter-deluxe-30ml-1oz-tattoopflege-tattoocreme\/","og_locale":"de_DE","og_type":"article","og_title":"3x Mini Hustle Butter Deluxe 30ml 1oz Tattoopflege, Tattoocreme - Markt-XXL","og_description":"Markt-XXL 3x Mini Hustle Butter Deluxe 30ml 1oz Tattoopflege, Tattoocreme","og_url":"https:\/\/marktxxl.de\/markt\/produkt\/3x-mini-hustle-butter-deluxe-30ml-1oz-tattoopflege-tattoocreme\/","og_site_name":"Markt-XXL","article_modified_time":"2023-04-10T23:53:41+00:00","og_image":[{"width":500,"height":187,"url":"https:\/\/m.media-amazon.com\/images\/I\/31WociAwoXL._SL500_.jpg","type":"image\/jpeg"}],"twitter_card":"summary_large_image","twitter_misc":{"Gesch\u00e4tzte Lesezeit":"1\u00a0Minute"},"schema":{"@context":"https:\/\/schema.org","@graph":[{"@type":"WebPage","@id":"https:\/\/marktxxl.de\/markt\/produkt\/3x-mini-hustle-butter-deluxe-30ml-1oz-tattoopflege-tattoocreme\/","url":"https:\/\/marktxxl.de\/markt\/produkt\/3x-mini-hustle-butter-deluxe-30ml-1oz-tattoopflege-tattoocreme\/","name":"3x Mini Hustle Butter Deluxe 30ml 1oz Tattoopflege, Tattoocreme - Markt-XXL","isPartOf":{"@id":"https:\/\/marktxxl.de\/markt\/#website"},"primaryImageOfPage":{"@id":"https:\/\/marktxxl.de\/markt\/produkt\/3x-mini-hustle-butter-deluxe-30ml-1oz-tattoopflege-tattoocreme\/#primaryimage"},"image":{"@id":"https:\/\/marktxxl.de\/markt\/produkt\/3x-mini-hustle-butter-deluxe-30ml-1oz-tattoopflege-tattoocreme\/#primaryimage"},"thumbnailUrl":"https:\/\/m.media-amazon.com\/images\/I\/31WociAwoXL._SL500_.jpg","datePublished":"2021-09-13T20:06:38+00:00","dateModified":"2023-04-10T23:53:41+00:00","description":"Markt-XXL 3x Mini Hustle Butter Deluxe 30ml 1oz Tattoopflege, Tattoocreme","breadcrumb":{"@id":"https:\/\/marktxxl.de\/markt\/produkt\/3x-mini-hustle-butter-deluxe-30ml-1oz-tattoopflege-tattoocreme\/#breadcrumb"},"inLanguage":"de","potentialAction":[{"@type":"ReadAction","target":["https:\/\/marktxxl.de\/markt\/produkt\/3x-mini-hustle-butter-deluxe-30ml-1oz-tattoopflege-tattoocreme\/"]}]},{"@type":"ImageObject","inLanguage":"de","@id":"https:\/\/marktxxl.de\/markt\/produkt\/3x-mini-hustle-butter-deluxe-30ml-1oz-tattoopflege-tattoocreme\/#primaryimage","url":"https:\/\/m.media-amazon.com\/images\/I\/31WociAwoXL._SL500_.jpg","contentUrl":"https:\/\/m.media-amazon.com\/images\/I\/31WociAwoXL._SL500_.jpg","width":500,"height":187},{"@type":"BreadcrumbList","@id":"https:\/\/marktxxl.de\/markt\/produkt\/3x-mini-hustle-butter-deluxe-30ml-1oz-tattoopflege-tattoocreme\/#breadcrumb","itemListElement":[{"@type":"ListItem","position":1,"name":"Startseite","item":"https:\/\/marktxxl.de\/markt\/"},{"@type":"ListItem","position":2,"name":"Markt","item":"https:\/\/marktxxl.de\/markt\/"},{"@type":"ListItem","position":3,"name":"3x Mini Hustle Butter Deluxe 30ml 1oz Tattoopflege, Tattoocreme"}]},{"@type":"WebSite","@id":"https:\/\/marktxxl.de\/markt\/#website","url":"https:\/\/marktxxl.de\/markt\/","name":"Markt-XXL","description":"Ihr Markt Online","publisher":{"@id":"https:\/\/marktxxl.de\/markt\/#organization"},"potentialAction":[{"@type":"SearchAction","target":{"@type":"EntryPoint","urlTemplate":"https:\/\/marktxxl.de\/markt\/?s={search_term_string}"},"query-input":{"@type":"PropertyValueSpecification","valueRequired":true,"valueName":"search_term_string"}}],"inLanguage":"de"},{"@type":"Organization","@id":"https:\/\/marktxxl.de\/markt\/#organization","name":"Markt-XXL","url":"https:\/\/marktxxl.de\/markt\/","logo":{"@type":"ImageObject","inLanguage":"de","@id":"https:\/\/marktxxl.de\/markt\/#\/schema\/logo\/image\/","url":"https:\/\/marktxxl.de\/markt\/wp-content\/uploads\/sites\/3\/2020\/12\/logo.png","contentUrl":"https:\/\/marktxxl.de\/markt\/wp-content\/uploads\/sites\/3\/2020\/12\/logo.png","width":200,"height":70,"caption":"Markt-XXL"},"image":{"@id":"https:\/\/marktxxl.de\/markt\/#\/schema\/logo\/image\/"}}]}},"_links":{"self":[{"href":"https:\/\/marktxxl.de\/markt\/wp-json\/wp\/v2\/product\/37699","targetHints":{"allow":["GET"]}}],"collection":[{"href":"https:\/\/marktxxl.de\/markt\/wp-json\/wp\/v2\/product"}],"about":[{"href":"https:\/\/marktxxl.de\/markt\/wp-json\/wp\/v2\/types\/product"}],"replies":[{"embeddable":true,"href":"https:\/\/marktxxl.de\/markt\/wp-json\/wp\/v2\/comments?post=37699"}],"wp:featuredmedia":[{"embeddable":true,"href":"https:\/\/marktxxl.de\/markt\/wp-json\/wp\/v2\/media\/37700"}],"wp:attachment":[{"href":"https:\/\/marktxxl.de\/markt\/wp-json\/wp\/v2\/media?parent=37699"}],"wp:term":[{"taxonomy":"product_brand","embeddable":true,"href":"https:\/\/marktxxl.de\/markt\/wp-json\/wp\/v2\/product_brand?post=37699"},{"taxonomy":"product_cat","embeddable":true,"href":"https:\/\/marktxxl.de\/markt\/wp-json\/wp\/v2\/product_cat?post=37699"},{"taxonomy":"product_tag","embeddable":true,"href":"https:\/\/marktxxl.de\/markt\/wp-json\/wp\/v2\/product_tag?post=37699"}],"curies":[{"name":"wp","href":"https:\/\/api.w.org\/{rel}","templated":true}]}}