{"id":37612,"date":"2021-09-13T22:03:32","date_gmt":"2021-09-13T20:03:32","guid":{"rendered":"https:\/\/marktxxl.de\/markt\/produkt\/pokemon-dressing-kleid-jungen-maedchen-pikachu-kids-pocket-bademantel\/"},"modified":"2023-04-11T01:53:40","modified_gmt":"2023-04-10T23:53:40","slug":"pokemon-dressing-kleid-jungen-maedchen-pikachu-kids-pocket-bademantel","status":"publish","type":"product","link":"https:\/\/marktxxl.de\/markt\/produkt\/pokemon-dressing-kleid-jungen-maedchen-pikachu-kids-pocket-bademantel\/","title":{"rendered":"Pokemon Dressing Kleid Jungen M\u00e4dchen Pikachu Kids Pocket Bademantel"},"content":{"rendered":"<p>POKEMON BOYS DRESSING GOWN &#8211; Unser Pokemon Pikachu Bademantel f\u00fcr Sie und Ihn ist perfekt f\u00fcr Fans des ber\u00fchmten Videospiels oder der Serie. Es kommt mit langen \u00c4rmeln, einem weichen und kuscheligen Kapuzenhals mit Pikachu-Charakter und zwei praktischen Taschen.<br \/>\nVERF\u00dcGBAR IN VIELF\u00c4LTIGEN GR\u00d6SSEN &#8211; Dieser Pikachu-Bademantel f\u00fcr Jungen ist in verschiedenen Gr\u00f6\u00dfen erh\u00e4ltlich. 4-5, 5-6, 7-8, 9-10, 11-12 und 13-14 Jahre. Sie kommen in normaler Kinderanpassung und sind f\u00fcr ultimativen Komfort gemacht und eine gro\u00dfartige Idee als Pokemon-Geburtstagsgeschenk oder f\u00fcr jeden besonderen Anlass.<br \/>\n100% POLYESTER NIGHTWEAR ROBE F\u00dcR KINDER &#8211; Die Pokemon-Kleidung f\u00fcr Jungen besteht aus Polyester und f\u00fchlt sich weich und bequem an. Genial f\u00fcr Pokemon-Spiele oder wenn Sie an w\u00e4rmeren Abenden etwas W\u00e4rmeres und Kuscheliges brauchen.<br \/>\nPIKACHU BATHROBE MIT PIKACHU CHARACTER HOOD F\u00dcR KINDER &#8211; Dieser Pokemon Bademantel f\u00fcr Jungen und M\u00e4dchen ist in leuchtendem Gelb mit kr\u00e4ftigen schwarzen Akzenten und einem leicht zu bindenden G\u00fcrtel erh\u00e4ltlich. Mit einem niedlichen Allover-Druck des Lieblingspokemon der Fans, Pikachu, und einem super lustigen Charakterdruck von Pikachus Gesicht auf der Motorhaube!<br \/>\nOFFIZIELL LIZENZIERTES POKEMON-WAREN &#8211; Dieser flauschige Pokemon-Hausmantel f\u00fcr Jungen ist 100% offizielle Pokemon-Ware und das perfekte Geschenk f\u00fcr alle Pokemon-Trainer! Um dieses Produkt optimal nutzen zu k\u00f6nnen, befolgen Sie bitte vor dem Gebrauch alle Anweisungen auf dem Wasch- und Pflegeetikett.<br \/>\n<div class=\"main-cross-sell\" data-asin=\"B097F5QVKX\">\n\n\t<div class=\"WooZone-cross-sell-loader\">\n\t\t<div>\n\t\t\t<div id=\"floatingBarsG\">\n\t\t\t\t<div class=\"blockG\" id=\"rotateG_01\"><\/div>\n\t\t\t\t<div class=\"blockG\" id=\"rotateG_02\"><\/div>\n\t\t\t\t<div class=\"blockG\" id=\"rotateG_03\"><\/div>\n\t\t\t\t<div class=\"blockG\" id=\"rotateG_04\"><\/div>\n\t\t\t\t<div class=\"blockG\" id=\"rotateG_05\"><\/div>\n\t\t\t\t<div class=\"blockG\" id=\"rotateG_06\"><\/div>\n\t\t\t\t<div class=\"blockG\" id=\"rotateG_07\"><\/div>\n\t\t\t\t<div class=\"blockG\" id=\"rotateG_08\"><\/div>\n\t\t\t<\/div>\n\t\t\t<div class=\"WooZone-cross-sell-loader-text\"><\/div>\n\t\t<\/div>\n\t<\/div>\n\n\t\t\n<\/div>\n<div style=\"clear:both;\"><\/div><\/p>\n","protected":false},"excerpt":{"rendered":"<p>POKEMON BOYS DRESSING GOWN &#8211; Unser Pokemon Pikachu Bademantel f\u00fcr Sie und Ihn ist perfekt f\u00fcr Fans des ber\u00fchmten Videospiels oder der Serie. Es kommt mit langen \u00c4rmeln, einem weichen und kuscheligen Kapuzenhals mit Pikachu-Charakter und zwei praktischen Taschen.<br \/>\nVERF\u00dcGBAR IN VIELF\u00c4LTIGEN GR\u00d6SSEN &#8211; Dieser Pikachu-Bademantel f\u00fcr Jungen ist in verschiedenen Gr\u00f6\u00dfen erh\u00e4ltlich. 4-5, 5-6, 7-8, 9-10, 11-12 und 13-14 Jahre. Sie kommen in normaler Kinderanpassung und sind f\u00fcr ultimativen Komfort gemacht und eine gro\u00dfartige Idee als Pokemon-Geburtstagsgeschenk oder f\u00fcr jeden besonderen Anlass.<br \/>\n100% POLYESTER NIGHTWEAR ROBE F\u00dcR KINDER &#8211; Die Pokemon-Kleidung f\u00fcr Jungen besteht aus Polyester und f\u00fchlt sich weich und bequem an. Genial f\u00fcr Pokemon-Spiele oder wenn Sie an w\u00e4rmeren Abenden etwas W\u00e4rmeres und Kuscheliges brauchen.<\/p>\n","protected":false},"featured_media":37618,"comment_status":"open","ping_status":"closed","template":"","meta":[],"product_brand":[],"product_cat":[1186,4034],"product_tag":[],"class_list":{"0":"post-37612","1":"product","2":"type-product","3":"status-publish","4":"has-post-thumbnail","6":"product_cat-bekleidung","7":"product_cat-jungen","8":"pa_brand-pokemon","9":"pa_color-gelb","10":"pa_groesse-11-12-jahre","11":"pa_groesse-13-14-jahre","12":"pa_groesse-5-6-jahre","13":"pa_groesse-7-8-jahre","14":"pa_groesse-9-10-jahre","15":"pa_manufacturer-vanilla-underground","17":"first","18":"instock","19":"shipping-taxable","20":"purchasable","21":"product-type-simple","22":"customify-col","23":"product-has-gallery"},"yoast_head":"<!-- This site is optimized with the Yoast SEO plugin v27.3 - https:\/\/yoast.com\/product\/yoast-seo-wordpress\/ -->\n<title>Pokemon Dressing Kleid Jungen M\u00e4dchen Pikachu Kids Pocket Bademantel - Markt-XXL<\/title>\n<meta name=\"description\" content=\"Markt-XXL Pokemon Dressing Kleid Jungen M\u00e4dchen Pikachu Kids Pocket Bademantel\" \/>\n<meta name=\"robots\" content=\"index, follow, max-snippet:-1, max-image-preview:large, max-video-preview:-1\" \/>\n<link rel=\"canonical\" href=\"https:\/\/marktxxl.de\/markt\/produkt\/pokemon-dressing-kleid-jungen-maedchen-pikachu-kids-pocket-bademantel\/\" \/>\n<meta property=\"og:locale\" content=\"de_DE\" \/>\n<meta property=\"og:type\" content=\"article\" \/>\n<meta property=\"og:title\" content=\"Pokemon Dressing Kleid Jungen M\u00e4dchen Pikachu Kids Pocket Bademantel - Markt-XXL\" \/>\n<meta property=\"og:description\" content=\"Markt-XXL Pokemon Dressing Kleid Jungen M\u00e4dchen Pikachu Kids Pocket Bademantel\" \/>\n<meta property=\"og:url\" content=\"https:\/\/marktxxl.de\/markt\/produkt\/pokemon-dressing-kleid-jungen-maedchen-pikachu-kids-pocket-bademantel\/\" \/>\n<meta property=\"og:site_name\" content=\"Markt-XXL\" \/>\n<meta property=\"article:modified_time\" content=\"2023-04-10T23:53:40+00:00\" \/>\n<meta property=\"og:image\" content=\"https:\/\/m.media-amazon.com\/images\/I\/41+OOWjNoSL._SL500_.jpg\" \/>\n\t<meta property=\"og:image:width\" content=\"393\" \/>\n\t<meta property=\"og:image:height\" content=\"500\" \/>\n\t<meta property=\"og:image:type\" content=\"image\/jpeg\" \/>\n<meta name=\"twitter:card\" content=\"summary_large_image\" \/>\n<meta name=\"twitter:label1\" content=\"Gesch\u00e4tzte Lesezeit\" \/>\n\t<meta name=\"twitter:data1\" content=\"1\u00a0Minute\" \/>\n<script type=\"application\/ld+json\" class=\"yoast-schema-graph\">{\"@context\":\"https:\\\/\\\/schema.org\",\"@graph\":[{\"@type\":\"WebPage\",\"@id\":\"https:\\\/\\\/marktxxl.de\\\/markt\\\/produkt\\\/pokemon-dressing-kleid-jungen-maedchen-pikachu-kids-pocket-bademantel\\\/\",\"url\":\"https:\\\/\\\/marktxxl.de\\\/markt\\\/produkt\\\/pokemon-dressing-kleid-jungen-maedchen-pikachu-kids-pocket-bademantel\\\/\",\"name\":\"Pokemon Dressing Kleid Jungen M\u00e4dchen Pikachu Kids Pocket Bademantel - Markt-XXL\",\"isPartOf\":{\"@id\":\"https:\\\/\\\/marktxxl.de\\\/markt\\\/#website\"},\"primaryImageOfPage\":{\"@id\":\"https:\\\/\\\/marktxxl.de\\\/markt\\\/produkt\\\/pokemon-dressing-kleid-jungen-maedchen-pikachu-kids-pocket-bademantel\\\/#primaryimage\"},\"image\":{\"@id\":\"https:\\\/\\\/marktxxl.de\\\/markt\\\/produkt\\\/pokemon-dressing-kleid-jungen-maedchen-pikachu-kids-pocket-bademantel\\\/#primaryimage\"},\"thumbnailUrl\":\"https:\\\/\\\/m.media-amazon.com\\\/images\\\/I\\\/41+OOWjNoSL._SL500_.jpg\",\"datePublished\":\"2021-09-13T20:03:32+00:00\",\"dateModified\":\"2023-04-10T23:53:40+00:00\",\"description\":\"Markt-XXL Pokemon Dressing Kleid Jungen M\u00e4dchen Pikachu Kids Pocket Bademantel\",\"breadcrumb\":{\"@id\":\"https:\\\/\\\/marktxxl.de\\\/markt\\\/produkt\\\/pokemon-dressing-kleid-jungen-maedchen-pikachu-kids-pocket-bademantel\\\/#breadcrumb\"},\"inLanguage\":\"de\",\"potentialAction\":[{\"@type\":\"ReadAction\",\"target\":[\"https:\\\/\\\/marktxxl.de\\\/markt\\\/produkt\\\/pokemon-dressing-kleid-jungen-maedchen-pikachu-kids-pocket-bademantel\\\/\"]}]},{\"@type\":\"ImageObject\",\"inLanguage\":\"de\",\"@id\":\"https:\\\/\\\/marktxxl.de\\\/markt\\\/produkt\\\/pokemon-dressing-kleid-jungen-maedchen-pikachu-kids-pocket-bademantel\\\/#primaryimage\",\"url\":\"https:\\\/\\\/m.media-amazon.com\\\/images\\\/I\\\/41+OOWjNoSL._SL500_.jpg\",\"contentUrl\":\"https:\\\/\\\/m.media-amazon.com\\\/images\\\/I\\\/41+OOWjNoSL._SL500_.jpg\",\"width\":393,\"height\":500},{\"@type\":\"BreadcrumbList\",\"@id\":\"https:\\\/\\\/marktxxl.de\\\/markt\\\/produkt\\\/pokemon-dressing-kleid-jungen-maedchen-pikachu-kids-pocket-bademantel\\\/#breadcrumb\",\"itemListElement\":[{\"@type\":\"ListItem\",\"position\":1,\"name\":\"Startseite\",\"item\":\"https:\\\/\\\/marktxxl.de\\\/markt\\\/\"},{\"@type\":\"ListItem\",\"position\":2,\"name\":\"Markt\",\"item\":\"https:\\\/\\\/marktxxl.de\\\/markt\\\/\"},{\"@type\":\"ListItem\",\"position\":3,\"name\":\"Pokemon Dressing Kleid Jungen M\u00e4dchen Pikachu Kids Pocket Bademantel\"}]},{\"@type\":\"WebSite\",\"@id\":\"https:\\\/\\\/marktxxl.de\\\/markt\\\/#website\",\"url\":\"https:\\\/\\\/marktxxl.de\\\/markt\\\/\",\"name\":\"Markt-XXL\",\"description\":\"Ihr Markt Online\",\"publisher\":{\"@id\":\"https:\\\/\\\/marktxxl.de\\\/markt\\\/#organization\"},\"potentialAction\":[{\"@type\":\"SearchAction\",\"target\":{\"@type\":\"EntryPoint\",\"urlTemplate\":\"https:\\\/\\\/marktxxl.de\\\/markt\\\/?s={search_term_string}\"},\"query-input\":{\"@type\":\"PropertyValueSpecification\",\"valueRequired\":true,\"valueName\":\"search_term_string\"}}],\"inLanguage\":\"de\"},{\"@type\":\"Organization\",\"@id\":\"https:\\\/\\\/marktxxl.de\\\/markt\\\/#organization\",\"name\":\"Markt-XXL\",\"url\":\"https:\\\/\\\/marktxxl.de\\\/markt\\\/\",\"logo\":{\"@type\":\"ImageObject\",\"inLanguage\":\"de\",\"@id\":\"https:\\\/\\\/marktxxl.de\\\/markt\\\/#\\\/schema\\\/logo\\\/image\\\/\",\"url\":\"https:\\\/\\\/marktxxl.de\\\/markt\\\/wp-content\\\/uploads\\\/sites\\\/3\\\/2020\\\/12\\\/logo.png\",\"contentUrl\":\"https:\\\/\\\/marktxxl.de\\\/markt\\\/wp-content\\\/uploads\\\/sites\\\/3\\\/2020\\\/12\\\/logo.png\",\"width\":200,\"height\":70,\"caption\":\"Markt-XXL\"},\"image\":{\"@id\":\"https:\\\/\\\/marktxxl.de\\\/markt\\\/#\\\/schema\\\/logo\\\/image\\\/\"}}]}<\/script>\n<!-- \/ Yoast SEO plugin. -->","yoast_head_json":{"title":"Pokemon Dressing Kleid Jungen M\u00e4dchen Pikachu Kids Pocket Bademantel - Markt-XXL","description":"Markt-XXL Pokemon Dressing Kleid Jungen M\u00e4dchen Pikachu Kids Pocket Bademantel","robots":{"index":"index","follow":"follow","max-snippet":"max-snippet:-1","max-image-preview":"max-image-preview:large","max-video-preview":"max-video-preview:-1"},"canonical":"https:\/\/marktxxl.de\/markt\/produkt\/pokemon-dressing-kleid-jungen-maedchen-pikachu-kids-pocket-bademantel\/","og_locale":"de_DE","og_type":"article","og_title":"Pokemon Dressing Kleid Jungen M\u00e4dchen Pikachu Kids Pocket Bademantel - Markt-XXL","og_description":"Markt-XXL Pokemon Dressing Kleid Jungen M\u00e4dchen Pikachu Kids Pocket Bademantel","og_url":"https:\/\/marktxxl.de\/markt\/produkt\/pokemon-dressing-kleid-jungen-maedchen-pikachu-kids-pocket-bademantel\/","og_site_name":"Markt-XXL","article_modified_time":"2023-04-10T23:53:40+00:00","og_image":[{"width":393,"height":500,"url":"https:\/\/m.media-amazon.com\/images\/I\/41+OOWjNoSL._SL500_.jpg","type":"image\/jpeg"}],"twitter_card":"summary_large_image","twitter_misc":{"Gesch\u00e4tzte Lesezeit":"1\u00a0Minute"},"schema":{"@context":"https:\/\/schema.org","@graph":[{"@type":"WebPage","@id":"https:\/\/marktxxl.de\/markt\/produkt\/pokemon-dressing-kleid-jungen-maedchen-pikachu-kids-pocket-bademantel\/","url":"https:\/\/marktxxl.de\/markt\/produkt\/pokemon-dressing-kleid-jungen-maedchen-pikachu-kids-pocket-bademantel\/","name":"Pokemon Dressing Kleid Jungen M\u00e4dchen Pikachu Kids Pocket Bademantel - Markt-XXL","isPartOf":{"@id":"https:\/\/marktxxl.de\/markt\/#website"},"primaryImageOfPage":{"@id":"https:\/\/marktxxl.de\/markt\/produkt\/pokemon-dressing-kleid-jungen-maedchen-pikachu-kids-pocket-bademantel\/#primaryimage"},"image":{"@id":"https:\/\/marktxxl.de\/markt\/produkt\/pokemon-dressing-kleid-jungen-maedchen-pikachu-kids-pocket-bademantel\/#primaryimage"},"thumbnailUrl":"https:\/\/m.media-amazon.com\/images\/I\/41+OOWjNoSL._SL500_.jpg","datePublished":"2021-09-13T20:03:32+00:00","dateModified":"2023-04-10T23:53:40+00:00","description":"Markt-XXL Pokemon Dressing Kleid Jungen M\u00e4dchen Pikachu Kids Pocket Bademantel","breadcrumb":{"@id":"https:\/\/marktxxl.de\/markt\/produkt\/pokemon-dressing-kleid-jungen-maedchen-pikachu-kids-pocket-bademantel\/#breadcrumb"},"inLanguage":"de","potentialAction":[{"@type":"ReadAction","target":["https:\/\/marktxxl.de\/markt\/produkt\/pokemon-dressing-kleid-jungen-maedchen-pikachu-kids-pocket-bademantel\/"]}]},{"@type":"ImageObject","inLanguage":"de","@id":"https:\/\/marktxxl.de\/markt\/produkt\/pokemon-dressing-kleid-jungen-maedchen-pikachu-kids-pocket-bademantel\/#primaryimage","url":"https:\/\/m.media-amazon.com\/images\/I\/41+OOWjNoSL._SL500_.jpg","contentUrl":"https:\/\/m.media-amazon.com\/images\/I\/41+OOWjNoSL._SL500_.jpg","width":393,"height":500},{"@type":"BreadcrumbList","@id":"https:\/\/marktxxl.de\/markt\/produkt\/pokemon-dressing-kleid-jungen-maedchen-pikachu-kids-pocket-bademantel\/#breadcrumb","itemListElement":[{"@type":"ListItem","position":1,"name":"Startseite","item":"https:\/\/marktxxl.de\/markt\/"},{"@type":"ListItem","position":2,"name":"Markt","item":"https:\/\/marktxxl.de\/markt\/"},{"@type":"ListItem","position":3,"name":"Pokemon Dressing Kleid Jungen M\u00e4dchen Pikachu Kids Pocket Bademantel"}]},{"@type":"WebSite","@id":"https:\/\/marktxxl.de\/markt\/#website","url":"https:\/\/marktxxl.de\/markt\/","name":"Markt-XXL","description":"Ihr Markt Online","publisher":{"@id":"https:\/\/marktxxl.de\/markt\/#organization"},"potentialAction":[{"@type":"SearchAction","target":{"@type":"EntryPoint","urlTemplate":"https:\/\/marktxxl.de\/markt\/?s={search_term_string}"},"query-input":{"@type":"PropertyValueSpecification","valueRequired":true,"valueName":"search_term_string"}}],"inLanguage":"de"},{"@type":"Organization","@id":"https:\/\/marktxxl.de\/markt\/#organization","name":"Markt-XXL","url":"https:\/\/marktxxl.de\/markt\/","logo":{"@type":"ImageObject","inLanguage":"de","@id":"https:\/\/marktxxl.de\/markt\/#\/schema\/logo\/image\/","url":"https:\/\/marktxxl.de\/markt\/wp-content\/uploads\/sites\/3\/2020\/12\/logo.png","contentUrl":"https:\/\/marktxxl.de\/markt\/wp-content\/uploads\/sites\/3\/2020\/12\/logo.png","width":200,"height":70,"caption":"Markt-XXL"},"image":{"@id":"https:\/\/marktxxl.de\/markt\/#\/schema\/logo\/image\/"}}]}},"_links":{"self":[{"href":"https:\/\/marktxxl.de\/markt\/wp-json\/wp\/v2\/product\/37612","targetHints":{"allow":["GET"]}}],"collection":[{"href":"https:\/\/marktxxl.de\/markt\/wp-json\/wp\/v2\/product"}],"about":[{"href":"https:\/\/marktxxl.de\/markt\/wp-json\/wp\/v2\/types\/product"}],"replies":[{"embeddable":true,"href":"https:\/\/marktxxl.de\/markt\/wp-json\/wp\/v2\/comments?post=37612"}],"wp:featuredmedia":[{"embeddable":true,"href":"https:\/\/marktxxl.de\/markt\/wp-json\/wp\/v2\/media\/37618"}],"wp:attachment":[{"href":"https:\/\/marktxxl.de\/markt\/wp-json\/wp\/v2\/media?parent=37612"}],"wp:term":[{"taxonomy":"product_brand","embeddable":true,"href":"https:\/\/marktxxl.de\/markt\/wp-json\/wp\/v2\/product_brand?post=37612"},{"taxonomy":"product_cat","embeddable":true,"href":"https:\/\/marktxxl.de\/markt\/wp-json\/wp\/v2\/product_cat?post=37612"},{"taxonomy":"product_tag","embeddable":true,"href":"https:\/\/marktxxl.de\/markt\/wp-json\/wp\/v2\/product_tag?post=37612"}],"curies":[{"name":"wp","href":"https:\/\/api.w.org\/{rel}","templated":true}]}}