{"id":37384,"date":"2021-09-13T21:54:16","date_gmt":"2021-09-13T19:54:16","guid":{"rendered":"https:\/\/marktxxl.de\/markt\/produkt\/chala-geldboerse-mit-reissverschluss-handgelenk-8-kreditkartenfaecher-robustes-pu-leder\/"},"modified":"2023-04-10T01:37:52","modified_gmt":"2023-04-09T23:37:52","slug":"chala-geldboerse-mit-reissverschluss-handgelenk-8-kreditkartenfaecher-robustes-pu-leder","status":"publish","type":"product","link":"https:\/\/marktxxl.de\/markt\/produkt\/chala-geldboerse-mit-reissverschluss-handgelenk-8-kreditkartenfaecher-robustes-pu-leder\/","title":{"rendered":"CHALA Zip-Around-Brieftasche &#8211; Cat Gen II &#8211; Brauner Streifen"},"content":{"rendered":"<p>Praktisch, kompakt, spa\u00dfig. Vorderseite mit unseren einzigartigen Chala-Figuren. Brieftaschen- oder Handgelenk-Design mit hochwertigem, weichem PU-Leder, das langlebig und sch\u00f6n ist. Sch\u00f6nes Futtermaterial, um Reibung und Sch\u00e4den an Ihren Wertsachen zu vermeiden.<br \/>\nGeldb\u00f6rse mit 8 separaten Kreditkartenf\u00e4chern und einem transparenten Ausweisfach, 2 separaten Geldf\u00e4chern, 1 M\u00fcnzfach mit Rei\u00dfverschluss. Diese Brieftasche hat alles, 8 separate Kreditkartenf\u00e4cher sowie einen durchsichtigen Ausweishalter und 2 separate F\u00e4cher f\u00fcr Bargeld. Die R\u00fcckseite ist ein separates Fach mit Rei\u00dfverschluss. Nat\u00fcrlich ist der Innenraum immer mit Chala einzigartigen Aqua Dots auf braunem Anti-Reibungsfutterstoff ausgekleidet.<br \/>\nVerwendete Materialien: PU-Leder \u2013 auch Kunstleder genannt oder veganes Leder ist ein synthetisches Leder mit einer geh\u00e4mmerten klassischen Textur f\u00fcr die Au\u00dfenseite. Rei\u00dfverschluss oben. Weiches Innenfutter Zus\u00e4tzliche Polsterung in der gesamten Tasche zum Schutz Ihrer wertvollen Kreditkarten oder Ausweise.<br \/>\nSie k\u00f6nnen sie als Brieftasche oder als Armband verwenden \u2013 kommt mit einer starken Handgelenkschlaufe, die es erm\u00f6glicht, diese Brieftasche in eine Handtasche oder Tasche zu verwandeln.<br \/>\nMit einzigartigem Rei\u00dfverschluss-Anh\u00e4nger und Rei\u00dfverschluss<br \/>\n<div class=\"main-cross-sell\" data-asin=\"B07PK5ZQF9\">\n\n\t<div class=\"WooZone-cross-sell-loader\">\n\t\t<div>\n\t\t\t<div id=\"floatingBarsG\">\n\t\t\t\t<div class=\"blockG\" id=\"rotateG_01\"><\/div>\n\t\t\t\t<div class=\"blockG\" id=\"rotateG_02\"><\/div>\n\t\t\t\t<div class=\"blockG\" id=\"rotateG_03\"><\/div>\n\t\t\t\t<div class=\"blockG\" id=\"rotateG_04\"><\/div>\n\t\t\t\t<div class=\"blockG\" id=\"rotateG_05\"><\/div>\n\t\t\t\t<div class=\"blockG\" id=\"rotateG_06\"><\/div>\n\t\t\t\t<div class=\"blockG\" id=\"rotateG_07\"><\/div>\n\t\t\t\t<div class=\"blockG\" id=\"rotateG_08\"><\/div>\n\t\t\t<\/div>\n\t\t\t<div class=\"WooZone-cross-sell-loader-text\"><\/div>\n\t\t<\/div>\n\t<\/div>\n\n\t\t\n<\/div>\n<div style=\"clear:both;\"><\/div><\/p>\n","protected":false},"excerpt":{"rendered":"<p>Praktisch, kompakt, spa\u00dfig. Vorderseite mit unseren einzigartigen Chala-Figuren. Brieftaschen- oder Handgelenk-Design mit hochwertigem, weichem PU-Leder, das langlebig und sch\u00f6n ist. Sch\u00f6nes Futtermaterial, um Reibung und Sch\u00e4den an Ihren Wertsachen zu vermeiden.<br \/>\nGeldb\u00f6rse mit 8 separaten Kreditkartenf\u00e4chern und einem transparenten Ausweisfach, 2 separaten Geldf\u00e4chern, 1 M\u00fcnzfach mit Rei\u00dfverschluss. Diese Brieftasche hat alles, 8 separate Kreditkartenf\u00e4cher sowie einen durchsichtigen Ausweishalter und 2 separate F\u00e4cher f\u00fcr Bargeld. Die R\u00fcckseite ist ein separates Fach mit Rei\u00dfverschluss. Nat\u00fcrlich ist der Innenraum immer mit Chala einzigartigen Aqua Dots auf braunem Anti-Reibungsfutterstoff ausgekleidet.<br \/>\nVerwendete Materialien: PU-Leder \u2013 auch Kunstleder genannt oder veganes Leder ist ein synthetisches Leder mit einer geh\u00e4mmerten klassischen Textur f\u00fcr die Au\u00dfenseite. Rei\u00dfverschluss oben. Weiches Innenfutter Zus\u00e4tzliche Polsterung in der gesamten Tasche zum Schutz Ihrer wertvollen Kreditkarten oder Ausweise.<\/p>\n","protected":false},"featured_media":37385,"comment_status":"open","ping_status":"closed","template":"","meta":[],"product_brand":[],"product_cat":[1186,3960],"product_tag":[],"class_list":{"0":"post-37384","1":"product","2":"type-product","3":"status-publish","4":"has-post-thumbnail","6":"product_cat-bekleidung","7":"product_cat-herren","8":"pa_brand-chala","10":"first","11":"instock","12":"shipping-taxable","13":"purchasable","14":"product-type-simple","15":"customify-col","16":"product-has-gallery"},"yoast_head":"<!-- This site is optimized with the Yoast SEO plugin v27.3 - https:\/\/yoast.com\/product\/yoast-seo-wordpress\/ -->\n<title>CHALA Zip-Around-Brieftasche - Cat Gen II - Brauner Streifen - Markt-XXL<\/title>\n<meta name=\"description\" content=\"Markt-XXL CHALA Zip-Around-Brieftasche - Cat Gen II - Brauner Streifen\" \/>\n<meta name=\"robots\" content=\"index, follow, max-snippet:-1, max-image-preview:large, max-video-preview:-1\" \/>\n<link rel=\"canonical\" href=\"https:\/\/marktxxl.de\/markt\/produkt\/chala-geldboerse-mit-reissverschluss-handgelenk-8-kreditkartenfaecher-robustes-pu-leder\/\" \/>\n<meta property=\"og:locale\" content=\"de_DE\" \/>\n<meta property=\"og:type\" content=\"article\" \/>\n<meta property=\"og:title\" content=\"CHALA Zip-Around-Brieftasche - Cat Gen II - Brauner Streifen - Markt-XXL\" \/>\n<meta property=\"og:description\" content=\"Markt-XXL CHALA Zip-Around-Brieftasche - Cat Gen II - Brauner Streifen\" \/>\n<meta property=\"og:url\" content=\"https:\/\/marktxxl.de\/markt\/produkt\/chala-geldboerse-mit-reissverschluss-handgelenk-8-kreditkartenfaecher-robustes-pu-leder\/\" \/>\n<meta property=\"og:site_name\" content=\"Markt-XXL\" \/>\n<meta property=\"article:modified_time\" content=\"2023-04-09T23:37:52+00:00\" \/>\n<meta property=\"og:image\" content=\"https:\/\/m.media-amazon.com\/images\/I\/51kjgUVNB6L._SL500_.jpg\" \/>\n\t<meta property=\"og:image:width\" content=\"500\" \/>\n\t<meta property=\"og:image:height\" content=\"500\" \/>\n\t<meta property=\"og:image:type\" content=\"image\/jpeg\" \/>\n<meta name=\"twitter:card\" content=\"summary_large_image\" \/>\n<meta name=\"twitter:label1\" content=\"Gesch\u00e4tzte Lesezeit\" \/>\n\t<meta name=\"twitter:data1\" content=\"1\u00a0Minute\" \/>\n<script type=\"application\/ld+json\" class=\"yoast-schema-graph\">{\"@context\":\"https:\\\/\\\/schema.org\",\"@graph\":[{\"@type\":\"WebPage\",\"@id\":\"https:\\\/\\\/marktxxl.de\\\/markt\\\/produkt\\\/chala-geldboerse-mit-reissverschluss-handgelenk-8-kreditkartenfaecher-robustes-pu-leder\\\/\",\"url\":\"https:\\\/\\\/marktxxl.de\\\/markt\\\/produkt\\\/chala-geldboerse-mit-reissverschluss-handgelenk-8-kreditkartenfaecher-robustes-pu-leder\\\/\",\"name\":\"CHALA Zip-Around-Brieftasche - Cat Gen II - Brauner Streifen - Markt-XXL\",\"isPartOf\":{\"@id\":\"https:\\\/\\\/marktxxl.de\\\/markt\\\/#website\"},\"primaryImageOfPage\":{\"@id\":\"https:\\\/\\\/marktxxl.de\\\/markt\\\/produkt\\\/chala-geldboerse-mit-reissverschluss-handgelenk-8-kreditkartenfaecher-robustes-pu-leder\\\/#primaryimage\"},\"image\":{\"@id\":\"https:\\\/\\\/marktxxl.de\\\/markt\\\/produkt\\\/chala-geldboerse-mit-reissverschluss-handgelenk-8-kreditkartenfaecher-robustes-pu-leder\\\/#primaryimage\"},\"thumbnailUrl\":\"https:\\\/\\\/m.media-amazon.com\\\/images\\\/I\\\/51kjgUVNB6L._SL500_.jpg\",\"datePublished\":\"2021-09-13T19:54:16+00:00\",\"dateModified\":\"2023-04-09T23:37:52+00:00\",\"description\":\"Markt-XXL CHALA Zip-Around-Brieftasche - Cat Gen II - Brauner Streifen\",\"breadcrumb\":{\"@id\":\"https:\\\/\\\/marktxxl.de\\\/markt\\\/produkt\\\/chala-geldboerse-mit-reissverschluss-handgelenk-8-kreditkartenfaecher-robustes-pu-leder\\\/#breadcrumb\"},\"inLanguage\":\"de\",\"potentialAction\":[{\"@type\":\"ReadAction\",\"target\":[\"https:\\\/\\\/marktxxl.de\\\/markt\\\/produkt\\\/chala-geldboerse-mit-reissverschluss-handgelenk-8-kreditkartenfaecher-robustes-pu-leder\\\/\"]}]},{\"@type\":\"ImageObject\",\"inLanguage\":\"de\",\"@id\":\"https:\\\/\\\/marktxxl.de\\\/markt\\\/produkt\\\/chala-geldboerse-mit-reissverschluss-handgelenk-8-kreditkartenfaecher-robustes-pu-leder\\\/#primaryimage\",\"url\":\"https:\\\/\\\/m.media-amazon.com\\\/images\\\/I\\\/51kjgUVNB6L._SL500_.jpg\",\"contentUrl\":\"https:\\\/\\\/m.media-amazon.com\\\/images\\\/I\\\/51kjgUVNB6L._SL500_.jpg\",\"width\":500,\"height\":500},{\"@type\":\"BreadcrumbList\",\"@id\":\"https:\\\/\\\/marktxxl.de\\\/markt\\\/produkt\\\/chala-geldboerse-mit-reissverschluss-handgelenk-8-kreditkartenfaecher-robustes-pu-leder\\\/#breadcrumb\",\"itemListElement\":[{\"@type\":\"ListItem\",\"position\":1,\"name\":\"Startseite\",\"item\":\"https:\\\/\\\/marktxxl.de\\\/markt\\\/\"},{\"@type\":\"ListItem\",\"position\":2,\"name\":\"Markt\",\"item\":\"https:\\\/\\\/marktxxl.de\\\/markt\\\/\"},{\"@type\":\"ListItem\",\"position\":3,\"name\":\"CHALA Zip-Around-Brieftasche &#8211; Cat Gen II &#8211; Brauner Streifen\"}]},{\"@type\":\"WebSite\",\"@id\":\"https:\\\/\\\/marktxxl.de\\\/markt\\\/#website\",\"url\":\"https:\\\/\\\/marktxxl.de\\\/markt\\\/\",\"name\":\"Markt-XXL\",\"description\":\"Ihr Markt Online\",\"publisher\":{\"@id\":\"https:\\\/\\\/marktxxl.de\\\/markt\\\/#organization\"},\"potentialAction\":[{\"@type\":\"SearchAction\",\"target\":{\"@type\":\"EntryPoint\",\"urlTemplate\":\"https:\\\/\\\/marktxxl.de\\\/markt\\\/?s={search_term_string}\"},\"query-input\":{\"@type\":\"PropertyValueSpecification\",\"valueRequired\":true,\"valueName\":\"search_term_string\"}}],\"inLanguage\":\"de\"},{\"@type\":\"Organization\",\"@id\":\"https:\\\/\\\/marktxxl.de\\\/markt\\\/#organization\",\"name\":\"Markt-XXL\",\"url\":\"https:\\\/\\\/marktxxl.de\\\/markt\\\/\",\"logo\":{\"@type\":\"ImageObject\",\"inLanguage\":\"de\",\"@id\":\"https:\\\/\\\/marktxxl.de\\\/markt\\\/#\\\/schema\\\/logo\\\/image\\\/\",\"url\":\"https:\\\/\\\/marktxxl.de\\\/markt\\\/wp-content\\\/uploads\\\/sites\\\/3\\\/2020\\\/12\\\/logo.png\",\"contentUrl\":\"https:\\\/\\\/marktxxl.de\\\/markt\\\/wp-content\\\/uploads\\\/sites\\\/3\\\/2020\\\/12\\\/logo.png\",\"width\":200,\"height\":70,\"caption\":\"Markt-XXL\"},\"image\":{\"@id\":\"https:\\\/\\\/marktxxl.de\\\/markt\\\/#\\\/schema\\\/logo\\\/image\\\/\"}}]}<\/script>\n<!-- \/ Yoast SEO plugin. -->","yoast_head_json":{"title":"CHALA Zip-Around-Brieftasche - Cat Gen II - Brauner Streifen - Markt-XXL","description":"Markt-XXL CHALA Zip-Around-Brieftasche - Cat Gen II - Brauner Streifen","robots":{"index":"index","follow":"follow","max-snippet":"max-snippet:-1","max-image-preview":"max-image-preview:large","max-video-preview":"max-video-preview:-1"},"canonical":"https:\/\/marktxxl.de\/markt\/produkt\/chala-geldboerse-mit-reissverschluss-handgelenk-8-kreditkartenfaecher-robustes-pu-leder\/","og_locale":"de_DE","og_type":"article","og_title":"CHALA Zip-Around-Brieftasche - Cat Gen II - Brauner Streifen - Markt-XXL","og_description":"Markt-XXL CHALA Zip-Around-Brieftasche - Cat Gen II - Brauner Streifen","og_url":"https:\/\/marktxxl.de\/markt\/produkt\/chala-geldboerse-mit-reissverschluss-handgelenk-8-kreditkartenfaecher-robustes-pu-leder\/","og_site_name":"Markt-XXL","article_modified_time":"2023-04-09T23:37:52+00:00","og_image":[{"width":500,"height":500,"url":"https:\/\/m.media-amazon.com\/images\/I\/51kjgUVNB6L._SL500_.jpg","type":"image\/jpeg"}],"twitter_card":"summary_large_image","twitter_misc":{"Gesch\u00e4tzte Lesezeit":"1\u00a0Minute"},"schema":{"@context":"https:\/\/schema.org","@graph":[{"@type":"WebPage","@id":"https:\/\/marktxxl.de\/markt\/produkt\/chala-geldboerse-mit-reissverschluss-handgelenk-8-kreditkartenfaecher-robustes-pu-leder\/","url":"https:\/\/marktxxl.de\/markt\/produkt\/chala-geldboerse-mit-reissverschluss-handgelenk-8-kreditkartenfaecher-robustes-pu-leder\/","name":"CHALA Zip-Around-Brieftasche - Cat Gen II - Brauner Streifen - Markt-XXL","isPartOf":{"@id":"https:\/\/marktxxl.de\/markt\/#website"},"primaryImageOfPage":{"@id":"https:\/\/marktxxl.de\/markt\/produkt\/chala-geldboerse-mit-reissverschluss-handgelenk-8-kreditkartenfaecher-robustes-pu-leder\/#primaryimage"},"image":{"@id":"https:\/\/marktxxl.de\/markt\/produkt\/chala-geldboerse-mit-reissverschluss-handgelenk-8-kreditkartenfaecher-robustes-pu-leder\/#primaryimage"},"thumbnailUrl":"https:\/\/m.media-amazon.com\/images\/I\/51kjgUVNB6L._SL500_.jpg","datePublished":"2021-09-13T19:54:16+00:00","dateModified":"2023-04-09T23:37:52+00:00","description":"Markt-XXL CHALA Zip-Around-Brieftasche - Cat Gen II - Brauner Streifen","breadcrumb":{"@id":"https:\/\/marktxxl.de\/markt\/produkt\/chala-geldboerse-mit-reissverschluss-handgelenk-8-kreditkartenfaecher-robustes-pu-leder\/#breadcrumb"},"inLanguage":"de","potentialAction":[{"@type":"ReadAction","target":["https:\/\/marktxxl.de\/markt\/produkt\/chala-geldboerse-mit-reissverschluss-handgelenk-8-kreditkartenfaecher-robustes-pu-leder\/"]}]},{"@type":"ImageObject","inLanguage":"de","@id":"https:\/\/marktxxl.de\/markt\/produkt\/chala-geldboerse-mit-reissverschluss-handgelenk-8-kreditkartenfaecher-robustes-pu-leder\/#primaryimage","url":"https:\/\/m.media-amazon.com\/images\/I\/51kjgUVNB6L._SL500_.jpg","contentUrl":"https:\/\/m.media-amazon.com\/images\/I\/51kjgUVNB6L._SL500_.jpg","width":500,"height":500},{"@type":"BreadcrumbList","@id":"https:\/\/marktxxl.de\/markt\/produkt\/chala-geldboerse-mit-reissverschluss-handgelenk-8-kreditkartenfaecher-robustes-pu-leder\/#breadcrumb","itemListElement":[{"@type":"ListItem","position":1,"name":"Startseite","item":"https:\/\/marktxxl.de\/markt\/"},{"@type":"ListItem","position":2,"name":"Markt","item":"https:\/\/marktxxl.de\/markt\/"},{"@type":"ListItem","position":3,"name":"CHALA Zip-Around-Brieftasche &#8211; Cat Gen II &#8211; Brauner Streifen"}]},{"@type":"WebSite","@id":"https:\/\/marktxxl.de\/markt\/#website","url":"https:\/\/marktxxl.de\/markt\/","name":"Markt-XXL","description":"Ihr Markt Online","publisher":{"@id":"https:\/\/marktxxl.de\/markt\/#organization"},"potentialAction":[{"@type":"SearchAction","target":{"@type":"EntryPoint","urlTemplate":"https:\/\/marktxxl.de\/markt\/?s={search_term_string}"},"query-input":{"@type":"PropertyValueSpecification","valueRequired":true,"valueName":"search_term_string"}}],"inLanguage":"de"},{"@type":"Organization","@id":"https:\/\/marktxxl.de\/markt\/#organization","name":"Markt-XXL","url":"https:\/\/marktxxl.de\/markt\/","logo":{"@type":"ImageObject","inLanguage":"de","@id":"https:\/\/marktxxl.de\/markt\/#\/schema\/logo\/image\/","url":"https:\/\/marktxxl.de\/markt\/wp-content\/uploads\/sites\/3\/2020\/12\/logo.png","contentUrl":"https:\/\/marktxxl.de\/markt\/wp-content\/uploads\/sites\/3\/2020\/12\/logo.png","width":200,"height":70,"caption":"Markt-XXL"},"image":{"@id":"https:\/\/marktxxl.de\/markt\/#\/schema\/logo\/image\/"}}]}},"_links":{"self":[{"href":"https:\/\/marktxxl.de\/markt\/wp-json\/wp\/v2\/product\/37384","targetHints":{"allow":["GET"]}}],"collection":[{"href":"https:\/\/marktxxl.de\/markt\/wp-json\/wp\/v2\/product"}],"about":[{"href":"https:\/\/marktxxl.de\/markt\/wp-json\/wp\/v2\/types\/product"}],"replies":[{"embeddable":true,"href":"https:\/\/marktxxl.de\/markt\/wp-json\/wp\/v2\/comments?post=37384"}],"wp:featuredmedia":[{"embeddable":true,"href":"https:\/\/marktxxl.de\/markt\/wp-json\/wp\/v2\/media\/37385"}],"wp:attachment":[{"href":"https:\/\/marktxxl.de\/markt\/wp-json\/wp\/v2\/media?parent=37384"}],"wp:term":[{"taxonomy":"product_brand","embeddable":true,"href":"https:\/\/marktxxl.de\/markt\/wp-json\/wp\/v2\/product_brand?post=37384"},{"taxonomy":"product_cat","embeddable":true,"href":"https:\/\/marktxxl.de\/markt\/wp-json\/wp\/v2\/product_cat?post=37384"},{"taxonomy":"product_tag","embeddable":true,"href":"https:\/\/marktxxl.de\/markt\/wp-json\/wp\/v2\/product_tag?post=37384"}],"curies":[{"name":"wp","href":"https:\/\/api.w.org\/{rel}","templated":true}]}}