{"id":37329,"date":"2021-09-13T21:51:43","date_gmt":"2021-09-13T19:51:43","guid":{"rendered":"https:\/\/marktxxl.de\/markt\/produkt\/kate-spade-new-york-womens-shore-thing-crab-lacey\/"},"modified":"2023-04-10T01:37:50","modified_gmt":"2023-04-09T23:37:50","slug":"kate-spade-new-york-womens-shore-thing-crab-lacey","status":"publish","type":"product","link":"https:\/\/marktxxl.de\/markt\/produkt\/kate-spade-new-york-womens-shore-thing-crab-lacey\/","title":{"rendered":"Kate Spade Newbury Lane Neda Geldb\u00f6rse Leder"},"content":{"rendered":"<p>Ma\u00c3\u0178e (L x H x B): ca. 19,1 x 10,2 x 2,5 cm<br \/>\nRei\u00c3\u0178verschluss um den Rei\u00c3\u0178verschluss; Namens-Markenlogo auf der Vorderseite<br \/>\nDurchgehende Einschubtasche auf der R\u00c3\u00bcckseite; importiert<br \/>\nSeitenfalte innen mit 12 Kartenf\u00c3\u00a4chern, 2 Einsteckf\u00c3\u00a4chern, 1 Handyfach und 1 zentrales Rei\u00c3\u0178verschlussfach<br \/>\nInternational products have separate terms, are sold from abroad and may differ from local products, including fit, age ratings, and language of product, labeling or instructions.<br \/>\n<div class=\"main-cross-sell\" data-asin=\"B07QKF9JXP\">\n\n\t<div class=\"WooZone-cross-sell-loader\">\n\t\t<div>\n\t\t\t<div id=\"floatingBarsG\">\n\t\t\t\t<div class=\"blockG\" id=\"rotateG_01\"><\/div>\n\t\t\t\t<div class=\"blockG\" id=\"rotateG_02\"><\/div>\n\t\t\t\t<div class=\"blockG\" id=\"rotateG_03\"><\/div>\n\t\t\t\t<div class=\"blockG\" id=\"rotateG_04\"><\/div>\n\t\t\t\t<div class=\"blockG\" id=\"rotateG_05\"><\/div>\n\t\t\t\t<div class=\"blockG\" id=\"rotateG_06\"><\/div>\n\t\t\t\t<div class=\"blockG\" id=\"rotateG_07\"><\/div>\n\t\t\t\t<div class=\"blockG\" id=\"rotateG_08\"><\/div>\n\t\t\t<\/div>\n\t\t\t<div class=\"WooZone-cross-sell-loader-text\"><\/div>\n\t\t<\/div>\n\t<\/div>\n\n\t\t\n<\/div>\n<div style=\"clear:both;\"><\/div><\/p>\n","protected":false},"excerpt":{"rendered":"<p>Ma\u00c3\u0178e (L x H x B): ca. 19,1 x 10,2 x 2,5 cm<br \/>\nRei\u00c3\u0178verschluss um den Rei\u00c3\u0178verschluss; Namens-Markenlogo auf der Vorderseite<br \/>\nDurchgehende Einschubtasche auf der R\u00c3\u00bcckseite; importiert<\/p>\n","protected":false},"featured_media":37330,"comment_status":"open","ping_status":"closed","template":"","meta":[],"product_brand":[],"product_cat":[1186,3920],"product_tag":[],"class_list":{"0":"post-37329","1":"product","2":"type-product","3":"status-publish","4":"has-post-thumbnail","6":"product_cat-bekleidung","7":"product_cat-damen","8":"pa_binding-luggage","9":"pa_brand-kate-spade-new-york","10":"pa_color-schwarz-2019","11":"pa_size-medium","12":"pa_weight-0-7-pfund","14":"first","15":"instock","16":"shipping-taxable","17":"purchasable","18":"product-type-simple","19":"customify-col","20":"product-has-gallery"},"yoast_head":"<!-- This site is optimized with the Yoast SEO plugin v27.3 - https:\/\/yoast.com\/product\/yoast-seo-wordpress\/ -->\n<title>Kate Spade Newbury Lane Neda Geldb\u00f6rse Leder - Markt-XXL<\/title>\n<meta name=\"description\" content=\"Markt-XXL Kate Spade Newbury Lane Neda Geldb\u00f6rse Leder\" \/>\n<meta name=\"robots\" content=\"index, follow, max-snippet:-1, max-image-preview:large, max-video-preview:-1\" \/>\n<link rel=\"canonical\" href=\"https:\/\/marktxxl.de\/markt\/produkt\/kate-spade-new-york-womens-shore-thing-crab-lacey\/\" \/>\n<meta property=\"og:locale\" content=\"de_DE\" \/>\n<meta property=\"og:type\" content=\"article\" \/>\n<meta property=\"og:title\" content=\"Kate Spade Newbury Lane Neda Geldb\u00f6rse Leder - Markt-XXL\" \/>\n<meta property=\"og:description\" content=\"Markt-XXL Kate Spade Newbury Lane Neda Geldb\u00f6rse Leder\" \/>\n<meta property=\"og:url\" content=\"https:\/\/marktxxl.de\/markt\/produkt\/kate-spade-new-york-womens-shore-thing-crab-lacey\/\" \/>\n<meta property=\"og:site_name\" content=\"Markt-XXL\" \/>\n<meta property=\"article:modified_time\" content=\"2023-04-09T23:37:50+00:00\" \/>\n<meta property=\"og:image\" content=\"https:\/\/m.media-amazon.com\/images\/I\/31jOWs2+buL._SL500_.jpg\" \/>\n\t<meta property=\"og:image:width\" content=\"500\" \/>\n\t<meta property=\"og:image:height\" content=\"249\" \/>\n\t<meta property=\"og:image:type\" content=\"image\/jpeg\" \/>\n<meta name=\"twitter:card\" content=\"summary_large_image\" \/>\n<script type=\"application\/ld+json\" class=\"yoast-schema-graph\">{\"@context\":\"https:\\\/\\\/schema.org\",\"@graph\":[{\"@type\":\"WebPage\",\"@id\":\"https:\\\/\\\/marktxxl.de\\\/markt\\\/produkt\\\/kate-spade-new-york-womens-shore-thing-crab-lacey\\\/\",\"url\":\"https:\\\/\\\/marktxxl.de\\\/markt\\\/produkt\\\/kate-spade-new-york-womens-shore-thing-crab-lacey\\\/\",\"name\":\"Kate Spade Newbury Lane Neda Geldb\u00f6rse Leder - Markt-XXL\",\"isPartOf\":{\"@id\":\"https:\\\/\\\/marktxxl.de\\\/markt\\\/#website\"},\"primaryImageOfPage\":{\"@id\":\"https:\\\/\\\/marktxxl.de\\\/markt\\\/produkt\\\/kate-spade-new-york-womens-shore-thing-crab-lacey\\\/#primaryimage\"},\"image\":{\"@id\":\"https:\\\/\\\/marktxxl.de\\\/markt\\\/produkt\\\/kate-spade-new-york-womens-shore-thing-crab-lacey\\\/#primaryimage\"},\"thumbnailUrl\":\"https:\\\/\\\/m.media-amazon.com\\\/images\\\/I\\\/31jOWs2+buL._SL500_.jpg\",\"datePublished\":\"2021-09-13T19:51:43+00:00\",\"dateModified\":\"2023-04-09T23:37:50+00:00\",\"description\":\"Markt-XXL Kate Spade Newbury Lane Neda Geldb\u00f6rse Leder\",\"breadcrumb\":{\"@id\":\"https:\\\/\\\/marktxxl.de\\\/markt\\\/produkt\\\/kate-spade-new-york-womens-shore-thing-crab-lacey\\\/#breadcrumb\"},\"inLanguage\":\"de\",\"potentialAction\":[{\"@type\":\"ReadAction\",\"target\":[\"https:\\\/\\\/marktxxl.de\\\/markt\\\/produkt\\\/kate-spade-new-york-womens-shore-thing-crab-lacey\\\/\"]}]},{\"@type\":\"ImageObject\",\"inLanguage\":\"de\",\"@id\":\"https:\\\/\\\/marktxxl.de\\\/markt\\\/produkt\\\/kate-spade-new-york-womens-shore-thing-crab-lacey\\\/#primaryimage\",\"url\":\"https:\\\/\\\/m.media-amazon.com\\\/images\\\/I\\\/31jOWs2+buL._SL500_.jpg\",\"contentUrl\":\"https:\\\/\\\/m.media-amazon.com\\\/images\\\/I\\\/31jOWs2+buL._SL500_.jpg\",\"width\":500,\"height\":249},{\"@type\":\"BreadcrumbList\",\"@id\":\"https:\\\/\\\/marktxxl.de\\\/markt\\\/produkt\\\/kate-spade-new-york-womens-shore-thing-crab-lacey\\\/#breadcrumb\",\"itemListElement\":[{\"@type\":\"ListItem\",\"position\":1,\"name\":\"Startseite\",\"item\":\"https:\\\/\\\/marktxxl.de\\\/markt\\\/\"},{\"@type\":\"ListItem\",\"position\":2,\"name\":\"Markt\",\"item\":\"https:\\\/\\\/marktxxl.de\\\/markt\\\/\"},{\"@type\":\"ListItem\",\"position\":3,\"name\":\"Kate Spade Newbury Lane Neda Geldb\u00f6rse Leder\"}]},{\"@type\":\"WebSite\",\"@id\":\"https:\\\/\\\/marktxxl.de\\\/markt\\\/#website\",\"url\":\"https:\\\/\\\/marktxxl.de\\\/markt\\\/\",\"name\":\"Markt-XXL\",\"description\":\"Ihr Markt Online\",\"publisher\":{\"@id\":\"https:\\\/\\\/marktxxl.de\\\/markt\\\/#organization\"},\"potentialAction\":[{\"@type\":\"SearchAction\",\"target\":{\"@type\":\"EntryPoint\",\"urlTemplate\":\"https:\\\/\\\/marktxxl.de\\\/markt\\\/?s={search_term_string}\"},\"query-input\":{\"@type\":\"PropertyValueSpecification\",\"valueRequired\":true,\"valueName\":\"search_term_string\"}}],\"inLanguage\":\"de\"},{\"@type\":\"Organization\",\"@id\":\"https:\\\/\\\/marktxxl.de\\\/markt\\\/#organization\",\"name\":\"Markt-XXL\",\"url\":\"https:\\\/\\\/marktxxl.de\\\/markt\\\/\",\"logo\":{\"@type\":\"ImageObject\",\"inLanguage\":\"de\",\"@id\":\"https:\\\/\\\/marktxxl.de\\\/markt\\\/#\\\/schema\\\/logo\\\/image\\\/\",\"url\":\"https:\\\/\\\/marktxxl.de\\\/markt\\\/wp-content\\\/uploads\\\/sites\\\/3\\\/2020\\\/12\\\/logo.png\",\"contentUrl\":\"https:\\\/\\\/marktxxl.de\\\/markt\\\/wp-content\\\/uploads\\\/sites\\\/3\\\/2020\\\/12\\\/logo.png\",\"width\":200,\"height\":70,\"caption\":\"Markt-XXL\"},\"image\":{\"@id\":\"https:\\\/\\\/marktxxl.de\\\/markt\\\/#\\\/schema\\\/logo\\\/image\\\/\"}}]}<\/script>\n<!-- \/ Yoast SEO plugin. -->","yoast_head_json":{"title":"Kate Spade Newbury Lane Neda Geldb\u00f6rse Leder - Markt-XXL","description":"Markt-XXL Kate Spade Newbury Lane Neda Geldb\u00f6rse Leder","robots":{"index":"index","follow":"follow","max-snippet":"max-snippet:-1","max-image-preview":"max-image-preview:large","max-video-preview":"max-video-preview:-1"},"canonical":"https:\/\/marktxxl.de\/markt\/produkt\/kate-spade-new-york-womens-shore-thing-crab-lacey\/","og_locale":"de_DE","og_type":"article","og_title":"Kate Spade Newbury Lane Neda Geldb\u00f6rse Leder - Markt-XXL","og_description":"Markt-XXL Kate Spade Newbury Lane Neda Geldb\u00f6rse Leder","og_url":"https:\/\/marktxxl.de\/markt\/produkt\/kate-spade-new-york-womens-shore-thing-crab-lacey\/","og_site_name":"Markt-XXL","article_modified_time":"2023-04-09T23:37:50+00:00","og_image":[{"width":500,"height":249,"url":"https:\/\/m.media-amazon.com\/images\/I\/31jOWs2+buL._SL500_.jpg","type":"image\/jpeg"}],"twitter_card":"summary_large_image","schema":{"@context":"https:\/\/schema.org","@graph":[{"@type":"WebPage","@id":"https:\/\/marktxxl.de\/markt\/produkt\/kate-spade-new-york-womens-shore-thing-crab-lacey\/","url":"https:\/\/marktxxl.de\/markt\/produkt\/kate-spade-new-york-womens-shore-thing-crab-lacey\/","name":"Kate Spade Newbury Lane Neda Geldb\u00f6rse Leder - Markt-XXL","isPartOf":{"@id":"https:\/\/marktxxl.de\/markt\/#website"},"primaryImageOfPage":{"@id":"https:\/\/marktxxl.de\/markt\/produkt\/kate-spade-new-york-womens-shore-thing-crab-lacey\/#primaryimage"},"image":{"@id":"https:\/\/marktxxl.de\/markt\/produkt\/kate-spade-new-york-womens-shore-thing-crab-lacey\/#primaryimage"},"thumbnailUrl":"https:\/\/m.media-amazon.com\/images\/I\/31jOWs2+buL._SL500_.jpg","datePublished":"2021-09-13T19:51:43+00:00","dateModified":"2023-04-09T23:37:50+00:00","description":"Markt-XXL Kate Spade Newbury Lane Neda Geldb\u00f6rse Leder","breadcrumb":{"@id":"https:\/\/marktxxl.de\/markt\/produkt\/kate-spade-new-york-womens-shore-thing-crab-lacey\/#breadcrumb"},"inLanguage":"de","potentialAction":[{"@type":"ReadAction","target":["https:\/\/marktxxl.de\/markt\/produkt\/kate-spade-new-york-womens-shore-thing-crab-lacey\/"]}]},{"@type":"ImageObject","inLanguage":"de","@id":"https:\/\/marktxxl.de\/markt\/produkt\/kate-spade-new-york-womens-shore-thing-crab-lacey\/#primaryimage","url":"https:\/\/m.media-amazon.com\/images\/I\/31jOWs2+buL._SL500_.jpg","contentUrl":"https:\/\/m.media-amazon.com\/images\/I\/31jOWs2+buL._SL500_.jpg","width":500,"height":249},{"@type":"BreadcrumbList","@id":"https:\/\/marktxxl.de\/markt\/produkt\/kate-spade-new-york-womens-shore-thing-crab-lacey\/#breadcrumb","itemListElement":[{"@type":"ListItem","position":1,"name":"Startseite","item":"https:\/\/marktxxl.de\/markt\/"},{"@type":"ListItem","position":2,"name":"Markt","item":"https:\/\/marktxxl.de\/markt\/"},{"@type":"ListItem","position":3,"name":"Kate Spade Newbury Lane Neda Geldb\u00f6rse Leder"}]},{"@type":"WebSite","@id":"https:\/\/marktxxl.de\/markt\/#website","url":"https:\/\/marktxxl.de\/markt\/","name":"Markt-XXL","description":"Ihr Markt Online","publisher":{"@id":"https:\/\/marktxxl.de\/markt\/#organization"},"potentialAction":[{"@type":"SearchAction","target":{"@type":"EntryPoint","urlTemplate":"https:\/\/marktxxl.de\/markt\/?s={search_term_string}"},"query-input":{"@type":"PropertyValueSpecification","valueRequired":true,"valueName":"search_term_string"}}],"inLanguage":"de"},{"@type":"Organization","@id":"https:\/\/marktxxl.de\/markt\/#organization","name":"Markt-XXL","url":"https:\/\/marktxxl.de\/markt\/","logo":{"@type":"ImageObject","inLanguage":"de","@id":"https:\/\/marktxxl.de\/markt\/#\/schema\/logo\/image\/","url":"https:\/\/marktxxl.de\/markt\/wp-content\/uploads\/sites\/3\/2020\/12\/logo.png","contentUrl":"https:\/\/marktxxl.de\/markt\/wp-content\/uploads\/sites\/3\/2020\/12\/logo.png","width":200,"height":70,"caption":"Markt-XXL"},"image":{"@id":"https:\/\/marktxxl.de\/markt\/#\/schema\/logo\/image\/"}}]}},"_links":{"self":[{"href":"https:\/\/marktxxl.de\/markt\/wp-json\/wp\/v2\/product\/37329","targetHints":{"allow":["GET"]}}],"collection":[{"href":"https:\/\/marktxxl.de\/markt\/wp-json\/wp\/v2\/product"}],"about":[{"href":"https:\/\/marktxxl.de\/markt\/wp-json\/wp\/v2\/types\/product"}],"replies":[{"embeddable":true,"href":"https:\/\/marktxxl.de\/markt\/wp-json\/wp\/v2\/comments?post=37329"}],"wp:featuredmedia":[{"embeddable":true,"href":"https:\/\/marktxxl.de\/markt\/wp-json\/wp\/v2\/media\/37330"}],"wp:attachment":[{"href":"https:\/\/marktxxl.de\/markt\/wp-json\/wp\/v2\/media?parent=37329"}],"wp:term":[{"taxonomy":"product_brand","embeddable":true,"href":"https:\/\/marktxxl.de\/markt\/wp-json\/wp\/v2\/product_brand?post=37329"},{"taxonomy":"product_cat","embeddable":true,"href":"https:\/\/marktxxl.de\/markt\/wp-json\/wp\/v2\/product_cat?post=37329"},{"taxonomy":"product_tag","embeddable":true,"href":"https:\/\/marktxxl.de\/markt\/wp-json\/wp\/v2\/product_tag?post=37329"}],"curies":[{"name":"wp","href":"https:\/\/api.w.org\/{rel}","templated":true}]}}