{"id":37284,"date":"2021-09-13T21:51:34","date_gmt":"2021-09-13T19:51:34","guid":{"rendered":"https:\/\/marktxxl.de\/markt\/produkt\/kosmetiktasche-kulturtasche-kulturbeutel-fuer-reise-damen-grosse-wasserdichte-waschtasche-make-up-tasche-schminktasche-3-stuecke\/"},"modified":"2023-04-10T01:37:50","modified_gmt":"2023-04-09T23:37:50","slug":"kosmetiktasche-kulturtasche-kulturbeutel-fuer-reise-damen-grosse-wasserdichte-waschtasche-make-up-tasche-schminktasche-3-stuecke","status":"publish","type":"product","link":"https:\/\/marktxxl.de\/markt\/produkt\/kosmetiktasche-kulturtasche-kulturbeutel-fuer-reise-damen-grosse-wasserdichte-waschtasche-make-up-tasche-schminktasche-3-stuecke\/","title":{"rendered":"KTMOUW Kosmetiktasche Kulturtasche Kulturbeutel f\u00fcr Reise Damen Gro\u00dfe Wasserdichte Waschtasche Make Up Tasche\u2026"},"content":{"rendered":"<p>Wasserbest\u00e4ndige Materialien: Die Kulturtasche wurde au\u00dfergew\u00f6hnlich gut herstellt. Diese Kulturbeutel besteht aus PU-Leder. Das wasserfeste Nylonfutter h\u00e4lt die Feuchtigkeit von der Tasche fern. Hochwertiger Rei\u00dfverschluss und verst\u00e4rkte N\u00e4hte sind lange haltbar.<br \/>\n3 St\u00fcck Kosmetiktaschen: 3 verschiedene Stile und Gr\u00f6\u00dfen von Kosmetiktasche, um Ihre verschiedenen Bed\u00fcrfnisse zu erf\u00fcllen, helfen zu trennen und organisieren alle Kosmetika, ist die beste Reise Kosmetiktasche f\u00fcr Frauen.<br \/>\nDoppelter Rei\u00dfverschluss: Diese robuste Kulturtasche verf\u00fcgt \u00fcber ein einzigartiges Design mit doppeltem Rei\u00dfverschluss, das einen einfachen Zugang zum inneren Inhalt erm\u00f6glicht.<br \/>\nGro\u00dfe Kapazit\u00e4t: Gro\u00dfe kulturbeutel bieten viel Stauraum f\u00fcr Ihre Kosmetik und eine separate Mesh-Tasche f\u00fcr Ihre Make-up-B\u00fcrste. Zwei kleine Make-up-Taschen k\u00f6nnen auch Ihren Schmuck, elektronisches Zubeh\u00f6r, Toilettenartikel, Rasierutensilien, etc.<br \/>\nTragbarkeit und Komfort: Die Make-up-Tasche ist mit einem Griff f\u00fcr eine einfache Portabilit\u00e4t ausgestattet. In einem h\u00fcbschen Aussehen ist es f\u00fcr verschiedene Anl\u00e4sse n\u00fctzlich, egal ob es sich um einen Familienurlaub oder eine Gesch\u00e4ftsreise handelt.<br \/>\n<div class=\"main-cross-sell\" data-asin=\"B08PPF6H53\">\n\n\t<div class=\"WooZone-cross-sell-loader\">\n\t\t<div>\n\t\t\t<div id=\"floatingBarsG\">\n\t\t\t\t<div class=\"blockG\" id=\"rotateG_01\"><\/div>\n\t\t\t\t<div class=\"blockG\" id=\"rotateG_02\"><\/div>\n\t\t\t\t<div class=\"blockG\" id=\"rotateG_03\"><\/div>\n\t\t\t\t<div class=\"blockG\" id=\"rotateG_04\"><\/div>\n\t\t\t\t<div class=\"blockG\" id=\"rotateG_05\"><\/div>\n\t\t\t\t<div class=\"blockG\" id=\"rotateG_06\"><\/div>\n\t\t\t\t<div class=\"blockG\" id=\"rotateG_07\"><\/div>\n\t\t\t\t<div class=\"blockG\" id=\"rotateG_08\"><\/div>\n\t\t\t<\/div>\n\t\t\t<div class=\"WooZone-cross-sell-loader-text\"><\/div>\n\t\t<\/div>\n\t<\/div>\n\n\t\t\n<\/div>\n<div style=\"clear:both;\"><\/div><\/p>\n","protected":false},"excerpt":{"rendered":"<p>Wasserbest\u00e4ndige Materialien: Die Kulturtasche wurde au\u00dfergew\u00f6hnlich gut herstellt. Diese Kulturbeutel besteht aus PU-Leder. Das wasserfeste Nylonfutter h\u00e4lt die Feuchtigkeit von der Tasche fern. Hochwertiger Rei\u00dfverschluss und verst\u00e4rkte N\u00e4hte sind lange haltbar.<br \/>\n3 St\u00fcck Kosmetiktaschen: 3 verschiedene Stile und Gr\u00f6\u00dfen von Kosmetiktasche, um Ihre verschiedenen Bed\u00fcrfnisse zu erf\u00fcllen, helfen zu trennen und organisieren alle Kosmetika, ist die beste Reise Kosmetiktasche f\u00fcr Frauen.<br \/>\nDoppelter Rei\u00dfverschluss: Diese robuste Kulturtasche verf\u00fcgt \u00fcber ein einzigartiges Design mit doppeltem Rei\u00dfverschluss, das einen einfachen Zugang zum inneren Inhalt erm\u00f6glicht.<\/p>\n","protected":false},"featured_media":37285,"comment_status":"open","ping_status":"closed","template":"","meta":[],"product_brand":[],"product_cat":[2858,7726],"product_tag":[],"class_list":{"0":"post-37284","1":"product","2":"type-product","3":"status-publish","4":"has-post-thumbnail","6":"product_cat-beauty","7":"product_cat-zubehoer-beauty","8":"pa_brand-ktmouw","9":"pa_height-3-543307083-zoll","10":"pa_length-8-267716527-zoll","11":"pa_width-5-905511805-zoll","13":"first","14":"instock","15":"shipping-taxable","16":"purchasable","17":"product-type-simple","18":"customify-col","19":"product-has-gallery"},"yoast_head":"<!-- This site is optimized with the Yoast SEO plugin v27.4 - https:\/\/yoast.com\/product\/yoast-seo-wordpress\/ -->\n<title>KTMOUW Kosmetiktasche Kulturtasche Kulturbeutel f\u00fcr Reise Damen Gro\u00dfe Wasserdichte Waschtasche Make Up Tasche\u2026 - Markt-XXL<\/title>\n<meta name=\"description\" content=\"Markt-XXL KTMOUW Kosmetiktasche Kulturtasche Kulturbeutel f\u00fcr Reise Damen Gro\u00dfe Wasserdichte Waschtasche Make Up Tasche\u2026\" \/>\n<meta name=\"robots\" content=\"index, follow, max-snippet:-1, max-image-preview:large, max-video-preview:-1\" \/>\n<link rel=\"canonical\" href=\"https:\/\/marktxxl.de\/markt\/produkt\/kosmetiktasche-kulturtasche-kulturbeutel-fuer-reise-damen-grosse-wasserdichte-waschtasche-make-up-tasche-schminktasche-3-stuecke\/\" \/>\n<meta property=\"og:locale\" content=\"de_DE\" \/>\n<meta property=\"og:type\" content=\"article\" \/>\n<meta property=\"og:title\" content=\"KTMOUW Kosmetiktasche Kulturtasche Kulturbeutel f\u00fcr Reise Damen Gro\u00dfe Wasserdichte Waschtasche Make Up Tasche\u2026 - Markt-XXL\" \/>\n<meta property=\"og:description\" content=\"Markt-XXL KTMOUW Kosmetiktasche Kulturtasche Kulturbeutel f\u00fcr Reise Damen Gro\u00dfe Wasserdichte Waschtasche Make Up Tasche\u2026\" \/>\n<meta property=\"og:url\" content=\"https:\/\/marktxxl.de\/markt\/produkt\/kosmetiktasche-kulturtasche-kulturbeutel-fuer-reise-damen-grosse-wasserdichte-waschtasche-make-up-tasche-schminktasche-3-stuecke\/\" \/>\n<meta property=\"og:site_name\" content=\"Markt-XXL\" \/>\n<meta property=\"article:modified_time\" content=\"2023-04-09T23:37:50+00:00\" \/>\n<meta property=\"og:image\" content=\"https:\/\/m.media-amazon.com\/images\/I\/515EwTDIvbL._SL500_.jpg\" \/>\n\t<meta property=\"og:image:width\" content=\"500\" \/>\n\t<meta property=\"og:image:height\" content=\"500\" \/>\n\t<meta property=\"og:image:type\" content=\"image\/jpeg\" \/>\n<meta name=\"twitter:card\" content=\"summary_large_image\" \/>\n<meta name=\"twitter:label1\" content=\"Gesch\u00e4tzte Lesezeit\" \/>\n\t<meta name=\"twitter:data1\" content=\"1\u00a0Minute\" \/>\n<script type=\"application\/ld+json\" class=\"yoast-schema-graph\">{\"@context\":\"https:\\\/\\\/schema.org\",\"@graph\":[{\"@type\":\"WebPage\",\"@id\":\"https:\\\/\\\/marktxxl.de\\\/markt\\\/produkt\\\/kosmetiktasche-kulturtasche-kulturbeutel-fuer-reise-damen-grosse-wasserdichte-waschtasche-make-up-tasche-schminktasche-3-stuecke\\\/\",\"url\":\"https:\\\/\\\/marktxxl.de\\\/markt\\\/produkt\\\/kosmetiktasche-kulturtasche-kulturbeutel-fuer-reise-damen-grosse-wasserdichte-waschtasche-make-up-tasche-schminktasche-3-stuecke\\\/\",\"name\":\"KTMOUW Kosmetiktasche Kulturtasche Kulturbeutel f\u00fcr Reise Damen Gro\u00dfe Wasserdichte Waschtasche Make Up Tasche\u2026 - Markt-XXL\",\"isPartOf\":{\"@id\":\"https:\\\/\\\/marktxxl.de\\\/markt\\\/#website\"},\"primaryImageOfPage\":{\"@id\":\"https:\\\/\\\/marktxxl.de\\\/markt\\\/produkt\\\/kosmetiktasche-kulturtasche-kulturbeutel-fuer-reise-damen-grosse-wasserdichte-waschtasche-make-up-tasche-schminktasche-3-stuecke\\\/#primaryimage\"},\"image\":{\"@id\":\"https:\\\/\\\/marktxxl.de\\\/markt\\\/produkt\\\/kosmetiktasche-kulturtasche-kulturbeutel-fuer-reise-damen-grosse-wasserdichte-waschtasche-make-up-tasche-schminktasche-3-stuecke\\\/#primaryimage\"},\"thumbnailUrl\":\"https:\\\/\\\/m.media-amazon.com\\\/images\\\/I\\\/515EwTDIvbL._SL500_.jpg\",\"datePublished\":\"2021-09-13T19:51:34+00:00\",\"dateModified\":\"2023-04-09T23:37:50+00:00\",\"description\":\"Markt-XXL KTMOUW Kosmetiktasche Kulturtasche Kulturbeutel f\u00fcr Reise Damen Gro\u00dfe Wasserdichte Waschtasche Make Up Tasche\u2026\",\"breadcrumb\":{\"@id\":\"https:\\\/\\\/marktxxl.de\\\/markt\\\/produkt\\\/kosmetiktasche-kulturtasche-kulturbeutel-fuer-reise-damen-grosse-wasserdichte-waschtasche-make-up-tasche-schminktasche-3-stuecke\\\/#breadcrumb\"},\"inLanguage\":\"de\",\"potentialAction\":[{\"@type\":\"ReadAction\",\"target\":[\"https:\\\/\\\/marktxxl.de\\\/markt\\\/produkt\\\/kosmetiktasche-kulturtasche-kulturbeutel-fuer-reise-damen-grosse-wasserdichte-waschtasche-make-up-tasche-schminktasche-3-stuecke\\\/\"]}]},{\"@type\":\"ImageObject\",\"inLanguage\":\"de\",\"@id\":\"https:\\\/\\\/marktxxl.de\\\/markt\\\/produkt\\\/kosmetiktasche-kulturtasche-kulturbeutel-fuer-reise-damen-grosse-wasserdichte-waschtasche-make-up-tasche-schminktasche-3-stuecke\\\/#primaryimage\",\"url\":\"https:\\\/\\\/m.media-amazon.com\\\/images\\\/I\\\/515EwTDIvbL._SL500_.jpg\",\"contentUrl\":\"https:\\\/\\\/m.media-amazon.com\\\/images\\\/I\\\/515EwTDIvbL._SL500_.jpg\",\"width\":500,\"height\":500},{\"@type\":\"BreadcrumbList\",\"@id\":\"https:\\\/\\\/marktxxl.de\\\/markt\\\/produkt\\\/kosmetiktasche-kulturtasche-kulturbeutel-fuer-reise-damen-grosse-wasserdichte-waschtasche-make-up-tasche-schminktasche-3-stuecke\\\/#breadcrumb\",\"itemListElement\":[{\"@type\":\"ListItem\",\"position\":1,\"name\":\"Startseite\",\"item\":\"https:\\\/\\\/marktxxl.de\\\/markt\\\/\"},{\"@type\":\"ListItem\",\"position\":2,\"name\":\"Markt\",\"item\":\"https:\\\/\\\/marktxxl.de\\\/markt\\\/\"},{\"@type\":\"ListItem\",\"position\":3,\"name\":\"KTMOUW Kosmetiktasche Kulturtasche Kulturbeutel f\u00fcr Reise Damen Gro\u00dfe Wasserdichte Waschtasche Make Up Tasche\u2026\"}]},{\"@type\":\"WebSite\",\"@id\":\"https:\\\/\\\/marktxxl.de\\\/markt\\\/#website\",\"url\":\"https:\\\/\\\/marktxxl.de\\\/markt\\\/\",\"name\":\"Markt-XXL\",\"description\":\"Ihr Markt Online\",\"publisher\":{\"@id\":\"https:\\\/\\\/marktxxl.de\\\/markt\\\/#organization\"},\"potentialAction\":[{\"@type\":\"SearchAction\",\"target\":{\"@type\":\"EntryPoint\",\"urlTemplate\":\"https:\\\/\\\/marktxxl.de\\\/markt\\\/?s={search_term_string}\"},\"query-input\":{\"@type\":\"PropertyValueSpecification\",\"valueRequired\":true,\"valueName\":\"search_term_string\"}}],\"inLanguage\":\"de\"},{\"@type\":\"Organization\",\"@id\":\"https:\\\/\\\/marktxxl.de\\\/markt\\\/#organization\",\"name\":\"Markt-XXL\",\"url\":\"https:\\\/\\\/marktxxl.de\\\/markt\\\/\",\"logo\":{\"@type\":\"ImageObject\",\"inLanguage\":\"de\",\"@id\":\"https:\\\/\\\/marktxxl.de\\\/markt\\\/#\\\/schema\\\/logo\\\/image\\\/\",\"url\":\"https:\\\/\\\/marktxxl.de\\\/markt\\\/wp-content\\\/uploads\\\/sites\\\/3\\\/2020\\\/12\\\/logo.png\",\"contentUrl\":\"https:\\\/\\\/marktxxl.de\\\/markt\\\/wp-content\\\/uploads\\\/sites\\\/3\\\/2020\\\/12\\\/logo.png\",\"width\":200,\"height\":70,\"caption\":\"Markt-XXL\"},\"image\":{\"@id\":\"https:\\\/\\\/marktxxl.de\\\/markt\\\/#\\\/schema\\\/logo\\\/image\\\/\"}}]}<\/script>\n<!-- \/ Yoast SEO plugin. -->","yoast_head_json":{"title":"KTMOUW Kosmetiktasche Kulturtasche Kulturbeutel f\u00fcr Reise Damen Gro\u00dfe Wasserdichte Waschtasche Make Up Tasche\u2026 - Markt-XXL","description":"Markt-XXL KTMOUW Kosmetiktasche Kulturtasche Kulturbeutel f\u00fcr Reise Damen Gro\u00dfe Wasserdichte Waschtasche Make Up Tasche\u2026","robots":{"index":"index","follow":"follow","max-snippet":"max-snippet:-1","max-image-preview":"max-image-preview:large","max-video-preview":"max-video-preview:-1"},"canonical":"https:\/\/marktxxl.de\/markt\/produkt\/kosmetiktasche-kulturtasche-kulturbeutel-fuer-reise-damen-grosse-wasserdichte-waschtasche-make-up-tasche-schminktasche-3-stuecke\/","og_locale":"de_DE","og_type":"article","og_title":"KTMOUW Kosmetiktasche Kulturtasche Kulturbeutel f\u00fcr Reise Damen Gro\u00dfe Wasserdichte Waschtasche Make Up Tasche\u2026 - Markt-XXL","og_description":"Markt-XXL KTMOUW Kosmetiktasche Kulturtasche Kulturbeutel f\u00fcr Reise Damen Gro\u00dfe Wasserdichte Waschtasche Make Up Tasche\u2026","og_url":"https:\/\/marktxxl.de\/markt\/produkt\/kosmetiktasche-kulturtasche-kulturbeutel-fuer-reise-damen-grosse-wasserdichte-waschtasche-make-up-tasche-schminktasche-3-stuecke\/","og_site_name":"Markt-XXL","article_modified_time":"2023-04-09T23:37:50+00:00","og_image":[{"width":500,"height":500,"url":"https:\/\/m.media-amazon.com\/images\/I\/515EwTDIvbL._SL500_.jpg","type":"image\/jpeg"}],"twitter_card":"summary_large_image","twitter_misc":{"Gesch\u00e4tzte Lesezeit":"1\u00a0Minute"},"schema":{"@context":"https:\/\/schema.org","@graph":[{"@type":"WebPage","@id":"https:\/\/marktxxl.de\/markt\/produkt\/kosmetiktasche-kulturtasche-kulturbeutel-fuer-reise-damen-grosse-wasserdichte-waschtasche-make-up-tasche-schminktasche-3-stuecke\/","url":"https:\/\/marktxxl.de\/markt\/produkt\/kosmetiktasche-kulturtasche-kulturbeutel-fuer-reise-damen-grosse-wasserdichte-waschtasche-make-up-tasche-schminktasche-3-stuecke\/","name":"KTMOUW Kosmetiktasche Kulturtasche Kulturbeutel f\u00fcr Reise Damen Gro\u00dfe Wasserdichte Waschtasche Make Up Tasche\u2026 - Markt-XXL","isPartOf":{"@id":"https:\/\/marktxxl.de\/markt\/#website"},"primaryImageOfPage":{"@id":"https:\/\/marktxxl.de\/markt\/produkt\/kosmetiktasche-kulturtasche-kulturbeutel-fuer-reise-damen-grosse-wasserdichte-waschtasche-make-up-tasche-schminktasche-3-stuecke\/#primaryimage"},"image":{"@id":"https:\/\/marktxxl.de\/markt\/produkt\/kosmetiktasche-kulturtasche-kulturbeutel-fuer-reise-damen-grosse-wasserdichte-waschtasche-make-up-tasche-schminktasche-3-stuecke\/#primaryimage"},"thumbnailUrl":"https:\/\/m.media-amazon.com\/images\/I\/515EwTDIvbL._SL500_.jpg","datePublished":"2021-09-13T19:51:34+00:00","dateModified":"2023-04-09T23:37:50+00:00","description":"Markt-XXL KTMOUW Kosmetiktasche Kulturtasche Kulturbeutel f\u00fcr Reise Damen Gro\u00dfe Wasserdichte Waschtasche Make Up Tasche\u2026","breadcrumb":{"@id":"https:\/\/marktxxl.de\/markt\/produkt\/kosmetiktasche-kulturtasche-kulturbeutel-fuer-reise-damen-grosse-wasserdichte-waschtasche-make-up-tasche-schminktasche-3-stuecke\/#breadcrumb"},"inLanguage":"de","potentialAction":[{"@type":"ReadAction","target":["https:\/\/marktxxl.de\/markt\/produkt\/kosmetiktasche-kulturtasche-kulturbeutel-fuer-reise-damen-grosse-wasserdichte-waschtasche-make-up-tasche-schminktasche-3-stuecke\/"]}]},{"@type":"ImageObject","inLanguage":"de","@id":"https:\/\/marktxxl.de\/markt\/produkt\/kosmetiktasche-kulturtasche-kulturbeutel-fuer-reise-damen-grosse-wasserdichte-waschtasche-make-up-tasche-schminktasche-3-stuecke\/#primaryimage","url":"https:\/\/m.media-amazon.com\/images\/I\/515EwTDIvbL._SL500_.jpg","contentUrl":"https:\/\/m.media-amazon.com\/images\/I\/515EwTDIvbL._SL500_.jpg","width":500,"height":500},{"@type":"BreadcrumbList","@id":"https:\/\/marktxxl.de\/markt\/produkt\/kosmetiktasche-kulturtasche-kulturbeutel-fuer-reise-damen-grosse-wasserdichte-waschtasche-make-up-tasche-schminktasche-3-stuecke\/#breadcrumb","itemListElement":[{"@type":"ListItem","position":1,"name":"Startseite","item":"https:\/\/marktxxl.de\/markt\/"},{"@type":"ListItem","position":2,"name":"Markt","item":"https:\/\/marktxxl.de\/markt\/"},{"@type":"ListItem","position":3,"name":"KTMOUW Kosmetiktasche Kulturtasche Kulturbeutel f\u00fcr Reise Damen Gro\u00dfe Wasserdichte Waschtasche Make Up Tasche\u2026"}]},{"@type":"WebSite","@id":"https:\/\/marktxxl.de\/markt\/#website","url":"https:\/\/marktxxl.de\/markt\/","name":"Markt-XXL","description":"Ihr Markt Online","publisher":{"@id":"https:\/\/marktxxl.de\/markt\/#organization"},"potentialAction":[{"@type":"SearchAction","target":{"@type":"EntryPoint","urlTemplate":"https:\/\/marktxxl.de\/markt\/?s={search_term_string}"},"query-input":{"@type":"PropertyValueSpecification","valueRequired":true,"valueName":"search_term_string"}}],"inLanguage":"de"},{"@type":"Organization","@id":"https:\/\/marktxxl.de\/markt\/#organization","name":"Markt-XXL","url":"https:\/\/marktxxl.de\/markt\/","logo":{"@type":"ImageObject","inLanguage":"de","@id":"https:\/\/marktxxl.de\/markt\/#\/schema\/logo\/image\/","url":"https:\/\/marktxxl.de\/markt\/wp-content\/uploads\/sites\/3\/2020\/12\/logo.png","contentUrl":"https:\/\/marktxxl.de\/markt\/wp-content\/uploads\/sites\/3\/2020\/12\/logo.png","width":200,"height":70,"caption":"Markt-XXL"},"image":{"@id":"https:\/\/marktxxl.de\/markt\/#\/schema\/logo\/image\/"}}]}},"_links":{"self":[{"href":"https:\/\/marktxxl.de\/markt\/wp-json\/wp\/v2\/product\/37284","targetHints":{"allow":["GET"]}}],"collection":[{"href":"https:\/\/marktxxl.de\/markt\/wp-json\/wp\/v2\/product"}],"about":[{"href":"https:\/\/marktxxl.de\/markt\/wp-json\/wp\/v2\/types\/product"}],"replies":[{"embeddable":true,"href":"https:\/\/marktxxl.de\/markt\/wp-json\/wp\/v2\/comments?post=37284"}],"wp:featuredmedia":[{"embeddable":true,"href":"https:\/\/marktxxl.de\/markt\/wp-json\/wp\/v2\/media\/37285"}],"wp:attachment":[{"href":"https:\/\/marktxxl.de\/markt\/wp-json\/wp\/v2\/media?parent=37284"}],"wp:term":[{"taxonomy":"product_brand","embeddable":true,"href":"https:\/\/marktxxl.de\/markt\/wp-json\/wp\/v2\/product_brand?post=37284"},{"taxonomy":"product_cat","embeddable":true,"href":"https:\/\/marktxxl.de\/markt\/wp-json\/wp\/v2\/product_cat?post=37284"},{"taxonomy":"product_tag","embeddable":true,"href":"https:\/\/marktxxl.de\/markt\/wp-json\/wp\/v2\/product_tag?post=37284"}],"curies":[{"name":"wp","href":"https:\/\/api.w.org\/{rel}","templated":true}]}}