{"id":37243,"date":"2021-09-13T21:48:42","date_gmt":"2021-09-13T19:48:42","guid":{"rendered":"https:\/\/marktxxl.de\/markt\/produkt\/einfuehrungsangebot-true-nature-400-stueck-zero-waste-bambus-holz-wattestaebchen-ohne-plastik-inkl-e-book-100-biologisch-abbaubare-alternative\/"},"modified":"2023-04-10T01:37:49","modified_gmt":"2023-04-09T23:37:49","slug":"einfuehrungsangebot-true-nature-400-stueck-zero-waste-bambus-holz-wattestaebchen-ohne-plastik-inkl-e-book-100-biologisch-abbaubare-alternative","status":"publish","type":"product","link":"https:\/\/marktxxl.de\/markt\/produkt\/einfuehrungsangebot-true-nature-400-stueck-zero-waste-bambus-holz-wattestaebchen-ohne-plastik-inkl-e-book-100-biologisch-abbaubare-alternative\/","title":{"rendered":"DERMATEST: SEHR GUT &#8211; TRUE NATURE\u00ae [600 St\u00fcck] Zero Waste Bambus Wattest\u00e4bchen &#8211; ohne Plastik &#8211; GRATIS E-Book &#8211; 100\u2026"},"content":{"rendered":"<p>\u267b\ufe0f 100% BIOLOGISCH ABBAUBAR &#8211; Die veganen Ohrst\u00e4bchen bestehen aus Bambus und nachhaltiger Baumwolle. Unsere Verpackungen sind aus recycelter Pappe. Au\u00dferdem verwenden wir keine Klebestreifen. Alles ist zu 100% Kompostierbar!<br \/>\n? NACHHALTIGE RESSOURCEN &#8211; Bambus ist ein schnell nachwachsender Rohstoff. Manche Bambuspflanzen k\u00f6nnen bis zu einem Meter pro Tag wachsen. Aus diesem Grund ist Bambus eine der Top Materialien im Thema Nachhaltigkeit!<br \/>\n\u2705 PRAKTISCHE VERPACKUNG &#8211; Unsere praktischen \u00d6ko Verpackungen werden in einer gr\u00f6\u00dferen Vorratsbox geliefert. Man kann sie super als Reisebeh\u00e4lter benutzen. Sie sind au\u00dferdem leicht verschlie\u00dfbar. Das Beste daran: Zero Waste!<br \/>\n? WIR SPENDEN | F\u00fcr jeden Einkauf den du bei uns t\u00e4tigst, wird ein kleiner Teil unseres Gewinns, an eine wohlt\u00e4tige Organisation gespendet, die die Umwelt unterst\u00fctzt indem sie W\u00e4lder aufforstet!<br \/>\n?? TRUE NATURE | Wir sind ein deutsches Unternehmen mit h\u00f6chsten Qualit\u00e4tsanforderungen an unsere Produkte und dem Ziel, die Welt plastikfreier zu gestalten. Wenn du trotzdem nicht zufrieden sein solltest, erstatten wir dir dein Geld zur\u00fcck &#8211; bis zu 1 Jahr nach Kauf!<br \/>\n<div class=\"main-cross-sell\" data-asin=\"B07VXFR98C\">\n\n\t<div class=\"WooZone-cross-sell-loader\">\n\t\t<div>\n\t\t\t<div id=\"floatingBarsG\">\n\t\t\t\t<div class=\"blockG\" id=\"rotateG_01\"><\/div>\n\t\t\t\t<div class=\"blockG\" id=\"rotateG_02\"><\/div>\n\t\t\t\t<div class=\"blockG\" id=\"rotateG_03\"><\/div>\n\t\t\t\t<div class=\"blockG\" id=\"rotateG_04\"><\/div>\n\t\t\t\t<div class=\"blockG\" id=\"rotateG_05\"><\/div>\n\t\t\t\t<div class=\"blockG\" id=\"rotateG_06\"><\/div>\n\t\t\t\t<div class=\"blockG\" id=\"rotateG_07\"><\/div>\n\t\t\t\t<div class=\"blockG\" id=\"rotateG_08\"><\/div>\n\t\t\t<\/div>\n\t\t\t<div class=\"WooZone-cross-sell-loader-text\"><\/div>\n\t\t<\/div>\n\t<\/div>\n\n\t\t\n<\/div>\n<div style=\"clear:both;\"><\/div><\/p>\n","protected":false},"excerpt":{"rendered":"<p>\u267b\ufe0f 100% BIOLOGISCH ABBAUBAR &#8211; Die veganen Ohrst\u00e4bchen bestehen aus Bambus und nachhaltiger Baumwolle. Unsere Verpackungen sind aus recycelter Pappe. Au\u00dferdem verwenden wir keine Klebestreifen. Alles ist zu 100% Kompostierbar!<br \/>\n? NACHHALTIGE RESSOURCEN &#8211; Bambus ist ein schnell nachwachsender Rohstoff. Manche Bambuspflanzen k\u00f6nnen bis zu einem Meter pro Tag wachsen. Aus diesem Grund ist Bambus eine der Top Materialien im Thema Nachhaltigkeit!<br \/>\n\u2705 PRAKTISCHE VERPACKUNG &#8211; Unsere praktischen \u00d6ko Verpackungen werden in einer gr\u00f6\u00dferen Vorratsbox geliefert. Man kann sie super als Reisebeh\u00e4lter benutzen. Sie sind au\u00dferdem leicht verschlie\u00dfbar. Das Beste daran: Zero Waste!<\/p>\n","protected":false},"featured_media":37244,"comment_status":"open","ping_status":"closed","template":"","meta":[],"product_brand":[],"product_cat":[2858,7726],"product_tag":[],"class_list":{"0":"post-37243","1":"product","2":"type-product","3":"status-publish","4":"has-post-thumbnail","6":"product_cat-beauty","7":"product_cat-zubehoer-beauty","8":"pa_binding-badartikel","9":"pa_brand-true-nature","10":"pa_manufacturer-peto-trading-gmbh","12":"first","13":"instock","14":"shipping-taxable","15":"purchasable","16":"product-type-simple","17":"customify-col","18":"product-has-gallery"},"yoast_head":"<!-- This site is optimized with the Yoast SEO plugin v27.4 - https:\/\/yoast.com\/product\/yoast-seo-wordpress\/ -->\n<title>DERMATEST: SEHR GUT - TRUE NATURE\u00ae [600 St\u00fcck] Zero Waste Bambus Wattest\u00e4bchen - ohne Plastik - GRATIS E-Book - 100\u2026 - Markt-XXL<\/title>\n<meta name=\"description\" content=\"Markt-XXL DERMATEST: SEHR GUT - TRUE NATURE\u00ae [600 St\u00fcck] Zero Waste Bambus Wattest\u00e4bchen - ohne Plastik - GRATIS E-Book - 100\u2026\" \/>\n<meta name=\"robots\" content=\"index, follow, max-snippet:-1, max-image-preview:large, max-video-preview:-1\" \/>\n<link rel=\"canonical\" href=\"https:\/\/marktxxl.de\/markt\/produkt\/einfuehrungsangebot-true-nature-400-stueck-zero-waste-bambus-holz-wattestaebchen-ohne-plastik-inkl-e-book-100-biologisch-abbaubare-alternative\/\" \/>\n<meta property=\"og:locale\" content=\"de_DE\" \/>\n<meta property=\"og:type\" content=\"article\" \/>\n<meta property=\"og:title\" content=\"DERMATEST: SEHR GUT - TRUE NATURE\u00ae [600 St\u00fcck] Zero Waste Bambus Wattest\u00e4bchen - ohne Plastik - GRATIS E-Book - 100\u2026 - Markt-XXL\" \/>\n<meta property=\"og:description\" content=\"Markt-XXL DERMATEST: SEHR GUT - TRUE NATURE\u00ae [600 St\u00fcck] Zero Waste Bambus Wattest\u00e4bchen - ohne Plastik - GRATIS E-Book - 100\u2026\" \/>\n<meta property=\"og:url\" content=\"https:\/\/marktxxl.de\/markt\/produkt\/einfuehrungsangebot-true-nature-400-stueck-zero-waste-bambus-holz-wattestaebchen-ohne-plastik-inkl-e-book-100-biologisch-abbaubare-alternative\/\" \/>\n<meta property=\"og:site_name\" content=\"Markt-XXL\" \/>\n<meta property=\"article:modified_time\" content=\"2023-04-09T23:37:49+00:00\" \/>\n<meta property=\"og:image\" content=\"https:\/\/m.media-amazon.com\/images\/I\/41CJA7gvODL._SL500_.jpg\" \/>\n\t<meta property=\"og:image:width\" content=\"500\" \/>\n\t<meta property=\"og:image:height\" content=\"500\" \/>\n\t<meta property=\"og:image:type\" content=\"image\/jpeg\" \/>\n<meta name=\"twitter:card\" content=\"summary_large_image\" \/>\n<meta name=\"twitter:label1\" content=\"Gesch\u00e4tzte Lesezeit\" \/>\n\t<meta name=\"twitter:data1\" content=\"1\u00a0Minute\" \/>\n<script type=\"application\/ld+json\" class=\"yoast-schema-graph\">{\"@context\":\"https:\\\/\\\/schema.org\",\"@graph\":[{\"@type\":\"WebPage\",\"@id\":\"https:\\\/\\\/marktxxl.de\\\/markt\\\/produkt\\\/einfuehrungsangebot-true-nature-400-stueck-zero-waste-bambus-holz-wattestaebchen-ohne-plastik-inkl-e-book-100-biologisch-abbaubare-alternative\\\/\",\"url\":\"https:\\\/\\\/marktxxl.de\\\/markt\\\/produkt\\\/einfuehrungsangebot-true-nature-400-stueck-zero-waste-bambus-holz-wattestaebchen-ohne-plastik-inkl-e-book-100-biologisch-abbaubare-alternative\\\/\",\"name\":\"DERMATEST: SEHR GUT - TRUE NATURE\u00ae [600 St\u00fcck] Zero Waste Bambus Wattest\u00e4bchen - ohne Plastik - GRATIS E-Book - 100\u2026 - Markt-XXL\",\"isPartOf\":{\"@id\":\"https:\\\/\\\/marktxxl.de\\\/markt\\\/#website\"},\"primaryImageOfPage\":{\"@id\":\"https:\\\/\\\/marktxxl.de\\\/markt\\\/produkt\\\/einfuehrungsangebot-true-nature-400-stueck-zero-waste-bambus-holz-wattestaebchen-ohne-plastik-inkl-e-book-100-biologisch-abbaubare-alternative\\\/#primaryimage\"},\"image\":{\"@id\":\"https:\\\/\\\/marktxxl.de\\\/markt\\\/produkt\\\/einfuehrungsangebot-true-nature-400-stueck-zero-waste-bambus-holz-wattestaebchen-ohne-plastik-inkl-e-book-100-biologisch-abbaubare-alternative\\\/#primaryimage\"},\"thumbnailUrl\":\"https:\\\/\\\/m.media-amazon.com\\\/images\\\/I\\\/41CJA7gvODL._SL500_.jpg\",\"datePublished\":\"2021-09-13T19:48:42+00:00\",\"dateModified\":\"2023-04-09T23:37:49+00:00\",\"description\":\"Markt-XXL DERMATEST: SEHR GUT - TRUE NATURE\u00ae [600 St\u00fcck] Zero Waste Bambus Wattest\u00e4bchen - ohne Plastik - GRATIS E-Book - 100\u2026\",\"breadcrumb\":{\"@id\":\"https:\\\/\\\/marktxxl.de\\\/markt\\\/produkt\\\/einfuehrungsangebot-true-nature-400-stueck-zero-waste-bambus-holz-wattestaebchen-ohne-plastik-inkl-e-book-100-biologisch-abbaubare-alternative\\\/#breadcrumb\"},\"inLanguage\":\"de\",\"potentialAction\":[{\"@type\":\"ReadAction\",\"target\":[\"https:\\\/\\\/marktxxl.de\\\/markt\\\/produkt\\\/einfuehrungsangebot-true-nature-400-stueck-zero-waste-bambus-holz-wattestaebchen-ohne-plastik-inkl-e-book-100-biologisch-abbaubare-alternative\\\/\"]}]},{\"@type\":\"ImageObject\",\"inLanguage\":\"de\",\"@id\":\"https:\\\/\\\/marktxxl.de\\\/markt\\\/produkt\\\/einfuehrungsangebot-true-nature-400-stueck-zero-waste-bambus-holz-wattestaebchen-ohne-plastik-inkl-e-book-100-biologisch-abbaubare-alternative\\\/#primaryimage\",\"url\":\"https:\\\/\\\/m.media-amazon.com\\\/images\\\/I\\\/41CJA7gvODL._SL500_.jpg\",\"contentUrl\":\"https:\\\/\\\/m.media-amazon.com\\\/images\\\/I\\\/41CJA7gvODL._SL500_.jpg\",\"width\":500,\"height\":500},{\"@type\":\"BreadcrumbList\",\"@id\":\"https:\\\/\\\/marktxxl.de\\\/markt\\\/produkt\\\/einfuehrungsangebot-true-nature-400-stueck-zero-waste-bambus-holz-wattestaebchen-ohne-plastik-inkl-e-book-100-biologisch-abbaubare-alternative\\\/#breadcrumb\",\"itemListElement\":[{\"@type\":\"ListItem\",\"position\":1,\"name\":\"Startseite\",\"item\":\"https:\\\/\\\/marktxxl.de\\\/markt\\\/\"},{\"@type\":\"ListItem\",\"position\":2,\"name\":\"Markt\",\"item\":\"https:\\\/\\\/marktxxl.de\\\/markt\\\/\"},{\"@type\":\"ListItem\",\"position\":3,\"name\":\"DERMATEST: SEHR GUT &#8211; TRUE NATURE\u00ae [600 St\u00fcck] Zero Waste Bambus Wattest\u00e4bchen &#8211; ohne Plastik &#8211; GRATIS E-Book &#8211; 100\u2026\"}]},{\"@type\":\"WebSite\",\"@id\":\"https:\\\/\\\/marktxxl.de\\\/markt\\\/#website\",\"url\":\"https:\\\/\\\/marktxxl.de\\\/markt\\\/\",\"name\":\"Markt-XXL\",\"description\":\"Ihr Markt Online\",\"publisher\":{\"@id\":\"https:\\\/\\\/marktxxl.de\\\/markt\\\/#organization\"},\"potentialAction\":[{\"@type\":\"SearchAction\",\"target\":{\"@type\":\"EntryPoint\",\"urlTemplate\":\"https:\\\/\\\/marktxxl.de\\\/markt\\\/?s={search_term_string}\"},\"query-input\":{\"@type\":\"PropertyValueSpecification\",\"valueRequired\":true,\"valueName\":\"search_term_string\"}}],\"inLanguage\":\"de\"},{\"@type\":\"Organization\",\"@id\":\"https:\\\/\\\/marktxxl.de\\\/markt\\\/#organization\",\"name\":\"Markt-XXL\",\"url\":\"https:\\\/\\\/marktxxl.de\\\/markt\\\/\",\"logo\":{\"@type\":\"ImageObject\",\"inLanguage\":\"de\",\"@id\":\"https:\\\/\\\/marktxxl.de\\\/markt\\\/#\\\/schema\\\/logo\\\/image\\\/\",\"url\":\"https:\\\/\\\/marktxxl.de\\\/markt\\\/wp-content\\\/uploads\\\/sites\\\/3\\\/2020\\\/12\\\/logo.png\",\"contentUrl\":\"https:\\\/\\\/marktxxl.de\\\/markt\\\/wp-content\\\/uploads\\\/sites\\\/3\\\/2020\\\/12\\\/logo.png\",\"width\":200,\"height\":70,\"caption\":\"Markt-XXL\"},\"image\":{\"@id\":\"https:\\\/\\\/marktxxl.de\\\/markt\\\/#\\\/schema\\\/logo\\\/image\\\/\"}}]}<\/script>\n<!-- \/ Yoast SEO plugin. -->","yoast_head_json":{"title":"DERMATEST: SEHR GUT - TRUE NATURE\u00ae [600 St\u00fcck] Zero Waste Bambus Wattest\u00e4bchen - ohne Plastik - GRATIS E-Book - 100\u2026 - Markt-XXL","description":"Markt-XXL DERMATEST: SEHR GUT - TRUE NATURE\u00ae [600 St\u00fcck] Zero Waste Bambus Wattest\u00e4bchen - ohne Plastik - GRATIS E-Book - 100\u2026","robots":{"index":"index","follow":"follow","max-snippet":"max-snippet:-1","max-image-preview":"max-image-preview:large","max-video-preview":"max-video-preview:-1"},"canonical":"https:\/\/marktxxl.de\/markt\/produkt\/einfuehrungsangebot-true-nature-400-stueck-zero-waste-bambus-holz-wattestaebchen-ohne-plastik-inkl-e-book-100-biologisch-abbaubare-alternative\/","og_locale":"de_DE","og_type":"article","og_title":"DERMATEST: SEHR GUT - TRUE NATURE\u00ae [600 St\u00fcck] Zero Waste Bambus Wattest\u00e4bchen - ohne Plastik - GRATIS E-Book - 100\u2026 - Markt-XXL","og_description":"Markt-XXL DERMATEST: SEHR GUT - TRUE NATURE\u00ae [600 St\u00fcck] Zero Waste Bambus Wattest\u00e4bchen - ohne Plastik - GRATIS E-Book - 100\u2026","og_url":"https:\/\/marktxxl.de\/markt\/produkt\/einfuehrungsangebot-true-nature-400-stueck-zero-waste-bambus-holz-wattestaebchen-ohne-plastik-inkl-e-book-100-biologisch-abbaubare-alternative\/","og_site_name":"Markt-XXL","article_modified_time":"2023-04-09T23:37:49+00:00","og_image":[{"width":500,"height":500,"url":"https:\/\/m.media-amazon.com\/images\/I\/41CJA7gvODL._SL500_.jpg","type":"image\/jpeg"}],"twitter_card":"summary_large_image","twitter_misc":{"Gesch\u00e4tzte Lesezeit":"1\u00a0Minute"},"schema":{"@context":"https:\/\/schema.org","@graph":[{"@type":"WebPage","@id":"https:\/\/marktxxl.de\/markt\/produkt\/einfuehrungsangebot-true-nature-400-stueck-zero-waste-bambus-holz-wattestaebchen-ohne-plastik-inkl-e-book-100-biologisch-abbaubare-alternative\/","url":"https:\/\/marktxxl.de\/markt\/produkt\/einfuehrungsangebot-true-nature-400-stueck-zero-waste-bambus-holz-wattestaebchen-ohne-plastik-inkl-e-book-100-biologisch-abbaubare-alternative\/","name":"DERMATEST: SEHR GUT - TRUE NATURE\u00ae [600 St\u00fcck] Zero Waste Bambus Wattest\u00e4bchen - ohne Plastik - GRATIS E-Book - 100\u2026 - Markt-XXL","isPartOf":{"@id":"https:\/\/marktxxl.de\/markt\/#website"},"primaryImageOfPage":{"@id":"https:\/\/marktxxl.de\/markt\/produkt\/einfuehrungsangebot-true-nature-400-stueck-zero-waste-bambus-holz-wattestaebchen-ohne-plastik-inkl-e-book-100-biologisch-abbaubare-alternative\/#primaryimage"},"image":{"@id":"https:\/\/marktxxl.de\/markt\/produkt\/einfuehrungsangebot-true-nature-400-stueck-zero-waste-bambus-holz-wattestaebchen-ohne-plastik-inkl-e-book-100-biologisch-abbaubare-alternative\/#primaryimage"},"thumbnailUrl":"https:\/\/m.media-amazon.com\/images\/I\/41CJA7gvODL._SL500_.jpg","datePublished":"2021-09-13T19:48:42+00:00","dateModified":"2023-04-09T23:37:49+00:00","description":"Markt-XXL DERMATEST: SEHR GUT - TRUE NATURE\u00ae [600 St\u00fcck] Zero Waste Bambus Wattest\u00e4bchen - ohne Plastik - GRATIS E-Book - 100\u2026","breadcrumb":{"@id":"https:\/\/marktxxl.de\/markt\/produkt\/einfuehrungsangebot-true-nature-400-stueck-zero-waste-bambus-holz-wattestaebchen-ohne-plastik-inkl-e-book-100-biologisch-abbaubare-alternative\/#breadcrumb"},"inLanguage":"de","potentialAction":[{"@type":"ReadAction","target":["https:\/\/marktxxl.de\/markt\/produkt\/einfuehrungsangebot-true-nature-400-stueck-zero-waste-bambus-holz-wattestaebchen-ohne-plastik-inkl-e-book-100-biologisch-abbaubare-alternative\/"]}]},{"@type":"ImageObject","inLanguage":"de","@id":"https:\/\/marktxxl.de\/markt\/produkt\/einfuehrungsangebot-true-nature-400-stueck-zero-waste-bambus-holz-wattestaebchen-ohne-plastik-inkl-e-book-100-biologisch-abbaubare-alternative\/#primaryimage","url":"https:\/\/m.media-amazon.com\/images\/I\/41CJA7gvODL._SL500_.jpg","contentUrl":"https:\/\/m.media-amazon.com\/images\/I\/41CJA7gvODL._SL500_.jpg","width":500,"height":500},{"@type":"BreadcrumbList","@id":"https:\/\/marktxxl.de\/markt\/produkt\/einfuehrungsangebot-true-nature-400-stueck-zero-waste-bambus-holz-wattestaebchen-ohne-plastik-inkl-e-book-100-biologisch-abbaubare-alternative\/#breadcrumb","itemListElement":[{"@type":"ListItem","position":1,"name":"Startseite","item":"https:\/\/marktxxl.de\/markt\/"},{"@type":"ListItem","position":2,"name":"Markt","item":"https:\/\/marktxxl.de\/markt\/"},{"@type":"ListItem","position":3,"name":"DERMATEST: SEHR GUT &#8211; TRUE NATURE\u00ae [600 St\u00fcck] Zero Waste Bambus Wattest\u00e4bchen &#8211; ohne Plastik &#8211; GRATIS E-Book &#8211; 100\u2026"}]},{"@type":"WebSite","@id":"https:\/\/marktxxl.de\/markt\/#website","url":"https:\/\/marktxxl.de\/markt\/","name":"Markt-XXL","description":"Ihr Markt Online","publisher":{"@id":"https:\/\/marktxxl.de\/markt\/#organization"},"potentialAction":[{"@type":"SearchAction","target":{"@type":"EntryPoint","urlTemplate":"https:\/\/marktxxl.de\/markt\/?s={search_term_string}"},"query-input":{"@type":"PropertyValueSpecification","valueRequired":true,"valueName":"search_term_string"}}],"inLanguage":"de"},{"@type":"Organization","@id":"https:\/\/marktxxl.de\/markt\/#organization","name":"Markt-XXL","url":"https:\/\/marktxxl.de\/markt\/","logo":{"@type":"ImageObject","inLanguage":"de","@id":"https:\/\/marktxxl.de\/markt\/#\/schema\/logo\/image\/","url":"https:\/\/marktxxl.de\/markt\/wp-content\/uploads\/sites\/3\/2020\/12\/logo.png","contentUrl":"https:\/\/marktxxl.de\/markt\/wp-content\/uploads\/sites\/3\/2020\/12\/logo.png","width":200,"height":70,"caption":"Markt-XXL"},"image":{"@id":"https:\/\/marktxxl.de\/markt\/#\/schema\/logo\/image\/"}}]}},"_links":{"self":[{"href":"https:\/\/marktxxl.de\/markt\/wp-json\/wp\/v2\/product\/37243","targetHints":{"allow":["GET"]}}],"collection":[{"href":"https:\/\/marktxxl.de\/markt\/wp-json\/wp\/v2\/product"}],"about":[{"href":"https:\/\/marktxxl.de\/markt\/wp-json\/wp\/v2\/types\/product"}],"replies":[{"embeddable":true,"href":"https:\/\/marktxxl.de\/markt\/wp-json\/wp\/v2\/comments?post=37243"}],"wp:featuredmedia":[{"embeddable":true,"href":"https:\/\/marktxxl.de\/markt\/wp-json\/wp\/v2\/media\/37244"}],"wp:attachment":[{"href":"https:\/\/marktxxl.de\/markt\/wp-json\/wp\/v2\/media?parent=37243"}],"wp:term":[{"taxonomy":"product_brand","embeddable":true,"href":"https:\/\/marktxxl.de\/markt\/wp-json\/wp\/v2\/product_brand?post=37243"},{"taxonomy":"product_cat","embeddable":true,"href":"https:\/\/marktxxl.de\/markt\/wp-json\/wp\/v2\/product_cat?post=37243"},{"taxonomy":"product_tag","embeddable":true,"href":"https:\/\/marktxxl.de\/markt\/wp-json\/wp\/v2\/product_tag?post=37243"}],"curies":[{"name":"wp","href":"https:\/\/api.w.org\/{rel}","templated":true}]}}