{"id":37211,"date":"2021-09-13T21:48:38","date_gmt":"2021-09-13T19:48:38","guid":{"rendered":"https:\/\/marktxxl.de\/markt\/produkt\/waschies\/"},"modified":"2023-04-10T01:37:49","modified_gmt":"2023-04-09T23:37:49","slug":"waschies","status":"publish","type":"product","link":"https:\/\/marktxxl.de\/markt\/produkt\/waschies\/","title":{"rendered":"waschies Waschbare Abschmink-Pads, wiederverwendbar, porentiefe Reinigung nur mit Wasser, hautschonend, hypoallergen\u2026"},"content":{"rendered":"<p>SANFTE REINIGUNG &#8211; Empfindliche Gesichtshaut bedarf einer zarten Reinigung. Mit den Abschminkpads von waschies ist die Gesichtsreinigung leicht gemacht. Reizende Reinigungs-\u00d6le und der \u00fcberm\u00e4\u00dfige Verbrauch von Einweg-Reinigungst\u00fcchern geh\u00f6ren der Vergangenheit an.<br \/>\nFEINSTE MIKROFASER &#8211; Das seidenweiche Material mit seiner speziellen Faserkombination aus feinsten Mikrofasern und Viskose erm\u00f6glicht einen hohen Reinigungseffekt &#8211; nur mit Wasser ! Das Beste ist, dass Sie hierf\u00fcr weder hautreizende Waschlotionen noch Reinigungs\u00f6le ben\u00f6tigen.<br \/>\nWIEDERVERWENDBAR &#8211; Die wiederverwendbaren waschies Abschminkt\u00fccher aus sanfter Mikrofaser sind bei bis zu 95 \u00b0C waschbar &#8211; sie sind auch bestens f\u00fcr den Trockner geeignet Waschies bleiben ohne Weichsp\u00fcler nach dem Waschen herrlich weich. Zu den herk\u00f6mmlichen Einweg-L\u00f6sungen ergibt sich ein erheblicher \u00f6kologischer Vorteil.<br \/>\nT\u00c4GLICHE REINIGUNG &#8211; Neben dem Einsatz als Make- up Entferner eignen sich die Gesichtsreinigungst\u00fccher von waschies auch zur t\u00e4glichen Reinigung von Schmutz, Feuchtigkeitscreme und Mascara.<br \/>\nANWENDUNG &#8211; Um den Effekt der speziellen Mikrofasern zu aktivieren, m\u00fcssen Sie die Mikrofaser Abschminkpads einfach mit warmem Wasser befeuchten. Diese Technik eignet sich besonders zur Reinigung des Gesicht bei trockener und empfindlicher Haut. Nach der Benutzung die T\u00fccher gut auswringen und gleich zum Trocknen aufh\u00e4ngen.<br \/>\n<div class=\"main-cross-sell\" data-asin=\"B08DN9S1PY\">\n\n\t<div class=\"WooZone-cross-sell-loader\">\n\t\t<div>\n\t\t\t<div id=\"floatingBarsG\">\n\t\t\t\t<div class=\"blockG\" id=\"rotateG_01\"><\/div>\n\t\t\t\t<div class=\"blockG\" id=\"rotateG_02\"><\/div>\n\t\t\t\t<div class=\"blockG\" id=\"rotateG_03\"><\/div>\n\t\t\t\t<div class=\"blockG\" id=\"rotateG_04\"><\/div>\n\t\t\t\t<div class=\"blockG\" id=\"rotateG_05\"><\/div>\n\t\t\t\t<div class=\"blockG\" id=\"rotateG_06\"><\/div>\n\t\t\t\t<div class=\"blockG\" id=\"rotateG_07\"><\/div>\n\t\t\t\t<div class=\"blockG\" id=\"rotateG_08\"><\/div>\n\t\t\t<\/div>\n\t\t\t<div class=\"WooZone-cross-sell-loader-text\"><\/div>\n\t\t<\/div>\n\t<\/div>\n\n\t\t\n<\/div>\n<div style=\"clear:both;\"><\/div><\/p>\n","protected":false},"excerpt":{"rendered":"<p>SANFTE REINIGUNG &#8211; Empfindliche Gesichtshaut bedarf einer zarten Reinigung. Mit den Abschminkpads von waschies ist die Gesichtsreinigung leicht gemacht. Reizende Reinigungs-\u00d6le und der \u00fcberm\u00e4\u00dfige Verbrauch von Einweg-Reinigungst\u00fcchern geh\u00f6ren der Vergangenheit an.<br \/>\nFEINSTE MIKROFASER &#8211; Das seidenweiche Material mit seiner speziellen Faserkombination aus feinsten Mikrofasern und Viskose erm\u00f6glicht einen hohen Reinigungseffekt &#8211; nur mit Wasser ! Das Beste ist, dass Sie hierf\u00fcr weder hautreizende Waschlotionen noch Reinigungs\u00f6le ben\u00f6tigen.<br \/>\nWIEDERVERWENDBAR &#8211; Die wiederverwendbaren waschies Abschminkt\u00fccher aus sanfter Mikrofaser sind bei bis zu 95 \u00b0C waschbar &#8211; sie sind auch bestens f\u00fcr den Trockner geeignet Waschies bleiben ohne Weichsp\u00fcler nach dem Waschen herrlich weich. Zu den herk\u00f6mmlichen Einweg-L\u00f6sungen ergibt sich ein erheblicher \u00f6kologischer Vorteil.<\/p>\n","protected":false},"featured_media":37222,"comment_status":"open","ping_status":"closed","template":"","meta":[],"product_brand":[],"product_cat":[2858,7726],"product_tag":[],"class_list":{"0":"post-37211","1":"product","2":"type-product","3":"status-publish","4":"has-post-thumbnail","6":"product_cat-beauty","7":"product_cat-zubehoer-beauty","8":"pa_binding-badartikel","9":"pa_brand-waschies","10":"pa_farbe-black-edition","11":"pa_farbe-gruen","12":"pa_farbe-pearl-gntm","13":"pa_farbe-pink-weiss","14":"pa_farbe-sonderedition-yellow-summer","15":"pa_farbe-weiss","16":"pa_farbe-yellow-summer","17":"pa_groesse-2-stueck-1er-pack","18":"pa_groesse-3-stueck-1er-pack","19":"pa_groesse-6-stueck-1er-pack","20":"pa_groesse-7-stueck-1er-pack","21":"pa_groesse-7er-pack","23":"first","24":"instock","25":"shipping-taxable","26":"purchasable","27":"product-type-variable","28":"customify-col","29":"product-has-gallery"},"yoast_head":"<!-- This site is optimized with the Yoast SEO plugin v27.3 - https:\/\/yoast.com\/product\/yoast-seo-wordpress\/ -->\n<title>waschies Waschbare Abschmink-Pads, wiederverwendbar, porentiefe Reinigung nur mit Wasser, hautschonend, hypoallergen\u2026 - Markt-XXL<\/title>\n<meta name=\"description\" content=\"Markt-XXL waschies Waschbare Abschmink-Pads, wiederverwendbar, porentiefe Reinigung nur mit Wasser, hautschonend, hypoallergen\u2026\" \/>\n<meta name=\"robots\" content=\"index, follow, max-snippet:-1, max-image-preview:large, max-video-preview:-1\" \/>\n<link rel=\"canonical\" href=\"https:\/\/marktxxl.de\/markt\/produkt\/waschies\/\" \/>\n<meta property=\"og:locale\" content=\"de_DE\" \/>\n<meta property=\"og:type\" content=\"article\" \/>\n<meta property=\"og:title\" content=\"waschies Waschbare Abschmink-Pads, wiederverwendbar, porentiefe Reinigung nur mit Wasser, hautschonend, hypoallergen\u2026 - Markt-XXL\" \/>\n<meta property=\"og:description\" content=\"Markt-XXL waschies Waschbare Abschmink-Pads, wiederverwendbar, porentiefe Reinigung nur mit Wasser, hautschonend, hypoallergen\u2026\" \/>\n<meta property=\"og:url\" content=\"https:\/\/marktxxl.de\/markt\/produkt\/waschies\/\" \/>\n<meta property=\"og:site_name\" content=\"Markt-XXL\" \/>\n<meta property=\"article:modified_time\" content=\"2023-04-09T23:37:49+00:00\" \/>\n<meta property=\"og:image\" content=\"https:\/\/m.media-amazon.com\/images\/I\/31fucZIJ+GS._SL500_.jpg\" \/>\n\t<meta property=\"og:image:width\" content=\"500\" \/>\n\t<meta property=\"og:image:height\" content=\"500\" \/>\n\t<meta property=\"og:image:type\" content=\"image\/jpeg\" \/>\n<meta name=\"twitter:card\" content=\"summary_large_image\" \/>\n<meta name=\"twitter:label1\" content=\"Gesch\u00e4tzte Lesezeit\" \/>\n\t<meta name=\"twitter:data1\" content=\"1\u00a0Minute\" \/>\n<script type=\"application\/ld+json\" class=\"yoast-schema-graph\">{\"@context\":\"https:\\\/\\\/schema.org\",\"@graph\":[{\"@type\":\"WebPage\",\"@id\":\"https:\\\/\\\/marktxxl.de\\\/markt\\\/produkt\\\/waschies\\\/\",\"url\":\"https:\\\/\\\/marktxxl.de\\\/markt\\\/produkt\\\/waschies\\\/\",\"name\":\"waschies Waschbare Abschmink-Pads, wiederverwendbar, porentiefe Reinigung nur mit Wasser, hautschonend, hypoallergen\u2026 - Markt-XXL\",\"isPartOf\":{\"@id\":\"https:\\\/\\\/marktxxl.de\\\/markt\\\/#website\"},\"primaryImageOfPage\":{\"@id\":\"https:\\\/\\\/marktxxl.de\\\/markt\\\/produkt\\\/waschies\\\/#primaryimage\"},\"image\":{\"@id\":\"https:\\\/\\\/marktxxl.de\\\/markt\\\/produkt\\\/waschies\\\/#primaryimage\"},\"thumbnailUrl\":\"https:\\\/\\\/m.media-amazon.com\\\/images\\\/I\\\/31fucZIJ+GS._SL500_.jpg\",\"datePublished\":\"2021-09-13T19:48:38+00:00\",\"dateModified\":\"2023-04-09T23:37:49+00:00\",\"description\":\"Markt-XXL waschies Waschbare Abschmink-Pads, wiederverwendbar, porentiefe Reinigung nur mit Wasser, hautschonend, hypoallergen\u2026\",\"breadcrumb\":{\"@id\":\"https:\\\/\\\/marktxxl.de\\\/markt\\\/produkt\\\/waschies\\\/#breadcrumb\"},\"inLanguage\":\"de\",\"potentialAction\":[{\"@type\":\"ReadAction\",\"target\":[\"https:\\\/\\\/marktxxl.de\\\/markt\\\/produkt\\\/waschies\\\/\"]}]},{\"@type\":\"ImageObject\",\"inLanguage\":\"de\",\"@id\":\"https:\\\/\\\/marktxxl.de\\\/markt\\\/produkt\\\/waschies\\\/#primaryimage\",\"url\":\"https:\\\/\\\/m.media-amazon.com\\\/images\\\/I\\\/31fucZIJ+GS._SL500_.jpg\",\"contentUrl\":\"https:\\\/\\\/m.media-amazon.com\\\/images\\\/I\\\/31fucZIJ+GS._SL500_.jpg\",\"width\":500,\"height\":500},{\"@type\":\"BreadcrumbList\",\"@id\":\"https:\\\/\\\/marktxxl.de\\\/markt\\\/produkt\\\/waschies\\\/#breadcrumb\",\"itemListElement\":[{\"@type\":\"ListItem\",\"position\":1,\"name\":\"Startseite\",\"item\":\"https:\\\/\\\/marktxxl.de\\\/markt\\\/\"},{\"@type\":\"ListItem\",\"position\":2,\"name\":\"Markt\",\"item\":\"https:\\\/\\\/marktxxl.de\\\/markt\\\/\"},{\"@type\":\"ListItem\",\"position\":3,\"name\":\"waschies Waschbare Abschmink-Pads, wiederverwendbar, porentiefe Reinigung nur mit Wasser, hautschonend, hypoallergen\u2026\"}]},{\"@type\":\"WebSite\",\"@id\":\"https:\\\/\\\/marktxxl.de\\\/markt\\\/#website\",\"url\":\"https:\\\/\\\/marktxxl.de\\\/markt\\\/\",\"name\":\"Markt-XXL\",\"description\":\"Ihr Markt Online\",\"publisher\":{\"@id\":\"https:\\\/\\\/marktxxl.de\\\/markt\\\/#organization\"},\"potentialAction\":[{\"@type\":\"SearchAction\",\"target\":{\"@type\":\"EntryPoint\",\"urlTemplate\":\"https:\\\/\\\/marktxxl.de\\\/markt\\\/?s={search_term_string}\"},\"query-input\":{\"@type\":\"PropertyValueSpecification\",\"valueRequired\":true,\"valueName\":\"search_term_string\"}}],\"inLanguage\":\"de\"},{\"@type\":\"Organization\",\"@id\":\"https:\\\/\\\/marktxxl.de\\\/markt\\\/#organization\",\"name\":\"Markt-XXL\",\"url\":\"https:\\\/\\\/marktxxl.de\\\/markt\\\/\",\"logo\":{\"@type\":\"ImageObject\",\"inLanguage\":\"de\",\"@id\":\"https:\\\/\\\/marktxxl.de\\\/markt\\\/#\\\/schema\\\/logo\\\/image\\\/\",\"url\":\"https:\\\/\\\/marktxxl.de\\\/markt\\\/wp-content\\\/uploads\\\/sites\\\/3\\\/2020\\\/12\\\/logo.png\",\"contentUrl\":\"https:\\\/\\\/marktxxl.de\\\/markt\\\/wp-content\\\/uploads\\\/sites\\\/3\\\/2020\\\/12\\\/logo.png\",\"width\":200,\"height\":70,\"caption\":\"Markt-XXL\"},\"image\":{\"@id\":\"https:\\\/\\\/marktxxl.de\\\/markt\\\/#\\\/schema\\\/logo\\\/image\\\/\"}}]}<\/script>\n<!-- \/ Yoast SEO plugin. -->","yoast_head_json":{"title":"waschies Waschbare Abschmink-Pads, wiederverwendbar, porentiefe Reinigung nur mit Wasser, hautschonend, hypoallergen\u2026 - Markt-XXL","description":"Markt-XXL waschies Waschbare Abschmink-Pads, wiederverwendbar, porentiefe Reinigung nur mit Wasser, hautschonend, hypoallergen\u2026","robots":{"index":"index","follow":"follow","max-snippet":"max-snippet:-1","max-image-preview":"max-image-preview:large","max-video-preview":"max-video-preview:-1"},"canonical":"https:\/\/marktxxl.de\/markt\/produkt\/waschies\/","og_locale":"de_DE","og_type":"article","og_title":"waschies Waschbare Abschmink-Pads, wiederverwendbar, porentiefe Reinigung nur mit Wasser, hautschonend, hypoallergen\u2026 - Markt-XXL","og_description":"Markt-XXL waschies Waschbare Abschmink-Pads, wiederverwendbar, porentiefe Reinigung nur mit Wasser, hautschonend, hypoallergen\u2026","og_url":"https:\/\/marktxxl.de\/markt\/produkt\/waschies\/","og_site_name":"Markt-XXL","article_modified_time":"2023-04-09T23:37:49+00:00","og_image":[{"width":500,"height":500,"url":"https:\/\/m.media-amazon.com\/images\/I\/31fucZIJ+GS._SL500_.jpg","type":"image\/jpeg"}],"twitter_card":"summary_large_image","twitter_misc":{"Gesch\u00e4tzte Lesezeit":"1\u00a0Minute"},"schema":{"@context":"https:\/\/schema.org","@graph":[{"@type":"WebPage","@id":"https:\/\/marktxxl.de\/markt\/produkt\/waschies\/","url":"https:\/\/marktxxl.de\/markt\/produkt\/waschies\/","name":"waschies Waschbare Abschmink-Pads, wiederverwendbar, porentiefe Reinigung nur mit Wasser, hautschonend, hypoallergen\u2026 - Markt-XXL","isPartOf":{"@id":"https:\/\/marktxxl.de\/markt\/#website"},"primaryImageOfPage":{"@id":"https:\/\/marktxxl.de\/markt\/produkt\/waschies\/#primaryimage"},"image":{"@id":"https:\/\/marktxxl.de\/markt\/produkt\/waschies\/#primaryimage"},"thumbnailUrl":"https:\/\/m.media-amazon.com\/images\/I\/31fucZIJ+GS._SL500_.jpg","datePublished":"2021-09-13T19:48:38+00:00","dateModified":"2023-04-09T23:37:49+00:00","description":"Markt-XXL waschies Waschbare Abschmink-Pads, wiederverwendbar, porentiefe Reinigung nur mit Wasser, hautschonend, hypoallergen\u2026","breadcrumb":{"@id":"https:\/\/marktxxl.de\/markt\/produkt\/waschies\/#breadcrumb"},"inLanguage":"de","potentialAction":[{"@type":"ReadAction","target":["https:\/\/marktxxl.de\/markt\/produkt\/waschies\/"]}]},{"@type":"ImageObject","inLanguage":"de","@id":"https:\/\/marktxxl.de\/markt\/produkt\/waschies\/#primaryimage","url":"https:\/\/m.media-amazon.com\/images\/I\/31fucZIJ+GS._SL500_.jpg","contentUrl":"https:\/\/m.media-amazon.com\/images\/I\/31fucZIJ+GS._SL500_.jpg","width":500,"height":500},{"@type":"BreadcrumbList","@id":"https:\/\/marktxxl.de\/markt\/produkt\/waschies\/#breadcrumb","itemListElement":[{"@type":"ListItem","position":1,"name":"Startseite","item":"https:\/\/marktxxl.de\/markt\/"},{"@type":"ListItem","position":2,"name":"Markt","item":"https:\/\/marktxxl.de\/markt\/"},{"@type":"ListItem","position":3,"name":"waschies Waschbare Abschmink-Pads, wiederverwendbar, porentiefe Reinigung nur mit Wasser, hautschonend, hypoallergen\u2026"}]},{"@type":"WebSite","@id":"https:\/\/marktxxl.de\/markt\/#website","url":"https:\/\/marktxxl.de\/markt\/","name":"Markt-XXL","description":"Ihr Markt Online","publisher":{"@id":"https:\/\/marktxxl.de\/markt\/#organization"},"potentialAction":[{"@type":"SearchAction","target":{"@type":"EntryPoint","urlTemplate":"https:\/\/marktxxl.de\/markt\/?s={search_term_string}"},"query-input":{"@type":"PropertyValueSpecification","valueRequired":true,"valueName":"search_term_string"}}],"inLanguage":"de"},{"@type":"Organization","@id":"https:\/\/marktxxl.de\/markt\/#organization","name":"Markt-XXL","url":"https:\/\/marktxxl.de\/markt\/","logo":{"@type":"ImageObject","inLanguage":"de","@id":"https:\/\/marktxxl.de\/markt\/#\/schema\/logo\/image\/","url":"https:\/\/marktxxl.de\/markt\/wp-content\/uploads\/sites\/3\/2020\/12\/logo.png","contentUrl":"https:\/\/marktxxl.de\/markt\/wp-content\/uploads\/sites\/3\/2020\/12\/logo.png","width":200,"height":70,"caption":"Markt-XXL"},"image":{"@id":"https:\/\/marktxxl.de\/markt\/#\/schema\/logo\/image\/"}}]}},"_links":{"self":[{"href":"https:\/\/marktxxl.de\/markt\/wp-json\/wp\/v2\/product\/37211","targetHints":{"allow":["GET"]}}],"collection":[{"href":"https:\/\/marktxxl.de\/markt\/wp-json\/wp\/v2\/product"}],"about":[{"href":"https:\/\/marktxxl.de\/markt\/wp-json\/wp\/v2\/types\/product"}],"replies":[{"embeddable":true,"href":"https:\/\/marktxxl.de\/markt\/wp-json\/wp\/v2\/comments?post=37211"}],"wp:featuredmedia":[{"embeddable":true,"href":"https:\/\/marktxxl.de\/markt\/wp-json\/wp\/v2\/media\/37222"}],"wp:attachment":[{"href":"https:\/\/marktxxl.de\/markt\/wp-json\/wp\/v2\/media?parent=37211"}],"wp:term":[{"taxonomy":"product_brand","embeddable":true,"href":"https:\/\/marktxxl.de\/markt\/wp-json\/wp\/v2\/product_brand?post=37211"},{"taxonomy":"product_cat","embeddable":true,"href":"https:\/\/marktxxl.de\/markt\/wp-json\/wp\/v2\/product_cat?post=37211"},{"taxonomy":"product_tag","embeddable":true,"href":"https:\/\/marktxxl.de\/markt\/wp-json\/wp\/v2\/product_tag?post=37211"}],"curies":[{"name":"wp","href":"https:\/\/api.w.org\/{rel}","templated":true}]}}