{"id":37192,"date":"2021-09-13T21:48:35","date_gmt":"2021-09-13T19:48:35","guid":{"rendered":"https:\/\/marktxxl.de\/markt\/produkt\/silikon-reiseflaschen-100ml-set-mit-transparent-kulturbeutel-oiosen-6-stueck-auslaufsichere-reise-container-und-reise-toilettenartikel-set-fda-zugelassene-nachfuellbare-fluessigkeitsbehaelter\/"},"modified":"2023-04-10T01:37:48","modified_gmt":"2023-04-09T23:37:48","slug":"silikon-reiseflaschen-100ml-set-mit-transparent-kulturbeutel-oiosen-6-stueck-auslaufsichere-reise-container-und-reise-toilettenartikel-set-fda-zugelassene-nachfuellbare-fluessigkeitsbehaelter","status":"publish","type":"product","link":"https:\/\/marktxxl.de\/markt\/produkt\/silikon-reiseflaschen-100ml-set-mit-transparent-kulturbeutel-oiosen-6-stueck-auslaufsichere-reise-container-und-reise-toilettenartikel-set-fda-zugelassene-nachfuellbare-fluessigkeitsbehaelter\/","title":{"rendered":"Silikon Reiseflaschen 100ml Set mit Transparent Kulturbeutel, OIOSEN 6 St\u00fcck auslaufsichere Reise Container und Reise\u2026"},"content":{"rendered":"<p>OIOSEN Reiseflaschen Design: Das 3-lagige, auslaufsichere Design verhindert das Auslaufen oder Versch\u00fctten von Fl\u00fcssigkeit und sch\u00fctzt Ihr Gep\u00e4ck und Ihre Kleidung. Die Bogenform verhindert, dass Fl\u00fcssigkeiten in einer Flaschenecke h\u00e4ngen bleiben, und hilft Ihnen, den letzten Tropfen herauszuholen, ohne Ihre Produkte zu vergeuden. Die Flaschenverschluss ist mit nur einer Hand leicht zu \u00f6ffnen.<br \/>\nVon TSA und Fluggesellschaften als Carry-on genehmigt: 100 ml Flaschenset, perfekt f\u00fcr Shampoo, Conditioner, K\u00f6rperw\u00e4sche, Lotion und mehr. In einem bequemen, weichen EVA-Kulturbeutel mit Rei\u00dfverschluss verpackt, spart es viel Platz und ist super leicht zu packen.<br \/>\nSicheres und hochwertiges Material: Unsere Silikon-Reiseflaschen bestehen aus FDA zugelassenem und 100% BPA freiem Silikon f\u00fcr Lebensmittel und sind somit sicher f\u00fcr andere Fl\u00fcssigkeiten wie So\u00dfe, Salatdressing oder sogar Babynahrung. Sie sind sehr praktisch f\u00fcr Ihren Urlaub und das leichte und weiche Material erm\u00f6glicht es Ihnen, die Fl\u00fcssigkeit einfach herauszudr\u00fccken.<br \/>\nWeite \u00d6ffnung zum F\u00fcllen und Reinigen: Im Gegensatz zu den meisten Reiseflaschen erleichtert diese weite \u00d6ffnung das Auff\u00fcllen mit dickeren Fl\u00fcssigkeiten und das Reinigen des Inneren mit einer B\u00fcrste. Sie k\u00f6nnen es auch als Futter Tube f\u00fcr Ihren Hund verwenden.<br \/>\nTropffreies Ventil: Der Flaschenverschluss verf\u00fcgt \u00fcber ein tropffreies Ventil, das Leckagen verhindert und sicherstellt, dass Sie immer die richtige Menge herausbekommen. Die Flaschen und der Flaschenhals sind in einem neuen Design, das ein Auslaufen verhindert.<br \/>\n<div class=\"main-cross-sell\" data-asin=\"B07Q24621W\">\n\n\t<div class=\"WooZone-cross-sell-loader\">\n\t\t<div>\n\t\t\t<div id=\"floatingBarsG\">\n\t\t\t\t<div class=\"blockG\" id=\"rotateG_01\"><\/div>\n\t\t\t\t<div class=\"blockG\" id=\"rotateG_02\"><\/div>\n\t\t\t\t<div class=\"blockG\" id=\"rotateG_03\"><\/div>\n\t\t\t\t<div class=\"blockG\" id=\"rotateG_04\"><\/div>\n\t\t\t\t<div class=\"blockG\" id=\"rotateG_05\"><\/div>\n\t\t\t\t<div class=\"blockG\" id=\"rotateG_06\"><\/div>\n\t\t\t\t<div class=\"blockG\" id=\"rotateG_07\"><\/div>\n\t\t\t\t<div class=\"blockG\" id=\"rotateG_08\"><\/div>\n\t\t\t<\/div>\n\t\t\t<div class=\"WooZone-cross-sell-loader-text\"><\/div>\n\t\t<\/div>\n\t<\/div>\n\n\t\t\n<\/div>\n<div style=\"clear:both;\"><\/div><\/p>\n","protected":false},"excerpt":{"rendered":"<p>OIOSEN Reiseflaschen Design: Das 3-lagige, auslaufsichere Design verhindert das Auslaufen oder Versch\u00fctten von Fl\u00fcssigkeit und sch\u00fctzt Ihr Gep\u00e4ck und Ihre Kleidung. Die Bogenform verhindert, dass Fl\u00fcssigkeiten in einer Flaschenecke h\u00e4ngen bleiben, und hilft Ihnen, den letzten Tropfen herauszuholen, ohne Ihre Produkte zu vergeuden. Die Flaschenverschluss ist mit nur einer Hand leicht zu \u00f6ffnen.<br \/>\nVon TSA und Fluggesellschaften als Carry-on genehmigt: 100 ml Flaschenset, perfekt f\u00fcr Shampoo, Conditioner, K\u00f6rperw\u00e4sche, Lotion und mehr. In einem bequemen, weichen EVA-Kulturbeutel mit Rei\u00dfverschluss verpackt, spart es viel Platz und ist super leicht zu packen.<br \/>\nSicheres und hochwertiges Material: Unsere Silikon-Reiseflaschen bestehen aus FDA zugelassenem und 100% BPA freiem Silikon f\u00fcr Lebensmittel und sind somit sicher f\u00fcr andere Fl\u00fcssigkeiten wie So\u00dfe, Salatdressing oder sogar Babynahrung. Sie sind sehr praktisch f\u00fcr Ihren Urlaub und das leichte und weiche Material erm\u00f6glicht es Ihnen, die Fl\u00fcssigkeit einfach herauszudr\u00fccken.<\/p>\n","protected":false},"featured_media":37193,"comment_status":"open","ping_status":"closed","template":"","meta":[],"product_brand":[],"product_cat":[2858,7726],"product_tag":[],"class_list":{"0":"post-37192","1":"product","2":"type-product","3":"status-publish","4":"has-post-thumbnail","6":"product_cat-beauty","7":"product_cat-zubehoer-beauty","8":"pa_brand-oiosen","9":"pa_color-bunt","10":"pa_model-ak3-at1-gl-m-x","11":"pa_size-42-4-35-118mm","13":"first","14":"instock","15":"shipping-taxable","16":"purchasable","17":"product-type-simple","18":"customify-col","19":"product-has-gallery"},"yoast_head":"<!-- This site is optimized with the Yoast SEO plugin v27.4 - https:\/\/yoast.com\/product\/yoast-seo-wordpress\/ -->\n<title>Silikon Reiseflaschen 100ml Set mit Transparent Kulturbeutel, OIOSEN 6 St\u00fcck auslaufsichere Reise Container und Reise\u2026 - Markt-XXL<\/title>\n<meta name=\"description\" content=\"Markt-XXL Silikon Reiseflaschen 100ml Set mit Transparent Kulturbeutel, OIOSEN 6 St\u00fcck auslaufsichere Reise Container und Reise\u2026\" \/>\n<meta name=\"robots\" content=\"index, follow, max-snippet:-1, max-image-preview:large, max-video-preview:-1\" \/>\n<link rel=\"canonical\" href=\"https:\/\/marktxxl.de\/markt\/produkt\/silikon-reiseflaschen-100ml-set-mit-transparent-kulturbeutel-oiosen-6-stueck-auslaufsichere-reise-container-und-reise-toilettenartikel-set-fda-zugelassene-nachfuellbare-fluessigkeitsbehaelter\/\" \/>\n<meta property=\"og:locale\" content=\"de_DE\" \/>\n<meta property=\"og:type\" content=\"article\" \/>\n<meta property=\"og:title\" content=\"Silikon Reiseflaschen 100ml Set mit Transparent Kulturbeutel, OIOSEN 6 St\u00fcck auslaufsichere Reise Container und Reise\u2026 - Markt-XXL\" \/>\n<meta property=\"og:description\" content=\"Markt-XXL Silikon Reiseflaschen 100ml Set mit Transparent Kulturbeutel, OIOSEN 6 St\u00fcck auslaufsichere Reise Container und Reise\u2026\" \/>\n<meta property=\"og:url\" content=\"https:\/\/marktxxl.de\/markt\/produkt\/silikon-reiseflaschen-100ml-set-mit-transparent-kulturbeutel-oiosen-6-stueck-auslaufsichere-reise-container-und-reise-toilettenartikel-set-fda-zugelassene-nachfuellbare-fluessigkeitsbehaelter\/\" \/>\n<meta property=\"og:site_name\" content=\"Markt-XXL\" \/>\n<meta property=\"article:modified_time\" content=\"2023-04-09T23:37:48+00:00\" \/>\n<meta property=\"og:image\" content=\"https:\/\/m.media-amazon.com\/images\/I\/31E2Sy2IkSL._SL500_.jpg\" \/>\n\t<meta property=\"og:image:width\" content=\"500\" \/>\n\t<meta property=\"og:image:height\" content=\"500\" \/>\n\t<meta property=\"og:image:type\" content=\"image\/jpeg\" \/>\n<meta name=\"twitter:card\" content=\"summary_large_image\" \/>\n<meta name=\"twitter:label1\" content=\"Gesch\u00e4tzte Lesezeit\" \/>\n\t<meta name=\"twitter:data1\" content=\"1\u00a0Minute\" \/>\n<script type=\"application\/ld+json\" class=\"yoast-schema-graph\">{\"@context\":\"https:\\\/\\\/schema.org\",\"@graph\":[{\"@type\":\"WebPage\",\"@id\":\"https:\\\/\\\/marktxxl.de\\\/markt\\\/produkt\\\/silikon-reiseflaschen-100ml-set-mit-transparent-kulturbeutel-oiosen-6-stueck-auslaufsichere-reise-container-und-reise-toilettenartikel-set-fda-zugelassene-nachfuellbare-fluessigkeitsbehaelter\\\/\",\"url\":\"https:\\\/\\\/marktxxl.de\\\/markt\\\/produkt\\\/silikon-reiseflaschen-100ml-set-mit-transparent-kulturbeutel-oiosen-6-stueck-auslaufsichere-reise-container-und-reise-toilettenartikel-set-fda-zugelassene-nachfuellbare-fluessigkeitsbehaelter\\\/\",\"name\":\"Silikon Reiseflaschen 100ml Set mit Transparent Kulturbeutel, OIOSEN 6 St\u00fcck auslaufsichere Reise Container und Reise\u2026 - Markt-XXL\",\"isPartOf\":{\"@id\":\"https:\\\/\\\/marktxxl.de\\\/markt\\\/#website\"},\"primaryImageOfPage\":{\"@id\":\"https:\\\/\\\/marktxxl.de\\\/markt\\\/produkt\\\/silikon-reiseflaschen-100ml-set-mit-transparent-kulturbeutel-oiosen-6-stueck-auslaufsichere-reise-container-und-reise-toilettenartikel-set-fda-zugelassene-nachfuellbare-fluessigkeitsbehaelter\\\/#primaryimage\"},\"image\":{\"@id\":\"https:\\\/\\\/marktxxl.de\\\/markt\\\/produkt\\\/silikon-reiseflaschen-100ml-set-mit-transparent-kulturbeutel-oiosen-6-stueck-auslaufsichere-reise-container-und-reise-toilettenartikel-set-fda-zugelassene-nachfuellbare-fluessigkeitsbehaelter\\\/#primaryimage\"},\"thumbnailUrl\":\"https:\\\/\\\/m.media-amazon.com\\\/images\\\/I\\\/31E2Sy2IkSL._SL500_.jpg\",\"datePublished\":\"2021-09-13T19:48:35+00:00\",\"dateModified\":\"2023-04-09T23:37:48+00:00\",\"description\":\"Markt-XXL Silikon Reiseflaschen 100ml Set mit Transparent Kulturbeutel, OIOSEN 6 St\u00fcck auslaufsichere Reise Container und Reise\u2026\",\"breadcrumb\":{\"@id\":\"https:\\\/\\\/marktxxl.de\\\/markt\\\/produkt\\\/silikon-reiseflaschen-100ml-set-mit-transparent-kulturbeutel-oiosen-6-stueck-auslaufsichere-reise-container-und-reise-toilettenartikel-set-fda-zugelassene-nachfuellbare-fluessigkeitsbehaelter\\\/#breadcrumb\"},\"inLanguage\":\"de\",\"potentialAction\":[{\"@type\":\"ReadAction\",\"target\":[\"https:\\\/\\\/marktxxl.de\\\/markt\\\/produkt\\\/silikon-reiseflaschen-100ml-set-mit-transparent-kulturbeutel-oiosen-6-stueck-auslaufsichere-reise-container-und-reise-toilettenartikel-set-fda-zugelassene-nachfuellbare-fluessigkeitsbehaelter\\\/\"]}]},{\"@type\":\"ImageObject\",\"inLanguage\":\"de\",\"@id\":\"https:\\\/\\\/marktxxl.de\\\/markt\\\/produkt\\\/silikon-reiseflaschen-100ml-set-mit-transparent-kulturbeutel-oiosen-6-stueck-auslaufsichere-reise-container-und-reise-toilettenartikel-set-fda-zugelassene-nachfuellbare-fluessigkeitsbehaelter\\\/#primaryimage\",\"url\":\"https:\\\/\\\/m.media-amazon.com\\\/images\\\/I\\\/31E2Sy2IkSL._SL500_.jpg\",\"contentUrl\":\"https:\\\/\\\/m.media-amazon.com\\\/images\\\/I\\\/31E2Sy2IkSL._SL500_.jpg\",\"width\":500,\"height\":500},{\"@type\":\"BreadcrumbList\",\"@id\":\"https:\\\/\\\/marktxxl.de\\\/markt\\\/produkt\\\/silikon-reiseflaschen-100ml-set-mit-transparent-kulturbeutel-oiosen-6-stueck-auslaufsichere-reise-container-und-reise-toilettenartikel-set-fda-zugelassene-nachfuellbare-fluessigkeitsbehaelter\\\/#breadcrumb\",\"itemListElement\":[{\"@type\":\"ListItem\",\"position\":1,\"name\":\"Startseite\",\"item\":\"https:\\\/\\\/marktxxl.de\\\/markt\\\/\"},{\"@type\":\"ListItem\",\"position\":2,\"name\":\"Markt\",\"item\":\"https:\\\/\\\/marktxxl.de\\\/markt\\\/\"},{\"@type\":\"ListItem\",\"position\":3,\"name\":\"Silikon Reiseflaschen 100ml Set mit Transparent Kulturbeutel, OIOSEN 6 St\u00fcck auslaufsichere Reise Container und Reise\u2026\"}]},{\"@type\":\"WebSite\",\"@id\":\"https:\\\/\\\/marktxxl.de\\\/markt\\\/#website\",\"url\":\"https:\\\/\\\/marktxxl.de\\\/markt\\\/\",\"name\":\"Markt-XXL\",\"description\":\"Ihr Markt Online\",\"publisher\":{\"@id\":\"https:\\\/\\\/marktxxl.de\\\/markt\\\/#organization\"},\"potentialAction\":[{\"@type\":\"SearchAction\",\"target\":{\"@type\":\"EntryPoint\",\"urlTemplate\":\"https:\\\/\\\/marktxxl.de\\\/markt\\\/?s={search_term_string}\"},\"query-input\":{\"@type\":\"PropertyValueSpecification\",\"valueRequired\":true,\"valueName\":\"search_term_string\"}}],\"inLanguage\":\"de\"},{\"@type\":\"Organization\",\"@id\":\"https:\\\/\\\/marktxxl.de\\\/markt\\\/#organization\",\"name\":\"Markt-XXL\",\"url\":\"https:\\\/\\\/marktxxl.de\\\/markt\\\/\",\"logo\":{\"@type\":\"ImageObject\",\"inLanguage\":\"de\",\"@id\":\"https:\\\/\\\/marktxxl.de\\\/markt\\\/#\\\/schema\\\/logo\\\/image\\\/\",\"url\":\"https:\\\/\\\/marktxxl.de\\\/markt\\\/wp-content\\\/uploads\\\/sites\\\/3\\\/2020\\\/12\\\/logo.png\",\"contentUrl\":\"https:\\\/\\\/marktxxl.de\\\/markt\\\/wp-content\\\/uploads\\\/sites\\\/3\\\/2020\\\/12\\\/logo.png\",\"width\":200,\"height\":70,\"caption\":\"Markt-XXL\"},\"image\":{\"@id\":\"https:\\\/\\\/marktxxl.de\\\/markt\\\/#\\\/schema\\\/logo\\\/image\\\/\"}}]}<\/script>\n<!-- \/ Yoast SEO plugin. -->","yoast_head_json":{"title":"Silikon Reiseflaschen 100ml Set mit Transparent Kulturbeutel, OIOSEN 6 St\u00fcck auslaufsichere Reise Container und Reise\u2026 - Markt-XXL","description":"Markt-XXL Silikon Reiseflaschen 100ml Set mit Transparent Kulturbeutel, OIOSEN 6 St\u00fcck auslaufsichere Reise Container und Reise\u2026","robots":{"index":"index","follow":"follow","max-snippet":"max-snippet:-1","max-image-preview":"max-image-preview:large","max-video-preview":"max-video-preview:-1"},"canonical":"https:\/\/marktxxl.de\/markt\/produkt\/silikon-reiseflaschen-100ml-set-mit-transparent-kulturbeutel-oiosen-6-stueck-auslaufsichere-reise-container-und-reise-toilettenartikel-set-fda-zugelassene-nachfuellbare-fluessigkeitsbehaelter\/","og_locale":"de_DE","og_type":"article","og_title":"Silikon Reiseflaschen 100ml Set mit Transparent Kulturbeutel, OIOSEN 6 St\u00fcck auslaufsichere Reise Container und Reise\u2026 - Markt-XXL","og_description":"Markt-XXL Silikon Reiseflaschen 100ml Set mit Transparent Kulturbeutel, OIOSEN 6 St\u00fcck auslaufsichere Reise Container und Reise\u2026","og_url":"https:\/\/marktxxl.de\/markt\/produkt\/silikon-reiseflaschen-100ml-set-mit-transparent-kulturbeutel-oiosen-6-stueck-auslaufsichere-reise-container-und-reise-toilettenartikel-set-fda-zugelassene-nachfuellbare-fluessigkeitsbehaelter\/","og_site_name":"Markt-XXL","article_modified_time":"2023-04-09T23:37:48+00:00","og_image":[{"width":500,"height":500,"url":"https:\/\/m.media-amazon.com\/images\/I\/31E2Sy2IkSL._SL500_.jpg","type":"image\/jpeg"}],"twitter_card":"summary_large_image","twitter_misc":{"Gesch\u00e4tzte Lesezeit":"1\u00a0Minute"},"schema":{"@context":"https:\/\/schema.org","@graph":[{"@type":"WebPage","@id":"https:\/\/marktxxl.de\/markt\/produkt\/silikon-reiseflaschen-100ml-set-mit-transparent-kulturbeutel-oiosen-6-stueck-auslaufsichere-reise-container-und-reise-toilettenartikel-set-fda-zugelassene-nachfuellbare-fluessigkeitsbehaelter\/","url":"https:\/\/marktxxl.de\/markt\/produkt\/silikon-reiseflaschen-100ml-set-mit-transparent-kulturbeutel-oiosen-6-stueck-auslaufsichere-reise-container-und-reise-toilettenartikel-set-fda-zugelassene-nachfuellbare-fluessigkeitsbehaelter\/","name":"Silikon Reiseflaschen 100ml Set mit Transparent Kulturbeutel, OIOSEN 6 St\u00fcck auslaufsichere Reise Container und Reise\u2026 - Markt-XXL","isPartOf":{"@id":"https:\/\/marktxxl.de\/markt\/#website"},"primaryImageOfPage":{"@id":"https:\/\/marktxxl.de\/markt\/produkt\/silikon-reiseflaschen-100ml-set-mit-transparent-kulturbeutel-oiosen-6-stueck-auslaufsichere-reise-container-und-reise-toilettenartikel-set-fda-zugelassene-nachfuellbare-fluessigkeitsbehaelter\/#primaryimage"},"image":{"@id":"https:\/\/marktxxl.de\/markt\/produkt\/silikon-reiseflaschen-100ml-set-mit-transparent-kulturbeutel-oiosen-6-stueck-auslaufsichere-reise-container-und-reise-toilettenartikel-set-fda-zugelassene-nachfuellbare-fluessigkeitsbehaelter\/#primaryimage"},"thumbnailUrl":"https:\/\/m.media-amazon.com\/images\/I\/31E2Sy2IkSL._SL500_.jpg","datePublished":"2021-09-13T19:48:35+00:00","dateModified":"2023-04-09T23:37:48+00:00","description":"Markt-XXL Silikon Reiseflaschen 100ml Set mit Transparent Kulturbeutel, OIOSEN 6 St\u00fcck auslaufsichere Reise Container und Reise\u2026","breadcrumb":{"@id":"https:\/\/marktxxl.de\/markt\/produkt\/silikon-reiseflaschen-100ml-set-mit-transparent-kulturbeutel-oiosen-6-stueck-auslaufsichere-reise-container-und-reise-toilettenartikel-set-fda-zugelassene-nachfuellbare-fluessigkeitsbehaelter\/#breadcrumb"},"inLanguage":"de","potentialAction":[{"@type":"ReadAction","target":["https:\/\/marktxxl.de\/markt\/produkt\/silikon-reiseflaschen-100ml-set-mit-transparent-kulturbeutel-oiosen-6-stueck-auslaufsichere-reise-container-und-reise-toilettenartikel-set-fda-zugelassene-nachfuellbare-fluessigkeitsbehaelter\/"]}]},{"@type":"ImageObject","inLanguage":"de","@id":"https:\/\/marktxxl.de\/markt\/produkt\/silikon-reiseflaschen-100ml-set-mit-transparent-kulturbeutel-oiosen-6-stueck-auslaufsichere-reise-container-und-reise-toilettenartikel-set-fda-zugelassene-nachfuellbare-fluessigkeitsbehaelter\/#primaryimage","url":"https:\/\/m.media-amazon.com\/images\/I\/31E2Sy2IkSL._SL500_.jpg","contentUrl":"https:\/\/m.media-amazon.com\/images\/I\/31E2Sy2IkSL._SL500_.jpg","width":500,"height":500},{"@type":"BreadcrumbList","@id":"https:\/\/marktxxl.de\/markt\/produkt\/silikon-reiseflaschen-100ml-set-mit-transparent-kulturbeutel-oiosen-6-stueck-auslaufsichere-reise-container-und-reise-toilettenartikel-set-fda-zugelassene-nachfuellbare-fluessigkeitsbehaelter\/#breadcrumb","itemListElement":[{"@type":"ListItem","position":1,"name":"Startseite","item":"https:\/\/marktxxl.de\/markt\/"},{"@type":"ListItem","position":2,"name":"Markt","item":"https:\/\/marktxxl.de\/markt\/"},{"@type":"ListItem","position":3,"name":"Silikon Reiseflaschen 100ml Set mit Transparent Kulturbeutel, OIOSEN 6 St\u00fcck auslaufsichere Reise Container und Reise\u2026"}]},{"@type":"WebSite","@id":"https:\/\/marktxxl.de\/markt\/#website","url":"https:\/\/marktxxl.de\/markt\/","name":"Markt-XXL","description":"Ihr Markt Online","publisher":{"@id":"https:\/\/marktxxl.de\/markt\/#organization"},"potentialAction":[{"@type":"SearchAction","target":{"@type":"EntryPoint","urlTemplate":"https:\/\/marktxxl.de\/markt\/?s={search_term_string}"},"query-input":{"@type":"PropertyValueSpecification","valueRequired":true,"valueName":"search_term_string"}}],"inLanguage":"de"},{"@type":"Organization","@id":"https:\/\/marktxxl.de\/markt\/#organization","name":"Markt-XXL","url":"https:\/\/marktxxl.de\/markt\/","logo":{"@type":"ImageObject","inLanguage":"de","@id":"https:\/\/marktxxl.de\/markt\/#\/schema\/logo\/image\/","url":"https:\/\/marktxxl.de\/markt\/wp-content\/uploads\/sites\/3\/2020\/12\/logo.png","contentUrl":"https:\/\/marktxxl.de\/markt\/wp-content\/uploads\/sites\/3\/2020\/12\/logo.png","width":200,"height":70,"caption":"Markt-XXL"},"image":{"@id":"https:\/\/marktxxl.de\/markt\/#\/schema\/logo\/image\/"}}]}},"_links":{"self":[{"href":"https:\/\/marktxxl.de\/markt\/wp-json\/wp\/v2\/product\/37192","targetHints":{"allow":["GET"]}}],"collection":[{"href":"https:\/\/marktxxl.de\/markt\/wp-json\/wp\/v2\/product"}],"about":[{"href":"https:\/\/marktxxl.de\/markt\/wp-json\/wp\/v2\/types\/product"}],"replies":[{"embeddable":true,"href":"https:\/\/marktxxl.de\/markt\/wp-json\/wp\/v2\/comments?post=37192"}],"wp:featuredmedia":[{"embeddable":true,"href":"https:\/\/marktxxl.de\/markt\/wp-json\/wp\/v2\/media\/37193"}],"wp:attachment":[{"href":"https:\/\/marktxxl.de\/markt\/wp-json\/wp\/v2\/media?parent=37192"}],"wp:term":[{"taxonomy":"product_brand","embeddable":true,"href":"https:\/\/marktxxl.de\/markt\/wp-json\/wp\/v2\/product_brand?post=37192"},{"taxonomy":"product_cat","embeddable":true,"href":"https:\/\/marktxxl.de\/markt\/wp-json\/wp\/v2\/product_cat?post=37192"},{"taxonomy":"product_tag","embeddable":true,"href":"https:\/\/marktxxl.de\/markt\/wp-json\/wp\/v2\/product_tag?post=37192"}],"curies":[{"name":"wp","href":"https:\/\/api.w.org\/{rel}","templated":true}]}}