{"id":37143,"date":"2021-09-13T21:45:36","date_gmt":"2021-09-13T19:45:36","guid":{"rendered":"https:\/\/marktxxl.de\/markt\/produkt\/nagelhautschieber-edelstahl-xcozu-nagelhautschieber-profi-nagelschieber-metallspatel-cuticle-pusher-fuer-manikuere-pedikuere-nagelreiniger-und-nagelhautentfernersilber\/"},"modified":"2023-04-10T01:37:46","modified_gmt":"2023-04-09T23:37:46","slug":"nagelhautschieber-edelstahl-xcozu-nagelhautschieber-profi-nagelschieber-metallspatel-cuticle-pusher-fuer-manikuere-pedikuere-nagelreiniger-und-nagelhautentfernersilber","status":"publish","type":"product","link":"https:\/\/marktxxl.de\/markt\/produkt\/nagelhautschieber-edelstahl-xcozu-nagelhautschieber-profi-nagelschieber-metallspatel-cuticle-pusher-fuer-manikuere-pedikuere-nagelreiniger-und-nagelhautentfernersilber\/","title":{"rendered":"Nagelhautschieber Edelstahl, XCOZU Nagelhautschieber Profi\/Nagelschieber\/Metallspatel, Cuticle Pusher f\u00fcr Manik\u00fcre\u2026"},"content":{"rendered":"<p>\u273f\u3010Professionelle Materialien\u3011Der doppelk\u00f6pfige Nagelhautschieber besteht aus 430er Edelstahl, ist sch\u00f6n und langlebig. Oberfl\u00e4chenschmierung, ist leicht zu reinigen und rostet nicht.<br \/>\n\u273f\u3010Doppelseitig Nagelhautschieber\u3011Eine Seite ist ein dreieckiges Nagelhautsch\u00e4ler-Design, das sich sehr gut f\u00fcr die Nagelstruktur eignet, und ein gebogener Kopf k\u00f6nnte Hautreste und den Schmutz in den N\u00e4geln entfernen. Auf der anderen Seite befindet sich der flache Kopf des Nagelhautschiebers, der der beste Assistent zum Entfernen der Nageldekoration auf der Nageloberfl\u00e4che oder zum Entfernen der Treibgelreste ist. Es kann auch zum Schieben, Entwerfen und Formen der Nagelhaut verwendet werden.<br \/>\n\u273f\u3010Rutschfester Griff\u3011Der Putter mit einem rutschfesten strukturierten Griff ist leicht zu halten und zu verwenden und f\u00e4llt nicht herunter. Mattiertes Design kann auch zum Polieren von N\u00e4geln verwendet werden.<br \/>\n\u273f\u3010Breites Einsatzspektrum\u3011Kompatibel mit nat\u00fcrlichen und k\u00fcnstlichen N\u00e4geln.Es kann verwendet werden, um Gel-N\u00e4gel zu entfernen, Reinigung unter Nagelhaut von Schmutz, hart kratzen, um Hautreste zu entfernen, Nagelhautdesign und -formung, Nagelhautschieben.Es kann auch pedik\u00fcre.Ideal f\u00fcr den Einsatz zu Hause, Spas und Salons.<br \/>\n\u273f\u3010Beschreibung\u3011Es besteht aus drei Teilen.unsere hochwertigen Werkzeuge mit abgerundeten und angeschr\u00e4gten Spitzen sowie \u00fcber einen rutschfesten Griff f\u00fcr h\u00f6chste Pr\u00e4zision.Die Bedienung kann in 4 einfache Schritte unterteilt werden: Schritt 1 macht die Nagelhaut weich, Schritt 2 dr\u00fcckt die Nagelhaut zur\u00fcck, Schritt 3 reinigt die Nageldreckung, Schritt 4 beendet die Reinigung.<br \/>\n<div class=\"main-cross-sell\" data-asin=\"B08FFWVV2N\">\n\n\t<div class=\"WooZone-cross-sell-loader\">\n\t\t<div>\n\t\t\t<div id=\"floatingBarsG\">\n\t\t\t\t<div class=\"blockG\" id=\"rotateG_01\"><\/div>\n\t\t\t\t<div class=\"blockG\" id=\"rotateG_02\"><\/div>\n\t\t\t\t<div class=\"blockG\" id=\"rotateG_03\"><\/div>\n\t\t\t\t<div class=\"blockG\" id=\"rotateG_04\"><\/div>\n\t\t\t\t<div class=\"blockG\" id=\"rotateG_05\"><\/div>\n\t\t\t\t<div class=\"blockG\" id=\"rotateG_06\"><\/div>\n\t\t\t\t<div class=\"blockG\" id=\"rotateG_07\"><\/div>\n\t\t\t\t<div class=\"blockG\" id=\"rotateG_08\"><\/div>\n\t\t\t<\/div>\n\t\t\t<div class=\"WooZone-cross-sell-loader-text\"><\/div>\n\t\t<\/div>\n\t<\/div>\n\n\t\t\n<\/div>\n<div style=\"clear:both;\"><\/div><\/p>\n","protected":false},"excerpt":{"rendered":"<p>\u273f\u3010Professionelle Materialien\u3011Der doppelk\u00f6pfige Nagelhautschieber besteht aus 430er Edelstahl, ist sch\u00f6n und langlebig. Oberfl\u00e4chenschmierung, ist leicht zu reinigen und rostet nicht.<br \/>\n\u273f\u3010Doppelseitig Nagelhautschieber\u3011Eine Seite ist ein dreieckiges Nagelhautsch\u00e4ler-Design, das sich sehr gut f\u00fcr die Nagelstruktur eignet, und ein gebogener Kopf k\u00f6nnte Hautreste und den Schmutz in den N\u00e4geln entfernen. Auf der anderen Seite befindet sich der flache Kopf des Nagelhautschiebers, der der beste Assistent zum Entfernen der Nageldekoration auf der Nageloberfl\u00e4che oder zum Entfernen der Treibgelreste ist. Es kann auch zum Schieben, Entwerfen und Formen der Nagelhaut verwendet werden.<br \/>\n\u273f\u3010Rutschfester Griff\u3011Der Putter mit einem rutschfesten strukturierten Griff ist leicht zu halten und zu verwenden und f\u00e4llt nicht herunter. Mattiertes Design kann auch zum Polieren von N\u00e4geln verwendet werden.<\/p>\n","protected":false},"featured_media":37144,"comment_status":"open","ping_status":"closed","template":"","meta":[],"product_brand":[],"product_cat":[2858,7659],"product_tag":[],"class_list":{"0":"post-37143","1":"product","2":"type-product","3":"status-publish","4":"has-post-thumbnail","6":"product_cat-beauty","7":"product_cat-manikuere-pedikuere","8":"pa_binding-misc","9":"pa_brand-busch-jaeger-3","10":"pa_brand-xcozu","11":"pa_height-0-17322834628-zoll","12":"pa_length-0-17322834628-zoll","13":"pa_manufacturer-xcozu","14":"pa_size-1-stueck-1er-pack","15":"pa_weight-0-035494424182-pfund","16":"pa_width-5-0393700736-zoll","18":"first","19":"instock","20":"shipping-taxable","21":"purchasable","22":"product-type-simple","23":"customify-col","24":"product-has-gallery"},"yoast_head":"<!-- This site is optimized with the Yoast SEO plugin v27.4 - https:\/\/yoast.com\/product\/yoast-seo-wordpress\/ -->\n<title>Nagelhautschieber Edelstahl, XCOZU Nagelhautschieber Profi\/Nagelschieber\/Metallspatel, Cuticle Pusher f\u00fcr Manik\u00fcre\u2026 - Markt-XXL<\/title>\n<meta name=\"description\" content=\"Markt-XXL Nagelhautschieber Edelstahl, XCOZU Nagelhautschieber Profi\/Nagelschieber\/Metallspatel, Cuticle Pusher f\u00fcr Manik\u00fcre\u2026\" \/>\n<meta name=\"robots\" content=\"index, follow, max-snippet:-1, max-image-preview:large, max-video-preview:-1\" \/>\n<link rel=\"canonical\" href=\"https:\/\/marktxxl.de\/markt\/produkt\/nagelhautschieber-edelstahl-xcozu-nagelhautschieber-profi-nagelschieber-metallspatel-cuticle-pusher-fuer-manikuere-pedikuere-nagelreiniger-und-nagelhautentfernersilber\/\" \/>\n<meta property=\"og:locale\" content=\"de_DE\" \/>\n<meta property=\"og:type\" content=\"article\" \/>\n<meta property=\"og:title\" content=\"Nagelhautschieber Edelstahl, XCOZU Nagelhautschieber Profi\/Nagelschieber\/Metallspatel, Cuticle Pusher f\u00fcr Manik\u00fcre\u2026 - Markt-XXL\" \/>\n<meta property=\"og:description\" content=\"Markt-XXL Nagelhautschieber Edelstahl, XCOZU Nagelhautschieber Profi\/Nagelschieber\/Metallspatel, Cuticle Pusher f\u00fcr Manik\u00fcre\u2026\" \/>\n<meta property=\"og:url\" content=\"https:\/\/marktxxl.de\/markt\/produkt\/nagelhautschieber-edelstahl-xcozu-nagelhautschieber-profi-nagelschieber-metallspatel-cuticle-pusher-fuer-manikuere-pedikuere-nagelreiniger-und-nagelhautentfernersilber\/\" \/>\n<meta property=\"og:site_name\" content=\"Markt-XXL\" \/>\n<meta property=\"article:modified_time\" content=\"2023-04-09T23:37:46+00:00\" \/>\n<meta property=\"og:image\" content=\"https:\/\/m.media-amazon.com\/images\/I\/31qz0qKrokL._SL500_.jpg\" \/>\n\t<meta property=\"og:image:width\" content=\"500\" \/>\n\t<meta property=\"og:image:height\" content=\"500\" \/>\n\t<meta property=\"og:image:type\" content=\"image\/jpeg\" \/>\n<meta name=\"twitter:card\" content=\"summary_large_image\" \/>\n<meta name=\"twitter:label1\" content=\"Gesch\u00e4tzte Lesezeit\" \/>\n\t<meta name=\"twitter:data1\" content=\"1\u00a0Minute\" \/>\n<script type=\"application\/ld+json\" class=\"yoast-schema-graph\">{\"@context\":\"https:\\\/\\\/schema.org\",\"@graph\":[{\"@type\":\"WebPage\",\"@id\":\"https:\\\/\\\/marktxxl.de\\\/markt\\\/produkt\\\/nagelhautschieber-edelstahl-xcozu-nagelhautschieber-profi-nagelschieber-metallspatel-cuticle-pusher-fuer-manikuere-pedikuere-nagelreiniger-und-nagelhautentfernersilber\\\/\",\"url\":\"https:\\\/\\\/marktxxl.de\\\/markt\\\/produkt\\\/nagelhautschieber-edelstahl-xcozu-nagelhautschieber-profi-nagelschieber-metallspatel-cuticle-pusher-fuer-manikuere-pedikuere-nagelreiniger-und-nagelhautentfernersilber\\\/\",\"name\":\"Nagelhautschieber Edelstahl, XCOZU Nagelhautschieber Profi\\\/Nagelschieber\\\/Metallspatel, Cuticle Pusher f\u00fcr Manik\u00fcre\u2026 - Markt-XXL\",\"isPartOf\":{\"@id\":\"https:\\\/\\\/marktxxl.de\\\/markt\\\/#website\"},\"primaryImageOfPage\":{\"@id\":\"https:\\\/\\\/marktxxl.de\\\/markt\\\/produkt\\\/nagelhautschieber-edelstahl-xcozu-nagelhautschieber-profi-nagelschieber-metallspatel-cuticle-pusher-fuer-manikuere-pedikuere-nagelreiniger-und-nagelhautentfernersilber\\\/#primaryimage\"},\"image\":{\"@id\":\"https:\\\/\\\/marktxxl.de\\\/markt\\\/produkt\\\/nagelhautschieber-edelstahl-xcozu-nagelhautschieber-profi-nagelschieber-metallspatel-cuticle-pusher-fuer-manikuere-pedikuere-nagelreiniger-und-nagelhautentfernersilber\\\/#primaryimage\"},\"thumbnailUrl\":\"https:\\\/\\\/m.media-amazon.com\\\/images\\\/I\\\/31qz0qKrokL._SL500_.jpg\",\"datePublished\":\"2021-09-13T19:45:36+00:00\",\"dateModified\":\"2023-04-09T23:37:46+00:00\",\"description\":\"Markt-XXL Nagelhautschieber Edelstahl, XCOZU Nagelhautschieber Profi\\\/Nagelschieber\\\/Metallspatel, Cuticle Pusher f\u00fcr Manik\u00fcre\u2026\",\"breadcrumb\":{\"@id\":\"https:\\\/\\\/marktxxl.de\\\/markt\\\/produkt\\\/nagelhautschieber-edelstahl-xcozu-nagelhautschieber-profi-nagelschieber-metallspatel-cuticle-pusher-fuer-manikuere-pedikuere-nagelreiniger-und-nagelhautentfernersilber\\\/#breadcrumb\"},\"inLanguage\":\"de\",\"potentialAction\":[{\"@type\":\"ReadAction\",\"target\":[\"https:\\\/\\\/marktxxl.de\\\/markt\\\/produkt\\\/nagelhautschieber-edelstahl-xcozu-nagelhautschieber-profi-nagelschieber-metallspatel-cuticle-pusher-fuer-manikuere-pedikuere-nagelreiniger-und-nagelhautentfernersilber\\\/\"]}]},{\"@type\":\"ImageObject\",\"inLanguage\":\"de\",\"@id\":\"https:\\\/\\\/marktxxl.de\\\/markt\\\/produkt\\\/nagelhautschieber-edelstahl-xcozu-nagelhautschieber-profi-nagelschieber-metallspatel-cuticle-pusher-fuer-manikuere-pedikuere-nagelreiniger-und-nagelhautentfernersilber\\\/#primaryimage\",\"url\":\"https:\\\/\\\/m.media-amazon.com\\\/images\\\/I\\\/31qz0qKrokL._SL500_.jpg\",\"contentUrl\":\"https:\\\/\\\/m.media-amazon.com\\\/images\\\/I\\\/31qz0qKrokL._SL500_.jpg\",\"width\":500,\"height\":500},{\"@type\":\"BreadcrumbList\",\"@id\":\"https:\\\/\\\/marktxxl.de\\\/markt\\\/produkt\\\/nagelhautschieber-edelstahl-xcozu-nagelhautschieber-profi-nagelschieber-metallspatel-cuticle-pusher-fuer-manikuere-pedikuere-nagelreiniger-und-nagelhautentfernersilber\\\/#breadcrumb\",\"itemListElement\":[{\"@type\":\"ListItem\",\"position\":1,\"name\":\"Startseite\",\"item\":\"https:\\\/\\\/marktxxl.de\\\/markt\\\/\"},{\"@type\":\"ListItem\",\"position\":2,\"name\":\"Markt\",\"item\":\"https:\\\/\\\/marktxxl.de\\\/markt\\\/\"},{\"@type\":\"ListItem\",\"position\":3,\"name\":\"Nagelhautschieber Edelstahl, XCOZU Nagelhautschieber Profi\\\/Nagelschieber\\\/Metallspatel, Cuticle Pusher f\u00fcr Manik\u00fcre\u2026\"}]},{\"@type\":\"WebSite\",\"@id\":\"https:\\\/\\\/marktxxl.de\\\/markt\\\/#website\",\"url\":\"https:\\\/\\\/marktxxl.de\\\/markt\\\/\",\"name\":\"Markt-XXL\",\"description\":\"Ihr Markt Online\",\"publisher\":{\"@id\":\"https:\\\/\\\/marktxxl.de\\\/markt\\\/#organization\"},\"potentialAction\":[{\"@type\":\"SearchAction\",\"target\":{\"@type\":\"EntryPoint\",\"urlTemplate\":\"https:\\\/\\\/marktxxl.de\\\/markt\\\/?s={search_term_string}\"},\"query-input\":{\"@type\":\"PropertyValueSpecification\",\"valueRequired\":true,\"valueName\":\"search_term_string\"}}],\"inLanguage\":\"de\"},{\"@type\":\"Organization\",\"@id\":\"https:\\\/\\\/marktxxl.de\\\/markt\\\/#organization\",\"name\":\"Markt-XXL\",\"url\":\"https:\\\/\\\/marktxxl.de\\\/markt\\\/\",\"logo\":{\"@type\":\"ImageObject\",\"inLanguage\":\"de\",\"@id\":\"https:\\\/\\\/marktxxl.de\\\/markt\\\/#\\\/schema\\\/logo\\\/image\\\/\",\"url\":\"https:\\\/\\\/marktxxl.de\\\/markt\\\/wp-content\\\/uploads\\\/sites\\\/3\\\/2020\\\/12\\\/logo.png\",\"contentUrl\":\"https:\\\/\\\/marktxxl.de\\\/markt\\\/wp-content\\\/uploads\\\/sites\\\/3\\\/2020\\\/12\\\/logo.png\",\"width\":200,\"height\":70,\"caption\":\"Markt-XXL\"},\"image\":{\"@id\":\"https:\\\/\\\/marktxxl.de\\\/markt\\\/#\\\/schema\\\/logo\\\/image\\\/\"}}]}<\/script>\n<!-- \/ Yoast SEO plugin. -->","yoast_head_json":{"title":"Nagelhautschieber Edelstahl, XCOZU Nagelhautschieber Profi\/Nagelschieber\/Metallspatel, Cuticle Pusher f\u00fcr Manik\u00fcre\u2026 - Markt-XXL","description":"Markt-XXL Nagelhautschieber Edelstahl, XCOZU Nagelhautschieber Profi\/Nagelschieber\/Metallspatel, Cuticle Pusher f\u00fcr Manik\u00fcre\u2026","robots":{"index":"index","follow":"follow","max-snippet":"max-snippet:-1","max-image-preview":"max-image-preview:large","max-video-preview":"max-video-preview:-1"},"canonical":"https:\/\/marktxxl.de\/markt\/produkt\/nagelhautschieber-edelstahl-xcozu-nagelhautschieber-profi-nagelschieber-metallspatel-cuticle-pusher-fuer-manikuere-pedikuere-nagelreiniger-und-nagelhautentfernersilber\/","og_locale":"de_DE","og_type":"article","og_title":"Nagelhautschieber Edelstahl, XCOZU Nagelhautschieber Profi\/Nagelschieber\/Metallspatel, Cuticle Pusher f\u00fcr Manik\u00fcre\u2026 - Markt-XXL","og_description":"Markt-XXL Nagelhautschieber Edelstahl, XCOZU Nagelhautschieber Profi\/Nagelschieber\/Metallspatel, Cuticle Pusher f\u00fcr Manik\u00fcre\u2026","og_url":"https:\/\/marktxxl.de\/markt\/produkt\/nagelhautschieber-edelstahl-xcozu-nagelhautschieber-profi-nagelschieber-metallspatel-cuticle-pusher-fuer-manikuere-pedikuere-nagelreiniger-und-nagelhautentfernersilber\/","og_site_name":"Markt-XXL","article_modified_time":"2023-04-09T23:37:46+00:00","og_image":[{"width":500,"height":500,"url":"https:\/\/m.media-amazon.com\/images\/I\/31qz0qKrokL._SL500_.jpg","type":"image\/jpeg"}],"twitter_card":"summary_large_image","twitter_misc":{"Gesch\u00e4tzte Lesezeit":"1\u00a0Minute"},"schema":{"@context":"https:\/\/schema.org","@graph":[{"@type":"WebPage","@id":"https:\/\/marktxxl.de\/markt\/produkt\/nagelhautschieber-edelstahl-xcozu-nagelhautschieber-profi-nagelschieber-metallspatel-cuticle-pusher-fuer-manikuere-pedikuere-nagelreiniger-und-nagelhautentfernersilber\/","url":"https:\/\/marktxxl.de\/markt\/produkt\/nagelhautschieber-edelstahl-xcozu-nagelhautschieber-profi-nagelschieber-metallspatel-cuticle-pusher-fuer-manikuere-pedikuere-nagelreiniger-und-nagelhautentfernersilber\/","name":"Nagelhautschieber Edelstahl, XCOZU Nagelhautschieber Profi\/Nagelschieber\/Metallspatel, Cuticle Pusher f\u00fcr Manik\u00fcre\u2026 - Markt-XXL","isPartOf":{"@id":"https:\/\/marktxxl.de\/markt\/#website"},"primaryImageOfPage":{"@id":"https:\/\/marktxxl.de\/markt\/produkt\/nagelhautschieber-edelstahl-xcozu-nagelhautschieber-profi-nagelschieber-metallspatel-cuticle-pusher-fuer-manikuere-pedikuere-nagelreiniger-und-nagelhautentfernersilber\/#primaryimage"},"image":{"@id":"https:\/\/marktxxl.de\/markt\/produkt\/nagelhautschieber-edelstahl-xcozu-nagelhautschieber-profi-nagelschieber-metallspatel-cuticle-pusher-fuer-manikuere-pedikuere-nagelreiniger-und-nagelhautentfernersilber\/#primaryimage"},"thumbnailUrl":"https:\/\/m.media-amazon.com\/images\/I\/31qz0qKrokL._SL500_.jpg","datePublished":"2021-09-13T19:45:36+00:00","dateModified":"2023-04-09T23:37:46+00:00","description":"Markt-XXL Nagelhautschieber Edelstahl, XCOZU Nagelhautschieber Profi\/Nagelschieber\/Metallspatel, Cuticle Pusher f\u00fcr Manik\u00fcre\u2026","breadcrumb":{"@id":"https:\/\/marktxxl.de\/markt\/produkt\/nagelhautschieber-edelstahl-xcozu-nagelhautschieber-profi-nagelschieber-metallspatel-cuticle-pusher-fuer-manikuere-pedikuere-nagelreiniger-und-nagelhautentfernersilber\/#breadcrumb"},"inLanguage":"de","potentialAction":[{"@type":"ReadAction","target":["https:\/\/marktxxl.de\/markt\/produkt\/nagelhautschieber-edelstahl-xcozu-nagelhautschieber-profi-nagelschieber-metallspatel-cuticle-pusher-fuer-manikuere-pedikuere-nagelreiniger-und-nagelhautentfernersilber\/"]}]},{"@type":"ImageObject","inLanguage":"de","@id":"https:\/\/marktxxl.de\/markt\/produkt\/nagelhautschieber-edelstahl-xcozu-nagelhautschieber-profi-nagelschieber-metallspatel-cuticle-pusher-fuer-manikuere-pedikuere-nagelreiniger-und-nagelhautentfernersilber\/#primaryimage","url":"https:\/\/m.media-amazon.com\/images\/I\/31qz0qKrokL._SL500_.jpg","contentUrl":"https:\/\/m.media-amazon.com\/images\/I\/31qz0qKrokL._SL500_.jpg","width":500,"height":500},{"@type":"BreadcrumbList","@id":"https:\/\/marktxxl.de\/markt\/produkt\/nagelhautschieber-edelstahl-xcozu-nagelhautschieber-profi-nagelschieber-metallspatel-cuticle-pusher-fuer-manikuere-pedikuere-nagelreiniger-und-nagelhautentfernersilber\/#breadcrumb","itemListElement":[{"@type":"ListItem","position":1,"name":"Startseite","item":"https:\/\/marktxxl.de\/markt\/"},{"@type":"ListItem","position":2,"name":"Markt","item":"https:\/\/marktxxl.de\/markt\/"},{"@type":"ListItem","position":3,"name":"Nagelhautschieber Edelstahl, XCOZU Nagelhautschieber Profi\/Nagelschieber\/Metallspatel, Cuticle Pusher f\u00fcr Manik\u00fcre\u2026"}]},{"@type":"WebSite","@id":"https:\/\/marktxxl.de\/markt\/#website","url":"https:\/\/marktxxl.de\/markt\/","name":"Markt-XXL","description":"Ihr Markt Online","publisher":{"@id":"https:\/\/marktxxl.de\/markt\/#organization"},"potentialAction":[{"@type":"SearchAction","target":{"@type":"EntryPoint","urlTemplate":"https:\/\/marktxxl.de\/markt\/?s={search_term_string}"},"query-input":{"@type":"PropertyValueSpecification","valueRequired":true,"valueName":"search_term_string"}}],"inLanguage":"de"},{"@type":"Organization","@id":"https:\/\/marktxxl.de\/markt\/#organization","name":"Markt-XXL","url":"https:\/\/marktxxl.de\/markt\/","logo":{"@type":"ImageObject","inLanguage":"de","@id":"https:\/\/marktxxl.de\/markt\/#\/schema\/logo\/image\/","url":"https:\/\/marktxxl.de\/markt\/wp-content\/uploads\/sites\/3\/2020\/12\/logo.png","contentUrl":"https:\/\/marktxxl.de\/markt\/wp-content\/uploads\/sites\/3\/2020\/12\/logo.png","width":200,"height":70,"caption":"Markt-XXL"},"image":{"@id":"https:\/\/marktxxl.de\/markt\/#\/schema\/logo\/image\/"}}]}},"_links":{"self":[{"href":"https:\/\/marktxxl.de\/markt\/wp-json\/wp\/v2\/product\/37143","targetHints":{"allow":["GET"]}}],"collection":[{"href":"https:\/\/marktxxl.de\/markt\/wp-json\/wp\/v2\/product"}],"about":[{"href":"https:\/\/marktxxl.de\/markt\/wp-json\/wp\/v2\/types\/product"}],"replies":[{"embeddable":true,"href":"https:\/\/marktxxl.de\/markt\/wp-json\/wp\/v2\/comments?post=37143"}],"wp:featuredmedia":[{"embeddable":true,"href":"https:\/\/marktxxl.de\/markt\/wp-json\/wp\/v2\/media\/37144"}],"wp:attachment":[{"href":"https:\/\/marktxxl.de\/markt\/wp-json\/wp\/v2\/media?parent=37143"}],"wp:term":[{"taxonomy":"product_brand","embeddable":true,"href":"https:\/\/marktxxl.de\/markt\/wp-json\/wp\/v2\/product_brand?post=37143"},{"taxonomy":"product_cat","embeddable":true,"href":"https:\/\/marktxxl.de\/markt\/wp-json\/wp\/v2\/product_cat?post=37143"},{"taxonomy":"product_tag","embeddable":true,"href":"https:\/\/marktxxl.de\/markt\/wp-json\/wp\/v2\/product_tag?post=37143"}],"curies":[{"name":"wp","href":"https:\/\/api.w.org\/{rel}","templated":true}]}}