{"id":37128,"date":"2021-09-13T21:45:34","date_gmt":"2021-09-13T19:45:34","guid":{"rendered":"https:\/\/marktxxl.de\/markt\/produkt\/yobuno-mitesserentferner-porenreiniger-pickelsauger-vakuumsauger-mitesser-entferner-mit-mitesser-sauger-porenreiniger%ef%bc%8cporensauger-3-austauschbare-saugkoepfeusb-aufladung\/"},"modified":"2023-04-10T01:37:46","modified_gmt":"2023-04-09T23:37:46","slug":"yobuno-mitesserentferner-porenreiniger-pickelsauger-vakuumsauger-mitesser-entferner-mit-mitesser-sauger-porenreiniger%ef%bc%8cporensauger-3-austauschbare-saugkoepfeusb-aufladung","status":"publish","type":"product","link":"https:\/\/marktxxl.de\/markt\/produkt\/yobuno-mitesserentferner-porenreiniger-pickelsauger-vakuumsauger-mitesser-entferner-mit-mitesser-sauger-porenreiniger%ef%bc%8cporensauger-3-austauschbare-saugkoepfeusb-aufladung\/","title":{"rendered":"Yobuno Mitesserentferner Porenreiniger Pickelsauger Vakuumsauger Mitesser Entferner mit Mitesser Sauger Porenreiniger\uff0cPorensauger 3 Austauschbare Saugk\u00f6pfe,USB Aufladung"},"content":{"rendered":"<p>\u30105 Stufen und 3 Tasten\u3011 Im Vergleich zum herk\u00f6mmlichen 3-Gang-Design stehen bei Yobuno Mitesserentferner 5 Stufen zur Auswahl, wodurch Kunden leichter eine geeignete Saugstufe f\u00fcr verschiedene Hauttypen ausw\u00e4hlen k\u00f6nnen. Die 3 Tasten einschlie\u00dflich Schalter, Plus- und Minus-Taste machen die Verwendung der Schritte einfach und offensichtlich.<br \/>\n\u30103 Saugk\u00f6pfe\u3011Yobuno Mitesserentferner hat 3 Saugk\u00f6pfe in verschiedenen Gr\u00f6\u00dfen und Formen. Ein gro\u00dfer saugender runder Kopf, um hartn\u00e4ckige Mitesser zu entfernen; eine kleine f\u00fcr das h\u00e4ufige Mitesserproblem und eine ovale f\u00fcr die Mitesser im Fl\u00fcgelbereich der Nase. Der ovale Kopf kann auch zum Entfernen feiner Linien verwendet werden.<br \/>\n\u3010Stark und sicher\u3011Die Luftpumpe kann eine maximale Saugkraft von 60 kPa erzeugen, wodurch die Ausr\u00fcstung beim Entfernen hartn\u00e4ckiger Mitesser ausreichend Leistung erh\u00e4lt. Es hat 3 Saugk\u00f6pfe und alle sind aus hochwertigem Kunststoff gefertigt, so dass unsere Benutzer frei von Allergieproblemen sind.<br \/>\n\u3010Intuitives Design und elegantes Erscheinungsbild\u3011 Der Griff wurde gem\u00e4\u00df der menschlichen Mechanik entworfen, um Ihnen eine glattere und einfachere Erfahrung zu bieten. Es nimmt auch die klassische Form und Farben wie Elfenbein und Gold an, im Einklang mit der beliebten \u00c4sthetik. Der Gesamtstil ist einfach und elegant und f\u00fcr alle Benutzergruppen geeignet.<br \/>\n\u3010Zuverl\u00e4ssige Qualit\u00e4t\u3011 Yobuno Y2 ist ein Mitesserentferner, der zur L\u00f6sung verschiedener Hautprobleme, insbesondere des Mitesserproblems, hergestellt wurde. Wir haben eine professionelle Forschungs- und Entwicklungsabteilung und -einrichtung, was bedeutet, dass das Produkt die Kundenbed\u00fcrfnisse besser erf\u00fcllen kann und wir bei Problemen schneller reagieren k\u00f6nnen.<br \/>\n<div class=\"main-cross-sell\" data-asin=\"B08M68KTKV\">\n\n\t<div class=\"WooZone-cross-sell-loader\">\n\t\t<div>\n\t\t\t<div id=\"floatingBarsG\">\n\t\t\t\t<div class=\"blockG\" id=\"rotateG_01\"><\/div>\n\t\t\t\t<div class=\"blockG\" id=\"rotateG_02\"><\/div>\n\t\t\t\t<div class=\"blockG\" id=\"rotateG_03\"><\/div>\n\t\t\t\t<div class=\"blockG\" id=\"rotateG_04\"><\/div>\n\t\t\t\t<div class=\"blockG\" id=\"rotateG_05\"><\/div>\n\t\t\t\t<div class=\"blockG\" id=\"rotateG_06\"><\/div>\n\t\t\t\t<div class=\"blockG\" id=\"rotateG_07\"><\/div>\n\t\t\t\t<div class=\"blockG\" id=\"rotateG_08\"><\/div>\n\t\t\t<\/div>\n\t\t\t<div class=\"WooZone-cross-sell-loader-text\"><\/div>\n\t\t<\/div>\n\t<\/div>\n\n\t\t\n<\/div>\n<div style=\"clear:both;\"><\/div><\/p>\n","protected":false},"excerpt":{"rendered":"<p>\u30105 Stufen und 3 Tasten\u3011 Im Vergleich zum herk\u00f6mmlichen 3-Gang-Design stehen bei Yobuno Mitesserentferner 5 Stufen zur Auswahl, wodurch Kunden leichter eine geeignete Saugstufe f\u00fcr verschiedene Hauttypen ausw\u00e4hlen k\u00f6nnen. Die 3 Tasten einschlie\u00dflich Schalter, Plus- und Minus-Taste machen die Verwendung der Schritte einfach und offensichtlich.<br \/>\n\u30103 Saugk\u00f6pfe\u3011Yobuno Mitesserentferner hat 3 Saugk\u00f6pfe in verschiedenen Gr\u00f6\u00dfen und Formen. Ein gro\u00dfer saugender runder Kopf, um hartn\u00e4ckige Mitesser zu entfernen; eine kleine f\u00fcr das h\u00e4ufige Mitesserproblem und eine ovale f\u00fcr die Mitesser im Fl\u00fcgelbereich der Nase. Der ovale Kopf kann auch zum Entfernen feiner Linien verwendet werden.<br \/>\n\u3010Stark und sicher\u3011Die Luftpumpe kann eine maximale Saugkraft von 60 kPa erzeugen, wodurch die Ausr\u00fcstung beim Entfernen hartn\u00e4ckiger Mitesser ausreichend Leistung erh\u00e4lt. Es hat 3 Saugk\u00f6pfe und alle sind aus hochwertigem Kunststoff gefertigt, so dass unsere Benutzer frei von Allergieproblemen sind.<\/p>\n","protected":false},"featured_media":37129,"comment_status":"open","ping_status":"closed","template":"","meta":[],"product_brand":[],"product_cat":[2858,7659],"product_tag":[],"class_list":{"0":"post-37128","1":"product","2":"type-product","3":"status-publish","4":"has-post-thumbnail","6":"product_cat-beauty","7":"product_cat-manikuere-pedikuere","8":"pa_brand-yobuno","9":"pa_color-weiss","10":"pa_manufacturer-none-brand","11":"pa_model-y002","12":"pa_size-1-stueck-1er-pack","14":"first","15":"instock","16":"shipping-taxable","17":"purchasable","18":"product-type-simple","19":"customify-col","20":"product-has-gallery"},"yoast_head":"<!-- This site is optimized with the Yoast SEO plugin v27.3 - https:\/\/yoast.com\/product\/yoast-seo-wordpress\/ -->\n<title>Yobuno Mitesserentferner Porenreiniger Pickelsauger Vakuumsauger Mitesser Entferner mit Mitesser Sauger Porenreiniger\uff0cPorensauger 3 Austauschbare Saugk\u00f6pfe,USB Aufladung - Markt-XXL<\/title>\n<meta name=\"description\" content=\"Markt-XXL Yobuno Mitesserentferner Porenreiniger Pickelsauger Vakuumsauger Mitesser Entferner mit Mitesser Sauger Porenreiniger\uff0cPorensauger 3 Austauschbare Saugk\u00f6pfe,USB Aufladung\" \/>\n<meta name=\"robots\" content=\"index, follow, max-snippet:-1, max-image-preview:large, max-video-preview:-1\" \/>\n<link rel=\"canonical\" href=\"https:\/\/marktxxl.de\/markt\/produkt\/yobuno-mitesserentferner-porenreiniger-pickelsauger-vakuumsauger-mitesser-entferner-mit-mitesser-sauger-porenreiniger\uff0cporensauger-3-austauschbare-saugkoepfeusb-aufladung\/\" \/>\n<meta property=\"og:locale\" content=\"de_DE\" \/>\n<meta property=\"og:type\" content=\"article\" \/>\n<meta property=\"og:title\" content=\"Yobuno Mitesserentferner Porenreiniger Pickelsauger Vakuumsauger Mitesser Entferner mit Mitesser Sauger Porenreiniger\uff0cPorensauger 3 Austauschbare Saugk\u00f6pfe,USB Aufladung - Markt-XXL\" \/>\n<meta property=\"og:description\" content=\"Markt-XXL Yobuno Mitesserentferner Porenreiniger Pickelsauger Vakuumsauger Mitesser Entferner mit Mitesser Sauger Porenreiniger\uff0cPorensauger 3 Austauschbare Saugk\u00f6pfe,USB Aufladung\" \/>\n<meta property=\"og:url\" content=\"https:\/\/marktxxl.de\/markt\/produkt\/yobuno-mitesserentferner-porenreiniger-pickelsauger-vakuumsauger-mitesser-entferner-mit-mitesser-sauger-porenreiniger\uff0cporensauger-3-austauschbare-saugkoepfeusb-aufladung\/\" \/>\n<meta property=\"og:site_name\" content=\"Markt-XXL\" \/>\n<meta property=\"article:modified_time\" content=\"2023-04-09T23:37:46+00:00\" \/>\n<meta property=\"og:image\" content=\"https:\/\/m.media-amazon.com\/images\/I\/414XD1LReOL._SL500_.jpg\" \/>\n\t<meta property=\"og:image:width\" content=\"500\" \/>\n\t<meta property=\"og:image:height\" content=\"500\" \/>\n\t<meta property=\"og:image:type\" content=\"image\/jpeg\" \/>\n<meta name=\"twitter:card\" content=\"summary_large_image\" \/>\n<meta name=\"twitter:label1\" content=\"Gesch\u00e4tzte Lesezeit\" \/>\n\t<meta name=\"twitter:data1\" content=\"1\u00a0Minute\" \/>\n<script type=\"application\/ld+json\" class=\"yoast-schema-graph\">{\"@context\":\"https:\\\/\\\/schema.org\",\"@graph\":[{\"@type\":\"WebPage\",\"@id\":\"https:\\\/\\\/marktxxl.de\\\/markt\\\/produkt\\\/yobuno-mitesserentferner-porenreiniger-pickelsauger-vakuumsauger-mitesser-entferner-mit-mitesser-sauger-porenreiniger%ef%bc%8cporensauger-3-austauschbare-saugkoepfeusb-aufladung\\\/\",\"url\":\"https:\\\/\\\/marktxxl.de\\\/markt\\\/produkt\\\/yobuno-mitesserentferner-porenreiniger-pickelsauger-vakuumsauger-mitesser-entferner-mit-mitesser-sauger-porenreiniger%ef%bc%8cporensauger-3-austauschbare-saugkoepfeusb-aufladung\\\/\",\"name\":\"Yobuno Mitesserentferner Porenreiniger Pickelsauger Vakuumsauger Mitesser Entferner mit Mitesser Sauger Porenreiniger\uff0cPorensauger 3 Austauschbare Saugk\u00f6pfe,USB Aufladung - Markt-XXL\",\"isPartOf\":{\"@id\":\"https:\\\/\\\/marktxxl.de\\\/markt\\\/#website\"},\"primaryImageOfPage\":{\"@id\":\"https:\\\/\\\/marktxxl.de\\\/markt\\\/produkt\\\/yobuno-mitesserentferner-porenreiniger-pickelsauger-vakuumsauger-mitesser-entferner-mit-mitesser-sauger-porenreiniger%ef%bc%8cporensauger-3-austauschbare-saugkoepfeusb-aufladung\\\/#primaryimage\"},\"image\":{\"@id\":\"https:\\\/\\\/marktxxl.de\\\/markt\\\/produkt\\\/yobuno-mitesserentferner-porenreiniger-pickelsauger-vakuumsauger-mitesser-entferner-mit-mitesser-sauger-porenreiniger%ef%bc%8cporensauger-3-austauschbare-saugkoepfeusb-aufladung\\\/#primaryimage\"},\"thumbnailUrl\":\"https:\\\/\\\/m.media-amazon.com\\\/images\\\/I\\\/414XD1LReOL._SL500_.jpg\",\"datePublished\":\"2021-09-13T19:45:34+00:00\",\"dateModified\":\"2023-04-09T23:37:46+00:00\",\"description\":\"Markt-XXL Yobuno Mitesserentferner Porenreiniger Pickelsauger Vakuumsauger Mitesser Entferner mit Mitesser Sauger Porenreiniger\uff0cPorensauger 3 Austauschbare Saugk\u00f6pfe,USB Aufladung\",\"breadcrumb\":{\"@id\":\"https:\\\/\\\/marktxxl.de\\\/markt\\\/produkt\\\/yobuno-mitesserentferner-porenreiniger-pickelsauger-vakuumsauger-mitesser-entferner-mit-mitesser-sauger-porenreiniger%ef%bc%8cporensauger-3-austauschbare-saugkoepfeusb-aufladung\\\/#breadcrumb\"},\"inLanguage\":\"de\",\"potentialAction\":[{\"@type\":\"ReadAction\",\"target\":[\"https:\\\/\\\/marktxxl.de\\\/markt\\\/produkt\\\/yobuno-mitesserentferner-porenreiniger-pickelsauger-vakuumsauger-mitesser-entferner-mit-mitesser-sauger-porenreiniger%ef%bc%8cporensauger-3-austauschbare-saugkoepfeusb-aufladung\\\/\"]}]},{\"@type\":\"ImageObject\",\"inLanguage\":\"de\",\"@id\":\"https:\\\/\\\/marktxxl.de\\\/markt\\\/produkt\\\/yobuno-mitesserentferner-porenreiniger-pickelsauger-vakuumsauger-mitesser-entferner-mit-mitesser-sauger-porenreiniger%ef%bc%8cporensauger-3-austauschbare-saugkoepfeusb-aufladung\\\/#primaryimage\",\"url\":\"https:\\\/\\\/m.media-amazon.com\\\/images\\\/I\\\/414XD1LReOL._SL500_.jpg\",\"contentUrl\":\"https:\\\/\\\/m.media-amazon.com\\\/images\\\/I\\\/414XD1LReOL._SL500_.jpg\",\"width\":500,\"height\":500},{\"@type\":\"BreadcrumbList\",\"@id\":\"https:\\\/\\\/marktxxl.de\\\/markt\\\/produkt\\\/yobuno-mitesserentferner-porenreiniger-pickelsauger-vakuumsauger-mitesser-entferner-mit-mitesser-sauger-porenreiniger%ef%bc%8cporensauger-3-austauschbare-saugkoepfeusb-aufladung\\\/#breadcrumb\",\"itemListElement\":[{\"@type\":\"ListItem\",\"position\":1,\"name\":\"Startseite\",\"item\":\"https:\\\/\\\/marktxxl.de\\\/markt\\\/\"},{\"@type\":\"ListItem\",\"position\":2,\"name\":\"Markt\",\"item\":\"https:\\\/\\\/marktxxl.de\\\/markt\\\/\"},{\"@type\":\"ListItem\",\"position\":3,\"name\":\"Yobuno Mitesserentferner Porenreiniger Pickelsauger Vakuumsauger Mitesser Entferner mit Mitesser Sauger Porenreiniger\uff0cPorensauger 3 Austauschbare Saugk\u00f6pfe,USB Aufladung\"}]},{\"@type\":\"WebSite\",\"@id\":\"https:\\\/\\\/marktxxl.de\\\/markt\\\/#website\",\"url\":\"https:\\\/\\\/marktxxl.de\\\/markt\\\/\",\"name\":\"Markt-XXL\",\"description\":\"Ihr Markt Online\",\"publisher\":{\"@id\":\"https:\\\/\\\/marktxxl.de\\\/markt\\\/#organization\"},\"potentialAction\":[{\"@type\":\"SearchAction\",\"target\":{\"@type\":\"EntryPoint\",\"urlTemplate\":\"https:\\\/\\\/marktxxl.de\\\/markt\\\/?s={search_term_string}\"},\"query-input\":{\"@type\":\"PropertyValueSpecification\",\"valueRequired\":true,\"valueName\":\"search_term_string\"}}],\"inLanguage\":\"de\"},{\"@type\":\"Organization\",\"@id\":\"https:\\\/\\\/marktxxl.de\\\/markt\\\/#organization\",\"name\":\"Markt-XXL\",\"url\":\"https:\\\/\\\/marktxxl.de\\\/markt\\\/\",\"logo\":{\"@type\":\"ImageObject\",\"inLanguage\":\"de\",\"@id\":\"https:\\\/\\\/marktxxl.de\\\/markt\\\/#\\\/schema\\\/logo\\\/image\\\/\",\"url\":\"https:\\\/\\\/marktxxl.de\\\/markt\\\/wp-content\\\/uploads\\\/sites\\\/3\\\/2020\\\/12\\\/logo.png\",\"contentUrl\":\"https:\\\/\\\/marktxxl.de\\\/markt\\\/wp-content\\\/uploads\\\/sites\\\/3\\\/2020\\\/12\\\/logo.png\",\"width\":200,\"height\":70,\"caption\":\"Markt-XXL\"},\"image\":{\"@id\":\"https:\\\/\\\/marktxxl.de\\\/markt\\\/#\\\/schema\\\/logo\\\/image\\\/\"}}]}<\/script>\n<!-- \/ Yoast SEO plugin. -->","yoast_head_json":{"title":"Yobuno Mitesserentferner Porenreiniger Pickelsauger Vakuumsauger Mitesser Entferner mit Mitesser Sauger Porenreiniger\uff0cPorensauger 3 Austauschbare Saugk\u00f6pfe,USB Aufladung - Markt-XXL","description":"Markt-XXL Yobuno Mitesserentferner Porenreiniger Pickelsauger Vakuumsauger Mitesser Entferner mit Mitesser Sauger Porenreiniger\uff0cPorensauger 3 Austauschbare Saugk\u00f6pfe,USB Aufladung","robots":{"index":"index","follow":"follow","max-snippet":"max-snippet:-1","max-image-preview":"max-image-preview:large","max-video-preview":"max-video-preview:-1"},"canonical":"https:\/\/marktxxl.de\/markt\/produkt\/yobuno-mitesserentferner-porenreiniger-pickelsauger-vakuumsauger-mitesser-entferner-mit-mitesser-sauger-porenreiniger\uff0cporensauger-3-austauschbare-saugkoepfeusb-aufladung\/","og_locale":"de_DE","og_type":"article","og_title":"Yobuno Mitesserentferner Porenreiniger Pickelsauger Vakuumsauger Mitesser Entferner mit Mitesser Sauger Porenreiniger\uff0cPorensauger 3 Austauschbare Saugk\u00f6pfe,USB Aufladung - Markt-XXL","og_description":"Markt-XXL Yobuno Mitesserentferner Porenreiniger Pickelsauger Vakuumsauger Mitesser Entferner mit Mitesser Sauger Porenreiniger\uff0cPorensauger 3 Austauschbare Saugk\u00f6pfe,USB Aufladung","og_url":"https:\/\/marktxxl.de\/markt\/produkt\/yobuno-mitesserentferner-porenreiniger-pickelsauger-vakuumsauger-mitesser-entferner-mit-mitesser-sauger-porenreiniger\uff0cporensauger-3-austauschbare-saugkoepfeusb-aufladung\/","og_site_name":"Markt-XXL","article_modified_time":"2023-04-09T23:37:46+00:00","og_image":[{"width":500,"height":500,"url":"https:\/\/m.media-amazon.com\/images\/I\/414XD1LReOL._SL500_.jpg","type":"image\/jpeg"}],"twitter_card":"summary_large_image","twitter_misc":{"Gesch\u00e4tzte Lesezeit":"1\u00a0Minute"},"schema":{"@context":"https:\/\/schema.org","@graph":[{"@type":"WebPage","@id":"https:\/\/marktxxl.de\/markt\/produkt\/yobuno-mitesserentferner-porenreiniger-pickelsauger-vakuumsauger-mitesser-entferner-mit-mitesser-sauger-porenreiniger%ef%bc%8cporensauger-3-austauschbare-saugkoepfeusb-aufladung\/","url":"https:\/\/marktxxl.de\/markt\/produkt\/yobuno-mitesserentferner-porenreiniger-pickelsauger-vakuumsauger-mitesser-entferner-mit-mitesser-sauger-porenreiniger%ef%bc%8cporensauger-3-austauschbare-saugkoepfeusb-aufladung\/","name":"Yobuno Mitesserentferner Porenreiniger Pickelsauger Vakuumsauger Mitesser Entferner mit Mitesser Sauger Porenreiniger\uff0cPorensauger 3 Austauschbare Saugk\u00f6pfe,USB Aufladung - Markt-XXL","isPartOf":{"@id":"https:\/\/marktxxl.de\/markt\/#website"},"primaryImageOfPage":{"@id":"https:\/\/marktxxl.de\/markt\/produkt\/yobuno-mitesserentferner-porenreiniger-pickelsauger-vakuumsauger-mitesser-entferner-mit-mitesser-sauger-porenreiniger%ef%bc%8cporensauger-3-austauschbare-saugkoepfeusb-aufladung\/#primaryimage"},"image":{"@id":"https:\/\/marktxxl.de\/markt\/produkt\/yobuno-mitesserentferner-porenreiniger-pickelsauger-vakuumsauger-mitesser-entferner-mit-mitesser-sauger-porenreiniger%ef%bc%8cporensauger-3-austauschbare-saugkoepfeusb-aufladung\/#primaryimage"},"thumbnailUrl":"https:\/\/m.media-amazon.com\/images\/I\/414XD1LReOL._SL500_.jpg","datePublished":"2021-09-13T19:45:34+00:00","dateModified":"2023-04-09T23:37:46+00:00","description":"Markt-XXL Yobuno Mitesserentferner Porenreiniger Pickelsauger Vakuumsauger Mitesser Entferner mit Mitesser Sauger Porenreiniger\uff0cPorensauger 3 Austauschbare Saugk\u00f6pfe,USB Aufladung","breadcrumb":{"@id":"https:\/\/marktxxl.de\/markt\/produkt\/yobuno-mitesserentferner-porenreiniger-pickelsauger-vakuumsauger-mitesser-entferner-mit-mitesser-sauger-porenreiniger%ef%bc%8cporensauger-3-austauschbare-saugkoepfeusb-aufladung\/#breadcrumb"},"inLanguage":"de","potentialAction":[{"@type":"ReadAction","target":["https:\/\/marktxxl.de\/markt\/produkt\/yobuno-mitesserentferner-porenreiniger-pickelsauger-vakuumsauger-mitesser-entferner-mit-mitesser-sauger-porenreiniger%ef%bc%8cporensauger-3-austauschbare-saugkoepfeusb-aufladung\/"]}]},{"@type":"ImageObject","inLanguage":"de","@id":"https:\/\/marktxxl.de\/markt\/produkt\/yobuno-mitesserentferner-porenreiniger-pickelsauger-vakuumsauger-mitesser-entferner-mit-mitesser-sauger-porenreiniger%ef%bc%8cporensauger-3-austauschbare-saugkoepfeusb-aufladung\/#primaryimage","url":"https:\/\/m.media-amazon.com\/images\/I\/414XD1LReOL._SL500_.jpg","contentUrl":"https:\/\/m.media-amazon.com\/images\/I\/414XD1LReOL._SL500_.jpg","width":500,"height":500},{"@type":"BreadcrumbList","@id":"https:\/\/marktxxl.de\/markt\/produkt\/yobuno-mitesserentferner-porenreiniger-pickelsauger-vakuumsauger-mitesser-entferner-mit-mitesser-sauger-porenreiniger%ef%bc%8cporensauger-3-austauschbare-saugkoepfeusb-aufladung\/#breadcrumb","itemListElement":[{"@type":"ListItem","position":1,"name":"Startseite","item":"https:\/\/marktxxl.de\/markt\/"},{"@type":"ListItem","position":2,"name":"Markt","item":"https:\/\/marktxxl.de\/markt\/"},{"@type":"ListItem","position":3,"name":"Yobuno Mitesserentferner Porenreiniger Pickelsauger Vakuumsauger Mitesser Entferner mit Mitesser Sauger Porenreiniger\uff0cPorensauger 3 Austauschbare Saugk\u00f6pfe,USB Aufladung"}]},{"@type":"WebSite","@id":"https:\/\/marktxxl.de\/markt\/#website","url":"https:\/\/marktxxl.de\/markt\/","name":"Markt-XXL","description":"Ihr Markt Online","publisher":{"@id":"https:\/\/marktxxl.de\/markt\/#organization"},"potentialAction":[{"@type":"SearchAction","target":{"@type":"EntryPoint","urlTemplate":"https:\/\/marktxxl.de\/markt\/?s={search_term_string}"},"query-input":{"@type":"PropertyValueSpecification","valueRequired":true,"valueName":"search_term_string"}}],"inLanguage":"de"},{"@type":"Organization","@id":"https:\/\/marktxxl.de\/markt\/#organization","name":"Markt-XXL","url":"https:\/\/marktxxl.de\/markt\/","logo":{"@type":"ImageObject","inLanguage":"de","@id":"https:\/\/marktxxl.de\/markt\/#\/schema\/logo\/image\/","url":"https:\/\/marktxxl.de\/markt\/wp-content\/uploads\/sites\/3\/2020\/12\/logo.png","contentUrl":"https:\/\/marktxxl.de\/markt\/wp-content\/uploads\/sites\/3\/2020\/12\/logo.png","width":200,"height":70,"caption":"Markt-XXL"},"image":{"@id":"https:\/\/marktxxl.de\/markt\/#\/schema\/logo\/image\/"}}]}},"_links":{"self":[{"href":"https:\/\/marktxxl.de\/markt\/wp-json\/wp\/v2\/product\/37128","targetHints":{"allow":["GET"]}}],"collection":[{"href":"https:\/\/marktxxl.de\/markt\/wp-json\/wp\/v2\/product"}],"about":[{"href":"https:\/\/marktxxl.de\/markt\/wp-json\/wp\/v2\/types\/product"}],"replies":[{"embeddable":true,"href":"https:\/\/marktxxl.de\/markt\/wp-json\/wp\/v2\/comments?post=37128"}],"wp:featuredmedia":[{"embeddable":true,"href":"https:\/\/marktxxl.de\/markt\/wp-json\/wp\/v2\/media\/37129"}],"wp:attachment":[{"href":"https:\/\/marktxxl.de\/markt\/wp-json\/wp\/v2\/media?parent=37128"}],"wp:term":[{"taxonomy":"product_brand","embeddable":true,"href":"https:\/\/marktxxl.de\/markt\/wp-json\/wp\/v2\/product_brand?post=37128"},{"taxonomy":"product_cat","embeddable":true,"href":"https:\/\/marktxxl.de\/markt\/wp-json\/wp\/v2\/product_cat?post=37128"},{"taxonomy":"product_tag","embeddable":true,"href":"https:\/\/marktxxl.de\/markt\/wp-json\/wp\/v2\/product_tag?post=37128"}],"curies":[{"name":"wp","href":"https:\/\/api.w.org\/{rel}","templated":true}]}}