{"id":37033,"date":"2021-09-13T21:42:32","date_gmt":"2021-09-13T19:42:32","guid":{"rendered":"https:\/\/marktxxl.de\/markt\/produkt\/nachtpflege-mit-retinol-und-hyaluron-serum-anti-aging-feuchtigkeitspflege-fuer-maenner-und-frauen-100ml-gesicht-creme-von-colibri-cosmetics-naturkosmetik-gesichtscreme-made-in-germany\/"},"modified":"2023-04-10T01:37:45","modified_gmt":"2023-04-09T23:37:45","slug":"nachtpflege-mit-retinol-und-hyaluron-serum-anti-aging-feuchtigkeitspflege-fuer-maenner-und-frauen-100ml-gesicht-creme-von-colibri-cosmetics-naturkosmetik-gesichtscreme-made-in-germany","status":"publish","type":"product","link":"https:\/\/marktxxl.de\/markt\/produkt\/nachtpflege-mit-retinol-und-hyaluron-serum-anti-aging-feuchtigkeitspflege-fuer-maenner-und-frauen-100ml-gesicht-creme-von-colibri-cosmetics-naturkosmetik-gesichtscreme-made-in-germany\/","title":{"rendered":"colibri skincare Nachtpflege mit Retinol und Hyaluron Serum &#8211; straffende Anti Aging Nachtcreme f\u00fcr Frauen und M\u00e4nner\u2026"},"content":{"rendered":"<p>\u2705 VERSORGT DIE HAUT MIT FEUCHTIGKEIT: enth\u00e4lt Hyalurons\u00e4ure welche die Spannkraft der Haut erh\u00f6ht und gegen Falten und F\u00e4ltchen, Augenringe und Altersflecken wirkt. Die Haut sieht wieder frisch und erholt aus. Als Tages-creme und Nacht-pflege f\u00fcr Gesicht, Hals, Dekollet\u00e9, sowie als Augen-creme geeignet.<br \/>\n\u2705 STRAHLENDER TEINT: Retinol regt die Kollagen Produktion an und besitzt einen lift- und antifalten Effekt. Das Hautbild wird sichtbar verbessert. Ceramide sch\u00fctzen vor dem Verlust von Feuchtigkeit; Argan\u00f6l enth\u00e4lt Vitamin E und wertvolle Antioxidantien, wodurch Pigmentflecken reduziert werden k\u00f6nnen.<br \/>\n\u2705 OHNE TIERVERSUCHE &#8211; VEGAN &#8211; MADE IN GERMANY: all unsere Produkte sind tierversuchsfrei, parf\u00fcmfrei und vollkommen vegan. Zudem verwenden wir keine umstrittenen Zusatzstoffe: OHNE Parabene, OHNE Mineral\u00f6le, OHNE PEGs. Unser Nachtcreme wird in Deutschland hergestellt und dermatologisch getestet.<br \/>\n\u2705 HAUTPFLEGE F\u00dcR ALLE HAUTTYPEN: der Moisturizer l\u00e4sst sich schnell auftragen und ist optimal f\u00fcr trockene-, unreine-, fettige-, reife-, sowie f\u00fcr Mischhaut. Auch ideal f\u00fcr sensible und empfindliche Haut. Reichhaltige Gesichtscreme mit Intensiv Wirkung. Sch\u00fctzt nat\u00fcrlich vor Hautalterung.<br \/>\n\u2705 100% ZUFRIEDENHEIT GARANTIERT: es ist unser Anspruch, dass Sie mit unseren Produkten in vollem Umfang zufrieden sind. Sollten Sie nicht zufrieden sein, erstatten wir Ihnen ihr Geld innerhalb von 30 Tagen nach Kauf zur\u00fcck. Tun Sie Ihrer Haut etwas gutes und bestellen Sie jetzt die Nachtcreme von colibri cosmetics!<br \/>\n<div class=\"main-cross-sell\" data-asin=\"B07NYS9MR3\">\n\n\t<div class=\"WooZone-cross-sell-loader\">\n\t\t<div>\n\t\t\t<div id=\"floatingBarsG\">\n\t\t\t\t<div class=\"blockG\" id=\"rotateG_01\"><\/div>\n\t\t\t\t<div class=\"blockG\" id=\"rotateG_02\"><\/div>\n\t\t\t\t<div class=\"blockG\" id=\"rotateG_03\"><\/div>\n\t\t\t\t<div class=\"blockG\" id=\"rotateG_04\"><\/div>\n\t\t\t\t<div class=\"blockG\" id=\"rotateG_05\"><\/div>\n\t\t\t\t<div class=\"blockG\" id=\"rotateG_06\"><\/div>\n\t\t\t\t<div class=\"blockG\" id=\"rotateG_07\"><\/div>\n\t\t\t\t<div class=\"blockG\" id=\"rotateG_08\"><\/div>\n\t\t\t<\/div>\n\t\t\t<div class=\"WooZone-cross-sell-loader-text\"><\/div>\n\t\t<\/div>\n\t<\/div>\n\n\t\t\n<\/div>\n<div style=\"clear:both;\"><\/div><\/p>\n","protected":false},"excerpt":{"rendered":"<p>\u2705 VERSORGT DIE HAUT MIT FEUCHTIGKEIT: enth\u00e4lt Hyalurons\u00e4ure welche die Spannkraft der Haut erh\u00f6ht und gegen Falten und F\u00e4ltchen, Augenringe und Altersflecken wirkt. Die Haut sieht wieder frisch und erholt aus. Als Tages-creme und Nacht-pflege f\u00fcr Gesicht, Hals, Dekollet\u00e9, sowie als Augen-creme geeignet.<br \/>\n\u2705 STRAHLENDER TEINT: Retinol regt die Kollagen Produktion an und besitzt einen lift- und antifalten Effekt. Das Hautbild wird sichtbar verbessert. Ceramide sch\u00fctzen vor dem Verlust von Feuchtigkeit; Argan\u00f6l enth\u00e4lt Vitamin E und wertvolle Antioxidantien, wodurch Pigmentflecken reduziert werden k\u00f6nnen.<br \/>\n\u2705 OHNE TIERVERSUCHE &#8211; VEGAN &#8211; MADE IN GERMANY: all unsere Produkte sind tierversuchsfrei, parf\u00fcmfrei und vollkommen vegan. Zudem verwenden wir keine umstrittenen Zusatzstoffe: OHNE Parabene, OHNE Mineral\u00f6le, OHNE PEGs. Unser Nachtcreme wird in Deutschland hergestellt und dermatologisch getestet.<\/p>\n","protected":false},"featured_media":37034,"comment_status":"open","ping_status":"closed","template":"","meta":[],"product_brand":[],"product_cat":[2858,7067],"product_tag":[],"class_list":{"0":"post-37033","1":"product","2":"type-product","3":"status-publish","4":"has-post-thumbnail","6":"product_cat-beauty","7":"product_cat-hautpflege","8":"pa_brand-colibri-cosmetics","9":"pa_manufacturer-colibri-cosmetics","10":"pa_size-100-ml-1er-pack","12":"first","13":"instock","14":"shipping-taxable","15":"purchasable","16":"product-type-simple","17":"customify-col","18":"product-has-gallery"},"yoast_head":"<!-- This site is optimized with the Yoast SEO plugin v27.4 - https:\/\/yoast.com\/product\/yoast-seo-wordpress\/ -->\n<title>colibri skincare Nachtpflege mit Retinol und Hyaluron Serum - straffende Anti Aging Nachtcreme f\u00fcr Frauen und M\u00e4nner\u2026 - Markt-XXL<\/title>\n<meta name=\"description\" content=\"Markt-XXL colibri skincare Nachtpflege mit Retinol und Hyaluron Serum - straffende Anti Aging Nachtcreme f\u00fcr Frauen und M\u00e4nner\u2026\" \/>\n<meta name=\"robots\" content=\"index, follow, max-snippet:-1, max-image-preview:large, max-video-preview:-1\" \/>\n<link rel=\"canonical\" href=\"https:\/\/marktxxl.de\/markt\/produkt\/nachtpflege-mit-retinol-und-hyaluron-serum-anti-aging-feuchtigkeitspflege-fuer-maenner-und-frauen-100ml-gesicht-creme-von-colibri-cosmetics-naturkosmetik-gesichtscreme-made-in-germany\/\" \/>\n<meta property=\"og:locale\" content=\"de_DE\" \/>\n<meta property=\"og:type\" content=\"article\" \/>\n<meta property=\"og:title\" content=\"colibri skincare Nachtpflege mit Retinol und Hyaluron Serum - straffende Anti Aging Nachtcreme f\u00fcr Frauen und M\u00e4nner\u2026 - Markt-XXL\" \/>\n<meta property=\"og:description\" content=\"Markt-XXL colibri skincare Nachtpflege mit Retinol und Hyaluron Serum - straffende Anti Aging Nachtcreme f\u00fcr Frauen und M\u00e4nner\u2026\" \/>\n<meta property=\"og:url\" content=\"https:\/\/marktxxl.de\/markt\/produkt\/nachtpflege-mit-retinol-und-hyaluron-serum-anti-aging-feuchtigkeitspflege-fuer-maenner-und-frauen-100ml-gesicht-creme-von-colibri-cosmetics-naturkosmetik-gesichtscreme-made-in-germany\/\" \/>\n<meta property=\"og:site_name\" content=\"Markt-XXL\" \/>\n<meta property=\"article:modified_time\" content=\"2023-04-09T23:37:45+00:00\" \/>\n<meta property=\"og:image\" content=\"https:\/\/m.media-amazon.com\/images\/I\/41YZyrPMr2L._SL500_.jpg\" \/>\n\t<meta property=\"og:image:width\" content=\"446\" \/>\n\t<meta property=\"og:image:height\" content=\"500\" \/>\n\t<meta property=\"og:image:type\" content=\"image\/jpeg\" \/>\n<meta name=\"twitter:card\" content=\"summary_large_image\" \/>\n<meta name=\"twitter:label1\" content=\"Gesch\u00e4tzte Lesezeit\" \/>\n\t<meta name=\"twitter:data1\" content=\"1\u00a0Minute\" \/>\n<script type=\"application\/ld+json\" class=\"yoast-schema-graph\">{\"@context\":\"https:\\\/\\\/schema.org\",\"@graph\":[{\"@type\":\"WebPage\",\"@id\":\"https:\\\/\\\/marktxxl.de\\\/markt\\\/produkt\\\/nachtpflege-mit-retinol-und-hyaluron-serum-anti-aging-feuchtigkeitspflege-fuer-maenner-und-frauen-100ml-gesicht-creme-von-colibri-cosmetics-naturkosmetik-gesichtscreme-made-in-germany\\\/\",\"url\":\"https:\\\/\\\/marktxxl.de\\\/markt\\\/produkt\\\/nachtpflege-mit-retinol-und-hyaluron-serum-anti-aging-feuchtigkeitspflege-fuer-maenner-und-frauen-100ml-gesicht-creme-von-colibri-cosmetics-naturkosmetik-gesichtscreme-made-in-germany\\\/\",\"name\":\"colibri skincare Nachtpflege mit Retinol und Hyaluron Serum - straffende Anti Aging Nachtcreme f\u00fcr Frauen und M\u00e4nner\u2026 - Markt-XXL\",\"isPartOf\":{\"@id\":\"https:\\\/\\\/marktxxl.de\\\/markt\\\/#website\"},\"primaryImageOfPage\":{\"@id\":\"https:\\\/\\\/marktxxl.de\\\/markt\\\/produkt\\\/nachtpflege-mit-retinol-und-hyaluron-serum-anti-aging-feuchtigkeitspflege-fuer-maenner-und-frauen-100ml-gesicht-creme-von-colibri-cosmetics-naturkosmetik-gesichtscreme-made-in-germany\\\/#primaryimage\"},\"image\":{\"@id\":\"https:\\\/\\\/marktxxl.de\\\/markt\\\/produkt\\\/nachtpflege-mit-retinol-und-hyaluron-serum-anti-aging-feuchtigkeitspflege-fuer-maenner-und-frauen-100ml-gesicht-creme-von-colibri-cosmetics-naturkosmetik-gesichtscreme-made-in-germany\\\/#primaryimage\"},\"thumbnailUrl\":\"https:\\\/\\\/m.media-amazon.com\\\/images\\\/I\\\/41YZyrPMr2L._SL500_.jpg\",\"datePublished\":\"2021-09-13T19:42:32+00:00\",\"dateModified\":\"2023-04-09T23:37:45+00:00\",\"description\":\"Markt-XXL colibri skincare Nachtpflege mit Retinol und Hyaluron Serum - straffende Anti Aging Nachtcreme f\u00fcr Frauen und M\u00e4nner\u2026\",\"breadcrumb\":{\"@id\":\"https:\\\/\\\/marktxxl.de\\\/markt\\\/produkt\\\/nachtpflege-mit-retinol-und-hyaluron-serum-anti-aging-feuchtigkeitspflege-fuer-maenner-und-frauen-100ml-gesicht-creme-von-colibri-cosmetics-naturkosmetik-gesichtscreme-made-in-germany\\\/#breadcrumb\"},\"inLanguage\":\"de\",\"potentialAction\":[{\"@type\":\"ReadAction\",\"target\":[\"https:\\\/\\\/marktxxl.de\\\/markt\\\/produkt\\\/nachtpflege-mit-retinol-und-hyaluron-serum-anti-aging-feuchtigkeitspflege-fuer-maenner-und-frauen-100ml-gesicht-creme-von-colibri-cosmetics-naturkosmetik-gesichtscreme-made-in-germany\\\/\"]}]},{\"@type\":\"ImageObject\",\"inLanguage\":\"de\",\"@id\":\"https:\\\/\\\/marktxxl.de\\\/markt\\\/produkt\\\/nachtpflege-mit-retinol-und-hyaluron-serum-anti-aging-feuchtigkeitspflege-fuer-maenner-und-frauen-100ml-gesicht-creme-von-colibri-cosmetics-naturkosmetik-gesichtscreme-made-in-germany\\\/#primaryimage\",\"url\":\"https:\\\/\\\/m.media-amazon.com\\\/images\\\/I\\\/41YZyrPMr2L._SL500_.jpg\",\"contentUrl\":\"https:\\\/\\\/m.media-amazon.com\\\/images\\\/I\\\/41YZyrPMr2L._SL500_.jpg\",\"width\":446,\"height\":500},{\"@type\":\"BreadcrumbList\",\"@id\":\"https:\\\/\\\/marktxxl.de\\\/markt\\\/produkt\\\/nachtpflege-mit-retinol-und-hyaluron-serum-anti-aging-feuchtigkeitspflege-fuer-maenner-und-frauen-100ml-gesicht-creme-von-colibri-cosmetics-naturkosmetik-gesichtscreme-made-in-germany\\\/#breadcrumb\",\"itemListElement\":[{\"@type\":\"ListItem\",\"position\":1,\"name\":\"Startseite\",\"item\":\"https:\\\/\\\/marktxxl.de\\\/markt\\\/\"},{\"@type\":\"ListItem\",\"position\":2,\"name\":\"Markt\",\"item\":\"https:\\\/\\\/marktxxl.de\\\/markt\\\/\"},{\"@type\":\"ListItem\",\"position\":3,\"name\":\"colibri skincare Nachtpflege mit Retinol und Hyaluron Serum &#8211; straffende Anti Aging Nachtcreme f\u00fcr Frauen und M\u00e4nner\u2026\"}]},{\"@type\":\"WebSite\",\"@id\":\"https:\\\/\\\/marktxxl.de\\\/markt\\\/#website\",\"url\":\"https:\\\/\\\/marktxxl.de\\\/markt\\\/\",\"name\":\"Markt-XXL\",\"description\":\"Ihr Markt Online\",\"publisher\":{\"@id\":\"https:\\\/\\\/marktxxl.de\\\/markt\\\/#organization\"},\"potentialAction\":[{\"@type\":\"SearchAction\",\"target\":{\"@type\":\"EntryPoint\",\"urlTemplate\":\"https:\\\/\\\/marktxxl.de\\\/markt\\\/?s={search_term_string}\"},\"query-input\":{\"@type\":\"PropertyValueSpecification\",\"valueRequired\":true,\"valueName\":\"search_term_string\"}}],\"inLanguage\":\"de\"},{\"@type\":\"Organization\",\"@id\":\"https:\\\/\\\/marktxxl.de\\\/markt\\\/#organization\",\"name\":\"Markt-XXL\",\"url\":\"https:\\\/\\\/marktxxl.de\\\/markt\\\/\",\"logo\":{\"@type\":\"ImageObject\",\"inLanguage\":\"de\",\"@id\":\"https:\\\/\\\/marktxxl.de\\\/markt\\\/#\\\/schema\\\/logo\\\/image\\\/\",\"url\":\"https:\\\/\\\/marktxxl.de\\\/markt\\\/wp-content\\\/uploads\\\/sites\\\/3\\\/2020\\\/12\\\/logo.png\",\"contentUrl\":\"https:\\\/\\\/marktxxl.de\\\/markt\\\/wp-content\\\/uploads\\\/sites\\\/3\\\/2020\\\/12\\\/logo.png\",\"width\":200,\"height\":70,\"caption\":\"Markt-XXL\"},\"image\":{\"@id\":\"https:\\\/\\\/marktxxl.de\\\/markt\\\/#\\\/schema\\\/logo\\\/image\\\/\"}}]}<\/script>\n<!-- \/ Yoast SEO plugin. -->","yoast_head_json":{"title":"colibri skincare Nachtpflege mit Retinol und Hyaluron Serum - straffende Anti Aging Nachtcreme f\u00fcr Frauen und M\u00e4nner\u2026 - Markt-XXL","description":"Markt-XXL colibri skincare Nachtpflege mit Retinol und Hyaluron Serum - straffende Anti Aging Nachtcreme f\u00fcr Frauen und M\u00e4nner\u2026","robots":{"index":"index","follow":"follow","max-snippet":"max-snippet:-1","max-image-preview":"max-image-preview:large","max-video-preview":"max-video-preview:-1"},"canonical":"https:\/\/marktxxl.de\/markt\/produkt\/nachtpflege-mit-retinol-und-hyaluron-serum-anti-aging-feuchtigkeitspflege-fuer-maenner-und-frauen-100ml-gesicht-creme-von-colibri-cosmetics-naturkosmetik-gesichtscreme-made-in-germany\/","og_locale":"de_DE","og_type":"article","og_title":"colibri skincare Nachtpflege mit Retinol und Hyaluron Serum - straffende Anti Aging Nachtcreme f\u00fcr Frauen und M\u00e4nner\u2026 - Markt-XXL","og_description":"Markt-XXL colibri skincare Nachtpflege mit Retinol und Hyaluron Serum - straffende Anti Aging Nachtcreme f\u00fcr Frauen und M\u00e4nner\u2026","og_url":"https:\/\/marktxxl.de\/markt\/produkt\/nachtpflege-mit-retinol-und-hyaluron-serum-anti-aging-feuchtigkeitspflege-fuer-maenner-und-frauen-100ml-gesicht-creme-von-colibri-cosmetics-naturkosmetik-gesichtscreme-made-in-germany\/","og_site_name":"Markt-XXL","article_modified_time":"2023-04-09T23:37:45+00:00","og_image":[{"width":446,"height":500,"url":"https:\/\/m.media-amazon.com\/images\/I\/41YZyrPMr2L._SL500_.jpg","type":"image\/jpeg"}],"twitter_card":"summary_large_image","twitter_misc":{"Gesch\u00e4tzte Lesezeit":"1\u00a0Minute"},"schema":{"@context":"https:\/\/schema.org","@graph":[{"@type":"WebPage","@id":"https:\/\/marktxxl.de\/markt\/produkt\/nachtpflege-mit-retinol-und-hyaluron-serum-anti-aging-feuchtigkeitspflege-fuer-maenner-und-frauen-100ml-gesicht-creme-von-colibri-cosmetics-naturkosmetik-gesichtscreme-made-in-germany\/","url":"https:\/\/marktxxl.de\/markt\/produkt\/nachtpflege-mit-retinol-und-hyaluron-serum-anti-aging-feuchtigkeitspflege-fuer-maenner-und-frauen-100ml-gesicht-creme-von-colibri-cosmetics-naturkosmetik-gesichtscreme-made-in-germany\/","name":"colibri skincare Nachtpflege mit Retinol und Hyaluron Serum - straffende Anti Aging Nachtcreme f\u00fcr Frauen und M\u00e4nner\u2026 - Markt-XXL","isPartOf":{"@id":"https:\/\/marktxxl.de\/markt\/#website"},"primaryImageOfPage":{"@id":"https:\/\/marktxxl.de\/markt\/produkt\/nachtpflege-mit-retinol-und-hyaluron-serum-anti-aging-feuchtigkeitspflege-fuer-maenner-und-frauen-100ml-gesicht-creme-von-colibri-cosmetics-naturkosmetik-gesichtscreme-made-in-germany\/#primaryimage"},"image":{"@id":"https:\/\/marktxxl.de\/markt\/produkt\/nachtpflege-mit-retinol-und-hyaluron-serum-anti-aging-feuchtigkeitspflege-fuer-maenner-und-frauen-100ml-gesicht-creme-von-colibri-cosmetics-naturkosmetik-gesichtscreme-made-in-germany\/#primaryimage"},"thumbnailUrl":"https:\/\/m.media-amazon.com\/images\/I\/41YZyrPMr2L._SL500_.jpg","datePublished":"2021-09-13T19:42:32+00:00","dateModified":"2023-04-09T23:37:45+00:00","description":"Markt-XXL colibri skincare Nachtpflege mit Retinol und Hyaluron Serum - straffende Anti Aging Nachtcreme f\u00fcr Frauen und M\u00e4nner\u2026","breadcrumb":{"@id":"https:\/\/marktxxl.de\/markt\/produkt\/nachtpflege-mit-retinol-und-hyaluron-serum-anti-aging-feuchtigkeitspflege-fuer-maenner-und-frauen-100ml-gesicht-creme-von-colibri-cosmetics-naturkosmetik-gesichtscreme-made-in-germany\/#breadcrumb"},"inLanguage":"de","potentialAction":[{"@type":"ReadAction","target":["https:\/\/marktxxl.de\/markt\/produkt\/nachtpflege-mit-retinol-und-hyaluron-serum-anti-aging-feuchtigkeitspflege-fuer-maenner-und-frauen-100ml-gesicht-creme-von-colibri-cosmetics-naturkosmetik-gesichtscreme-made-in-germany\/"]}]},{"@type":"ImageObject","inLanguage":"de","@id":"https:\/\/marktxxl.de\/markt\/produkt\/nachtpflege-mit-retinol-und-hyaluron-serum-anti-aging-feuchtigkeitspflege-fuer-maenner-und-frauen-100ml-gesicht-creme-von-colibri-cosmetics-naturkosmetik-gesichtscreme-made-in-germany\/#primaryimage","url":"https:\/\/m.media-amazon.com\/images\/I\/41YZyrPMr2L._SL500_.jpg","contentUrl":"https:\/\/m.media-amazon.com\/images\/I\/41YZyrPMr2L._SL500_.jpg","width":446,"height":500},{"@type":"BreadcrumbList","@id":"https:\/\/marktxxl.de\/markt\/produkt\/nachtpflege-mit-retinol-und-hyaluron-serum-anti-aging-feuchtigkeitspflege-fuer-maenner-und-frauen-100ml-gesicht-creme-von-colibri-cosmetics-naturkosmetik-gesichtscreme-made-in-germany\/#breadcrumb","itemListElement":[{"@type":"ListItem","position":1,"name":"Startseite","item":"https:\/\/marktxxl.de\/markt\/"},{"@type":"ListItem","position":2,"name":"Markt","item":"https:\/\/marktxxl.de\/markt\/"},{"@type":"ListItem","position":3,"name":"colibri skincare Nachtpflege mit Retinol und Hyaluron Serum &#8211; straffende Anti Aging Nachtcreme f\u00fcr Frauen und M\u00e4nner\u2026"}]},{"@type":"WebSite","@id":"https:\/\/marktxxl.de\/markt\/#website","url":"https:\/\/marktxxl.de\/markt\/","name":"Markt-XXL","description":"Ihr Markt Online","publisher":{"@id":"https:\/\/marktxxl.de\/markt\/#organization"},"potentialAction":[{"@type":"SearchAction","target":{"@type":"EntryPoint","urlTemplate":"https:\/\/marktxxl.de\/markt\/?s={search_term_string}"},"query-input":{"@type":"PropertyValueSpecification","valueRequired":true,"valueName":"search_term_string"}}],"inLanguage":"de"},{"@type":"Organization","@id":"https:\/\/marktxxl.de\/markt\/#organization","name":"Markt-XXL","url":"https:\/\/marktxxl.de\/markt\/","logo":{"@type":"ImageObject","inLanguage":"de","@id":"https:\/\/marktxxl.de\/markt\/#\/schema\/logo\/image\/","url":"https:\/\/marktxxl.de\/markt\/wp-content\/uploads\/sites\/3\/2020\/12\/logo.png","contentUrl":"https:\/\/marktxxl.de\/markt\/wp-content\/uploads\/sites\/3\/2020\/12\/logo.png","width":200,"height":70,"caption":"Markt-XXL"},"image":{"@id":"https:\/\/marktxxl.de\/markt\/#\/schema\/logo\/image\/"}}]}},"_links":{"self":[{"href":"https:\/\/marktxxl.de\/markt\/wp-json\/wp\/v2\/product\/37033","targetHints":{"allow":["GET"]}}],"collection":[{"href":"https:\/\/marktxxl.de\/markt\/wp-json\/wp\/v2\/product"}],"about":[{"href":"https:\/\/marktxxl.de\/markt\/wp-json\/wp\/v2\/types\/product"}],"replies":[{"embeddable":true,"href":"https:\/\/marktxxl.de\/markt\/wp-json\/wp\/v2\/comments?post=37033"}],"wp:featuredmedia":[{"embeddable":true,"href":"https:\/\/marktxxl.de\/markt\/wp-json\/wp\/v2\/media\/37034"}],"wp:attachment":[{"href":"https:\/\/marktxxl.de\/markt\/wp-json\/wp\/v2\/media?parent=37033"}],"wp:term":[{"taxonomy":"product_brand","embeddable":true,"href":"https:\/\/marktxxl.de\/markt\/wp-json\/wp\/v2\/product_brand?post=37033"},{"taxonomy":"product_cat","embeddable":true,"href":"https:\/\/marktxxl.de\/markt\/wp-json\/wp\/v2\/product_cat?post=37033"},{"taxonomy":"product_tag","embeddable":true,"href":"https:\/\/marktxxl.de\/markt\/wp-json\/wp\/v2\/product_tag?post=37033"}],"curies":[{"name":"wp","href":"https:\/\/api.w.org\/{rel}","templated":true}]}}