{"id":37026,"date":"2021-09-13T21:39:46","date_gmt":"2021-09-13T19:39:46","guid":{"rendered":"https:\/\/marktxxl.de\/markt\/produkt\/gruener-tee-maske-stick-tiefe-reinigung-schmieren-ton-gesichtsmasken-entfernen-blackhead-gesichtsmaske-balancing-oel-und-wasser-feuchtigkeitsbefeuchtende-naehrende-haut-geeignet-fuer-alle-haut\/"},"modified":"2023-04-10T01:37:45","modified_gmt":"2023-04-09T23:37:45","slug":"gruener-tee-maske-stick-tiefe-reinigung-schmieren-ton-gesichtsmasken-entfernen-blackhead-gesichtsmaske-balancing-oel-und-wasser-feuchtigkeitsbefeuchtende-naehrende-haut-geeignet-fuer-alle-haut","status":"publish","type":"product","link":"https:\/\/marktxxl.de\/markt\/produkt\/gruener-tee-maske-stick-tiefe-reinigung-schmieren-ton-gesichtsmasken-entfernen-blackhead-gesichtsmaske-balancing-oel-und-wasser-feuchtigkeitsbefeuchtende-naehrende-haut-geeignet-fuer-alle-haut\/","title":{"rendered":"Gr\u00fcner Tee Maske Stick, Tiefe Reinigung Schmieren Ton Gesichtsmasken, Entfernen Blackhead Gesichtsmaske Balancing \u00d6l und\u2026"},"content":{"rendered":"<p>Nat\u00fcrliche Inhaltsstoffe Gr\u00fcner Tee feste Reinigungsmaske enth\u00e4lt Gr\u00fcntee-Extrakt, die effektiv reinigt die Poren der Haut kann, tief saubere Haut Schmutz, justiert Haut Wasser und \u00d6l Gleichgewicht, replenish Haut Feuchtigkeit und n\u00e4hren die Haut.<br \/>\nDie Maske wurde entwickelt, um Ihre Haut gr\u00fcndlich zu reinigen, Ihre Poren zu reinigen und die Mitesser zu entfernen. Gleichzeitig wird die Haut sofort poliert, um einen durchscheinenden Teint zu erhalten<br \/>\nEffective Green Solid Acne Relief contains green tea plant extract which can effectively relieve facial acne growth and reduce acne formation<br \/>\nDiese Maske absorbiert \u00fcbersch\u00fcssiges \u00d6l, tiefereinigungs\u00f6l und entfernt tote Coenozyten und Verunreinigungen tief in den Poren durch die Wurzel, entfernt Akne Gesichtsmaske. Verbessert den Hautteinteint, entstopft Poren, entfernt Schmutz und abgestorbenes Gewebe.<br \/>\nInstructions: Just wash your face, apply mud to your face or body, leave it on for about 10 minutes and then wash off.<br \/>\n<div class=\"main-cross-sell\" data-asin=\"B08XLZ2399\">\n\n\t<div class=\"WooZone-cross-sell-loader\">\n\t\t<div>\n\t\t\t<div id=\"floatingBarsG\">\n\t\t\t\t<div class=\"blockG\" id=\"rotateG_01\"><\/div>\n\t\t\t\t<div class=\"blockG\" id=\"rotateG_02\"><\/div>\n\t\t\t\t<div class=\"blockG\" id=\"rotateG_03\"><\/div>\n\t\t\t\t<div class=\"blockG\" id=\"rotateG_04\"><\/div>\n\t\t\t\t<div class=\"blockG\" id=\"rotateG_05\"><\/div>\n\t\t\t\t<div class=\"blockG\" id=\"rotateG_06\"><\/div>\n\t\t\t\t<div class=\"blockG\" id=\"rotateG_07\"><\/div>\n\t\t\t\t<div class=\"blockG\" id=\"rotateG_08\"><\/div>\n\t\t\t<\/div>\n\t\t\t<div class=\"WooZone-cross-sell-loader-text\"><\/div>\n\t\t<\/div>\n\t<\/div>\n\n\t\t\n<\/div>\n<div style=\"clear:both;\"><\/div><\/p>\n","protected":false},"excerpt":{"rendered":"<p>Nat\u00fcrliche Inhaltsstoffe Gr\u00fcner Tee feste Reinigungsmaske enth\u00e4lt Gr\u00fcntee-Extrakt, die effektiv reinigt die Poren der Haut kann, tief saubere Haut Schmutz, justiert Haut Wasser und \u00d6l Gleichgewicht, replenish Haut Feuchtigkeit und n\u00e4hren die Haut.<br \/>\nDie Maske wurde entwickelt, um Ihre Haut gr\u00fcndlich zu reinigen, Ihre Poren zu reinigen und die Mitesser zu entfernen. Gleichzeitig wird die Haut sofort poliert, um einen durchscheinenden Teint zu erhalten<br \/>\nEffective Green Solid Acne Relief contains green tea plant extract which can effectively relieve facial acne growth and reduce acne formation<\/p>\n","protected":false},"featured_media":37027,"comment_status":"open","ping_status":"closed","template":"","meta":[],"product_brand":[],"product_cat":[2858,7067],"product_tag":[],"class_list":{"0":"post-37026","1":"product","2":"type-product","3":"status-publish","4":"has-post-thumbnail","6":"product_cat-beauty","7":"product_cat-hautpflege","8":"pa_brand-d-fairy","9":"pa_manufacturer-d-fairy","10":"pa_size-1-stueck-1er-pack","12":"first","13":"instock","14":"shipping-taxable","15":"purchasable","16":"product-type-simple","17":"customify-col","18":"product-has-gallery"},"yoast_head":"<!-- This site is optimized with the Yoast SEO plugin v27.4 - https:\/\/yoast.com\/product\/yoast-seo-wordpress\/ -->\n<title>Gr\u00fcner Tee Maske Stick, Tiefe Reinigung Schmieren Ton Gesichtsmasken, Entfernen Blackhead Gesichtsmaske Balancing \u00d6l und\u2026 - Markt-XXL<\/title>\n<meta name=\"description\" content=\"Markt-XXL Gr\u00fcner Tee Maske Stick, Tiefe Reinigung Schmieren Ton Gesichtsmasken, Entfernen Blackhead Gesichtsmaske Balancing \u00d6l und\u2026\" \/>\n<meta name=\"robots\" content=\"index, follow, max-snippet:-1, max-image-preview:large, max-video-preview:-1\" \/>\n<link rel=\"canonical\" href=\"https:\/\/marktxxl.de\/markt\/produkt\/gruener-tee-maske-stick-tiefe-reinigung-schmieren-ton-gesichtsmasken-entfernen-blackhead-gesichtsmaske-balancing-oel-und-wasser-feuchtigkeitsbefeuchtende-naehrende-haut-geeignet-fuer-alle-haut\/\" \/>\n<meta property=\"og:locale\" content=\"de_DE\" \/>\n<meta property=\"og:type\" content=\"article\" \/>\n<meta property=\"og:title\" content=\"Gr\u00fcner Tee Maske Stick, Tiefe Reinigung Schmieren Ton Gesichtsmasken, Entfernen Blackhead Gesichtsmaske Balancing \u00d6l und\u2026 - Markt-XXL\" \/>\n<meta property=\"og:description\" content=\"Markt-XXL Gr\u00fcner Tee Maske Stick, Tiefe Reinigung Schmieren Ton Gesichtsmasken, Entfernen Blackhead Gesichtsmaske Balancing \u00d6l und\u2026\" \/>\n<meta property=\"og:url\" content=\"https:\/\/marktxxl.de\/markt\/produkt\/gruener-tee-maske-stick-tiefe-reinigung-schmieren-ton-gesichtsmasken-entfernen-blackhead-gesichtsmaske-balancing-oel-und-wasser-feuchtigkeitsbefeuchtende-naehrende-haut-geeignet-fuer-alle-haut\/\" \/>\n<meta property=\"og:site_name\" content=\"Markt-XXL\" \/>\n<meta property=\"article:modified_time\" content=\"2023-04-09T23:37:45+00:00\" \/>\n<meta property=\"og:image\" content=\"https:\/\/m.media-amazon.com\/images\/I\/31kTAUQJB6L._SL500_.jpg\" \/>\n\t<meta property=\"og:image:width\" content=\"500\" \/>\n\t<meta property=\"og:image:height\" content=\"500\" \/>\n\t<meta property=\"og:image:type\" content=\"image\/jpeg\" \/>\n<meta name=\"twitter:card\" content=\"summary_large_image\" \/>\n<meta name=\"twitter:label1\" content=\"Gesch\u00e4tzte Lesezeit\" \/>\n\t<meta name=\"twitter:data1\" content=\"1\u00a0Minute\" \/>\n<script type=\"application\/ld+json\" class=\"yoast-schema-graph\">{\"@context\":\"https:\\\/\\\/schema.org\",\"@graph\":[{\"@type\":\"WebPage\",\"@id\":\"https:\\\/\\\/marktxxl.de\\\/markt\\\/produkt\\\/gruener-tee-maske-stick-tiefe-reinigung-schmieren-ton-gesichtsmasken-entfernen-blackhead-gesichtsmaske-balancing-oel-und-wasser-feuchtigkeitsbefeuchtende-naehrende-haut-geeignet-fuer-alle-haut\\\/\",\"url\":\"https:\\\/\\\/marktxxl.de\\\/markt\\\/produkt\\\/gruener-tee-maske-stick-tiefe-reinigung-schmieren-ton-gesichtsmasken-entfernen-blackhead-gesichtsmaske-balancing-oel-und-wasser-feuchtigkeitsbefeuchtende-naehrende-haut-geeignet-fuer-alle-haut\\\/\",\"name\":\"Gr\u00fcner Tee Maske Stick, Tiefe Reinigung Schmieren Ton Gesichtsmasken, Entfernen Blackhead Gesichtsmaske Balancing \u00d6l und\u2026 - Markt-XXL\",\"isPartOf\":{\"@id\":\"https:\\\/\\\/marktxxl.de\\\/markt\\\/#website\"},\"primaryImageOfPage\":{\"@id\":\"https:\\\/\\\/marktxxl.de\\\/markt\\\/produkt\\\/gruener-tee-maske-stick-tiefe-reinigung-schmieren-ton-gesichtsmasken-entfernen-blackhead-gesichtsmaske-balancing-oel-und-wasser-feuchtigkeitsbefeuchtende-naehrende-haut-geeignet-fuer-alle-haut\\\/#primaryimage\"},\"image\":{\"@id\":\"https:\\\/\\\/marktxxl.de\\\/markt\\\/produkt\\\/gruener-tee-maske-stick-tiefe-reinigung-schmieren-ton-gesichtsmasken-entfernen-blackhead-gesichtsmaske-balancing-oel-und-wasser-feuchtigkeitsbefeuchtende-naehrende-haut-geeignet-fuer-alle-haut\\\/#primaryimage\"},\"thumbnailUrl\":\"https:\\\/\\\/m.media-amazon.com\\\/images\\\/I\\\/31kTAUQJB6L._SL500_.jpg\",\"datePublished\":\"2021-09-13T19:39:46+00:00\",\"dateModified\":\"2023-04-09T23:37:45+00:00\",\"description\":\"Markt-XXL Gr\u00fcner Tee Maske Stick, Tiefe Reinigung Schmieren Ton Gesichtsmasken, Entfernen Blackhead Gesichtsmaske Balancing \u00d6l und\u2026\",\"breadcrumb\":{\"@id\":\"https:\\\/\\\/marktxxl.de\\\/markt\\\/produkt\\\/gruener-tee-maske-stick-tiefe-reinigung-schmieren-ton-gesichtsmasken-entfernen-blackhead-gesichtsmaske-balancing-oel-und-wasser-feuchtigkeitsbefeuchtende-naehrende-haut-geeignet-fuer-alle-haut\\\/#breadcrumb\"},\"inLanguage\":\"de\",\"potentialAction\":[{\"@type\":\"ReadAction\",\"target\":[\"https:\\\/\\\/marktxxl.de\\\/markt\\\/produkt\\\/gruener-tee-maske-stick-tiefe-reinigung-schmieren-ton-gesichtsmasken-entfernen-blackhead-gesichtsmaske-balancing-oel-und-wasser-feuchtigkeitsbefeuchtende-naehrende-haut-geeignet-fuer-alle-haut\\\/\"]}]},{\"@type\":\"ImageObject\",\"inLanguage\":\"de\",\"@id\":\"https:\\\/\\\/marktxxl.de\\\/markt\\\/produkt\\\/gruener-tee-maske-stick-tiefe-reinigung-schmieren-ton-gesichtsmasken-entfernen-blackhead-gesichtsmaske-balancing-oel-und-wasser-feuchtigkeitsbefeuchtende-naehrende-haut-geeignet-fuer-alle-haut\\\/#primaryimage\",\"url\":\"https:\\\/\\\/m.media-amazon.com\\\/images\\\/I\\\/31kTAUQJB6L._SL500_.jpg\",\"contentUrl\":\"https:\\\/\\\/m.media-amazon.com\\\/images\\\/I\\\/31kTAUQJB6L._SL500_.jpg\",\"width\":500,\"height\":500},{\"@type\":\"BreadcrumbList\",\"@id\":\"https:\\\/\\\/marktxxl.de\\\/markt\\\/produkt\\\/gruener-tee-maske-stick-tiefe-reinigung-schmieren-ton-gesichtsmasken-entfernen-blackhead-gesichtsmaske-balancing-oel-und-wasser-feuchtigkeitsbefeuchtende-naehrende-haut-geeignet-fuer-alle-haut\\\/#breadcrumb\",\"itemListElement\":[{\"@type\":\"ListItem\",\"position\":1,\"name\":\"Startseite\",\"item\":\"https:\\\/\\\/marktxxl.de\\\/markt\\\/\"},{\"@type\":\"ListItem\",\"position\":2,\"name\":\"Markt\",\"item\":\"https:\\\/\\\/marktxxl.de\\\/markt\\\/\"},{\"@type\":\"ListItem\",\"position\":3,\"name\":\"Gr\u00fcner Tee Maske Stick, Tiefe Reinigung Schmieren Ton Gesichtsmasken, Entfernen Blackhead Gesichtsmaske Balancing \u00d6l und\u2026\"}]},{\"@type\":\"WebSite\",\"@id\":\"https:\\\/\\\/marktxxl.de\\\/markt\\\/#website\",\"url\":\"https:\\\/\\\/marktxxl.de\\\/markt\\\/\",\"name\":\"Markt-XXL\",\"description\":\"Ihr Markt Online\",\"publisher\":{\"@id\":\"https:\\\/\\\/marktxxl.de\\\/markt\\\/#organization\"},\"potentialAction\":[{\"@type\":\"SearchAction\",\"target\":{\"@type\":\"EntryPoint\",\"urlTemplate\":\"https:\\\/\\\/marktxxl.de\\\/markt\\\/?s={search_term_string}\"},\"query-input\":{\"@type\":\"PropertyValueSpecification\",\"valueRequired\":true,\"valueName\":\"search_term_string\"}}],\"inLanguage\":\"de\"},{\"@type\":\"Organization\",\"@id\":\"https:\\\/\\\/marktxxl.de\\\/markt\\\/#organization\",\"name\":\"Markt-XXL\",\"url\":\"https:\\\/\\\/marktxxl.de\\\/markt\\\/\",\"logo\":{\"@type\":\"ImageObject\",\"inLanguage\":\"de\",\"@id\":\"https:\\\/\\\/marktxxl.de\\\/markt\\\/#\\\/schema\\\/logo\\\/image\\\/\",\"url\":\"https:\\\/\\\/marktxxl.de\\\/markt\\\/wp-content\\\/uploads\\\/sites\\\/3\\\/2020\\\/12\\\/logo.png\",\"contentUrl\":\"https:\\\/\\\/marktxxl.de\\\/markt\\\/wp-content\\\/uploads\\\/sites\\\/3\\\/2020\\\/12\\\/logo.png\",\"width\":200,\"height\":70,\"caption\":\"Markt-XXL\"},\"image\":{\"@id\":\"https:\\\/\\\/marktxxl.de\\\/markt\\\/#\\\/schema\\\/logo\\\/image\\\/\"}}]}<\/script>\n<!-- \/ Yoast SEO plugin. -->","yoast_head_json":{"title":"Gr\u00fcner Tee Maske Stick, Tiefe Reinigung Schmieren Ton Gesichtsmasken, Entfernen Blackhead Gesichtsmaske Balancing \u00d6l und\u2026 - Markt-XXL","description":"Markt-XXL Gr\u00fcner Tee Maske Stick, Tiefe Reinigung Schmieren Ton Gesichtsmasken, Entfernen Blackhead Gesichtsmaske Balancing \u00d6l und\u2026","robots":{"index":"index","follow":"follow","max-snippet":"max-snippet:-1","max-image-preview":"max-image-preview:large","max-video-preview":"max-video-preview:-1"},"canonical":"https:\/\/marktxxl.de\/markt\/produkt\/gruener-tee-maske-stick-tiefe-reinigung-schmieren-ton-gesichtsmasken-entfernen-blackhead-gesichtsmaske-balancing-oel-und-wasser-feuchtigkeitsbefeuchtende-naehrende-haut-geeignet-fuer-alle-haut\/","og_locale":"de_DE","og_type":"article","og_title":"Gr\u00fcner Tee Maske Stick, Tiefe Reinigung Schmieren Ton Gesichtsmasken, Entfernen Blackhead Gesichtsmaske Balancing \u00d6l und\u2026 - Markt-XXL","og_description":"Markt-XXL Gr\u00fcner Tee Maske Stick, Tiefe Reinigung Schmieren Ton Gesichtsmasken, Entfernen Blackhead Gesichtsmaske Balancing \u00d6l und\u2026","og_url":"https:\/\/marktxxl.de\/markt\/produkt\/gruener-tee-maske-stick-tiefe-reinigung-schmieren-ton-gesichtsmasken-entfernen-blackhead-gesichtsmaske-balancing-oel-und-wasser-feuchtigkeitsbefeuchtende-naehrende-haut-geeignet-fuer-alle-haut\/","og_site_name":"Markt-XXL","article_modified_time":"2023-04-09T23:37:45+00:00","og_image":[{"width":500,"height":500,"url":"https:\/\/m.media-amazon.com\/images\/I\/31kTAUQJB6L._SL500_.jpg","type":"image\/jpeg"}],"twitter_card":"summary_large_image","twitter_misc":{"Gesch\u00e4tzte Lesezeit":"1\u00a0Minute"},"schema":{"@context":"https:\/\/schema.org","@graph":[{"@type":"WebPage","@id":"https:\/\/marktxxl.de\/markt\/produkt\/gruener-tee-maske-stick-tiefe-reinigung-schmieren-ton-gesichtsmasken-entfernen-blackhead-gesichtsmaske-balancing-oel-und-wasser-feuchtigkeitsbefeuchtende-naehrende-haut-geeignet-fuer-alle-haut\/","url":"https:\/\/marktxxl.de\/markt\/produkt\/gruener-tee-maske-stick-tiefe-reinigung-schmieren-ton-gesichtsmasken-entfernen-blackhead-gesichtsmaske-balancing-oel-und-wasser-feuchtigkeitsbefeuchtende-naehrende-haut-geeignet-fuer-alle-haut\/","name":"Gr\u00fcner Tee Maske Stick, Tiefe Reinigung Schmieren Ton Gesichtsmasken, Entfernen Blackhead Gesichtsmaske Balancing \u00d6l und\u2026 - Markt-XXL","isPartOf":{"@id":"https:\/\/marktxxl.de\/markt\/#website"},"primaryImageOfPage":{"@id":"https:\/\/marktxxl.de\/markt\/produkt\/gruener-tee-maske-stick-tiefe-reinigung-schmieren-ton-gesichtsmasken-entfernen-blackhead-gesichtsmaske-balancing-oel-und-wasser-feuchtigkeitsbefeuchtende-naehrende-haut-geeignet-fuer-alle-haut\/#primaryimage"},"image":{"@id":"https:\/\/marktxxl.de\/markt\/produkt\/gruener-tee-maske-stick-tiefe-reinigung-schmieren-ton-gesichtsmasken-entfernen-blackhead-gesichtsmaske-balancing-oel-und-wasser-feuchtigkeitsbefeuchtende-naehrende-haut-geeignet-fuer-alle-haut\/#primaryimage"},"thumbnailUrl":"https:\/\/m.media-amazon.com\/images\/I\/31kTAUQJB6L._SL500_.jpg","datePublished":"2021-09-13T19:39:46+00:00","dateModified":"2023-04-09T23:37:45+00:00","description":"Markt-XXL Gr\u00fcner Tee Maske Stick, Tiefe Reinigung Schmieren Ton Gesichtsmasken, Entfernen Blackhead Gesichtsmaske Balancing \u00d6l und\u2026","breadcrumb":{"@id":"https:\/\/marktxxl.de\/markt\/produkt\/gruener-tee-maske-stick-tiefe-reinigung-schmieren-ton-gesichtsmasken-entfernen-blackhead-gesichtsmaske-balancing-oel-und-wasser-feuchtigkeitsbefeuchtende-naehrende-haut-geeignet-fuer-alle-haut\/#breadcrumb"},"inLanguage":"de","potentialAction":[{"@type":"ReadAction","target":["https:\/\/marktxxl.de\/markt\/produkt\/gruener-tee-maske-stick-tiefe-reinigung-schmieren-ton-gesichtsmasken-entfernen-blackhead-gesichtsmaske-balancing-oel-und-wasser-feuchtigkeitsbefeuchtende-naehrende-haut-geeignet-fuer-alle-haut\/"]}]},{"@type":"ImageObject","inLanguage":"de","@id":"https:\/\/marktxxl.de\/markt\/produkt\/gruener-tee-maske-stick-tiefe-reinigung-schmieren-ton-gesichtsmasken-entfernen-blackhead-gesichtsmaske-balancing-oel-und-wasser-feuchtigkeitsbefeuchtende-naehrende-haut-geeignet-fuer-alle-haut\/#primaryimage","url":"https:\/\/m.media-amazon.com\/images\/I\/31kTAUQJB6L._SL500_.jpg","contentUrl":"https:\/\/m.media-amazon.com\/images\/I\/31kTAUQJB6L._SL500_.jpg","width":500,"height":500},{"@type":"BreadcrumbList","@id":"https:\/\/marktxxl.de\/markt\/produkt\/gruener-tee-maske-stick-tiefe-reinigung-schmieren-ton-gesichtsmasken-entfernen-blackhead-gesichtsmaske-balancing-oel-und-wasser-feuchtigkeitsbefeuchtende-naehrende-haut-geeignet-fuer-alle-haut\/#breadcrumb","itemListElement":[{"@type":"ListItem","position":1,"name":"Startseite","item":"https:\/\/marktxxl.de\/markt\/"},{"@type":"ListItem","position":2,"name":"Markt","item":"https:\/\/marktxxl.de\/markt\/"},{"@type":"ListItem","position":3,"name":"Gr\u00fcner Tee Maske Stick, Tiefe Reinigung Schmieren Ton Gesichtsmasken, Entfernen Blackhead Gesichtsmaske Balancing \u00d6l und\u2026"}]},{"@type":"WebSite","@id":"https:\/\/marktxxl.de\/markt\/#website","url":"https:\/\/marktxxl.de\/markt\/","name":"Markt-XXL","description":"Ihr Markt Online","publisher":{"@id":"https:\/\/marktxxl.de\/markt\/#organization"},"potentialAction":[{"@type":"SearchAction","target":{"@type":"EntryPoint","urlTemplate":"https:\/\/marktxxl.de\/markt\/?s={search_term_string}"},"query-input":{"@type":"PropertyValueSpecification","valueRequired":true,"valueName":"search_term_string"}}],"inLanguage":"de"},{"@type":"Organization","@id":"https:\/\/marktxxl.de\/markt\/#organization","name":"Markt-XXL","url":"https:\/\/marktxxl.de\/markt\/","logo":{"@type":"ImageObject","inLanguage":"de","@id":"https:\/\/marktxxl.de\/markt\/#\/schema\/logo\/image\/","url":"https:\/\/marktxxl.de\/markt\/wp-content\/uploads\/sites\/3\/2020\/12\/logo.png","contentUrl":"https:\/\/marktxxl.de\/markt\/wp-content\/uploads\/sites\/3\/2020\/12\/logo.png","width":200,"height":70,"caption":"Markt-XXL"},"image":{"@id":"https:\/\/marktxxl.de\/markt\/#\/schema\/logo\/image\/"}}]}},"_links":{"self":[{"href":"https:\/\/marktxxl.de\/markt\/wp-json\/wp\/v2\/product\/37026","targetHints":{"allow":["GET"]}}],"collection":[{"href":"https:\/\/marktxxl.de\/markt\/wp-json\/wp\/v2\/product"}],"about":[{"href":"https:\/\/marktxxl.de\/markt\/wp-json\/wp\/v2\/types\/product"}],"replies":[{"embeddable":true,"href":"https:\/\/marktxxl.de\/markt\/wp-json\/wp\/v2\/comments?post=37026"}],"wp:featuredmedia":[{"embeddable":true,"href":"https:\/\/marktxxl.de\/markt\/wp-json\/wp\/v2\/media\/37027"}],"wp:attachment":[{"href":"https:\/\/marktxxl.de\/markt\/wp-json\/wp\/v2\/media?parent=37026"}],"wp:term":[{"taxonomy":"product_brand","embeddable":true,"href":"https:\/\/marktxxl.de\/markt\/wp-json\/wp\/v2\/product_brand?post=37026"},{"taxonomy":"product_cat","embeddable":true,"href":"https:\/\/marktxxl.de\/markt\/wp-json\/wp\/v2\/product_cat?post=37026"},{"taxonomy":"product_tag","embeddable":true,"href":"https:\/\/marktxxl.de\/markt\/wp-json\/wp\/v2\/product_tag?post=37026"}],"curies":[{"name":"wp","href":"https:\/\/api.w.org\/{rel}","templated":true}]}}