{"id":36826,"date":"2021-09-13T21:34:34","date_gmt":"2021-09-13T19:34:34","guid":{"rendered":"https:\/\/marktxxl.de\/markt\/produkt\/weleda-weleda-arnika-massage-oel\/"},"modified":"2023-04-08T01:20:19","modified_gmt":"2023-04-07T23:20:19","slug":"weleda-weleda-arnika-massage-oel","status":"publish","type":"product","link":"https:\/\/marktxxl.de\/markt\/produkt\/weleda-weleda-arnika-massage-oel\/","title":{"rendered":"WELEDA Weleda Arnika Massage-\u00d6l"},"content":{"rendered":"<p>F\u00f6rdert die Durchblutung: Eine w\u00e4rmende Massage vor und nach dem Sport mit Weleda Arnika-Massage-\u00d6l f\u00f6rdert die Durchblutung, lockert die Muskulatur und sch\u00fctzt so vor unangenehmen Muskelkater<br \/>\nH\u00e4lt die Haut elastisch: Die Komposition mit Ausz\u00fcgen aus Arnikabl\u00fcten und Birkenbl\u00e4ttern, sowie Sonnenblumen- und Oliven\u00f6l kr\u00e4ftigt die Hautfunktionen und h\u00e4lt die Haut elastisch<br \/>\nAngenehmer Duft: Angenehm aktivierend ist der nat\u00fcrliche Lavendel- und Rosmarinduft. Masseure und Sportler sch\u00e4tzen das Arnika-Massage\u00f6l<br \/>\nH\u00f6chste WELEDA Qualit\u00e4t: Die Heilpflanze Arnika wirkt bei Prellungen und Verstauchungen und wird in den H\u00f6henlagen der rum\u00e4nischen Karpaten schonend gesammelt. Das Weleda Projekt gew\u00e4hrleistet, dass nicht zu viel geerntet und auf D\u00fcnger verzichtet wird<br \/>\nLieferumfang: 1 x WELEDA Arnika Massage\u00f6l 50 ml f\u00fcr M\u00e4nner und Frauen<br \/>\n<div class=\"main-cross-sell\" data-asin=\"B08CTDPL4Q\">\n\n\t<div class=\"WooZone-cross-sell-loader\">\n\t\t<div>\n\t\t\t<div id=\"floatingBarsG\">\n\t\t\t\t<div class=\"blockG\" id=\"rotateG_01\"><\/div>\n\t\t\t\t<div class=\"blockG\" id=\"rotateG_02\"><\/div>\n\t\t\t\t<div class=\"blockG\" id=\"rotateG_03\"><\/div>\n\t\t\t\t<div class=\"blockG\" id=\"rotateG_04\"><\/div>\n\t\t\t\t<div class=\"blockG\" id=\"rotateG_05\"><\/div>\n\t\t\t\t<div class=\"blockG\" id=\"rotateG_06\"><\/div>\n\t\t\t\t<div class=\"blockG\" id=\"rotateG_07\"><\/div>\n\t\t\t\t<div class=\"blockG\" id=\"rotateG_08\"><\/div>\n\t\t\t<\/div>\n\t\t\t<div class=\"WooZone-cross-sell-loader-text\"><\/div>\n\t\t<\/div>\n\t<\/div>\n\n\t\t\n<\/div>\n<div style=\"clear:both;\"><\/div><\/p>\n","protected":false},"excerpt":{"rendered":"<p>F\u00f6rdert die Durchblutung: Eine w\u00e4rmende Massage vor und nach dem Sport mit Weleda Arnika-Massage-\u00d6l f\u00f6rdert die Durchblutung, lockert die Muskulatur und sch\u00fctzt so vor unangenehmen Muskelkater<br \/>\nH\u00e4lt die Haut elastisch: Die Komposition mit Ausz\u00fcgen aus Arnikabl\u00fcten und Birkenbl\u00e4ttern, sowie Sonnenblumen- und Oliven\u00f6l kr\u00e4ftigt die Hautfunktionen und h\u00e4lt die Haut elastisch<br \/>\nAngenehmer Duft: Angenehm aktivierend ist der nat\u00fcrliche Lavendel- und Rosmarinduft. Masseure und Sportler sch\u00e4tzen das Arnika-Massage\u00f6l<\/p>\n","protected":false},"featured_media":36830,"comment_status":"open","ping_status":"closed","template":"","meta":[],"product_brand":[],"product_cat":[6565,2858],"product_tag":[],"class_list":{"0":"post-36826","1":"product","2":"type-product","3":"status-publish","4":"has-post-thumbnail","6":"product_cat-baden-koerperpflege-beauty","7":"product_cat-beauty","8":"pa_binding-badartikel","9":"pa_brand-weleda","10":"pa_groesse-100-ml","11":"pa_groesse-200-ml-1er-pack","12":"pa_groesse-50-ml-1er-pack","13":"pa_manufacturer-weleda-ag","15":"first","16":"instock","17":"shipping-taxable","18":"purchasable","19":"product-type-variable","20":"customify-col","21":"product-has-gallery"},"yoast_head":"<!-- This site is optimized with the Yoast SEO plugin v27.3 - https:\/\/yoast.com\/product\/yoast-seo-wordpress\/ -->\n<title>WELEDA Weleda Arnika Massage-\u00d6l - Markt-XXL<\/title>\n<meta name=\"description\" content=\"Markt-XXL WELEDA Weleda Arnika Massage-\u00d6l\" \/>\n<meta name=\"robots\" content=\"index, follow, max-snippet:-1, max-image-preview:large, max-video-preview:-1\" \/>\n<link rel=\"canonical\" href=\"https:\/\/marktxxl.de\/markt\/produkt\/weleda-weleda-arnika-massage-oel\/\" \/>\n<meta property=\"og:locale\" content=\"de_DE\" \/>\n<meta property=\"og:type\" content=\"article\" \/>\n<meta property=\"og:title\" content=\"WELEDA Weleda Arnika Massage-\u00d6l - Markt-XXL\" \/>\n<meta property=\"og:description\" content=\"Markt-XXL WELEDA Weleda Arnika Massage-\u00d6l\" \/>\n<meta property=\"og:url\" content=\"https:\/\/marktxxl.de\/markt\/produkt\/weleda-weleda-arnika-massage-oel\/\" \/>\n<meta property=\"og:site_name\" content=\"Markt-XXL\" \/>\n<meta property=\"article:modified_time\" content=\"2023-04-07T23:20:19+00:00\" \/>\n<meta property=\"og:image\" content=\"https:\/\/m.media-amazon.com\/images\/I\/41RIjnMaQqL._SL500_.jpg\" \/>\n\t<meta property=\"og:image:width\" content=\"216\" \/>\n\t<meta property=\"og:image:height\" content=\"500\" \/>\n\t<meta property=\"og:image:type\" content=\"image\/jpeg\" \/>\n<meta name=\"twitter:card\" content=\"summary_large_image\" \/>\n<meta name=\"twitter:label1\" content=\"Gesch\u00e4tzte Lesezeit\" \/>\n\t<meta name=\"twitter:data1\" content=\"1\u00a0Minute\" \/>\n<script type=\"application\/ld+json\" class=\"yoast-schema-graph\">{\"@context\":\"https:\\\/\\\/schema.org\",\"@graph\":[{\"@type\":\"WebPage\",\"@id\":\"https:\\\/\\\/marktxxl.de\\\/markt\\\/produkt\\\/weleda-weleda-arnika-massage-oel\\\/\",\"url\":\"https:\\\/\\\/marktxxl.de\\\/markt\\\/produkt\\\/weleda-weleda-arnika-massage-oel\\\/\",\"name\":\"WELEDA Weleda Arnika Massage-\u00d6l - Markt-XXL\",\"isPartOf\":{\"@id\":\"https:\\\/\\\/marktxxl.de\\\/markt\\\/#website\"},\"primaryImageOfPage\":{\"@id\":\"https:\\\/\\\/marktxxl.de\\\/markt\\\/produkt\\\/weleda-weleda-arnika-massage-oel\\\/#primaryimage\"},\"image\":{\"@id\":\"https:\\\/\\\/marktxxl.de\\\/markt\\\/produkt\\\/weleda-weleda-arnika-massage-oel\\\/#primaryimage\"},\"thumbnailUrl\":\"https:\\\/\\\/m.media-amazon.com\\\/images\\\/I\\\/41RIjnMaQqL._SL500_.jpg\",\"datePublished\":\"2021-09-13T19:34:34+00:00\",\"dateModified\":\"2023-04-07T23:20:19+00:00\",\"description\":\"Markt-XXL WELEDA Weleda Arnika Massage-\u00d6l\",\"breadcrumb\":{\"@id\":\"https:\\\/\\\/marktxxl.de\\\/markt\\\/produkt\\\/weleda-weleda-arnika-massage-oel\\\/#breadcrumb\"},\"inLanguage\":\"de\",\"potentialAction\":[{\"@type\":\"ReadAction\",\"target\":[\"https:\\\/\\\/marktxxl.de\\\/markt\\\/produkt\\\/weleda-weleda-arnika-massage-oel\\\/\"]}]},{\"@type\":\"ImageObject\",\"inLanguage\":\"de\",\"@id\":\"https:\\\/\\\/marktxxl.de\\\/markt\\\/produkt\\\/weleda-weleda-arnika-massage-oel\\\/#primaryimage\",\"url\":\"https:\\\/\\\/m.media-amazon.com\\\/images\\\/I\\\/41RIjnMaQqL._SL500_.jpg\",\"contentUrl\":\"https:\\\/\\\/m.media-amazon.com\\\/images\\\/I\\\/41RIjnMaQqL._SL500_.jpg\",\"width\":216,\"height\":500},{\"@type\":\"BreadcrumbList\",\"@id\":\"https:\\\/\\\/marktxxl.de\\\/markt\\\/produkt\\\/weleda-weleda-arnika-massage-oel\\\/#breadcrumb\",\"itemListElement\":[{\"@type\":\"ListItem\",\"position\":1,\"name\":\"Startseite\",\"item\":\"https:\\\/\\\/marktxxl.de\\\/markt\\\/\"},{\"@type\":\"ListItem\",\"position\":2,\"name\":\"Markt\",\"item\":\"https:\\\/\\\/marktxxl.de\\\/markt\\\/\"},{\"@type\":\"ListItem\",\"position\":3,\"name\":\"WELEDA Weleda Arnika Massage-\u00d6l\"}]},{\"@type\":\"WebSite\",\"@id\":\"https:\\\/\\\/marktxxl.de\\\/markt\\\/#website\",\"url\":\"https:\\\/\\\/marktxxl.de\\\/markt\\\/\",\"name\":\"Markt-XXL\",\"description\":\"Ihr Markt Online\",\"publisher\":{\"@id\":\"https:\\\/\\\/marktxxl.de\\\/markt\\\/#organization\"},\"potentialAction\":[{\"@type\":\"SearchAction\",\"target\":{\"@type\":\"EntryPoint\",\"urlTemplate\":\"https:\\\/\\\/marktxxl.de\\\/markt\\\/?s={search_term_string}\"},\"query-input\":{\"@type\":\"PropertyValueSpecification\",\"valueRequired\":true,\"valueName\":\"search_term_string\"}}],\"inLanguage\":\"de\"},{\"@type\":\"Organization\",\"@id\":\"https:\\\/\\\/marktxxl.de\\\/markt\\\/#organization\",\"name\":\"Markt-XXL\",\"url\":\"https:\\\/\\\/marktxxl.de\\\/markt\\\/\",\"logo\":{\"@type\":\"ImageObject\",\"inLanguage\":\"de\",\"@id\":\"https:\\\/\\\/marktxxl.de\\\/markt\\\/#\\\/schema\\\/logo\\\/image\\\/\",\"url\":\"https:\\\/\\\/marktxxl.de\\\/markt\\\/wp-content\\\/uploads\\\/sites\\\/3\\\/2020\\\/12\\\/logo.png\",\"contentUrl\":\"https:\\\/\\\/marktxxl.de\\\/markt\\\/wp-content\\\/uploads\\\/sites\\\/3\\\/2020\\\/12\\\/logo.png\",\"width\":200,\"height\":70,\"caption\":\"Markt-XXL\"},\"image\":{\"@id\":\"https:\\\/\\\/marktxxl.de\\\/markt\\\/#\\\/schema\\\/logo\\\/image\\\/\"}}]}<\/script>\n<!-- \/ Yoast SEO plugin. -->","yoast_head_json":{"title":"WELEDA Weleda Arnika Massage-\u00d6l - Markt-XXL","description":"Markt-XXL WELEDA Weleda Arnika Massage-\u00d6l","robots":{"index":"index","follow":"follow","max-snippet":"max-snippet:-1","max-image-preview":"max-image-preview:large","max-video-preview":"max-video-preview:-1"},"canonical":"https:\/\/marktxxl.de\/markt\/produkt\/weleda-weleda-arnika-massage-oel\/","og_locale":"de_DE","og_type":"article","og_title":"WELEDA Weleda Arnika Massage-\u00d6l - Markt-XXL","og_description":"Markt-XXL WELEDA Weleda Arnika Massage-\u00d6l","og_url":"https:\/\/marktxxl.de\/markt\/produkt\/weleda-weleda-arnika-massage-oel\/","og_site_name":"Markt-XXL","article_modified_time":"2023-04-07T23:20:19+00:00","og_image":[{"width":216,"height":500,"url":"https:\/\/m.media-amazon.com\/images\/I\/41RIjnMaQqL._SL500_.jpg","type":"image\/jpeg"}],"twitter_card":"summary_large_image","twitter_misc":{"Gesch\u00e4tzte Lesezeit":"1\u00a0Minute"},"schema":{"@context":"https:\/\/schema.org","@graph":[{"@type":"WebPage","@id":"https:\/\/marktxxl.de\/markt\/produkt\/weleda-weleda-arnika-massage-oel\/","url":"https:\/\/marktxxl.de\/markt\/produkt\/weleda-weleda-arnika-massage-oel\/","name":"WELEDA Weleda Arnika Massage-\u00d6l - Markt-XXL","isPartOf":{"@id":"https:\/\/marktxxl.de\/markt\/#website"},"primaryImageOfPage":{"@id":"https:\/\/marktxxl.de\/markt\/produkt\/weleda-weleda-arnika-massage-oel\/#primaryimage"},"image":{"@id":"https:\/\/marktxxl.de\/markt\/produkt\/weleda-weleda-arnika-massage-oel\/#primaryimage"},"thumbnailUrl":"https:\/\/m.media-amazon.com\/images\/I\/41RIjnMaQqL._SL500_.jpg","datePublished":"2021-09-13T19:34:34+00:00","dateModified":"2023-04-07T23:20:19+00:00","description":"Markt-XXL WELEDA Weleda Arnika Massage-\u00d6l","breadcrumb":{"@id":"https:\/\/marktxxl.de\/markt\/produkt\/weleda-weleda-arnika-massage-oel\/#breadcrumb"},"inLanguage":"de","potentialAction":[{"@type":"ReadAction","target":["https:\/\/marktxxl.de\/markt\/produkt\/weleda-weleda-arnika-massage-oel\/"]}]},{"@type":"ImageObject","inLanguage":"de","@id":"https:\/\/marktxxl.de\/markt\/produkt\/weleda-weleda-arnika-massage-oel\/#primaryimage","url":"https:\/\/m.media-amazon.com\/images\/I\/41RIjnMaQqL._SL500_.jpg","contentUrl":"https:\/\/m.media-amazon.com\/images\/I\/41RIjnMaQqL._SL500_.jpg","width":216,"height":500},{"@type":"BreadcrumbList","@id":"https:\/\/marktxxl.de\/markt\/produkt\/weleda-weleda-arnika-massage-oel\/#breadcrumb","itemListElement":[{"@type":"ListItem","position":1,"name":"Startseite","item":"https:\/\/marktxxl.de\/markt\/"},{"@type":"ListItem","position":2,"name":"Markt","item":"https:\/\/marktxxl.de\/markt\/"},{"@type":"ListItem","position":3,"name":"WELEDA Weleda Arnika Massage-\u00d6l"}]},{"@type":"WebSite","@id":"https:\/\/marktxxl.de\/markt\/#website","url":"https:\/\/marktxxl.de\/markt\/","name":"Markt-XXL","description":"Ihr Markt Online","publisher":{"@id":"https:\/\/marktxxl.de\/markt\/#organization"},"potentialAction":[{"@type":"SearchAction","target":{"@type":"EntryPoint","urlTemplate":"https:\/\/marktxxl.de\/markt\/?s={search_term_string}"},"query-input":{"@type":"PropertyValueSpecification","valueRequired":true,"valueName":"search_term_string"}}],"inLanguage":"de"},{"@type":"Organization","@id":"https:\/\/marktxxl.de\/markt\/#organization","name":"Markt-XXL","url":"https:\/\/marktxxl.de\/markt\/","logo":{"@type":"ImageObject","inLanguage":"de","@id":"https:\/\/marktxxl.de\/markt\/#\/schema\/logo\/image\/","url":"https:\/\/marktxxl.de\/markt\/wp-content\/uploads\/sites\/3\/2020\/12\/logo.png","contentUrl":"https:\/\/marktxxl.de\/markt\/wp-content\/uploads\/sites\/3\/2020\/12\/logo.png","width":200,"height":70,"caption":"Markt-XXL"},"image":{"@id":"https:\/\/marktxxl.de\/markt\/#\/schema\/logo\/image\/"}}]}},"_links":{"self":[{"href":"https:\/\/marktxxl.de\/markt\/wp-json\/wp\/v2\/product\/36826","targetHints":{"allow":["GET"]}}],"collection":[{"href":"https:\/\/marktxxl.de\/markt\/wp-json\/wp\/v2\/product"}],"about":[{"href":"https:\/\/marktxxl.de\/markt\/wp-json\/wp\/v2\/types\/product"}],"replies":[{"embeddable":true,"href":"https:\/\/marktxxl.de\/markt\/wp-json\/wp\/v2\/comments?post=36826"}],"wp:featuredmedia":[{"embeddable":true,"href":"https:\/\/marktxxl.de\/markt\/wp-json\/wp\/v2\/media\/36830"}],"wp:attachment":[{"href":"https:\/\/marktxxl.de\/markt\/wp-json\/wp\/v2\/media?parent=36826"}],"wp:term":[{"taxonomy":"product_brand","embeddable":true,"href":"https:\/\/marktxxl.de\/markt\/wp-json\/wp\/v2\/product_brand?post=36826"},{"taxonomy":"product_cat","embeddable":true,"href":"https:\/\/marktxxl.de\/markt\/wp-json\/wp\/v2\/product_cat?post=36826"},{"taxonomy":"product_tag","embeddable":true,"href":"https:\/\/marktxxl.de\/markt\/wp-json\/wp\/v2\/product_tag?post=36826"}],"curies":[{"name":"wp","href":"https:\/\/api.w.org\/{rel}","templated":true}]}}