{"id":36691,"date":"2021-09-13T21:27:34","date_gmt":"2021-09-13T19:27:34","guid":{"rendered":"https:\/\/marktxxl.de\/markt\/produkt\/felishine-lichterkette-mit-20-leds-batteriebetrieben-silberfarbener-kupferdraht-sternenlichterkette-fuer-heimwerker-party-weihnachten-kostuem-hochzeit-ostern-tischdekoration-20-stueck\/"},"modified":"2023-04-08T01:20:16","modified_gmt":"2023-04-07T23:20:16","slug":"felishine-lichterkette-mit-20-leds-batteriebetrieben-silberfarbener-kupferdraht-sternenlichterkette-fuer-heimwerker-party-weihnachten-kostuem-hochzeit-ostern-tischdekoration-20-stueck","status":"publish","type":"product","link":"https:\/\/marktxxl.de\/markt\/produkt\/felishine-lichterkette-mit-20-leds-batteriebetrieben-silberfarbener-kupferdraht-sternenlichterkette-fuer-heimwerker-party-weihnachten-kostuem-hochzeit-ostern-tischdekoration-20-stueck\/","title":{"rendered":"FELISHINE Lichterkette mit 20 LEDs, batteriebetrieben, silberfarbener Kupferdraht, Sternenlichterkette f\u00fcr Heimwerker\u2026"},"content":{"rendered":"<p>Genie\u00dfen Sie DIY Spa\u00df: LED-Dekorationen sind aus flexiblen Kupfermaterialien, k\u00f6nnen leicht gebogen und geformt werden. Die Gr\u00f6\u00dfe des Batteriegeh\u00e4uses ist 5,1 x 2,2 cm, es ist sehr leicht in Ihr Design zu verstecken. Perfekt f\u00fcr Ihre Valentinstags-Geschenk-Dekoration, zu Hause, um ein cooles Quallen-Kost\u00fcm f\u00fcr Ihre Kinder oder andere einzigartige Beleuchtungsprojekte, die Sie w\u00fcnschen.<br \/>\nEinfach zu bedienen: Jedes Lichter-Set ben\u00f6tigt 2 x CR2032-Batterien (im Lieferumfang enthalten und kann ersetzt werden), es kann mindestens 48 Stunden halten. Die Batteriebox mit Ein-\/Aus-Schalter, kontrollieren Sie einfach die Lichter und genie\u00dfen Sie sie, Batterien m\u00fcssen ersetzt werden, wenn die Lichter gedimmt werden. (Und es gibt einen zus\u00e4tzlichen Schraubendreher im Paket)<br \/>\nVielseitig verwendbar: Flexibel und d\u00fcnn, aber robust gebaut, die Lichterkette kann leicht verbiegen werden, um 360 Grad funkelnd (Farbtemperatur 2700-2900 K, warmwei\u00df). Geeignet f\u00fcr Partys, Hochzeiten, Grillen, Halloween, Weihnachten, Innen- und Au\u00dfenbeleuchtung, etc. Ein tolles Geschenk f\u00fcr Freunde und Familie.<br \/>\nSichere hohe Qualit\u00e4t und wasserdicht: Hohe Qualit\u00e4t, niedriger Stromverbrauch und w\u00e4rmeisolierter Kupferdraht machen es nicht \u00fcberhitzt nach Gebrauch. Es ist eine wasserdichte Saite (au\u00dfer Batterie). Der Kupferdrahtteil kann in Wasser gelegt werden, um erstaunliche Atmosph\u00e4reffekte zu erzielen.<br \/>\n<div class=\"main-cross-sell\" data-asin=\"B07SGKFL4H\">\n\n\t<div class=\"WooZone-cross-sell-loader\">\n\t\t<div>\n\t\t\t<div id=\"floatingBarsG\">\n\t\t\t\t<div class=\"blockG\" id=\"rotateG_01\"><\/div>\n\t\t\t\t<div class=\"blockG\" id=\"rotateG_02\"><\/div>\n\t\t\t\t<div class=\"blockG\" id=\"rotateG_03\"><\/div>\n\t\t\t\t<div class=\"blockG\" id=\"rotateG_04\"><\/div>\n\t\t\t\t<div class=\"blockG\" id=\"rotateG_05\"><\/div>\n\t\t\t\t<div class=\"blockG\" id=\"rotateG_06\"><\/div>\n\t\t\t\t<div class=\"blockG\" id=\"rotateG_07\"><\/div>\n\t\t\t\t<div class=\"blockG\" id=\"rotateG_08\"><\/div>\n\t\t\t<\/div>\n\t\t\t<div class=\"WooZone-cross-sell-loader-text\"><\/div>\n\t\t<\/div>\n\t<\/div>\n\n\t\t\n<\/div>\n<div style=\"clear:both;\"><\/div><\/p>\n","protected":false},"excerpt":{"rendered":"<p>Genie\u00dfen Sie DIY Spa\u00df: LED-Dekorationen sind aus flexiblen Kupfermaterialien, k\u00f6nnen leicht gebogen und geformt werden. Die Gr\u00f6\u00dfe des Batteriegeh\u00e4uses ist 5,1 x 2,2 cm, es ist sehr leicht in Ihr Design zu verstecken. Perfekt f\u00fcr Ihre Valentinstags-Geschenk-Dekoration, zu Hause, um ein cooles Quallen-Kost\u00fcm f\u00fcr Ihre Kinder oder andere einzigartige Beleuchtungsprojekte, die Sie w\u00fcnschen.<br \/>\nEinfach zu bedienen: Jedes Lichter-Set ben\u00f6tigt 2 x CR2032-Batterien (im Lieferumfang enthalten und kann ersetzt werden), es kann mindestens 48 Stunden halten. Die Batteriebox mit Ein-\/Aus-Schalter, kontrollieren Sie einfach die Lichter und genie\u00dfen Sie sie, Batterien m\u00fcssen ersetzt werden, wenn die Lichter gedimmt werden. (Und es gibt einen zus\u00e4tzlichen Schraubendreher im Paket)<br \/>\nVielseitig verwendbar: Flexibel und d\u00fcnn, aber robust gebaut, die Lichterkette kann leicht verbiegen werden, um 360 Grad funkelnd (Farbtemperatur 2700-2900 K, warmwei\u00df). Geeignet f\u00fcr Partys, Hochzeiten, Grillen, Halloween, Weihnachten, Innen- und Au\u00dfenbeleuchtung, etc. Ein tolles Geschenk f\u00fcr Freunde und Familie.<\/p>\n","protected":false},"featured_media":36693,"comment_status":"open","ping_status":"closed","template":"","meta":[],"product_brand":[],"product_cat":[2108,15624],"product_tag":[],"class_list":{"0":"post-36691","1":"product","2":"type-product","3":"status-publish","4":"has-post-thumbnail","6":"product_cat-beleuchtung","7":"product_cat-weihnachtsbeleuchtung","8":"pa_brand-felishine","9":"pa_farbe-warmweiss","10":"pa_manufacturer-felishine","12":"first","13":"instock","14":"shipping-taxable","15":"purchasable","16":"product-type-simple","17":"customify-col","18":"product-has-gallery"},"yoast_head":"<!-- This site is optimized with the Yoast SEO plugin v27.4 - https:\/\/yoast.com\/product\/yoast-seo-wordpress\/ -->\n<title>FELISHINE Lichterkette mit 20 LEDs, batteriebetrieben, silberfarbener Kupferdraht, Sternenlichterkette f\u00fcr Heimwerker\u2026 - Markt-XXL<\/title>\n<meta name=\"description\" content=\"Markt-XXL FELISHINE Lichterkette mit 20 LEDs, batteriebetrieben, silberfarbener Kupferdraht, Sternenlichterkette f\u00fcr Heimwerker\u2026\" \/>\n<meta name=\"robots\" content=\"index, follow, max-snippet:-1, max-image-preview:large, max-video-preview:-1\" \/>\n<link rel=\"canonical\" href=\"https:\/\/marktxxl.de\/markt\/produkt\/felishine-lichterkette-mit-20-leds-batteriebetrieben-silberfarbener-kupferdraht-sternenlichterkette-fuer-heimwerker-party-weihnachten-kostuem-hochzeit-ostern-tischdekoration-20-stueck\/\" \/>\n<meta property=\"og:locale\" content=\"de_DE\" \/>\n<meta property=\"og:type\" content=\"article\" \/>\n<meta property=\"og:title\" content=\"FELISHINE Lichterkette mit 20 LEDs, batteriebetrieben, silberfarbener Kupferdraht, Sternenlichterkette f\u00fcr Heimwerker\u2026 - Markt-XXL\" \/>\n<meta property=\"og:description\" content=\"Markt-XXL FELISHINE Lichterkette mit 20 LEDs, batteriebetrieben, silberfarbener Kupferdraht, Sternenlichterkette f\u00fcr Heimwerker\u2026\" \/>\n<meta property=\"og:url\" content=\"https:\/\/marktxxl.de\/markt\/produkt\/felishine-lichterkette-mit-20-leds-batteriebetrieben-silberfarbener-kupferdraht-sternenlichterkette-fuer-heimwerker-party-weihnachten-kostuem-hochzeit-ostern-tischdekoration-20-stueck\/\" \/>\n<meta property=\"og:site_name\" content=\"Markt-XXL\" \/>\n<meta property=\"article:modified_time\" content=\"2023-04-07T23:20:16+00:00\" \/>\n<meta property=\"og:image\" content=\"https:\/\/m.media-amazon.com\/images\/I\/51wnZR29JgL._SL500_.jpg\" \/>\n\t<meta property=\"og:image:width\" content=\"500\" \/>\n\t<meta property=\"og:image:height\" content=\"500\" \/>\n\t<meta property=\"og:image:type\" content=\"image\/jpeg\" \/>\n<meta name=\"twitter:card\" content=\"summary_large_image\" \/>\n<meta name=\"twitter:label1\" content=\"Gesch\u00e4tzte Lesezeit\" \/>\n\t<meta name=\"twitter:data1\" content=\"1\u00a0Minute\" \/>\n<script type=\"application\/ld+json\" class=\"yoast-schema-graph\">{\"@context\":\"https:\\\/\\\/schema.org\",\"@graph\":[{\"@type\":\"WebPage\",\"@id\":\"https:\\\/\\\/marktxxl.de\\\/markt\\\/produkt\\\/felishine-lichterkette-mit-20-leds-batteriebetrieben-silberfarbener-kupferdraht-sternenlichterkette-fuer-heimwerker-party-weihnachten-kostuem-hochzeit-ostern-tischdekoration-20-stueck\\\/\",\"url\":\"https:\\\/\\\/marktxxl.de\\\/markt\\\/produkt\\\/felishine-lichterkette-mit-20-leds-batteriebetrieben-silberfarbener-kupferdraht-sternenlichterkette-fuer-heimwerker-party-weihnachten-kostuem-hochzeit-ostern-tischdekoration-20-stueck\\\/\",\"name\":\"FELISHINE Lichterkette mit 20 LEDs, batteriebetrieben, silberfarbener Kupferdraht, Sternenlichterkette f\u00fcr Heimwerker\u2026 - Markt-XXL\",\"isPartOf\":{\"@id\":\"https:\\\/\\\/marktxxl.de\\\/markt\\\/#website\"},\"primaryImageOfPage\":{\"@id\":\"https:\\\/\\\/marktxxl.de\\\/markt\\\/produkt\\\/felishine-lichterkette-mit-20-leds-batteriebetrieben-silberfarbener-kupferdraht-sternenlichterkette-fuer-heimwerker-party-weihnachten-kostuem-hochzeit-ostern-tischdekoration-20-stueck\\\/#primaryimage\"},\"image\":{\"@id\":\"https:\\\/\\\/marktxxl.de\\\/markt\\\/produkt\\\/felishine-lichterkette-mit-20-leds-batteriebetrieben-silberfarbener-kupferdraht-sternenlichterkette-fuer-heimwerker-party-weihnachten-kostuem-hochzeit-ostern-tischdekoration-20-stueck\\\/#primaryimage\"},\"thumbnailUrl\":\"https:\\\/\\\/m.media-amazon.com\\\/images\\\/I\\\/51wnZR29JgL._SL500_.jpg\",\"datePublished\":\"2021-09-13T19:27:34+00:00\",\"dateModified\":\"2023-04-07T23:20:16+00:00\",\"description\":\"Markt-XXL FELISHINE Lichterkette mit 20 LEDs, batteriebetrieben, silberfarbener Kupferdraht, Sternenlichterkette f\u00fcr Heimwerker\u2026\",\"breadcrumb\":{\"@id\":\"https:\\\/\\\/marktxxl.de\\\/markt\\\/produkt\\\/felishine-lichterkette-mit-20-leds-batteriebetrieben-silberfarbener-kupferdraht-sternenlichterkette-fuer-heimwerker-party-weihnachten-kostuem-hochzeit-ostern-tischdekoration-20-stueck\\\/#breadcrumb\"},\"inLanguage\":\"de\",\"potentialAction\":[{\"@type\":\"ReadAction\",\"target\":[\"https:\\\/\\\/marktxxl.de\\\/markt\\\/produkt\\\/felishine-lichterkette-mit-20-leds-batteriebetrieben-silberfarbener-kupferdraht-sternenlichterkette-fuer-heimwerker-party-weihnachten-kostuem-hochzeit-ostern-tischdekoration-20-stueck\\\/\"]}]},{\"@type\":\"ImageObject\",\"inLanguage\":\"de\",\"@id\":\"https:\\\/\\\/marktxxl.de\\\/markt\\\/produkt\\\/felishine-lichterkette-mit-20-leds-batteriebetrieben-silberfarbener-kupferdraht-sternenlichterkette-fuer-heimwerker-party-weihnachten-kostuem-hochzeit-ostern-tischdekoration-20-stueck\\\/#primaryimage\",\"url\":\"https:\\\/\\\/m.media-amazon.com\\\/images\\\/I\\\/51wnZR29JgL._SL500_.jpg\",\"contentUrl\":\"https:\\\/\\\/m.media-amazon.com\\\/images\\\/I\\\/51wnZR29JgL._SL500_.jpg\",\"width\":500,\"height\":500},{\"@type\":\"BreadcrumbList\",\"@id\":\"https:\\\/\\\/marktxxl.de\\\/markt\\\/produkt\\\/felishine-lichterkette-mit-20-leds-batteriebetrieben-silberfarbener-kupferdraht-sternenlichterkette-fuer-heimwerker-party-weihnachten-kostuem-hochzeit-ostern-tischdekoration-20-stueck\\\/#breadcrumb\",\"itemListElement\":[{\"@type\":\"ListItem\",\"position\":1,\"name\":\"Startseite\",\"item\":\"https:\\\/\\\/marktxxl.de\\\/markt\\\/\"},{\"@type\":\"ListItem\",\"position\":2,\"name\":\"Markt\",\"item\":\"https:\\\/\\\/marktxxl.de\\\/markt\\\/\"},{\"@type\":\"ListItem\",\"position\":3,\"name\":\"FELISHINE Lichterkette mit 20 LEDs, batteriebetrieben, silberfarbener Kupferdraht, Sternenlichterkette f\u00fcr Heimwerker\u2026\"}]},{\"@type\":\"WebSite\",\"@id\":\"https:\\\/\\\/marktxxl.de\\\/markt\\\/#website\",\"url\":\"https:\\\/\\\/marktxxl.de\\\/markt\\\/\",\"name\":\"Markt-XXL\",\"description\":\"Ihr Markt Online\",\"publisher\":{\"@id\":\"https:\\\/\\\/marktxxl.de\\\/markt\\\/#organization\"},\"potentialAction\":[{\"@type\":\"SearchAction\",\"target\":{\"@type\":\"EntryPoint\",\"urlTemplate\":\"https:\\\/\\\/marktxxl.de\\\/markt\\\/?s={search_term_string}\"},\"query-input\":{\"@type\":\"PropertyValueSpecification\",\"valueRequired\":true,\"valueName\":\"search_term_string\"}}],\"inLanguage\":\"de\"},{\"@type\":\"Organization\",\"@id\":\"https:\\\/\\\/marktxxl.de\\\/markt\\\/#organization\",\"name\":\"Markt-XXL\",\"url\":\"https:\\\/\\\/marktxxl.de\\\/markt\\\/\",\"logo\":{\"@type\":\"ImageObject\",\"inLanguage\":\"de\",\"@id\":\"https:\\\/\\\/marktxxl.de\\\/markt\\\/#\\\/schema\\\/logo\\\/image\\\/\",\"url\":\"https:\\\/\\\/marktxxl.de\\\/markt\\\/wp-content\\\/uploads\\\/sites\\\/3\\\/2020\\\/12\\\/logo.png\",\"contentUrl\":\"https:\\\/\\\/marktxxl.de\\\/markt\\\/wp-content\\\/uploads\\\/sites\\\/3\\\/2020\\\/12\\\/logo.png\",\"width\":200,\"height\":70,\"caption\":\"Markt-XXL\"},\"image\":{\"@id\":\"https:\\\/\\\/marktxxl.de\\\/markt\\\/#\\\/schema\\\/logo\\\/image\\\/\"}}]}<\/script>\n<!-- \/ Yoast SEO plugin. -->","yoast_head_json":{"title":"FELISHINE Lichterkette mit 20 LEDs, batteriebetrieben, silberfarbener Kupferdraht, Sternenlichterkette f\u00fcr Heimwerker\u2026 - Markt-XXL","description":"Markt-XXL FELISHINE Lichterkette mit 20 LEDs, batteriebetrieben, silberfarbener Kupferdraht, Sternenlichterkette f\u00fcr Heimwerker\u2026","robots":{"index":"index","follow":"follow","max-snippet":"max-snippet:-1","max-image-preview":"max-image-preview:large","max-video-preview":"max-video-preview:-1"},"canonical":"https:\/\/marktxxl.de\/markt\/produkt\/felishine-lichterkette-mit-20-leds-batteriebetrieben-silberfarbener-kupferdraht-sternenlichterkette-fuer-heimwerker-party-weihnachten-kostuem-hochzeit-ostern-tischdekoration-20-stueck\/","og_locale":"de_DE","og_type":"article","og_title":"FELISHINE Lichterkette mit 20 LEDs, batteriebetrieben, silberfarbener Kupferdraht, Sternenlichterkette f\u00fcr Heimwerker\u2026 - Markt-XXL","og_description":"Markt-XXL FELISHINE Lichterkette mit 20 LEDs, batteriebetrieben, silberfarbener Kupferdraht, Sternenlichterkette f\u00fcr Heimwerker\u2026","og_url":"https:\/\/marktxxl.de\/markt\/produkt\/felishine-lichterkette-mit-20-leds-batteriebetrieben-silberfarbener-kupferdraht-sternenlichterkette-fuer-heimwerker-party-weihnachten-kostuem-hochzeit-ostern-tischdekoration-20-stueck\/","og_site_name":"Markt-XXL","article_modified_time":"2023-04-07T23:20:16+00:00","og_image":[{"width":500,"height":500,"url":"https:\/\/m.media-amazon.com\/images\/I\/51wnZR29JgL._SL500_.jpg","type":"image\/jpeg"}],"twitter_card":"summary_large_image","twitter_misc":{"Gesch\u00e4tzte Lesezeit":"1\u00a0Minute"},"schema":{"@context":"https:\/\/schema.org","@graph":[{"@type":"WebPage","@id":"https:\/\/marktxxl.de\/markt\/produkt\/felishine-lichterkette-mit-20-leds-batteriebetrieben-silberfarbener-kupferdraht-sternenlichterkette-fuer-heimwerker-party-weihnachten-kostuem-hochzeit-ostern-tischdekoration-20-stueck\/","url":"https:\/\/marktxxl.de\/markt\/produkt\/felishine-lichterkette-mit-20-leds-batteriebetrieben-silberfarbener-kupferdraht-sternenlichterkette-fuer-heimwerker-party-weihnachten-kostuem-hochzeit-ostern-tischdekoration-20-stueck\/","name":"FELISHINE Lichterkette mit 20 LEDs, batteriebetrieben, silberfarbener Kupferdraht, Sternenlichterkette f\u00fcr Heimwerker\u2026 - Markt-XXL","isPartOf":{"@id":"https:\/\/marktxxl.de\/markt\/#website"},"primaryImageOfPage":{"@id":"https:\/\/marktxxl.de\/markt\/produkt\/felishine-lichterkette-mit-20-leds-batteriebetrieben-silberfarbener-kupferdraht-sternenlichterkette-fuer-heimwerker-party-weihnachten-kostuem-hochzeit-ostern-tischdekoration-20-stueck\/#primaryimage"},"image":{"@id":"https:\/\/marktxxl.de\/markt\/produkt\/felishine-lichterkette-mit-20-leds-batteriebetrieben-silberfarbener-kupferdraht-sternenlichterkette-fuer-heimwerker-party-weihnachten-kostuem-hochzeit-ostern-tischdekoration-20-stueck\/#primaryimage"},"thumbnailUrl":"https:\/\/m.media-amazon.com\/images\/I\/51wnZR29JgL._SL500_.jpg","datePublished":"2021-09-13T19:27:34+00:00","dateModified":"2023-04-07T23:20:16+00:00","description":"Markt-XXL FELISHINE Lichterkette mit 20 LEDs, batteriebetrieben, silberfarbener Kupferdraht, Sternenlichterkette f\u00fcr Heimwerker\u2026","breadcrumb":{"@id":"https:\/\/marktxxl.de\/markt\/produkt\/felishine-lichterkette-mit-20-leds-batteriebetrieben-silberfarbener-kupferdraht-sternenlichterkette-fuer-heimwerker-party-weihnachten-kostuem-hochzeit-ostern-tischdekoration-20-stueck\/#breadcrumb"},"inLanguage":"de","potentialAction":[{"@type":"ReadAction","target":["https:\/\/marktxxl.de\/markt\/produkt\/felishine-lichterkette-mit-20-leds-batteriebetrieben-silberfarbener-kupferdraht-sternenlichterkette-fuer-heimwerker-party-weihnachten-kostuem-hochzeit-ostern-tischdekoration-20-stueck\/"]}]},{"@type":"ImageObject","inLanguage":"de","@id":"https:\/\/marktxxl.de\/markt\/produkt\/felishine-lichterkette-mit-20-leds-batteriebetrieben-silberfarbener-kupferdraht-sternenlichterkette-fuer-heimwerker-party-weihnachten-kostuem-hochzeit-ostern-tischdekoration-20-stueck\/#primaryimage","url":"https:\/\/m.media-amazon.com\/images\/I\/51wnZR29JgL._SL500_.jpg","contentUrl":"https:\/\/m.media-amazon.com\/images\/I\/51wnZR29JgL._SL500_.jpg","width":500,"height":500},{"@type":"BreadcrumbList","@id":"https:\/\/marktxxl.de\/markt\/produkt\/felishine-lichterkette-mit-20-leds-batteriebetrieben-silberfarbener-kupferdraht-sternenlichterkette-fuer-heimwerker-party-weihnachten-kostuem-hochzeit-ostern-tischdekoration-20-stueck\/#breadcrumb","itemListElement":[{"@type":"ListItem","position":1,"name":"Startseite","item":"https:\/\/marktxxl.de\/markt\/"},{"@type":"ListItem","position":2,"name":"Markt","item":"https:\/\/marktxxl.de\/markt\/"},{"@type":"ListItem","position":3,"name":"FELISHINE Lichterkette mit 20 LEDs, batteriebetrieben, silberfarbener Kupferdraht, Sternenlichterkette f\u00fcr Heimwerker\u2026"}]},{"@type":"WebSite","@id":"https:\/\/marktxxl.de\/markt\/#website","url":"https:\/\/marktxxl.de\/markt\/","name":"Markt-XXL","description":"Ihr Markt Online","publisher":{"@id":"https:\/\/marktxxl.de\/markt\/#organization"},"potentialAction":[{"@type":"SearchAction","target":{"@type":"EntryPoint","urlTemplate":"https:\/\/marktxxl.de\/markt\/?s={search_term_string}"},"query-input":{"@type":"PropertyValueSpecification","valueRequired":true,"valueName":"search_term_string"}}],"inLanguage":"de"},{"@type":"Organization","@id":"https:\/\/marktxxl.de\/markt\/#organization","name":"Markt-XXL","url":"https:\/\/marktxxl.de\/markt\/","logo":{"@type":"ImageObject","inLanguage":"de","@id":"https:\/\/marktxxl.de\/markt\/#\/schema\/logo\/image\/","url":"https:\/\/marktxxl.de\/markt\/wp-content\/uploads\/sites\/3\/2020\/12\/logo.png","contentUrl":"https:\/\/marktxxl.de\/markt\/wp-content\/uploads\/sites\/3\/2020\/12\/logo.png","width":200,"height":70,"caption":"Markt-XXL"},"image":{"@id":"https:\/\/marktxxl.de\/markt\/#\/schema\/logo\/image\/"}}]}},"_links":{"self":[{"href":"https:\/\/marktxxl.de\/markt\/wp-json\/wp\/v2\/product\/36691","targetHints":{"allow":["GET"]}}],"collection":[{"href":"https:\/\/marktxxl.de\/markt\/wp-json\/wp\/v2\/product"}],"about":[{"href":"https:\/\/marktxxl.de\/markt\/wp-json\/wp\/v2\/types\/product"}],"replies":[{"embeddable":true,"href":"https:\/\/marktxxl.de\/markt\/wp-json\/wp\/v2\/comments?post=36691"}],"wp:featuredmedia":[{"embeddable":true,"href":"https:\/\/marktxxl.de\/markt\/wp-json\/wp\/v2\/media\/36693"}],"wp:attachment":[{"href":"https:\/\/marktxxl.de\/markt\/wp-json\/wp\/v2\/media?parent=36691"}],"wp:term":[{"taxonomy":"product_brand","embeddable":true,"href":"https:\/\/marktxxl.de\/markt\/wp-json\/wp\/v2\/product_brand?post=36691"},{"taxonomy":"product_cat","embeddable":true,"href":"https:\/\/marktxxl.de\/markt\/wp-json\/wp\/v2\/product_cat?post=36691"},{"taxonomy":"product_tag","embeddable":true,"href":"https:\/\/marktxxl.de\/markt\/wp-json\/wp\/v2\/product_tag?post=36691"}],"curies":[{"name":"wp","href":"https:\/\/api.w.org\/{rel}","templated":true}]}}