{"id":36682,"date":"2021-09-13T21:27:32","date_gmt":"2021-09-13T19:27:32","guid":{"rendered":"https:\/\/marktxxl.de\/markt\/produkt\/led-streifen-3m-hually-usb-led-strip-wasserdicht-led-band-rgb-mit-fernbedienung-led-leiste-lichtband-mit-8-farbwechsel-musik-synchronisieren-4-modi-verstellbare-helligkeiten-fuer-haus-party-usw\/"},"modified":"2023-04-08T01:20:16","modified_gmt":"2023-04-07T23:20:16","slug":"led-streifen-3m-hually-usb-led-strip-wasserdicht-led-band-rgb-mit-fernbedienung-led-leiste-lichtband-mit-8-farbwechsel-musik-synchronisieren-4-modi-verstellbare-helligkeiten-fuer-haus-party-usw","status":"publish","type":"product","link":"https:\/\/marktxxl.de\/markt\/produkt\/led-streifen-3m-hually-usb-led-strip-wasserdicht-led-band-rgb-mit-fernbedienung-led-leiste-lichtband-mit-8-farbwechsel-musik-synchronisieren-4-modi-verstellbare-helligkeiten-fuer-haus-party-usw\/","title":{"rendered":"Hually LED Streifen 3M, USB LED Strip Wasserdicht LED Band RGB mit Fernbedienung, LED Leiste Lichtband mit 8 Farbwechsel\u2026"},"content":{"rendered":"<p>\u2705\u3010USB LED Strip\u3011Die LED Streifen verf\u00fcgen \u00fcber 90 RGB 5050 SMD LEDs in 3 Meter und ist super hell. Es schafft eine perfekte Stimmungsbeleuchtung f\u00fcr Sie. Geeignet f\u00fcr Wohnzimmer, Schlafzimmer, Terrasse, Garten, K\u00fcche, Party usw.<br \/>\n\u2705\u3010Sicher und Haltbarer\u3011CE- Zertifizierung f\u00fcr Sicherheit. Dieser LED Streifen hat eine Betriebsspannung von nur 5V und besteht aus IP67 wasserdichtem Silikon. Er ist somit f\u00fcr Kinder sicher und ber\u00fchrbar. Es kann im Innen- und Au\u00dfenbereich verwendet werden.<br \/>\n\u2705\u30108 Farben und 4 dynamische Modi\u3011Die LED Strip mit 16 Farben, 4 Modi (FLASH, STROBE, FADE, SMOOTH), Sie k\u00f6nnen auch die Helligkeit und die Geschwindigkeit einstellen. \u00dcber die mitgelieferte Fernbedienung lassen sich unterschiedliche Farben und Lichteffekte inszenieren<br \/>\n\u2705 \u3010Sichere und einfache Installation\u3011 Das st\u00e4rkere Selbstklebeband bietet eine sichere und starke Installation an, damit sich die Leiste mit der Zeit nicht l\u00f6st. Nur die Folie entzufernen und zu kleben, super einfach! Bitte reinigen Sie die Oberfl\u00e4che, bevor sie den Strip anbringen.<br \/>\n\u2705\u3010Multi-Farben &amp; Musiksynchronisation\u3011Multi-Farben-LED-Lichtleisten mit einstellbarer Helligkeit und 4 speziellen Musikmodi. Eingebautes hochempfindliches Mikrofon, das mit jedem vom Mikrofon aufgenommenen Ton synchronisiert und dann die Farben entsprechend dem Musikrhythmus sowie Ihrer Stimme \u00e4ndert.<br \/>\n<div class=\"main-cross-sell\" data-asin=\"B07WF12KFH\">\n\n\t<div class=\"WooZone-cross-sell-loader\">\n\t\t<div>\n\t\t\t<div id=\"floatingBarsG\">\n\t\t\t\t<div class=\"blockG\" id=\"rotateG_01\"><\/div>\n\t\t\t\t<div class=\"blockG\" id=\"rotateG_02\"><\/div>\n\t\t\t\t<div class=\"blockG\" id=\"rotateG_03\"><\/div>\n\t\t\t\t<div class=\"blockG\" id=\"rotateG_04\"><\/div>\n\t\t\t\t<div class=\"blockG\" id=\"rotateG_05\"><\/div>\n\t\t\t\t<div class=\"blockG\" id=\"rotateG_06\"><\/div>\n\t\t\t\t<div class=\"blockG\" id=\"rotateG_07\"><\/div>\n\t\t\t\t<div class=\"blockG\" id=\"rotateG_08\"><\/div>\n\t\t\t<\/div>\n\t\t\t<div class=\"WooZone-cross-sell-loader-text\"><\/div>\n\t\t<\/div>\n\t<\/div>\n\n\t\t\n<\/div>\n<div style=\"clear:both;\"><\/div><\/p>\n","protected":false},"excerpt":{"rendered":"<p>\u2705\u3010USB LED Strip\u3011Die LED Streifen verf\u00fcgen \u00fcber 90 RGB 5050 SMD LEDs in 3 Meter und ist super hell. Es schafft eine perfekte Stimmungsbeleuchtung f\u00fcr Sie. Geeignet f\u00fcr Wohnzimmer, Schlafzimmer, Terrasse, Garten, K\u00fcche, Party usw.<br \/>\n\u2705\u3010Sicher und Haltbarer\u3011CE- Zertifizierung f\u00fcr Sicherheit. Dieser LED Streifen hat eine Betriebsspannung von nur 5V und besteht aus IP67 wasserdichtem Silikon. Er ist somit f\u00fcr Kinder sicher und ber\u00fchrbar. Es kann im Innen- und Au\u00dfenbereich verwendet werden.<br \/>\n\u2705\u30108 Farben und 4 dynamische Modi\u3011Die LED Strip mit 16 Farben, 4 Modi (FLASH, STROBE, FADE, SMOOTH), Sie k\u00f6nnen auch die Helligkeit und die Geschwindigkeit einstellen. \u00dcber die mitgelieferte Fernbedienung lassen sich unterschiedliche Farben und Lichteffekte inszenieren<\/p>\n","protected":false},"featured_media":36683,"comment_status":"open","ping_status":"closed","template":"","meta":[],"product_brand":[],"product_cat":[2108,15623],"product_tag":[],"class_list":{"0":"post-36682","1":"product","2":"type-product","3":"status-publish","4":"has-post-thumbnail","6":"product_cat-beleuchtung","7":"product_cat-lichtschlaeuche","8":"pa_brand-hually","9":"pa_manufacturer-hually","10":"pa_model-16311","11":"pa_weight-0-330693393-pfund","13":"first","14":"instock","15":"shipping-taxable","16":"purchasable","17":"product-type-simple","18":"customify-col","19":"product-has-gallery"},"yoast_head":"<!-- This site is optimized with the Yoast SEO plugin v27.4 - https:\/\/yoast.com\/product\/yoast-seo-wordpress\/ -->\n<title>Hually LED Streifen 3M, USB LED Strip Wasserdicht LED Band RGB mit Fernbedienung, LED Leiste Lichtband mit 8 Farbwechsel\u2026 - Markt-XXL<\/title>\n<meta name=\"description\" content=\"Markt-XXL Hually LED Streifen 3M, USB LED Strip Wasserdicht LED Band RGB mit Fernbedienung, LED Leiste Lichtband mit 8 Farbwechsel\u2026\" \/>\n<meta name=\"robots\" content=\"index, follow, max-snippet:-1, max-image-preview:large, max-video-preview:-1\" \/>\n<link rel=\"canonical\" href=\"https:\/\/marktxxl.de\/markt\/produkt\/led-streifen-3m-hually-usb-led-strip-wasserdicht-led-band-rgb-mit-fernbedienung-led-leiste-lichtband-mit-8-farbwechsel-musik-synchronisieren-4-modi-verstellbare-helligkeiten-fuer-haus-party-usw\/\" \/>\n<meta property=\"og:locale\" content=\"de_DE\" \/>\n<meta property=\"og:type\" content=\"article\" \/>\n<meta property=\"og:title\" content=\"Hually LED Streifen 3M, USB LED Strip Wasserdicht LED Band RGB mit Fernbedienung, LED Leiste Lichtband mit 8 Farbwechsel\u2026 - Markt-XXL\" \/>\n<meta property=\"og:description\" content=\"Markt-XXL Hually LED Streifen 3M, USB LED Strip Wasserdicht LED Band RGB mit Fernbedienung, LED Leiste Lichtband mit 8 Farbwechsel\u2026\" \/>\n<meta property=\"og:url\" content=\"https:\/\/marktxxl.de\/markt\/produkt\/led-streifen-3m-hually-usb-led-strip-wasserdicht-led-band-rgb-mit-fernbedienung-led-leiste-lichtband-mit-8-farbwechsel-musik-synchronisieren-4-modi-verstellbare-helligkeiten-fuer-haus-party-usw\/\" \/>\n<meta property=\"og:site_name\" content=\"Markt-XXL\" \/>\n<meta property=\"article:modified_time\" content=\"2023-04-07T23:20:16+00:00\" \/>\n<meta property=\"og:image\" content=\"https:\/\/m.media-amazon.com\/images\/I\/619oPLhpmlL._SL500_.jpg\" \/>\n\t<meta property=\"og:image:width\" content=\"500\" \/>\n\t<meta property=\"og:image:height\" content=\"500\" \/>\n\t<meta property=\"og:image:type\" content=\"image\/jpeg\" \/>\n<meta name=\"twitter:card\" content=\"summary_large_image\" \/>\n<meta name=\"twitter:label1\" content=\"Gesch\u00e4tzte Lesezeit\" \/>\n\t<meta name=\"twitter:data1\" content=\"1\u00a0Minute\" \/>\n<script type=\"application\/ld+json\" class=\"yoast-schema-graph\">{\"@context\":\"https:\\\/\\\/schema.org\",\"@graph\":[{\"@type\":\"WebPage\",\"@id\":\"https:\\\/\\\/marktxxl.de\\\/markt\\\/produkt\\\/led-streifen-3m-hually-usb-led-strip-wasserdicht-led-band-rgb-mit-fernbedienung-led-leiste-lichtband-mit-8-farbwechsel-musik-synchronisieren-4-modi-verstellbare-helligkeiten-fuer-haus-party-usw\\\/\",\"url\":\"https:\\\/\\\/marktxxl.de\\\/markt\\\/produkt\\\/led-streifen-3m-hually-usb-led-strip-wasserdicht-led-band-rgb-mit-fernbedienung-led-leiste-lichtband-mit-8-farbwechsel-musik-synchronisieren-4-modi-verstellbare-helligkeiten-fuer-haus-party-usw\\\/\",\"name\":\"Hually LED Streifen 3M, USB LED Strip Wasserdicht LED Band RGB mit Fernbedienung, LED Leiste Lichtband mit 8 Farbwechsel\u2026 - Markt-XXL\",\"isPartOf\":{\"@id\":\"https:\\\/\\\/marktxxl.de\\\/markt\\\/#website\"},\"primaryImageOfPage\":{\"@id\":\"https:\\\/\\\/marktxxl.de\\\/markt\\\/produkt\\\/led-streifen-3m-hually-usb-led-strip-wasserdicht-led-band-rgb-mit-fernbedienung-led-leiste-lichtband-mit-8-farbwechsel-musik-synchronisieren-4-modi-verstellbare-helligkeiten-fuer-haus-party-usw\\\/#primaryimage\"},\"image\":{\"@id\":\"https:\\\/\\\/marktxxl.de\\\/markt\\\/produkt\\\/led-streifen-3m-hually-usb-led-strip-wasserdicht-led-band-rgb-mit-fernbedienung-led-leiste-lichtband-mit-8-farbwechsel-musik-synchronisieren-4-modi-verstellbare-helligkeiten-fuer-haus-party-usw\\\/#primaryimage\"},\"thumbnailUrl\":\"https:\\\/\\\/m.media-amazon.com\\\/images\\\/I\\\/619oPLhpmlL._SL500_.jpg\",\"datePublished\":\"2021-09-13T19:27:32+00:00\",\"dateModified\":\"2023-04-07T23:20:16+00:00\",\"description\":\"Markt-XXL Hually LED Streifen 3M, USB LED Strip Wasserdicht LED Band RGB mit Fernbedienung, LED Leiste Lichtband mit 8 Farbwechsel\u2026\",\"breadcrumb\":{\"@id\":\"https:\\\/\\\/marktxxl.de\\\/markt\\\/produkt\\\/led-streifen-3m-hually-usb-led-strip-wasserdicht-led-band-rgb-mit-fernbedienung-led-leiste-lichtband-mit-8-farbwechsel-musik-synchronisieren-4-modi-verstellbare-helligkeiten-fuer-haus-party-usw\\\/#breadcrumb\"},\"inLanguage\":\"de\",\"potentialAction\":[{\"@type\":\"ReadAction\",\"target\":[\"https:\\\/\\\/marktxxl.de\\\/markt\\\/produkt\\\/led-streifen-3m-hually-usb-led-strip-wasserdicht-led-band-rgb-mit-fernbedienung-led-leiste-lichtband-mit-8-farbwechsel-musik-synchronisieren-4-modi-verstellbare-helligkeiten-fuer-haus-party-usw\\\/\"]}]},{\"@type\":\"ImageObject\",\"inLanguage\":\"de\",\"@id\":\"https:\\\/\\\/marktxxl.de\\\/markt\\\/produkt\\\/led-streifen-3m-hually-usb-led-strip-wasserdicht-led-band-rgb-mit-fernbedienung-led-leiste-lichtband-mit-8-farbwechsel-musik-synchronisieren-4-modi-verstellbare-helligkeiten-fuer-haus-party-usw\\\/#primaryimage\",\"url\":\"https:\\\/\\\/m.media-amazon.com\\\/images\\\/I\\\/619oPLhpmlL._SL500_.jpg\",\"contentUrl\":\"https:\\\/\\\/m.media-amazon.com\\\/images\\\/I\\\/619oPLhpmlL._SL500_.jpg\",\"width\":500,\"height\":500},{\"@type\":\"BreadcrumbList\",\"@id\":\"https:\\\/\\\/marktxxl.de\\\/markt\\\/produkt\\\/led-streifen-3m-hually-usb-led-strip-wasserdicht-led-band-rgb-mit-fernbedienung-led-leiste-lichtband-mit-8-farbwechsel-musik-synchronisieren-4-modi-verstellbare-helligkeiten-fuer-haus-party-usw\\\/#breadcrumb\",\"itemListElement\":[{\"@type\":\"ListItem\",\"position\":1,\"name\":\"Startseite\",\"item\":\"https:\\\/\\\/marktxxl.de\\\/markt\\\/\"},{\"@type\":\"ListItem\",\"position\":2,\"name\":\"Markt\",\"item\":\"https:\\\/\\\/marktxxl.de\\\/markt\\\/\"},{\"@type\":\"ListItem\",\"position\":3,\"name\":\"Hually LED Streifen 3M, USB LED Strip Wasserdicht LED Band RGB mit Fernbedienung, LED Leiste Lichtband mit 8 Farbwechsel\u2026\"}]},{\"@type\":\"WebSite\",\"@id\":\"https:\\\/\\\/marktxxl.de\\\/markt\\\/#website\",\"url\":\"https:\\\/\\\/marktxxl.de\\\/markt\\\/\",\"name\":\"Markt-XXL\",\"description\":\"Ihr Markt Online\",\"publisher\":{\"@id\":\"https:\\\/\\\/marktxxl.de\\\/markt\\\/#organization\"},\"potentialAction\":[{\"@type\":\"SearchAction\",\"target\":{\"@type\":\"EntryPoint\",\"urlTemplate\":\"https:\\\/\\\/marktxxl.de\\\/markt\\\/?s={search_term_string}\"},\"query-input\":{\"@type\":\"PropertyValueSpecification\",\"valueRequired\":true,\"valueName\":\"search_term_string\"}}],\"inLanguage\":\"de\"},{\"@type\":\"Organization\",\"@id\":\"https:\\\/\\\/marktxxl.de\\\/markt\\\/#organization\",\"name\":\"Markt-XXL\",\"url\":\"https:\\\/\\\/marktxxl.de\\\/markt\\\/\",\"logo\":{\"@type\":\"ImageObject\",\"inLanguage\":\"de\",\"@id\":\"https:\\\/\\\/marktxxl.de\\\/markt\\\/#\\\/schema\\\/logo\\\/image\\\/\",\"url\":\"https:\\\/\\\/marktxxl.de\\\/markt\\\/wp-content\\\/uploads\\\/sites\\\/3\\\/2020\\\/12\\\/logo.png\",\"contentUrl\":\"https:\\\/\\\/marktxxl.de\\\/markt\\\/wp-content\\\/uploads\\\/sites\\\/3\\\/2020\\\/12\\\/logo.png\",\"width\":200,\"height\":70,\"caption\":\"Markt-XXL\"},\"image\":{\"@id\":\"https:\\\/\\\/marktxxl.de\\\/markt\\\/#\\\/schema\\\/logo\\\/image\\\/\"}}]}<\/script>\n<!-- \/ Yoast SEO plugin. -->","yoast_head_json":{"title":"Hually LED Streifen 3M, USB LED Strip Wasserdicht LED Band RGB mit Fernbedienung, LED Leiste Lichtband mit 8 Farbwechsel\u2026 - Markt-XXL","description":"Markt-XXL Hually LED Streifen 3M, USB LED Strip Wasserdicht LED Band RGB mit Fernbedienung, LED Leiste Lichtband mit 8 Farbwechsel\u2026","robots":{"index":"index","follow":"follow","max-snippet":"max-snippet:-1","max-image-preview":"max-image-preview:large","max-video-preview":"max-video-preview:-1"},"canonical":"https:\/\/marktxxl.de\/markt\/produkt\/led-streifen-3m-hually-usb-led-strip-wasserdicht-led-band-rgb-mit-fernbedienung-led-leiste-lichtband-mit-8-farbwechsel-musik-synchronisieren-4-modi-verstellbare-helligkeiten-fuer-haus-party-usw\/","og_locale":"de_DE","og_type":"article","og_title":"Hually LED Streifen 3M, USB LED Strip Wasserdicht LED Band RGB mit Fernbedienung, LED Leiste Lichtband mit 8 Farbwechsel\u2026 - Markt-XXL","og_description":"Markt-XXL Hually LED Streifen 3M, USB LED Strip Wasserdicht LED Band RGB mit Fernbedienung, LED Leiste Lichtband mit 8 Farbwechsel\u2026","og_url":"https:\/\/marktxxl.de\/markt\/produkt\/led-streifen-3m-hually-usb-led-strip-wasserdicht-led-band-rgb-mit-fernbedienung-led-leiste-lichtband-mit-8-farbwechsel-musik-synchronisieren-4-modi-verstellbare-helligkeiten-fuer-haus-party-usw\/","og_site_name":"Markt-XXL","article_modified_time":"2023-04-07T23:20:16+00:00","og_image":[{"width":500,"height":500,"url":"https:\/\/m.media-amazon.com\/images\/I\/619oPLhpmlL._SL500_.jpg","type":"image\/jpeg"}],"twitter_card":"summary_large_image","twitter_misc":{"Gesch\u00e4tzte Lesezeit":"1\u00a0Minute"},"schema":{"@context":"https:\/\/schema.org","@graph":[{"@type":"WebPage","@id":"https:\/\/marktxxl.de\/markt\/produkt\/led-streifen-3m-hually-usb-led-strip-wasserdicht-led-band-rgb-mit-fernbedienung-led-leiste-lichtband-mit-8-farbwechsel-musik-synchronisieren-4-modi-verstellbare-helligkeiten-fuer-haus-party-usw\/","url":"https:\/\/marktxxl.de\/markt\/produkt\/led-streifen-3m-hually-usb-led-strip-wasserdicht-led-band-rgb-mit-fernbedienung-led-leiste-lichtband-mit-8-farbwechsel-musik-synchronisieren-4-modi-verstellbare-helligkeiten-fuer-haus-party-usw\/","name":"Hually LED Streifen 3M, USB LED Strip Wasserdicht LED Band RGB mit Fernbedienung, LED Leiste Lichtband mit 8 Farbwechsel\u2026 - Markt-XXL","isPartOf":{"@id":"https:\/\/marktxxl.de\/markt\/#website"},"primaryImageOfPage":{"@id":"https:\/\/marktxxl.de\/markt\/produkt\/led-streifen-3m-hually-usb-led-strip-wasserdicht-led-band-rgb-mit-fernbedienung-led-leiste-lichtband-mit-8-farbwechsel-musik-synchronisieren-4-modi-verstellbare-helligkeiten-fuer-haus-party-usw\/#primaryimage"},"image":{"@id":"https:\/\/marktxxl.de\/markt\/produkt\/led-streifen-3m-hually-usb-led-strip-wasserdicht-led-band-rgb-mit-fernbedienung-led-leiste-lichtband-mit-8-farbwechsel-musik-synchronisieren-4-modi-verstellbare-helligkeiten-fuer-haus-party-usw\/#primaryimage"},"thumbnailUrl":"https:\/\/m.media-amazon.com\/images\/I\/619oPLhpmlL._SL500_.jpg","datePublished":"2021-09-13T19:27:32+00:00","dateModified":"2023-04-07T23:20:16+00:00","description":"Markt-XXL Hually LED Streifen 3M, USB LED Strip Wasserdicht LED Band RGB mit Fernbedienung, LED Leiste Lichtband mit 8 Farbwechsel\u2026","breadcrumb":{"@id":"https:\/\/marktxxl.de\/markt\/produkt\/led-streifen-3m-hually-usb-led-strip-wasserdicht-led-band-rgb-mit-fernbedienung-led-leiste-lichtband-mit-8-farbwechsel-musik-synchronisieren-4-modi-verstellbare-helligkeiten-fuer-haus-party-usw\/#breadcrumb"},"inLanguage":"de","potentialAction":[{"@type":"ReadAction","target":["https:\/\/marktxxl.de\/markt\/produkt\/led-streifen-3m-hually-usb-led-strip-wasserdicht-led-band-rgb-mit-fernbedienung-led-leiste-lichtband-mit-8-farbwechsel-musik-synchronisieren-4-modi-verstellbare-helligkeiten-fuer-haus-party-usw\/"]}]},{"@type":"ImageObject","inLanguage":"de","@id":"https:\/\/marktxxl.de\/markt\/produkt\/led-streifen-3m-hually-usb-led-strip-wasserdicht-led-band-rgb-mit-fernbedienung-led-leiste-lichtband-mit-8-farbwechsel-musik-synchronisieren-4-modi-verstellbare-helligkeiten-fuer-haus-party-usw\/#primaryimage","url":"https:\/\/m.media-amazon.com\/images\/I\/619oPLhpmlL._SL500_.jpg","contentUrl":"https:\/\/m.media-amazon.com\/images\/I\/619oPLhpmlL._SL500_.jpg","width":500,"height":500},{"@type":"BreadcrumbList","@id":"https:\/\/marktxxl.de\/markt\/produkt\/led-streifen-3m-hually-usb-led-strip-wasserdicht-led-band-rgb-mit-fernbedienung-led-leiste-lichtband-mit-8-farbwechsel-musik-synchronisieren-4-modi-verstellbare-helligkeiten-fuer-haus-party-usw\/#breadcrumb","itemListElement":[{"@type":"ListItem","position":1,"name":"Startseite","item":"https:\/\/marktxxl.de\/markt\/"},{"@type":"ListItem","position":2,"name":"Markt","item":"https:\/\/marktxxl.de\/markt\/"},{"@type":"ListItem","position":3,"name":"Hually LED Streifen 3M, USB LED Strip Wasserdicht LED Band RGB mit Fernbedienung, LED Leiste Lichtband mit 8 Farbwechsel\u2026"}]},{"@type":"WebSite","@id":"https:\/\/marktxxl.de\/markt\/#website","url":"https:\/\/marktxxl.de\/markt\/","name":"Markt-XXL","description":"Ihr Markt Online","publisher":{"@id":"https:\/\/marktxxl.de\/markt\/#organization"},"potentialAction":[{"@type":"SearchAction","target":{"@type":"EntryPoint","urlTemplate":"https:\/\/marktxxl.de\/markt\/?s={search_term_string}"},"query-input":{"@type":"PropertyValueSpecification","valueRequired":true,"valueName":"search_term_string"}}],"inLanguage":"de"},{"@type":"Organization","@id":"https:\/\/marktxxl.de\/markt\/#organization","name":"Markt-XXL","url":"https:\/\/marktxxl.de\/markt\/","logo":{"@type":"ImageObject","inLanguage":"de","@id":"https:\/\/marktxxl.de\/markt\/#\/schema\/logo\/image\/","url":"https:\/\/marktxxl.de\/markt\/wp-content\/uploads\/sites\/3\/2020\/12\/logo.png","contentUrl":"https:\/\/marktxxl.de\/markt\/wp-content\/uploads\/sites\/3\/2020\/12\/logo.png","width":200,"height":70,"caption":"Markt-XXL"},"image":{"@id":"https:\/\/marktxxl.de\/markt\/#\/schema\/logo\/image\/"}}]}},"_links":{"self":[{"href":"https:\/\/marktxxl.de\/markt\/wp-json\/wp\/v2\/product\/36682","targetHints":{"allow":["GET"]}}],"collection":[{"href":"https:\/\/marktxxl.de\/markt\/wp-json\/wp\/v2\/product"}],"about":[{"href":"https:\/\/marktxxl.de\/markt\/wp-json\/wp\/v2\/types\/product"}],"replies":[{"embeddable":true,"href":"https:\/\/marktxxl.de\/markt\/wp-json\/wp\/v2\/comments?post=36682"}],"wp:featuredmedia":[{"embeddable":true,"href":"https:\/\/marktxxl.de\/markt\/wp-json\/wp\/v2\/media\/36683"}],"wp:attachment":[{"href":"https:\/\/marktxxl.de\/markt\/wp-json\/wp\/v2\/media?parent=36682"}],"wp:term":[{"taxonomy":"product_brand","embeddable":true,"href":"https:\/\/marktxxl.de\/markt\/wp-json\/wp\/v2\/product_brand?post=36682"},{"taxonomy":"product_cat","embeddable":true,"href":"https:\/\/marktxxl.de\/markt\/wp-json\/wp\/v2\/product_cat?post=36682"},{"taxonomy":"product_tag","embeddable":true,"href":"https:\/\/marktxxl.de\/markt\/wp-json\/wp\/v2\/product_tag?post=36682"}],"curies":[{"name":"wp","href":"https:\/\/api.w.org\/{rel}","templated":true}]}}