{"id":36437,"date":"2021-09-13T21:19:12","date_gmt":"2021-09-13T19:19:12","guid":{"rendered":"https:\/\/marktxxl.de\/markt\/produkt\/auvon-night-light\/"},"modified":"2023-04-08T01:20:14","modified_gmt":"2023-04-07T23:20:14","slug":"auvon-night-light","status":"publish","type":"product","link":"https:\/\/marktxxl.de\/markt\/produkt\/auvon-night-light\/","title":{"rendered":"AUVON Night Light"},"content":{"rendered":"<p>Living Smart mit Nachtlichtern. Viele AUVON Kunden verwenden sie als visuelle Hilfe bei Treppen und anderen potenziellen Hindernissen oder Gefahren. Diese Nachtlichter sind auch f\u00fcr kleine Kinder geeignet, die Angst vor Albtr\u00e4umen und Dunkelheit haben, sowie stillende M\u00fctter, die sp\u00e4t Nacht Besuche im Kinderzimmer machen.<br \/>\nWiederaufladbares Nachtlicht der 2. Generation. Sie m\u00fcssen sich keine Sorgen \u00fcber den h\u00e4ufigen Kauf und den Wechsel von nicht recycelbaren AAA-Batterien machen. Eine zweist\u00fcndige Aufladung f\u00fcr diese wiederaufladbare Batterie kann bis zu 180 Tage dauern, wenn Sie Auto + Medium Modus w\u00e4hlen. Es ist mit einem Magnetstreifen zur Montage zus\u00e4tzlich zu doppelseitigen 3M-Klebepads f\u00fcr Orte mit begrenztem Stromzugriff. Da es auf jeder ebenen Fl\u00e4che stehen kann, k\u00f6nnen Sie es \u00fcberall platzieren, wo Sie es lieben, den Weg zu beleuchten.<br \/>\nPassive Infrarot-Technologie Es verwendet einen teuren passiven Infrarot-Bewegungssensor, um Bewegungen innerhalb von 6 m f\u00fcr automatisches Einschalten zu erkennen, und schaltet sich automatisch nach 20 Sekunden ohne Bewegung aus.<br \/>\n5 n\u00fctzliche Modi. 2 Helligkeitsmodi und 3 Beleuchtungsmodi sind f\u00fcr ein Nachtlicht enthalten. Sie k\u00f6nnen die gew\u00fcnschte Helligkeit von der hohen oder mittleren Helligkeit w\u00e4hlen, indem Sie einfach eine Taste auf der Oberseite dr\u00fccken, w\u00e4hrend Sie die Beleuchtungsmodi von AUTO, ON oder OFF f\u00fcr verschiedene Anl\u00e4sse ausw\u00e4hlen und Ihnen die beste Nutzungserfahrung bieten.<br \/>\nWas Sie erhalten: 4 x AUVON Nachtlichter, 1 x USB-Kabel, 1 x Bedienungsanleitung (evtl. nicht in deutscher Sprache).<br \/>\n<div class=\"main-cross-sell\" data-asin=\"B0811Y677F\">\n\n\t<div class=\"WooZone-cross-sell-loader\">\n\t\t<div>\n\t\t\t<div id=\"floatingBarsG\">\n\t\t\t\t<div class=\"blockG\" id=\"rotateG_01\"><\/div>\n\t\t\t\t<div class=\"blockG\" id=\"rotateG_02\"><\/div>\n\t\t\t\t<div class=\"blockG\" id=\"rotateG_03\"><\/div>\n\t\t\t\t<div class=\"blockG\" id=\"rotateG_04\"><\/div>\n\t\t\t\t<div class=\"blockG\" id=\"rotateG_05\"><\/div>\n\t\t\t\t<div class=\"blockG\" id=\"rotateG_06\"><\/div>\n\t\t\t\t<div class=\"blockG\" id=\"rotateG_07\"><\/div>\n\t\t\t\t<div class=\"blockG\" id=\"rotateG_08\"><\/div>\n\t\t\t<\/div>\n\t\t\t<div class=\"WooZone-cross-sell-loader-text\"><\/div>\n\t\t<\/div>\n\t<\/div>\n\n\t\t\n<\/div>\n<div style=\"clear:both;\"><\/div><\/p>\n","protected":false},"excerpt":{"rendered":"<p>Living Smart mit Nachtlichtern. Viele AUVON Kunden verwenden sie als visuelle Hilfe bei Treppen und anderen potenziellen Hindernissen oder Gefahren. Diese Nachtlichter sind auch f\u00fcr kleine Kinder geeignet, die Angst vor Albtr\u00e4umen und Dunkelheit haben, sowie stillende M\u00fctter, die sp\u00e4t Nacht Besuche im Kinderzimmer machen.<br \/>\nWiederaufladbares Nachtlicht der 2. Generation. Sie m\u00fcssen sich keine Sorgen \u00fcber den h\u00e4ufigen Kauf und den Wechsel von nicht recycelbaren AAA-Batterien machen. Eine zweist\u00fcndige Aufladung f\u00fcr diese wiederaufladbare Batterie kann bis zu 180 Tage dauern, wenn Sie Auto + Medium Modus w\u00e4hlen. Es ist mit einem Magnetstreifen zur Montage zus\u00e4tzlich zu doppelseitigen 3M-Klebepads f\u00fcr Orte mit begrenztem Stromzugriff. Da es auf jeder ebenen Fl\u00e4che stehen kann, k\u00f6nnen Sie es \u00fcberall platzieren, wo Sie es lieben, den Weg zu beleuchten.<br \/>\nPassive Infrarot-Technologie Es verwendet einen teuren passiven Infrarot-Bewegungssensor, um Bewegungen innerhalb von 6 m f\u00fcr automatisches Einschalten zu erkennen, und schaltet sich automatisch nach 20 Sekunden ohne Bewegung aus.<\/p>\n","protected":false},"featured_media":36438,"comment_status":"open","ping_status":"closed","template":"","meta":[],"product_brand":[],"product_cat":[2108,11509],"product_tag":[],"class_list":{"0":"post-36437","1":"product","2":"type-product","3":"status-publish","4":"has-post-thumbnail","6":"product_cat-beleuchtung","7":"product_cat-innenbeleuchtung","8":"pa_brand-auvon","9":"pa_height-1-1-zoll","10":"pa_length-2-2-zoll","11":"pa_manufacturer-auvon","12":"pa_model-25199","13":"pa_size-4-pack","14":"pa_width-2-2-zoll","16":"first","17":"instock","18":"shipping-taxable","19":"purchasable","20":"product-type-simple","21":"customify-col","22":"product-has-gallery"},"yoast_head":"<!-- This site is optimized with the Yoast SEO plugin v27.3 - https:\/\/yoast.com\/product\/yoast-seo-wordpress\/ -->\n<title>AUVON Night Light - Markt-XXL<\/title>\n<meta name=\"description\" content=\"Markt-XXL AUVON Night Light\" \/>\n<meta name=\"robots\" content=\"index, follow, max-snippet:-1, max-image-preview:large, max-video-preview:-1\" \/>\n<link rel=\"canonical\" href=\"https:\/\/marktxxl.de\/markt\/produkt\/auvon-night-light\/\" \/>\n<meta property=\"og:locale\" content=\"de_DE\" \/>\n<meta property=\"og:type\" content=\"article\" \/>\n<meta property=\"og:title\" content=\"AUVON Night Light - Markt-XXL\" \/>\n<meta property=\"og:description\" content=\"Markt-XXL AUVON Night Light\" \/>\n<meta property=\"og:url\" content=\"https:\/\/marktxxl.de\/markt\/produkt\/auvon-night-light\/\" \/>\n<meta property=\"og:site_name\" content=\"Markt-XXL\" \/>\n<meta property=\"article:modified_time\" content=\"2023-04-07T23:20:14+00:00\" \/>\n<meta property=\"og:image\" content=\"https:\/\/m.media-amazon.com\/images\/I\/31DdcsSe3OL._SL500_.jpg\" \/>\n\t<meta property=\"og:image:width\" content=\"500\" \/>\n\t<meta property=\"og:image:height\" content=\"500\" \/>\n\t<meta property=\"og:image:type\" content=\"image\/jpeg\" \/>\n<meta name=\"twitter:card\" content=\"summary_large_image\" \/>\n<meta name=\"twitter:label1\" content=\"Gesch\u00e4tzte Lesezeit\" \/>\n\t<meta name=\"twitter:data1\" content=\"1\u00a0Minute\" \/>\n<script type=\"application\/ld+json\" class=\"yoast-schema-graph\">{\"@context\":\"https:\\\/\\\/schema.org\",\"@graph\":[{\"@type\":\"WebPage\",\"@id\":\"https:\\\/\\\/marktxxl.de\\\/markt\\\/produkt\\\/auvon-night-light\\\/\",\"url\":\"https:\\\/\\\/marktxxl.de\\\/markt\\\/produkt\\\/auvon-night-light\\\/\",\"name\":\"AUVON Night Light - Markt-XXL\",\"isPartOf\":{\"@id\":\"https:\\\/\\\/marktxxl.de\\\/markt\\\/#website\"},\"primaryImageOfPage\":{\"@id\":\"https:\\\/\\\/marktxxl.de\\\/markt\\\/produkt\\\/auvon-night-light\\\/#primaryimage\"},\"image\":{\"@id\":\"https:\\\/\\\/marktxxl.de\\\/markt\\\/produkt\\\/auvon-night-light\\\/#primaryimage\"},\"thumbnailUrl\":\"https:\\\/\\\/m.media-amazon.com\\\/images\\\/I\\\/31DdcsSe3OL._SL500_.jpg\",\"datePublished\":\"2021-09-13T19:19:12+00:00\",\"dateModified\":\"2023-04-07T23:20:14+00:00\",\"description\":\"Markt-XXL AUVON Night Light\",\"breadcrumb\":{\"@id\":\"https:\\\/\\\/marktxxl.de\\\/markt\\\/produkt\\\/auvon-night-light\\\/#breadcrumb\"},\"inLanguage\":\"de\",\"potentialAction\":[{\"@type\":\"ReadAction\",\"target\":[\"https:\\\/\\\/marktxxl.de\\\/markt\\\/produkt\\\/auvon-night-light\\\/\"]}]},{\"@type\":\"ImageObject\",\"inLanguage\":\"de\",\"@id\":\"https:\\\/\\\/marktxxl.de\\\/markt\\\/produkt\\\/auvon-night-light\\\/#primaryimage\",\"url\":\"https:\\\/\\\/m.media-amazon.com\\\/images\\\/I\\\/31DdcsSe3OL._SL500_.jpg\",\"contentUrl\":\"https:\\\/\\\/m.media-amazon.com\\\/images\\\/I\\\/31DdcsSe3OL._SL500_.jpg\",\"width\":500,\"height\":500},{\"@type\":\"BreadcrumbList\",\"@id\":\"https:\\\/\\\/marktxxl.de\\\/markt\\\/produkt\\\/auvon-night-light\\\/#breadcrumb\",\"itemListElement\":[{\"@type\":\"ListItem\",\"position\":1,\"name\":\"Startseite\",\"item\":\"https:\\\/\\\/marktxxl.de\\\/markt\\\/\"},{\"@type\":\"ListItem\",\"position\":2,\"name\":\"Markt\",\"item\":\"https:\\\/\\\/marktxxl.de\\\/markt\\\/\"},{\"@type\":\"ListItem\",\"position\":3,\"name\":\"AUVON Night Light\"}]},{\"@type\":\"WebSite\",\"@id\":\"https:\\\/\\\/marktxxl.de\\\/markt\\\/#website\",\"url\":\"https:\\\/\\\/marktxxl.de\\\/markt\\\/\",\"name\":\"Markt-XXL\",\"description\":\"Ihr Markt Online\",\"publisher\":{\"@id\":\"https:\\\/\\\/marktxxl.de\\\/markt\\\/#organization\"},\"potentialAction\":[{\"@type\":\"SearchAction\",\"target\":{\"@type\":\"EntryPoint\",\"urlTemplate\":\"https:\\\/\\\/marktxxl.de\\\/markt\\\/?s={search_term_string}\"},\"query-input\":{\"@type\":\"PropertyValueSpecification\",\"valueRequired\":true,\"valueName\":\"search_term_string\"}}],\"inLanguage\":\"de\"},{\"@type\":\"Organization\",\"@id\":\"https:\\\/\\\/marktxxl.de\\\/markt\\\/#organization\",\"name\":\"Markt-XXL\",\"url\":\"https:\\\/\\\/marktxxl.de\\\/markt\\\/\",\"logo\":{\"@type\":\"ImageObject\",\"inLanguage\":\"de\",\"@id\":\"https:\\\/\\\/marktxxl.de\\\/markt\\\/#\\\/schema\\\/logo\\\/image\\\/\",\"url\":\"https:\\\/\\\/marktxxl.de\\\/markt\\\/wp-content\\\/uploads\\\/sites\\\/3\\\/2020\\\/12\\\/logo.png\",\"contentUrl\":\"https:\\\/\\\/marktxxl.de\\\/markt\\\/wp-content\\\/uploads\\\/sites\\\/3\\\/2020\\\/12\\\/logo.png\",\"width\":200,\"height\":70,\"caption\":\"Markt-XXL\"},\"image\":{\"@id\":\"https:\\\/\\\/marktxxl.de\\\/markt\\\/#\\\/schema\\\/logo\\\/image\\\/\"}}]}<\/script>\n<!-- \/ Yoast SEO plugin. -->","yoast_head_json":{"title":"AUVON Night Light - Markt-XXL","description":"Markt-XXL AUVON Night Light","robots":{"index":"index","follow":"follow","max-snippet":"max-snippet:-1","max-image-preview":"max-image-preview:large","max-video-preview":"max-video-preview:-1"},"canonical":"https:\/\/marktxxl.de\/markt\/produkt\/auvon-night-light\/","og_locale":"de_DE","og_type":"article","og_title":"AUVON Night Light - Markt-XXL","og_description":"Markt-XXL AUVON Night Light","og_url":"https:\/\/marktxxl.de\/markt\/produkt\/auvon-night-light\/","og_site_name":"Markt-XXL","article_modified_time":"2023-04-07T23:20:14+00:00","og_image":[{"width":500,"height":500,"url":"https:\/\/m.media-amazon.com\/images\/I\/31DdcsSe3OL._SL500_.jpg","type":"image\/jpeg"}],"twitter_card":"summary_large_image","twitter_misc":{"Gesch\u00e4tzte Lesezeit":"1\u00a0Minute"},"schema":{"@context":"https:\/\/schema.org","@graph":[{"@type":"WebPage","@id":"https:\/\/marktxxl.de\/markt\/produkt\/auvon-night-light\/","url":"https:\/\/marktxxl.de\/markt\/produkt\/auvon-night-light\/","name":"AUVON Night Light - Markt-XXL","isPartOf":{"@id":"https:\/\/marktxxl.de\/markt\/#website"},"primaryImageOfPage":{"@id":"https:\/\/marktxxl.de\/markt\/produkt\/auvon-night-light\/#primaryimage"},"image":{"@id":"https:\/\/marktxxl.de\/markt\/produkt\/auvon-night-light\/#primaryimage"},"thumbnailUrl":"https:\/\/m.media-amazon.com\/images\/I\/31DdcsSe3OL._SL500_.jpg","datePublished":"2021-09-13T19:19:12+00:00","dateModified":"2023-04-07T23:20:14+00:00","description":"Markt-XXL AUVON Night Light","breadcrumb":{"@id":"https:\/\/marktxxl.de\/markt\/produkt\/auvon-night-light\/#breadcrumb"},"inLanguage":"de","potentialAction":[{"@type":"ReadAction","target":["https:\/\/marktxxl.de\/markt\/produkt\/auvon-night-light\/"]}]},{"@type":"ImageObject","inLanguage":"de","@id":"https:\/\/marktxxl.de\/markt\/produkt\/auvon-night-light\/#primaryimage","url":"https:\/\/m.media-amazon.com\/images\/I\/31DdcsSe3OL._SL500_.jpg","contentUrl":"https:\/\/m.media-amazon.com\/images\/I\/31DdcsSe3OL._SL500_.jpg","width":500,"height":500},{"@type":"BreadcrumbList","@id":"https:\/\/marktxxl.de\/markt\/produkt\/auvon-night-light\/#breadcrumb","itemListElement":[{"@type":"ListItem","position":1,"name":"Startseite","item":"https:\/\/marktxxl.de\/markt\/"},{"@type":"ListItem","position":2,"name":"Markt","item":"https:\/\/marktxxl.de\/markt\/"},{"@type":"ListItem","position":3,"name":"AUVON Night Light"}]},{"@type":"WebSite","@id":"https:\/\/marktxxl.de\/markt\/#website","url":"https:\/\/marktxxl.de\/markt\/","name":"Markt-XXL","description":"Ihr Markt Online","publisher":{"@id":"https:\/\/marktxxl.de\/markt\/#organization"},"potentialAction":[{"@type":"SearchAction","target":{"@type":"EntryPoint","urlTemplate":"https:\/\/marktxxl.de\/markt\/?s={search_term_string}"},"query-input":{"@type":"PropertyValueSpecification","valueRequired":true,"valueName":"search_term_string"}}],"inLanguage":"de"},{"@type":"Organization","@id":"https:\/\/marktxxl.de\/markt\/#organization","name":"Markt-XXL","url":"https:\/\/marktxxl.de\/markt\/","logo":{"@type":"ImageObject","inLanguage":"de","@id":"https:\/\/marktxxl.de\/markt\/#\/schema\/logo\/image\/","url":"https:\/\/marktxxl.de\/markt\/wp-content\/uploads\/sites\/3\/2020\/12\/logo.png","contentUrl":"https:\/\/marktxxl.de\/markt\/wp-content\/uploads\/sites\/3\/2020\/12\/logo.png","width":200,"height":70,"caption":"Markt-XXL"},"image":{"@id":"https:\/\/marktxxl.de\/markt\/#\/schema\/logo\/image\/"}}]}},"_links":{"self":[{"href":"https:\/\/marktxxl.de\/markt\/wp-json\/wp\/v2\/product\/36437","targetHints":{"allow":["GET"]}}],"collection":[{"href":"https:\/\/marktxxl.de\/markt\/wp-json\/wp\/v2\/product"}],"about":[{"href":"https:\/\/marktxxl.de\/markt\/wp-json\/wp\/v2\/types\/product"}],"replies":[{"embeddable":true,"href":"https:\/\/marktxxl.de\/markt\/wp-json\/wp\/v2\/comments?post=36437"}],"wp:featuredmedia":[{"embeddable":true,"href":"https:\/\/marktxxl.de\/markt\/wp-json\/wp\/v2\/media\/36438"}],"wp:attachment":[{"href":"https:\/\/marktxxl.de\/markt\/wp-json\/wp\/v2\/media?parent=36437"}],"wp:term":[{"taxonomy":"product_brand","embeddable":true,"href":"https:\/\/marktxxl.de\/markt\/wp-json\/wp\/v2\/product_brand?post=36437"},{"taxonomy":"product_cat","embeddable":true,"href":"https:\/\/marktxxl.de\/markt\/wp-json\/wp\/v2\/product_cat?post=36437"},{"taxonomy":"product_tag","embeddable":true,"href":"https:\/\/marktxxl.de\/markt\/wp-json\/wp\/v2\/product_tag?post=36437"}],"curies":[{"name":"wp","href":"https:\/\/api.w.org\/{rel}","templated":true}]}}