{"id":36428,"date":"2021-09-13T21:19:11","date_gmt":"2021-09-13T19:19:11","guid":{"rendered":"https:\/\/marktxxl.de\/markt\/produkt\/benq-screenbar-led-monitor-lampe-schreibtischlampe-bildschirmlampe-mit-auto-dimmen-und-farbton-anpassungsfunktionen-augenpflege-kein-bildschirm-blendung-oder-flimmern-usb-aufladen-buero-lampe\/"},"modified":"2023-04-08T01:20:14","modified_gmt":"2023-04-07T23:20:14","slug":"benq-screenbar-led-monitor-lampe-schreibtischlampe-bildschirmlampe-mit-auto-dimmen-und-farbton-anpassungsfunktionen-augenpflege-kein-bildschirm-blendung-oder-flimmern-usb-aufladen-buero-lampe","status":"publish","type":"product","link":"https:\/\/marktxxl.de\/markt\/produkt\/benq-screenbar-led-monitor-lampe-schreibtischlampe-bildschirmlampe-mit-auto-dimmen-und-farbton-anpassungsfunktionen-augenpflege-kein-bildschirm-blendung-oder-flimmern-usb-aufladen-buero-lampe\/","title":{"rendered":"BenQ ScreenBar LED Monitor Lampe Schreibtischlampe bildschirmlampe mit Auto-Dimmen und Farbton-Anpassungsfunktionen\u2026"},"content":{"rendered":"<p>Platzsparend: Ein speziell entworfener Clip macht die Befestigung an Monitoren einfach und stabil. Keine Notwendigkeit f\u00fcr Schrauben oder Klebeband, die Monitore besch\u00e4digen. Der Clip passt auf jeden Monitor mit einer Dicke von 1 bis 3 cm<br \/>\nUSB-betrieben: Jeder USB-Stecker (USB-Typ-C-Kabel) kann die ScreenBar-Monitorleuchte mit Strom versorgen, egal ob es sich um einen Computer, ein Handy-Ladeger\u00e4t oder eine Powerbank handelt. Sobald Sie es einschalten, nimmt ScreenBar Ihre zuletzt verwendeten Helligkeits- und Farbtemperatureinstellungen fort, um Sie wieder zu begr\u00fc\u00dfen<br \/>\nEntspricht der Standard-Lichtstufe: entspricht der amerikanischen National Standard Praxis f\u00fcr B\u00fcrobeleuchtung 500 Lux Empfehlung (1000 Lux in der Mitte)<br \/>\nBildschirm-Blendfrei: ScreenBar Monitorleuchte hat ein asymmetrisches optisches Design, das nur den Schreibtisch beleuchtet und keine Reflexionen vom Bildschirm gew\u00e4hrleistet<br \/>\nFarbeinstellung: Einstellbare Farbtemperatur f\u00fcr Fokus und Komfort. Warmes Licht zum Entspannen, k\u00fchles Licht f\u00fcr Arbeitseffizienz<br \/>\n<div class=\"main-cross-sell\" data-asin=\"B0785D93KD\">\n\n\t<div class=\"WooZone-cross-sell-loader\">\n\t\t<div>\n\t\t\t<div id=\"floatingBarsG\">\n\t\t\t\t<div class=\"blockG\" id=\"rotateG_01\"><\/div>\n\t\t\t\t<div class=\"blockG\" id=\"rotateG_02\"><\/div>\n\t\t\t\t<div class=\"blockG\" id=\"rotateG_03\"><\/div>\n\t\t\t\t<div class=\"blockG\" id=\"rotateG_04\"><\/div>\n\t\t\t\t<div class=\"blockG\" id=\"rotateG_05\"><\/div>\n\t\t\t\t<div class=\"blockG\" id=\"rotateG_06\"><\/div>\n\t\t\t\t<div class=\"blockG\" id=\"rotateG_07\"><\/div>\n\t\t\t\t<div class=\"blockG\" id=\"rotateG_08\"><\/div>\n\t\t\t<\/div>\n\t\t\t<div class=\"WooZone-cross-sell-loader-text\"><\/div>\n\t\t<\/div>\n\t<\/div>\n\n\t\t\n<\/div>\n<div style=\"clear:both;\"><\/div><\/p>\n","protected":false},"excerpt":{"rendered":"<p>Platzsparend: Ein speziell entworfener Clip macht die Befestigung an Monitoren einfach und stabil. Keine Notwendigkeit f\u00fcr Schrauben oder Klebeband, die Monitore besch\u00e4digen. Der Clip passt auf jeden Monitor mit einer Dicke von 1 bis 3 cm<br \/>\nUSB-betrieben: Jeder USB-Stecker (USB-Typ-C-Kabel) kann die ScreenBar-Monitorleuchte mit Strom versorgen, egal ob es sich um einen Computer, ein Handy-Ladeger\u00e4t oder eine Powerbank handelt. Sobald Sie es einschalten, nimmt ScreenBar Ihre zuletzt verwendeten Helligkeits- und Farbtemperatureinstellungen fort, um Sie wieder zu begr\u00fc\u00dfen<br \/>\nEntspricht der Standard-Lichtstufe: entspricht der amerikanischen National Standard Praxis f\u00fcr B\u00fcrobeleuchtung 500 Lux Empfehlung (1000 Lux in der Mitte)<\/p>\n","protected":false},"featured_media":36429,"comment_status":"open","ping_status":"closed","template":"","meta":[],"product_brand":[],"product_cat":[2108,11509],"product_tag":[],"class_list":{"0":"post-36428","1":"product","2":"type-product","3":"status-publish","4":"has-post-thumbnail","6":"product_cat-beleuchtung","7":"product_cat-innenbeleuchtung","8":"pa_binding-buerobedarf-schreibwaren","9":"pa_brand-benq","10":"pa_color-schwarz","11":"pa_height-1-968503935-zoll","12":"pa_length-20-078740137-zoll","13":"pa_manufacturer-benq","14":"pa_model-screenbar","15":"pa_size-screenbar","16":"pa_weight-1-1684499886-pfund","17":"pa_width-1-968503935-zoll","19":"first","20":"instock","21":"shipping-taxable","22":"purchasable","23":"product-type-simple","24":"customify-col","25":"product-has-gallery"},"yoast_head":"<!-- This site is optimized with the Yoast SEO plugin v27.4 - https:\/\/yoast.com\/product\/yoast-seo-wordpress\/ -->\n<title>BenQ ScreenBar LED Monitor Lampe Schreibtischlampe bildschirmlampe mit Auto-Dimmen und Farbton-Anpassungsfunktionen\u2026 - Markt-XXL<\/title>\n<meta name=\"description\" content=\"Markt-XXL BenQ ScreenBar LED Monitor Lampe Schreibtischlampe bildschirmlampe mit Auto-Dimmen und Farbton-Anpassungsfunktionen\u2026\" \/>\n<meta name=\"robots\" content=\"index, follow, max-snippet:-1, max-image-preview:large, max-video-preview:-1\" \/>\n<link rel=\"canonical\" href=\"https:\/\/marktxxl.de\/markt\/produkt\/benq-screenbar-led-monitor-lampe-schreibtischlampe-bildschirmlampe-mit-auto-dimmen-und-farbton-anpassungsfunktionen-augenpflege-kein-bildschirm-blendung-oder-flimmern-usb-aufladen-buero-lampe\/\" \/>\n<meta property=\"og:locale\" content=\"de_DE\" \/>\n<meta property=\"og:type\" content=\"article\" \/>\n<meta property=\"og:title\" content=\"BenQ ScreenBar LED Monitor Lampe Schreibtischlampe bildschirmlampe mit Auto-Dimmen und Farbton-Anpassungsfunktionen\u2026 - Markt-XXL\" \/>\n<meta property=\"og:description\" content=\"Markt-XXL BenQ ScreenBar LED Monitor Lampe Schreibtischlampe bildschirmlampe mit Auto-Dimmen und Farbton-Anpassungsfunktionen\u2026\" \/>\n<meta property=\"og:url\" content=\"https:\/\/marktxxl.de\/markt\/produkt\/benq-screenbar-led-monitor-lampe-schreibtischlampe-bildschirmlampe-mit-auto-dimmen-und-farbton-anpassungsfunktionen-augenpflege-kein-bildschirm-blendung-oder-flimmern-usb-aufladen-buero-lampe\/\" \/>\n<meta property=\"og:site_name\" content=\"Markt-XXL\" \/>\n<meta property=\"article:modified_time\" content=\"2023-04-07T23:20:14+00:00\" \/>\n<meta property=\"og:image\" content=\"https:\/\/m.media-amazon.com\/images\/I\/31l6z-WKqAL._SL500_.jpg\" \/>\n\t<meta property=\"og:image:width\" content=\"500\" \/>\n\t<meta property=\"og:image:height\" content=\"500\" \/>\n\t<meta property=\"og:image:type\" content=\"image\/jpeg\" \/>\n<meta name=\"twitter:card\" content=\"summary_large_image\" \/>\n<meta name=\"twitter:label1\" content=\"Gesch\u00e4tzte Lesezeit\" \/>\n\t<meta name=\"twitter:data1\" content=\"1\u00a0Minute\" \/>\n<script type=\"application\/ld+json\" class=\"yoast-schema-graph\">{\"@context\":\"https:\\\/\\\/schema.org\",\"@graph\":[{\"@type\":\"WebPage\",\"@id\":\"https:\\\/\\\/marktxxl.de\\\/markt\\\/produkt\\\/benq-screenbar-led-monitor-lampe-schreibtischlampe-bildschirmlampe-mit-auto-dimmen-und-farbton-anpassungsfunktionen-augenpflege-kein-bildschirm-blendung-oder-flimmern-usb-aufladen-buero-lampe\\\/\",\"url\":\"https:\\\/\\\/marktxxl.de\\\/markt\\\/produkt\\\/benq-screenbar-led-monitor-lampe-schreibtischlampe-bildschirmlampe-mit-auto-dimmen-und-farbton-anpassungsfunktionen-augenpflege-kein-bildschirm-blendung-oder-flimmern-usb-aufladen-buero-lampe\\\/\",\"name\":\"BenQ ScreenBar LED Monitor Lampe Schreibtischlampe bildschirmlampe mit Auto-Dimmen und Farbton-Anpassungsfunktionen\u2026 - Markt-XXL\",\"isPartOf\":{\"@id\":\"https:\\\/\\\/marktxxl.de\\\/markt\\\/#website\"},\"primaryImageOfPage\":{\"@id\":\"https:\\\/\\\/marktxxl.de\\\/markt\\\/produkt\\\/benq-screenbar-led-monitor-lampe-schreibtischlampe-bildschirmlampe-mit-auto-dimmen-und-farbton-anpassungsfunktionen-augenpflege-kein-bildschirm-blendung-oder-flimmern-usb-aufladen-buero-lampe\\\/#primaryimage\"},\"image\":{\"@id\":\"https:\\\/\\\/marktxxl.de\\\/markt\\\/produkt\\\/benq-screenbar-led-monitor-lampe-schreibtischlampe-bildschirmlampe-mit-auto-dimmen-und-farbton-anpassungsfunktionen-augenpflege-kein-bildschirm-blendung-oder-flimmern-usb-aufladen-buero-lampe\\\/#primaryimage\"},\"thumbnailUrl\":\"https:\\\/\\\/m.media-amazon.com\\\/images\\\/I\\\/31l6z-WKqAL._SL500_.jpg\",\"datePublished\":\"2021-09-13T19:19:11+00:00\",\"dateModified\":\"2023-04-07T23:20:14+00:00\",\"description\":\"Markt-XXL BenQ ScreenBar LED Monitor Lampe Schreibtischlampe bildschirmlampe mit Auto-Dimmen und Farbton-Anpassungsfunktionen\u2026\",\"breadcrumb\":{\"@id\":\"https:\\\/\\\/marktxxl.de\\\/markt\\\/produkt\\\/benq-screenbar-led-monitor-lampe-schreibtischlampe-bildschirmlampe-mit-auto-dimmen-und-farbton-anpassungsfunktionen-augenpflege-kein-bildschirm-blendung-oder-flimmern-usb-aufladen-buero-lampe\\\/#breadcrumb\"},\"inLanguage\":\"de\",\"potentialAction\":[{\"@type\":\"ReadAction\",\"target\":[\"https:\\\/\\\/marktxxl.de\\\/markt\\\/produkt\\\/benq-screenbar-led-monitor-lampe-schreibtischlampe-bildschirmlampe-mit-auto-dimmen-und-farbton-anpassungsfunktionen-augenpflege-kein-bildschirm-blendung-oder-flimmern-usb-aufladen-buero-lampe\\\/\"]}]},{\"@type\":\"ImageObject\",\"inLanguage\":\"de\",\"@id\":\"https:\\\/\\\/marktxxl.de\\\/markt\\\/produkt\\\/benq-screenbar-led-monitor-lampe-schreibtischlampe-bildschirmlampe-mit-auto-dimmen-und-farbton-anpassungsfunktionen-augenpflege-kein-bildschirm-blendung-oder-flimmern-usb-aufladen-buero-lampe\\\/#primaryimage\",\"url\":\"https:\\\/\\\/m.media-amazon.com\\\/images\\\/I\\\/31l6z-WKqAL._SL500_.jpg\",\"contentUrl\":\"https:\\\/\\\/m.media-amazon.com\\\/images\\\/I\\\/31l6z-WKqAL._SL500_.jpg\",\"width\":500,\"height\":500},{\"@type\":\"BreadcrumbList\",\"@id\":\"https:\\\/\\\/marktxxl.de\\\/markt\\\/produkt\\\/benq-screenbar-led-monitor-lampe-schreibtischlampe-bildschirmlampe-mit-auto-dimmen-und-farbton-anpassungsfunktionen-augenpflege-kein-bildschirm-blendung-oder-flimmern-usb-aufladen-buero-lampe\\\/#breadcrumb\",\"itemListElement\":[{\"@type\":\"ListItem\",\"position\":1,\"name\":\"Startseite\",\"item\":\"https:\\\/\\\/marktxxl.de\\\/markt\\\/\"},{\"@type\":\"ListItem\",\"position\":2,\"name\":\"Markt\",\"item\":\"https:\\\/\\\/marktxxl.de\\\/markt\\\/\"},{\"@type\":\"ListItem\",\"position\":3,\"name\":\"BenQ ScreenBar LED Monitor Lampe Schreibtischlampe bildschirmlampe mit Auto-Dimmen und Farbton-Anpassungsfunktionen\u2026\"}]},{\"@type\":\"WebSite\",\"@id\":\"https:\\\/\\\/marktxxl.de\\\/markt\\\/#website\",\"url\":\"https:\\\/\\\/marktxxl.de\\\/markt\\\/\",\"name\":\"Markt-XXL\",\"description\":\"Ihr Markt Online\",\"publisher\":{\"@id\":\"https:\\\/\\\/marktxxl.de\\\/markt\\\/#organization\"},\"potentialAction\":[{\"@type\":\"SearchAction\",\"target\":{\"@type\":\"EntryPoint\",\"urlTemplate\":\"https:\\\/\\\/marktxxl.de\\\/markt\\\/?s={search_term_string}\"},\"query-input\":{\"@type\":\"PropertyValueSpecification\",\"valueRequired\":true,\"valueName\":\"search_term_string\"}}],\"inLanguage\":\"de\"},{\"@type\":\"Organization\",\"@id\":\"https:\\\/\\\/marktxxl.de\\\/markt\\\/#organization\",\"name\":\"Markt-XXL\",\"url\":\"https:\\\/\\\/marktxxl.de\\\/markt\\\/\",\"logo\":{\"@type\":\"ImageObject\",\"inLanguage\":\"de\",\"@id\":\"https:\\\/\\\/marktxxl.de\\\/markt\\\/#\\\/schema\\\/logo\\\/image\\\/\",\"url\":\"https:\\\/\\\/marktxxl.de\\\/markt\\\/wp-content\\\/uploads\\\/sites\\\/3\\\/2020\\\/12\\\/logo.png\",\"contentUrl\":\"https:\\\/\\\/marktxxl.de\\\/markt\\\/wp-content\\\/uploads\\\/sites\\\/3\\\/2020\\\/12\\\/logo.png\",\"width\":200,\"height\":70,\"caption\":\"Markt-XXL\"},\"image\":{\"@id\":\"https:\\\/\\\/marktxxl.de\\\/markt\\\/#\\\/schema\\\/logo\\\/image\\\/\"}}]}<\/script>\n<!-- \/ Yoast SEO plugin. -->","yoast_head_json":{"title":"BenQ ScreenBar LED Monitor Lampe Schreibtischlampe bildschirmlampe mit Auto-Dimmen und Farbton-Anpassungsfunktionen\u2026 - Markt-XXL","description":"Markt-XXL BenQ ScreenBar LED Monitor Lampe Schreibtischlampe bildschirmlampe mit Auto-Dimmen und Farbton-Anpassungsfunktionen\u2026","robots":{"index":"index","follow":"follow","max-snippet":"max-snippet:-1","max-image-preview":"max-image-preview:large","max-video-preview":"max-video-preview:-1"},"canonical":"https:\/\/marktxxl.de\/markt\/produkt\/benq-screenbar-led-monitor-lampe-schreibtischlampe-bildschirmlampe-mit-auto-dimmen-und-farbton-anpassungsfunktionen-augenpflege-kein-bildschirm-blendung-oder-flimmern-usb-aufladen-buero-lampe\/","og_locale":"de_DE","og_type":"article","og_title":"BenQ ScreenBar LED Monitor Lampe Schreibtischlampe bildschirmlampe mit Auto-Dimmen und Farbton-Anpassungsfunktionen\u2026 - Markt-XXL","og_description":"Markt-XXL BenQ ScreenBar LED Monitor Lampe Schreibtischlampe bildschirmlampe mit Auto-Dimmen und Farbton-Anpassungsfunktionen\u2026","og_url":"https:\/\/marktxxl.de\/markt\/produkt\/benq-screenbar-led-monitor-lampe-schreibtischlampe-bildschirmlampe-mit-auto-dimmen-und-farbton-anpassungsfunktionen-augenpflege-kein-bildschirm-blendung-oder-flimmern-usb-aufladen-buero-lampe\/","og_site_name":"Markt-XXL","article_modified_time":"2023-04-07T23:20:14+00:00","og_image":[{"width":500,"height":500,"url":"https:\/\/m.media-amazon.com\/images\/I\/31l6z-WKqAL._SL500_.jpg","type":"image\/jpeg"}],"twitter_card":"summary_large_image","twitter_misc":{"Gesch\u00e4tzte Lesezeit":"1\u00a0Minute"},"schema":{"@context":"https:\/\/schema.org","@graph":[{"@type":"WebPage","@id":"https:\/\/marktxxl.de\/markt\/produkt\/benq-screenbar-led-monitor-lampe-schreibtischlampe-bildschirmlampe-mit-auto-dimmen-und-farbton-anpassungsfunktionen-augenpflege-kein-bildschirm-blendung-oder-flimmern-usb-aufladen-buero-lampe\/","url":"https:\/\/marktxxl.de\/markt\/produkt\/benq-screenbar-led-monitor-lampe-schreibtischlampe-bildschirmlampe-mit-auto-dimmen-und-farbton-anpassungsfunktionen-augenpflege-kein-bildschirm-blendung-oder-flimmern-usb-aufladen-buero-lampe\/","name":"BenQ ScreenBar LED Monitor Lampe Schreibtischlampe bildschirmlampe mit Auto-Dimmen und Farbton-Anpassungsfunktionen\u2026 - Markt-XXL","isPartOf":{"@id":"https:\/\/marktxxl.de\/markt\/#website"},"primaryImageOfPage":{"@id":"https:\/\/marktxxl.de\/markt\/produkt\/benq-screenbar-led-monitor-lampe-schreibtischlampe-bildschirmlampe-mit-auto-dimmen-und-farbton-anpassungsfunktionen-augenpflege-kein-bildschirm-blendung-oder-flimmern-usb-aufladen-buero-lampe\/#primaryimage"},"image":{"@id":"https:\/\/marktxxl.de\/markt\/produkt\/benq-screenbar-led-monitor-lampe-schreibtischlampe-bildschirmlampe-mit-auto-dimmen-und-farbton-anpassungsfunktionen-augenpflege-kein-bildschirm-blendung-oder-flimmern-usb-aufladen-buero-lampe\/#primaryimage"},"thumbnailUrl":"https:\/\/m.media-amazon.com\/images\/I\/31l6z-WKqAL._SL500_.jpg","datePublished":"2021-09-13T19:19:11+00:00","dateModified":"2023-04-07T23:20:14+00:00","description":"Markt-XXL BenQ ScreenBar LED Monitor Lampe Schreibtischlampe bildschirmlampe mit Auto-Dimmen und Farbton-Anpassungsfunktionen\u2026","breadcrumb":{"@id":"https:\/\/marktxxl.de\/markt\/produkt\/benq-screenbar-led-monitor-lampe-schreibtischlampe-bildschirmlampe-mit-auto-dimmen-und-farbton-anpassungsfunktionen-augenpflege-kein-bildschirm-blendung-oder-flimmern-usb-aufladen-buero-lampe\/#breadcrumb"},"inLanguage":"de","potentialAction":[{"@type":"ReadAction","target":["https:\/\/marktxxl.de\/markt\/produkt\/benq-screenbar-led-monitor-lampe-schreibtischlampe-bildschirmlampe-mit-auto-dimmen-und-farbton-anpassungsfunktionen-augenpflege-kein-bildschirm-blendung-oder-flimmern-usb-aufladen-buero-lampe\/"]}]},{"@type":"ImageObject","inLanguage":"de","@id":"https:\/\/marktxxl.de\/markt\/produkt\/benq-screenbar-led-monitor-lampe-schreibtischlampe-bildschirmlampe-mit-auto-dimmen-und-farbton-anpassungsfunktionen-augenpflege-kein-bildschirm-blendung-oder-flimmern-usb-aufladen-buero-lampe\/#primaryimage","url":"https:\/\/m.media-amazon.com\/images\/I\/31l6z-WKqAL._SL500_.jpg","contentUrl":"https:\/\/m.media-amazon.com\/images\/I\/31l6z-WKqAL._SL500_.jpg","width":500,"height":500},{"@type":"BreadcrumbList","@id":"https:\/\/marktxxl.de\/markt\/produkt\/benq-screenbar-led-monitor-lampe-schreibtischlampe-bildschirmlampe-mit-auto-dimmen-und-farbton-anpassungsfunktionen-augenpflege-kein-bildschirm-blendung-oder-flimmern-usb-aufladen-buero-lampe\/#breadcrumb","itemListElement":[{"@type":"ListItem","position":1,"name":"Startseite","item":"https:\/\/marktxxl.de\/markt\/"},{"@type":"ListItem","position":2,"name":"Markt","item":"https:\/\/marktxxl.de\/markt\/"},{"@type":"ListItem","position":3,"name":"BenQ ScreenBar LED Monitor Lampe Schreibtischlampe bildschirmlampe mit Auto-Dimmen und Farbton-Anpassungsfunktionen\u2026"}]},{"@type":"WebSite","@id":"https:\/\/marktxxl.de\/markt\/#website","url":"https:\/\/marktxxl.de\/markt\/","name":"Markt-XXL","description":"Ihr Markt Online","publisher":{"@id":"https:\/\/marktxxl.de\/markt\/#organization"},"potentialAction":[{"@type":"SearchAction","target":{"@type":"EntryPoint","urlTemplate":"https:\/\/marktxxl.de\/markt\/?s={search_term_string}"},"query-input":{"@type":"PropertyValueSpecification","valueRequired":true,"valueName":"search_term_string"}}],"inLanguage":"de"},{"@type":"Organization","@id":"https:\/\/marktxxl.de\/markt\/#organization","name":"Markt-XXL","url":"https:\/\/marktxxl.de\/markt\/","logo":{"@type":"ImageObject","inLanguage":"de","@id":"https:\/\/marktxxl.de\/markt\/#\/schema\/logo\/image\/","url":"https:\/\/marktxxl.de\/markt\/wp-content\/uploads\/sites\/3\/2020\/12\/logo.png","contentUrl":"https:\/\/marktxxl.de\/markt\/wp-content\/uploads\/sites\/3\/2020\/12\/logo.png","width":200,"height":70,"caption":"Markt-XXL"},"image":{"@id":"https:\/\/marktxxl.de\/markt\/#\/schema\/logo\/image\/"}}]}},"_links":{"self":[{"href":"https:\/\/marktxxl.de\/markt\/wp-json\/wp\/v2\/product\/36428","targetHints":{"allow":["GET"]}}],"collection":[{"href":"https:\/\/marktxxl.de\/markt\/wp-json\/wp\/v2\/product"}],"about":[{"href":"https:\/\/marktxxl.de\/markt\/wp-json\/wp\/v2\/types\/product"}],"replies":[{"embeddable":true,"href":"https:\/\/marktxxl.de\/markt\/wp-json\/wp\/v2\/comments?post=36428"}],"wp:featuredmedia":[{"embeddable":true,"href":"https:\/\/marktxxl.de\/markt\/wp-json\/wp\/v2\/media\/36429"}],"wp:attachment":[{"href":"https:\/\/marktxxl.de\/markt\/wp-json\/wp\/v2\/media?parent=36428"}],"wp:term":[{"taxonomy":"product_brand","embeddable":true,"href":"https:\/\/marktxxl.de\/markt\/wp-json\/wp\/v2\/product_brand?post=36428"},{"taxonomy":"product_cat","embeddable":true,"href":"https:\/\/marktxxl.de\/markt\/wp-json\/wp\/v2\/product_cat?post=36428"},{"taxonomy":"product_tag","embeddable":true,"href":"https:\/\/marktxxl.de\/markt\/wp-json\/wp\/v2\/product_tag?post=36428"}],"curies":[{"name":"wp","href":"https:\/\/api.w.org\/{rel}","templated":true}]}}