{"id":36004,"date":"2021-09-13T21:03:52","date_gmt":"2021-09-13T19:03:52","guid":{"rendered":"https:\/\/marktxxl.de\/markt\/produkt\/solar-sicherheitsleuchte-mit-bewegungsmelderkibtoy-solarlampen-fuer-aussen-70-leds-solar-wandleuchte-360beleuchtungswinkel-2200-mah-solarleuchten-900-lumen-ip65-fuer-haustuer-schuppen-wand-w\/"},"modified":"2023-04-10T01:35:23","modified_gmt":"2023-04-09T23:35:23","slug":"solar-sicherheitsleuchte-mit-bewegungsmelderkibtoy-solarlampen-fuer-aussen-70-leds-solar-wandleuchte-360beleuchtungswinkel-2200-mah-solarleuchten-900-lumen-ip65-fuer-haustuer-schuppen-wand-w","status":"publish","type":"product","link":"https:\/\/marktxxl.de\/markt\/produkt\/solar-sicherheitsleuchte-mit-bewegungsmelderkibtoy-solarlampen-fuer-aussen-70-leds-solar-wandleuchte-360beleuchtungswinkel-2200-mah-solarleuchten-900-lumen-ip65-fuer-haustuer-schuppen-wand-w\/","title":{"rendered":"KIBTOY 1 St\u00fcck 70 LED Solar Lights Outdoor, Solarstrahler mit Bewegungsmelder, Solarlampen f\u00fcr Au\u00dfen, Solar\u2026"},"content":{"rendered":"<p>\u3010Verbesserte Solarleuchten \u3011H\u00f6herer Solarwirkungsgrad bis zu 23% durch monokristallines Silizium. Die Kopfplatte mit integrierten 70 LEDs sorgt in Kombination mit dem Tag\/Nacht-Sensor f\u00fcr eine klare 360\u00b0Sicht rund ums Haus. Die Aussenleuchten erreichen starke 900 Lumen<br \/>\n\u3010IP65 Solarlampen f\u00fcr Au\u00dfen\u3011Solar Wandlampe aus hochwertigen robusten Kunststoffe Materialien. Bessere Abdichtung als andere Solarleuchten, kann allen Arten der strengen Wetterbedingungen widerstehen. Mit Solarleuchten k\u00f6nnen Sie \u00fcberall im Garten, Hof oder auf der Terrasse und dem Balkon ein ansprechendes Licht-Ambiente schaffen.<br \/>\n\u3010Solarsensorlicht &amp; Bewegungsmelder\u3011 Die Leuchte verf\u00fcgt \u00fcber eine integrierte K\u00f6rperbewegungssensorfunktion und einen Schwachlichtsensor.Led Aussenbeleuchtung schal sich bei einbrechender Dunkelheit automatisch an und leuchtet 30 Sekunden lang. Mit integriertem Bewegungsmelder von Winkel 160\u00b0, erkennt Personen in einer Entfernung von 5 &#8211; 8 meter.<br \/>\n\u3010Stromsparend &amp; Wandmontage\u3011LEDs sind sehr effizient. Voll aufgeladen liefert das 2200mAh Solar-Panel Strom f\u00fcr maximal 10 Stunden. LEDs der Solar Au\u00dfenleuchte halten im Schnitt bis zu 50.000 Brenn-Stunden. Keine notwendige Verkabelung, h\u00e4ngen oder verwenden Sie Schraube, um es an einem idealen Ort mit Sonnenlicht zu montieren, perfekt auch f\u00fcr schwer erreichbare Stellen oder Stellen ohne Stromanschluss<br \/>\n\u3010Freundliche Kundenservice\u3011Wir helfen Ihnen gerne, wenn doch mal etwas kaputtgeht oder fehlen sollte &#8211; Eine Geld-zur\u00fcck Garantie oder einen Ersatz des Produkts von KIBTOY. Wenn Sie irgendwelche Frage haben, wenden Sie sich bitte an uns.<br \/>\n<div class=\"main-cross-sell\" data-asin=\"B08G14192H\">\n\n\t<div class=\"WooZone-cross-sell-loader\">\n\t\t<div>\n\t\t\t<div id=\"floatingBarsG\">\n\t\t\t\t<div class=\"blockG\" id=\"rotateG_01\"><\/div>\n\t\t\t\t<div class=\"blockG\" id=\"rotateG_02\"><\/div>\n\t\t\t\t<div class=\"blockG\" id=\"rotateG_03\"><\/div>\n\t\t\t\t<div class=\"blockG\" id=\"rotateG_04\"><\/div>\n\t\t\t\t<div class=\"blockG\" id=\"rotateG_05\"><\/div>\n\t\t\t\t<div class=\"blockG\" id=\"rotateG_06\"><\/div>\n\t\t\t\t<div class=\"blockG\" id=\"rotateG_07\"><\/div>\n\t\t\t\t<div class=\"blockG\" id=\"rotateG_08\"><\/div>\n\t\t\t<\/div>\n\t\t\t<div class=\"WooZone-cross-sell-loader-text\"><\/div>\n\t\t<\/div>\n\t<\/div>\n\n\t\t\n<\/div>\n<div style=\"clear:both;\"><\/div><\/p>\n","protected":false},"excerpt":{"rendered":"<p>\u3010Verbesserte Solarleuchten \u3011H\u00f6herer Solarwirkungsgrad bis zu 23% durch monokristallines Silizium. Die Kopfplatte mit integrierten 70 LEDs sorgt in Kombination mit dem Tag\/Nacht-Sensor f\u00fcr eine klare 360\u00b0Sicht rund ums Haus. Die Aussenleuchten erreichen starke 900 Lumen<br \/>\n\u3010IP65 Solarlampen f\u00fcr Au\u00dfen\u3011Solar Wandlampe aus hochwertigen robusten Kunststoffe Materialien. Bessere Abdichtung als andere Solarleuchten, kann allen Arten der strengen Wetterbedingungen widerstehen. Mit Solarleuchten k\u00f6nnen Sie \u00fcberall im Garten, Hof oder auf der Terrasse und dem Balkon ein ansprechendes Licht-Ambiente schaffen.<br \/>\n\u3010Solarsensorlicht &amp; Bewegungsmelder\u3011 Die Leuchte verf\u00fcgt \u00fcber eine integrierte K\u00f6rperbewegungssensorfunktion und einen Schwachlichtsensor.Led Aussenbeleuchtung schal sich bei einbrechender Dunkelheit automatisch an und leuchtet 30 Sekunden lang. Mit integriertem Bewegungsmelder von Winkel 160\u00b0, erkennt Personen in einer Entfernung von 5 &#8211; 8 meter.<\/p>\n","protected":false},"featured_media":36005,"comment_status":"open","ping_status":"closed","template":"","meta":[],"product_brand":[],"product_cat":[11446,2108],"product_tag":[],"class_list":{"0":"post-36004","1":"product","2":"type-product","3":"status-publish","4":"has-post-thumbnail","6":"product_cat-aussenbeleuchtung","7":"product_cat-beleuchtung","8":"pa_brand-kibtoy","9":"pa_color-black","10":"pa_height-3-6-zoll","11":"pa_languages-unbekannt-deutsch","12":"pa_length-11-zoll","13":"pa_model-jy1911-70","14":"pa_weight-1-0141264052-pfund","15":"pa_width-5-7-zoll","17":"first","18":"instock","19":"shipping-taxable","20":"purchasable","21":"product-type-simple","22":"customify-col","23":"product-has-gallery"},"yoast_head":"<!-- This site is optimized with the Yoast SEO plugin v27.4 - https:\/\/yoast.com\/product\/yoast-seo-wordpress\/ -->\n<title>KIBTOY 1 St\u00fcck 70 LED Solar Lights Outdoor, Solarstrahler mit Bewegungsmelder, Solarlampen f\u00fcr Au\u00dfen, Solar\u2026 - Markt-XXL<\/title>\n<meta name=\"description\" content=\"Markt-XXL KIBTOY 1 St\u00fcck 70 LED Solar Lights Outdoor, Solarstrahler mit Bewegungsmelder, Solarlampen f\u00fcr Au\u00dfen, Solar\u2026\" \/>\n<meta name=\"robots\" content=\"index, follow, max-snippet:-1, max-image-preview:large, max-video-preview:-1\" \/>\n<link rel=\"canonical\" href=\"https:\/\/marktxxl.de\/markt\/produkt\/solar-sicherheitsleuchte-mit-bewegungsmelderkibtoy-solarlampen-fuer-aussen-70-leds-solar-wandleuchte-360beleuchtungswinkel-2200-mah-solarleuchten-900-lumen-ip65-fuer-haustuer-schuppen-wand-w\/\" \/>\n<meta property=\"og:locale\" content=\"de_DE\" \/>\n<meta property=\"og:type\" content=\"article\" \/>\n<meta property=\"og:title\" content=\"KIBTOY 1 St\u00fcck 70 LED Solar Lights Outdoor, Solarstrahler mit Bewegungsmelder, Solarlampen f\u00fcr Au\u00dfen, Solar\u2026 - Markt-XXL\" \/>\n<meta property=\"og:description\" content=\"Markt-XXL KIBTOY 1 St\u00fcck 70 LED Solar Lights Outdoor, Solarstrahler mit Bewegungsmelder, Solarlampen f\u00fcr Au\u00dfen, Solar\u2026\" \/>\n<meta property=\"og:url\" content=\"https:\/\/marktxxl.de\/markt\/produkt\/solar-sicherheitsleuchte-mit-bewegungsmelderkibtoy-solarlampen-fuer-aussen-70-leds-solar-wandleuchte-360beleuchtungswinkel-2200-mah-solarleuchten-900-lumen-ip65-fuer-haustuer-schuppen-wand-w\/\" \/>\n<meta property=\"og:site_name\" content=\"Markt-XXL\" \/>\n<meta property=\"article:modified_time\" content=\"2023-04-09T23:35:23+00:00\" \/>\n<meta property=\"og:image\" content=\"https:\/\/m.media-amazon.com\/images\/I\/51KLw2theAL._SL500_.jpg\" \/>\n\t<meta property=\"og:image:width\" content=\"500\" \/>\n\t<meta property=\"og:image:height\" content=\"500\" \/>\n\t<meta property=\"og:image:type\" content=\"image\/jpeg\" \/>\n<meta name=\"twitter:card\" content=\"summary_large_image\" \/>\n<meta name=\"twitter:label1\" content=\"Gesch\u00e4tzte Lesezeit\" \/>\n\t<meta name=\"twitter:data1\" content=\"1\u00a0Minute\" \/>\n<script type=\"application\/ld+json\" class=\"yoast-schema-graph\">{\"@context\":\"https:\\\/\\\/schema.org\",\"@graph\":[{\"@type\":\"WebPage\",\"@id\":\"https:\\\/\\\/marktxxl.de\\\/markt\\\/produkt\\\/solar-sicherheitsleuchte-mit-bewegungsmelderkibtoy-solarlampen-fuer-aussen-70-leds-solar-wandleuchte-360beleuchtungswinkel-2200-mah-solarleuchten-900-lumen-ip65-fuer-haustuer-schuppen-wand-w\\\/\",\"url\":\"https:\\\/\\\/marktxxl.de\\\/markt\\\/produkt\\\/solar-sicherheitsleuchte-mit-bewegungsmelderkibtoy-solarlampen-fuer-aussen-70-leds-solar-wandleuchte-360beleuchtungswinkel-2200-mah-solarleuchten-900-lumen-ip65-fuer-haustuer-schuppen-wand-w\\\/\",\"name\":\"KIBTOY 1 St\u00fcck 70 LED Solar Lights Outdoor, Solarstrahler mit Bewegungsmelder, Solarlampen f\u00fcr Au\u00dfen, Solar\u2026 - Markt-XXL\",\"isPartOf\":{\"@id\":\"https:\\\/\\\/marktxxl.de\\\/markt\\\/#website\"},\"primaryImageOfPage\":{\"@id\":\"https:\\\/\\\/marktxxl.de\\\/markt\\\/produkt\\\/solar-sicherheitsleuchte-mit-bewegungsmelderkibtoy-solarlampen-fuer-aussen-70-leds-solar-wandleuchte-360beleuchtungswinkel-2200-mah-solarleuchten-900-lumen-ip65-fuer-haustuer-schuppen-wand-w\\\/#primaryimage\"},\"image\":{\"@id\":\"https:\\\/\\\/marktxxl.de\\\/markt\\\/produkt\\\/solar-sicherheitsleuchte-mit-bewegungsmelderkibtoy-solarlampen-fuer-aussen-70-leds-solar-wandleuchte-360beleuchtungswinkel-2200-mah-solarleuchten-900-lumen-ip65-fuer-haustuer-schuppen-wand-w\\\/#primaryimage\"},\"thumbnailUrl\":\"https:\\\/\\\/m.media-amazon.com\\\/images\\\/I\\\/51KLw2theAL._SL500_.jpg\",\"datePublished\":\"2021-09-13T19:03:52+00:00\",\"dateModified\":\"2023-04-09T23:35:23+00:00\",\"description\":\"Markt-XXL KIBTOY 1 St\u00fcck 70 LED Solar Lights Outdoor, Solarstrahler mit Bewegungsmelder, Solarlampen f\u00fcr Au\u00dfen, Solar\u2026\",\"breadcrumb\":{\"@id\":\"https:\\\/\\\/marktxxl.de\\\/markt\\\/produkt\\\/solar-sicherheitsleuchte-mit-bewegungsmelderkibtoy-solarlampen-fuer-aussen-70-leds-solar-wandleuchte-360beleuchtungswinkel-2200-mah-solarleuchten-900-lumen-ip65-fuer-haustuer-schuppen-wand-w\\\/#breadcrumb\"},\"inLanguage\":\"de\",\"potentialAction\":[{\"@type\":\"ReadAction\",\"target\":[\"https:\\\/\\\/marktxxl.de\\\/markt\\\/produkt\\\/solar-sicherheitsleuchte-mit-bewegungsmelderkibtoy-solarlampen-fuer-aussen-70-leds-solar-wandleuchte-360beleuchtungswinkel-2200-mah-solarleuchten-900-lumen-ip65-fuer-haustuer-schuppen-wand-w\\\/\"]}]},{\"@type\":\"ImageObject\",\"inLanguage\":\"de\",\"@id\":\"https:\\\/\\\/marktxxl.de\\\/markt\\\/produkt\\\/solar-sicherheitsleuchte-mit-bewegungsmelderkibtoy-solarlampen-fuer-aussen-70-leds-solar-wandleuchte-360beleuchtungswinkel-2200-mah-solarleuchten-900-lumen-ip65-fuer-haustuer-schuppen-wand-w\\\/#primaryimage\",\"url\":\"https:\\\/\\\/m.media-amazon.com\\\/images\\\/I\\\/51KLw2theAL._SL500_.jpg\",\"contentUrl\":\"https:\\\/\\\/m.media-amazon.com\\\/images\\\/I\\\/51KLw2theAL._SL500_.jpg\",\"width\":500,\"height\":500},{\"@type\":\"BreadcrumbList\",\"@id\":\"https:\\\/\\\/marktxxl.de\\\/markt\\\/produkt\\\/solar-sicherheitsleuchte-mit-bewegungsmelderkibtoy-solarlampen-fuer-aussen-70-leds-solar-wandleuchte-360beleuchtungswinkel-2200-mah-solarleuchten-900-lumen-ip65-fuer-haustuer-schuppen-wand-w\\\/#breadcrumb\",\"itemListElement\":[{\"@type\":\"ListItem\",\"position\":1,\"name\":\"Startseite\",\"item\":\"https:\\\/\\\/marktxxl.de\\\/markt\\\/\"},{\"@type\":\"ListItem\",\"position\":2,\"name\":\"Markt\",\"item\":\"https:\\\/\\\/marktxxl.de\\\/markt\\\/\"},{\"@type\":\"ListItem\",\"position\":3,\"name\":\"KIBTOY 1 St\u00fcck 70 LED Solar Lights Outdoor, Solarstrahler mit Bewegungsmelder, Solarlampen f\u00fcr Au\u00dfen, Solar\u2026\"}]},{\"@type\":\"WebSite\",\"@id\":\"https:\\\/\\\/marktxxl.de\\\/markt\\\/#website\",\"url\":\"https:\\\/\\\/marktxxl.de\\\/markt\\\/\",\"name\":\"Markt-XXL\",\"description\":\"Ihr Markt Online\",\"publisher\":{\"@id\":\"https:\\\/\\\/marktxxl.de\\\/markt\\\/#organization\"},\"potentialAction\":[{\"@type\":\"SearchAction\",\"target\":{\"@type\":\"EntryPoint\",\"urlTemplate\":\"https:\\\/\\\/marktxxl.de\\\/markt\\\/?s={search_term_string}\"},\"query-input\":{\"@type\":\"PropertyValueSpecification\",\"valueRequired\":true,\"valueName\":\"search_term_string\"}}],\"inLanguage\":\"de\"},{\"@type\":\"Organization\",\"@id\":\"https:\\\/\\\/marktxxl.de\\\/markt\\\/#organization\",\"name\":\"Markt-XXL\",\"url\":\"https:\\\/\\\/marktxxl.de\\\/markt\\\/\",\"logo\":{\"@type\":\"ImageObject\",\"inLanguage\":\"de\",\"@id\":\"https:\\\/\\\/marktxxl.de\\\/markt\\\/#\\\/schema\\\/logo\\\/image\\\/\",\"url\":\"https:\\\/\\\/marktxxl.de\\\/markt\\\/wp-content\\\/uploads\\\/sites\\\/3\\\/2020\\\/12\\\/logo.png\",\"contentUrl\":\"https:\\\/\\\/marktxxl.de\\\/markt\\\/wp-content\\\/uploads\\\/sites\\\/3\\\/2020\\\/12\\\/logo.png\",\"width\":200,\"height\":70,\"caption\":\"Markt-XXL\"},\"image\":{\"@id\":\"https:\\\/\\\/marktxxl.de\\\/markt\\\/#\\\/schema\\\/logo\\\/image\\\/\"}}]}<\/script>\n<!-- \/ Yoast SEO plugin. -->","yoast_head_json":{"title":"KIBTOY 1 St\u00fcck 70 LED Solar Lights Outdoor, Solarstrahler mit Bewegungsmelder, Solarlampen f\u00fcr Au\u00dfen, Solar\u2026 - Markt-XXL","description":"Markt-XXL KIBTOY 1 St\u00fcck 70 LED Solar Lights Outdoor, Solarstrahler mit Bewegungsmelder, Solarlampen f\u00fcr Au\u00dfen, Solar\u2026","robots":{"index":"index","follow":"follow","max-snippet":"max-snippet:-1","max-image-preview":"max-image-preview:large","max-video-preview":"max-video-preview:-1"},"canonical":"https:\/\/marktxxl.de\/markt\/produkt\/solar-sicherheitsleuchte-mit-bewegungsmelderkibtoy-solarlampen-fuer-aussen-70-leds-solar-wandleuchte-360beleuchtungswinkel-2200-mah-solarleuchten-900-lumen-ip65-fuer-haustuer-schuppen-wand-w\/","og_locale":"de_DE","og_type":"article","og_title":"KIBTOY 1 St\u00fcck 70 LED Solar Lights Outdoor, Solarstrahler mit Bewegungsmelder, Solarlampen f\u00fcr Au\u00dfen, Solar\u2026 - Markt-XXL","og_description":"Markt-XXL KIBTOY 1 St\u00fcck 70 LED Solar Lights Outdoor, Solarstrahler mit Bewegungsmelder, Solarlampen f\u00fcr Au\u00dfen, Solar\u2026","og_url":"https:\/\/marktxxl.de\/markt\/produkt\/solar-sicherheitsleuchte-mit-bewegungsmelderkibtoy-solarlampen-fuer-aussen-70-leds-solar-wandleuchte-360beleuchtungswinkel-2200-mah-solarleuchten-900-lumen-ip65-fuer-haustuer-schuppen-wand-w\/","og_site_name":"Markt-XXL","article_modified_time":"2023-04-09T23:35:23+00:00","og_image":[{"width":500,"height":500,"url":"https:\/\/m.media-amazon.com\/images\/I\/51KLw2theAL._SL500_.jpg","type":"image\/jpeg"}],"twitter_card":"summary_large_image","twitter_misc":{"Gesch\u00e4tzte Lesezeit":"1\u00a0Minute"},"schema":{"@context":"https:\/\/schema.org","@graph":[{"@type":"WebPage","@id":"https:\/\/marktxxl.de\/markt\/produkt\/solar-sicherheitsleuchte-mit-bewegungsmelderkibtoy-solarlampen-fuer-aussen-70-leds-solar-wandleuchte-360beleuchtungswinkel-2200-mah-solarleuchten-900-lumen-ip65-fuer-haustuer-schuppen-wand-w\/","url":"https:\/\/marktxxl.de\/markt\/produkt\/solar-sicherheitsleuchte-mit-bewegungsmelderkibtoy-solarlampen-fuer-aussen-70-leds-solar-wandleuchte-360beleuchtungswinkel-2200-mah-solarleuchten-900-lumen-ip65-fuer-haustuer-schuppen-wand-w\/","name":"KIBTOY 1 St\u00fcck 70 LED Solar Lights Outdoor, Solarstrahler mit Bewegungsmelder, Solarlampen f\u00fcr Au\u00dfen, Solar\u2026 - Markt-XXL","isPartOf":{"@id":"https:\/\/marktxxl.de\/markt\/#website"},"primaryImageOfPage":{"@id":"https:\/\/marktxxl.de\/markt\/produkt\/solar-sicherheitsleuchte-mit-bewegungsmelderkibtoy-solarlampen-fuer-aussen-70-leds-solar-wandleuchte-360beleuchtungswinkel-2200-mah-solarleuchten-900-lumen-ip65-fuer-haustuer-schuppen-wand-w\/#primaryimage"},"image":{"@id":"https:\/\/marktxxl.de\/markt\/produkt\/solar-sicherheitsleuchte-mit-bewegungsmelderkibtoy-solarlampen-fuer-aussen-70-leds-solar-wandleuchte-360beleuchtungswinkel-2200-mah-solarleuchten-900-lumen-ip65-fuer-haustuer-schuppen-wand-w\/#primaryimage"},"thumbnailUrl":"https:\/\/m.media-amazon.com\/images\/I\/51KLw2theAL._SL500_.jpg","datePublished":"2021-09-13T19:03:52+00:00","dateModified":"2023-04-09T23:35:23+00:00","description":"Markt-XXL KIBTOY 1 St\u00fcck 70 LED Solar Lights Outdoor, Solarstrahler mit Bewegungsmelder, Solarlampen f\u00fcr Au\u00dfen, Solar\u2026","breadcrumb":{"@id":"https:\/\/marktxxl.de\/markt\/produkt\/solar-sicherheitsleuchte-mit-bewegungsmelderkibtoy-solarlampen-fuer-aussen-70-leds-solar-wandleuchte-360beleuchtungswinkel-2200-mah-solarleuchten-900-lumen-ip65-fuer-haustuer-schuppen-wand-w\/#breadcrumb"},"inLanguage":"de","potentialAction":[{"@type":"ReadAction","target":["https:\/\/marktxxl.de\/markt\/produkt\/solar-sicherheitsleuchte-mit-bewegungsmelderkibtoy-solarlampen-fuer-aussen-70-leds-solar-wandleuchte-360beleuchtungswinkel-2200-mah-solarleuchten-900-lumen-ip65-fuer-haustuer-schuppen-wand-w\/"]}]},{"@type":"ImageObject","inLanguage":"de","@id":"https:\/\/marktxxl.de\/markt\/produkt\/solar-sicherheitsleuchte-mit-bewegungsmelderkibtoy-solarlampen-fuer-aussen-70-leds-solar-wandleuchte-360beleuchtungswinkel-2200-mah-solarleuchten-900-lumen-ip65-fuer-haustuer-schuppen-wand-w\/#primaryimage","url":"https:\/\/m.media-amazon.com\/images\/I\/51KLw2theAL._SL500_.jpg","contentUrl":"https:\/\/m.media-amazon.com\/images\/I\/51KLw2theAL._SL500_.jpg","width":500,"height":500},{"@type":"BreadcrumbList","@id":"https:\/\/marktxxl.de\/markt\/produkt\/solar-sicherheitsleuchte-mit-bewegungsmelderkibtoy-solarlampen-fuer-aussen-70-leds-solar-wandleuchte-360beleuchtungswinkel-2200-mah-solarleuchten-900-lumen-ip65-fuer-haustuer-schuppen-wand-w\/#breadcrumb","itemListElement":[{"@type":"ListItem","position":1,"name":"Startseite","item":"https:\/\/marktxxl.de\/markt\/"},{"@type":"ListItem","position":2,"name":"Markt","item":"https:\/\/marktxxl.de\/markt\/"},{"@type":"ListItem","position":3,"name":"KIBTOY 1 St\u00fcck 70 LED Solar Lights Outdoor, Solarstrahler mit Bewegungsmelder, Solarlampen f\u00fcr Au\u00dfen, Solar\u2026"}]},{"@type":"WebSite","@id":"https:\/\/marktxxl.de\/markt\/#website","url":"https:\/\/marktxxl.de\/markt\/","name":"Markt-XXL","description":"Ihr Markt Online","publisher":{"@id":"https:\/\/marktxxl.de\/markt\/#organization"},"potentialAction":[{"@type":"SearchAction","target":{"@type":"EntryPoint","urlTemplate":"https:\/\/marktxxl.de\/markt\/?s={search_term_string}"},"query-input":{"@type":"PropertyValueSpecification","valueRequired":true,"valueName":"search_term_string"}}],"inLanguage":"de"},{"@type":"Organization","@id":"https:\/\/marktxxl.de\/markt\/#organization","name":"Markt-XXL","url":"https:\/\/marktxxl.de\/markt\/","logo":{"@type":"ImageObject","inLanguage":"de","@id":"https:\/\/marktxxl.de\/markt\/#\/schema\/logo\/image\/","url":"https:\/\/marktxxl.de\/markt\/wp-content\/uploads\/sites\/3\/2020\/12\/logo.png","contentUrl":"https:\/\/marktxxl.de\/markt\/wp-content\/uploads\/sites\/3\/2020\/12\/logo.png","width":200,"height":70,"caption":"Markt-XXL"},"image":{"@id":"https:\/\/marktxxl.de\/markt\/#\/schema\/logo\/image\/"}}]}},"_links":{"self":[{"href":"https:\/\/marktxxl.de\/markt\/wp-json\/wp\/v2\/product\/36004","targetHints":{"allow":["GET"]}}],"collection":[{"href":"https:\/\/marktxxl.de\/markt\/wp-json\/wp\/v2\/product"}],"about":[{"href":"https:\/\/marktxxl.de\/markt\/wp-json\/wp\/v2\/types\/product"}],"replies":[{"embeddable":true,"href":"https:\/\/marktxxl.de\/markt\/wp-json\/wp\/v2\/comments?post=36004"}],"wp:featuredmedia":[{"embeddable":true,"href":"https:\/\/marktxxl.de\/markt\/wp-json\/wp\/v2\/media\/36005"}],"wp:attachment":[{"href":"https:\/\/marktxxl.de\/markt\/wp-json\/wp\/v2\/media?parent=36004"}],"wp:term":[{"taxonomy":"product_brand","embeddable":true,"href":"https:\/\/marktxxl.de\/markt\/wp-json\/wp\/v2\/product_brand?post=36004"},{"taxonomy":"product_cat","embeddable":true,"href":"https:\/\/marktxxl.de\/markt\/wp-json\/wp\/v2\/product_cat?post=36004"},{"taxonomy":"product_tag","embeddable":true,"href":"https:\/\/marktxxl.de\/markt\/wp-json\/wp\/v2\/product_tag?post=36004"}],"curies":[{"name":"wp","href":"https:\/\/api.w.org\/{rel}","templated":true}]}}