{"id":35976,"date":"2021-09-13T21:03:49","date_gmt":"2021-09-13T19:03:49","guid":{"rendered":"https:\/\/marktxxl.de\/markt\/produkt\/litake-solar-bodenleuchten-8-led-warmweiss-solar-gartenleuchten-solarleuchten-boden-solar-wegeleuchten-ip65-wasserdicht-solarlampen-fuer-aussen-deko-fuer-rasen-weg-auffahrt-patio-garden-8-stueck\/"},"modified":"2023-04-10T01:35:23","modified_gmt":"2023-04-09T23:35:23","slug":"litake-solar-bodenleuchten-8-led-warmweiss-solar-gartenleuchten-solarleuchten-boden-solar-wegeleuchten-ip65-wasserdicht-solarlampen-fuer-aussen-deko-fuer-rasen-weg-auffahrt-patio-garden-8-stueck","status":"publish","type":"product","link":"https:\/\/marktxxl.de\/markt\/produkt\/litake-solar-bodenleuchten-8-led-warmweiss-solar-gartenleuchten-solarleuchten-boden-solar-wegeleuchten-ip65-wasserdicht-solarlampen-fuer-aussen-deko-fuer-rasen-weg-auffahrt-patio-garden-8-stueck\/","title":{"rendered":"LITAKE Solar Bodenleuchten, 8 LED Warmwei\u00df Solar Gartenleuchten Solarleuchten Boden Solar Wegeleuchten IP65 Wasserdicht\u2026"},"content":{"rendered":"<p>\u2600\u3010Upgrade Version Solarleuchten\u3011Dieses Solarlicht verf\u00fcgt \u00fcber 8 LED-Lampenperlen, einen eingebauten 600-mAh Ni-MH wiederaufladbare Akku. Nach 6 Stunden Solarladung kann die Stra\u00dfenlaterne 6-8 Stunden lang ununterbrochen arbeiten. Aufgrund seiner Solarbetriebsmethode ist es sehr energiesparend, umweltfreundlich.<br \/>\n\u2600\u3010Automatischer Lichtsensor\u3011Das Solar Bodenleuchte mit Lichtsensor wird nachts oder im Dunkeln automatisch eingeschaltet und tags\u00fcber oder im beleuchteten Bereich automatisch ausgeschaltet.<br \/>\n\u2600\u3010IP65 Wasserdicht\u3011Die solare Au\u00dfenleuchte hat das wasserdichte IP65-Design und kann bei unterschiedlichen Wetterbedingungen und Umgebungen verwendet werden, ohne sich um Regen, Schnee, Frost oder Schneeregen sorgen zu m\u00fcssen. Sie eignet sich sehr gut zur Dekoration in G\u00e4rten, Rasenfl\u00e4chen, Wegen, Innenh\u00f6fen und auf Campingpl\u00e4tzen.<br \/>\n\u2600\u3010Sch\u00f6n und Bequemlichkeit\u3011solarlampen au\u00dfen ist aus harz material hergestellt, sind langlebig und Hohe Tragf\u00e4higkeit. Da dieses LED Solarlampen Solarladung ist, ohne Stromleitungen unkompliziert zu installieren. Der Dorn unter dem Leuchtk\u00f6rper ist mit Widerhaken versehen und sitzt dadurch, einmal im Boden versenkt, sicher und fest.<br \/>\n\u2600\u3010Hinweis\u3011 Bei der ersten Verwendung m\u00fcssen Sie den Schutzfilm auf dem Solarpanel abrei\u00dfen, den Solarschalter einschalten und l\u00e4nger als 6 Stunden in einer sonnigen Umgebung aussetzen. Halten Sie den Schalter die ganze Zeit offen, damit er tags\u00fcber automatisch aufgeladen und nachts automatisch aufleuchtet.<br \/>\n<div class=\"main-cross-sell\" data-asin=\"B08SC47NCM\">\n\n\t<div class=\"WooZone-cross-sell-loader\">\n\t\t<div>\n\t\t\t<div id=\"floatingBarsG\">\n\t\t\t\t<div class=\"blockG\" id=\"rotateG_01\"><\/div>\n\t\t\t\t<div class=\"blockG\" id=\"rotateG_02\"><\/div>\n\t\t\t\t<div class=\"blockG\" id=\"rotateG_03\"><\/div>\n\t\t\t\t<div class=\"blockG\" id=\"rotateG_04\"><\/div>\n\t\t\t\t<div class=\"blockG\" id=\"rotateG_05\"><\/div>\n\t\t\t\t<div class=\"blockG\" id=\"rotateG_06\"><\/div>\n\t\t\t\t<div class=\"blockG\" id=\"rotateG_07\"><\/div>\n\t\t\t\t<div class=\"blockG\" id=\"rotateG_08\"><\/div>\n\t\t\t<\/div>\n\t\t\t<div class=\"WooZone-cross-sell-loader-text\"><\/div>\n\t\t<\/div>\n\t<\/div>\n\n\t\t\n<\/div>\n<div style=\"clear:both;\"><\/div><\/p>\n","protected":false},"excerpt":{"rendered":"<p>\u2600\u3010Upgrade Version Solarleuchten\u3011Dieses Solarlicht verf\u00fcgt \u00fcber 8 LED-Lampenperlen, einen eingebauten 600-mAh Ni-MH wiederaufladbare Akku. Nach 6 Stunden Solarladung kann die Stra\u00dfenlaterne 6-8 Stunden lang ununterbrochen arbeiten. Aufgrund seiner Solarbetriebsmethode ist es sehr energiesparend, umweltfreundlich.<br \/>\n\u2600\u3010Automatischer Lichtsensor\u3011Das Solar Bodenleuchte mit Lichtsensor wird nachts oder im Dunkeln automatisch eingeschaltet und tags\u00fcber oder im beleuchteten Bereich automatisch ausgeschaltet.<br \/>\n\u2600\u3010IP65 Wasserdicht\u3011Die solare Au\u00dfenleuchte hat das wasserdichte IP65-Design und kann bei unterschiedlichen Wetterbedingungen und Umgebungen verwendet werden, ohne sich um Regen, Schnee, Frost oder Schneeregen sorgen zu m\u00fcssen. Sie eignet sich sehr gut zur Dekoration in G\u00e4rten, Rasenfl\u00e4chen, Wegen, Innenh\u00f6fen und auf Campingpl\u00e4tzen.<\/p>\n","protected":false},"featured_media":35977,"comment_status":"open","ping_status":"closed","template":"","meta":[],"product_brand":[],"product_cat":[11446,2108],"product_tag":[],"class_list":{"0":"post-35976","1":"product","2":"type-product","3":"status-publish","4":"has-post-thumbnail","6":"product_cat-aussenbeleuchtung","7":"product_cat-beleuchtung","8":"pa_brand-litake","9":"pa_manufacturer-litake","11":"first","12":"instock","13":"shipping-taxable","14":"purchasable","15":"product-type-simple","16":"customify-col","17":"product-has-gallery"},"yoast_head":"<!-- This site is optimized with the Yoast SEO plugin v27.4 - https:\/\/yoast.com\/product\/yoast-seo-wordpress\/ -->\n<title>LITAKE Solar Bodenleuchten, 8 LED Warmwei\u00df Solar Gartenleuchten Solarleuchten Boden Solar Wegeleuchten IP65 Wasserdicht\u2026 - Markt-XXL<\/title>\n<meta name=\"description\" content=\"Markt-XXL LITAKE Solar Bodenleuchten, 8 LED Warmwei\u00df Solar Gartenleuchten Solarleuchten Boden Solar Wegeleuchten IP65 Wasserdicht\u2026\" \/>\n<meta name=\"robots\" content=\"index, follow, max-snippet:-1, max-image-preview:large, max-video-preview:-1\" \/>\n<link rel=\"canonical\" href=\"https:\/\/marktxxl.de\/markt\/produkt\/litake-solar-bodenleuchten-8-led-warmweiss-solar-gartenleuchten-solarleuchten-boden-solar-wegeleuchten-ip65-wasserdicht-solarlampen-fuer-aussen-deko-fuer-rasen-weg-auffahrt-patio-garden-8-stueck\/\" \/>\n<meta property=\"og:locale\" content=\"de_DE\" \/>\n<meta property=\"og:type\" content=\"article\" \/>\n<meta property=\"og:title\" content=\"LITAKE Solar Bodenleuchten, 8 LED Warmwei\u00df Solar Gartenleuchten Solarleuchten Boden Solar Wegeleuchten IP65 Wasserdicht\u2026 - Markt-XXL\" \/>\n<meta property=\"og:description\" content=\"Markt-XXL LITAKE Solar Bodenleuchten, 8 LED Warmwei\u00df Solar Gartenleuchten Solarleuchten Boden Solar Wegeleuchten IP65 Wasserdicht\u2026\" \/>\n<meta property=\"og:url\" content=\"https:\/\/marktxxl.de\/markt\/produkt\/litake-solar-bodenleuchten-8-led-warmweiss-solar-gartenleuchten-solarleuchten-boden-solar-wegeleuchten-ip65-wasserdicht-solarlampen-fuer-aussen-deko-fuer-rasen-weg-auffahrt-patio-garden-8-stueck\/\" \/>\n<meta property=\"og:site_name\" content=\"Markt-XXL\" \/>\n<meta property=\"article:modified_time\" content=\"2023-04-09T23:35:23+00:00\" \/>\n<meta property=\"og:image\" content=\"https:\/\/m.media-amazon.com\/images\/I\/61kCK2MAv2S._SL500_.jpg\" \/>\n\t<meta property=\"og:image:width\" content=\"500\" \/>\n\t<meta property=\"og:image:height\" content=\"500\" \/>\n\t<meta property=\"og:image:type\" content=\"image\/jpeg\" \/>\n<meta name=\"twitter:card\" content=\"summary_large_image\" \/>\n<meta name=\"twitter:label1\" content=\"Gesch\u00e4tzte Lesezeit\" \/>\n\t<meta name=\"twitter:data1\" content=\"1\u00a0Minute\" \/>\n<script type=\"application\/ld+json\" class=\"yoast-schema-graph\">{\"@context\":\"https:\\\/\\\/schema.org\",\"@graph\":[{\"@type\":\"WebPage\",\"@id\":\"https:\\\/\\\/marktxxl.de\\\/markt\\\/produkt\\\/litake-solar-bodenleuchten-8-led-warmweiss-solar-gartenleuchten-solarleuchten-boden-solar-wegeleuchten-ip65-wasserdicht-solarlampen-fuer-aussen-deko-fuer-rasen-weg-auffahrt-patio-garden-8-stueck\\\/\",\"url\":\"https:\\\/\\\/marktxxl.de\\\/markt\\\/produkt\\\/litake-solar-bodenleuchten-8-led-warmweiss-solar-gartenleuchten-solarleuchten-boden-solar-wegeleuchten-ip65-wasserdicht-solarlampen-fuer-aussen-deko-fuer-rasen-weg-auffahrt-patio-garden-8-stueck\\\/\",\"name\":\"LITAKE Solar Bodenleuchten, 8 LED Warmwei\u00df Solar Gartenleuchten Solarleuchten Boden Solar Wegeleuchten IP65 Wasserdicht\u2026 - Markt-XXL\",\"isPartOf\":{\"@id\":\"https:\\\/\\\/marktxxl.de\\\/markt\\\/#website\"},\"primaryImageOfPage\":{\"@id\":\"https:\\\/\\\/marktxxl.de\\\/markt\\\/produkt\\\/litake-solar-bodenleuchten-8-led-warmweiss-solar-gartenleuchten-solarleuchten-boden-solar-wegeleuchten-ip65-wasserdicht-solarlampen-fuer-aussen-deko-fuer-rasen-weg-auffahrt-patio-garden-8-stueck\\\/#primaryimage\"},\"image\":{\"@id\":\"https:\\\/\\\/marktxxl.de\\\/markt\\\/produkt\\\/litake-solar-bodenleuchten-8-led-warmweiss-solar-gartenleuchten-solarleuchten-boden-solar-wegeleuchten-ip65-wasserdicht-solarlampen-fuer-aussen-deko-fuer-rasen-weg-auffahrt-patio-garden-8-stueck\\\/#primaryimage\"},\"thumbnailUrl\":\"https:\\\/\\\/m.media-amazon.com\\\/images\\\/I\\\/61kCK2MAv2S._SL500_.jpg\",\"datePublished\":\"2021-09-13T19:03:49+00:00\",\"dateModified\":\"2023-04-09T23:35:23+00:00\",\"description\":\"Markt-XXL LITAKE Solar Bodenleuchten, 8 LED Warmwei\u00df Solar Gartenleuchten Solarleuchten Boden Solar Wegeleuchten IP65 Wasserdicht\u2026\",\"breadcrumb\":{\"@id\":\"https:\\\/\\\/marktxxl.de\\\/markt\\\/produkt\\\/litake-solar-bodenleuchten-8-led-warmweiss-solar-gartenleuchten-solarleuchten-boden-solar-wegeleuchten-ip65-wasserdicht-solarlampen-fuer-aussen-deko-fuer-rasen-weg-auffahrt-patio-garden-8-stueck\\\/#breadcrumb\"},\"inLanguage\":\"de\",\"potentialAction\":[{\"@type\":\"ReadAction\",\"target\":[\"https:\\\/\\\/marktxxl.de\\\/markt\\\/produkt\\\/litake-solar-bodenleuchten-8-led-warmweiss-solar-gartenleuchten-solarleuchten-boden-solar-wegeleuchten-ip65-wasserdicht-solarlampen-fuer-aussen-deko-fuer-rasen-weg-auffahrt-patio-garden-8-stueck\\\/\"]}]},{\"@type\":\"ImageObject\",\"inLanguage\":\"de\",\"@id\":\"https:\\\/\\\/marktxxl.de\\\/markt\\\/produkt\\\/litake-solar-bodenleuchten-8-led-warmweiss-solar-gartenleuchten-solarleuchten-boden-solar-wegeleuchten-ip65-wasserdicht-solarlampen-fuer-aussen-deko-fuer-rasen-weg-auffahrt-patio-garden-8-stueck\\\/#primaryimage\",\"url\":\"https:\\\/\\\/m.media-amazon.com\\\/images\\\/I\\\/61kCK2MAv2S._SL500_.jpg\",\"contentUrl\":\"https:\\\/\\\/m.media-amazon.com\\\/images\\\/I\\\/61kCK2MAv2S._SL500_.jpg\",\"width\":500,\"height\":500},{\"@type\":\"BreadcrumbList\",\"@id\":\"https:\\\/\\\/marktxxl.de\\\/markt\\\/produkt\\\/litake-solar-bodenleuchten-8-led-warmweiss-solar-gartenleuchten-solarleuchten-boden-solar-wegeleuchten-ip65-wasserdicht-solarlampen-fuer-aussen-deko-fuer-rasen-weg-auffahrt-patio-garden-8-stueck\\\/#breadcrumb\",\"itemListElement\":[{\"@type\":\"ListItem\",\"position\":1,\"name\":\"Startseite\",\"item\":\"https:\\\/\\\/marktxxl.de\\\/markt\\\/\"},{\"@type\":\"ListItem\",\"position\":2,\"name\":\"Markt\",\"item\":\"https:\\\/\\\/marktxxl.de\\\/markt\\\/\"},{\"@type\":\"ListItem\",\"position\":3,\"name\":\"LITAKE Solar Bodenleuchten, 8 LED Warmwei\u00df Solar Gartenleuchten Solarleuchten Boden Solar Wegeleuchten IP65 Wasserdicht\u2026\"}]},{\"@type\":\"WebSite\",\"@id\":\"https:\\\/\\\/marktxxl.de\\\/markt\\\/#website\",\"url\":\"https:\\\/\\\/marktxxl.de\\\/markt\\\/\",\"name\":\"Markt-XXL\",\"description\":\"Ihr Markt Online\",\"publisher\":{\"@id\":\"https:\\\/\\\/marktxxl.de\\\/markt\\\/#organization\"},\"potentialAction\":[{\"@type\":\"SearchAction\",\"target\":{\"@type\":\"EntryPoint\",\"urlTemplate\":\"https:\\\/\\\/marktxxl.de\\\/markt\\\/?s={search_term_string}\"},\"query-input\":{\"@type\":\"PropertyValueSpecification\",\"valueRequired\":true,\"valueName\":\"search_term_string\"}}],\"inLanguage\":\"de\"},{\"@type\":\"Organization\",\"@id\":\"https:\\\/\\\/marktxxl.de\\\/markt\\\/#organization\",\"name\":\"Markt-XXL\",\"url\":\"https:\\\/\\\/marktxxl.de\\\/markt\\\/\",\"logo\":{\"@type\":\"ImageObject\",\"inLanguage\":\"de\",\"@id\":\"https:\\\/\\\/marktxxl.de\\\/markt\\\/#\\\/schema\\\/logo\\\/image\\\/\",\"url\":\"https:\\\/\\\/marktxxl.de\\\/markt\\\/wp-content\\\/uploads\\\/sites\\\/3\\\/2020\\\/12\\\/logo.png\",\"contentUrl\":\"https:\\\/\\\/marktxxl.de\\\/markt\\\/wp-content\\\/uploads\\\/sites\\\/3\\\/2020\\\/12\\\/logo.png\",\"width\":200,\"height\":70,\"caption\":\"Markt-XXL\"},\"image\":{\"@id\":\"https:\\\/\\\/marktxxl.de\\\/markt\\\/#\\\/schema\\\/logo\\\/image\\\/\"}}]}<\/script>\n<!-- \/ Yoast SEO plugin. -->","yoast_head_json":{"title":"LITAKE Solar Bodenleuchten, 8 LED Warmwei\u00df Solar Gartenleuchten Solarleuchten Boden Solar Wegeleuchten IP65 Wasserdicht\u2026 - Markt-XXL","description":"Markt-XXL LITAKE Solar Bodenleuchten, 8 LED Warmwei\u00df Solar Gartenleuchten Solarleuchten Boden Solar Wegeleuchten IP65 Wasserdicht\u2026","robots":{"index":"index","follow":"follow","max-snippet":"max-snippet:-1","max-image-preview":"max-image-preview:large","max-video-preview":"max-video-preview:-1"},"canonical":"https:\/\/marktxxl.de\/markt\/produkt\/litake-solar-bodenleuchten-8-led-warmweiss-solar-gartenleuchten-solarleuchten-boden-solar-wegeleuchten-ip65-wasserdicht-solarlampen-fuer-aussen-deko-fuer-rasen-weg-auffahrt-patio-garden-8-stueck\/","og_locale":"de_DE","og_type":"article","og_title":"LITAKE Solar Bodenleuchten, 8 LED Warmwei\u00df Solar Gartenleuchten Solarleuchten Boden Solar Wegeleuchten IP65 Wasserdicht\u2026 - Markt-XXL","og_description":"Markt-XXL LITAKE Solar Bodenleuchten, 8 LED Warmwei\u00df Solar Gartenleuchten Solarleuchten Boden Solar Wegeleuchten IP65 Wasserdicht\u2026","og_url":"https:\/\/marktxxl.de\/markt\/produkt\/litake-solar-bodenleuchten-8-led-warmweiss-solar-gartenleuchten-solarleuchten-boden-solar-wegeleuchten-ip65-wasserdicht-solarlampen-fuer-aussen-deko-fuer-rasen-weg-auffahrt-patio-garden-8-stueck\/","og_site_name":"Markt-XXL","article_modified_time":"2023-04-09T23:35:23+00:00","og_image":[{"width":500,"height":500,"url":"https:\/\/m.media-amazon.com\/images\/I\/61kCK2MAv2S._SL500_.jpg","type":"image\/jpeg"}],"twitter_card":"summary_large_image","twitter_misc":{"Gesch\u00e4tzte Lesezeit":"1\u00a0Minute"},"schema":{"@context":"https:\/\/schema.org","@graph":[{"@type":"WebPage","@id":"https:\/\/marktxxl.de\/markt\/produkt\/litake-solar-bodenleuchten-8-led-warmweiss-solar-gartenleuchten-solarleuchten-boden-solar-wegeleuchten-ip65-wasserdicht-solarlampen-fuer-aussen-deko-fuer-rasen-weg-auffahrt-patio-garden-8-stueck\/","url":"https:\/\/marktxxl.de\/markt\/produkt\/litake-solar-bodenleuchten-8-led-warmweiss-solar-gartenleuchten-solarleuchten-boden-solar-wegeleuchten-ip65-wasserdicht-solarlampen-fuer-aussen-deko-fuer-rasen-weg-auffahrt-patio-garden-8-stueck\/","name":"LITAKE Solar Bodenleuchten, 8 LED Warmwei\u00df Solar Gartenleuchten Solarleuchten Boden Solar Wegeleuchten IP65 Wasserdicht\u2026 - Markt-XXL","isPartOf":{"@id":"https:\/\/marktxxl.de\/markt\/#website"},"primaryImageOfPage":{"@id":"https:\/\/marktxxl.de\/markt\/produkt\/litake-solar-bodenleuchten-8-led-warmweiss-solar-gartenleuchten-solarleuchten-boden-solar-wegeleuchten-ip65-wasserdicht-solarlampen-fuer-aussen-deko-fuer-rasen-weg-auffahrt-patio-garden-8-stueck\/#primaryimage"},"image":{"@id":"https:\/\/marktxxl.de\/markt\/produkt\/litake-solar-bodenleuchten-8-led-warmweiss-solar-gartenleuchten-solarleuchten-boden-solar-wegeleuchten-ip65-wasserdicht-solarlampen-fuer-aussen-deko-fuer-rasen-weg-auffahrt-patio-garden-8-stueck\/#primaryimage"},"thumbnailUrl":"https:\/\/m.media-amazon.com\/images\/I\/61kCK2MAv2S._SL500_.jpg","datePublished":"2021-09-13T19:03:49+00:00","dateModified":"2023-04-09T23:35:23+00:00","description":"Markt-XXL LITAKE Solar Bodenleuchten, 8 LED Warmwei\u00df Solar Gartenleuchten Solarleuchten Boden Solar Wegeleuchten IP65 Wasserdicht\u2026","breadcrumb":{"@id":"https:\/\/marktxxl.de\/markt\/produkt\/litake-solar-bodenleuchten-8-led-warmweiss-solar-gartenleuchten-solarleuchten-boden-solar-wegeleuchten-ip65-wasserdicht-solarlampen-fuer-aussen-deko-fuer-rasen-weg-auffahrt-patio-garden-8-stueck\/#breadcrumb"},"inLanguage":"de","potentialAction":[{"@type":"ReadAction","target":["https:\/\/marktxxl.de\/markt\/produkt\/litake-solar-bodenleuchten-8-led-warmweiss-solar-gartenleuchten-solarleuchten-boden-solar-wegeleuchten-ip65-wasserdicht-solarlampen-fuer-aussen-deko-fuer-rasen-weg-auffahrt-patio-garden-8-stueck\/"]}]},{"@type":"ImageObject","inLanguage":"de","@id":"https:\/\/marktxxl.de\/markt\/produkt\/litake-solar-bodenleuchten-8-led-warmweiss-solar-gartenleuchten-solarleuchten-boden-solar-wegeleuchten-ip65-wasserdicht-solarlampen-fuer-aussen-deko-fuer-rasen-weg-auffahrt-patio-garden-8-stueck\/#primaryimage","url":"https:\/\/m.media-amazon.com\/images\/I\/61kCK2MAv2S._SL500_.jpg","contentUrl":"https:\/\/m.media-amazon.com\/images\/I\/61kCK2MAv2S._SL500_.jpg","width":500,"height":500},{"@type":"BreadcrumbList","@id":"https:\/\/marktxxl.de\/markt\/produkt\/litake-solar-bodenleuchten-8-led-warmweiss-solar-gartenleuchten-solarleuchten-boden-solar-wegeleuchten-ip65-wasserdicht-solarlampen-fuer-aussen-deko-fuer-rasen-weg-auffahrt-patio-garden-8-stueck\/#breadcrumb","itemListElement":[{"@type":"ListItem","position":1,"name":"Startseite","item":"https:\/\/marktxxl.de\/markt\/"},{"@type":"ListItem","position":2,"name":"Markt","item":"https:\/\/marktxxl.de\/markt\/"},{"@type":"ListItem","position":3,"name":"LITAKE Solar Bodenleuchten, 8 LED Warmwei\u00df Solar Gartenleuchten Solarleuchten Boden Solar Wegeleuchten IP65 Wasserdicht\u2026"}]},{"@type":"WebSite","@id":"https:\/\/marktxxl.de\/markt\/#website","url":"https:\/\/marktxxl.de\/markt\/","name":"Markt-XXL","description":"Ihr Markt Online","publisher":{"@id":"https:\/\/marktxxl.de\/markt\/#organization"},"potentialAction":[{"@type":"SearchAction","target":{"@type":"EntryPoint","urlTemplate":"https:\/\/marktxxl.de\/markt\/?s={search_term_string}"},"query-input":{"@type":"PropertyValueSpecification","valueRequired":true,"valueName":"search_term_string"}}],"inLanguage":"de"},{"@type":"Organization","@id":"https:\/\/marktxxl.de\/markt\/#organization","name":"Markt-XXL","url":"https:\/\/marktxxl.de\/markt\/","logo":{"@type":"ImageObject","inLanguage":"de","@id":"https:\/\/marktxxl.de\/markt\/#\/schema\/logo\/image\/","url":"https:\/\/marktxxl.de\/markt\/wp-content\/uploads\/sites\/3\/2020\/12\/logo.png","contentUrl":"https:\/\/marktxxl.de\/markt\/wp-content\/uploads\/sites\/3\/2020\/12\/logo.png","width":200,"height":70,"caption":"Markt-XXL"},"image":{"@id":"https:\/\/marktxxl.de\/markt\/#\/schema\/logo\/image\/"}}]}},"_links":{"self":[{"href":"https:\/\/marktxxl.de\/markt\/wp-json\/wp\/v2\/product\/35976","targetHints":{"allow":["GET"]}}],"collection":[{"href":"https:\/\/marktxxl.de\/markt\/wp-json\/wp\/v2\/product"}],"about":[{"href":"https:\/\/marktxxl.de\/markt\/wp-json\/wp\/v2\/types\/product"}],"replies":[{"embeddable":true,"href":"https:\/\/marktxxl.de\/markt\/wp-json\/wp\/v2\/comments?post=35976"}],"wp:featuredmedia":[{"embeddable":true,"href":"https:\/\/marktxxl.de\/markt\/wp-json\/wp\/v2\/media\/35977"}],"wp:attachment":[{"href":"https:\/\/marktxxl.de\/markt\/wp-json\/wp\/v2\/media?parent=35976"}],"wp:term":[{"taxonomy":"product_brand","embeddable":true,"href":"https:\/\/marktxxl.de\/markt\/wp-json\/wp\/v2\/product_brand?post=35976"},{"taxonomy":"product_cat","embeddable":true,"href":"https:\/\/marktxxl.de\/markt\/wp-json\/wp\/v2\/product_cat?post=35976"},{"taxonomy":"product_tag","embeddable":true,"href":"https:\/\/marktxxl.de\/markt\/wp-json\/wp\/v2\/product_tag?post=35976"}],"curies":[{"name":"wp","href":"https:\/\/api.w.org\/{rel}","templated":true}]}}