{"id":35925,"date":"2021-09-13T21:00:40","date_gmt":"2021-09-13T19:00:40","guid":{"rendered":"https:\/\/marktxxl.de\/markt\/produkt\/homemory-batterie-led-teelichter-packung-flammenlose-teelichthalter-kerze-mit-warmen-weissen-flackern-licht-dia-14-elektrische-fake-kerze-fuer-votive-hochzeit-party-tisch-esszimmer-geschenk\/"},"modified":"2023-04-10T01:35:22","modified_gmt":"2023-04-09T23:35:22","slug":"homemory-batterie-led-teelichter-packung-flammenlose-teelichthalter-kerze-mit-warmen-weissen-flackern-licht-dia-14-elektrische-fake-kerze-fuer-votive-hochzeit-party-tisch-esszimmer-geschenk","status":"publish","type":"product","link":"https:\/\/marktxxl.de\/markt\/produkt\/homemory-batterie-led-teelichter-packung-flammenlose-teelichthalter-kerze-mit-warmen-weissen-flackern-licht-dia-14-elektrische-fake-kerze-fuer-votive-hochzeit-party-tisch-esszimmer-geschenk\/","title":{"rendered":"Homemory Batterie LED Teelichter, Packung-flammenlose Teelichthalter Kerze mit warmen wei\u00dfen Flackern Licht, Dia 1,4\u2026"},"content":{"rendered":"<p>Cool und romantisch: die flammenlose flackernde LED Teelichter sind ideal f\u00fcr Dekorationen, als Stimmungslichter einsetzbar Leuchten mit votive Halter oder andere Inhaber wie Glas. Sie k\u00f6nnen das &#8220;Teelicht&#8221; auf &#8220;Tabelle&#8221; oder &#8220;Restaurants&#8221;, Haus und Garten Hochzeit, Party, Festival Dekorationen setzen.<br \/>\nEinfach zu bedienen: ein-\/aus-Schalter f\u00fcr einfache &amp; bequeme Bedienung. Der elektrische gef\u00e4lschte Tee kommen Lichter mit Batterien die 100 + Stunden Licht-Zeit und k\u00f6nnen ist leicht \u00fcber die TA ersetzt. b an der Unterseite.<br \/>\nSICHER f\u00fcr Kinder, Haustiere, Senioren-diese LEDs kleine Teelicht kann, ohne verwendet werden Flamme, absolut kein Feuer sorgen m\u00fcssen Gefahren oder brennenden Risiken, sicher f\u00fcr Familien mit Haustier (s) oder junge Kind (ern).<br \/>\nHOHE Qualit\u00e4t: alle die flammenlose Tee Licht ausschlie\u00dflich von Homemory verkauft. Jede LED Votiv Teelicht sind gr\u00fcndlich und rigoros getestet, garantiert aus der Box, oder alle defekte Einheit W Ill wird durch ein Dutzend LED Teelicht oder eine volle R\u00fcckerstattung f\u00fcr den Kauf ersetzt.<br \/>\n100 % Zufriedenheit Garantie: Wir engagieren uns sehr f\u00fcr unsere Kunden. Wenn Sie don &#8216; t verlieben mit Ihrem LED-Teelicht im Moment Sie das Paket \u00f6ffnen, wir versprechen Ihr. Wir dann also mit einj\u00e4hrigen risikofreien sichern und problemlose Garantie des Herstellers, es ist nicht nur ein Versprechen, es ist eine Matte \u00c4h die Integrit\u00e4t unserer Marke.<br \/>\n<div class=\"main-cross-sell\" data-asin=\"B06XCYKFMG\">\n\n\t<div class=\"WooZone-cross-sell-loader\">\n\t\t<div>\n\t\t\t<div id=\"floatingBarsG\">\n\t\t\t\t<div class=\"blockG\" id=\"rotateG_01\"><\/div>\n\t\t\t\t<div class=\"blockG\" id=\"rotateG_02\"><\/div>\n\t\t\t\t<div class=\"blockG\" id=\"rotateG_03\"><\/div>\n\t\t\t\t<div class=\"blockG\" id=\"rotateG_04\"><\/div>\n\t\t\t\t<div class=\"blockG\" id=\"rotateG_05\"><\/div>\n\t\t\t\t<div class=\"blockG\" id=\"rotateG_06\"><\/div>\n\t\t\t\t<div class=\"blockG\" id=\"rotateG_07\"><\/div>\n\t\t\t\t<div class=\"blockG\" id=\"rotateG_08\"><\/div>\n\t\t\t<\/div>\n\t\t\t<div class=\"WooZone-cross-sell-loader-text\"><\/div>\n\t\t<\/div>\n\t<\/div>\n\n\t\t\n<\/div>\n<div style=\"clear:both;\"><\/div><\/p>\n","protected":false},"excerpt":{"rendered":"<p>Cool und romantisch: die flammenlose flackernde LED Teelichter sind ideal f\u00fcr Dekorationen, als Stimmungslichter einsetzbar Leuchten mit votive Halter oder andere Inhaber wie Glas. Sie k\u00f6nnen das &#8220;Teelicht&#8221; auf &#8220;Tabelle&#8221; oder &#8220;Restaurants&#8221;, Haus und Garten Hochzeit, Party, Festival Dekorationen setzen.<br \/>\nEinfach zu bedienen: ein-\/aus-Schalter f\u00fcr einfache &amp; bequeme Bedienung. Der elektrische gef\u00e4lschte Tee kommen Lichter mit Batterien die 100 + Stunden Licht-Zeit und k\u00f6nnen ist leicht \u00fcber die TA ersetzt. b an der Unterseite.<br \/>\nSICHER f\u00fcr Kinder, Haustiere, Senioren-diese LEDs kleine Teelicht kann, ohne verwendet werden Flamme, absolut kein Feuer sorgen m\u00fcssen Gefahren oder brennenden Risiken, sicher f\u00fcr Familien mit Haustier (s) oder junge Kind (ern).<\/p>\n","protected":false},"featured_media":35926,"comment_status":"open","ping_status":"closed","template":"","meta":[],"product_brand":[],"product_cat":[11446,2108],"product_tag":[],"class_list":{"0":"post-35925","1":"product","2":"type-product","3":"status-publish","4":"has-post-thumbnail","6":"product_cat-aussenbeleuchtung","7":"product_cat-beleuchtung","8":"pa_binding-haushaltswaren","9":"pa_brand-homemory","10":"pa_height-1-3-zoll","11":"pa_length-1-4-zoll","12":"pa_manufacturer-global-selection","13":"pa_model-25199","14":"pa_model-hmcltlnbs24","15":"pa_size-dia-3-6-cm-x-h-3-2-cm","16":"pa_weight-0-03086471668-pfund","17":"pa_width-1-4-zoll","19":"first","20":"instock","21":"shipping-taxable","22":"purchasable","23":"product-type-simple","24":"customify-col","25":"product-has-gallery"},"yoast_head":"<!-- This site is optimized with the Yoast SEO plugin v27.4 - https:\/\/yoast.com\/product\/yoast-seo-wordpress\/ -->\n<title>Homemory Batterie LED Teelichter, Packung-flammenlose Teelichthalter Kerze mit warmen wei\u00dfen Flackern Licht, Dia 1,4\u2026 - Markt-XXL<\/title>\n<meta name=\"description\" content=\"Markt-XXL Homemory Batterie LED Teelichter, Packung-flammenlose Teelichthalter Kerze mit warmen wei\u00dfen Flackern Licht, Dia 1,4\u2026\" \/>\n<meta name=\"robots\" content=\"index, follow, max-snippet:-1, max-image-preview:large, max-video-preview:-1\" \/>\n<link rel=\"canonical\" href=\"https:\/\/marktxxl.de\/markt\/produkt\/homemory-batterie-led-teelichter-packung-flammenlose-teelichthalter-kerze-mit-warmen-weissen-flackern-licht-dia-14-elektrische-fake-kerze-fuer-votive-hochzeit-party-tisch-esszimmer-geschenk\/\" \/>\n<meta property=\"og:locale\" content=\"de_DE\" \/>\n<meta property=\"og:type\" content=\"article\" \/>\n<meta property=\"og:title\" content=\"Homemory Batterie LED Teelichter, Packung-flammenlose Teelichthalter Kerze mit warmen wei\u00dfen Flackern Licht, Dia 1,4\u2026 - Markt-XXL\" \/>\n<meta property=\"og:description\" content=\"Markt-XXL Homemory Batterie LED Teelichter, Packung-flammenlose Teelichthalter Kerze mit warmen wei\u00dfen Flackern Licht, Dia 1,4\u2026\" \/>\n<meta property=\"og:url\" content=\"https:\/\/marktxxl.de\/markt\/produkt\/homemory-batterie-led-teelichter-packung-flammenlose-teelichthalter-kerze-mit-warmen-weissen-flackern-licht-dia-14-elektrische-fake-kerze-fuer-votive-hochzeit-party-tisch-esszimmer-geschenk\/\" \/>\n<meta property=\"og:site_name\" content=\"Markt-XXL\" \/>\n<meta property=\"article:modified_time\" content=\"2023-04-09T23:35:22+00:00\" \/>\n<meta property=\"og:image\" content=\"https:\/\/m.media-amazon.com\/images\/I\/41RVE1kaj2L._SL500_.jpg\" \/>\n\t<meta property=\"og:image:width\" content=\"500\" \/>\n\t<meta property=\"og:image:height\" content=\"500\" \/>\n\t<meta property=\"og:image:type\" content=\"image\/jpeg\" \/>\n<meta name=\"twitter:card\" content=\"summary_large_image\" \/>\n<meta name=\"twitter:label1\" content=\"Gesch\u00e4tzte Lesezeit\" \/>\n\t<meta name=\"twitter:data1\" content=\"1\u00a0Minute\" \/>\n<script type=\"application\/ld+json\" class=\"yoast-schema-graph\">{\"@context\":\"https:\\\/\\\/schema.org\",\"@graph\":[{\"@type\":\"WebPage\",\"@id\":\"https:\\\/\\\/marktxxl.de\\\/markt\\\/produkt\\\/homemory-batterie-led-teelichter-packung-flammenlose-teelichthalter-kerze-mit-warmen-weissen-flackern-licht-dia-14-elektrische-fake-kerze-fuer-votive-hochzeit-party-tisch-esszimmer-geschenk\\\/\",\"url\":\"https:\\\/\\\/marktxxl.de\\\/markt\\\/produkt\\\/homemory-batterie-led-teelichter-packung-flammenlose-teelichthalter-kerze-mit-warmen-weissen-flackern-licht-dia-14-elektrische-fake-kerze-fuer-votive-hochzeit-party-tisch-esszimmer-geschenk\\\/\",\"name\":\"Homemory Batterie LED Teelichter, Packung-flammenlose Teelichthalter Kerze mit warmen wei\u00dfen Flackern Licht, Dia 1,4\u2026 - Markt-XXL\",\"isPartOf\":{\"@id\":\"https:\\\/\\\/marktxxl.de\\\/markt\\\/#website\"},\"primaryImageOfPage\":{\"@id\":\"https:\\\/\\\/marktxxl.de\\\/markt\\\/produkt\\\/homemory-batterie-led-teelichter-packung-flammenlose-teelichthalter-kerze-mit-warmen-weissen-flackern-licht-dia-14-elektrische-fake-kerze-fuer-votive-hochzeit-party-tisch-esszimmer-geschenk\\\/#primaryimage\"},\"image\":{\"@id\":\"https:\\\/\\\/marktxxl.de\\\/markt\\\/produkt\\\/homemory-batterie-led-teelichter-packung-flammenlose-teelichthalter-kerze-mit-warmen-weissen-flackern-licht-dia-14-elektrische-fake-kerze-fuer-votive-hochzeit-party-tisch-esszimmer-geschenk\\\/#primaryimage\"},\"thumbnailUrl\":\"https:\\\/\\\/m.media-amazon.com\\\/images\\\/I\\\/41RVE1kaj2L._SL500_.jpg\",\"datePublished\":\"2021-09-13T19:00:40+00:00\",\"dateModified\":\"2023-04-09T23:35:22+00:00\",\"description\":\"Markt-XXL Homemory Batterie LED Teelichter, Packung-flammenlose Teelichthalter Kerze mit warmen wei\u00dfen Flackern Licht, Dia 1,4\u2026\",\"breadcrumb\":{\"@id\":\"https:\\\/\\\/marktxxl.de\\\/markt\\\/produkt\\\/homemory-batterie-led-teelichter-packung-flammenlose-teelichthalter-kerze-mit-warmen-weissen-flackern-licht-dia-14-elektrische-fake-kerze-fuer-votive-hochzeit-party-tisch-esszimmer-geschenk\\\/#breadcrumb\"},\"inLanguage\":\"de\",\"potentialAction\":[{\"@type\":\"ReadAction\",\"target\":[\"https:\\\/\\\/marktxxl.de\\\/markt\\\/produkt\\\/homemory-batterie-led-teelichter-packung-flammenlose-teelichthalter-kerze-mit-warmen-weissen-flackern-licht-dia-14-elektrische-fake-kerze-fuer-votive-hochzeit-party-tisch-esszimmer-geschenk\\\/\"]}]},{\"@type\":\"ImageObject\",\"inLanguage\":\"de\",\"@id\":\"https:\\\/\\\/marktxxl.de\\\/markt\\\/produkt\\\/homemory-batterie-led-teelichter-packung-flammenlose-teelichthalter-kerze-mit-warmen-weissen-flackern-licht-dia-14-elektrische-fake-kerze-fuer-votive-hochzeit-party-tisch-esszimmer-geschenk\\\/#primaryimage\",\"url\":\"https:\\\/\\\/m.media-amazon.com\\\/images\\\/I\\\/41RVE1kaj2L._SL500_.jpg\",\"contentUrl\":\"https:\\\/\\\/m.media-amazon.com\\\/images\\\/I\\\/41RVE1kaj2L._SL500_.jpg\",\"width\":500,\"height\":500},{\"@type\":\"BreadcrumbList\",\"@id\":\"https:\\\/\\\/marktxxl.de\\\/markt\\\/produkt\\\/homemory-batterie-led-teelichter-packung-flammenlose-teelichthalter-kerze-mit-warmen-weissen-flackern-licht-dia-14-elektrische-fake-kerze-fuer-votive-hochzeit-party-tisch-esszimmer-geschenk\\\/#breadcrumb\",\"itemListElement\":[{\"@type\":\"ListItem\",\"position\":1,\"name\":\"Startseite\",\"item\":\"https:\\\/\\\/marktxxl.de\\\/markt\\\/\"},{\"@type\":\"ListItem\",\"position\":2,\"name\":\"Markt\",\"item\":\"https:\\\/\\\/marktxxl.de\\\/markt\\\/\"},{\"@type\":\"ListItem\",\"position\":3,\"name\":\"Homemory Batterie LED Teelichter, Packung-flammenlose Teelichthalter Kerze mit warmen wei\u00dfen Flackern Licht, Dia 1,4\u2026\"}]},{\"@type\":\"WebSite\",\"@id\":\"https:\\\/\\\/marktxxl.de\\\/markt\\\/#website\",\"url\":\"https:\\\/\\\/marktxxl.de\\\/markt\\\/\",\"name\":\"Markt-XXL\",\"description\":\"Ihr Markt Online\",\"publisher\":{\"@id\":\"https:\\\/\\\/marktxxl.de\\\/markt\\\/#organization\"},\"potentialAction\":[{\"@type\":\"SearchAction\",\"target\":{\"@type\":\"EntryPoint\",\"urlTemplate\":\"https:\\\/\\\/marktxxl.de\\\/markt\\\/?s={search_term_string}\"},\"query-input\":{\"@type\":\"PropertyValueSpecification\",\"valueRequired\":true,\"valueName\":\"search_term_string\"}}],\"inLanguage\":\"de\"},{\"@type\":\"Organization\",\"@id\":\"https:\\\/\\\/marktxxl.de\\\/markt\\\/#organization\",\"name\":\"Markt-XXL\",\"url\":\"https:\\\/\\\/marktxxl.de\\\/markt\\\/\",\"logo\":{\"@type\":\"ImageObject\",\"inLanguage\":\"de\",\"@id\":\"https:\\\/\\\/marktxxl.de\\\/markt\\\/#\\\/schema\\\/logo\\\/image\\\/\",\"url\":\"https:\\\/\\\/marktxxl.de\\\/markt\\\/wp-content\\\/uploads\\\/sites\\\/3\\\/2020\\\/12\\\/logo.png\",\"contentUrl\":\"https:\\\/\\\/marktxxl.de\\\/markt\\\/wp-content\\\/uploads\\\/sites\\\/3\\\/2020\\\/12\\\/logo.png\",\"width\":200,\"height\":70,\"caption\":\"Markt-XXL\"},\"image\":{\"@id\":\"https:\\\/\\\/marktxxl.de\\\/markt\\\/#\\\/schema\\\/logo\\\/image\\\/\"}}]}<\/script>\n<!-- \/ Yoast SEO plugin. -->","yoast_head_json":{"title":"Homemory Batterie LED Teelichter, Packung-flammenlose Teelichthalter Kerze mit warmen wei\u00dfen Flackern Licht, Dia 1,4\u2026 - Markt-XXL","description":"Markt-XXL Homemory Batterie LED Teelichter, Packung-flammenlose Teelichthalter Kerze mit warmen wei\u00dfen Flackern Licht, Dia 1,4\u2026","robots":{"index":"index","follow":"follow","max-snippet":"max-snippet:-1","max-image-preview":"max-image-preview:large","max-video-preview":"max-video-preview:-1"},"canonical":"https:\/\/marktxxl.de\/markt\/produkt\/homemory-batterie-led-teelichter-packung-flammenlose-teelichthalter-kerze-mit-warmen-weissen-flackern-licht-dia-14-elektrische-fake-kerze-fuer-votive-hochzeit-party-tisch-esszimmer-geschenk\/","og_locale":"de_DE","og_type":"article","og_title":"Homemory Batterie LED Teelichter, Packung-flammenlose Teelichthalter Kerze mit warmen wei\u00dfen Flackern Licht, Dia 1,4\u2026 - Markt-XXL","og_description":"Markt-XXL Homemory Batterie LED Teelichter, Packung-flammenlose Teelichthalter Kerze mit warmen wei\u00dfen Flackern Licht, Dia 1,4\u2026","og_url":"https:\/\/marktxxl.de\/markt\/produkt\/homemory-batterie-led-teelichter-packung-flammenlose-teelichthalter-kerze-mit-warmen-weissen-flackern-licht-dia-14-elektrische-fake-kerze-fuer-votive-hochzeit-party-tisch-esszimmer-geschenk\/","og_site_name":"Markt-XXL","article_modified_time":"2023-04-09T23:35:22+00:00","og_image":[{"width":500,"height":500,"url":"https:\/\/m.media-amazon.com\/images\/I\/41RVE1kaj2L._SL500_.jpg","type":"image\/jpeg"}],"twitter_card":"summary_large_image","twitter_misc":{"Gesch\u00e4tzte Lesezeit":"1\u00a0Minute"},"schema":{"@context":"https:\/\/schema.org","@graph":[{"@type":"WebPage","@id":"https:\/\/marktxxl.de\/markt\/produkt\/homemory-batterie-led-teelichter-packung-flammenlose-teelichthalter-kerze-mit-warmen-weissen-flackern-licht-dia-14-elektrische-fake-kerze-fuer-votive-hochzeit-party-tisch-esszimmer-geschenk\/","url":"https:\/\/marktxxl.de\/markt\/produkt\/homemory-batterie-led-teelichter-packung-flammenlose-teelichthalter-kerze-mit-warmen-weissen-flackern-licht-dia-14-elektrische-fake-kerze-fuer-votive-hochzeit-party-tisch-esszimmer-geschenk\/","name":"Homemory Batterie LED Teelichter, Packung-flammenlose Teelichthalter Kerze mit warmen wei\u00dfen Flackern Licht, Dia 1,4\u2026 - Markt-XXL","isPartOf":{"@id":"https:\/\/marktxxl.de\/markt\/#website"},"primaryImageOfPage":{"@id":"https:\/\/marktxxl.de\/markt\/produkt\/homemory-batterie-led-teelichter-packung-flammenlose-teelichthalter-kerze-mit-warmen-weissen-flackern-licht-dia-14-elektrische-fake-kerze-fuer-votive-hochzeit-party-tisch-esszimmer-geschenk\/#primaryimage"},"image":{"@id":"https:\/\/marktxxl.de\/markt\/produkt\/homemory-batterie-led-teelichter-packung-flammenlose-teelichthalter-kerze-mit-warmen-weissen-flackern-licht-dia-14-elektrische-fake-kerze-fuer-votive-hochzeit-party-tisch-esszimmer-geschenk\/#primaryimage"},"thumbnailUrl":"https:\/\/m.media-amazon.com\/images\/I\/41RVE1kaj2L._SL500_.jpg","datePublished":"2021-09-13T19:00:40+00:00","dateModified":"2023-04-09T23:35:22+00:00","description":"Markt-XXL Homemory Batterie LED Teelichter, Packung-flammenlose Teelichthalter Kerze mit warmen wei\u00dfen Flackern Licht, Dia 1,4\u2026","breadcrumb":{"@id":"https:\/\/marktxxl.de\/markt\/produkt\/homemory-batterie-led-teelichter-packung-flammenlose-teelichthalter-kerze-mit-warmen-weissen-flackern-licht-dia-14-elektrische-fake-kerze-fuer-votive-hochzeit-party-tisch-esszimmer-geschenk\/#breadcrumb"},"inLanguage":"de","potentialAction":[{"@type":"ReadAction","target":["https:\/\/marktxxl.de\/markt\/produkt\/homemory-batterie-led-teelichter-packung-flammenlose-teelichthalter-kerze-mit-warmen-weissen-flackern-licht-dia-14-elektrische-fake-kerze-fuer-votive-hochzeit-party-tisch-esszimmer-geschenk\/"]}]},{"@type":"ImageObject","inLanguage":"de","@id":"https:\/\/marktxxl.de\/markt\/produkt\/homemory-batterie-led-teelichter-packung-flammenlose-teelichthalter-kerze-mit-warmen-weissen-flackern-licht-dia-14-elektrische-fake-kerze-fuer-votive-hochzeit-party-tisch-esszimmer-geschenk\/#primaryimage","url":"https:\/\/m.media-amazon.com\/images\/I\/41RVE1kaj2L._SL500_.jpg","contentUrl":"https:\/\/m.media-amazon.com\/images\/I\/41RVE1kaj2L._SL500_.jpg","width":500,"height":500},{"@type":"BreadcrumbList","@id":"https:\/\/marktxxl.de\/markt\/produkt\/homemory-batterie-led-teelichter-packung-flammenlose-teelichthalter-kerze-mit-warmen-weissen-flackern-licht-dia-14-elektrische-fake-kerze-fuer-votive-hochzeit-party-tisch-esszimmer-geschenk\/#breadcrumb","itemListElement":[{"@type":"ListItem","position":1,"name":"Startseite","item":"https:\/\/marktxxl.de\/markt\/"},{"@type":"ListItem","position":2,"name":"Markt","item":"https:\/\/marktxxl.de\/markt\/"},{"@type":"ListItem","position":3,"name":"Homemory Batterie LED Teelichter, Packung-flammenlose Teelichthalter Kerze mit warmen wei\u00dfen Flackern Licht, Dia 1,4\u2026"}]},{"@type":"WebSite","@id":"https:\/\/marktxxl.de\/markt\/#website","url":"https:\/\/marktxxl.de\/markt\/","name":"Markt-XXL","description":"Ihr Markt Online","publisher":{"@id":"https:\/\/marktxxl.de\/markt\/#organization"},"potentialAction":[{"@type":"SearchAction","target":{"@type":"EntryPoint","urlTemplate":"https:\/\/marktxxl.de\/markt\/?s={search_term_string}"},"query-input":{"@type":"PropertyValueSpecification","valueRequired":true,"valueName":"search_term_string"}}],"inLanguage":"de"},{"@type":"Organization","@id":"https:\/\/marktxxl.de\/markt\/#organization","name":"Markt-XXL","url":"https:\/\/marktxxl.de\/markt\/","logo":{"@type":"ImageObject","inLanguage":"de","@id":"https:\/\/marktxxl.de\/markt\/#\/schema\/logo\/image\/","url":"https:\/\/marktxxl.de\/markt\/wp-content\/uploads\/sites\/3\/2020\/12\/logo.png","contentUrl":"https:\/\/marktxxl.de\/markt\/wp-content\/uploads\/sites\/3\/2020\/12\/logo.png","width":200,"height":70,"caption":"Markt-XXL"},"image":{"@id":"https:\/\/marktxxl.de\/markt\/#\/schema\/logo\/image\/"}}]}},"_links":{"self":[{"href":"https:\/\/marktxxl.de\/markt\/wp-json\/wp\/v2\/product\/35925","targetHints":{"allow":["GET"]}}],"collection":[{"href":"https:\/\/marktxxl.de\/markt\/wp-json\/wp\/v2\/product"}],"about":[{"href":"https:\/\/marktxxl.de\/markt\/wp-json\/wp\/v2\/types\/product"}],"replies":[{"embeddable":true,"href":"https:\/\/marktxxl.de\/markt\/wp-json\/wp\/v2\/comments?post=35925"}],"wp:featuredmedia":[{"embeddable":true,"href":"https:\/\/marktxxl.de\/markt\/wp-json\/wp\/v2\/media\/35926"}],"wp:attachment":[{"href":"https:\/\/marktxxl.de\/markt\/wp-json\/wp\/v2\/media?parent=35925"}],"wp:term":[{"taxonomy":"product_brand","embeddable":true,"href":"https:\/\/marktxxl.de\/markt\/wp-json\/wp\/v2\/product_brand?post=35925"},{"taxonomy":"product_cat","embeddable":true,"href":"https:\/\/marktxxl.de\/markt\/wp-json\/wp\/v2\/product_cat?post=35925"},{"taxonomy":"product_tag","embeddable":true,"href":"https:\/\/marktxxl.de\/markt\/wp-json\/wp\/v2\/product_tag?post=35925"}],"curies":[{"name":"wp","href":"https:\/\/api.w.org\/{rel}","templated":true}]}}