{"id":35819,"date":"2021-09-13T20:57:41","date_gmt":"2021-09-13T18:57:41","guid":{"rendered":"https:\/\/marktxxl.de\/markt\/produkt\/3w-led-mini-einbaustrahler-aluminium-ip65-wassergeschuetzt-3000k-warmweiss-dimmbar-funk-netzteil-minispots-fuer-innen-und-aussenbeleuchtung-ideal-fuer-terrassenueberdachung-badezimmer-etc\/"},"modified":"2023-04-10T01:35:22","modified_gmt":"2023-04-09T23:35:22","slug":"3w-led-mini-einbaustrahler-aluminium-ip65-wassergeschuetzt-3000k-warmweiss-dimmbar-funk-netzteil-minispots-fuer-innen-und-aussenbeleuchtung-ideal-fuer-terrassenueberdachung-badezimmer-etc","status":"publish","type":"product","link":"https:\/\/marktxxl.de\/markt\/produkt\/3w-led-mini-einbaustrahler-aluminium-ip65-wassergeschuetzt-3000k-warmweiss-dimmbar-funk-netzteil-minispots-fuer-innen-und-aussenbeleuchtung-ideal-fuer-terrassenueberdachung-badezimmer-etc\/","title":{"rendered":"LEDUX 3W Mini Einbaustrahler IP65 Schutz 3000K Warmwei\u00df,Dimmbar Funk-Netzteil, Innen- und Au\u00dfenbeleuchtung f\u00fcr\u2026"},"content":{"rendered":"<p>ANSCHLUSSFERTIG: 12x Mini-LED-Spots, Komplett-Set mit Verteiler- und Verbindungskabeln sowie Fernsteuerung und Netzteil mit EU-Stecker zum direkten Anschluss an 230V. Jeder Strahler hat 15cm Zuleitung und je 2 meter Verl\u00e4ngerungskabel mit wassergesch\u00fctzter Isolierung<br \/>\nHOCHLEISTUNGS LED: 3W Einbaustrahler mit CREE LED, Dimmbar mit passendem 700mA Netzteil. Schutzklasse IP65 zur Installation im Innen- und Au\u00dfenbereich. Einbauspots in kleiner Bauform f\u00fcr Terrassendach, \u00dcberdachungen, Wintergarten &amp; mehr<br \/>\nINDIVIDUELLES LICHT: Helligkeit einstellbar \u00fcber Fernbedienung. Stufenloses dimmen 10-100%, ohne flackern. 2.4GHz Funknetzteil mit ca. 30m Reichweite und Memory-Funktion: die letzte Einstellung bleibt nach dem Aus-\/ Einschalten erhalten, auch bei Verwendung in Kombination mit einem Wandschalter<br \/>\nH\u00d6CHSTE EFFIZIENZ: 180 Lumen pro Minispot, Warmwei\u00dfes Licht 3000K , 45\u00b0 Abstrahlwinkel, Durchmesser: 33mm \/ Lochma\u00df: 28 &#8211; 30mm \/ Einbautiefe: 35mm \/ Oberfl\u00e4che: Aluminium, Milchglas Abdeckung<br \/>\nROBUST &amp; SICHER: F\u00fcr eine lange Lebensdauer werden die LED mit Konstantstrom 700mA betrieben (Netzteil in Set enthalten). Stufenloses dimmen ohne flackern oder brummen mit passendem Netzteil m\u00f6glich. CE &amp; RoHS Zertifiziert<br \/>\n<div class=\"main-cross-sell\" data-asin=\"B07RQTMFNH\">\n\n\t<div class=\"WooZone-cross-sell-loader\">\n\t\t<div>\n\t\t\t<div id=\"floatingBarsG\">\n\t\t\t\t<div class=\"blockG\" id=\"rotateG_01\"><\/div>\n\t\t\t\t<div class=\"blockG\" id=\"rotateG_02\"><\/div>\n\t\t\t\t<div class=\"blockG\" id=\"rotateG_03\"><\/div>\n\t\t\t\t<div class=\"blockG\" id=\"rotateG_04\"><\/div>\n\t\t\t\t<div class=\"blockG\" id=\"rotateG_05\"><\/div>\n\t\t\t\t<div class=\"blockG\" id=\"rotateG_06\"><\/div>\n\t\t\t\t<div class=\"blockG\" id=\"rotateG_07\"><\/div>\n\t\t\t\t<div class=\"blockG\" id=\"rotateG_08\"><\/div>\n\t\t\t<\/div>\n\t\t\t<div class=\"WooZone-cross-sell-loader-text\"><\/div>\n\t\t<\/div>\n\t<\/div>\n\n\t\t\n<\/div>\n<div style=\"clear:both;\"><\/div><\/p>\n","protected":false},"excerpt":{"rendered":"<p>ANSCHLUSSFERTIG: 12x Mini-LED-Spots, Komplett-Set mit Verteiler- und Verbindungskabeln sowie Fernsteuerung und Netzteil mit EU-Stecker zum direkten Anschluss an 230V. Jeder Strahler hat 15cm Zuleitung und je 2 meter Verl\u00e4ngerungskabel mit wassergesch\u00fctzter Isolierung<br \/>\nHOCHLEISTUNGS LED: 3W Einbaustrahler mit CREE LED, Dimmbar mit passendem 700mA Netzteil. Schutzklasse IP65 zur Installation im Innen- und Au\u00dfenbereich. Einbauspots in kleiner Bauform f\u00fcr Terrassendach, \u00dcberdachungen, Wintergarten &amp; mehr<br \/>\nINDIVIDUELLES LICHT: Helligkeit einstellbar \u00fcber Fernbedienung. Stufenloses dimmen 10-100%, ohne flackern. 2.4GHz Funknetzteil mit ca. 30m Reichweite und Memory-Funktion: die letzte Einstellung bleibt nach dem Aus-\/ Einschalten erhalten, auch bei Verwendung in Kombination mit einem Wandschalter<\/p>\n","protected":false},"featured_media":35830,"comment_status":"open","ping_status":"closed","template":"","meta":[],"product_brand":[],"product_cat":[11446,2108],"product_tag":[],"class_list":{"0":"post-35819","1":"product","2":"type-product","3":"status-publish","4":"has-post-thumbnail","6":"product_cat-aussenbeleuchtung","7":"product_cat-beleuchtung","8":"pa_brand-ledux","9":"pa_farbe-silber","10":"pa_farbe-weiss","11":"pa_groesse-10x-minispot","12":"pa_groesse-12x-minispot","13":"pa_groesse-6x-minispot","14":"pa_groesse-7x-minispot","15":"pa_groesse-9x-minispot","16":"pa_groesse-einzeln-mit-netzteil","17":"pa_groesse-einzeln-ohne-netzteil","18":"pa_manufacturer-mueller-led-technik","20":"first","21":"instock","22":"shipping-taxable","23":"purchasable","24":"product-type-variable","25":"customify-col","26":"product-has-gallery"},"yoast_head":"<!-- This site is optimized with the Yoast SEO plugin v27.4 - https:\/\/yoast.com\/product\/yoast-seo-wordpress\/ -->\n<title>LEDUX 3W Mini Einbaustrahler IP65 Schutz 3000K Warmwei\u00df,Dimmbar Funk-Netzteil, Innen- und Au\u00dfenbeleuchtung f\u00fcr\u2026 - Markt-XXL<\/title>\n<meta name=\"description\" content=\"Markt-XXL LEDUX 3W Mini Einbaustrahler IP65 Schutz 3000K Warmwei\u00df,Dimmbar Funk-Netzteil, Innen- und Au\u00dfenbeleuchtung f\u00fcr\u2026\" \/>\n<meta name=\"robots\" content=\"index, follow, max-snippet:-1, max-image-preview:large, max-video-preview:-1\" \/>\n<link rel=\"canonical\" href=\"https:\/\/marktxxl.de\/markt\/produkt\/3w-led-mini-einbaustrahler-aluminium-ip65-wassergeschuetzt-3000k-warmweiss-dimmbar-funk-netzteil-minispots-fuer-innen-und-aussenbeleuchtung-ideal-fuer-terrassenueberdachung-badezimmer-etc\/\" \/>\n<meta property=\"og:locale\" content=\"de_DE\" \/>\n<meta property=\"og:type\" content=\"article\" \/>\n<meta property=\"og:title\" content=\"LEDUX 3W Mini Einbaustrahler IP65 Schutz 3000K Warmwei\u00df,Dimmbar Funk-Netzteil, Innen- und Au\u00dfenbeleuchtung f\u00fcr\u2026 - Markt-XXL\" \/>\n<meta property=\"og:description\" content=\"Markt-XXL LEDUX 3W Mini Einbaustrahler IP65 Schutz 3000K Warmwei\u00df,Dimmbar Funk-Netzteil, Innen- und Au\u00dfenbeleuchtung f\u00fcr\u2026\" \/>\n<meta property=\"og:url\" content=\"https:\/\/marktxxl.de\/markt\/produkt\/3w-led-mini-einbaustrahler-aluminium-ip65-wassergeschuetzt-3000k-warmweiss-dimmbar-funk-netzteil-minispots-fuer-innen-und-aussenbeleuchtung-ideal-fuer-terrassenueberdachung-badezimmer-etc\/\" \/>\n<meta property=\"og:site_name\" content=\"Markt-XXL\" \/>\n<meta property=\"article:modified_time\" content=\"2023-04-09T23:35:22+00:00\" \/>\n<meta property=\"og:image\" content=\"https:\/\/m.media-amazon.com\/images\/I\/41upl1uXqDS._SL500_.jpg\" \/>\n\t<meta property=\"og:image:width\" content=\"500\" \/>\n\t<meta property=\"og:image:height\" content=\"391\" \/>\n\t<meta property=\"og:image:type\" content=\"image\/jpeg\" \/>\n<meta name=\"twitter:card\" content=\"summary_large_image\" \/>\n<meta name=\"twitter:label1\" content=\"Gesch\u00e4tzte Lesezeit\" \/>\n\t<meta name=\"twitter:data1\" content=\"1\u00a0Minute\" \/>\n<script type=\"application\/ld+json\" class=\"yoast-schema-graph\">{\"@context\":\"https:\\\/\\\/schema.org\",\"@graph\":[{\"@type\":\"WebPage\",\"@id\":\"https:\\\/\\\/marktxxl.de\\\/markt\\\/produkt\\\/3w-led-mini-einbaustrahler-aluminium-ip65-wassergeschuetzt-3000k-warmweiss-dimmbar-funk-netzteil-minispots-fuer-innen-und-aussenbeleuchtung-ideal-fuer-terrassenueberdachung-badezimmer-etc\\\/\",\"url\":\"https:\\\/\\\/marktxxl.de\\\/markt\\\/produkt\\\/3w-led-mini-einbaustrahler-aluminium-ip65-wassergeschuetzt-3000k-warmweiss-dimmbar-funk-netzteil-minispots-fuer-innen-und-aussenbeleuchtung-ideal-fuer-terrassenueberdachung-badezimmer-etc\\\/\",\"name\":\"LEDUX 3W Mini Einbaustrahler IP65 Schutz 3000K Warmwei\u00df,Dimmbar Funk-Netzteil, Innen- und Au\u00dfenbeleuchtung f\u00fcr\u2026 - Markt-XXL\",\"isPartOf\":{\"@id\":\"https:\\\/\\\/marktxxl.de\\\/markt\\\/#website\"},\"primaryImageOfPage\":{\"@id\":\"https:\\\/\\\/marktxxl.de\\\/markt\\\/produkt\\\/3w-led-mini-einbaustrahler-aluminium-ip65-wassergeschuetzt-3000k-warmweiss-dimmbar-funk-netzteil-minispots-fuer-innen-und-aussenbeleuchtung-ideal-fuer-terrassenueberdachung-badezimmer-etc\\\/#primaryimage\"},\"image\":{\"@id\":\"https:\\\/\\\/marktxxl.de\\\/markt\\\/produkt\\\/3w-led-mini-einbaustrahler-aluminium-ip65-wassergeschuetzt-3000k-warmweiss-dimmbar-funk-netzteil-minispots-fuer-innen-und-aussenbeleuchtung-ideal-fuer-terrassenueberdachung-badezimmer-etc\\\/#primaryimage\"},\"thumbnailUrl\":\"https:\\\/\\\/m.media-amazon.com\\\/images\\\/I\\\/41upl1uXqDS._SL500_.jpg\",\"datePublished\":\"2021-09-13T18:57:41+00:00\",\"dateModified\":\"2023-04-09T23:35:22+00:00\",\"description\":\"Markt-XXL LEDUX 3W Mini Einbaustrahler IP65 Schutz 3000K Warmwei\u00df,Dimmbar Funk-Netzteil, Innen- und Au\u00dfenbeleuchtung f\u00fcr\u2026\",\"breadcrumb\":{\"@id\":\"https:\\\/\\\/marktxxl.de\\\/markt\\\/produkt\\\/3w-led-mini-einbaustrahler-aluminium-ip65-wassergeschuetzt-3000k-warmweiss-dimmbar-funk-netzteil-minispots-fuer-innen-und-aussenbeleuchtung-ideal-fuer-terrassenueberdachung-badezimmer-etc\\\/#breadcrumb\"},\"inLanguage\":\"de\",\"potentialAction\":[{\"@type\":\"ReadAction\",\"target\":[\"https:\\\/\\\/marktxxl.de\\\/markt\\\/produkt\\\/3w-led-mini-einbaustrahler-aluminium-ip65-wassergeschuetzt-3000k-warmweiss-dimmbar-funk-netzteil-minispots-fuer-innen-und-aussenbeleuchtung-ideal-fuer-terrassenueberdachung-badezimmer-etc\\\/\"]}]},{\"@type\":\"ImageObject\",\"inLanguage\":\"de\",\"@id\":\"https:\\\/\\\/marktxxl.de\\\/markt\\\/produkt\\\/3w-led-mini-einbaustrahler-aluminium-ip65-wassergeschuetzt-3000k-warmweiss-dimmbar-funk-netzteil-minispots-fuer-innen-und-aussenbeleuchtung-ideal-fuer-terrassenueberdachung-badezimmer-etc\\\/#primaryimage\",\"url\":\"https:\\\/\\\/m.media-amazon.com\\\/images\\\/I\\\/41upl1uXqDS._SL500_.jpg\",\"contentUrl\":\"https:\\\/\\\/m.media-amazon.com\\\/images\\\/I\\\/41upl1uXqDS._SL500_.jpg\",\"width\":500,\"height\":391},{\"@type\":\"BreadcrumbList\",\"@id\":\"https:\\\/\\\/marktxxl.de\\\/markt\\\/produkt\\\/3w-led-mini-einbaustrahler-aluminium-ip65-wassergeschuetzt-3000k-warmweiss-dimmbar-funk-netzteil-minispots-fuer-innen-und-aussenbeleuchtung-ideal-fuer-terrassenueberdachung-badezimmer-etc\\\/#breadcrumb\",\"itemListElement\":[{\"@type\":\"ListItem\",\"position\":1,\"name\":\"Startseite\",\"item\":\"https:\\\/\\\/marktxxl.de\\\/markt\\\/\"},{\"@type\":\"ListItem\",\"position\":2,\"name\":\"Markt\",\"item\":\"https:\\\/\\\/marktxxl.de\\\/markt\\\/\"},{\"@type\":\"ListItem\",\"position\":3,\"name\":\"LEDUX 3W Mini Einbaustrahler IP65 Schutz 3000K Warmwei\u00df,Dimmbar Funk-Netzteil, Innen- und Au\u00dfenbeleuchtung f\u00fcr\u2026\"}]},{\"@type\":\"WebSite\",\"@id\":\"https:\\\/\\\/marktxxl.de\\\/markt\\\/#website\",\"url\":\"https:\\\/\\\/marktxxl.de\\\/markt\\\/\",\"name\":\"Markt-XXL\",\"description\":\"Ihr Markt Online\",\"publisher\":{\"@id\":\"https:\\\/\\\/marktxxl.de\\\/markt\\\/#organization\"},\"potentialAction\":[{\"@type\":\"SearchAction\",\"target\":{\"@type\":\"EntryPoint\",\"urlTemplate\":\"https:\\\/\\\/marktxxl.de\\\/markt\\\/?s={search_term_string}\"},\"query-input\":{\"@type\":\"PropertyValueSpecification\",\"valueRequired\":true,\"valueName\":\"search_term_string\"}}],\"inLanguage\":\"de\"},{\"@type\":\"Organization\",\"@id\":\"https:\\\/\\\/marktxxl.de\\\/markt\\\/#organization\",\"name\":\"Markt-XXL\",\"url\":\"https:\\\/\\\/marktxxl.de\\\/markt\\\/\",\"logo\":{\"@type\":\"ImageObject\",\"inLanguage\":\"de\",\"@id\":\"https:\\\/\\\/marktxxl.de\\\/markt\\\/#\\\/schema\\\/logo\\\/image\\\/\",\"url\":\"https:\\\/\\\/marktxxl.de\\\/markt\\\/wp-content\\\/uploads\\\/sites\\\/3\\\/2020\\\/12\\\/logo.png\",\"contentUrl\":\"https:\\\/\\\/marktxxl.de\\\/markt\\\/wp-content\\\/uploads\\\/sites\\\/3\\\/2020\\\/12\\\/logo.png\",\"width\":200,\"height\":70,\"caption\":\"Markt-XXL\"},\"image\":{\"@id\":\"https:\\\/\\\/marktxxl.de\\\/markt\\\/#\\\/schema\\\/logo\\\/image\\\/\"}}]}<\/script>\n<!-- \/ Yoast SEO plugin. -->","yoast_head_json":{"title":"LEDUX 3W Mini Einbaustrahler IP65 Schutz 3000K Warmwei\u00df,Dimmbar Funk-Netzteil, Innen- und Au\u00dfenbeleuchtung f\u00fcr\u2026 - Markt-XXL","description":"Markt-XXL LEDUX 3W Mini Einbaustrahler IP65 Schutz 3000K Warmwei\u00df,Dimmbar Funk-Netzteil, Innen- und Au\u00dfenbeleuchtung f\u00fcr\u2026","robots":{"index":"index","follow":"follow","max-snippet":"max-snippet:-1","max-image-preview":"max-image-preview:large","max-video-preview":"max-video-preview:-1"},"canonical":"https:\/\/marktxxl.de\/markt\/produkt\/3w-led-mini-einbaustrahler-aluminium-ip65-wassergeschuetzt-3000k-warmweiss-dimmbar-funk-netzteil-minispots-fuer-innen-und-aussenbeleuchtung-ideal-fuer-terrassenueberdachung-badezimmer-etc\/","og_locale":"de_DE","og_type":"article","og_title":"LEDUX 3W Mini Einbaustrahler IP65 Schutz 3000K Warmwei\u00df,Dimmbar Funk-Netzteil, Innen- und Au\u00dfenbeleuchtung f\u00fcr\u2026 - Markt-XXL","og_description":"Markt-XXL LEDUX 3W Mini Einbaustrahler IP65 Schutz 3000K Warmwei\u00df,Dimmbar Funk-Netzteil, Innen- und Au\u00dfenbeleuchtung f\u00fcr\u2026","og_url":"https:\/\/marktxxl.de\/markt\/produkt\/3w-led-mini-einbaustrahler-aluminium-ip65-wassergeschuetzt-3000k-warmweiss-dimmbar-funk-netzteil-minispots-fuer-innen-und-aussenbeleuchtung-ideal-fuer-terrassenueberdachung-badezimmer-etc\/","og_site_name":"Markt-XXL","article_modified_time":"2023-04-09T23:35:22+00:00","og_image":[{"width":500,"height":391,"url":"https:\/\/m.media-amazon.com\/images\/I\/41upl1uXqDS._SL500_.jpg","type":"image\/jpeg"}],"twitter_card":"summary_large_image","twitter_misc":{"Gesch\u00e4tzte Lesezeit":"1\u00a0Minute"},"schema":{"@context":"https:\/\/schema.org","@graph":[{"@type":"WebPage","@id":"https:\/\/marktxxl.de\/markt\/produkt\/3w-led-mini-einbaustrahler-aluminium-ip65-wassergeschuetzt-3000k-warmweiss-dimmbar-funk-netzteil-minispots-fuer-innen-und-aussenbeleuchtung-ideal-fuer-terrassenueberdachung-badezimmer-etc\/","url":"https:\/\/marktxxl.de\/markt\/produkt\/3w-led-mini-einbaustrahler-aluminium-ip65-wassergeschuetzt-3000k-warmweiss-dimmbar-funk-netzteil-minispots-fuer-innen-und-aussenbeleuchtung-ideal-fuer-terrassenueberdachung-badezimmer-etc\/","name":"LEDUX 3W Mini Einbaustrahler IP65 Schutz 3000K Warmwei\u00df,Dimmbar Funk-Netzteil, Innen- und Au\u00dfenbeleuchtung f\u00fcr\u2026 - Markt-XXL","isPartOf":{"@id":"https:\/\/marktxxl.de\/markt\/#website"},"primaryImageOfPage":{"@id":"https:\/\/marktxxl.de\/markt\/produkt\/3w-led-mini-einbaustrahler-aluminium-ip65-wassergeschuetzt-3000k-warmweiss-dimmbar-funk-netzteil-minispots-fuer-innen-und-aussenbeleuchtung-ideal-fuer-terrassenueberdachung-badezimmer-etc\/#primaryimage"},"image":{"@id":"https:\/\/marktxxl.de\/markt\/produkt\/3w-led-mini-einbaustrahler-aluminium-ip65-wassergeschuetzt-3000k-warmweiss-dimmbar-funk-netzteil-minispots-fuer-innen-und-aussenbeleuchtung-ideal-fuer-terrassenueberdachung-badezimmer-etc\/#primaryimage"},"thumbnailUrl":"https:\/\/m.media-amazon.com\/images\/I\/41upl1uXqDS._SL500_.jpg","datePublished":"2021-09-13T18:57:41+00:00","dateModified":"2023-04-09T23:35:22+00:00","description":"Markt-XXL LEDUX 3W Mini Einbaustrahler IP65 Schutz 3000K Warmwei\u00df,Dimmbar Funk-Netzteil, Innen- und Au\u00dfenbeleuchtung f\u00fcr\u2026","breadcrumb":{"@id":"https:\/\/marktxxl.de\/markt\/produkt\/3w-led-mini-einbaustrahler-aluminium-ip65-wassergeschuetzt-3000k-warmweiss-dimmbar-funk-netzteil-minispots-fuer-innen-und-aussenbeleuchtung-ideal-fuer-terrassenueberdachung-badezimmer-etc\/#breadcrumb"},"inLanguage":"de","potentialAction":[{"@type":"ReadAction","target":["https:\/\/marktxxl.de\/markt\/produkt\/3w-led-mini-einbaustrahler-aluminium-ip65-wassergeschuetzt-3000k-warmweiss-dimmbar-funk-netzteil-minispots-fuer-innen-und-aussenbeleuchtung-ideal-fuer-terrassenueberdachung-badezimmer-etc\/"]}]},{"@type":"ImageObject","inLanguage":"de","@id":"https:\/\/marktxxl.de\/markt\/produkt\/3w-led-mini-einbaustrahler-aluminium-ip65-wassergeschuetzt-3000k-warmweiss-dimmbar-funk-netzteil-minispots-fuer-innen-und-aussenbeleuchtung-ideal-fuer-terrassenueberdachung-badezimmer-etc\/#primaryimage","url":"https:\/\/m.media-amazon.com\/images\/I\/41upl1uXqDS._SL500_.jpg","contentUrl":"https:\/\/m.media-amazon.com\/images\/I\/41upl1uXqDS._SL500_.jpg","width":500,"height":391},{"@type":"BreadcrumbList","@id":"https:\/\/marktxxl.de\/markt\/produkt\/3w-led-mini-einbaustrahler-aluminium-ip65-wassergeschuetzt-3000k-warmweiss-dimmbar-funk-netzteil-minispots-fuer-innen-und-aussenbeleuchtung-ideal-fuer-terrassenueberdachung-badezimmer-etc\/#breadcrumb","itemListElement":[{"@type":"ListItem","position":1,"name":"Startseite","item":"https:\/\/marktxxl.de\/markt\/"},{"@type":"ListItem","position":2,"name":"Markt","item":"https:\/\/marktxxl.de\/markt\/"},{"@type":"ListItem","position":3,"name":"LEDUX 3W Mini Einbaustrahler IP65 Schutz 3000K Warmwei\u00df,Dimmbar Funk-Netzteil, Innen- und Au\u00dfenbeleuchtung f\u00fcr\u2026"}]},{"@type":"WebSite","@id":"https:\/\/marktxxl.de\/markt\/#website","url":"https:\/\/marktxxl.de\/markt\/","name":"Markt-XXL","description":"Ihr Markt Online","publisher":{"@id":"https:\/\/marktxxl.de\/markt\/#organization"},"potentialAction":[{"@type":"SearchAction","target":{"@type":"EntryPoint","urlTemplate":"https:\/\/marktxxl.de\/markt\/?s={search_term_string}"},"query-input":{"@type":"PropertyValueSpecification","valueRequired":true,"valueName":"search_term_string"}}],"inLanguage":"de"},{"@type":"Organization","@id":"https:\/\/marktxxl.de\/markt\/#organization","name":"Markt-XXL","url":"https:\/\/marktxxl.de\/markt\/","logo":{"@type":"ImageObject","inLanguage":"de","@id":"https:\/\/marktxxl.de\/markt\/#\/schema\/logo\/image\/","url":"https:\/\/marktxxl.de\/markt\/wp-content\/uploads\/sites\/3\/2020\/12\/logo.png","contentUrl":"https:\/\/marktxxl.de\/markt\/wp-content\/uploads\/sites\/3\/2020\/12\/logo.png","width":200,"height":70,"caption":"Markt-XXL"},"image":{"@id":"https:\/\/marktxxl.de\/markt\/#\/schema\/logo\/image\/"}}]}},"_links":{"self":[{"href":"https:\/\/marktxxl.de\/markt\/wp-json\/wp\/v2\/product\/35819","targetHints":{"allow":["GET"]}}],"collection":[{"href":"https:\/\/marktxxl.de\/markt\/wp-json\/wp\/v2\/product"}],"about":[{"href":"https:\/\/marktxxl.de\/markt\/wp-json\/wp\/v2\/types\/product"}],"replies":[{"embeddable":true,"href":"https:\/\/marktxxl.de\/markt\/wp-json\/wp\/v2\/comments?post=35819"}],"wp:featuredmedia":[{"embeddable":true,"href":"https:\/\/marktxxl.de\/markt\/wp-json\/wp\/v2\/media\/35830"}],"wp:attachment":[{"href":"https:\/\/marktxxl.de\/markt\/wp-json\/wp\/v2\/media?parent=35819"}],"wp:term":[{"taxonomy":"product_brand","embeddable":true,"href":"https:\/\/marktxxl.de\/markt\/wp-json\/wp\/v2\/product_brand?post=35819"},{"taxonomy":"product_cat","embeddable":true,"href":"https:\/\/marktxxl.de\/markt\/wp-json\/wp\/v2\/product_cat?post=35819"},{"taxonomy":"product_tag","embeddable":true,"href":"https:\/\/marktxxl.de\/markt\/wp-json\/wp\/v2\/product_tag?post=35819"}],"curies":[{"name":"wp","href":"https:\/\/api.w.org\/{rel}","templated":true}]}}