{"id":35796,"date":"2021-09-13T20:57:37","date_gmt":"2021-09-13T18:57:37","guid":{"rendered":"https:\/\/marktxxl.de\/markt\/produkt\/wago-221-412-413-415-x10-spleissverbinder-kompakte-bauweise-mit-hebel-leiter-014-4-mm%c2%b2\/"},"modified":"2023-04-10T01:35:21","modified_gmt":"2023-04-09T23:35:21","slug":"wago-221-412-413-415-x10-spleissverbinder-kompakte-bauweise-mit-hebel-leiter-014-4-mm%c2%b2","status":"publish","type":"product","link":"https:\/\/marktxxl.de\/markt\/produkt\/wago-221-412-413-415-x10-spleissverbinder-kompakte-bauweise-mit-hebel-leiter-014-4-mm%c2%b2\/","title":{"rendered":"Wago 221-412-413-415 x10 Splei\u00dfverbinder, Kompakte Bauweise mit Hebel, Leiter 0,14-4 mm\u00b2"},"content":{"rendered":"<p>Bew\u00e4hrt und perfektioniert: WAGO COMPACT Splei\u00dfverbinder der Serie 221 f\u00fcr alle Drahttypen setzen neue Ma\u00dfst\u00e4be<br \/>\nWAGOs neue werkzeuglose Hebelanschl\u00fcsse der 221 Serie f\u00fcr Elektroinstallationen erm\u00f6glichen es, solide, verseilte und feindr\u00e4htige Dr\u00e4hte schneller, zuverl\u00e4ssiger anzuschlie\u00dfen und gleichzeitig den Platz in Anschlussdosen zu minimieren<br \/>\nDurch das transparente Geh\u00e4use k\u00f6nnen Sie deutlich sehen, ob die Dr\u00e4hte richtig angeschlossen und auf die richtige L\u00e4nge abgezogen sind. Dar\u00fcber hinaus bieten zwei leicht zug\u00e4ngliche Testanschl\u00fcsse, einer in die Drahteingangsrichtung und einer gegen\u00fcberliegend dieser, auch wenn installiert<br \/>\nDie neuen Splei\u00dfverbinder der Serie 221 von WAGO sind auch einfacher zu bedienen: Die Bedienhebel k\u00f6nnen nun mit sp\u00fcrbar weniger Kraft ge\u00f6ffnet und geschlossen werden. Seitlich ausgeh\u00f6hlte Griffe bieten festen Halt auf den Steckern der Serie 221 in jeder Situation<br \/>\nSie erhalten 10x 221-412, 10x 221-413 und 10x 221-415<br \/>\n<div class=\"main-cross-sell\" data-asin=\"B07Q4WZ1J9\">\n\n\t<div class=\"WooZone-cross-sell-loader\">\n\t\t<div>\n\t\t\t<div id=\"floatingBarsG\">\n\t\t\t\t<div class=\"blockG\" id=\"rotateG_01\"><\/div>\n\t\t\t\t<div class=\"blockG\" id=\"rotateG_02\"><\/div>\n\t\t\t\t<div class=\"blockG\" id=\"rotateG_03\"><\/div>\n\t\t\t\t<div class=\"blockG\" id=\"rotateG_04\"><\/div>\n\t\t\t\t<div class=\"blockG\" id=\"rotateG_05\"><\/div>\n\t\t\t\t<div class=\"blockG\" id=\"rotateG_06\"><\/div>\n\t\t\t\t<div class=\"blockG\" id=\"rotateG_07\"><\/div>\n\t\t\t\t<div class=\"blockG\" id=\"rotateG_08\"><\/div>\n\t\t\t<\/div>\n\t\t\t<div class=\"WooZone-cross-sell-loader-text\"><\/div>\n\t\t<\/div>\n\t<\/div>\n\n\t\t\n<\/div>\n<div style=\"clear:both;\"><\/div><\/p>\n","protected":false},"excerpt":{"rendered":"<p>Bew\u00e4hrt und perfektioniert: WAGO COMPACT Splei\u00dfverbinder der Serie 221 f\u00fcr alle Drahttypen setzen neue Ma\u00dfst\u00e4be<br \/>\nWAGOs neue werkzeuglose Hebelanschl\u00fcsse der 221 Serie f\u00fcr Elektroinstallationen erm\u00f6glichen es, solide, verseilte und feindr\u00e4htige Dr\u00e4hte schneller, zuverl\u00e4ssiger anzuschlie\u00dfen und gleichzeitig den Platz in Anschlussdosen zu minimieren<br \/>\nDurch das transparente Geh\u00e4use k\u00f6nnen Sie deutlich sehen, ob die Dr\u00e4hte richtig angeschlossen und auf die richtige L\u00e4nge abgezogen sind. Dar\u00fcber hinaus bieten zwei leicht zug\u00e4ngliche Testanschl\u00fcsse, einer in die Drahteingangsrichtung und einer gegen\u00fcberliegend dieser, auch wenn installiert<\/p>\n","protected":false},"featured_media":35797,"comment_status":"open","ping_status":"closed","template":"","meta":[],"product_brand":[],"product_cat":[2108],"product_tag":[],"class_list":{"0":"post-35796","1":"product","2":"type-product","3":"status-publish","4":"has-post-thumbnail","6":"product_cat-beleuchtung","7":"pa_binding-misc","8":"pa_brand-wago","9":"pa_height-0-787401574-zoll","10":"pa_length-3-93700787-zoll","11":"pa_manufacturer-wago","12":"pa_model-221-412-413-415-x10","13":"pa_width-3-93700787-zoll","15":"first","16":"instock","17":"shipping-taxable","18":"purchasable","19":"product-type-simple","20":"customify-col","21":"product-has-gallery"},"yoast_head":"<!-- This site is optimized with the Yoast SEO plugin v27.4 - https:\/\/yoast.com\/product\/yoast-seo-wordpress\/ -->\n<title>Wago 221-412-413-415 x10 Splei\u00dfverbinder, Kompakte Bauweise mit Hebel, Leiter 0,14-4 mm\u00b2 - Markt-XXL<\/title>\n<meta name=\"description\" content=\"Markt-XXL Wago 221-412-413-415 x10 Splei\u00dfverbinder, Kompakte Bauweise mit Hebel, Leiter 0,14-4 mm\u00b2\" \/>\n<meta name=\"robots\" content=\"index, follow, max-snippet:-1, max-image-preview:large, max-video-preview:-1\" \/>\n<link rel=\"canonical\" href=\"https:\/\/marktxxl.de\/markt\/produkt\/wago-221-412-413-415-x10-spleissverbinder-kompakte-bauweise-mit-hebel-leiter-014-4-mm\u00b2\/\" \/>\n<meta property=\"og:locale\" content=\"de_DE\" \/>\n<meta property=\"og:type\" content=\"article\" \/>\n<meta property=\"og:title\" content=\"Wago 221-412-413-415 x10 Splei\u00dfverbinder, Kompakte Bauweise mit Hebel, Leiter 0,14-4 mm\u00b2 - Markt-XXL\" \/>\n<meta property=\"og:description\" content=\"Markt-XXL Wago 221-412-413-415 x10 Splei\u00dfverbinder, Kompakte Bauweise mit Hebel, Leiter 0,14-4 mm\u00b2\" \/>\n<meta property=\"og:url\" content=\"https:\/\/marktxxl.de\/markt\/produkt\/wago-221-412-413-415-x10-spleissverbinder-kompakte-bauweise-mit-hebel-leiter-014-4-mm\u00b2\/\" \/>\n<meta property=\"og:site_name\" content=\"Markt-XXL\" \/>\n<meta property=\"article:modified_time\" content=\"2023-04-09T23:35:21+00:00\" \/>\n<meta property=\"og:image\" content=\"https:\/\/m.media-amazon.com\/images\/I\/317aCzi5lUL._SL500_.jpg\" \/>\n\t<meta property=\"og:image:width\" content=\"500\" \/>\n\t<meta property=\"og:image:height\" content=\"146\" \/>\n\t<meta property=\"og:image:type\" content=\"image\/jpeg\" \/>\n<meta name=\"twitter:card\" content=\"summary_large_image\" \/>\n<meta name=\"twitter:label1\" content=\"Gesch\u00e4tzte Lesezeit\" \/>\n\t<meta name=\"twitter:data1\" content=\"1\u00a0Minute\" \/>\n<script type=\"application\/ld+json\" class=\"yoast-schema-graph\">{\"@context\":\"https:\\\/\\\/schema.org\",\"@graph\":[{\"@type\":\"WebPage\",\"@id\":\"https:\\\/\\\/marktxxl.de\\\/markt\\\/produkt\\\/wago-221-412-413-415-x10-spleissverbinder-kompakte-bauweise-mit-hebel-leiter-014-4-mm%c2%b2\\\/\",\"url\":\"https:\\\/\\\/marktxxl.de\\\/markt\\\/produkt\\\/wago-221-412-413-415-x10-spleissverbinder-kompakte-bauweise-mit-hebel-leiter-014-4-mm%c2%b2\\\/\",\"name\":\"Wago 221-412-413-415 x10 Splei\u00dfverbinder, Kompakte Bauweise mit Hebel, Leiter 0,14-4 mm\u00b2 - Markt-XXL\",\"isPartOf\":{\"@id\":\"https:\\\/\\\/marktxxl.de\\\/markt\\\/#website\"},\"primaryImageOfPage\":{\"@id\":\"https:\\\/\\\/marktxxl.de\\\/markt\\\/produkt\\\/wago-221-412-413-415-x10-spleissverbinder-kompakte-bauweise-mit-hebel-leiter-014-4-mm%c2%b2\\\/#primaryimage\"},\"image\":{\"@id\":\"https:\\\/\\\/marktxxl.de\\\/markt\\\/produkt\\\/wago-221-412-413-415-x10-spleissverbinder-kompakte-bauweise-mit-hebel-leiter-014-4-mm%c2%b2\\\/#primaryimage\"},\"thumbnailUrl\":\"https:\\\/\\\/m.media-amazon.com\\\/images\\\/I\\\/317aCzi5lUL._SL500_.jpg\",\"datePublished\":\"2021-09-13T18:57:37+00:00\",\"dateModified\":\"2023-04-09T23:35:21+00:00\",\"description\":\"Markt-XXL Wago 221-412-413-415 x10 Splei\u00dfverbinder, Kompakte Bauweise mit Hebel, Leiter 0,14-4 mm\u00b2\",\"breadcrumb\":{\"@id\":\"https:\\\/\\\/marktxxl.de\\\/markt\\\/produkt\\\/wago-221-412-413-415-x10-spleissverbinder-kompakte-bauweise-mit-hebel-leiter-014-4-mm%c2%b2\\\/#breadcrumb\"},\"inLanguage\":\"de\",\"potentialAction\":[{\"@type\":\"ReadAction\",\"target\":[\"https:\\\/\\\/marktxxl.de\\\/markt\\\/produkt\\\/wago-221-412-413-415-x10-spleissverbinder-kompakte-bauweise-mit-hebel-leiter-014-4-mm%c2%b2\\\/\"]}]},{\"@type\":\"ImageObject\",\"inLanguage\":\"de\",\"@id\":\"https:\\\/\\\/marktxxl.de\\\/markt\\\/produkt\\\/wago-221-412-413-415-x10-spleissverbinder-kompakte-bauweise-mit-hebel-leiter-014-4-mm%c2%b2\\\/#primaryimage\",\"url\":\"https:\\\/\\\/m.media-amazon.com\\\/images\\\/I\\\/317aCzi5lUL._SL500_.jpg\",\"contentUrl\":\"https:\\\/\\\/m.media-amazon.com\\\/images\\\/I\\\/317aCzi5lUL._SL500_.jpg\",\"width\":500,\"height\":146},{\"@type\":\"BreadcrumbList\",\"@id\":\"https:\\\/\\\/marktxxl.de\\\/markt\\\/produkt\\\/wago-221-412-413-415-x10-spleissverbinder-kompakte-bauweise-mit-hebel-leiter-014-4-mm%c2%b2\\\/#breadcrumb\",\"itemListElement\":[{\"@type\":\"ListItem\",\"position\":1,\"name\":\"Startseite\",\"item\":\"https:\\\/\\\/marktxxl.de\\\/markt\\\/\"},{\"@type\":\"ListItem\",\"position\":2,\"name\":\"Markt\",\"item\":\"https:\\\/\\\/marktxxl.de\\\/markt\\\/\"},{\"@type\":\"ListItem\",\"position\":3,\"name\":\"Wago 221-412-413-415 x10 Splei\u00dfverbinder, Kompakte Bauweise mit Hebel, Leiter 0,14-4 mm\u00b2\"}]},{\"@type\":\"WebSite\",\"@id\":\"https:\\\/\\\/marktxxl.de\\\/markt\\\/#website\",\"url\":\"https:\\\/\\\/marktxxl.de\\\/markt\\\/\",\"name\":\"Markt-XXL\",\"description\":\"Ihr Markt Online\",\"publisher\":{\"@id\":\"https:\\\/\\\/marktxxl.de\\\/markt\\\/#organization\"},\"potentialAction\":[{\"@type\":\"SearchAction\",\"target\":{\"@type\":\"EntryPoint\",\"urlTemplate\":\"https:\\\/\\\/marktxxl.de\\\/markt\\\/?s={search_term_string}\"},\"query-input\":{\"@type\":\"PropertyValueSpecification\",\"valueRequired\":true,\"valueName\":\"search_term_string\"}}],\"inLanguage\":\"de\"},{\"@type\":\"Organization\",\"@id\":\"https:\\\/\\\/marktxxl.de\\\/markt\\\/#organization\",\"name\":\"Markt-XXL\",\"url\":\"https:\\\/\\\/marktxxl.de\\\/markt\\\/\",\"logo\":{\"@type\":\"ImageObject\",\"inLanguage\":\"de\",\"@id\":\"https:\\\/\\\/marktxxl.de\\\/markt\\\/#\\\/schema\\\/logo\\\/image\\\/\",\"url\":\"https:\\\/\\\/marktxxl.de\\\/markt\\\/wp-content\\\/uploads\\\/sites\\\/3\\\/2020\\\/12\\\/logo.png\",\"contentUrl\":\"https:\\\/\\\/marktxxl.de\\\/markt\\\/wp-content\\\/uploads\\\/sites\\\/3\\\/2020\\\/12\\\/logo.png\",\"width\":200,\"height\":70,\"caption\":\"Markt-XXL\"},\"image\":{\"@id\":\"https:\\\/\\\/marktxxl.de\\\/markt\\\/#\\\/schema\\\/logo\\\/image\\\/\"}}]}<\/script>\n<!-- \/ Yoast SEO plugin. -->","yoast_head_json":{"title":"Wago 221-412-413-415 x10 Splei\u00dfverbinder, Kompakte Bauweise mit Hebel, Leiter 0,14-4 mm\u00b2 - Markt-XXL","description":"Markt-XXL Wago 221-412-413-415 x10 Splei\u00dfverbinder, Kompakte Bauweise mit Hebel, Leiter 0,14-4 mm\u00b2","robots":{"index":"index","follow":"follow","max-snippet":"max-snippet:-1","max-image-preview":"max-image-preview:large","max-video-preview":"max-video-preview:-1"},"canonical":"https:\/\/marktxxl.de\/markt\/produkt\/wago-221-412-413-415-x10-spleissverbinder-kompakte-bauweise-mit-hebel-leiter-014-4-mm\u00b2\/","og_locale":"de_DE","og_type":"article","og_title":"Wago 221-412-413-415 x10 Splei\u00dfverbinder, Kompakte Bauweise mit Hebel, Leiter 0,14-4 mm\u00b2 - Markt-XXL","og_description":"Markt-XXL Wago 221-412-413-415 x10 Splei\u00dfverbinder, Kompakte Bauweise mit Hebel, Leiter 0,14-4 mm\u00b2","og_url":"https:\/\/marktxxl.de\/markt\/produkt\/wago-221-412-413-415-x10-spleissverbinder-kompakte-bauweise-mit-hebel-leiter-014-4-mm\u00b2\/","og_site_name":"Markt-XXL","article_modified_time":"2023-04-09T23:35:21+00:00","og_image":[{"width":500,"height":146,"url":"https:\/\/m.media-amazon.com\/images\/I\/317aCzi5lUL._SL500_.jpg","type":"image\/jpeg"}],"twitter_card":"summary_large_image","twitter_misc":{"Gesch\u00e4tzte Lesezeit":"1\u00a0Minute"},"schema":{"@context":"https:\/\/schema.org","@graph":[{"@type":"WebPage","@id":"https:\/\/marktxxl.de\/markt\/produkt\/wago-221-412-413-415-x10-spleissverbinder-kompakte-bauweise-mit-hebel-leiter-014-4-mm%c2%b2\/","url":"https:\/\/marktxxl.de\/markt\/produkt\/wago-221-412-413-415-x10-spleissverbinder-kompakte-bauweise-mit-hebel-leiter-014-4-mm%c2%b2\/","name":"Wago 221-412-413-415 x10 Splei\u00dfverbinder, Kompakte Bauweise mit Hebel, Leiter 0,14-4 mm\u00b2 - Markt-XXL","isPartOf":{"@id":"https:\/\/marktxxl.de\/markt\/#website"},"primaryImageOfPage":{"@id":"https:\/\/marktxxl.de\/markt\/produkt\/wago-221-412-413-415-x10-spleissverbinder-kompakte-bauweise-mit-hebel-leiter-014-4-mm%c2%b2\/#primaryimage"},"image":{"@id":"https:\/\/marktxxl.de\/markt\/produkt\/wago-221-412-413-415-x10-spleissverbinder-kompakte-bauweise-mit-hebel-leiter-014-4-mm%c2%b2\/#primaryimage"},"thumbnailUrl":"https:\/\/m.media-amazon.com\/images\/I\/317aCzi5lUL._SL500_.jpg","datePublished":"2021-09-13T18:57:37+00:00","dateModified":"2023-04-09T23:35:21+00:00","description":"Markt-XXL Wago 221-412-413-415 x10 Splei\u00dfverbinder, Kompakte Bauweise mit Hebel, Leiter 0,14-4 mm\u00b2","breadcrumb":{"@id":"https:\/\/marktxxl.de\/markt\/produkt\/wago-221-412-413-415-x10-spleissverbinder-kompakte-bauweise-mit-hebel-leiter-014-4-mm%c2%b2\/#breadcrumb"},"inLanguage":"de","potentialAction":[{"@type":"ReadAction","target":["https:\/\/marktxxl.de\/markt\/produkt\/wago-221-412-413-415-x10-spleissverbinder-kompakte-bauweise-mit-hebel-leiter-014-4-mm%c2%b2\/"]}]},{"@type":"ImageObject","inLanguage":"de","@id":"https:\/\/marktxxl.de\/markt\/produkt\/wago-221-412-413-415-x10-spleissverbinder-kompakte-bauweise-mit-hebel-leiter-014-4-mm%c2%b2\/#primaryimage","url":"https:\/\/m.media-amazon.com\/images\/I\/317aCzi5lUL._SL500_.jpg","contentUrl":"https:\/\/m.media-amazon.com\/images\/I\/317aCzi5lUL._SL500_.jpg","width":500,"height":146},{"@type":"BreadcrumbList","@id":"https:\/\/marktxxl.de\/markt\/produkt\/wago-221-412-413-415-x10-spleissverbinder-kompakte-bauweise-mit-hebel-leiter-014-4-mm%c2%b2\/#breadcrumb","itemListElement":[{"@type":"ListItem","position":1,"name":"Startseite","item":"https:\/\/marktxxl.de\/markt\/"},{"@type":"ListItem","position":2,"name":"Markt","item":"https:\/\/marktxxl.de\/markt\/"},{"@type":"ListItem","position":3,"name":"Wago 221-412-413-415 x10 Splei\u00dfverbinder, Kompakte Bauweise mit Hebel, Leiter 0,14-4 mm\u00b2"}]},{"@type":"WebSite","@id":"https:\/\/marktxxl.de\/markt\/#website","url":"https:\/\/marktxxl.de\/markt\/","name":"Markt-XXL","description":"Ihr Markt Online","publisher":{"@id":"https:\/\/marktxxl.de\/markt\/#organization"},"potentialAction":[{"@type":"SearchAction","target":{"@type":"EntryPoint","urlTemplate":"https:\/\/marktxxl.de\/markt\/?s={search_term_string}"},"query-input":{"@type":"PropertyValueSpecification","valueRequired":true,"valueName":"search_term_string"}}],"inLanguage":"de"},{"@type":"Organization","@id":"https:\/\/marktxxl.de\/markt\/#organization","name":"Markt-XXL","url":"https:\/\/marktxxl.de\/markt\/","logo":{"@type":"ImageObject","inLanguage":"de","@id":"https:\/\/marktxxl.de\/markt\/#\/schema\/logo\/image\/","url":"https:\/\/marktxxl.de\/markt\/wp-content\/uploads\/sites\/3\/2020\/12\/logo.png","contentUrl":"https:\/\/marktxxl.de\/markt\/wp-content\/uploads\/sites\/3\/2020\/12\/logo.png","width":200,"height":70,"caption":"Markt-XXL"},"image":{"@id":"https:\/\/marktxxl.de\/markt\/#\/schema\/logo\/image\/"}}]}},"_links":{"self":[{"href":"https:\/\/marktxxl.de\/markt\/wp-json\/wp\/v2\/product\/35796","targetHints":{"allow":["GET"]}}],"collection":[{"href":"https:\/\/marktxxl.de\/markt\/wp-json\/wp\/v2\/product"}],"about":[{"href":"https:\/\/marktxxl.de\/markt\/wp-json\/wp\/v2\/types\/product"}],"replies":[{"embeddable":true,"href":"https:\/\/marktxxl.de\/markt\/wp-json\/wp\/v2\/comments?post=35796"}],"wp:featuredmedia":[{"embeddable":true,"href":"https:\/\/marktxxl.de\/markt\/wp-json\/wp\/v2\/media\/35797"}],"wp:attachment":[{"href":"https:\/\/marktxxl.de\/markt\/wp-json\/wp\/v2\/media?parent=35796"}],"wp:term":[{"taxonomy":"product_brand","embeddable":true,"href":"https:\/\/marktxxl.de\/markt\/wp-json\/wp\/v2\/product_brand?post=35796"},{"taxonomy":"product_cat","embeddable":true,"href":"https:\/\/marktxxl.de\/markt\/wp-json\/wp\/v2\/product_cat?post=35796"},{"taxonomy":"product_tag","embeddable":true,"href":"https:\/\/marktxxl.de\/markt\/wp-json\/wp\/v2\/product_tag?post=35796"}],"curies":[{"name":"wp","href":"https:\/\/api.w.org\/{rel}","templated":true}]}}