{"id":35728,"date":"2021-09-13T20:54:03","date_gmt":"2021-09-13T18:54:03","guid":{"rendered":"https:\/\/marktxxl.de\/markt\/produkt\/so-viele-idioten-und-nur-eine-sense-sarkasmus-ironie-t-shirt\/"},"modified":"2023-04-10T01:35:19","modified_gmt":"2023-04-09T23:35:19","slug":"so-viele-idioten-und-nur-eine-sense-sarkasmus-ironie-t-shirt","status":"publish","type":"product","link":"https:\/\/marktxxl.de\/markt\/produkt\/so-viele-idioten-und-nur-eine-sense-sarkasmus-ironie-t-shirt\/","title":{"rendered":"So Viele Idioten Und Nur Eine Sense Sarkasmus Ironie T-Shirt"},"content":{"rendered":"<p>Das lustige Geschenk f\u00fcr alle Menschenhasser die ironische Spr\u00fcche super lustig finden. Der s\u00fc\u00dfe Sensenmann hat leider nur einen Sense f\u00fcr die ganzen Idioten. Ich hasse Menschen!<br \/>\n&#8220;So Viele Idioten Und Nur Eine Sense&#8221; ist der witzige und sarkastische Spruch und eine tolle Geschenkidee f\u00fcr M\u00e4nner, Frauen, V\u00e4ter, M\u00fctter, S\u00f6hne, T\u00f6chter, Opas, Omas oder Freunde zum Geburtstag oder Weihnachtend die humorvolle Ironie und Sarkasmus haben!<br \/>\nKlassisch geschnitten, doppelt gen\u00e4hter Saum.<br \/>\n<div class=\"main-cross-sell\" data-asin=\"B08DRSDSVG\">\n\n\t<div class=\"WooZone-cross-sell-loader\">\n\t\t<div>\n\t\t\t<div id=\"floatingBarsG\">\n\t\t\t\t<div class=\"blockG\" id=\"rotateG_01\"><\/div>\n\t\t\t\t<div class=\"blockG\" id=\"rotateG_02\"><\/div>\n\t\t\t\t<div class=\"blockG\" id=\"rotateG_03\"><\/div>\n\t\t\t\t<div class=\"blockG\" id=\"rotateG_04\"><\/div>\n\t\t\t\t<div class=\"blockG\" id=\"rotateG_05\"><\/div>\n\t\t\t\t<div class=\"blockG\" id=\"rotateG_06\"><\/div>\n\t\t\t\t<div class=\"blockG\" id=\"rotateG_07\"><\/div>\n\t\t\t\t<div class=\"blockG\" id=\"rotateG_08\"><\/div>\n\t\t\t<\/div>\n\t\t\t<div class=\"WooZone-cross-sell-loader-text\"><\/div>\n\t\t<\/div>\n\t<\/div>\n\n\t\t\n<\/div>\n<div style=\"clear:both;\"><\/div><\/p>\n","protected":false},"excerpt":{"rendered":"<p>Das lustige Geschenk f\u00fcr alle Menschenhasser die ironische Spr\u00fcche super lustig finden. Der s\u00fc\u00dfe Sensenmann hat leider nur einen Sense f\u00fcr die ganzen Idioten. Ich hasse Menschen!<br \/>\n&#8220;So Viele Idioten Und Nur Eine Sense&#8221; ist der witzige und sarkastische Spruch und eine tolle Geschenkidee f\u00fcr M\u00e4nner, Frauen, V\u00e4ter, M\u00fctter, S\u00f6hne, T\u00f6chter, Opas, Omas oder Freunde zum Geburtstag oder Weihnachtend die humorvolle Ironie und Sarkasmus haben!<br \/>\nKlassisch geschnitten, doppelt gen\u00e4hter Saum.<\/p>\n","protected":false},"featured_media":35729,"comment_status":"open","ping_status":"closed","template":"","meta":[],"product_brand":[],"product_cat":[1186,4069],"product_tag":[],"class_list":{"0":"post-35728","1":"product","2":"type-product","3":"status-publish","4":"has-post-thumbnail","6":"product_cat-bekleidung","7":"product_cat-spezielle-anlaesse","8":"pa_binding-textilien","9":"pa_brand-lustige-sprueche-geschenke-herren-damen","10":"pa_color-schwarz","11":"pa_manufacturer-lustige-sprueche-geschenke-herren-damen","12":"pa_size-s","14":"first","15":"instock","16":"shipping-taxable","17":"purchasable","18":"product-type-simple","19":"customify-col","20":"product-has-gallery"},"yoast_head":"<!-- This site is optimized with the Yoast SEO plugin v27.4 - https:\/\/yoast.com\/product\/yoast-seo-wordpress\/ -->\n<title>So Viele Idioten Und Nur Eine Sense Sarkasmus Ironie T-Shirt - Markt-XXL<\/title>\n<meta name=\"description\" content=\"Markt-XXL So Viele Idioten Und Nur Eine Sense Sarkasmus Ironie T-Shirt\" \/>\n<meta name=\"robots\" content=\"index, follow, max-snippet:-1, max-image-preview:large, max-video-preview:-1\" \/>\n<link rel=\"canonical\" href=\"https:\/\/marktxxl.de\/markt\/produkt\/so-viele-idioten-und-nur-eine-sense-sarkasmus-ironie-t-shirt\/\" \/>\n<meta property=\"og:locale\" content=\"de_DE\" \/>\n<meta property=\"og:type\" content=\"article\" \/>\n<meta property=\"og:title\" content=\"So Viele Idioten Und Nur Eine Sense Sarkasmus Ironie T-Shirt - Markt-XXL\" \/>\n<meta property=\"og:description\" content=\"Markt-XXL So Viele Idioten Und Nur Eine Sense Sarkasmus Ironie T-Shirt\" \/>\n<meta property=\"og:url\" content=\"https:\/\/marktxxl.de\/markt\/produkt\/so-viele-idioten-und-nur-eine-sense-sarkasmus-ironie-t-shirt\/\" \/>\n<meta property=\"og:site_name\" content=\"Markt-XXL\" \/>\n<meta property=\"article:modified_time\" content=\"2023-04-09T23:35:19+00:00\" \/>\n<meta property=\"og:image\" content=\"https:\/\/m.media-amazon.com\/images\/I\/41E9ZT+HfzS._SL500_.jpg\" \/>\n\t<meta property=\"og:image:width\" content=\"500\" \/>\n\t<meta property=\"og:image:height\" content=\"468\" \/>\n\t<meta property=\"og:image:type\" content=\"image\/jpeg\" \/>\n<meta name=\"twitter:card\" content=\"summary_large_image\" \/>\n<script type=\"application\/ld+json\" class=\"yoast-schema-graph\">{\"@context\":\"https:\\\/\\\/schema.org\",\"@graph\":[{\"@type\":\"WebPage\",\"@id\":\"https:\\\/\\\/marktxxl.de\\\/markt\\\/produkt\\\/so-viele-idioten-und-nur-eine-sense-sarkasmus-ironie-t-shirt\\\/\",\"url\":\"https:\\\/\\\/marktxxl.de\\\/markt\\\/produkt\\\/so-viele-idioten-und-nur-eine-sense-sarkasmus-ironie-t-shirt\\\/\",\"name\":\"So Viele Idioten Und Nur Eine Sense Sarkasmus Ironie T-Shirt - Markt-XXL\",\"isPartOf\":{\"@id\":\"https:\\\/\\\/marktxxl.de\\\/markt\\\/#website\"},\"primaryImageOfPage\":{\"@id\":\"https:\\\/\\\/marktxxl.de\\\/markt\\\/produkt\\\/so-viele-idioten-und-nur-eine-sense-sarkasmus-ironie-t-shirt\\\/#primaryimage\"},\"image\":{\"@id\":\"https:\\\/\\\/marktxxl.de\\\/markt\\\/produkt\\\/so-viele-idioten-und-nur-eine-sense-sarkasmus-ironie-t-shirt\\\/#primaryimage\"},\"thumbnailUrl\":\"https:\\\/\\\/m.media-amazon.com\\\/images\\\/I\\\/41E9ZT+HfzS._SL500_.jpg\",\"datePublished\":\"2021-09-13T18:54:03+00:00\",\"dateModified\":\"2023-04-09T23:35:19+00:00\",\"description\":\"Markt-XXL So Viele Idioten Und Nur Eine Sense Sarkasmus Ironie T-Shirt\",\"breadcrumb\":{\"@id\":\"https:\\\/\\\/marktxxl.de\\\/markt\\\/produkt\\\/so-viele-idioten-und-nur-eine-sense-sarkasmus-ironie-t-shirt\\\/#breadcrumb\"},\"inLanguage\":\"de\",\"potentialAction\":[{\"@type\":\"ReadAction\",\"target\":[\"https:\\\/\\\/marktxxl.de\\\/markt\\\/produkt\\\/so-viele-idioten-und-nur-eine-sense-sarkasmus-ironie-t-shirt\\\/\"]}]},{\"@type\":\"ImageObject\",\"inLanguage\":\"de\",\"@id\":\"https:\\\/\\\/marktxxl.de\\\/markt\\\/produkt\\\/so-viele-idioten-und-nur-eine-sense-sarkasmus-ironie-t-shirt\\\/#primaryimage\",\"url\":\"https:\\\/\\\/m.media-amazon.com\\\/images\\\/I\\\/41E9ZT+HfzS._SL500_.jpg\",\"contentUrl\":\"https:\\\/\\\/m.media-amazon.com\\\/images\\\/I\\\/41E9ZT+HfzS._SL500_.jpg\",\"width\":500,\"height\":468},{\"@type\":\"BreadcrumbList\",\"@id\":\"https:\\\/\\\/marktxxl.de\\\/markt\\\/produkt\\\/so-viele-idioten-und-nur-eine-sense-sarkasmus-ironie-t-shirt\\\/#breadcrumb\",\"itemListElement\":[{\"@type\":\"ListItem\",\"position\":1,\"name\":\"Startseite\",\"item\":\"https:\\\/\\\/marktxxl.de\\\/markt\\\/\"},{\"@type\":\"ListItem\",\"position\":2,\"name\":\"Markt\",\"item\":\"https:\\\/\\\/marktxxl.de\\\/markt\\\/\"},{\"@type\":\"ListItem\",\"position\":3,\"name\":\"So Viele Idioten Und Nur Eine Sense Sarkasmus Ironie T-Shirt\"}]},{\"@type\":\"WebSite\",\"@id\":\"https:\\\/\\\/marktxxl.de\\\/markt\\\/#website\",\"url\":\"https:\\\/\\\/marktxxl.de\\\/markt\\\/\",\"name\":\"Markt-XXL\",\"description\":\"Ihr Markt Online\",\"publisher\":{\"@id\":\"https:\\\/\\\/marktxxl.de\\\/markt\\\/#organization\"},\"potentialAction\":[{\"@type\":\"SearchAction\",\"target\":{\"@type\":\"EntryPoint\",\"urlTemplate\":\"https:\\\/\\\/marktxxl.de\\\/markt\\\/?s={search_term_string}\"},\"query-input\":{\"@type\":\"PropertyValueSpecification\",\"valueRequired\":true,\"valueName\":\"search_term_string\"}}],\"inLanguage\":\"de\"},{\"@type\":\"Organization\",\"@id\":\"https:\\\/\\\/marktxxl.de\\\/markt\\\/#organization\",\"name\":\"Markt-XXL\",\"url\":\"https:\\\/\\\/marktxxl.de\\\/markt\\\/\",\"logo\":{\"@type\":\"ImageObject\",\"inLanguage\":\"de\",\"@id\":\"https:\\\/\\\/marktxxl.de\\\/markt\\\/#\\\/schema\\\/logo\\\/image\\\/\",\"url\":\"https:\\\/\\\/marktxxl.de\\\/markt\\\/wp-content\\\/uploads\\\/sites\\\/3\\\/2020\\\/12\\\/logo.png\",\"contentUrl\":\"https:\\\/\\\/marktxxl.de\\\/markt\\\/wp-content\\\/uploads\\\/sites\\\/3\\\/2020\\\/12\\\/logo.png\",\"width\":200,\"height\":70,\"caption\":\"Markt-XXL\"},\"image\":{\"@id\":\"https:\\\/\\\/marktxxl.de\\\/markt\\\/#\\\/schema\\\/logo\\\/image\\\/\"}}]}<\/script>\n<!-- \/ Yoast SEO plugin. -->","yoast_head_json":{"title":"So Viele Idioten Und Nur Eine Sense Sarkasmus Ironie T-Shirt - Markt-XXL","description":"Markt-XXL So Viele Idioten Und Nur Eine Sense Sarkasmus Ironie T-Shirt","robots":{"index":"index","follow":"follow","max-snippet":"max-snippet:-1","max-image-preview":"max-image-preview:large","max-video-preview":"max-video-preview:-1"},"canonical":"https:\/\/marktxxl.de\/markt\/produkt\/so-viele-idioten-und-nur-eine-sense-sarkasmus-ironie-t-shirt\/","og_locale":"de_DE","og_type":"article","og_title":"So Viele Idioten Und Nur Eine Sense Sarkasmus Ironie T-Shirt - Markt-XXL","og_description":"Markt-XXL So Viele Idioten Und Nur Eine Sense Sarkasmus Ironie T-Shirt","og_url":"https:\/\/marktxxl.de\/markt\/produkt\/so-viele-idioten-und-nur-eine-sense-sarkasmus-ironie-t-shirt\/","og_site_name":"Markt-XXL","article_modified_time":"2023-04-09T23:35:19+00:00","og_image":[{"width":500,"height":468,"url":"https:\/\/m.media-amazon.com\/images\/I\/41E9ZT+HfzS._SL500_.jpg","type":"image\/jpeg"}],"twitter_card":"summary_large_image","schema":{"@context":"https:\/\/schema.org","@graph":[{"@type":"WebPage","@id":"https:\/\/marktxxl.de\/markt\/produkt\/so-viele-idioten-und-nur-eine-sense-sarkasmus-ironie-t-shirt\/","url":"https:\/\/marktxxl.de\/markt\/produkt\/so-viele-idioten-und-nur-eine-sense-sarkasmus-ironie-t-shirt\/","name":"So Viele Idioten Und Nur Eine Sense Sarkasmus Ironie T-Shirt - Markt-XXL","isPartOf":{"@id":"https:\/\/marktxxl.de\/markt\/#website"},"primaryImageOfPage":{"@id":"https:\/\/marktxxl.de\/markt\/produkt\/so-viele-idioten-und-nur-eine-sense-sarkasmus-ironie-t-shirt\/#primaryimage"},"image":{"@id":"https:\/\/marktxxl.de\/markt\/produkt\/so-viele-idioten-und-nur-eine-sense-sarkasmus-ironie-t-shirt\/#primaryimage"},"thumbnailUrl":"https:\/\/m.media-amazon.com\/images\/I\/41E9ZT+HfzS._SL500_.jpg","datePublished":"2021-09-13T18:54:03+00:00","dateModified":"2023-04-09T23:35:19+00:00","description":"Markt-XXL So Viele Idioten Und Nur Eine Sense Sarkasmus Ironie T-Shirt","breadcrumb":{"@id":"https:\/\/marktxxl.de\/markt\/produkt\/so-viele-idioten-und-nur-eine-sense-sarkasmus-ironie-t-shirt\/#breadcrumb"},"inLanguage":"de","potentialAction":[{"@type":"ReadAction","target":["https:\/\/marktxxl.de\/markt\/produkt\/so-viele-idioten-und-nur-eine-sense-sarkasmus-ironie-t-shirt\/"]}]},{"@type":"ImageObject","inLanguage":"de","@id":"https:\/\/marktxxl.de\/markt\/produkt\/so-viele-idioten-und-nur-eine-sense-sarkasmus-ironie-t-shirt\/#primaryimage","url":"https:\/\/m.media-amazon.com\/images\/I\/41E9ZT+HfzS._SL500_.jpg","contentUrl":"https:\/\/m.media-amazon.com\/images\/I\/41E9ZT+HfzS._SL500_.jpg","width":500,"height":468},{"@type":"BreadcrumbList","@id":"https:\/\/marktxxl.de\/markt\/produkt\/so-viele-idioten-und-nur-eine-sense-sarkasmus-ironie-t-shirt\/#breadcrumb","itemListElement":[{"@type":"ListItem","position":1,"name":"Startseite","item":"https:\/\/marktxxl.de\/markt\/"},{"@type":"ListItem","position":2,"name":"Markt","item":"https:\/\/marktxxl.de\/markt\/"},{"@type":"ListItem","position":3,"name":"So Viele Idioten Und Nur Eine Sense Sarkasmus Ironie T-Shirt"}]},{"@type":"WebSite","@id":"https:\/\/marktxxl.de\/markt\/#website","url":"https:\/\/marktxxl.de\/markt\/","name":"Markt-XXL","description":"Ihr Markt Online","publisher":{"@id":"https:\/\/marktxxl.de\/markt\/#organization"},"potentialAction":[{"@type":"SearchAction","target":{"@type":"EntryPoint","urlTemplate":"https:\/\/marktxxl.de\/markt\/?s={search_term_string}"},"query-input":{"@type":"PropertyValueSpecification","valueRequired":true,"valueName":"search_term_string"}}],"inLanguage":"de"},{"@type":"Organization","@id":"https:\/\/marktxxl.de\/markt\/#organization","name":"Markt-XXL","url":"https:\/\/marktxxl.de\/markt\/","logo":{"@type":"ImageObject","inLanguage":"de","@id":"https:\/\/marktxxl.de\/markt\/#\/schema\/logo\/image\/","url":"https:\/\/marktxxl.de\/markt\/wp-content\/uploads\/sites\/3\/2020\/12\/logo.png","contentUrl":"https:\/\/marktxxl.de\/markt\/wp-content\/uploads\/sites\/3\/2020\/12\/logo.png","width":200,"height":70,"caption":"Markt-XXL"},"image":{"@id":"https:\/\/marktxxl.de\/markt\/#\/schema\/logo\/image\/"}}]}},"_links":{"self":[{"href":"https:\/\/marktxxl.de\/markt\/wp-json\/wp\/v2\/product\/35728","targetHints":{"allow":["GET"]}}],"collection":[{"href":"https:\/\/marktxxl.de\/markt\/wp-json\/wp\/v2\/product"}],"about":[{"href":"https:\/\/marktxxl.de\/markt\/wp-json\/wp\/v2\/types\/product"}],"replies":[{"embeddable":true,"href":"https:\/\/marktxxl.de\/markt\/wp-json\/wp\/v2\/comments?post=35728"}],"wp:featuredmedia":[{"embeddable":true,"href":"https:\/\/marktxxl.de\/markt\/wp-json\/wp\/v2\/media\/35729"}],"wp:attachment":[{"href":"https:\/\/marktxxl.de\/markt\/wp-json\/wp\/v2\/media?parent=35728"}],"wp:term":[{"taxonomy":"product_brand","embeddable":true,"href":"https:\/\/marktxxl.de\/markt\/wp-json\/wp\/v2\/product_brand?post=35728"},{"taxonomy":"product_cat","embeddable":true,"href":"https:\/\/marktxxl.de\/markt\/wp-json\/wp\/v2\/product_cat?post=35728"},{"taxonomy":"product_tag","embeddable":true,"href":"https:\/\/marktxxl.de\/markt\/wp-json\/wp\/v2\/product_tag?post=35728"}],"curies":[{"name":"wp","href":"https:\/\/api.w.org\/{rel}","templated":true}]}}