{"id":35679,"date":"2021-09-13T20:51:07","date_gmt":"2021-09-13T18:51:07","guid":{"rendered":"https:\/\/marktxxl.de\/markt\/produkt\/ndlbs-make-america-great-again-hat-donald-trump-slogan-maga-mit-usa-flagge-kappe-verstellbar-baseballmuetze\/"},"modified":"2023-04-10T01:35:19","modified_gmt":"2023-04-09T23:35:19","slug":"ndlbs-make-america-great-again-hat-donald-trump-slogan-maga-mit-usa-flagge-kappe-verstellbar-baseballmuetze","status":"publish","type":"product","link":"https:\/\/marktxxl.de\/markt\/produkt\/ndlbs-make-america-great-again-hat-donald-trump-slogan-maga-mit-usa-flagge-kappe-verstellbar-baseballmuetze\/","title":{"rendered":"NDLBS Make America Great Again Hat Donald Trump Slogan MAGA mit USA-Flagge Kappe verstellbar Baseballm\u00fctze"},"content":{"rendered":"<p>The Ultimate Republikan: 2 Pack von Make America Great Again H\u00fcten<br \/>\nPerfekte Passform: Wir haben diesen Baseballhut so entworfen, dass er perfekt auf jede Kopfgr\u00f6\u00dfe passt. Der verstellbare Snapback erleichtert die Anpassung in vollen Z\u00fcgen. Keine unordentlichen Kunststoffriemen oder rostigen Schnallen mehr.<br \/>\nGeschenkidee f\u00fcr Donald Trump-Fans: Wenn Sie ein Donald Trump-Fan sind und nach einem patriotischen und inspirierenden Donald Trump-Hut suchen, den Sie t\u00e4glich tragen k\u00f6nnen. Wir m\u00f6chten Ihnen diesen Hut \u201eMake America Great Again\u201c empfehlen. Der inspirierende Spruch und die sch\u00f6nen gestickten amerikanischen Flaggen auf jeder Seite der verstellbaren MAGA-Baseballkappe werden begeistert sein<br \/>\nAtmungsaktive Kopfkappen: Diese Baseballkappe hat \u00d6sen an der Oberseite f\u00fcr zus\u00e4tzliche Atmungsaktivit\u00e4t. Kein Schwitzen mehr, keine unbequemen H\u00fcte mehr. Die gro\u00dfe 7,6 cm breite Krempe sch\u00fctzt Sie vor Sonnenstrahlen. Verhindert, dass Wind auf Ihr Gesicht weht.<br \/>\nTragen Sie diese M\u00fctze und setzen Sie ein Statement: Wenn Sie nach coolen und patriotischen H\u00fcten suchen, die Sie t\u00e4glich tragen k\u00f6nnen, dann haben wir Sie bedeckt. Wir pr\u00e4sentieren Ihnen stolz diesen tollen Donald Trump Hut. Machen Sie Amerika wieder gro\u00dfartig, indem Sie es einfach tragen<br \/>\n<div class=\"main-cross-sell\" data-asin=\"B07QY9NXTC\">\n\n\t<div class=\"WooZone-cross-sell-loader\">\n\t\t<div>\n\t\t\t<div id=\"floatingBarsG\">\n\t\t\t\t<div class=\"blockG\" id=\"rotateG_01\"><\/div>\n\t\t\t\t<div class=\"blockG\" id=\"rotateG_02\"><\/div>\n\t\t\t\t<div class=\"blockG\" id=\"rotateG_03\"><\/div>\n\t\t\t\t<div class=\"blockG\" id=\"rotateG_04\"><\/div>\n\t\t\t\t<div class=\"blockG\" id=\"rotateG_05\"><\/div>\n\t\t\t\t<div class=\"blockG\" id=\"rotateG_06\"><\/div>\n\t\t\t\t<div class=\"blockG\" id=\"rotateG_07\"><\/div>\n\t\t\t\t<div class=\"blockG\" id=\"rotateG_08\"><\/div>\n\t\t\t<\/div>\n\t\t\t<div class=\"WooZone-cross-sell-loader-text\"><\/div>\n\t\t<\/div>\n\t<\/div>\n\n\t\t\n<\/div>\n<div style=\"clear:both;\"><\/div><\/p>\n","protected":false},"excerpt":{"rendered":"<p>The Ultimate Republikan: 2 Pack von Make America Great Again H\u00fcten<br \/>\nPerfekte Passform: Wir haben diesen Baseballhut so entworfen, dass er perfekt auf jede Kopfgr\u00f6\u00dfe passt. Der verstellbare Snapback erleichtert die Anpassung in vollen Z\u00fcgen. Keine unordentlichen Kunststoffriemen oder rostigen Schnallen mehr.<br \/>\nGeschenkidee f\u00fcr Donald Trump-Fans: Wenn Sie ein Donald Trump-Fan sind und nach einem patriotischen und inspirierenden Donald Trump-Hut suchen, den Sie t\u00e4glich tragen k\u00f6nnen. Wir m\u00f6chten Ihnen diesen Hut \u201eMake America Great Again\u201c empfehlen. Der inspirierende Spruch und die sch\u00f6nen gestickten amerikanischen Flaggen auf jeder Seite der verstellbaren MAGA-Baseballkappe werden begeistert sein<\/p>\n","protected":false},"featured_media":35680,"comment_status":"open","ping_status":"closed","template":"","meta":[],"product_brand":[],"product_cat":[1186,4069],"product_tag":[],"class_list":{"0":"post-35679","1":"product","2":"type-product","3":"status-publish","4":"has-post-thumbnail","6":"product_cat-bekleidung","7":"product_cat-spezielle-anlaesse","8":"pa_binding-textilien","9":"pa_brand-ndlbs","10":"pa_size-56-61","12":"first","13":"instock","14":"shipping-taxable","15":"purchasable","16":"product-type-simple","17":"customify-col","18":"product-has-gallery"},"yoast_head":"<!-- This site is optimized with the Yoast SEO plugin v27.4 - https:\/\/yoast.com\/product\/yoast-seo-wordpress\/ -->\n<title>NDLBS Make America Great Again Hat Donald Trump Slogan MAGA mit USA-Flagge Kappe verstellbar Baseballm\u00fctze - Markt-XXL<\/title>\n<meta name=\"description\" content=\"Markt-XXL NDLBS Make America Great Again Hat Donald Trump Slogan MAGA mit USA-Flagge Kappe verstellbar Baseballm\u00fctze\" \/>\n<meta name=\"robots\" content=\"index, follow, max-snippet:-1, max-image-preview:large, max-video-preview:-1\" \/>\n<link rel=\"canonical\" href=\"https:\/\/marktxxl.de\/markt\/produkt\/ndlbs-make-america-great-again-hat-donald-trump-slogan-maga-mit-usa-flagge-kappe-verstellbar-baseballmuetze\/\" \/>\n<meta property=\"og:locale\" content=\"de_DE\" \/>\n<meta property=\"og:type\" content=\"article\" \/>\n<meta property=\"og:title\" content=\"NDLBS Make America Great Again Hat Donald Trump Slogan MAGA mit USA-Flagge Kappe verstellbar Baseballm\u00fctze - Markt-XXL\" \/>\n<meta property=\"og:description\" content=\"Markt-XXL NDLBS Make America Great Again Hat Donald Trump Slogan MAGA mit USA-Flagge Kappe verstellbar Baseballm\u00fctze\" \/>\n<meta property=\"og:url\" content=\"https:\/\/marktxxl.de\/markt\/produkt\/ndlbs-make-america-great-again-hat-donald-trump-slogan-maga-mit-usa-flagge-kappe-verstellbar-baseballmuetze\/\" \/>\n<meta property=\"og:site_name\" content=\"Markt-XXL\" \/>\n<meta property=\"article:modified_time\" content=\"2023-04-09T23:35:19+00:00\" \/>\n<meta property=\"og:image\" content=\"https:\/\/m.media-amazon.com\/images\/I\/51K8OOqohNL._SL500_.jpg\" \/>\n\t<meta property=\"og:image:width\" content=\"500\" \/>\n\t<meta property=\"og:image:height\" content=\"500\" \/>\n\t<meta property=\"og:image:type\" content=\"image\/jpeg\" \/>\n<meta name=\"twitter:card\" content=\"summary_large_image\" \/>\n<meta name=\"twitter:label1\" content=\"Gesch\u00e4tzte Lesezeit\" \/>\n\t<meta name=\"twitter:data1\" content=\"1\u00a0Minute\" \/>\n<script type=\"application\/ld+json\" class=\"yoast-schema-graph\">{\"@context\":\"https:\\\/\\\/schema.org\",\"@graph\":[{\"@type\":\"WebPage\",\"@id\":\"https:\\\/\\\/marktxxl.de\\\/markt\\\/produkt\\\/ndlbs-make-america-great-again-hat-donald-trump-slogan-maga-mit-usa-flagge-kappe-verstellbar-baseballmuetze\\\/\",\"url\":\"https:\\\/\\\/marktxxl.de\\\/markt\\\/produkt\\\/ndlbs-make-america-great-again-hat-donald-trump-slogan-maga-mit-usa-flagge-kappe-verstellbar-baseballmuetze\\\/\",\"name\":\"NDLBS Make America Great Again Hat Donald Trump Slogan MAGA mit USA-Flagge Kappe verstellbar Baseballm\u00fctze - Markt-XXL\",\"isPartOf\":{\"@id\":\"https:\\\/\\\/marktxxl.de\\\/markt\\\/#website\"},\"primaryImageOfPage\":{\"@id\":\"https:\\\/\\\/marktxxl.de\\\/markt\\\/produkt\\\/ndlbs-make-america-great-again-hat-donald-trump-slogan-maga-mit-usa-flagge-kappe-verstellbar-baseballmuetze\\\/#primaryimage\"},\"image\":{\"@id\":\"https:\\\/\\\/marktxxl.de\\\/markt\\\/produkt\\\/ndlbs-make-america-great-again-hat-donald-trump-slogan-maga-mit-usa-flagge-kappe-verstellbar-baseballmuetze\\\/#primaryimage\"},\"thumbnailUrl\":\"https:\\\/\\\/m.media-amazon.com\\\/images\\\/I\\\/51K8OOqohNL._SL500_.jpg\",\"datePublished\":\"2021-09-13T18:51:07+00:00\",\"dateModified\":\"2023-04-09T23:35:19+00:00\",\"description\":\"Markt-XXL NDLBS Make America Great Again Hat Donald Trump Slogan MAGA mit USA-Flagge Kappe verstellbar Baseballm\u00fctze\",\"breadcrumb\":{\"@id\":\"https:\\\/\\\/marktxxl.de\\\/markt\\\/produkt\\\/ndlbs-make-america-great-again-hat-donald-trump-slogan-maga-mit-usa-flagge-kappe-verstellbar-baseballmuetze\\\/#breadcrumb\"},\"inLanguage\":\"de\",\"potentialAction\":[{\"@type\":\"ReadAction\",\"target\":[\"https:\\\/\\\/marktxxl.de\\\/markt\\\/produkt\\\/ndlbs-make-america-great-again-hat-donald-trump-slogan-maga-mit-usa-flagge-kappe-verstellbar-baseballmuetze\\\/\"]}]},{\"@type\":\"ImageObject\",\"inLanguage\":\"de\",\"@id\":\"https:\\\/\\\/marktxxl.de\\\/markt\\\/produkt\\\/ndlbs-make-america-great-again-hat-donald-trump-slogan-maga-mit-usa-flagge-kappe-verstellbar-baseballmuetze\\\/#primaryimage\",\"url\":\"https:\\\/\\\/m.media-amazon.com\\\/images\\\/I\\\/51K8OOqohNL._SL500_.jpg\",\"contentUrl\":\"https:\\\/\\\/m.media-amazon.com\\\/images\\\/I\\\/51K8OOqohNL._SL500_.jpg\",\"width\":500,\"height\":500},{\"@type\":\"BreadcrumbList\",\"@id\":\"https:\\\/\\\/marktxxl.de\\\/markt\\\/produkt\\\/ndlbs-make-america-great-again-hat-donald-trump-slogan-maga-mit-usa-flagge-kappe-verstellbar-baseballmuetze\\\/#breadcrumb\",\"itemListElement\":[{\"@type\":\"ListItem\",\"position\":1,\"name\":\"Startseite\",\"item\":\"https:\\\/\\\/marktxxl.de\\\/markt\\\/\"},{\"@type\":\"ListItem\",\"position\":2,\"name\":\"Markt\",\"item\":\"https:\\\/\\\/marktxxl.de\\\/markt\\\/\"},{\"@type\":\"ListItem\",\"position\":3,\"name\":\"NDLBS Make America Great Again Hat Donald Trump Slogan MAGA mit USA-Flagge Kappe verstellbar Baseballm\u00fctze\"}]},{\"@type\":\"WebSite\",\"@id\":\"https:\\\/\\\/marktxxl.de\\\/markt\\\/#website\",\"url\":\"https:\\\/\\\/marktxxl.de\\\/markt\\\/\",\"name\":\"Markt-XXL\",\"description\":\"Ihr Markt Online\",\"publisher\":{\"@id\":\"https:\\\/\\\/marktxxl.de\\\/markt\\\/#organization\"},\"potentialAction\":[{\"@type\":\"SearchAction\",\"target\":{\"@type\":\"EntryPoint\",\"urlTemplate\":\"https:\\\/\\\/marktxxl.de\\\/markt\\\/?s={search_term_string}\"},\"query-input\":{\"@type\":\"PropertyValueSpecification\",\"valueRequired\":true,\"valueName\":\"search_term_string\"}}],\"inLanguage\":\"de\"},{\"@type\":\"Organization\",\"@id\":\"https:\\\/\\\/marktxxl.de\\\/markt\\\/#organization\",\"name\":\"Markt-XXL\",\"url\":\"https:\\\/\\\/marktxxl.de\\\/markt\\\/\",\"logo\":{\"@type\":\"ImageObject\",\"inLanguage\":\"de\",\"@id\":\"https:\\\/\\\/marktxxl.de\\\/markt\\\/#\\\/schema\\\/logo\\\/image\\\/\",\"url\":\"https:\\\/\\\/marktxxl.de\\\/markt\\\/wp-content\\\/uploads\\\/sites\\\/3\\\/2020\\\/12\\\/logo.png\",\"contentUrl\":\"https:\\\/\\\/marktxxl.de\\\/markt\\\/wp-content\\\/uploads\\\/sites\\\/3\\\/2020\\\/12\\\/logo.png\",\"width\":200,\"height\":70,\"caption\":\"Markt-XXL\"},\"image\":{\"@id\":\"https:\\\/\\\/marktxxl.de\\\/markt\\\/#\\\/schema\\\/logo\\\/image\\\/\"}}]}<\/script>\n<!-- \/ Yoast SEO plugin. -->","yoast_head_json":{"title":"NDLBS Make America Great Again Hat Donald Trump Slogan MAGA mit USA-Flagge Kappe verstellbar Baseballm\u00fctze - Markt-XXL","description":"Markt-XXL NDLBS Make America Great Again Hat Donald Trump Slogan MAGA mit USA-Flagge Kappe verstellbar Baseballm\u00fctze","robots":{"index":"index","follow":"follow","max-snippet":"max-snippet:-1","max-image-preview":"max-image-preview:large","max-video-preview":"max-video-preview:-1"},"canonical":"https:\/\/marktxxl.de\/markt\/produkt\/ndlbs-make-america-great-again-hat-donald-trump-slogan-maga-mit-usa-flagge-kappe-verstellbar-baseballmuetze\/","og_locale":"de_DE","og_type":"article","og_title":"NDLBS Make America Great Again Hat Donald Trump Slogan MAGA mit USA-Flagge Kappe verstellbar Baseballm\u00fctze - Markt-XXL","og_description":"Markt-XXL NDLBS Make America Great Again Hat Donald Trump Slogan MAGA mit USA-Flagge Kappe verstellbar Baseballm\u00fctze","og_url":"https:\/\/marktxxl.de\/markt\/produkt\/ndlbs-make-america-great-again-hat-donald-trump-slogan-maga-mit-usa-flagge-kappe-verstellbar-baseballmuetze\/","og_site_name":"Markt-XXL","article_modified_time":"2023-04-09T23:35:19+00:00","og_image":[{"width":500,"height":500,"url":"https:\/\/m.media-amazon.com\/images\/I\/51K8OOqohNL._SL500_.jpg","type":"image\/jpeg"}],"twitter_card":"summary_large_image","twitter_misc":{"Gesch\u00e4tzte Lesezeit":"1\u00a0Minute"},"schema":{"@context":"https:\/\/schema.org","@graph":[{"@type":"WebPage","@id":"https:\/\/marktxxl.de\/markt\/produkt\/ndlbs-make-america-great-again-hat-donald-trump-slogan-maga-mit-usa-flagge-kappe-verstellbar-baseballmuetze\/","url":"https:\/\/marktxxl.de\/markt\/produkt\/ndlbs-make-america-great-again-hat-donald-trump-slogan-maga-mit-usa-flagge-kappe-verstellbar-baseballmuetze\/","name":"NDLBS Make America Great Again Hat Donald Trump Slogan MAGA mit USA-Flagge Kappe verstellbar Baseballm\u00fctze - Markt-XXL","isPartOf":{"@id":"https:\/\/marktxxl.de\/markt\/#website"},"primaryImageOfPage":{"@id":"https:\/\/marktxxl.de\/markt\/produkt\/ndlbs-make-america-great-again-hat-donald-trump-slogan-maga-mit-usa-flagge-kappe-verstellbar-baseballmuetze\/#primaryimage"},"image":{"@id":"https:\/\/marktxxl.de\/markt\/produkt\/ndlbs-make-america-great-again-hat-donald-trump-slogan-maga-mit-usa-flagge-kappe-verstellbar-baseballmuetze\/#primaryimage"},"thumbnailUrl":"https:\/\/m.media-amazon.com\/images\/I\/51K8OOqohNL._SL500_.jpg","datePublished":"2021-09-13T18:51:07+00:00","dateModified":"2023-04-09T23:35:19+00:00","description":"Markt-XXL NDLBS Make America Great Again Hat Donald Trump Slogan MAGA mit USA-Flagge Kappe verstellbar Baseballm\u00fctze","breadcrumb":{"@id":"https:\/\/marktxxl.de\/markt\/produkt\/ndlbs-make-america-great-again-hat-donald-trump-slogan-maga-mit-usa-flagge-kappe-verstellbar-baseballmuetze\/#breadcrumb"},"inLanguage":"de","potentialAction":[{"@type":"ReadAction","target":["https:\/\/marktxxl.de\/markt\/produkt\/ndlbs-make-america-great-again-hat-donald-trump-slogan-maga-mit-usa-flagge-kappe-verstellbar-baseballmuetze\/"]}]},{"@type":"ImageObject","inLanguage":"de","@id":"https:\/\/marktxxl.de\/markt\/produkt\/ndlbs-make-america-great-again-hat-donald-trump-slogan-maga-mit-usa-flagge-kappe-verstellbar-baseballmuetze\/#primaryimage","url":"https:\/\/m.media-amazon.com\/images\/I\/51K8OOqohNL._SL500_.jpg","contentUrl":"https:\/\/m.media-amazon.com\/images\/I\/51K8OOqohNL._SL500_.jpg","width":500,"height":500},{"@type":"BreadcrumbList","@id":"https:\/\/marktxxl.de\/markt\/produkt\/ndlbs-make-america-great-again-hat-donald-trump-slogan-maga-mit-usa-flagge-kappe-verstellbar-baseballmuetze\/#breadcrumb","itemListElement":[{"@type":"ListItem","position":1,"name":"Startseite","item":"https:\/\/marktxxl.de\/markt\/"},{"@type":"ListItem","position":2,"name":"Markt","item":"https:\/\/marktxxl.de\/markt\/"},{"@type":"ListItem","position":3,"name":"NDLBS Make America Great Again Hat Donald Trump Slogan MAGA mit USA-Flagge Kappe verstellbar Baseballm\u00fctze"}]},{"@type":"WebSite","@id":"https:\/\/marktxxl.de\/markt\/#website","url":"https:\/\/marktxxl.de\/markt\/","name":"Markt-XXL","description":"Ihr Markt Online","publisher":{"@id":"https:\/\/marktxxl.de\/markt\/#organization"},"potentialAction":[{"@type":"SearchAction","target":{"@type":"EntryPoint","urlTemplate":"https:\/\/marktxxl.de\/markt\/?s={search_term_string}"},"query-input":{"@type":"PropertyValueSpecification","valueRequired":true,"valueName":"search_term_string"}}],"inLanguage":"de"},{"@type":"Organization","@id":"https:\/\/marktxxl.de\/markt\/#organization","name":"Markt-XXL","url":"https:\/\/marktxxl.de\/markt\/","logo":{"@type":"ImageObject","inLanguage":"de","@id":"https:\/\/marktxxl.de\/markt\/#\/schema\/logo\/image\/","url":"https:\/\/marktxxl.de\/markt\/wp-content\/uploads\/sites\/3\/2020\/12\/logo.png","contentUrl":"https:\/\/marktxxl.de\/markt\/wp-content\/uploads\/sites\/3\/2020\/12\/logo.png","width":200,"height":70,"caption":"Markt-XXL"},"image":{"@id":"https:\/\/marktxxl.de\/markt\/#\/schema\/logo\/image\/"}}]}},"_links":{"self":[{"href":"https:\/\/marktxxl.de\/markt\/wp-json\/wp\/v2\/product\/35679","targetHints":{"allow":["GET"]}}],"collection":[{"href":"https:\/\/marktxxl.de\/markt\/wp-json\/wp\/v2\/product"}],"about":[{"href":"https:\/\/marktxxl.de\/markt\/wp-json\/wp\/v2\/types\/product"}],"replies":[{"embeddable":true,"href":"https:\/\/marktxxl.de\/markt\/wp-json\/wp\/v2\/comments?post=35679"}],"wp:featuredmedia":[{"embeddable":true,"href":"https:\/\/marktxxl.de\/markt\/wp-json\/wp\/v2\/media\/35680"}],"wp:attachment":[{"href":"https:\/\/marktxxl.de\/markt\/wp-json\/wp\/v2\/media?parent=35679"}],"wp:term":[{"taxonomy":"product_brand","embeddable":true,"href":"https:\/\/marktxxl.de\/markt\/wp-json\/wp\/v2\/product_brand?post=35679"},{"taxonomy":"product_cat","embeddable":true,"href":"https:\/\/marktxxl.de\/markt\/wp-json\/wp\/v2\/product_cat?post=35679"},{"taxonomy":"product_tag","embeddable":true,"href":"https:\/\/marktxxl.de\/markt\/wp-json\/wp\/v2\/product_tag?post=35679"}],"curies":[{"name":"wp","href":"https:\/\/api.w.org\/{rel}","templated":true}]}}