{"id":35588,"date":"2021-09-13T20:49:04","date_gmt":"2021-09-13T18:49:04","guid":{"rendered":"https:\/\/marktxxl.de\/markt\/produkt\/elasto-form-warnwesten-5er-set-im-etui-nach-en-iso-20471-zertifiziert-warnweste-gelb-einheitsgroesse-xxl-mit-reflektorstreifen\/"},"modified":"2023-04-10T01:35:16","modified_gmt":"2023-04-09T23:35:16","slug":"elasto-form-warnwesten-5er-set-im-etui-nach-en-iso-20471-zertifiziert-warnweste-gelb-einheitsgroesse-xxl-mit-reflektorstreifen","status":"publish","type":"product","link":"https:\/\/marktxxl.de\/markt\/produkt\/elasto-form-warnwesten-5er-set-im-etui-nach-en-iso-20471-zertifiziert-warnweste-gelb-einheitsgroesse-xxl-mit-reflektorstreifen\/","title":{"rendered":"elasto form Warnwesten 5er-Set im Etui nach EN ISO 20471 Zertifiziert Warnweste Gelb Einheitsgr\u00f6\u00dfe XXL mit\u2026"},"content":{"rendered":"<p>NICHT ZU \u00dcBERSEHEN \u2013 Stark reflektierende Westen in Gelb-Neon mit 2 Reflektionsstreifen bieten optimale Sichtbarkeit und verringert das Unfallrisiko bei Autopannen<br \/>\nALLTAGSTAUGLICH \u2013 Dank der weiten \u00c4rmelausschnitte k\u00f6nnen Sie die Pannenweste auch \u00fcber normale Kleidung und Jacken \u00fcberziehen und ist somit ideal geeignet f\u00fcr Motorradfahrer, Radfahrer, Jogger, Parkeinweiser und Wanderer \u2013 Starker Klettverschluss f\u00fcr sicheren Halt<br \/>\nKLEIN &amp; KOMPAKT \u2013 Die Warnwesten sind kompakt im gelben Reise-Etui verpackt um diese im Auto ohne Probleme verstauen zu k\u00f6nnen<br \/>\nWARNWESTE F\u00dcR JEDEN MITFAHRER &#8211; 5-er Set &#8211; Einheitsgr\u00f6\u00dfe XXL &#8211; 100% Polyester &#8211; Nach neuster EN ISO 20471 zertifizierte Sicherheitswesten<br \/>\n100% ZUFRIEDENHEITSGARANTIE! \u2013 Wir sind erst zufrieden wenn du es auch bist! Hervorragender DEUTSCHER KUNDENSERVICE! Falls du mit unserem Produkt nicht zufrieden sein solltest, sende diesen einfach innerhalb von 90 TAGEN an uns zur\u00fcck und wir erstatten dir den vollen Kaufbetrag<br \/>\n<div class=\"main-cross-sell\" data-asin=\"B00JBDVH2M\">\n\n\t<div class=\"WooZone-cross-sell-loader\">\n\t\t<div>\n\t\t\t<div id=\"floatingBarsG\">\n\t\t\t\t<div class=\"blockG\" id=\"rotateG_01\"><\/div>\n\t\t\t\t<div class=\"blockG\" id=\"rotateG_02\"><\/div>\n\t\t\t\t<div class=\"blockG\" id=\"rotateG_03\"><\/div>\n\t\t\t\t<div class=\"blockG\" id=\"rotateG_04\"><\/div>\n\t\t\t\t<div class=\"blockG\" id=\"rotateG_05\"><\/div>\n\t\t\t\t<div class=\"blockG\" id=\"rotateG_06\"><\/div>\n\t\t\t\t<div class=\"blockG\" id=\"rotateG_07\"><\/div>\n\t\t\t\t<div class=\"blockG\" id=\"rotateG_08\"><\/div>\n\t\t\t<\/div>\n\t\t\t<div class=\"WooZone-cross-sell-loader-text\"><\/div>\n\t\t<\/div>\n\t<\/div>\n\n\t\t\n<\/div>\n<div style=\"clear:both;\"><\/div><\/p>\n","protected":false},"excerpt":{"rendered":"<p>NICHT ZU \u00dcBERSEHEN \u2013 Stark reflektierende Westen in Gelb-Neon mit 2 Reflektionsstreifen bieten optimale Sichtbarkeit und verringert das Unfallrisiko bei Autopannen<br \/>\nALLTAGSTAUGLICH \u2013 Dank der weiten \u00c4rmelausschnitte k\u00f6nnen Sie die Pannenweste auch \u00fcber normale Kleidung und Jacken \u00fcberziehen und ist somit ideal geeignet f\u00fcr Motorradfahrer, Radfahrer, Jogger, Parkeinweiser und Wanderer \u2013 Starker Klettverschluss f\u00fcr sicheren Halt<br \/>\nKLEIN &amp; KOMPAKT \u2013 Die Warnwesten sind kompakt im gelben Reise-Etui verpackt um diese im Auto ohne Probleme verstauen zu k\u00f6nnen<\/p>\n","protected":false},"featured_media":35589,"comment_status":"open","ping_status":"closed","template":"","meta":[],"product_brand":[],"product_cat":[4143,1186],"product_tag":[],"class_list":{"0":"post-35588","1":"product","2":"type-product","3":"status-publish","4":"has-post-thumbnail","6":"product_cat-arbeitskleidung-uniformen","7":"product_cat-bekleidung","8":"pa_brand-elasto-form","9":"pa_color-gelb","10":"pa_manufacturer-elasto-form-kg","11":"pa_size-xxl","12":"pa_warranty-2-jahre-gesetzliche-gewaehrleistung","14":"first","15":"instock","16":"shipping-taxable","17":"purchasable","18":"product-type-simple","19":"customify-col","20":"product-has-gallery"},"yoast_head":"<!-- This site is optimized with the Yoast SEO plugin v27.4 - https:\/\/yoast.com\/product\/yoast-seo-wordpress\/ -->\n<title>elasto form Warnwesten 5er-Set im Etui nach EN ISO 20471 Zertifiziert Warnweste Gelb Einheitsgr\u00f6\u00dfe XXL mit\u2026 - Markt-XXL<\/title>\n<meta name=\"description\" content=\"Markt-XXL elasto form Warnwesten 5er-Set im Etui nach EN ISO 20471 Zertifiziert Warnweste Gelb Einheitsgr\u00f6\u00dfe XXL mit\u2026\" \/>\n<meta name=\"robots\" content=\"index, follow, max-snippet:-1, max-image-preview:large, max-video-preview:-1\" \/>\n<link rel=\"canonical\" href=\"https:\/\/marktxxl.de\/markt\/produkt\/elasto-form-warnwesten-5er-set-im-etui-nach-en-iso-20471-zertifiziert-warnweste-gelb-einheitsgroesse-xxl-mit-reflektorstreifen\/\" \/>\n<meta property=\"og:locale\" content=\"de_DE\" \/>\n<meta property=\"og:type\" content=\"article\" \/>\n<meta property=\"og:title\" content=\"elasto form Warnwesten 5er-Set im Etui nach EN ISO 20471 Zertifiziert Warnweste Gelb Einheitsgr\u00f6\u00dfe XXL mit\u2026 - Markt-XXL\" \/>\n<meta property=\"og:description\" content=\"Markt-XXL elasto form Warnwesten 5er-Set im Etui nach EN ISO 20471 Zertifiziert Warnweste Gelb Einheitsgr\u00f6\u00dfe XXL mit\u2026\" \/>\n<meta property=\"og:url\" content=\"https:\/\/marktxxl.de\/markt\/produkt\/elasto-form-warnwesten-5er-set-im-etui-nach-en-iso-20471-zertifiziert-warnweste-gelb-einheitsgroesse-xxl-mit-reflektorstreifen\/\" \/>\n<meta property=\"og:site_name\" content=\"Markt-XXL\" \/>\n<meta property=\"article:modified_time\" content=\"2023-04-09T23:35:16+00:00\" \/>\n<meta property=\"og:image\" content=\"https:\/\/m.media-amazon.com\/images\/I\/41wHYHiw2hL._SL500_.jpg\" \/>\n\t<meta property=\"og:image:width\" content=\"500\" \/>\n\t<meta property=\"og:image:height\" content=\"500\" \/>\n\t<meta property=\"og:image:type\" content=\"image\/jpeg\" \/>\n<meta name=\"twitter:card\" content=\"summary_large_image\" \/>\n<meta name=\"twitter:label1\" content=\"Gesch\u00e4tzte Lesezeit\" \/>\n\t<meta name=\"twitter:data1\" content=\"1\u00a0Minute\" \/>\n<script type=\"application\/ld+json\" class=\"yoast-schema-graph\">{\"@context\":\"https:\\\/\\\/schema.org\",\"@graph\":[{\"@type\":\"WebPage\",\"@id\":\"https:\\\/\\\/marktxxl.de\\\/markt\\\/produkt\\\/elasto-form-warnwesten-5er-set-im-etui-nach-en-iso-20471-zertifiziert-warnweste-gelb-einheitsgroesse-xxl-mit-reflektorstreifen\\\/\",\"url\":\"https:\\\/\\\/marktxxl.de\\\/markt\\\/produkt\\\/elasto-form-warnwesten-5er-set-im-etui-nach-en-iso-20471-zertifiziert-warnweste-gelb-einheitsgroesse-xxl-mit-reflektorstreifen\\\/\",\"name\":\"elasto form Warnwesten 5er-Set im Etui nach EN ISO 20471 Zertifiziert Warnweste Gelb Einheitsgr\u00f6\u00dfe XXL mit\u2026 - Markt-XXL\",\"isPartOf\":{\"@id\":\"https:\\\/\\\/marktxxl.de\\\/markt\\\/#website\"},\"primaryImageOfPage\":{\"@id\":\"https:\\\/\\\/marktxxl.de\\\/markt\\\/produkt\\\/elasto-form-warnwesten-5er-set-im-etui-nach-en-iso-20471-zertifiziert-warnweste-gelb-einheitsgroesse-xxl-mit-reflektorstreifen\\\/#primaryimage\"},\"image\":{\"@id\":\"https:\\\/\\\/marktxxl.de\\\/markt\\\/produkt\\\/elasto-form-warnwesten-5er-set-im-etui-nach-en-iso-20471-zertifiziert-warnweste-gelb-einheitsgroesse-xxl-mit-reflektorstreifen\\\/#primaryimage\"},\"thumbnailUrl\":\"https:\\\/\\\/m.media-amazon.com\\\/images\\\/I\\\/41wHYHiw2hL._SL500_.jpg\",\"datePublished\":\"2021-09-13T18:49:04+00:00\",\"dateModified\":\"2023-04-09T23:35:16+00:00\",\"description\":\"Markt-XXL elasto form Warnwesten 5er-Set im Etui nach EN ISO 20471 Zertifiziert Warnweste Gelb Einheitsgr\u00f6\u00dfe XXL mit\u2026\",\"breadcrumb\":{\"@id\":\"https:\\\/\\\/marktxxl.de\\\/markt\\\/produkt\\\/elasto-form-warnwesten-5er-set-im-etui-nach-en-iso-20471-zertifiziert-warnweste-gelb-einheitsgroesse-xxl-mit-reflektorstreifen\\\/#breadcrumb\"},\"inLanguage\":\"de\",\"potentialAction\":[{\"@type\":\"ReadAction\",\"target\":[\"https:\\\/\\\/marktxxl.de\\\/markt\\\/produkt\\\/elasto-form-warnwesten-5er-set-im-etui-nach-en-iso-20471-zertifiziert-warnweste-gelb-einheitsgroesse-xxl-mit-reflektorstreifen\\\/\"]}]},{\"@type\":\"ImageObject\",\"inLanguage\":\"de\",\"@id\":\"https:\\\/\\\/marktxxl.de\\\/markt\\\/produkt\\\/elasto-form-warnwesten-5er-set-im-etui-nach-en-iso-20471-zertifiziert-warnweste-gelb-einheitsgroesse-xxl-mit-reflektorstreifen\\\/#primaryimage\",\"url\":\"https:\\\/\\\/m.media-amazon.com\\\/images\\\/I\\\/41wHYHiw2hL._SL500_.jpg\",\"contentUrl\":\"https:\\\/\\\/m.media-amazon.com\\\/images\\\/I\\\/41wHYHiw2hL._SL500_.jpg\",\"width\":500,\"height\":500},{\"@type\":\"BreadcrumbList\",\"@id\":\"https:\\\/\\\/marktxxl.de\\\/markt\\\/produkt\\\/elasto-form-warnwesten-5er-set-im-etui-nach-en-iso-20471-zertifiziert-warnweste-gelb-einheitsgroesse-xxl-mit-reflektorstreifen\\\/#breadcrumb\",\"itemListElement\":[{\"@type\":\"ListItem\",\"position\":1,\"name\":\"Startseite\",\"item\":\"https:\\\/\\\/marktxxl.de\\\/markt\\\/\"},{\"@type\":\"ListItem\",\"position\":2,\"name\":\"Markt\",\"item\":\"https:\\\/\\\/marktxxl.de\\\/markt\\\/\"},{\"@type\":\"ListItem\",\"position\":3,\"name\":\"elasto form Warnwesten 5er-Set im Etui nach EN ISO 20471 Zertifiziert Warnweste Gelb Einheitsgr\u00f6\u00dfe XXL mit\u2026\"}]},{\"@type\":\"WebSite\",\"@id\":\"https:\\\/\\\/marktxxl.de\\\/markt\\\/#website\",\"url\":\"https:\\\/\\\/marktxxl.de\\\/markt\\\/\",\"name\":\"Markt-XXL\",\"description\":\"Ihr Markt Online\",\"publisher\":{\"@id\":\"https:\\\/\\\/marktxxl.de\\\/markt\\\/#organization\"},\"potentialAction\":[{\"@type\":\"SearchAction\",\"target\":{\"@type\":\"EntryPoint\",\"urlTemplate\":\"https:\\\/\\\/marktxxl.de\\\/markt\\\/?s={search_term_string}\"},\"query-input\":{\"@type\":\"PropertyValueSpecification\",\"valueRequired\":true,\"valueName\":\"search_term_string\"}}],\"inLanguage\":\"de\"},{\"@type\":\"Organization\",\"@id\":\"https:\\\/\\\/marktxxl.de\\\/markt\\\/#organization\",\"name\":\"Markt-XXL\",\"url\":\"https:\\\/\\\/marktxxl.de\\\/markt\\\/\",\"logo\":{\"@type\":\"ImageObject\",\"inLanguage\":\"de\",\"@id\":\"https:\\\/\\\/marktxxl.de\\\/markt\\\/#\\\/schema\\\/logo\\\/image\\\/\",\"url\":\"https:\\\/\\\/marktxxl.de\\\/markt\\\/wp-content\\\/uploads\\\/sites\\\/3\\\/2020\\\/12\\\/logo.png\",\"contentUrl\":\"https:\\\/\\\/marktxxl.de\\\/markt\\\/wp-content\\\/uploads\\\/sites\\\/3\\\/2020\\\/12\\\/logo.png\",\"width\":200,\"height\":70,\"caption\":\"Markt-XXL\"},\"image\":{\"@id\":\"https:\\\/\\\/marktxxl.de\\\/markt\\\/#\\\/schema\\\/logo\\\/image\\\/\"}}]}<\/script>\n<!-- \/ Yoast SEO plugin. -->","yoast_head_json":{"title":"elasto form Warnwesten 5er-Set im Etui nach EN ISO 20471 Zertifiziert Warnweste Gelb Einheitsgr\u00f6\u00dfe XXL mit\u2026 - Markt-XXL","description":"Markt-XXL elasto form Warnwesten 5er-Set im Etui nach EN ISO 20471 Zertifiziert Warnweste Gelb Einheitsgr\u00f6\u00dfe XXL mit\u2026","robots":{"index":"index","follow":"follow","max-snippet":"max-snippet:-1","max-image-preview":"max-image-preview:large","max-video-preview":"max-video-preview:-1"},"canonical":"https:\/\/marktxxl.de\/markt\/produkt\/elasto-form-warnwesten-5er-set-im-etui-nach-en-iso-20471-zertifiziert-warnweste-gelb-einheitsgroesse-xxl-mit-reflektorstreifen\/","og_locale":"de_DE","og_type":"article","og_title":"elasto form Warnwesten 5er-Set im Etui nach EN ISO 20471 Zertifiziert Warnweste Gelb Einheitsgr\u00f6\u00dfe XXL mit\u2026 - Markt-XXL","og_description":"Markt-XXL elasto form Warnwesten 5er-Set im Etui nach EN ISO 20471 Zertifiziert Warnweste Gelb Einheitsgr\u00f6\u00dfe XXL mit\u2026","og_url":"https:\/\/marktxxl.de\/markt\/produkt\/elasto-form-warnwesten-5er-set-im-etui-nach-en-iso-20471-zertifiziert-warnweste-gelb-einheitsgroesse-xxl-mit-reflektorstreifen\/","og_site_name":"Markt-XXL","article_modified_time":"2023-04-09T23:35:16+00:00","og_image":[{"width":500,"height":500,"url":"https:\/\/m.media-amazon.com\/images\/I\/41wHYHiw2hL._SL500_.jpg","type":"image\/jpeg"}],"twitter_card":"summary_large_image","twitter_misc":{"Gesch\u00e4tzte Lesezeit":"1\u00a0Minute"},"schema":{"@context":"https:\/\/schema.org","@graph":[{"@type":"WebPage","@id":"https:\/\/marktxxl.de\/markt\/produkt\/elasto-form-warnwesten-5er-set-im-etui-nach-en-iso-20471-zertifiziert-warnweste-gelb-einheitsgroesse-xxl-mit-reflektorstreifen\/","url":"https:\/\/marktxxl.de\/markt\/produkt\/elasto-form-warnwesten-5er-set-im-etui-nach-en-iso-20471-zertifiziert-warnweste-gelb-einheitsgroesse-xxl-mit-reflektorstreifen\/","name":"elasto form Warnwesten 5er-Set im Etui nach EN ISO 20471 Zertifiziert Warnweste Gelb Einheitsgr\u00f6\u00dfe XXL mit\u2026 - Markt-XXL","isPartOf":{"@id":"https:\/\/marktxxl.de\/markt\/#website"},"primaryImageOfPage":{"@id":"https:\/\/marktxxl.de\/markt\/produkt\/elasto-form-warnwesten-5er-set-im-etui-nach-en-iso-20471-zertifiziert-warnweste-gelb-einheitsgroesse-xxl-mit-reflektorstreifen\/#primaryimage"},"image":{"@id":"https:\/\/marktxxl.de\/markt\/produkt\/elasto-form-warnwesten-5er-set-im-etui-nach-en-iso-20471-zertifiziert-warnweste-gelb-einheitsgroesse-xxl-mit-reflektorstreifen\/#primaryimage"},"thumbnailUrl":"https:\/\/m.media-amazon.com\/images\/I\/41wHYHiw2hL._SL500_.jpg","datePublished":"2021-09-13T18:49:04+00:00","dateModified":"2023-04-09T23:35:16+00:00","description":"Markt-XXL elasto form Warnwesten 5er-Set im Etui nach EN ISO 20471 Zertifiziert Warnweste Gelb Einheitsgr\u00f6\u00dfe XXL mit\u2026","breadcrumb":{"@id":"https:\/\/marktxxl.de\/markt\/produkt\/elasto-form-warnwesten-5er-set-im-etui-nach-en-iso-20471-zertifiziert-warnweste-gelb-einheitsgroesse-xxl-mit-reflektorstreifen\/#breadcrumb"},"inLanguage":"de","potentialAction":[{"@type":"ReadAction","target":["https:\/\/marktxxl.de\/markt\/produkt\/elasto-form-warnwesten-5er-set-im-etui-nach-en-iso-20471-zertifiziert-warnweste-gelb-einheitsgroesse-xxl-mit-reflektorstreifen\/"]}]},{"@type":"ImageObject","inLanguage":"de","@id":"https:\/\/marktxxl.de\/markt\/produkt\/elasto-form-warnwesten-5er-set-im-etui-nach-en-iso-20471-zertifiziert-warnweste-gelb-einheitsgroesse-xxl-mit-reflektorstreifen\/#primaryimage","url":"https:\/\/m.media-amazon.com\/images\/I\/41wHYHiw2hL._SL500_.jpg","contentUrl":"https:\/\/m.media-amazon.com\/images\/I\/41wHYHiw2hL._SL500_.jpg","width":500,"height":500},{"@type":"BreadcrumbList","@id":"https:\/\/marktxxl.de\/markt\/produkt\/elasto-form-warnwesten-5er-set-im-etui-nach-en-iso-20471-zertifiziert-warnweste-gelb-einheitsgroesse-xxl-mit-reflektorstreifen\/#breadcrumb","itemListElement":[{"@type":"ListItem","position":1,"name":"Startseite","item":"https:\/\/marktxxl.de\/markt\/"},{"@type":"ListItem","position":2,"name":"Markt","item":"https:\/\/marktxxl.de\/markt\/"},{"@type":"ListItem","position":3,"name":"elasto form Warnwesten 5er-Set im Etui nach EN ISO 20471 Zertifiziert Warnweste Gelb Einheitsgr\u00f6\u00dfe XXL mit\u2026"}]},{"@type":"WebSite","@id":"https:\/\/marktxxl.de\/markt\/#website","url":"https:\/\/marktxxl.de\/markt\/","name":"Markt-XXL","description":"Ihr Markt Online","publisher":{"@id":"https:\/\/marktxxl.de\/markt\/#organization"},"potentialAction":[{"@type":"SearchAction","target":{"@type":"EntryPoint","urlTemplate":"https:\/\/marktxxl.de\/markt\/?s={search_term_string}"},"query-input":{"@type":"PropertyValueSpecification","valueRequired":true,"valueName":"search_term_string"}}],"inLanguage":"de"},{"@type":"Organization","@id":"https:\/\/marktxxl.de\/markt\/#organization","name":"Markt-XXL","url":"https:\/\/marktxxl.de\/markt\/","logo":{"@type":"ImageObject","inLanguage":"de","@id":"https:\/\/marktxxl.de\/markt\/#\/schema\/logo\/image\/","url":"https:\/\/marktxxl.de\/markt\/wp-content\/uploads\/sites\/3\/2020\/12\/logo.png","contentUrl":"https:\/\/marktxxl.de\/markt\/wp-content\/uploads\/sites\/3\/2020\/12\/logo.png","width":200,"height":70,"caption":"Markt-XXL"},"image":{"@id":"https:\/\/marktxxl.de\/markt\/#\/schema\/logo\/image\/"}}]}},"_links":{"self":[{"href":"https:\/\/marktxxl.de\/markt\/wp-json\/wp\/v2\/product\/35588","targetHints":{"allow":["GET"]}}],"collection":[{"href":"https:\/\/marktxxl.de\/markt\/wp-json\/wp\/v2\/product"}],"about":[{"href":"https:\/\/marktxxl.de\/markt\/wp-json\/wp\/v2\/types\/product"}],"replies":[{"embeddable":true,"href":"https:\/\/marktxxl.de\/markt\/wp-json\/wp\/v2\/comments?post=35588"}],"wp:featuredmedia":[{"embeddable":true,"href":"https:\/\/marktxxl.de\/markt\/wp-json\/wp\/v2\/media\/35589"}],"wp:attachment":[{"href":"https:\/\/marktxxl.de\/markt\/wp-json\/wp\/v2\/media?parent=35588"}],"wp:term":[{"taxonomy":"product_brand","embeddable":true,"href":"https:\/\/marktxxl.de\/markt\/wp-json\/wp\/v2\/product_brand?post=35588"},{"taxonomy":"product_cat","embeddable":true,"href":"https:\/\/marktxxl.de\/markt\/wp-json\/wp\/v2\/product_cat?post=35588"},{"taxonomy":"product_tag","embeddable":true,"href":"https:\/\/marktxxl.de\/markt\/wp-json\/wp\/v2\/product_tag?post=35588"}],"curies":[{"name":"wp","href":"https:\/\/api.w.org\/{rel}","templated":true}]}}